{"id":315,"date":"2012-10-04T15:37:26","date_gmt":"2012-10-04T13:37:26","guid":{"rendered":"http:\/\/wp.kristdemokraterna.se\/motala\/?page_id=315"},"modified":"2015-02-11T17:27:00","modified_gmt":"2015-02-11T16:27:00","slug":"motion-om-dricksvatten","status":"publish","type":"page","link":"https:\/\/wp.kristdemokraterna.se\/motala\/motioner\/motion-om-dricksvatten\/","title":{"rendered":"Motion om dricksvatten"},"content":{"rendered":"<p>2012-09-24<br \/>\nMot bakgrund av det svar jag f\u00e5tt p\u00e5 min interpellation om vattenkvaliteten p\u00e5 Motala kommuns dricksvatten, som menar att man f\u00e5r acceptera olika vattenkvaliteter i v\u00e5ra vattenverk, s\u00e5 vill vi Kristdemokrater att man arbetar vidare med vattenkvalitetss\u00e4kring.<\/p>\n<p><a href=\"https:\/\/www.kristdemokraterna.se\/Kontaktportal\/Kontaktportalsida\/?pId=91962\" target=\"_blank\">Jan Gyllenhammar <\/a><br \/>\nKristdemokraterna<\/p>\n<p>&gt;\u00a0<a href=\"http:\/\/wp.kristdemokraterna.se\/motala\/files\/2012\/09\/motionomdricksvatten_20120921.pdf\" target=\"_blank\">motionomdricksvatten_20120921<\/a> (pdf)<\/p>\n","protected":false},"excerpt":{"rendered":"<p>2012-09-24 Mot bakgrund av det svar jag f\u00e5tt p\u00e5 min interpellation om vattenkvaliteten p\u00e5 Motala kommuns dricksvatten, som menar att man f\u00e5r acceptera olika vattenkvaliteter i v\u00e5ra vattenverk, s\u00e5 vill vi Kristdemokrater att man arbetar vidare med vattenkvalitetss\u00e4kring. Jan Gyllenhammar Kristdemokraterna &gt;\u00a0motionomdricksvatten_20120921 (pdf)<\/p>\n","protected":false},"author":689,"featured_media":0,"parent":343,"menu_order":0,"comment_status":"closed","ping_status":"closed","template":"","meta":{"_acf_changed":false,"footnotes":""},"class_list":["post-315","page","type-page","status-publish","hentry"],"acf":[],"yoast_head":"<!-- This site is optimized with the Yoast SEO plugin v27.4 - https:\/\/yoast.com\/product\/yoast-seo-wordpress\/ -->\n<title>Motion om dricksvatten - Kristdemokraterna i Motala<\/title>\n<meta name=\"robots\" content=\"index, follow, max-snippet:-1, max-image-preview:large, max-video-preview:-1\" \/>\n<link rel=\"canonical\" href=\"https:\/\/wp.kristdemokraterna.se\/motala\/motioner\/motion-om-dricksvatten\/\" \/>\n<meta property=\"og:locale\" content=\"sv_SE\" \/>\n<meta property=\"og:type\" content=\"article\" \/>\n<meta property=\"og:title\" content=\"Motion om dricksvatten - Kristdemokraterna i Motala\" \/>\n<meta property=\"og:description\" content=\"2012-09-24 Mot bakgrund av det svar jag f\u00e5tt p\u00e5 min interpellation om vattenkvaliteten p\u00e5 Motala kommuns dricksvatten, som menar att man f\u00e5r acceptera olika vattenkvaliteter i v\u00e5ra vattenverk, s\u00e5 vill vi Kristdemokrater att man arbetar vidare med vattenkvalitetss\u00e4kring. Jan Gyllenhammar Kristdemokraterna &gt;\u00a0motionomdricksvatten_20120921 (pdf)\" \/>\n<meta property=\"og:url\" content=\"https:\/\/wp.kristdemokraterna.se\/motala\/motioner\/motion-om-dricksvatten\/\" \/>\n<meta property=\"og:site_name\" content=\"Kristdemokraterna i Motala\" \/>\n<meta property=\"article:modified_time\" content=\"2015-02-11T16:27:00+00:00\" \/>\n<meta name=\"twitter:card\" content=\"summary_large_image\" \/>\n<script type=\"application\/ld+json\" class=\"yoast-schema-graph\">{\"@context\":\"https:\\\/\\\/schema.org\",\"@graph\":[{\"@type\":\"WebPage\",\"@id\":\"https:\\\/\\\/wp.kristdemokraterna.se\\\/motala\\\/motioner\\\/motion-om-dricksvatten\\\/\",\"url\":\"https:\\\/\\\/wp.kristdemokraterna.se\\\/motala\\\/motioner\\\/motion-om-dricksvatten\\\/\",\"name\":\"Motion om dricksvatten - Kristdemokraterna i Motala\",\"isPartOf\":{\"@id\":\"https:\\\/\\\/wp.kristdemokraterna.se\\\/motala\\\/#website\"},\"datePublished\":\"2012-10-04T13:37:26+00:00\",\"dateModified\":\"2015-02-11T16:27:00+00:00\",\"breadcrumb\":{\"@id\":\"https:\\\/\\\/wp.kristdemokraterna.se\\\/motala\\\/motioner\\\/motion-om-dricksvatten\\\/#breadcrumb\"},\"inLanguage\":\"sv-SE\",\"potentialAction\":[{\"@type\":\"ReadAction\",\"target\":[\"https:\\\/\\\/wp.kristdemokraterna.se\\\/motala\\\/motioner\\\/motion-om-dricksvatten\\\/\"]}]},{\"@type\":\"BreadcrumbList\",\"@id\":\"https:\\\/\\\/wp.kristdemokraterna.se\\\/motala\\\/motioner\\\/motion-om-dricksvatten\\\/#breadcrumb\",\"itemListElement\":[{\"@type\":\"ListItem\",\"position\":1,\"name\":\"Hem\",\"item\":\"https:\\\/\\\/wp.kristdemokraterna.se\\\/motala\\\/\"},{\"@type\":\"ListItem\",\"position\":2,\"name\":\"Motioner\",\"item\":\"https:\\\/\\\/wp.kristdemokraterna.se\\\/motala\\\/motioner\\\/\"},{\"@type\":\"ListItem\",\"position\":3,\"name\":\"Motion om dricksvatten\"}]},{\"@type\":\"WebSite\",\"@id\":\"https:\\\/\\\/wp.kristdemokraterna.se\\\/motala\\\/#website\",\"url\":\"https:\\\/\\\/wp.kristdemokraterna.se\\\/motala\\\/\",\"name\":\"Kristdemokraterna i Motala\",\"description\":\"Kristdemokraterna\",\"inLanguage\":\"sv-SE\"}]}<\/script>\n<!-- \/ Yoast SEO plugin. -->","yoast_head_json":{"title":"Motion om dricksvatten - Kristdemokraterna i Motala","robots":{"index":"index","follow":"follow","max-snippet":"max-snippet:-1","max-image-preview":"max-image-preview:large","max-video-preview":"max-video-preview:-1"},"canonical":"https:\/\/wp.kristdemokraterna.se\/motala\/motioner\/motion-om-dricksvatten\/","og_locale":"sv_SE","og_type":"article","og_title":"Motion om dricksvatten - Kristdemokraterna i Motala","og_description":"2012-09-24 Mot bakgrund av det svar jag f\u00e5tt p\u00e5 min interpellation om vattenkvaliteten p\u00e5 Motala kommuns dricksvatten, som menar att man f\u00e5r acceptera olika vattenkvaliteter i v\u00e5ra vattenverk, s\u00e5 vill vi Kristdemokrater att man arbetar vidare med vattenkvalitetss\u00e4kring. Jan Gyllenhammar Kristdemokraterna &gt;\u00a0motionomdricksvatten_20120921 (pdf)","og_url":"https:\/\/wp.kristdemokraterna.se\/motala\/motioner\/motion-om-dricksvatten\/","og_site_name":"Kristdemokraterna i Motala","article_modified_time":"2015-02-11T16:27:00+00:00","twitter_card":"summary_large_image","schema":{"@context":"https:\/\/schema.org","@graph":[{"@type":"WebPage","@id":"https:\/\/wp.kristdemokraterna.se\/motala\/motioner\/motion-om-dricksvatten\/","url":"https:\/\/wp.kristdemokraterna.se\/motala\/motioner\/motion-om-dricksvatten\/","name":"Motion om dricksvatten - Kristdemokraterna i Motala","isPartOf":{"@id":"https:\/\/wp.kristdemokraterna.se\/motala\/#website"},"datePublished":"2012-10-04T13:37:26+00:00","dateModified":"2015-02-11T16:27:00+00:00","breadcrumb":{"@id":"https:\/\/wp.kristdemokraterna.se\/motala\/motioner\/motion-om-dricksvatten\/#breadcrumb"},"inLanguage":"sv-SE","potentialAction":[{"@type":"ReadAction","target":["https:\/\/wp.kristdemokraterna.se\/motala\/motioner\/motion-om-dricksvatten\/"]}]},{"@type":"BreadcrumbList","@id":"https:\/\/wp.kristdemokraterna.se\/motala\/motioner\/motion-om-dricksvatten\/#breadcrumb","itemListElement":[{"@type":"ListItem","position":1,"name":"Hem","item":"https:\/\/wp.kristdemokraterna.se\/motala\/"},{"@type":"ListItem","position":2,"name":"Motioner","item":"https:\/\/wp.kristdemokraterna.se\/motala\/motioner\/"},{"@type":"ListItem","position":3,"name":"Motion om dricksvatten"}]},{"@type":"WebSite","@id":"https:\/\/wp.kristdemokraterna.se\/motala\/#website","url":"https:\/\/wp.kristdemokraterna.se\/motala\/","name":"Kristdemokraterna i Motala","description":"Kristdemokraterna","inLanguage":"sv-SE"}]}},"_links":{"self":[{"href":"https:\/\/wp.kristdemokraterna.se\/motala\/wp-json\/wp\/v2\/pages\/315","targetHints":{"allow":["GET"]}}],"collection":[{"href":"https:\/\/wp.kristdemokraterna.se\/motala\/wp-json\/wp\/v2\/pages"}],"about":[{"href":"https:\/\/wp.kristdemokraterna.se\/motala\/wp-json\/wp\/v2\/types\/page"}],"author":[{"embeddable":true,"href":"https:\/\/wp.kristdemokraterna.se\/motala\/wp-json\/wp\/v2\/users\/689"}],"replies":[{"embeddable":true,"href":"https:\/\/wp.kristdemokraterna.se\/motala\/wp-json\/wp\/v2\/comments?post=315"}],"version-history":[{"count":8,"href":"https:\/\/wp.kristdemokraterna.se\/motala\/wp-json\/wp\/v2\/pages\/315\/revisions"}],"predecessor-version":[{"id":367,"href":"https:\/\/wp.kristdemokraterna.se\/motala\/wp-json\/wp\/v2\/pages\/315\/revisions\/367"}],"up":[{"embeddable":true,"href":"https:\/\/wp.kristdemokraterna.se\/motala\/wp-json\/wp\/v2\/pages\/343"}],"wp:attachment":[{"href":"https:\/\/wp.kristdemokraterna.se\/motala\/wp-json\/wp\/v2\/media?parent=315"}],"curies":[{"name":"wp","href":"https:\/\/api.w.org\/{rel}","templated":true}]}}