{"id":4094,"date":"2023-05-24T13:53:45","date_gmt":"2023-05-24T11:53:45","guid":{"rendered":"https:\/\/wp.kristdemokraterna.se\/motala\/?page_id=4094"},"modified":"2024-12-06T15:21:01","modified_gmt":"2024-12-06T14:21:01","slug":"linda-lagerqvist","status":"publish","type":"page","link":"https:\/\/wp.kristdemokraterna.se\/motala\/vart-parti\/fortroendevalda-2022-2026\/linda-lagerqvist\/","title":{"rendered":"Linda Lagerqvist"},"content":{"rendered":"<p><strong><a href=\"http:\/\/wp.kristdemokraterna.se\/motala\/files\/2023\/05\/bild1-e1684929348439.jpg\"><img loading=\"lazy\" decoding=\"async\" class=\"alignnone size-medium wp-image-4096\" src=\"http:\/\/wp.kristdemokraterna.se\/motala\/files\/2023\/05\/bild1-e1684929348439-243x300.jpg\" alt=\"\" width=\"243\" height=\"300\" srcset=\"https:\/\/wp.kristdemokraterna.se\/motala\/files\/2023\/05\/bild1-e1684929348439-243x300.jpg 243w, https:\/\/wp.kristdemokraterna.se\/motala\/files\/2023\/05\/bild1-e1684929348439-162x200.jpg 162w, https:\/\/wp.kristdemokraterna.se\/motala\/files\/2023\/05\/bild1-e1684929348439-280x346.jpg 280w, https:\/\/wp.kristdemokraterna.se\/motala\/files\/2023\/05\/bild1-e1684929348439-45x56.jpg 45w, https:\/\/wp.kristdemokraterna.se\/motala\/files\/2023\/05\/bild1-e1684929348439.jpg 285w\" sizes=\"auto, (max-width: 243px) 100vw, 243px\" \/><\/a><br \/>\nNamn:<\/strong> Linda Anna-Maria Lagerqvist.<br \/>\n<strong>F\u00f6dd:<\/strong> 1972.<br \/>\n<strong>Familj:<\/strong> Jag, mina 4 underbara barn.<br \/>\n<strong>Uppvuxen:<\/strong> F\u00f6dd i Link\u00f6ping. Bor i Motala.<\/p>\n<p><strong>Vad har du f\u00f6r bakgrund utanf\u00f6r politiken?<br \/>\n<\/strong>Jag \u00e4r utbildad undersk\u00f6terska och barnsk\u00f6tare. Jag har arbetat inom hemtj\u00e4nst\/f\u00f6rskola &amp; grundskola. P\u00e5 senare \u00e5r har jag jobbat som receptionist, frukostv\u00e4rdinna inom hotell. P\u00e5 fritiden spenderar jag min tid med mina barn och v\u00e5ra djur. Mina favoritdjur \u00e4r h\u00e4starna och hundarna. En skogspromenad p\u00e5 h\u00e4stryggen \u00e4r nog det bland det b\u00e4sta som finns.<\/p>\n<p><strong>Vilken fr\u00e5ga brinner du extra f\u00f6r?<br \/>\n<\/strong>Familjepolitiken och valfrihet. Att familjerna sj\u00e4lva ska f\u00e5 best\u00e4mma runt deras situation och hur de vill forma just sin framtid med bla barnomsorg och f\u00f6r\u00e4ldraledighet. Jag tycker det borde vara en sj\u00e4lvklarhet. Politiker ska inte g\u00e5 in och best\u00e4mma hur familjerna vill g\u00f6ra, det g\u00f6r de b\u00e4st sj\u00e4lva. Valfriheten tycker jag \u00e4r v\u00e4ldigt viktig.<\/p>\n<p><strong>Vad \u00e4r styrkan med kristdemokraternas grupp av f\u00f6rtroende valda?<br \/>\n<\/strong>Vi \u00e4r i olika \u00e5ldrar och har olika erfarenheter och styrkor som vi kan dela med oss av. Vi har stor respekt f\u00f6r varandra och framf\u00f6rallt s\u00e5 har vi s\u00e5 himla kul tillsammans.<\/p>\n<p><strong>Vilka politiska uppdrag har du?<\/strong><\/p>\n<p>Kommunstyrelsen-ers\u00e4ttare<\/p>\n<p>Kommunstyrelsen beredning f\u00f6r social h\u00e5llbarhet -Vice sammankallande<\/p>\n<p>Landsbygdsgruppen- Ledamot<\/p>\n<p>KD Motala politisk sekreterare.<\/p>\n<p>Kontaktinformation: linda.a.lagerqvist@motala.se<\/p>\n","protected":false},"excerpt":{"rendered":"<p>Namn: Linda Anna-Maria Lagerqvist. F\u00f6dd: 1972. Familj: Jag, mina 4 underbara barn. Uppvuxen: F\u00f6dd i Link\u00f6ping. Bor i Motala. Vad har du f\u00f6r bakgrund utanf\u00f6r politiken? Jag \u00e4r utbildad undersk\u00f6terska och barnsk\u00f6tare. Jag har arbetat inom hemtj\u00e4nst\/f\u00f6rskola &amp; grundskola. P\u00e5 senare \u00e5r har jag jobbat som receptionist, frukostv\u00e4rdinna inom hotell. P\u00e5 fritiden spenderar jag min <a class=\"read-more-link\" href=\"https:\/\/wp.kristdemokraterna.se\/motala\/vart-parti\/fortroendevalda-2022-2026\/linda-lagerqvist\/\">Read More<\/a><\/p>\n","protected":false},"author":1016,"featured_media":0,"parent":4086,"menu_order":6,"comment_status":"closed","ping_status":"closed","template":"","meta":{"_acf_changed":false,"footnotes":""},"class_list":["post-4094","page","type-page","status-publish","hentry"],"acf":[],"yoast_head":"<!-- This site is optimized with the Yoast SEO plugin v27.3 - https:\/\/yoast.com\/product\/yoast-seo-wordpress\/ -->\n<title>Linda Lagerqvist - Kristdemokraterna i Motala<\/title>\n<meta name=\"robots\" content=\"index, follow, max-snippet:-1, max-image-preview:large, max-video-preview:-1\" \/>\n<link rel=\"canonical\" href=\"https:\/\/wp.kristdemokraterna.se\/motala\/vart-parti\/fortroendevalda-2022-2026\/linda-lagerqvist\/\" \/>\n<meta property=\"og:locale\" content=\"sv_SE\" \/>\n<meta property=\"og:type\" content=\"article\" \/>\n<meta property=\"og:title\" content=\"Linda Lagerqvist - Kristdemokraterna i Motala\" \/>\n<meta property=\"og:description\" content=\"Namn: Linda Anna-Maria Lagerqvist. F\u00f6dd: 1972. Familj: Jag, mina 4 underbara barn. Uppvuxen: F\u00f6dd i Link\u00f6ping. Bor i Motala. Vad har du f\u00f6r bakgrund utanf\u00f6r politiken? Jag \u00e4r utbildad undersk\u00f6terska och barnsk\u00f6tare. Jag har arbetat inom hemtj\u00e4nst\/f\u00f6rskola &amp; grundskola. P\u00e5 senare \u00e5r har jag jobbat som receptionist, frukostv\u00e4rdinna inom hotell. P\u00e5 fritiden spenderar jag min Read More\" \/>\n<meta property=\"og:url\" content=\"https:\/\/wp.kristdemokraterna.se\/motala\/vart-parti\/fortroendevalda-2022-2026\/linda-lagerqvist\/\" \/>\n<meta property=\"og:site_name\" content=\"Kristdemokraterna i Motala\" \/>\n<meta property=\"article:modified_time\" content=\"2024-12-06T14:21:01+00:00\" \/>\n<meta property=\"og:image\" content=\"https:\/\/wp.kristdemokraterna.se\/motala\/files\/2023\/05\/bild1-e1684929348439.jpg\" \/>\n\t<meta property=\"og:image:width\" content=\"285\" \/>\n\t<meta property=\"og:image:height\" content=\"352\" \/>\n\t<meta property=\"og:image:type\" content=\"image\/jpeg\" \/>\n<meta name=\"twitter:card\" content=\"summary_large_image\" \/>\n<meta name=\"twitter:label1\" content=\"Ber\u00e4knad l\u00e4stid\" \/>\n\t<meta name=\"twitter:data1\" content=\"2 minuter\" \/>\n<script type=\"application\/ld+json\" class=\"yoast-schema-graph\">{\"@context\":\"https:\\\/\\\/schema.org\",\"@graph\":[{\"@type\":\"WebPage\",\"@id\":\"https:\\\/\\\/wp.kristdemokraterna.se\\\/motala\\\/vart-parti\\\/fortroendevalda-2022-2026\\\/linda-lagerqvist\\\/\",\"url\":\"https:\\\/\\\/wp.kristdemokraterna.se\\\/motala\\\/vart-parti\\\/fortroendevalda-2022-2026\\\/linda-lagerqvist\\\/\",\"name\":\"Linda Lagerqvist - Kristdemokraterna i Motala\",\"isPartOf\":{\"@id\":\"https:\\\/\\\/wp.kristdemokraterna.se\\\/motala\\\/#website\"},\"primaryImageOfPage\":{\"@id\":\"https:\\\/\\\/wp.kristdemokraterna.se\\\/motala\\\/vart-parti\\\/fortroendevalda-2022-2026\\\/linda-lagerqvist\\\/#primaryimage\"},\"image\":{\"@id\":\"https:\\\/\\\/wp.kristdemokraterna.se\\\/motala\\\/vart-parti\\\/fortroendevalda-2022-2026\\\/linda-lagerqvist\\\/#primaryimage\"},\"thumbnailUrl\":\"http:\\\/\\\/wp.kristdemokraterna.se\\\/motala\\\/files\\\/2023\\\/05\\\/bild1-e1684929348439-243x300.jpg\",\"datePublished\":\"2023-05-24T11:53:45+00:00\",\"dateModified\":\"2024-12-06T14:21:01+00:00\",\"breadcrumb\":{\"@id\":\"https:\\\/\\\/wp.kristdemokraterna.se\\\/motala\\\/vart-parti\\\/fortroendevalda-2022-2026\\\/linda-lagerqvist\\\/#breadcrumb\"},\"inLanguage\":\"sv-SE\",\"potentialAction\":[{\"@type\":\"ReadAction\",\"target\":[\"https:\\\/\\\/wp.kristdemokraterna.se\\\/motala\\\/vart-parti\\\/fortroendevalda-2022-2026\\\/linda-lagerqvist\\\/\"]}]},{\"@type\":\"ImageObject\",\"inLanguage\":\"sv-SE\",\"@id\":\"https:\\\/\\\/wp.kristdemokraterna.se\\\/motala\\\/vart-parti\\\/fortroendevalda-2022-2026\\\/linda-lagerqvist\\\/#primaryimage\",\"url\":\"http:\\\/\\\/wp.kristdemokraterna.se\\\/motala\\\/files\\\/2023\\\/05\\\/bild1-e1684929348439-243x300.jpg\",\"contentUrl\":\"http:\\\/\\\/wp.kristdemokraterna.se\\\/motala\\\/files\\\/2023\\\/05\\\/bild1-e1684929348439-243x300.jpg\"},{\"@type\":\"BreadcrumbList\",\"@id\":\"https:\\\/\\\/wp.kristdemokraterna.se\\\/motala\\\/vart-parti\\\/fortroendevalda-2022-2026\\\/linda-lagerqvist\\\/#breadcrumb\",\"itemListElement\":[{\"@type\":\"ListItem\",\"position\":1,\"name\":\"Hem\",\"item\":\"https:\\\/\\\/wp.kristdemokraterna.se\\\/motala\\\/\"},{\"@type\":\"ListItem\",\"position\":2,\"name\":\"V\u00e5rt parti\",\"item\":\"https:\\\/\\\/wp.kristdemokraterna.se\\\/motala\\\/vart-parti\\\/\"},{\"@type\":\"ListItem\",\"position\":3,\"name\":\"F\u00f6rtroendevalda 2022-2026\",\"item\":\"https:\\\/\\\/wp.kristdemokraterna.se\\\/motala\\\/vart-parti\\\/fortroendevalda-2022-2026\\\/\"},{\"@type\":\"ListItem\",\"position\":4,\"name\":\"Linda Lagerqvist\"}]},{\"@type\":\"WebSite\",\"@id\":\"https:\\\/\\\/wp.kristdemokraterna.se\\\/motala\\\/#website\",\"url\":\"https:\\\/\\\/wp.kristdemokraterna.se\\\/motala\\\/\",\"name\":\"Kristdemokraterna i Motala\",\"description\":\"Kristdemokraterna\",\"inLanguage\":\"sv-SE\"}]}<\/script>\n<!-- \/ Yoast SEO plugin. -->","yoast_head_json":{"title":"Linda Lagerqvist - Kristdemokraterna i Motala","robots":{"index":"index","follow":"follow","max-snippet":"max-snippet:-1","max-image-preview":"max-image-preview:large","max-video-preview":"max-video-preview:-1"},"canonical":"https:\/\/wp.kristdemokraterna.se\/motala\/vart-parti\/fortroendevalda-2022-2026\/linda-lagerqvist\/","og_locale":"sv_SE","og_type":"article","og_title":"Linda Lagerqvist - Kristdemokraterna i Motala","og_description":"Namn: Linda Anna-Maria Lagerqvist. F\u00f6dd: 1972. Familj: Jag, mina 4 underbara barn. Uppvuxen: F\u00f6dd i Link\u00f6ping. Bor i Motala. Vad har du f\u00f6r bakgrund utanf\u00f6r politiken? Jag \u00e4r utbildad undersk\u00f6terska och barnsk\u00f6tare. Jag har arbetat inom hemtj\u00e4nst\/f\u00f6rskola &amp; grundskola. P\u00e5 senare \u00e5r har jag jobbat som receptionist, frukostv\u00e4rdinna inom hotell. P\u00e5 fritiden spenderar jag min Read More","og_url":"https:\/\/wp.kristdemokraterna.se\/motala\/vart-parti\/fortroendevalda-2022-2026\/linda-lagerqvist\/","og_site_name":"Kristdemokraterna i Motala","article_modified_time":"2024-12-06T14:21:01+00:00","og_image":[{"width":285,"height":352,"url":"https:\/\/wp.kristdemokraterna.se\/motala\/files\/2023\/05\/bild1-e1684929348439.jpg","type":"image\/jpeg"}],"twitter_card":"summary_large_image","twitter_misc":{"Ber\u00e4knad l\u00e4stid":"2 minuter"},"schema":{"@context":"https:\/\/schema.org","@graph":[{"@type":"WebPage","@id":"https:\/\/wp.kristdemokraterna.se\/motala\/vart-parti\/fortroendevalda-2022-2026\/linda-lagerqvist\/","url":"https:\/\/wp.kristdemokraterna.se\/motala\/vart-parti\/fortroendevalda-2022-2026\/linda-lagerqvist\/","name":"Linda Lagerqvist - Kristdemokraterna i Motala","isPartOf":{"@id":"https:\/\/wp.kristdemokraterna.se\/motala\/#website"},"primaryImageOfPage":{"@id":"https:\/\/wp.kristdemokraterna.se\/motala\/vart-parti\/fortroendevalda-2022-2026\/linda-lagerqvist\/#primaryimage"},"image":{"@id":"https:\/\/wp.kristdemokraterna.se\/motala\/vart-parti\/fortroendevalda-2022-2026\/linda-lagerqvist\/#primaryimage"},"thumbnailUrl":"http:\/\/wp.kristdemokraterna.se\/motala\/files\/2023\/05\/bild1-e1684929348439-243x300.jpg","datePublished":"2023-05-24T11:53:45+00:00","dateModified":"2024-12-06T14:21:01+00:00","breadcrumb":{"@id":"https:\/\/wp.kristdemokraterna.se\/motala\/vart-parti\/fortroendevalda-2022-2026\/linda-lagerqvist\/#breadcrumb"},"inLanguage":"sv-SE","potentialAction":[{"@type":"ReadAction","target":["https:\/\/wp.kristdemokraterna.se\/motala\/vart-parti\/fortroendevalda-2022-2026\/linda-lagerqvist\/"]}]},{"@type":"ImageObject","inLanguage":"sv-SE","@id":"https:\/\/wp.kristdemokraterna.se\/motala\/vart-parti\/fortroendevalda-2022-2026\/linda-lagerqvist\/#primaryimage","url":"http:\/\/wp.kristdemokraterna.se\/motala\/files\/2023\/05\/bild1-e1684929348439-243x300.jpg","contentUrl":"http:\/\/wp.kristdemokraterna.se\/motala\/files\/2023\/05\/bild1-e1684929348439-243x300.jpg"},{"@type":"BreadcrumbList","@id":"https:\/\/wp.kristdemokraterna.se\/motala\/vart-parti\/fortroendevalda-2022-2026\/linda-lagerqvist\/#breadcrumb","itemListElement":[{"@type":"ListItem","position":1,"name":"Hem","item":"https:\/\/wp.kristdemokraterna.se\/motala\/"},{"@type":"ListItem","position":2,"name":"V\u00e5rt parti","item":"https:\/\/wp.kristdemokraterna.se\/motala\/vart-parti\/"},{"@type":"ListItem","position":3,"name":"F\u00f6rtroendevalda 2022-2026","item":"https:\/\/wp.kristdemokraterna.se\/motala\/vart-parti\/fortroendevalda-2022-2026\/"},{"@type":"ListItem","position":4,"name":"Linda Lagerqvist"}]},{"@type":"WebSite","@id":"https:\/\/wp.kristdemokraterna.se\/motala\/#website","url":"https:\/\/wp.kristdemokraterna.se\/motala\/","name":"Kristdemokraterna i Motala","description":"Kristdemokraterna","inLanguage":"sv-SE"}]}},"_links":{"self":[{"href":"https:\/\/wp.kristdemokraterna.se\/motala\/wp-json\/wp\/v2\/pages\/4094","targetHints":{"allow":["GET"]}}],"collection":[{"href":"https:\/\/wp.kristdemokraterna.se\/motala\/wp-json\/wp\/v2\/pages"}],"about":[{"href":"https:\/\/wp.kristdemokraterna.se\/motala\/wp-json\/wp\/v2\/types\/page"}],"author":[{"embeddable":true,"href":"https:\/\/wp.kristdemokraterna.se\/motala\/wp-json\/wp\/v2\/users\/1016"}],"replies":[{"embeddable":true,"href":"https:\/\/wp.kristdemokraterna.se\/motala\/wp-json\/wp\/v2\/comments?post=4094"}],"version-history":[{"count":7,"href":"https:\/\/wp.kristdemokraterna.se\/motala\/wp-json\/wp\/v2\/pages\/4094\/revisions"}],"predecessor-version":[{"id":4282,"href":"https:\/\/wp.kristdemokraterna.se\/motala\/wp-json\/wp\/v2\/pages\/4094\/revisions\/4282"}],"up":[{"embeddable":true,"href":"https:\/\/wp.kristdemokraterna.se\/motala\/wp-json\/wp\/v2\/pages\/4086"}],"wp:attachment":[{"href":"https:\/\/wp.kristdemokraterna.se\/motala\/wp-json\/wp\/v2\/media?parent=4094"}],"curies":[{"name":"wp","href":"https:\/\/api.w.org\/{rel}","templated":true}]}}