{"id":4107,"date":"2023-05-24T14:04:07","date_gmt":"2023-05-24T12:04:07","guid":{"rendered":"https:\/\/wp.kristdemokraterna.se\/motala\/?page_id=4107"},"modified":"2024-12-06T15:22:57","modified_gmt":"2024-12-06T14:22:57","slug":"didrik","status":"publish","type":"page","link":"https:\/\/wp.kristdemokraterna.se\/motala\/vart-parti\/fortroendevalda-2022-2026\/didrik\/","title":{"rendered":"Didrik Dyhl\u00e9n D\u00f6tlmaier"},"content":{"rendered":"<p><strong><a href=\"http:\/\/wp.kristdemokraterna.se\/motala\/files\/2023\/05\/didrik.jpg\"><img loading=\"lazy\" decoding=\"async\" class=\"alignnone size-full wp-image-4108\" src=\"http:\/\/wp.kristdemokraterna.se\/motala\/files\/2023\/05\/didrik.jpg\" alt=\"\" width=\"227\" height=\"235\" srcset=\"https:\/\/wp.kristdemokraterna.se\/motala\/files\/2023\/05\/didrik.jpg 227w, https:\/\/wp.kristdemokraterna.se\/motala\/files\/2023\/05\/didrik-193x200.jpg 193w, https:\/\/wp.kristdemokraterna.se\/motala\/files\/2023\/05\/didrik-54x56.jpg 54w\" sizes=\"auto, (max-width: 227px) 100vw, 227px\" \/><\/a><br \/>\nNamn:<\/strong> Didrik Dyhl\u00e9n D\u00f6tlmaier<br \/>\n<strong>F\u00f6dd:<\/strong> 2000 Uppvuxen: Motala<\/p>\n<p><strong>Vad har du f\u00f6r bakgrund utanf\u00f6r politiken?<\/strong><br \/>\nJag har l\u00e4nge varit politiskt intresserad, och gick med i Kristdemokraternas Ungdomsf\u00f6rbund 2019. Jag \u00e4r ocks\u00e5 engagerad i KDU \u00d6sterg\u00f6tland. Jag har \u00e4nda sedan barndomen alltid tyckt om djur och naturen.<\/p>\n<p><strong>Vilken fr\u00e5ga brinner du extra f\u00f6r?<\/strong><br \/>\nJag brinner extra mycket f\u00f6r trygghetsfr\u00e5gor och ungdomsfr\u00e5gor. D\u00e5 jag tycker att det \u00e4r viktigt att m\u00e4nniskor ska kunna k\u00e4nna sig trygga p\u00e5 gator och torg i v\u00e5rt samh\u00e4lle.<\/p>\n<p><strong>Vad \u00e4r styrkan med Kristdemokraternas grupp av f\u00f6rtroendevalda?<\/strong><br \/>\nVi \u00e4r ett g\u00e4ng med olika erfarenheter och kan alltid diskutera olika fr\u00e5gor med varandra d\u00e4r vi kommer fram till bra f\u00f6rslag och l\u00f6sningar tillsammans, men vi har ocks\u00e5 roligt tillsammans n\u00e4r vi bland annat \u00e4r ute och kampanjar.<\/p>\n<p><strong>Vilka politiska uppdrag har du?<\/strong><\/p>\n<p>Ledamot i Samh\u00e4llsbyggnadsn\u00e4mnden.<\/p>\n<p>Ers\u00e4ttare i Valn\u00e4mnden.<\/p>\n<p>Styrelseledamot i KD Motala styrelse.<\/p>\n<p>Ledamot i Kristdemokraternas Ungdomsf\u00f6rbund i \u00d6sterg\u00f6tland.<\/p>\n<p>Kontaktuppgift, mejl. <a href=\"mailto:didrik.dyhlen.dotlmaier@motala.se\">didrik.dyhlen.dotlmaier@motala.se<\/a><\/p>\n","protected":false},"excerpt":{"rendered":"<p>Namn: Didrik Dyhl\u00e9n D\u00f6tlmaier F\u00f6dd: 2000 Uppvuxen: Motala Vad har du f\u00f6r bakgrund utanf\u00f6r politiken? Jag har l\u00e4nge varit politiskt intresserad, och gick med i Kristdemokraternas Ungdomsf\u00f6rbund 2019. Jag \u00e4r ocks\u00e5 engagerad i KDU \u00d6sterg\u00f6tland. Jag har \u00e4nda sedan barndomen alltid tyckt om djur och naturen. Vilken fr\u00e5ga brinner du extra f\u00f6r? Jag brinner extra <a class=\"read-more-link\" href=\"https:\/\/wp.kristdemokraterna.se\/motala\/vart-parti\/fortroendevalda-2022-2026\/didrik\/\">Read More<\/a><\/p>\n","protected":false},"author":1016,"featured_media":0,"parent":4086,"menu_order":7,"comment_status":"closed","ping_status":"closed","template":"","meta":{"_acf_changed":false,"footnotes":""},"class_list":["post-4107","page","type-page","status-publish","hentry"],"acf":[],"yoast_head":"<!-- This site is optimized with the Yoast SEO plugin v27.4 - https:\/\/yoast.com\/product\/yoast-seo-wordpress\/ -->\n<title>Didrik Dyhl\u00e9n D\u00f6tlmaier - Kristdemokraterna i Motala<\/title>\n<meta name=\"robots\" content=\"index, follow, max-snippet:-1, max-image-preview:large, max-video-preview:-1\" \/>\n<link rel=\"canonical\" href=\"https:\/\/wp.kristdemokraterna.se\/motala\/vart-parti\/fortroendevalda-2022-2026\/didrik\/\" \/>\n<meta property=\"og:locale\" content=\"sv_SE\" \/>\n<meta property=\"og:type\" content=\"article\" \/>\n<meta property=\"og:title\" content=\"Didrik Dyhl\u00e9n D\u00f6tlmaier - Kristdemokraterna i Motala\" \/>\n<meta property=\"og:description\" content=\"Namn: Didrik Dyhl\u00e9n D\u00f6tlmaier F\u00f6dd: 2000 Uppvuxen: Motala Vad har du f\u00f6r bakgrund utanf\u00f6r politiken? Jag har l\u00e4nge varit politiskt intresserad, och gick med i Kristdemokraternas Ungdomsf\u00f6rbund 2019. Jag \u00e4r ocks\u00e5 engagerad i KDU \u00d6sterg\u00f6tland. Jag har \u00e4nda sedan barndomen alltid tyckt om djur och naturen. Vilken fr\u00e5ga brinner du extra f\u00f6r? Jag brinner extra Read More\" \/>\n<meta property=\"og:url\" content=\"https:\/\/wp.kristdemokraterna.se\/motala\/vart-parti\/fortroendevalda-2022-2026\/didrik\/\" \/>\n<meta property=\"og:site_name\" content=\"Kristdemokraterna i Motala\" \/>\n<meta property=\"article:modified_time\" content=\"2024-12-06T14:22:57+00:00\" \/>\n<meta property=\"og:image\" content=\"https:\/\/wp.kristdemokraterna.se\/motala\/files\/2023\/05\/didrik.jpg\" \/>\n\t<meta property=\"og:image:width\" content=\"227\" \/>\n\t<meta property=\"og:image:height\" content=\"235\" \/>\n\t<meta property=\"og:image:type\" content=\"image\/jpeg\" \/>\n<meta name=\"twitter:card\" content=\"summary_large_image\" \/>\n<meta name=\"twitter:label1\" content=\"Ber\u00e4knad l\u00e4stid\" \/>\n\t<meta name=\"twitter:data1\" content=\"1 minut\" \/>\n<script type=\"application\/ld+json\" class=\"yoast-schema-graph\">{\"@context\":\"https:\\\/\\\/schema.org\",\"@graph\":[{\"@type\":\"WebPage\",\"@id\":\"https:\\\/\\\/wp.kristdemokraterna.se\\\/motala\\\/vart-parti\\\/fortroendevalda-2022-2026\\\/didrik\\\/\",\"url\":\"https:\\\/\\\/wp.kristdemokraterna.se\\\/motala\\\/vart-parti\\\/fortroendevalda-2022-2026\\\/didrik\\\/\",\"name\":\"Didrik Dyhl\u00e9n D\u00f6tlmaier - Kristdemokraterna i Motala\",\"isPartOf\":{\"@id\":\"https:\\\/\\\/wp.kristdemokraterna.se\\\/motala\\\/#website\"},\"primaryImageOfPage\":{\"@id\":\"https:\\\/\\\/wp.kristdemokraterna.se\\\/motala\\\/vart-parti\\\/fortroendevalda-2022-2026\\\/didrik\\\/#primaryimage\"},\"image\":{\"@id\":\"https:\\\/\\\/wp.kristdemokraterna.se\\\/motala\\\/vart-parti\\\/fortroendevalda-2022-2026\\\/didrik\\\/#primaryimage\"},\"thumbnailUrl\":\"http:\\\/\\\/wp.kristdemokraterna.se\\\/motala\\\/files\\\/2023\\\/05\\\/didrik.jpg\",\"datePublished\":\"2023-05-24T12:04:07+00:00\",\"dateModified\":\"2024-12-06T14:22:57+00:00\",\"breadcrumb\":{\"@id\":\"https:\\\/\\\/wp.kristdemokraterna.se\\\/motala\\\/vart-parti\\\/fortroendevalda-2022-2026\\\/didrik\\\/#breadcrumb\"},\"inLanguage\":\"sv-SE\",\"potentialAction\":[{\"@type\":\"ReadAction\",\"target\":[\"https:\\\/\\\/wp.kristdemokraterna.se\\\/motala\\\/vart-parti\\\/fortroendevalda-2022-2026\\\/didrik\\\/\"]}]},{\"@type\":\"ImageObject\",\"inLanguage\":\"sv-SE\",\"@id\":\"https:\\\/\\\/wp.kristdemokraterna.se\\\/motala\\\/vart-parti\\\/fortroendevalda-2022-2026\\\/didrik\\\/#primaryimage\",\"url\":\"http:\\\/\\\/wp.kristdemokraterna.se\\\/motala\\\/files\\\/2023\\\/05\\\/didrik.jpg\",\"contentUrl\":\"http:\\\/\\\/wp.kristdemokraterna.se\\\/motala\\\/files\\\/2023\\\/05\\\/didrik.jpg\"},{\"@type\":\"BreadcrumbList\",\"@id\":\"https:\\\/\\\/wp.kristdemokraterna.se\\\/motala\\\/vart-parti\\\/fortroendevalda-2022-2026\\\/didrik\\\/#breadcrumb\",\"itemListElement\":[{\"@type\":\"ListItem\",\"position\":1,\"name\":\"Hem\",\"item\":\"https:\\\/\\\/wp.kristdemokraterna.se\\\/motala\\\/\"},{\"@type\":\"ListItem\",\"position\":2,\"name\":\"V\u00e5rt parti\",\"item\":\"https:\\\/\\\/wp.kristdemokraterna.se\\\/motala\\\/vart-parti\\\/\"},{\"@type\":\"ListItem\",\"position\":3,\"name\":\"F\u00f6rtroendevalda 2022-2026\",\"item\":\"https:\\\/\\\/wp.kristdemokraterna.se\\\/motala\\\/vart-parti\\\/fortroendevalda-2022-2026\\\/\"},{\"@type\":\"ListItem\",\"position\":4,\"name\":\"Didrik Dyhl\u00e9n D\u00f6tlmaier\"}]},{\"@type\":\"WebSite\",\"@id\":\"https:\\\/\\\/wp.kristdemokraterna.se\\\/motala\\\/#website\",\"url\":\"https:\\\/\\\/wp.kristdemokraterna.se\\\/motala\\\/\",\"name\":\"Kristdemokraterna i Motala\",\"description\":\"Kristdemokraterna\",\"inLanguage\":\"sv-SE\"}]}<\/script>\n<!-- \/ Yoast SEO plugin. -->","yoast_head_json":{"title":"Didrik Dyhl\u00e9n D\u00f6tlmaier - Kristdemokraterna i Motala","robots":{"index":"index","follow":"follow","max-snippet":"max-snippet:-1","max-image-preview":"max-image-preview:large","max-video-preview":"max-video-preview:-1"},"canonical":"https:\/\/wp.kristdemokraterna.se\/motala\/vart-parti\/fortroendevalda-2022-2026\/didrik\/","og_locale":"sv_SE","og_type":"article","og_title":"Didrik Dyhl\u00e9n D\u00f6tlmaier - Kristdemokraterna i Motala","og_description":"Namn: Didrik Dyhl\u00e9n D\u00f6tlmaier F\u00f6dd: 2000 Uppvuxen: Motala Vad har du f\u00f6r bakgrund utanf\u00f6r politiken? Jag har l\u00e4nge varit politiskt intresserad, och gick med i Kristdemokraternas Ungdomsf\u00f6rbund 2019. Jag \u00e4r ocks\u00e5 engagerad i KDU \u00d6sterg\u00f6tland. Jag har \u00e4nda sedan barndomen alltid tyckt om djur och naturen. Vilken fr\u00e5ga brinner du extra f\u00f6r? Jag brinner extra Read More","og_url":"https:\/\/wp.kristdemokraterna.se\/motala\/vart-parti\/fortroendevalda-2022-2026\/didrik\/","og_site_name":"Kristdemokraterna i Motala","article_modified_time":"2024-12-06T14:22:57+00:00","og_image":[{"width":227,"height":235,"url":"https:\/\/wp.kristdemokraterna.se\/motala\/files\/2023\/05\/didrik.jpg","type":"image\/jpeg"}],"twitter_card":"summary_large_image","twitter_misc":{"Ber\u00e4knad l\u00e4stid":"1 minut"},"schema":{"@context":"https:\/\/schema.org","@graph":[{"@type":"WebPage","@id":"https:\/\/wp.kristdemokraterna.se\/motala\/vart-parti\/fortroendevalda-2022-2026\/didrik\/","url":"https:\/\/wp.kristdemokraterna.se\/motala\/vart-parti\/fortroendevalda-2022-2026\/didrik\/","name":"Didrik Dyhl\u00e9n D\u00f6tlmaier - Kristdemokraterna i Motala","isPartOf":{"@id":"https:\/\/wp.kristdemokraterna.se\/motala\/#website"},"primaryImageOfPage":{"@id":"https:\/\/wp.kristdemokraterna.se\/motala\/vart-parti\/fortroendevalda-2022-2026\/didrik\/#primaryimage"},"image":{"@id":"https:\/\/wp.kristdemokraterna.se\/motala\/vart-parti\/fortroendevalda-2022-2026\/didrik\/#primaryimage"},"thumbnailUrl":"http:\/\/wp.kristdemokraterna.se\/motala\/files\/2023\/05\/didrik.jpg","datePublished":"2023-05-24T12:04:07+00:00","dateModified":"2024-12-06T14:22:57+00:00","breadcrumb":{"@id":"https:\/\/wp.kristdemokraterna.se\/motala\/vart-parti\/fortroendevalda-2022-2026\/didrik\/#breadcrumb"},"inLanguage":"sv-SE","potentialAction":[{"@type":"ReadAction","target":["https:\/\/wp.kristdemokraterna.se\/motala\/vart-parti\/fortroendevalda-2022-2026\/didrik\/"]}]},{"@type":"ImageObject","inLanguage":"sv-SE","@id":"https:\/\/wp.kristdemokraterna.se\/motala\/vart-parti\/fortroendevalda-2022-2026\/didrik\/#primaryimage","url":"http:\/\/wp.kristdemokraterna.se\/motala\/files\/2023\/05\/didrik.jpg","contentUrl":"http:\/\/wp.kristdemokraterna.se\/motala\/files\/2023\/05\/didrik.jpg"},{"@type":"BreadcrumbList","@id":"https:\/\/wp.kristdemokraterna.se\/motala\/vart-parti\/fortroendevalda-2022-2026\/didrik\/#breadcrumb","itemListElement":[{"@type":"ListItem","position":1,"name":"Hem","item":"https:\/\/wp.kristdemokraterna.se\/motala\/"},{"@type":"ListItem","position":2,"name":"V\u00e5rt parti","item":"https:\/\/wp.kristdemokraterna.se\/motala\/vart-parti\/"},{"@type":"ListItem","position":3,"name":"F\u00f6rtroendevalda 2022-2026","item":"https:\/\/wp.kristdemokraterna.se\/motala\/vart-parti\/fortroendevalda-2022-2026\/"},{"@type":"ListItem","position":4,"name":"Didrik Dyhl\u00e9n D\u00f6tlmaier"}]},{"@type":"WebSite","@id":"https:\/\/wp.kristdemokraterna.se\/motala\/#website","url":"https:\/\/wp.kristdemokraterna.se\/motala\/","name":"Kristdemokraterna i Motala","description":"Kristdemokraterna","inLanguage":"sv-SE"}]}},"_links":{"self":[{"href":"https:\/\/wp.kristdemokraterna.se\/motala\/wp-json\/wp\/v2\/pages\/4107","targetHints":{"allow":["GET"]}}],"collection":[{"href":"https:\/\/wp.kristdemokraterna.se\/motala\/wp-json\/wp\/v2\/pages"}],"about":[{"href":"https:\/\/wp.kristdemokraterna.se\/motala\/wp-json\/wp\/v2\/types\/page"}],"author":[{"embeddable":true,"href":"https:\/\/wp.kristdemokraterna.se\/motala\/wp-json\/wp\/v2\/users\/1016"}],"replies":[{"embeddable":true,"href":"https:\/\/wp.kristdemokraterna.se\/motala\/wp-json\/wp\/v2\/comments?post=4107"}],"version-history":[{"count":6,"href":"https:\/\/wp.kristdemokraterna.se\/motala\/wp-json\/wp\/v2\/pages\/4107\/revisions"}],"predecessor-version":[{"id":4283,"href":"https:\/\/wp.kristdemokraterna.se\/motala\/wp-json\/wp\/v2\/pages\/4107\/revisions\/4283"}],"up":[{"embeddable":true,"href":"https:\/\/wp.kristdemokraterna.se\/motala\/wp-json\/wp\/v2\/pages\/4086"}],"wp:attachment":[{"href":"https:\/\/wp.kristdemokraterna.se\/motala\/wp-json\/wp\/v2\/media?parent=4107"}],"curies":[{"name":"wp","href":"https:\/\/api.w.org\/{rel}","templated":true}]}}