{"id":4113,"date":"2023-05-24T14:19:54","date_gmt":"2023-05-24T12:19:54","guid":{"rendered":"https:\/\/wp.kristdemokraterna.se\/motala\/?page_id=4113"},"modified":"2024-12-06T15:17:26","modified_gmt":"2024-12-06T14:17:26","slug":"karin-olsson","status":"publish","type":"page","link":"https:\/\/wp.kristdemokraterna.se\/motala\/vart-parti\/fortroendevalda-2022-2026\/karin-olsson\/","title":{"rendered":"Karin Olsson"},"content":{"rendered":"<p><strong><a href=\"http:\/\/wp.kristdemokraterna.se\/motala\/files\/2023\/05\/karin2.png\"><img loading=\"lazy\" decoding=\"async\" class=\"alignnone size-medium wp-image-4120\" src=\"http:\/\/wp.kristdemokraterna.se\/motala\/files\/2023\/05\/karin2-219x300.png\" alt=\"\" width=\"219\" height=\"300\" srcset=\"https:\/\/wp.kristdemokraterna.se\/motala\/files\/2023\/05\/karin2-219x300.png 219w, https:\/\/wp.kristdemokraterna.se\/motala\/files\/2023\/05\/karin2-146x200.png 146w, https:\/\/wp.kristdemokraterna.se\/motala\/files\/2023\/05\/karin2-370x507.png 370w, https:\/\/wp.kristdemokraterna.se\/motala\/files\/2023\/05\/karin2-280x383.png 280w, https:\/\/wp.kristdemokraterna.se\/motala\/files\/2023\/05\/karin2-340x466.png 340w, https:\/\/wp.kristdemokraterna.se\/motala\/files\/2023\/05\/karin2-41x56.png 41w, https:\/\/wp.kristdemokraterna.se\/motala\/files\/2023\/05\/karin2.png 387w\" sizes=\"auto, (max-width: 219px) 100vw, 219px\" \/><\/a><\/strong><\/p>\n<p><strong>Namn:<\/strong> Karin Olsson<br \/>\n<strong>F\u00f6dd:<\/strong> 1976.<br \/>\n<strong>Uppvuxen:<\/strong> Motala.<\/p>\n<p><strong>Vad har du f\u00f6r bakgrund utanf\u00f6r politiken?<\/strong><br \/>\nJag \u00e4r f\u00f6dd och uppv\u00e4xt p\u00e5 en g\u00e5rd utanf\u00f6r Motala d\u00e4r jag i dag driver ett lantbruk tillsammans med min man och v\u00e5ra 3 barn vi har djur, skog och v\u00e4xtodling. Innan jag tog \u00f6ver g\u00e5rden s\u00e5 har jag jobbat som servitris p\u00e5 restaurang och med catering, p\u00e5 fik, som fastighetssk\u00f6tare och som st\u00e4derska. P\u00e5 fritiden \u00e4r jag ute i skogen med v\u00e5r hund och p\u00e5 olika idrottsaktiviteter med v\u00e5ra barn.<\/p>\n<p><strong>Vilken fr\u00e5ga brinner du extra f\u00f6r?<\/strong><br \/>\nBarnens r\u00e4tt till en utbildning med r\u00e4tt hj\u00e4lp och st\u00f6d. Vi \u00e4r alla olika gl\u00f6m inte det!<\/p>\n<p><strong>Vad \u00e4r styrkan med Kristdemokraternas grupp av f\u00f6rtroendevalda?<\/strong><br \/>\nAtt vi alla accepterar att vi \u00e4r olika.<\/p>\n<p><strong>Vilka politiska uppdrag har du?<\/strong><br \/>\n\u00d6verf\u00f6rmyndarn\u00e4mnden \u2013 Ordf\u00f6rande.<br \/>\nKommunstyrelsen \u2013 Ledamot.<\/p>\n<p>Kommunstyrelsens beredning f\u00f6r strategisk samh\u00e4llsplanering-Ledamot<\/p>\n<p>Partiavdelningens styrelse \u2013 ers\u00e4ttare.<\/p>\n<p>Kontaktuppgift, mejl. <a href=\"mailto:karin.olsson@motala.se\">karin.olsson@motala.se<\/a><\/p>\n","protected":false},"excerpt":{"rendered":"<p>Namn: Karin Olsson F\u00f6dd: 1976. Uppvuxen: Motala. Vad har du f\u00f6r bakgrund utanf\u00f6r politiken? Jag \u00e4r f\u00f6dd och uppv\u00e4xt p\u00e5 en g\u00e5rd utanf\u00f6r Motala d\u00e4r jag i dag driver ett lantbruk tillsammans med min man och v\u00e5ra 3 barn vi har djur, skog och v\u00e4xtodling. Innan jag tog \u00f6ver g\u00e5rden s\u00e5 har jag jobbat som <a class=\"read-more-link\" href=\"https:\/\/wp.kristdemokraterna.se\/motala\/vart-parti\/fortroendevalda-2022-2026\/karin-olsson\/\">Read More<\/a><\/p>\n","protected":false},"author":1016,"featured_media":0,"parent":4086,"menu_order":5,"comment_status":"closed","ping_status":"closed","template":"","meta":{"_acf_changed":false,"footnotes":""},"class_list":["post-4113","page","type-page","status-publish","hentry"],"acf":[],"yoast_head":"<!-- This site is optimized with the Yoast SEO plugin v27.3 - https:\/\/yoast.com\/product\/yoast-seo-wordpress\/ -->\n<title>Karin Olsson - Kristdemokraterna i Motala<\/title>\n<meta name=\"robots\" content=\"index, follow, max-snippet:-1, max-image-preview:large, max-video-preview:-1\" \/>\n<link rel=\"canonical\" href=\"https:\/\/wp.kristdemokraterna.se\/motala\/vart-parti\/fortroendevalda-2022-2026\/karin-olsson\/\" \/>\n<meta property=\"og:locale\" content=\"sv_SE\" \/>\n<meta property=\"og:type\" content=\"article\" \/>\n<meta property=\"og:title\" content=\"Karin Olsson - Kristdemokraterna i Motala\" \/>\n<meta property=\"og:description\" content=\"Namn: Karin Olsson F\u00f6dd: 1976. Uppvuxen: Motala. Vad har du f\u00f6r bakgrund utanf\u00f6r politiken? Jag \u00e4r f\u00f6dd och uppv\u00e4xt p\u00e5 en g\u00e5rd utanf\u00f6r Motala d\u00e4r jag i dag driver ett lantbruk tillsammans med min man och v\u00e5ra 3 barn vi har djur, skog och v\u00e4xtodling. Innan jag tog \u00f6ver g\u00e5rden s\u00e5 har jag jobbat som Read More\" \/>\n<meta property=\"og:url\" content=\"https:\/\/wp.kristdemokraterna.se\/motala\/vart-parti\/fortroendevalda-2022-2026\/karin-olsson\/\" \/>\n<meta property=\"og:site_name\" content=\"Kristdemokraterna i Motala\" \/>\n<meta property=\"article:modified_time\" content=\"2024-12-06T14:17:26+00:00\" \/>\n<meta property=\"og:image\" content=\"https:\/\/wp.kristdemokraterna.se\/motala\/files\/2023\/05\/karin2.png\" \/>\n\t<meta property=\"og:image:width\" content=\"387\" \/>\n\t<meta property=\"og:image:height\" content=\"530\" \/>\n\t<meta property=\"og:image:type\" content=\"image\/png\" \/>\n<meta name=\"twitter:card\" content=\"summary_large_image\" \/>\n<meta name=\"twitter:label1\" content=\"Ber\u00e4knad l\u00e4stid\" \/>\n\t<meta name=\"twitter:data1\" content=\"1 minut\" \/>\n<script type=\"application\/ld+json\" class=\"yoast-schema-graph\">{\"@context\":\"https:\\\/\\\/schema.org\",\"@graph\":[{\"@type\":\"WebPage\",\"@id\":\"https:\\\/\\\/wp.kristdemokraterna.se\\\/motala\\\/vart-parti\\\/fortroendevalda-2022-2026\\\/karin-olsson\\\/\",\"url\":\"https:\\\/\\\/wp.kristdemokraterna.se\\\/motala\\\/vart-parti\\\/fortroendevalda-2022-2026\\\/karin-olsson\\\/\",\"name\":\"Karin Olsson - Kristdemokraterna i Motala\",\"isPartOf\":{\"@id\":\"https:\\\/\\\/wp.kristdemokraterna.se\\\/motala\\\/#website\"},\"primaryImageOfPage\":{\"@id\":\"https:\\\/\\\/wp.kristdemokraterna.se\\\/motala\\\/vart-parti\\\/fortroendevalda-2022-2026\\\/karin-olsson\\\/#primaryimage\"},\"image\":{\"@id\":\"https:\\\/\\\/wp.kristdemokraterna.se\\\/motala\\\/vart-parti\\\/fortroendevalda-2022-2026\\\/karin-olsson\\\/#primaryimage\"},\"thumbnailUrl\":\"http:\\\/\\\/wp.kristdemokraterna.se\\\/motala\\\/files\\\/2023\\\/05\\\/karin2-219x300.png\",\"datePublished\":\"2023-05-24T12:19:54+00:00\",\"dateModified\":\"2024-12-06T14:17:26+00:00\",\"breadcrumb\":{\"@id\":\"https:\\\/\\\/wp.kristdemokraterna.se\\\/motala\\\/vart-parti\\\/fortroendevalda-2022-2026\\\/karin-olsson\\\/#breadcrumb\"},\"inLanguage\":\"sv-SE\",\"potentialAction\":[{\"@type\":\"ReadAction\",\"target\":[\"https:\\\/\\\/wp.kristdemokraterna.se\\\/motala\\\/vart-parti\\\/fortroendevalda-2022-2026\\\/karin-olsson\\\/\"]}]},{\"@type\":\"ImageObject\",\"inLanguage\":\"sv-SE\",\"@id\":\"https:\\\/\\\/wp.kristdemokraterna.se\\\/motala\\\/vart-parti\\\/fortroendevalda-2022-2026\\\/karin-olsson\\\/#primaryimage\",\"url\":\"http:\\\/\\\/wp.kristdemokraterna.se\\\/motala\\\/files\\\/2023\\\/05\\\/karin2-219x300.png\",\"contentUrl\":\"http:\\\/\\\/wp.kristdemokraterna.se\\\/motala\\\/files\\\/2023\\\/05\\\/karin2-219x300.png\"},{\"@type\":\"BreadcrumbList\",\"@id\":\"https:\\\/\\\/wp.kristdemokraterna.se\\\/motala\\\/vart-parti\\\/fortroendevalda-2022-2026\\\/karin-olsson\\\/#breadcrumb\",\"itemListElement\":[{\"@type\":\"ListItem\",\"position\":1,\"name\":\"Hem\",\"item\":\"https:\\\/\\\/wp.kristdemokraterna.se\\\/motala\\\/\"},{\"@type\":\"ListItem\",\"position\":2,\"name\":\"V\u00e5rt parti\",\"item\":\"https:\\\/\\\/wp.kristdemokraterna.se\\\/motala\\\/vart-parti\\\/\"},{\"@type\":\"ListItem\",\"position\":3,\"name\":\"F\u00f6rtroendevalda 2022-2026\",\"item\":\"https:\\\/\\\/wp.kristdemokraterna.se\\\/motala\\\/vart-parti\\\/fortroendevalda-2022-2026\\\/\"},{\"@type\":\"ListItem\",\"position\":4,\"name\":\"Karin Olsson\"}]},{\"@type\":\"WebSite\",\"@id\":\"https:\\\/\\\/wp.kristdemokraterna.se\\\/motala\\\/#website\",\"url\":\"https:\\\/\\\/wp.kristdemokraterna.se\\\/motala\\\/\",\"name\":\"Kristdemokraterna i Motala\",\"description\":\"Kristdemokraterna\",\"inLanguage\":\"sv-SE\"}]}<\/script>\n<!-- \/ Yoast SEO plugin. -->","yoast_head_json":{"title":"Karin Olsson - Kristdemokraterna i Motala","robots":{"index":"index","follow":"follow","max-snippet":"max-snippet:-1","max-image-preview":"max-image-preview:large","max-video-preview":"max-video-preview:-1"},"canonical":"https:\/\/wp.kristdemokraterna.se\/motala\/vart-parti\/fortroendevalda-2022-2026\/karin-olsson\/","og_locale":"sv_SE","og_type":"article","og_title":"Karin Olsson - Kristdemokraterna i Motala","og_description":"Namn: Karin Olsson F\u00f6dd: 1976. Uppvuxen: Motala. Vad har du f\u00f6r bakgrund utanf\u00f6r politiken? Jag \u00e4r f\u00f6dd och uppv\u00e4xt p\u00e5 en g\u00e5rd utanf\u00f6r Motala d\u00e4r jag i dag driver ett lantbruk tillsammans med min man och v\u00e5ra 3 barn vi har djur, skog och v\u00e4xtodling. Innan jag tog \u00f6ver g\u00e5rden s\u00e5 har jag jobbat som Read More","og_url":"https:\/\/wp.kristdemokraterna.se\/motala\/vart-parti\/fortroendevalda-2022-2026\/karin-olsson\/","og_site_name":"Kristdemokraterna i Motala","article_modified_time":"2024-12-06T14:17:26+00:00","og_image":[{"width":387,"height":530,"url":"https:\/\/wp.kristdemokraterna.se\/motala\/files\/2023\/05\/karin2.png","type":"image\/png"}],"twitter_card":"summary_large_image","twitter_misc":{"Ber\u00e4knad l\u00e4stid":"1 minut"},"schema":{"@context":"https:\/\/schema.org","@graph":[{"@type":"WebPage","@id":"https:\/\/wp.kristdemokraterna.se\/motala\/vart-parti\/fortroendevalda-2022-2026\/karin-olsson\/","url":"https:\/\/wp.kristdemokraterna.se\/motala\/vart-parti\/fortroendevalda-2022-2026\/karin-olsson\/","name":"Karin Olsson - Kristdemokraterna i Motala","isPartOf":{"@id":"https:\/\/wp.kristdemokraterna.se\/motala\/#website"},"primaryImageOfPage":{"@id":"https:\/\/wp.kristdemokraterna.se\/motala\/vart-parti\/fortroendevalda-2022-2026\/karin-olsson\/#primaryimage"},"image":{"@id":"https:\/\/wp.kristdemokraterna.se\/motala\/vart-parti\/fortroendevalda-2022-2026\/karin-olsson\/#primaryimage"},"thumbnailUrl":"http:\/\/wp.kristdemokraterna.se\/motala\/files\/2023\/05\/karin2-219x300.png","datePublished":"2023-05-24T12:19:54+00:00","dateModified":"2024-12-06T14:17:26+00:00","breadcrumb":{"@id":"https:\/\/wp.kristdemokraterna.se\/motala\/vart-parti\/fortroendevalda-2022-2026\/karin-olsson\/#breadcrumb"},"inLanguage":"sv-SE","potentialAction":[{"@type":"ReadAction","target":["https:\/\/wp.kristdemokraterna.se\/motala\/vart-parti\/fortroendevalda-2022-2026\/karin-olsson\/"]}]},{"@type":"ImageObject","inLanguage":"sv-SE","@id":"https:\/\/wp.kristdemokraterna.se\/motala\/vart-parti\/fortroendevalda-2022-2026\/karin-olsson\/#primaryimage","url":"http:\/\/wp.kristdemokraterna.se\/motala\/files\/2023\/05\/karin2-219x300.png","contentUrl":"http:\/\/wp.kristdemokraterna.se\/motala\/files\/2023\/05\/karin2-219x300.png"},{"@type":"BreadcrumbList","@id":"https:\/\/wp.kristdemokraterna.se\/motala\/vart-parti\/fortroendevalda-2022-2026\/karin-olsson\/#breadcrumb","itemListElement":[{"@type":"ListItem","position":1,"name":"Hem","item":"https:\/\/wp.kristdemokraterna.se\/motala\/"},{"@type":"ListItem","position":2,"name":"V\u00e5rt parti","item":"https:\/\/wp.kristdemokraterna.se\/motala\/vart-parti\/"},{"@type":"ListItem","position":3,"name":"F\u00f6rtroendevalda 2022-2026","item":"https:\/\/wp.kristdemokraterna.se\/motala\/vart-parti\/fortroendevalda-2022-2026\/"},{"@type":"ListItem","position":4,"name":"Karin Olsson"}]},{"@type":"WebSite","@id":"https:\/\/wp.kristdemokraterna.se\/motala\/#website","url":"https:\/\/wp.kristdemokraterna.se\/motala\/","name":"Kristdemokraterna i Motala","description":"Kristdemokraterna","inLanguage":"sv-SE"}]}},"_links":{"self":[{"href":"https:\/\/wp.kristdemokraterna.se\/motala\/wp-json\/wp\/v2\/pages\/4113","targetHints":{"allow":["GET"]}}],"collection":[{"href":"https:\/\/wp.kristdemokraterna.se\/motala\/wp-json\/wp\/v2\/pages"}],"about":[{"href":"https:\/\/wp.kristdemokraterna.se\/motala\/wp-json\/wp\/v2\/types\/page"}],"author":[{"embeddable":true,"href":"https:\/\/wp.kristdemokraterna.se\/motala\/wp-json\/wp\/v2\/users\/1016"}],"replies":[{"embeddable":true,"href":"https:\/\/wp.kristdemokraterna.se\/motala\/wp-json\/wp\/v2\/comments?post=4113"}],"version-history":[{"count":6,"href":"https:\/\/wp.kristdemokraterna.se\/motala\/wp-json\/wp\/v2\/pages\/4113\/revisions"}],"predecessor-version":[{"id":4280,"href":"https:\/\/wp.kristdemokraterna.se\/motala\/wp-json\/wp\/v2\/pages\/4113\/revisions\/4280"}],"up":[{"embeddable":true,"href":"https:\/\/wp.kristdemokraterna.se\/motala\/wp-json\/wp\/v2\/pages\/4086"}],"wp:attachment":[{"href":"https:\/\/wp.kristdemokraterna.se\/motala\/wp-json\/wp\/v2\/media?parent=4113"}],"curies":[{"name":"wp","href":"https:\/\/api.w.org\/{rel}","templated":true}]}}