{"id":4122,"date":"2023-05-24T14:34:40","date_gmt":"2023-05-24T12:34:40","guid":{"rendered":"https:\/\/wp.kristdemokraterna.se\/motala\/?page_id=4122"},"modified":"2024-12-06T14:19:20","modified_gmt":"2024-12-06T13:19:20","slug":"klas-sjogren","status":"publish","type":"page","link":"https:\/\/wp.kristdemokraterna.se\/motala\/vart-parti\/fortroendevalda-2022-2026\/klas-sjogren\/","title":{"rendered":"Klas Sj\u00f6gren"},"content":{"rendered":"<p><strong><a href=\"http:\/\/wp.kristdemokraterna.se\/motala\/files\/2023\/05\/klas_sjogren.jpg\"><img loading=\"lazy\" decoding=\"async\" class=\"alignnone size-medium wp-image-4123\" src=\"http:\/\/wp.kristdemokraterna.se\/motala\/files\/2023\/05\/klas_sjogren-245x300.jpg\" alt=\"\" width=\"245\" height=\"300\" srcset=\"https:\/\/wp.kristdemokraterna.se\/motala\/files\/2023\/05\/klas_sjogren-245x300.jpg 245w, https:\/\/wp.kristdemokraterna.se\/motala\/files\/2023\/05\/klas_sjogren-163x200.jpg 163w, https:\/\/wp.kristdemokraterna.se\/motala\/files\/2023\/05\/klas_sjogren-370x453.jpg 370w, https:\/\/wp.kristdemokraterna.se\/motala\/files\/2023\/05\/klas_sjogren-450x551.jpg 450w, https:\/\/wp.kristdemokraterna.se\/motala\/files\/2023\/05\/klas_sjogren-280x343.jpg 280w, https:\/\/wp.kristdemokraterna.se\/motala\/files\/2023\/05\/klas_sjogren-340x416.jpg 340w, https:\/\/wp.kristdemokraterna.se\/motala\/files\/2023\/05\/klas_sjogren-46x56.jpg 46w, https:\/\/wp.kristdemokraterna.se\/motala\/files\/2023\/05\/klas_sjogren.jpg 472w\" sizes=\"auto, (max-width: 245px) 100vw, 245px\" \/><\/a><br \/>\nNamn:<\/strong> Klas Sj\u00f6gren<br \/>\n<strong>F\u00f6dd:<\/strong> 1946<br \/>\nI Stockholm. 1981 flyttade familjen till Ulricehamnstrakten, 2014 bar det iv\u00e4g till Vadstena och 2019 till V\u00e4stanvik utanf\u00f6r Motala.<\/p>\n<p><strong>Vad har du f\u00f6r bakgrund utanf\u00f6r politiken?<\/strong><br \/>\nDen \u00e4r v\u00e4ldigt blandad. Jag b\u00f6rjade som brevb\u00e4rare f\u00f6r att sedan g\u00e5 \u00f6ver till laboratorieassistent och d\u00e4refter som prov bagare. Fortsatte med att bli bilmekaniker men fr\u00e5n 1970 blev det IT f\u00f6r hela slanten fram till pensionen 2013.<\/p>\n<p><strong>Vilken fr\u00e5ga brinner du extra f\u00f6r?<\/strong><br \/>\nDet \u00e4r sjukv\u00e5rdsfr\u00e5gor men \u00e4ven familj- och skolfr\u00e5gor.<\/p>\n<p><strong>Vad \u00e4r styrkan med Kristdemokraternas grupp av f\u00f6rtroende valda?<\/strong><br \/>\nDet \u00e4r nog bredden av erfarenheter och personligheter samt gott samarbete.<br \/>\nVilka politiska uppdrag har du?<br \/>\n\u2022 Revisor i lokalavdelningen.<\/p>\n<p>Kontaktuppgift, mejl.<br \/>\nMail: <a href=\"mailto:klassjogren08@gmail.com\">klassjogren08@gmail.com<\/a><br \/>\nMobil: 0703-25 67 45<\/p>\n","protected":false},"excerpt":{"rendered":"<p>Namn: Klas Sj\u00f6gren F\u00f6dd: 1946 I Stockholm. 1981 flyttade familjen till Ulricehamnstrakten, 2014 bar det iv\u00e4g till Vadstena och 2019 till V\u00e4stanvik utanf\u00f6r Motala. Vad har du f\u00f6r bakgrund utanf\u00f6r politiken? Den \u00e4r v\u00e4ldigt blandad. Jag b\u00f6rjade som brevb\u00e4rare f\u00f6r att sedan g\u00e5 \u00f6ver till laboratorieassistent och d\u00e4refter som prov bagare. Fortsatte med att bli <a class=\"read-more-link\" href=\"https:\/\/wp.kristdemokraterna.se\/motala\/vart-parti\/fortroendevalda-2022-2026\/klas-sjogren\/\">Read More<\/a><\/p>\n","protected":false},"author":1016,"featured_media":0,"parent":4086,"menu_order":9,"comment_status":"closed","ping_status":"closed","template":"","meta":{"_acf_changed":false,"footnotes":""},"class_list":["post-4122","page","type-page","status-publish","hentry"],"acf":[],"yoast_head":"<!-- This site is optimized with the Yoast SEO plugin v27.4 - https:\/\/yoast.com\/product\/yoast-seo-wordpress\/ -->\n<title>Klas Sj\u00f6gren - Kristdemokraterna i Motala<\/title>\n<meta name=\"robots\" content=\"index, follow, max-snippet:-1, max-image-preview:large, max-video-preview:-1\" \/>\n<link rel=\"canonical\" href=\"https:\/\/wp.kristdemokraterna.se\/motala\/vart-parti\/fortroendevalda-2022-2026\/klas-sjogren\/\" \/>\n<meta property=\"og:locale\" content=\"sv_SE\" \/>\n<meta property=\"og:type\" content=\"article\" \/>\n<meta property=\"og:title\" content=\"Klas Sj\u00f6gren - Kristdemokraterna i Motala\" \/>\n<meta property=\"og:description\" content=\"Namn: Klas Sj\u00f6gren F\u00f6dd: 1946 I Stockholm. 1981 flyttade familjen till Ulricehamnstrakten, 2014 bar det iv\u00e4g till Vadstena och 2019 till V\u00e4stanvik utanf\u00f6r Motala. Vad har du f\u00f6r bakgrund utanf\u00f6r politiken? Den \u00e4r v\u00e4ldigt blandad. Jag b\u00f6rjade som brevb\u00e4rare f\u00f6r att sedan g\u00e5 \u00f6ver till laboratorieassistent och d\u00e4refter som prov bagare. Fortsatte med att bli Read More\" \/>\n<meta property=\"og:url\" content=\"https:\/\/wp.kristdemokraterna.se\/motala\/vart-parti\/fortroendevalda-2022-2026\/klas-sjogren\/\" \/>\n<meta property=\"og:site_name\" content=\"Kristdemokraterna i Motala\" \/>\n<meta property=\"article:modified_time\" content=\"2024-12-06T13:19:20+00:00\" \/>\n<meta property=\"og:image\" content=\"https:\/\/wp.kristdemokraterna.se\/motala\/files\/2023\/05\/klas_sjogren.jpg\" \/>\n\t<meta property=\"og:image:width\" content=\"472\" \/>\n\t<meta property=\"og:image:height\" content=\"578\" \/>\n\t<meta property=\"og:image:type\" content=\"image\/jpeg\" \/>\n<meta name=\"twitter:card\" content=\"summary_large_image\" \/>\n<meta name=\"twitter:label1\" content=\"Ber\u00e4knad l\u00e4stid\" \/>\n\t<meta name=\"twitter:data1\" content=\"1 minut\" \/>\n<script type=\"application\/ld+json\" class=\"yoast-schema-graph\">{\"@context\":\"https:\\\/\\\/schema.org\",\"@graph\":[{\"@type\":\"WebPage\",\"@id\":\"https:\\\/\\\/wp.kristdemokraterna.se\\\/motala\\\/vart-parti\\\/fortroendevalda-2022-2026\\\/klas-sjogren\\\/\",\"url\":\"https:\\\/\\\/wp.kristdemokraterna.se\\\/motala\\\/vart-parti\\\/fortroendevalda-2022-2026\\\/klas-sjogren\\\/\",\"name\":\"Klas Sj\u00f6gren - Kristdemokraterna i Motala\",\"isPartOf\":{\"@id\":\"https:\\\/\\\/wp.kristdemokraterna.se\\\/motala\\\/#website\"},\"primaryImageOfPage\":{\"@id\":\"https:\\\/\\\/wp.kristdemokraterna.se\\\/motala\\\/vart-parti\\\/fortroendevalda-2022-2026\\\/klas-sjogren\\\/#primaryimage\"},\"image\":{\"@id\":\"https:\\\/\\\/wp.kristdemokraterna.se\\\/motala\\\/vart-parti\\\/fortroendevalda-2022-2026\\\/klas-sjogren\\\/#primaryimage\"},\"thumbnailUrl\":\"http:\\\/\\\/wp.kristdemokraterna.se\\\/motala\\\/files\\\/2023\\\/05\\\/klas_sjogren-245x300.jpg\",\"datePublished\":\"2023-05-24T12:34:40+00:00\",\"dateModified\":\"2024-12-06T13:19:20+00:00\",\"breadcrumb\":{\"@id\":\"https:\\\/\\\/wp.kristdemokraterna.se\\\/motala\\\/vart-parti\\\/fortroendevalda-2022-2026\\\/klas-sjogren\\\/#breadcrumb\"},\"inLanguage\":\"sv-SE\",\"potentialAction\":[{\"@type\":\"ReadAction\",\"target\":[\"https:\\\/\\\/wp.kristdemokraterna.se\\\/motala\\\/vart-parti\\\/fortroendevalda-2022-2026\\\/klas-sjogren\\\/\"]}]},{\"@type\":\"ImageObject\",\"inLanguage\":\"sv-SE\",\"@id\":\"https:\\\/\\\/wp.kristdemokraterna.se\\\/motala\\\/vart-parti\\\/fortroendevalda-2022-2026\\\/klas-sjogren\\\/#primaryimage\",\"url\":\"http:\\\/\\\/wp.kristdemokraterna.se\\\/motala\\\/files\\\/2023\\\/05\\\/klas_sjogren-245x300.jpg\",\"contentUrl\":\"http:\\\/\\\/wp.kristdemokraterna.se\\\/motala\\\/files\\\/2023\\\/05\\\/klas_sjogren-245x300.jpg\"},{\"@type\":\"BreadcrumbList\",\"@id\":\"https:\\\/\\\/wp.kristdemokraterna.se\\\/motala\\\/vart-parti\\\/fortroendevalda-2022-2026\\\/klas-sjogren\\\/#breadcrumb\",\"itemListElement\":[{\"@type\":\"ListItem\",\"position\":1,\"name\":\"Hem\",\"item\":\"https:\\\/\\\/wp.kristdemokraterna.se\\\/motala\\\/\"},{\"@type\":\"ListItem\",\"position\":2,\"name\":\"V\u00e5rt parti\",\"item\":\"https:\\\/\\\/wp.kristdemokraterna.se\\\/motala\\\/vart-parti\\\/\"},{\"@type\":\"ListItem\",\"position\":3,\"name\":\"F\u00f6rtroendevalda 2022-2026\",\"item\":\"https:\\\/\\\/wp.kristdemokraterna.se\\\/motala\\\/vart-parti\\\/fortroendevalda-2022-2026\\\/\"},{\"@type\":\"ListItem\",\"position\":4,\"name\":\"Klas Sj\u00f6gren\"}]},{\"@type\":\"WebSite\",\"@id\":\"https:\\\/\\\/wp.kristdemokraterna.se\\\/motala\\\/#website\",\"url\":\"https:\\\/\\\/wp.kristdemokraterna.se\\\/motala\\\/\",\"name\":\"Kristdemokraterna i Motala\",\"description\":\"Kristdemokraterna\",\"inLanguage\":\"sv-SE\"}]}<\/script>\n<!-- \/ Yoast SEO plugin. -->","yoast_head_json":{"title":"Klas Sj\u00f6gren - Kristdemokraterna i Motala","robots":{"index":"index","follow":"follow","max-snippet":"max-snippet:-1","max-image-preview":"max-image-preview:large","max-video-preview":"max-video-preview:-1"},"canonical":"https:\/\/wp.kristdemokraterna.se\/motala\/vart-parti\/fortroendevalda-2022-2026\/klas-sjogren\/","og_locale":"sv_SE","og_type":"article","og_title":"Klas Sj\u00f6gren - Kristdemokraterna i Motala","og_description":"Namn: Klas Sj\u00f6gren F\u00f6dd: 1946 I Stockholm. 1981 flyttade familjen till Ulricehamnstrakten, 2014 bar det iv\u00e4g till Vadstena och 2019 till V\u00e4stanvik utanf\u00f6r Motala. Vad har du f\u00f6r bakgrund utanf\u00f6r politiken? Den \u00e4r v\u00e4ldigt blandad. Jag b\u00f6rjade som brevb\u00e4rare f\u00f6r att sedan g\u00e5 \u00f6ver till laboratorieassistent och d\u00e4refter som prov bagare. Fortsatte med att bli Read More","og_url":"https:\/\/wp.kristdemokraterna.se\/motala\/vart-parti\/fortroendevalda-2022-2026\/klas-sjogren\/","og_site_name":"Kristdemokraterna i Motala","article_modified_time":"2024-12-06T13:19:20+00:00","og_image":[{"width":472,"height":578,"url":"https:\/\/wp.kristdemokraterna.se\/motala\/files\/2023\/05\/klas_sjogren.jpg","type":"image\/jpeg"}],"twitter_card":"summary_large_image","twitter_misc":{"Ber\u00e4knad l\u00e4stid":"1 minut"},"schema":{"@context":"https:\/\/schema.org","@graph":[{"@type":"WebPage","@id":"https:\/\/wp.kristdemokraterna.se\/motala\/vart-parti\/fortroendevalda-2022-2026\/klas-sjogren\/","url":"https:\/\/wp.kristdemokraterna.se\/motala\/vart-parti\/fortroendevalda-2022-2026\/klas-sjogren\/","name":"Klas Sj\u00f6gren - Kristdemokraterna i Motala","isPartOf":{"@id":"https:\/\/wp.kristdemokraterna.se\/motala\/#website"},"primaryImageOfPage":{"@id":"https:\/\/wp.kristdemokraterna.se\/motala\/vart-parti\/fortroendevalda-2022-2026\/klas-sjogren\/#primaryimage"},"image":{"@id":"https:\/\/wp.kristdemokraterna.se\/motala\/vart-parti\/fortroendevalda-2022-2026\/klas-sjogren\/#primaryimage"},"thumbnailUrl":"http:\/\/wp.kristdemokraterna.se\/motala\/files\/2023\/05\/klas_sjogren-245x300.jpg","datePublished":"2023-05-24T12:34:40+00:00","dateModified":"2024-12-06T13:19:20+00:00","breadcrumb":{"@id":"https:\/\/wp.kristdemokraterna.se\/motala\/vart-parti\/fortroendevalda-2022-2026\/klas-sjogren\/#breadcrumb"},"inLanguage":"sv-SE","potentialAction":[{"@type":"ReadAction","target":["https:\/\/wp.kristdemokraterna.se\/motala\/vart-parti\/fortroendevalda-2022-2026\/klas-sjogren\/"]}]},{"@type":"ImageObject","inLanguage":"sv-SE","@id":"https:\/\/wp.kristdemokraterna.se\/motala\/vart-parti\/fortroendevalda-2022-2026\/klas-sjogren\/#primaryimage","url":"http:\/\/wp.kristdemokraterna.se\/motala\/files\/2023\/05\/klas_sjogren-245x300.jpg","contentUrl":"http:\/\/wp.kristdemokraterna.se\/motala\/files\/2023\/05\/klas_sjogren-245x300.jpg"},{"@type":"BreadcrumbList","@id":"https:\/\/wp.kristdemokraterna.se\/motala\/vart-parti\/fortroendevalda-2022-2026\/klas-sjogren\/#breadcrumb","itemListElement":[{"@type":"ListItem","position":1,"name":"Hem","item":"https:\/\/wp.kristdemokraterna.se\/motala\/"},{"@type":"ListItem","position":2,"name":"V\u00e5rt parti","item":"https:\/\/wp.kristdemokraterna.se\/motala\/vart-parti\/"},{"@type":"ListItem","position":3,"name":"F\u00f6rtroendevalda 2022-2026","item":"https:\/\/wp.kristdemokraterna.se\/motala\/vart-parti\/fortroendevalda-2022-2026\/"},{"@type":"ListItem","position":4,"name":"Klas Sj\u00f6gren"}]},{"@type":"WebSite","@id":"https:\/\/wp.kristdemokraterna.se\/motala\/#website","url":"https:\/\/wp.kristdemokraterna.se\/motala\/","name":"Kristdemokraterna i Motala","description":"Kristdemokraterna","inLanguage":"sv-SE"}]}},"_links":{"self":[{"href":"https:\/\/wp.kristdemokraterna.se\/motala\/wp-json\/wp\/v2\/pages\/4122","targetHints":{"allow":["GET"]}}],"collection":[{"href":"https:\/\/wp.kristdemokraterna.se\/motala\/wp-json\/wp\/v2\/pages"}],"about":[{"href":"https:\/\/wp.kristdemokraterna.se\/motala\/wp-json\/wp\/v2\/types\/page"}],"author":[{"embeddable":true,"href":"https:\/\/wp.kristdemokraterna.se\/motala\/wp-json\/wp\/v2\/users\/1016"}],"replies":[{"embeddable":true,"href":"https:\/\/wp.kristdemokraterna.se\/motala\/wp-json\/wp\/v2\/comments?post=4122"}],"version-history":[{"count":2,"href":"https:\/\/wp.kristdemokraterna.se\/motala\/wp-json\/wp\/v2\/pages\/4122\/revisions"}],"predecessor-version":[{"id":4149,"href":"https:\/\/wp.kristdemokraterna.se\/motala\/wp-json\/wp\/v2\/pages\/4122\/revisions\/4149"}],"up":[{"embeddable":true,"href":"https:\/\/wp.kristdemokraterna.se\/motala\/wp-json\/wp\/v2\/pages\/4086"}],"wp:attachment":[{"href":"https:\/\/wp.kristdemokraterna.se\/motala\/wp-json\/wp\/v2\/media?parent=4122"}],"curies":[{"name":"wp","href":"https:\/\/api.w.org\/{rel}","templated":true}]}}