{"id":4133,"date":"2023-05-26T14:04:51","date_gmt":"2023-05-26T12:04:51","guid":{"rendered":"https:\/\/wp.kristdemokraterna.se\/motala\/?page_id=4133"},"modified":"2024-12-06T15:25:46","modified_gmt":"2024-12-06T14:25:46","slug":"hanna-nordqvist","status":"publish","type":"page","link":"https:\/\/wp.kristdemokraterna.se\/motala\/vart-parti\/fortroendevalda-2022-2026\/hanna-nordqvist\/","title":{"rendered":"Hanna Nordqvist"},"content":{"rendered":"<p><a href=\"http:\/\/wp.kristdemokraterna.se\/motala\/files\/2023\/05\/20230512_1620582-scaled-e1685102798190.jpg\"><img loading=\"lazy\" decoding=\"async\" class=\"alignnone size-medium wp-image-4134\" src=\"http:\/\/wp.kristdemokraterna.se\/motala\/files\/2023\/05\/20230512_1620582-scaled-e1685102798190-218x300.jpg\" alt=\"\" width=\"218\" height=\"300\" srcset=\"https:\/\/wp.kristdemokraterna.se\/motala\/files\/2023\/05\/20230512_1620582-scaled-e1685102798190-218x300.jpg 218w, https:\/\/wp.kristdemokraterna.se\/motala\/files\/2023\/05\/20230512_1620582-scaled-e1685102798190-746x1024.jpg 746w, https:\/\/wp.kristdemokraterna.se\/motala\/files\/2023\/05\/20230512_1620582-scaled-e1685102798190-768x1055.jpg 768w, https:\/\/wp.kristdemokraterna.se\/motala\/files\/2023\/05\/20230512_1620582-scaled-e1685102798190-1119x1536.jpg 1119w, https:\/\/wp.kristdemokraterna.se\/motala\/files\/2023\/05\/20230512_1620582-scaled-e1685102798190-146x200.jpg 146w, https:\/\/wp.kristdemokraterna.se\/motala\/files\/2023\/05\/20230512_1620582-scaled-e1685102798190-370x508.jpg 370w, https:\/\/wp.kristdemokraterna.se\/motala\/files\/2023\/05\/20230512_1620582-scaled-e1685102798190-770x1057.jpg 770w, https:\/\/wp.kristdemokraterna.se\/motala\/files\/2023\/05\/20230512_1620582-scaled-e1685102798190-450x618.jpg 450w, https:\/\/wp.kristdemokraterna.se\/motala\/files\/2023\/05\/20230512_1620582-scaled-e1685102798190-280x384.jpg 280w, https:\/\/wp.kristdemokraterna.se\/motala\/files\/2023\/05\/20230512_1620582-scaled-e1685102798190-340x467.jpg 340w, https:\/\/wp.kristdemokraterna.se\/motala\/files\/2023\/05\/20230512_1620582-scaled-e1685102798190-41x56.jpg 41w, https:\/\/wp.kristdemokraterna.se\/motala\/files\/2023\/05\/20230512_1620582-scaled-e1685102798190.jpg 1356w\" sizes=\"auto, (max-width: 218px) 100vw, 218px\" \/><\/a><br \/>\n<strong>Namn:<\/strong> Hanna Nordqvist<br \/>\n<strong>F\u00f6dd:<\/strong> 1980<br \/>\n<strong>Familj<\/strong>: Sambo och barn<br \/>\n<strong>Uppvuxen:<\/strong> Motala<\/p>\n<p><strong>Vad har du f\u00f6r bakgrund utanf\u00f6r politiken?<\/strong><br \/>\nOm dagarna s\u00e5 har privilegiet att jobba p\u00e5 en av v\u00e5ra kommunala f\u00f6rskolor. N\u00e5got som jag gjort i snart 25 \u00e5r. F\u00f6r mig \u00e4r familjen viktigt, vi hittar ofta p\u00e5 olika utflykter i v\u00e5r stad och \u00e4ven i andra milj\u00f6er runt om i Sverige. Jag trivs ute i naturen, g\u00e5r g\u00e4rna olika vandringsleder och p\u00e5 sommaren blir det m\u00e5nga n\u00e4tter i t\u00e4lt, b\u00e5de p\u00e5 camping och fritt ute i naturen. Ett annat intresse \u00e4r att dansa bugg.<\/p>\n<p><strong>Vilken fr\u00e5ga brinner du extra f\u00f6r?<\/strong><br \/>\nFamiljefr\u00e5gorna ligger mig varmt om hj\u00e4rtat. Barnen \u00e4r det viktigaste vi har.<\/p>\n<p><strong>Vad \u00e4r styrkan med kristdemokraternas grupp av f\u00f6rtroendevalda?<\/strong><br \/>\nVi \u00e4r ett bra team i olika \u00e5ldrar som \u00e4r engagerade i v\u00e5rt samh\u00e4lle. Vi vill skapa en f\u00f6r\u00e4ndring till det b\u00e4ttre f\u00f6r alla v\u00e5ra inv\u00e5nare.<\/p>\n<p><strong>Vilka politiska uppdrag har du?<\/strong><br \/>\nBildningsn\u00e4mnden- ers\u00e4ttare.<\/p>\n<p>KD Motalas partiavdelning- Vice ordf\u00f6rande<\/p>\n<p><strong>Kontaktuppgift: <\/strong><a href=\"mailto:hanna.nordqvist@motala.se\">hanna.nordqvist@motala.se<\/a><\/p>\n","protected":false},"excerpt":{"rendered":"<p>Namn: Hanna Nordqvist F\u00f6dd: 1980 Familj: Sambo och barn Uppvuxen: Motala Vad har du f\u00f6r bakgrund utanf\u00f6r politiken? Om dagarna s\u00e5 har privilegiet att jobba p\u00e5 en av v\u00e5ra kommunala f\u00f6rskolor. N\u00e5got som jag gjort i snart 25 \u00e5r. F\u00f6r mig \u00e4r familjen viktigt, vi hittar ofta p\u00e5 olika utflykter i v\u00e5r stad och \u00e4ven <a class=\"read-more-link\" href=\"https:\/\/wp.kristdemokraterna.se\/motala\/vart-parti\/fortroendevalda-2022-2026\/hanna-nordqvist\/\">Read More<\/a><\/p>\n","protected":false},"author":1016,"featured_media":0,"parent":4086,"menu_order":4,"comment_status":"closed","ping_status":"closed","template":"","meta":{"_acf_changed":false,"footnotes":""},"class_list":["post-4133","page","type-page","status-publish","hentry"],"acf":[],"yoast_head":"<!-- This site is optimized with the Yoast SEO plugin v27.4 - https:\/\/yoast.com\/product\/yoast-seo-wordpress\/ -->\n<title>Hanna Nordqvist - Kristdemokraterna i Motala<\/title>\n<meta name=\"robots\" content=\"index, follow, max-snippet:-1, max-image-preview:large, max-video-preview:-1\" \/>\n<link rel=\"canonical\" href=\"https:\/\/wp.kristdemokraterna.se\/motala\/vart-parti\/fortroendevalda-2022-2026\/hanna-nordqvist\/\" \/>\n<meta property=\"og:locale\" content=\"sv_SE\" \/>\n<meta property=\"og:type\" content=\"article\" \/>\n<meta property=\"og:title\" content=\"Hanna Nordqvist - Kristdemokraterna i Motala\" \/>\n<meta property=\"og:description\" content=\"Namn: Hanna Nordqvist F\u00f6dd: 1980 Familj: Sambo och barn Uppvuxen: Motala Vad har du f\u00f6r bakgrund utanf\u00f6r politiken? Om dagarna s\u00e5 har privilegiet att jobba p\u00e5 en av v\u00e5ra kommunala f\u00f6rskolor. N\u00e5got som jag gjort i snart 25 \u00e5r. F\u00f6r mig \u00e4r familjen viktigt, vi hittar ofta p\u00e5 olika utflykter i v\u00e5r stad och \u00e4ven Read More\" \/>\n<meta property=\"og:url\" content=\"https:\/\/wp.kristdemokraterna.se\/motala\/vart-parti\/fortroendevalda-2022-2026\/hanna-nordqvist\/\" \/>\n<meta property=\"og:site_name\" content=\"Kristdemokraterna i Motala\" \/>\n<meta property=\"article:modified_time\" content=\"2024-12-06T14:25:46+00:00\" \/>\n<meta property=\"og:image\" content=\"https:\/\/wp.kristdemokraterna.se\/motala\/files\/2023\/05\/20230512_1620582-scaled-e1685102798190-746x1024.jpg\" \/>\n\t<meta property=\"og:image:width\" content=\"746\" \/>\n\t<meta property=\"og:image:height\" content=\"1024\" \/>\n\t<meta property=\"og:image:type\" content=\"image\/jpeg\" \/>\n<meta name=\"twitter:card\" content=\"summary_large_image\" \/>\n<meta name=\"twitter:label1\" content=\"Ber\u00e4knad l\u00e4stid\" \/>\n\t<meta name=\"twitter:data1\" content=\"2 minuter\" \/>\n<script type=\"application\/ld+json\" class=\"yoast-schema-graph\">{\"@context\":\"https:\\\/\\\/schema.org\",\"@graph\":[{\"@type\":\"WebPage\",\"@id\":\"https:\\\/\\\/wp.kristdemokraterna.se\\\/motala\\\/vart-parti\\\/fortroendevalda-2022-2026\\\/hanna-nordqvist\\\/\",\"url\":\"https:\\\/\\\/wp.kristdemokraterna.se\\\/motala\\\/vart-parti\\\/fortroendevalda-2022-2026\\\/hanna-nordqvist\\\/\",\"name\":\"Hanna Nordqvist - Kristdemokraterna i Motala\",\"isPartOf\":{\"@id\":\"https:\\\/\\\/wp.kristdemokraterna.se\\\/motala\\\/#website\"},\"primaryImageOfPage\":{\"@id\":\"https:\\\/\\\/wp.kristdemokraterna.se\\\/motala\\\/vart-parti\\\/fortroendevalda-2022-2026\\\/hanna-nordqvist\\\/#primaryimage\"},\"image\":{\"@id\":\"https:\\\/\\\/wp.kristdemokraterna.se\\\/motala\\\/vart-parti\\\/fortroendevalda-2022-2026\\\/hanna-nordqvist\\\/#primaryimage\"},\"thumbnailUrl\":\"http:\\\/\\\/wp.kristdemokraterna.se\\\/motala\\\/files\\\/2023\\\/05\\\/20230512_1620582-scaled-e1685102798190-218x300.jpg\",\"datePublished\":\"2023-05-26T12:04:51+00:00\",\"dateModified\":\"2024-12-06T14:25:46+00:00\",\"breadcrumb\":{\"@id\":\"https:\\\/\\\/wp.kristdemokraterna.se\\\/motala\\\/vart-parti\\\/fortroendevalda-2022-2026\\\/hanna-nordqvist\\\/#breadcrumb\"},\"inLanguage\":\"sv-SE\",\"potentialAction\":[{\"@type\":\"ReadAction\",\"target\":[\"https:\\\/\\\/wp.kristdemokraterna.se\\\/motala\\\/vart-parti\\\/fortroendevalda-2022-2026\\\/hanna-nordqvist\\\/\"]}]},{\"@type\":\"ImageObject\",\"inLanguage\":\"sv-SE\",\"@id\":\"https:\\\/\\\/wp.kristdemokraterna.se\\\/motala\\\/vart-parti\\\/fortroendevalda-2022-2026\\\/hanna-nordqvist\\\/#primaryimage\",\"url\":\"http:\\\/\\\/wp.kristdemokraterna.se\\\/motala\\\/files\\\/2023\\\/05\\\/20230512_1620582-scaled-e1685102798190-218x300.jpg\",\"contentUrl\":\"http:\\\/\\\/wp.kristdemokraterna.se\\\/motala\\\/files\\\/2023\\\/05\\\/20230512_1620582-scaled-e1685102798190-218x300.jpg\"},{\"@type\":\"BreadcrumbList\",\"@id\":\"https:\\\/\\\/wp.kristdemokraterna.se\\\/motala\\\/vart-parti\\\/fortroendevalda-2022-2026\\\/hanna-nordqvist\\\/#breadcrumb\",\"itemListElement\":[{\"@type\":\"ListItem\",\"position\":1,\"name\":\"Hem\",\"item\":\"https:\\\/\\\/wp.kristdemokraterna.se\\\/motala\\\/\"},{\"@type\":\"ListItem\",\"position\":2,\"name\":\"V\u00e5rt parti\",\"item\":\"https:\\\/\\\/wp.kristdemokraterna.se\\\/motala\\\/vart-parti\\\/\"},{\"@type\":\"ListItem\",\"position\":3,\"name\":\"F\u00f6rtroendevalda 2022-2026\",\"item\":\"https:\\\/\\\/wp.kristdemokraterna.se\\\/motala\\\/vart-parti\\\/fortroendevalda-2022-2026\\\/\"},{\"@type\":\"ListItem\",\"position\":4,\"name\":\"Hanna Nordqvist\"}]},{\"@type\":\"WebSite\",\"@id\":\"https:\\\/\\\/wp.kristdemokraterna.se\\\/motala\\\/#website\",\"url\":\"https:\\\/\\\/wp.kristdemokraterna.se\\\/motala\\\/\",\"name\":\"Kristdemokraterna i Motala\",\"description\":\"Kristdemokraterna\",\"inLanguage\":\"sv-SE\"}]}<\/script>\n<!-- \/ Yoast SEO plugin. -->","yoast_head_json":{"title":"Hanna Nordqvist - Kristdemokraterna i Motala","robots":{"index":"index","follow":"follow","max-snippet":"max-snippet:-1","max-image-preview":"max-image-preview:large","max-video-preview":"max-video-preview:-1"},"canonical":"https:\/\/wp.kristdemokraterna.se\/motala\/vart-parti\/fortroendevalda-2022-2026\/hanna-nordqvist\/","og_locale":"sv_SE","og_type":"article","og_title":"Hanna Nordqvist - Kristdemokraterna i Motala","og_description":"Namn: Hanna Nordqvist F\u00f6dd: 1980 Familj: Sambo och barn Uppvuxen: Motala Vad har du f\u00f6r bakgrund utanf\u00f6r politiken? Om dagarna s\u00e5 har privilegiet att jobba p\u00e5 en av v\u00e5ra kommunala f\u00f6rskolor. N\u00e5got som jag gjort i snart 25 \u00e5r. F\u00f6r mig \u00e4r familjen viktigt, vi hittar ofta p\u00e5 olika utflykter i v\u00e5r stad och \u00e4ven Read More","og_url":"https:\/\/wp.kristdemokraterna.se\/motala\/vart-parti\/fortroendevalda-2022-2026\/hanna-nordqvist\/","og_site_name":"Kristdemokraterna i Motala","article_modified_time":"2024-12-06T14:25:46+00:00","og_image":[{"width":746,"height":1024,"url":"https:\/\/wp.kristdemokraterna.se\/motala\/files\/2023\/05\/20230512_1620582-scaled-e1685102798190-746x1024.jpg","type":"image\/jpeg"}],"twitter_card":"summary_large_image","twitter_misc":{"Ber\u00e4knad l\u00e4stid":"2 minuter"},"schema":{"@context":"https:\/\/schema.org","@graph":[{"@type":"WebPage","@id":"https:\/\/wp.kristdemokraterna.se\/motala\/vart-parti\/fortroendevalda-2022-2026\/hanna-nordqvist\/","url":"https:\/\/wp.kristdemokraterna.se\/motala\/vart-parti\/fortroendevalda-2022-2026\/hanna-nordqvist\/","name":"Hanna Nordqvist - Kristdemokraterna i Motala","isPartOf":{"@id":"https:\/\/wp.kristdemokraterna.se\/motala\/#website"},"primaryImageOfPage":{"@id":"https:\/\/wp.kristdemokraterna.se\/motala\/vart-parti\/fortroendevalda-2022-2026\/hanna-nordqvist\/#primaryimage"},"image":{"@id":"https:\/\/wp.kristdemokraterna.se\/motala\/vart-parti\/fortroendevalda-2022-2026\/hanna-nordqvist\/#primaryimage"},"thumbnailUrl":"http:\/\/wp.kristdemokraterna.se\/motala\/files\/2023\/05\/20230512_1620582-scaled-e1685102798190-218x300.jpg","datePublished":"2023-05-26T12:04:51+00:00","dateModified":"2024-12-06T14:25:46+00:00","breadcrumb":{"@id":"https:\/\/wp.kristdemokraterna.se\/motala\/vart-parti\/fortroendevalda-2022-2026\/hanna-nordqvist\/#breadcrumb"},"inLanguage":"sv-SE","potentialAction":[{"@type":"ReadAction","target":["https:\/\/wp.kristdemokraterna.se\/motala\/vart-parti\/fortroendevalda-2022-2026\/hanna-nordqvist\/"]}]},{"@type":"ImageObject","inLanguage":"sv-SE","@id":"https:\/\/wp.kristdemokraterna.se\/motala\/vart-parti\/fortroendevalda-2022-2026\/hanna-nordqvist\/#primaryimage","url":"http:\/\/wp.kristdemokraterna.se\/motala\/files\/2023\/05\/20230512_1620582-scaled-e1685102798190-218x300.jpg","contentUrl":"http:\/\/wp.kristdemokraterna.se\/motala\/files\/2023\/05\/20230512_1620582-scaled-e1685102798190-218x300.jpg"},{"@type":"BreadcrumbList","@id":"https:\/\/wp.kristdemokraterna.se\/motala\/vart-parti\/fortroendevalda-2022-2026\/hanna-nordqvist\/#breadcrumb","itemListElement":[{"@type":"ListItem","position":1,"name":"Hem","item":"https:\/\/wp.kristdemokraterna.se\/motala\/"},{"@type":"ListItem","position":2,"name":"V\u00e5rt parti","item":"https:\/\/wp.kristdemokraterna.se\/motala\/vart-parti\/"},{"@type":"ListItem","position":3,"name":"F\u00f6rtroendevalda 2022-2026","item":"https:\/\/wp.kristdemokraterna.se\/motala\/vart-parti\/fortroendevalda-2022-2026\/"},{"@type":"ListItem","position":4,"name":"Hanna Nordqvist"}]},{"@type":"WebSite","@id":"https:\/\/wp.kristdemokraterna.se\/motala\/#website","url":"https:\/\/wp.kristdemokraterna.se\/motala\/","name":"Kristdemokraterna i Motala","description":"Kristdemokraterna","inLanguage":"sv-SE"}]}},"_links":{"self":[{"href":"https:\/\/wp.kristdemokraterna.se\/motala\/wp-json\/wp\/v2\/pages\/4133","targetHints":{"allow":["GET"]}}],"collection":[{"href":"https:\/\/wp.kristdemokraterna.se\/motala\/wp-json\/wp\/v2\/pages"}],"about":[{"href":"https:\/\/wp.kristdemokraterna.se\/motala\/wp-json\/wp\/v2\/types\/page"}],"author":[{"embeddable":true,"href":"https:\/\/wp.kristdemokraterna.se\/motala\/wp-json\/wp\/v2\/users\/1016"}],"replies":[{"embeddable":true,"href":"https:\/\/wp.kristdemokraterna.se\/motala\/wp-json\/wp\/v2\/comments?post=4133"}],"version-history":[{"count":9,"href":"https:\/\/wp.kristdemokraterna.se\/motala\/wp-json\/wp\/v2\/pages\/4133\/revisions"}],"predecessor-version":[{"id":4286,"href":"https:\/\/wp.kristdemokraterna.se\/motala\/wp-json\/wp\/v2\/pages\/4133\/revisions\/4286"}],"up":[{"embeddable":true,"href":"https:\/\/wp.kristdemokraterna.se\/motala\/wp-json\/wp\/v2\/pages\/4086"}],"wp:attachment":[{"href":"https:\/\/wp.kristdemokraterna.se\/motala\/wp-json\/wp\/v2\/media?parent=4133"}],"curies":[{"name":"wp","href":"https:\/\/api.w.org\/{rel}","templated":true}]}}