{"id":4258,"date":"2023-08-16T12:28:55","date_gmt":"2023-08-16T10:28:55","guid":{"rendered":"https:\/\/wp.kristdemokraterna.se\/motala\/?page_id=4258"},"modified":"2023-08-16T12:29:04","modified_gmt":"2023-08-16T10:29:04","slug":"historia","status":"publish","type":"page","link":"https:\/\/wp.kristdemokraterna.se\/motala\/var-politik\/historia\/","title":{"rendered":"Historia"},"content":{"rendered":"<p><a href=\"http:\/\/wp.kristdemokraterna.se\/motala\/files\/2023\/08\/kyrka-1536x1025-1.jpg\"><img loading=\"lazy\" decoding=\"async\" class=\"alignnone size-large wp-image-4259\" src=\"http:\/\/wp.kristdemokraterna.se\/motala\/files\/2023\/08\/kyrka-1536x1025-1-1024x683.jpg\" alt=\"\" width=\"1024\" height=\"683\" srcset=\"https:\/\/wp.kristdemokraterna.se\/motala\/files\/2023\/08\/kyrka-1536x1025-1-1024x683.jpg 1024w, https:\/\/wp.kristdemokraterna.se\/motala\/files\/2023\/08\/kyrka-1536x1025-1-300x200.jpg 300w, https:\/\/wp.kristdemokraterna.se\/motala\/files\/2023\/08\/kyrka-1536x1025-1-768x513.jpg 768w, https:\/\/wp.kristdemokraterna.se\/motala\/files\/2023\/08\/kyrka-1536x1025-1-370x247.jpg 370w, https:\/\/wp.kristdemokraterna.se\/motala\/files\/2023\/08\/kyrka-1536x1025-1-770x514.jpg 770w, https:\/\/wp.kristdemokraterna.se\/motala\/files\/2023\/08\/kyrka-1536x1025-1-450x300.jpg 450w, https:\/\/wp.kristdemokraterna.se\/motala\/files\/2023\/08\/kyrka-1536x1025-1-280x187.jpg 280w, https:\/\/wp.kristdemokraterna.se\/motala\/files\/2023\/08\/kyrka-1536x1025-1-340x227.jpg 340w, https:\/\/wp.kristdemokraterna.se\/motala\/files\/2023\/08\/kyrka-1536x1025-1-200x133.jpg 200w, https:\/\/wp.kristdemokraterna.se\/motala\/files\/2023\/08\/kyrka-1536x1025-1-84x56.jpg 84w, https:\/\/wp.kristdemokraterna.se\/motala\/files\/2023\/08\/kyrka-1536x1025-1.jpg 1536w\" sizes=\"auto, (max-width: 1024px) 100vw, 1024px\" \/><\/a><\/p>\n<p><strong>Kristdemokratin i Europa v\u00e4xte sig stark efter andra v\u00e4rldskriget som motreaktion till nazism. I Sverige bildades KD n\u00e5gra \u00e5r senare av andra sk\u00e4l. Vi \u00e4r stolta \u00f6ver v\u00e5r historia som vilar p\u00e5 tv\u00e5 ben; den europeiska antinazistiska och den svenska folkr\u00f6relsebakgrunden. Ute i Europa \u00e4r kristdemokratin st\u00f6rre \u00e4n i Sverige, v\u00e5rt systerparti CDU har exempelvis styrt Tyskland under m\u00e5nga \u00e5r. I Europaparlamentet \u00e4r v\u00e5r partigrupp EPP den st\u00f6rsta gruppen.\u00a0<\/strong><\/p>\n<p>Kristen Demokratisk Samling bildades 1964, i strid mot samh\u00e4llsandan. Partiet ville d\u00e5 f\u00e5 in kristna v\u00e4rderingar i politiken n\u00e4r \u00f6vriga samh\u00e4llet gjorde allt f\u00f6r att g\u00f6ra upp med tidigare generationers v\u00e4rderingar. Man arbetade h\u00e5rt\u00a0f\u00f6r att ta sig in i riksdagen, men det blev en l\u00e5ng kamp. F\u00f6rst 1985 kom d\u00e5varande partiledaren Alf Svensson in i riksdagen genom ett samarbete med Centern. 1991 kom partiet in i riksdagen av egen kraft och direkt in i regeringen Bildt. Partiet har sedan dess suttit med i alla borgerliga regeringar.<\/p>\n<div>\n<h4><strong>De tidiga \u00e5ren<\/strong><\/h4>\n<p>Partiet bildades den 20 mars 1964 och tog namnet Kristen Demokratisk Samling \u2013 KDS . Den 15 april samma \u00e5r konstituerades partiet och Birger Ekstedt valdes till partiordf\u00f6rande. F\u00f6rsta rikstinget h\u00f6lls i maj m\u00e5nad i Uppsala. Id\u00e9n att bilda ett parti f\u00f6regicks av gruppen Kristet Samh\u00e4llsansvar, KSA,\u00a0som startat 1956 f\u00f6r att lyfta fram kristna kandidater i andra partier. En orsak var att man ville stoppa ett f\u00f6rslag om att sk\u00e4ra ner kristendoms\u00e4mnet kraftigt. Trots en namninsamling som gav 2,1 miljoner underskrifter drevs f\u00f6rslaget igenom i riksdagen.<\/p>\n<h4><strong>Alf Svensson<\/strong><\/h4>\n<p>Efter att Ekstedt avlidit sommaren 1972 valdes Alf Svensson till ny partiordf\u00f6rande\u00a0p\u00e5 ett extra riksting l\u00f6rdagen den 20 januari 1973.\u00a0\u00c5r 2004, efter mer \u00e4n trettio \u00e5r som partiledare, avgick Alf Svensson. G\u00f6ran H\u00e4gglund, fr\u00e5n Bankeryd och d\u00e5varande gruppledare f\u00f6r riksdagsgruppen valdes till ny partiordf\u00f6rande.\u00a02013 blev Alf Svensson, vid partiets riksting i Karlstad, utsedd till hedersordf\u00f6rande f\u00f6r Kristdemokraterna.<\/p>\n<h4><strong>F\u00f6rsta riksdagsledamoten<\/strong><\/h4>\n<p>Partiets valsiffror var relativt blygsamma under en l\u00e5ng tid. De pendlade mellan 1,4 och 1,9 procent under \u00e5ren 1964-1982. 1985 hade Kristen demokratisk samling (KDS) en valsamverkan med Centerpartiet som innebar att partiet gick fram med egna listor men under den gemensamma beteckningen Centern. Tanken med samarbetet var att KDS skulle kunna kringg\u00e5 fyraprocentssp\u00e4rren och ta sig in i riksdagen samtidigt som borgerligheten med KDS draghj\u00e4lp kunde f\u00e5 en icke-socialistisk majoritet i riksdagen.<\/p>\n<p>Valet blev i en bem\u00e4rkelse en framg\u00e5ng f\u00f6r KDS, Alf Svensson kom in i riksdagen och blev d\u00e4rmed f\u00f6rsta riksdagsledamot som blivit invald f\u00f6r partiet. (Som kuriosa kan n\u00e4mnas att riksdagsledamoten f\u00f6r h\u00f6gerpartiet Dagmar Heurlin l\u00e4mnade sitt parti under p\u00e5g\u00e5ende mandatperiod i maj 1968 och gick med i KDS i st\u00e4llet. \u00c4ven om hon formellt sett d\u00e5 var \u201dvilde\u201d i riksdagen kan hon d\u00e4rmed g\u00f6ra anspr\u00e5k p\u00e5 att vara \u201dden f\u00f6rsta KDS:aren i riksdagen\u201d fram till riksdagens uppl\u00f6sning i oktober samma \u00e5r.) Dock fick partiet inte riksdagsledam\u00f6ter i proportion till den andel r\u00f6ster som tillfallit KDS vilket man ans\u00e5g sig varit lovad.Stor del av partiets ledning och bland partidistrikten ans\u00e5g sig d\u00e4rmed f\u00e5tt en f\u00f6r liten utdelning i f\u00f6rh\u00e5llande till det st\u00f6d man gav till Centerpartiet i form av nya r\u00f6ster.<\/p>\n<h4><strong>Riksdagsintr\u00e4det och vidar<\/strong>e<\/h4>\n<p>Partiet fick ett genombrott vid valet 1991 med 7,1 procent av r\u00f6sterna, 26 riksdagsledam\u00f6ter och tre ministerposter n\u00e4r man bildade regering tillsammans med Moderaterna, Centerpartiet och Folkpartiet d\u00e4r Carl Bildt (M) var statsminister.<\/p>\n<p>I riksdagsvalet 1994 var partiet n\u00e4ra att \u00e5ka ur riksdagen men h\u00f6ll sig kvar med ett valresultat bara n\u00e5gon hudnradel \u00f6ver fyraprocentssp\u00e4rren.<\/p>\n<p>1987 bytte partiet namn till Kristdemokratiska Samh\u00e4llspartiet \u2013 KdS. Drygt 10 \u00e5r senare, 1996 bytte partiet namn till nuvarande Kristdemokraterna och blev d\u00e4rmed ocks\u00e5 en fullv\u00e4rdig medlem av EPP \u2013 European People\u00b4s Party \u2013 en sammanslutning av kristdemokratiska partier i Europa.<\/p>\n<p>Partiet har sedan 1984 varit medlem av den kristdemokratiska internationalen CDI.<\/p>\n<h4><strong>Nutid<\/strong><\/h4>\n<p>Efter Alf Svenssons l\u00e5nga partiledartid valdes G\u00f6ran H\u00e4gglund fr\u00e5n Bankeryd utanf\u00f6r J\u00f6nk\u00f6ping till partiledare 2004. Under \u00e5r 2006-2014 var G\u00f6ran H\u00e4gglund socialminister i Alliansregeringen. I januari 2015 meddelade G\u00f6ran H\u00e4gglund sin avg\u00e5ng som partiledare. I april 2015 valdes Ebba Busch till ny partiledare f\u00f6r Kristdemokraterna.<\/p>\n<p>Kristdemokraterna hade vid \u00e5rsskiftet 2019\/2020 totalt 25.688 medlemmar och finns representerat i 251 av 290 kommuner och i 20 av 21 Regioner. Partiet var en del av Allians f\u00f6r Sverige som bildade regering tillsammans f\u00f6rsta g\u00e5ngen efter riksdagsvalet 2006. Alliansen vann valet \u00e4ven 2010. Under b\u00e5da mandatperioderna har Kristdemokraterna innehaft tre ministerposter. Efter valet 2014 \u00e4r Kristdemokraterna ett oppositionsparti och sedan valet 2018 har alliansen i den form den bildades 2006 uppl\u00f6sts.<\/p>\n<h3>Kristdemokratiska politiker<\/h3>\n<p><strong>Ebba Busch\u00a0<\/strong>(partiledare)<\/p>\n<h4>Partiordf\u00f6rande<\/h4>\n<p>1964-1972 Birger Ekstedt<br \/>\n1973-2004 Alf Svensson<br \/>\n2004-2015 G\u00f6ran H\u00e4gglund<br \/>\n2015-\u00a0 Ebba Busch<\/p>\n<h4>F\u00f6rste vice partiordf\u00f6rande<\/h4>\n<p>1964-1968 Lewi Pethrus, d\u00e4refter \u201dhedersordf\u00f6rande\u201d<br \/>\n1968-1979 \u00c5ke Gafvelin<br \/>\n1979-1982 Ernst Johansson<br \/>\n1982-1985 Maj-Lis Palo<br \/>\n1985-1993 Jan Erik \u00c5gren (riksdagsledamot 1991-1994)<br \/>\n1993-2003 Inger Davidson<br \/>\n2003-2015 Maria Larsson<br \/>\n2015- Jakob Forssmed<\/p>\n<h4>Andre vice partiordf\u00f6rande<\/h4>\n<p>1965-1976 Sven Enlund<br \/>\n1976-1979 Jona Eriksson<br \/>\n1979-1982 Maj-Lis Palo<br \/>\n1982-1987 Stig Nyman (landstingsr\u00e5d 1991-1994, 1998-2002, 2006-)<br \/>\n1987-1989 Rose-Marie Frebran (riksdagsledamot 1991-2002)<br \/>\n1989-1990 Britt-Marie Laurell<br \/>\n1990-1993 Ingrid N\u00e4slund (riksdagsledamot 1991-2000)<br \/>\n1993-2003 Anders Andersson (landstingsstyrelsens ordf\u00f6rande i Kalmar l\u00e4n 2002-2006)<br \/>\n2003-2004 G\u00f6ran H\u00e4gglund<br \/>\n2004-2012 Mats Odell<br \/>\n2012\u20132015\u00a0David Lega<a href=\"https:\/\/www.kristdemokraterna.se\/Kontaktportal\/Kontaktportalsida\/?pId=91064\" target=\"_top\" rel=\"noopener external noreferrer\" data-wpel-link=\"external\"><br \/>\n<\/a>2015-2o17 \u00a0Emma Henriksson<br \/>\n2017-2019 Lars Adaktusson<br \/>\n2019- Bengt Germundsson (KSO i Markaryd)<\/p>\n<h4>Partisekreterare<\/h4>\n<p>1964-1972 Bertil Carlsson<br \/>\n1972-1978 Stig Nyman (landstingsr\u00e5d 1991-1994, 1998-2002, 2006\u2013)<br \/>\n1978-1985 Per Egon Johansson<br \/>\n1985-1989 Dan Ericsson (riksdagsledamot 1991-2000)<br \/>\n1989-1991 Inger Davidson<br \/>\n1991-1993 Lars Lind\u00e9n (riksdagsledamot 2002-2008)<br \/>\n1993-1994 Dan Ericsson (riksdagsledamot 1991-2000)<br \/>\n1994-2002 Sven Gunnar Persson (riksdagsledamot 2002-2008)<br \/>\n2002-2006 Urban Svensson<br \/>\n2006-2010 Lennart Sj\u00f6gren<br \/>\n2010-2018 Acko Ankarberg Johansson<br \/>\n2018- Peter Kullgren<\/p>\n<h4>Gruppledare i riksdagen<\/h4>\n<p>1991-2002 G\u00f6ran H\u00e4gglund<br \/>\n2002-2010 Stefan Attefall<br \/>\n2010-2012 Mats Odell<br \/>\n2012-2015\u00a0Emma Henriksson<br \/>\n2015- Andreas Carlson<\/p>\n<h4>Ministrar i olika regeringar<\/h4>\n<p><strong>Regeringen Bildt<br \/>\n<\/strong>1991-1994 Alf Svensson (Bist\u00e5ndsminister)<br \/>\n1991-1994 Inger Davidsson (Civilminister)<br \/>\n1991-1994 Mats Odell (Kommunikationsminister),<\/p>\n<p><strong>Regeringen Reinfeldt I<br \/>\n<\/strong>2006-2010 G\u00f6ran H\u00e4gglund (Socialminister)<br \/>\n2006-2010 Maria Larsson (\u00c4ldre- och folkh\u00e4lsominister)<br \/>\n2006-2010 Mats Odell (Kommun- och finansmarknadsminister)<\/p>\n<p><strong>Regeringen Reinfeldt II<br \/>\n<\/strong>2010-2014 G\u00f6ran H\u00e4gglund (Socialminister)<br \/>\n2010-2014\u00a0Maria Larsson (Barn- och \u00e4ldreminister)<br \/>\n2010-2014 Stefan Attefall (Civil- och Bostadsminister)<\/p>\n<\/div>\n","protected":false},"excerpt":{"rendered":"<p>Kristdemokratin i Europa v\u00e4xte sig stark efter andra v\u00e4rldskriget som motreaktion till nazism. I Sverige bildades KD n\u00e5gra \u00e5r senare av andra sk\u00e4l. Vi \u00e4r stolta \u00f6ver v\u00e5r historia som vilar p\u00e5 tv\u00e5 ben; den europeiska antinazistiska och den svenska folkr\u00f6relsebakgrunden. Ute i Europa \u00e4r kristdemokratin st\u00f6rre \u00e4n i Sverige, v\u00e5rt systerparti CDU har exempelvis <a class=\"read-more-link\" href=\"https:\/\/wp.kristdemokraterna.se\/motala\/var-politik\/historia\/\">Read More<\/a><\/p>\n","protected":false},"author":1016,"featured_media":0,"parent":297,"menu_order":0,"comment_status":"closed","ping_status":"closed","template":"","meta":{"_acf_changed":false,"footnotes":""},"class_list":["post-4258","page","type-page","status-publish","hentry"],"acf":[],"yoast_head":"<!-- This site is optimized with the Yoast SEO plugin v27.3 - https:\/\/yoast.com\/product\/yoast-seo-wordpress\/ -->\n<title>Historia - Kristdemokraterna i Motala<\/title>\n<meta name=\"robots\" content=\"index, follow, max-snippet:-1, max-image-preview:large, max-video-preview:-1\" \/>\n<link rel=\"canonical\" href=\"https:\/\/wp.kristdemokraterna.se\/motala\/var-politik\/historia\/\" \/>\n<meta property=\"og:locale\" content=\"sv_SE\" \/>\n<meta property=\"og:type\" content=\"article\" \/>\n<meta property=\"og:title\" content=\"Historia - Kristdemokraterna i Motala\" \/>\n<meta property=\"og:description\" content=\"Kristdemokratin i Europa v\u00e4xte sig stark efter andra v\u00e4rldskriget som motreaktion till nazism. I Sverige bildades KD n\u00e5gra \u00e5r senare av andra sk\u00e4l. Vi \u00e4r stolta \u00f6ver v\u00e5r historia som vilar p\u00e5 tv\u00e5 ben; den europeiska antinazistiska och den svenska folkr\u00f6relsebakgrunden. Ute i Europa \u00e4r kristdemokratin st\u00f6rre \u00e4n i Sverige, v\u00e5rt systerparti CDU har exempelvis Read More\" \/>\n<meta property=\"og:url\" content=\"https:\/\/wp.kristdemokraterna.se\/motala\/var-politik\/historia\/\" \/>\n<meta property=\"og:site_name\" content=\"Kristdemokraterna i Motala\" \/>\n<meta property=\"article:modified_time\" content=\"2023-08-16T10:29:04+00:00\" \/>\n<meta property=\"og:image\" content=\"http:\/\/wp.kristdemokraterna.se\/motala\/files\/2023\/08\/kyrka-1536x1025-1-1024x683.jpg\" \/>\n<meta name=\"twitter:card\" content=\"summary_large_image\" \/>\n<meta name=\"twitter:label1\" content=\"Ber\u00e4knad l\u00e4stid\" \/>\n\t<meta name=\"twitter:data1\" content=\"6 minuter\" \/>\n<script type=\"application\/ld+json\" class=\"yoast-schema-graph\">{\"@context\":\"https:\\\/\\\/schema.org\",\"@graph\":[{\"@type\":\"WebPage\",\"@id\":\"https:\\\/\\\/wp.kristdemokraterna.se\\\/motala\\\/var-politik\\\/historia\\\/\",\"url\":\"https:\\\/\\\/wp.kristdemokraterna.se\\\/motala\\\/var-politik\\\/historia\\\/\",\"name\":\"Historia - Kristdemokraterna i Motala\",\"isPartOf\":{\"@id\":\"https:\\\/\\\/wp.kristdemokraterna.se\\\/motala\\\/#website\"},\"primaryImageOfPage\":{\"@id\":\"https:\\\/\\\/wp.kristdemokraterna.se\\\/motala\\\/var-politik\\\/historia\\\/#primaryimage\"},\"image\":{\"@id\":\"https:\\\/\\\/wp.kristdemokraterna.se\\\/motala\\\/var-politik\\\/historia\\\/#primaryimage\"},\"thumbnailUrl\":\"http:\\\/\\\/wp.kristdemokraterna.se\\\/motala\\\/files\\\/2023\\\/08\\\/kyrka-1536x1025-1-1024x683.jpg\",\"datePublished\":\"2023-08-16T10:28:55+00:00\",\"dateModified\":\"2023-08-16T10:29:04+00:00\",\"breadcrumb\":{\"@id\":\"https:\\\/\\\/wp.kristdemokraterna.se\\\/motala\\\/var-politik\\\/historia\\\/#breadcrumb\"},\"inLanguage\":\"sv-SE\",\"potentialAction\":[{\"@type\":\"ReadAction\",\"target\":[\"https:\\\/\\\/wp.kristdemokraterna.se\\\/motala\\\/var-politik\\\/historia\\\/\"]}]},{\"@type\":\"ImageObject\",\"inLanguage\":\"sv-SE\",\"@id\":\"https:\\\/\\\/wp.kristdemokraterna.se\\\/motala\\\/var-politik\\\/historia\\\/#primaryimage\",\"url\":\"http:\\\/\\\/wp.kristdemokraterna.se\\\/motala\\\/files\\\/2023\\\/08\\\/kyrka-1536x1025-1-1024x683.jpg\",\"contentUrl\":\"http:\\\/\\\/wp.kristdemokraterna.se\\\/motala\\\/files\\\/2023\\\/08\\\/kyrka-1536x1025-1-1024x683.jpg\"},{\"@type\":\"BreadcrumbList\",\"@id\":\"https:\\\/\\\/wp.kristdemokraterna.se\\\/motala\\\/var-politik\\\/historia\\\/#breadcrumb\",\"itemListElement\":[{\"@type\":\"ListItem\",\"position\":1,\"name\":\"Hem\",\"item\":\"https:\\\/\\\/wp.kristdemokraterna.se\\\/motala\\\/\"},{\"@type\":\"ListItem\",\"position\":2,\"name\":\"V\u00e5r politik\",\"item\":\"https:\\\/\\\/wp.kristdemokraterna.se\\\/motala\\\/var-politik\\\/\"},{\"@type\":\"ListItem\",\"position\":3,\"name\":\"Historia\"}]},{\"@type\":\"WebSite\",\"@id\":\"https:\\\/\\\/wp.kristdemokraterna.se\\\/motala\\\/#website\",\"url\":\"https:\\\/\\\/wp.kristdemokraterna.se\\\/motala\\\/\",\"name\":\"Kristdemokraterna i Motala\",\"description\":\"Kristdemokraterna\",\"inLanguage\":\"sv-SE\"}]}<\/script>\n<!-- \/ Yoast SEO plugin. -->","yoast_head_json":{"title":"Historia - Kristdemokraterna i Motala","robots":{"index":"index","follow":"follow","max-snippet":"max-snippet:-1","max-image-preview":"max-image-preview:large","max-video-preview":"max-video-preview:-1"},"canonical":"https:\/\/wp.kristdemokraterna.se\/motala\/var-politik\/historia\/","og_locale":"sv_SE","og_type":"article","og_title":"Historia - Kristdemokraterna i Motala","og_description":"Kristdemokratin i Europa v\u00e4xte sig stark efter andra v\u00e4rldskriget som motreaktion till nazism. I Sverige bildades KD n\u00e5gra \u00e5r senare av andra sk\u00e4l. Vi \u00e4r stolta \u00f6ver v\u00e5r historia som vilar p\u00e5 tv\u00e5 ben; den europeiska antinazistiska och den svenska folkr\u00f6relsebakgrunden. Ute i Europa \u00e4r kristdemokratin st\u00f6rre \u00e4n i Sverige, v\u00e5rt systerparti CDU har exempelvis Read More","og_url":"https:\/\/wp.kristdemokraterna.se\/motala\/var-politik\/historia\/","og_site_name":"Kristdemokraterna i Motala","article_modified_time":"2023-08-16T10:29:04+00:00","og_image":[{"url":"http:\/\/wp.kristdemokraterna.se\/motala\/files\/2023\/08\/kyrka-1536x1025-1-1024x683.jpg","type":"","width":"","height":""}],"twitter_card":"summary_large_image","twitter_misc":{"Ber\u00e4knad l\u00e4stid":"6 minuter"},"schema":{"@context":"https:\/\/schema.org","@graph":[{"@type":"WebPage","@id":"https:\/\/wp.kristdemokraterna.se\/motala\/var-politik\/historia\/","url":"https:\/\/wp.kristdemokraterna.se\/motala\/var-politik\/historia\/","name":"Historia - Kristdemokraterna i Motala","isPartOf":{"@id":"https:\/\/wp.kristdemokraterna.se\/motala\/#website"},"primaryImageOfPage":{"@id":"https:\/\/wp.kristdemokraterna.se\/motala\/var-politik\/historia\/#primaryimage"},"image":{"@id":"https:\/\/wp.kristdemokraterna.se\/motala\/var-politik\/historia\/#primaryimage"},"thumbnailUrl":"http:\/\/wp.kristdemokraterna.se\/motala\/files\/2023\/08\/kyrka-1536x1025-1-1024x683.jpg","datePublished":"2023-08-16T10:28:55+00:00","dateModified":"2023-08-16T10:29:04+00:00","breadcrumb":{"@id":"https:\/\/wp.kristdemokraterna.se\/motala\/var-politik\/historia\/#breadcrumb"},"inLanguage":"sv-SE","potentialAction":[{"@type":"ReadAction","target":["https:\/\/wp.kristdemokraterna.se\/motala\/var-politik\/historia\/"]}]},{"@type":"ImageObject","inLanguage":"sv-SE","@id":"https:\/\/wp.kristdemokraterna.se\/motala\/var-politik\/historia\/#primaryimage","url":"http:\/\/wp.kristdemokraterna.se\/motala\/files\/2023\/08\/kyrka-1536x1025-1-1024x683.jpg","contentUrl":"http:\/\/wp.kristdemokraterna.se\/motala\/files\/2023\/08\/kyrka-1536x1025-1-1024x683.jpg"},{"@type":"BreadcrumbList","@id":"https:\/\/wp.kristdemokraterna.se\/motala\/var-politik\/historia\/#breadcrumb","itemListElement":[{"@type":"ListItem","position":1,"name":"Hem","item":"https:\/\/wp.kristdemokraterna.se\/motala\/"},{"@type":"ListItem","position":2,"name":"V\u00e5r politik","item":"https:\/\/wp.kristdemokraterna.se\/motala\/var-politik\/"},{"@type":"ListItem","position":3,"name":"Historia"}]},{"@type":"WebSite","@id":"https:\/\/wp.kristdemokraterna.se\/motala\/#website","url":"https:\/\/wp.kristdemokraterna.se\/motala\/","name":"Kristdemokraterna i Motala","description":"Kristdemokraterna","inLanguage":"sv-SE"}]}},"_links":{"self":[{"href":"https:\/\/wp.kristdemokraterna.se\/motala\/wp-json\/wp\/v2\/pages\/4258","targetHints":{"allow":["GET"]}}],"collection":[{"href":"https:\/\/wp.kristdemokraterna.se\/motala\/wp-json\/wp\/v2\/pages"}],"about":[{"href":"https:\/\/wp.kristdemokraterna.se\/motala\/wp-json\/wp\/v2\/types\/page"}],"author":[{"embeddable":true,"href":"https:\/\/wp.kristdemokraterna.se\/motala\/wp-json\/wp\/v2\/users\/1016"}],"replies":[{"embeddable":true,"href":"https:\/\/wp.kristdemokraterna.se\/motala\/wp-json\/wp\/v2\/comments?post=4258"}],"version-history":[{"count":1,"href":"https:\/\/wp.kristdemokraterna.se\/motala\/wp-json\/wp\/v2\/pages\/4258\/revisions"}],"predecessor-version":[{"id":4260,"href":"https:\/\/wp.kristdemokraterna.se\/motala\/wp-json\/wp\/v2\/pages\/4258\/revisions\/4260"}],"up":[{"embeddable":true,"href":"https:\/\/wp.kristdemokraterna.se\/motala\/wp-json\/wp\/v2\/pages\/297"}],"wp:attachment":[{"href":"https:\/\/wp.kristdemokraterna.se\/motala\/wp-json\/wp\/v2\/media?parent=4258"}],"curies":[{"name":"wp","href":"https:\/\/api.w.org\/{rel}","templated":true}]}}