{"id":473,"date":"2014-09-08T21:20:06","date_gmt":"2014-09-08T19:20:06","guid":{"rendered":"http:\/\/wp.kristdemokraterna.se\/motala\/?page_id=473"},"modified":"2015-02-25T14:58:58","modified_gmt":"2015-02-25T13:58:58","slug":"valmanifest-2014","status":"publish","type":"page","link":"https:\/\/wp.kristdemokraterna.se\/motala\/program\/valmanifest-2014\/","title":{"rendered":"Valmanifest 2014"},"content":{"rendered":"<p><strong>F\u00f6retag och arbete<\/strong><br \/>\nEn f\u00f6rsta f\u00f6ruts\u00e4ttning f\u00f6r att en kommun ska m\u00e5 bra \u00e4r att befolkningen har arbete. D\u00e4rf\u00f6r \u00e4r det viktigt med ett bra f\u00f6retagsklimat s\u00e5 f\u00f6retagen stannar i kommunen och f\u00f6r att nya ska komma hit. Det kommunen kan g\u00f6ra f\u00f6r detta \u00e4r att se till s\u00e5 det finns lokaler och mark att bygga p\u00e5.<br \/>\nSedan kommer en viktig detalj, och det \u00e4r bem\u00f6tandet! N\u00e4r en f\u00f6retagare h\u00f6r av sig ska alla ber\u00f6rda, politiker och tj\u00e4nstem\u00e4n, st\u00e5 p\u00e5 t\u00e5 n\u00e4r det g\u00e4ller service! Anvisningar om mark, lokaler, bygglov och i de fall det beh\u00f6vs, \u00e4ndring av detaljplaner, ska handl\u00e4ggas med engagemang och snabbhet. S\u00e5dant har betydelse f\u00f6r hur m\u00e5nga arbetstillf\u00e4llen vi f\u00e5r i kommunen, och det i sin tur hur bra det blir att bo i Motala.<br \/>\nAlla, som vill bo i v\u00e5r vackra kommun, kanske \u00e4nd\u00e5 inte kan hitta jobbet de vill ha lokalt, utan beh\u00f6ver pendla. D\u00e4r har pendelt\u00e5get, ut\u00f6ver bussarna, f\u00e5tt en stor betydelse. Det finns dock m\u00e5nga som det inte passar f\u00f6r att \u00e5ka kollektivt, och bussarna g\u00e5r ju inte \u00f6verallt, och f\u00f6r dem \u00e4r bra v\u00e4gar av betydelse. D\u00e4rf\u00f6r anser vi att den nya dragningen av 34:an, mellan Bj\u00f6rkakorset och Borensberg, beh\u00f6ver snabbas p\u00e5. \u00d6verklagande som har l\u00e4mnats in beh\u00f6ver handl\u00e4ggas snabbt, s\u00e5 bygget kommer ig\u00e5ng s\u00e5 snart som m\u00f6jligt.<\/p>\n<p><strong>S\u00e4nkt v\u00e4ntetid f\u00f6r dagisplats<\/strong><br \/>\nMotala kommun ska erbjuda bra barnomsorg och en skola da\u0308r varje barn fa\u030ar utvecklas utifra\u030an sina egna fo\u0308rutsa\u0308ttningar. Va\u0308ntetiden fo\u0308r en dagisplats a\u0308r 4 ma\u030anader. Vi vill s\u00e4nka den till 3 m\u00e5nader, sa\u030a den sammanfaller med en vanlig upps\u00e4gningstid, fo\u0308r att folk inte ska beho\u0308va tacka nej till ett jobb pga. fo\u0308r la\u030ang va\u0308ntetid.<br \/>\nVi jobbar ocks\u00e5 f\u00f6r att minska barngruppernas storlek. F\u00f6r att underl\u00e4tta detta har Kristdemokraterna f\u00f6rslag p\u00e5 \u00f6kat statsbidrag, riktat till just detta.<br \/>\nEn annan \u00e5tg\u00e4rd, som skulle underl\u00e4tta minskningen av barngrupperna, \u00e4r att \u00e5terinf\u00f6ra valfrihet i barnomsorgen. F\u00f6rra mandatperioden, d\u00e5 Kristdemokraterna ingick i styret, inf\u00f6rdes m\u00f6jlighet att v\u00e4lja v\u00e5rdnadsbidrag. Ett antal gjorde det och d\u00e4rigenom minskade trycket p\u00e5 dagisplatser. Tyv\u00e4rr tog Socialdemokraterna bort detta och kommunen har nu problem att hitta platser till alla. F\u00e5r m\u00e4nniskor v\u00e4lja s\u00e5 v\u00e4ljer de olika. Det g\u00f6r att det blir l\u00e4ttare att l\u00f6sa situationen f\u00f6r alla! V\u00e5rdnadsbidraget \u00e4r s\u00e5ledes bra \u00e4ven f\u00f6r dem som vill ha dagisplats, d\u00e5 trycket p\u00e5 dagis minskar f\u00f6r varje person som v\u00e4ljer v\u00e5rdnadsbidrag ist\u00e4llet f\u00f6r dagis.<\/p>\n<p><strong>\u00c4ldreomsorg<\/strong><br \/>\nValfrihet ska naturligtvis g\u00e4lla \u00e4ven inom \u00e4ldreomsorgen. F\u00f6r att man ska kunna v\u00e4lja m\u00e5ste det finnas n\u00e5got att v\u00e4lja p\u00e5. D\u00e4rf\u00f6r \u00e4r vi positiva till att fler \u00e4r med och utf\u00f6r kommunal verksamhet, detta g\u00e4ller allt ifr\u00e5n barnomsorg, skola till \u00e4ldreomsorg.<br \/>\nHittills har det endast varit m\u00f6jligt att f\u00e5 plats p\u00e5 \u00e4ldreboende efter myndighetsbeslut. Vi f\u00f6resl\u00e5r att den som fyllt 85 \u00e5r ska har r\u00e4tt till plats p\u00e5 \u00e4ldreboende.<br \/>\nVi vill ocks\u00e5 att maten ska lagas lokalt, helst p\u00e5 varje enhet.<\/p>\n<p><strong>Skolan<\/strong><br \/>\nBasresursen till skolan drogs ned f\u00f6r n\u00e5gra \u00e5r sedan. D\u00e5 det visat sig att detta inte blivit bra, vill vi \u00e5terst\u00e4lla den.<br \/>\nResultatet i skolan har diskuterats en hel del, d\u00e5 det inte \u00e4r tillfredst\u00e4llande. Forskningen har visat att fysisk aktivitet f\u00f6rb\u00e4ttrar inl\u00e4randet. D\u00e4rf\u00f6r vill vi att skolan ska ha idrott p\u00e5 schemat varje dag.<br \/>\nH\u00e4llaskolans, i Borensberg, idrottshall kan inte anv\u00e4ndas fullt ut beroende p\u00e5 brister i brandskyddet. Det skulle kosta 1,2 miljoner att \u00e5tg\u00e4rda. Det ser vi som n\u00e5got som ska \u00e5tg\u00e4rdas omedelbart!<br \/>\nP\u00e5 gymnasieniv\u00e5 vill vi ha en \u00f6kad satsning p\u00e5 l\u00e4rlingsutbildning samt mer arbetsplatsf\u00f6rlagd tid f\u00f6r yrkesprogrammen.<\/p>\n<p><strong>Stadsbyggnad<\/strong><br \/>\nEn fr\u00e5ga som diskuterats mycket \u00e4r hur det ska se ut i kvarteret Linden, parkeringsplatsen mellan stationen och genomfarten. Socialdemokraterna vill ha en s\u00e5 kallad COOP-lada d\u00e4r, en platt aff\u00e4rslokal, som dessutom kommer att medf\u00f6ra mycket extra trafik, till ett omr\u00e5de som redan \u00e4r h\u00e5rt belastat.<br \/>\nVi vill ist\u00e4llet ha en h\u00f6gre byggnad med bost\u00e4der, och kanske n\u00e5gra kontor. Det \u00e4r ett perfekt l\u00e4ger f\u00f6r boende och kontor d\u00e5 det \u00e4r n\u00e4ra till b\u00e5de pendelt\u00e5g och bussar, samt i \u00f6vrigt ett centralt l\u00e4ge.<br \/>\nSer man sedan till stadsbilden s\u00e5 skulle en l\u00e5dliknande butikslokal inte passa in. Ett s\u00e5 centralt l\u00e4ge ska naturligtvis ha en byggnad som passar in i \u00f6vrig bebyggelse! F\u00f6r aff\u00e4rslokaler, av l\u00e5dmodell, har vi omr\u00e5den som exempelvis Br\u00e5storp, d\u00e4r de passar in och d\u00e4rf\u00f6r b\u00f6r h\u00e4nvisas till.<\/p>\n<p><strong>Investeringar<\/strong><br \/>\nP\u00e5 v\u00e4ster beh\u00f6vs en ny skola, Varamoskolan. Den ska ers\u00e4tta R\u00e5ssn\u00e4sskolan, som \u00e4r i skick s\u00e5 det \u00e4r l\u00e4mpligt att riva den, och l\u00e4mpligen utformas den nya skolan ihop med befintliga Mariebergsskolan.<br \/>\nSimhallen \u00e4r den idrottsanl\u00e4ggning som vi s\u00e4tter i f\u00f6rsta hand. Det \u00e4r viktigt, inte minst f\u00f6r att kunna uppfylla skolans m\u00e5l om att alla ska l\u00e4ra sig simma.<br \/>\nM\u00e4ngden pengar f\u00f6r investeringar \u00e4r begr\u00e4nsad s\u00e5 d\u00e4rf\u00f6r ser vi inte en bandyhall\/aktivitetshall i n\u00e4rtid, men avvisar den inte p\u00e5 sikt.<\/p>\n<p><strong>Underh\u00e5ll, cykelv\u00e4gar<\/strong><br \/>\nDet som inte underh\u00e5lls f\u00f6rst\u00f6rs. En enkel, men viktig sanning. Det kr\u00e4vs ett \u00f6kat underh\u00e5ll av kommunens gator. Sker inte detta kommer det att bli dyrare i framtiden att restaurera gatorna.<br \/>\nDet finns planer p\u00e5 att \u00f6ka antalet cykelv\u00e4gar i kommunen. Vi tycker att man f\u00f6rst ska se till att underh\u00e5lla de som finns. Det l\u00e5ter s\u00e5 bra, med fler cykelv\u00e4gar, men underh\u00e5lls de inte s\u00e5 blir de obekv\u00e4ma att cykla p\u00e5, och i n\u00e4sta skede farliga.<\/p>\n<p><strong>Socialt ansvar<\/strong><br \/>\nDet drogf\u00f6rebyggande arbetet \u00e4r viktigt. B\u00e4st sker det i en bred samverkan med ideella och privata verksamheter. En av dessa \u00e4r RIA, som vi anser ska f\u00e5 fortsatt st\u00f6d av kommunen.<\/p>\n<p>&gt;\u00a0<a href=\"http:\/\/wp.kristdemokraterna.se\/motala\/files\/2014\/09\/kdmotala_valmanifest2014.pdf\" target=\"_blank\">KDMotala_valmanifest2014<\/a> (pdf)<\/p>\n","protected":false},"excerpt":{"rendered":"<p>F\u00f6retag och arbete En f\u00f6rsta f\u00f6ruts\u00e4ttning f\u00f6r att en kommun ska m\u00e5 bra \u00e4r att befolkningen har arbete. D\u00e4rf\u00f6r \u00e4r det viktigt med ett bra f\u00f6retagsklimat s\u00e5 f\u00f6retagen stannar i kommunen och f\u00f6r att nya ska komma hit. Det kommunen kan g\u00f6ra f\u00f6r detta \u00e4r att se till s\u00e5 det finns lokaler och mark att <a class=\"read-more-link\" href=\"https:\/\/wp.kristdemokraterna.se\/motala\/program\/valmanifest-2014\/\">Read More<\/a><\/p>\n","protected":false},"author":686,"featured_media":0,"parent":544,"menu_order":0,"comment_status":"closed","ping_status":"closed","template":"","meta":{"_acf_changed":false,"footnotes":""},"class_list":["post-473","page","type-page","status-publish","hentry"],"acf":[],"yoast_head":"<!-- This site is optimized with the Yoast SEO plugin v27.4 - https:\/\/yoast.com\/product\/yoast-seo-wordpress\/ -->\n<title>Valmanifest 2014 - Kristdemokraterna i Motala<\/title>\n<meta name=\"robots\" content=\"index, follow, max-snippet:-1, max-image-preview:large, max-video-preview:-1\" \/>\n<link rel=\"canonical\" href=\"https:\/\/wp.kristdemokraterna.se\/motala\/program\/valmanifest-2014\/\" \/>\n<meta property=\"og:locale\" content=\"sv_SE\" \/>\n<meta property=\"og:type\" content=\"article\" \/>\n<meta property=\"og:title\" content=\"Valmanifest 2014 - Kristdemokraterna i Motala\" \/>\n<meta property=\"og:description\" content=\"F\u00f6retag och arbete En f\u00f6rsta f\u00f6ruts\u00e4ttning f\u00f6r att en kommun ska m\u00e5 bra \u00e4r att befolkningen har arbete. D\u00e4rf\u00f6r \u00e4r det viktigt med ett bra f\u00f6retagsklimat s\u00e5 f\u00f6retagen stannar i kommunen och f\u00f6r att nya ska komma hit. Det kommunen kan g\u00f6ra f\u00f6r detta \u00e4r att se till s\u00e5 det finns lokaler och mark att Read More\" \/>\n<meta property=\"og:url\" content=\"https:\/\/wp.kristdemokraterna.se\/motala\/program\/valmanifest-2014\/\" \/>\n<meta property=\"og:site_name\" content=\"Kristdemokraterna i Motala\" \/>\n<meta property=\"article:modified_time\" content=\"2015-02-25T13:58:58+00:00\" \/>\n<meta name=\"twitter:card\" content=\"summary_large_image\" \/>\n<meta name=\"twitter:label1\" content=\"Ber\u00e4knad l\u00e4stid\" \/>\n\t<meta name=\"twitter:data1\" content=\"5 minuter\" \/>\n<script type=\"application\/ld+json\" class=\"yoast-schema-graph\">{\"@context\":\"https:\\\/\\\/schema.org\",\"@graph\":[{\"@type\":\"WebPage\",\"@id\":\"https:\\\/\\\/wp.kristdemokraterna.se\\\/motala\\\/program\\\/valmanifest-2014\\\/\",\"url\":\"https:\\\/\\\/wp.kristdemokraterna.se\\\/motala\\\/program\\\/valmanifest-2014\\\/\",\"name\":\"Valmanifest 2014 - Kristdemokraterna i Motala\",\"isPartOf\":{\"@id\":\"https:\\\/\\\/wp.kristdemokraterna.se\\\/motala\\\/#website\"},\"datePublished\":\"2014-09-08T19:20:06+00:00\",\"dateModified\":\"2015-02-25T13:58:58+00:00\",\"breadcrumb\":{\"@id\":\"https:\\\/\\\/wp.kristdemokraterna.se\\\/motala\\\/program\\\/valmanifest-2014\\\/#breadcrumb\"},\"inLanguage\":\"sv-SE\",\"potentialAction\":[{\"@type\":\"ReadAction\",\"target\":[\"https:\\\/\\\/wp.kristdemokraterna.se\\\/motala\\\/program\\\/valmanifest-2014\\\/\"]}]},{\"@type\":\"BreadcrumbList\",\"@id\":\"https:\\\/\\\/wp.kristdemokraterna.se\\\/motala\\\/program\\\/valmanifest-2014\\\/#breadcrumb\",\"itemListElement\":[{\"@type\":\"ListItem\",\"position\":1,\"name\":\"Hem\",\"item\":\"https:\\\/\\\/wp.kristdemokraterna.se\\\/motala\\\/\"},{\"@type\":\"ListItem\",\"position\":2,\"name\":\"Program\",\"item\":\"https:\\\/\\\/wp.kristdemokraterna.se\\\/motala\\\/program\\\/\"},{\"@type\":\"ListItem\",\"position\":3,\"name\":\"Valmanifest 2014\"}]},{\"@type\":\"WebSite\",\"@id\":\"https:\\\/\\\/wp.kristdemokraterna.se\\\/motala\\\/#website\",\"url\":\"https:\\\/\\\/wp.kristdemokraterna.se\\\/motala\\\/\",\"name\":\"Kristdemokraterna i Motala\",\"description\":\"Kristdemokraterna\",\"inLanguage\":\"sv-SE\"}]}<\/script>\n<!-- \/ Yoast SEO plugin. -->","yoast_head_json":{"title":"Valmanifest 2014 - Kristdemokraterna i Motala","robots":{"index":"index","follow":"follow","max-snippet":"max-snippet:-1","max-image-preview":"max-image-preview:large","max-video-preview":"max-video-preview:-1"},"canonical":"https:\/\/wp.kristdemokraterna.se\/motala\/program\/valmanifest-2014\/","og_locale":"sv_SE","og_type":"article","og_title":"Valmanifest 2014 - Kristdemokraterna i Motala","og_description":"F\u00f6retag och arbete En f\u00f6rsta f\u00f6ruts\u00e4ttning f\u00f6r att en kommun ska m\u00e5 bra \u00e4r att befolkningen har arbete. D\u00e4rf\u00f6r \u00e4r det viktigt med ett bra f\u00f6retagsklimat s\u00e5 f\u00f6retagen stannar i kommunen och f\u00f6r att nya ska komma hit. Det kommunen kan g\u00f6ra f\u00f6r detta \u00e4r att se till s\u00e5 det finns lokaler och mark att Read More","og_url":"https:\/\/wp.kristdemokraterna.se\/motala\/program\/valmanifest-2014\/","og_site_name":"Kristdemokraterna i Motala","article_modified_time":"2015-02-25T13:58:58+00:00","twitter_card":"summary_large_image","twitter_misc":{"Ber\u00e4knad l\u00e4stid":"5 minuter"},"schema":{"@context":"https:\/\/schema.org","@graph":[{"@type":"WebPage","@id":"https:\/\/wp.kristdemokraterna.se\/motala\/program\/valmanifest-2014\/","url":"https:\/\/wp.kristdemokraterna.se\/motala\/program\/valmanifest-2014\/","name":"Valmanifest 2014 - Kristdemokraterna i Motala","isPartOf":{"@id":"https:\/\/wp.kristdemokraterna.se\/motala\/#website"},"datePublished":"2014-09-08T19:20:06+00:00","dateModified":"2015-02-25T13:58:58+00:00","breadcrumb":{"@id":"https:\/\/wp.kristdemokraterna.se\/motala\/program\/valmanifest-2014\/#breadcrumb"},"inLanguage":"sv-SE","potentialAction":[{"@type":"ReadAction","target":["https:\/\/wp.kristdemokraterna.se\/motala\/program\/valmanifest-2014\/"]}]},{"@type":"BreadcrumbList","@id":"https:\/\/wp.kristdemokraterna.se\/motala\/program\/valmanifest-2014\/#breadcrumb","itemListElement":[{"@type":"ListItem","position":1,"name":"Hem","item":"https:\/\/wp.kristdemokraterna.se\/motala\/"},{"@type":"ListItem","position":2,"name":"Program","item":"https:\/\/wp.kristdemokraterna.se\/motala\/program\/"},{"@type":"ListItem","position":3,"name":"Valmanifest 2014"}]},{"@type":"WebSite","@id":"https:\/\/wp.kristdemokraterna.se\/motala\/#website","url":"https:\/\/wp.kristdemokraterna.se\/motala\/","name":"Kristdemokraterna i Motala","description":"Kristdemokraterna","inLanguage":"sv-SE"}]}},"_links":{"self":[{"href":"https:\/\/wp.kristdemokraterna.se\/motala\/wp-json\/wp\/v2\/pages\/473","targetHints":{"allow":["GET"]}}],"collection":[{"href":"https:\/\/wp.kristdemokraterna.se\/motala\/wp-json\/wp\/v2\/pages"}],"about":[{"href":"https:\/\/wp.kristdemokraterna.se\/motala\/wp-json\/wp\/v2\/types\/page"}],"author":[{"embeddable":true,"href":"https:\/\/wp.kristdemokraterna.se\/motala\/wp-json\/wp\/v2\/users\/686"}],"replies":[{"embeddable":true,"href":"https:\/\/wp.kristdemokraterna.se\/motala\/wp-json\/wp\/v2\/comments?post=473"}],"version-history":[{"count":3,"href":"https:\/\/wp.kristdemokraterna.se\/motala\/wp-json\/wp\/v2\/pages\/473\/revisions"}],"predecessor-version":[{"id":475,"href":"https:\/\/wp.kristdemokraterna.se\/motala\/wp-json\/wp\/v2\/pages\/473\/revisions\/475"}],"up":[{"embeddable":true,"href":"https:\/\/wp.kristdemokraterna.se\/motala\/wp-json\/wp\/v2\/pages\/544"}],"wp:attachment":[{"href":"https:\/\/wp.kristdemokraterna.se\/motala\/wp-json\/wp\/v2\/media?parent=473"}],"curies":[{"name":"wp","href":"https:\/\/api.w.org\/{rel}","templated":true}]}}