{"id":544,"date":"2010-04-02T18:26:18","date_gmt":"2010-04-02T16:26:18","guid":{"rendered":"http:\/\/wp.kristdemokraterna.se\/motala\/?page_id=544"},"modified":"2019-04-09T14:17:08","modified_gmt":"2019-04-09T12:17:08","slug":"program","status":"publish","type":"page","link":"https:\/\/wp.kristdemokraterna.se\/motala\/program\/","title":{"rendered":"Program"},"content":{"rendered":"<p>&gt; <a title=\"Valinformation till alla hush\u00e5ll 2014\" href=\"http:\/\/wp.kristdemokraterna.se\/motala\/program\/valinformation-till-alla-hushall-2014\/\">Valinformation till alla hush\u00e5ll 2014<\/a><br \/>\n&gt; <a title=\"Valmanifest 2014\" href=\"http:\/\/wp.kristdemokraterna.se\/motala\/program\/valmanifest-2014\/\">Valmanifest 2014<\/a><br \/>\n&gt; <a title=\"Valinformation till alla hush\u00e5ll 2010\" href=\"http:\/\/wp.kristdemokraterna.se\/motala\/program\/valinformation-till-alla-hushall-2010\/\">Valinformation till alla hush\u00e5ll 2010<\/a><br \/>\n&gt; <a title=\"Valinformation till alla hush\u00e5ll 2006\" href=\"http:\/\/wp.kristdemokraterna.se\/motala\/program\/valinformation-till-alla-hushall-2006\/\">Valinformation till alla hush\u00e5ll 2006<\/a><br \/>\n&gt; <a title=\"Kommun folder 2006\" href=\"http:\/\/wp.kristdemokraterna.se\/motala\/program\/kommunfolder-2006\/\">Kommun folder 2006<\/a><br \/>\n&gt; <a title=\"Valinformation till alla hush\u00e5ll 2002\" href=\"http:\/\/wp.kristdemokraterna.se\/motala\/program\/valinformation-till-alla-hushall-2002\/\">Valinformation till alla hush\u00e5ll 2002<\/a><br \/>\n&gt; <a title=\"Valfolder 1998\" href=\"http:\/\/wp.kristdemokraterna.se\/motala\/program\/valfolder-1998\/\">Valfolder 1998<\/a><br \/>\n&gt; <a title=\"V\u00e5r politik\" href=\"http:\/\/wp.kristdemokraterna.se\/motala\/var-politik\/\">V\u00e5r politik<\/a><\/p>\n","protected":false},"excerpt":{"rendered":"<p>&gt; Valinformation till alla hush\u00e5ll 2014 &gt; Valmanifest 2014 &gt; Valinformation till alla hush\u00e5ll 2010 &gt; Valinformation till alla hush\u00e5ll 2006 &gt; Kommun folder 2006 &gt; Valinformation till alla hush\u00e5ll 2002 &gt; Valfolder 1998 &gt; V\u00e5r politik<\/p>\n","protected":false},"author":686,"featured_media":0,"parent":0,"menu_order":37,"comment_status":"closed","ping_status":"closed","template":"","meta":{"_acf_changed":false,"footnotes":""},"class_list":["post-544","page","type-page","status-publish","hentry"],"acf":[],"yoast_head":"<!-- This site is optimized with the Yoast SEO plugin v27.4 - https:\/\/yoast.com\/product\/yoast-seo-wordpress\/ -->\n<title>Program - Kristdemokraterna i Motala<\/title>\n<meta name=\"robots\" content=\"index, follow, max-snippet:-1, max-image-preview:large, max-video-preview:-1\" \/>\n<link rel=\"canonical\" href=\"https:\/\/wp.kristdemokraterna.se\/motala\/program\/\" \/>\n<meta property=\"og:locale\" content=\"sv_SE\" \/>\n<meta property=\"og:type\" content=\"article\" \/>\n<meta property=\"og:title\" content=\"Program - Kristdemokraterna i Motala\" \/>\n<meta property=\"og:description\" content=\"&gt; Valinformation till alla hush\u00e5ll 2014 &gt; Valmanifest 2014 &gt; Valinformation till alla hush\u00e5ll 2010 &gt; Valinformation till alla hush\u00e5ll 2006 &gt; Kommun folder 2006 &gt; Valinformation till alla hush\u00e5ll 2002 &gt; Valfolder 1998 &gt; V\u00e5r politik\" \/>\n<meta property=\"og:url\" content=\"https:\/\/wp.kristdemokraterna.se\/motala\/program\/\" \/>\n<meta property=\"og:site_name\" content=\"Kristdemokraterna i Motala\" \/>\n<meta property=\"article:modified_time\" content=\"2019-04-09T12:17:08+00:00\" \/>\n<meta name=\"twitter:card\" content=\"summary_large_image\" \/>\n<script type=\"application\/ld+json\" class=\"yoast-schema-graph\">{\"@context\":\"https:\\\/\\\/schema.org\",\"@graph\":[{\"@type\":\"WebPage\",\"@id\":\"https:\\\/\\\/wp.kristdemokraterna.se\\\/motala\\\/program\\\/\",\"url\":\"https:\\\/\\\/wp.kristdemokraterna.se\\\/motala\\\/program\\\/\",\"name\":\"Program - Kristdemokraterna i Motala\",\"isPartOf\":{\"@id\":\"https:\\\/\\\/wp.kristdemokraterna.se\\\/motala\\\/#website\"},\"datePublished\":\"2010-04-02T16:26:18+00:00\",\"dateModified\":\"2019-04-09T12:17:08+00:00\",\"breadcrumb\":{\"@id\":\"https:\\\/\\\/wp.kristdemokraterna.se\\\/motala\\\/program\\\/#breadcrumb\"},\"inLanguage\":\"sv-SE\",\"potentialAction\":[{\"@type\":\"ReadAction\",\"target\":[\"https:\\\/\\\/wp.kristdemokraterna.se\\\/motala\\\/program\\\/\"]}]},{\"@type\":\"BreadcrumbList\",\"@id\":\"https:\\\/\\\/wp.kristdemokraterna.se\\\/motala\\\/program\\\/#breadcrumb\",\"itemListElement\":[{\"@type\":\"ListItem\",\"position\":1,\"name\":\"Hem\",\"item\":\"https:\\\/\\\/wp.kristdemokraterna.se\\\/motala\\\/\"},{\"@type\":\"ListItem\",\"position\":2,\"name\":\"Program\"}]},{\"@type\":\"WebSite\",\"@id\":\"https:\\\/\\\/wp.kristdemokraterna.se\\\/motala\\\/#website\",\"url\":\"https:\\\/\\\/wp.kristdemokraterna.se\\\/motala\\\/\",\"name\":\"Kristdemokraterna i Motala\",\"description\":\"Kristdemokraterna\",\"inLanguage\":\"sv-SE\"}]}<\/script>\n<!-- \/ Yoast SEO plugin. -->","yoast_head_json":{"title":"Program - Kristdemokraterna i Motala","robots":{"index":"index","follow":"follow","max-snippet":"max-snippet:-1","max-image-preview":"max-image-preview:large","max-video-preview":"max-video-preview:-1"},"canonical":"https:\/\/wp.kristdemokraterna.se\/motala\/program\/","og_locale":"sv_SE","og_type":"article","og_title":"Program - Kristdemokraterna i Motala","og_description":"&gt; Valinformation till alla hush\u00e5ll 2014 &gt; Valmanifest 2014 &gt; Valinformation till alla hush\u00e5ll 2010 &gt; Valinformation till alla hush\u00e5ll 2006 &gt; Kommun folder 2006 &gt; Valinformation till alla hush\u00e5ll 2002 &gt; Valfolder 1998 &gt; V\u00e5r politik","og_url":"https:\/\/wp.kristdemokraterna.se\/motala\/program\/","og_site_name":"Kristdemokraterna i Motala","article_modified_time":"2019-04-09T12:17:08+00:00","twitter_card":"summary_large_image","schema":{"@context":"https:\/\/schema.org","@graph":[{"@type":"WebPage","@id":"https:\/\/wp.kristdemokraterna.se\/motala\/program\/","url":"https:\/\/wp.kristdemokraterna.se\/motala\/program\/","name":"Program - Kristdemokraterna i Motala","isPartOf":{"@id":"https:\/\/wp.kristdemokraterna.se\/motala\/#website"},"datePublished":"2010-04-02T16:26:18+00:00","dateModified":"2019-04-09T12:17:08+00:00","breadcrumb":{"@id":"https:\/\/wp.kristdemokraterna.se\/motala\/program\/#breadcrumb"},"inLanguage":"sv-SE","potentialAction":[{"@type":"ReadAction","target":["https:\/\/wp.kristdemokraterna.se\/motala\/program\/"]}]},{"@type":"BreadcrumbList","@id":"https:\/\/wp.kristdemokraterna.se\/motala\/program\/#breadcrumb","itemListElement":[{"@type":"ListItem","position":1,"name":"Hem","item":"https:\/\/wp.kristdemokraterna.se\/motala\/"},{"@type":"ListItem","position":2,"name":"Program"}]},{"@type":"WebSite","@id":"https:\/\/wp.kristdemokraterna.se\/motala\/#website","url":"https:\/\/wp.kristdemokraterna.se\/motala\/","name":"Kristdemokraterna i Motala","description":"Kristdemokraterna","inLanguage":"sv-SE"}]}},"_links":{"self":[{"href":"https:\/\/wp.kristdemokraterna.se\/motala\/wp-json\/wp\/v2\/pages\/544","targetHints":{"allow":["GET"]}}],"collection":[{"href":"https:\/\/wp.kristdemokraterna.se\/motala\/wp-json\/wp\/v2\/pages"}],"about":[{"href":"https:\/\/wp.kristdemokraterna.se\/motala\/wp-json\/wp\/v2\/types\/page"}],"author":[{"embeddable":true,"href":"https:\/\/wp.kristdemokraterna.se\/motala\/wp-json\/wp\/v2\/users\/686"}],"replies":[{"embeddable":true,"href":"https:\/\/wp.kristdemokraterna.se\/motala\/wp-json\/wp\/v2\/comments?post=544"}],"version-history":[{"count":10,"href":"https:\/\/wp.kristdemokraterna.se\/motala\/wp-json\/wp\/v2\/pages\/544\/revisions"}],"predecessor-version":[{"id":603,"href":"https:\/\/wp.kristdemokraterna.se\/motala\/wp-json\/wp\/v2\/pages\/544\/revisions\/603"}],"wp:attachment":[{"href":"https:\/\/wp.kristdemokraterna.se\/motala\/wp-json\/wp\/v2\/media?parent=544"}],"curies":[{"name":"wp","href":"https:\/\/api.w.org\/{rel}","templated":true}]}}