{"id":634,"date":"2010-07-23T18:06:14","date_gmt":"2010-07-23T16:06:14","guid":{"rendered":"http:\/\/wp.kristdemokraterna.se\/motala\/?page_id=634"},"modified":"2015-03-16T17:00:12","modified_gmt":"2015-03-16T16:00:12","slug":"ett-manskligare-sverige","status":"publish","type":"page","link":"https:\/\/wp.kristdemokraterna.se\/motala\/valet2010\/ett-manskligare-sverige\/","title":{"rendered":"Valet 2010 &#8211; Ett m\u00e4nskligare Sverige"},"content":{"rendered":"<p><strong><img loading=\"lazy\" decoding=\"async\" class=\"alignnone wp-image-637 size-full\" src=\"http:\/\/wp.kristdemokraterna.se\/motala\/files\/2010\/07\/ghfargtoppbild400.jpg\" alt=\"G\u00f6ran H\u00e4gglund, Foto: Kristdemokraterna - ghfargtoppbild400\" width=\"400\" height=\"283\" srcset=\"https:\/\/wp.kristdemokraterna.se\/motala\/files\/2010\/07\/ghfargtoppbild400.jpg 400w, https:\/\/wp.kristdemokraterna.se\/motala\/files\/2010\/07\/ghfargtoppbild400-300x212.jpg 300w, https:\/\/wp.kristdemokraterna.se\/motala\/files\/2010\/07\/ghfargtoppbild400-158x112.jpg 158w\" sizes=\"auto, (max-width: 400px) 100vw, 400px\" \/><br \/>\nVi kristdemokrater har de senaste fyra \u00e5ren \u00e5stadkommit mycket som vi \u00e4r stolta \u00f6ver. Den personliga friheten har \u00f6kat inom skola, v\u00e5rd och omsorg. V\u00e5rdk\u00f6erna har kortats kraftigt. L\u00f6ntagare, pension\u00e4rer och f\u00f6retagare har f\u00e5tt skattel\u00e4ttnader och st\u00f6rre ekonomiskt utrymme. Kvaliteten har \u00f6kat inom \u00e4ldreomsorgen. Familjerna har f\u00e5tt st\u00f6rre m\u00f6jlighet att styra \u00f6ver sin egen vardag. Statistiskt sett har vi i Sverige \u2013 trots krisen \u2013 faktiskt aldrig haft det b\u00e4ttre \u00e4n i dag. Aldrig varit friskare, rikare, eller haft mer att s\u00e4ga till om i v\u00e5ra egna liv.<\/strong><\/p>\n<p>Ska vi vara n\u00f6jda d\u00e5? Jag tycker inte det. Att folk i genomsnitt har f\u00e5tt det b\u00e4ttre betyder inte att alla har det bra. Och h\u00e4r \u00e4r vi Kristdemokrater bekymrade. F\u00f6r \u00e4ven om vi st\u00e5r f\u00f6r ett samh\u00e4lle med st\u00f6rre frihet i vardagen s\u00e5 betyder inte det att vi st\u00e5r f\u00f6r djungelns lag.<\/p>\n<p>Vi tycker inte att den starke ska ha st\u00f6rre r\u00e4ttigheter \u00e4n den svage. Vi tycker inte att politiker ska \u00f6ka kontrollen \u00f6ver m\u00e4nniskors vardag med hj\u00e4lp av kvotering, reglering och styrande bidrag.<\/p>\n<p>Vi kan inte se mellan fingrarna n\u00e4r det kommer till or\u00e4ttvisor. Vi vill bryta utanf\u00f6rskapet f\u00f6r dem som saknar arbete. Vi vill g\u00f6ra n\u00e5got \u00e5t \u00e5terv\u00e4ndsgr\u00e4nden f\u00f6r de l\u00e5ngtidssjuka. Vi vill ge m\u00e4nniskor p\u00e5 flykt m\u00f6jlighet till ett liv i frihet och s\u00e4kerhet. Vi vill bek\u00e4mpa rofferi och egoism. Vi vill stoppa \u00f6versitteri, h\u00e4nsynsl\u00f6shet och likgiltighet.<\/p>\n<p>Jag tror att det finns m\u00e5nga som precis som vi kristdemokrater tycker att Sverige m\u00e5ste bli m\u00e4nskligare. Nu hoppas jag p\u00e5 din hj\u00e4lp den 19 september.<\/p>\n<p><a title=\"www.kristdemokraterna.se\/GoranHagglund\" href=\"https:\/\/www.kristdemokraterna.se\/Kontaktportal\/Kontaktportalsida\/?pId=9880\" target=\"_blank\">G\u00f6ran H\u00e4gglund<\/a><br \/>\n<em>Partiledare f\u00f6r Kristdemokraterna<br \/>\n<\/em><\/p>\n<hr \/>\n<p><strong>Kristdemokraternas valfilm\/TV-reklam<\/strong> (<em>2010<\/em>)<br \/>\n<a href=\"https:\/\/www.youtube.com\/watch?v=XIRCq_lSgfs\" target=\"_blank\"><img loading=\"lazy\" decoding=\"async\" class=\"alignnone wp-image-640\" src=\"http:\/\/wp.kristdemokraterna.se\/motala\/files\/2010\/07\/kd_ettmanskligaresverige2010_629.jpg\" alt=\"Kristdemokratisk reklamfilm (VALET 2010)  - kd_ettmanskligaresverige2010_629\" width=\"323\" height=\"183\" \/><\/a><br \/>\n&gt; <a href=\"https:\/\/www.youtube.com\/watch?v=XIRCq_lSgfs\" target=\"_blank\">Valfilmen 2010<\/a>\u00a0 (<em>YouTube.com<\/em>)<br \/>\n&gt; <a href=\"http:\/\/open.spotify.com\/track\/2QbSGkb3TgghEHpjKCsznm\" target=\"_blank\">Vall\u00e5ten 2010<\/a> (<em>Spotify.com<\/em>) &#8221;<em>The Tokens, The lion sleeps tonight (wimoweh)<\/em>&#8221;<\/p>\n<hr \/>\n<p>&gt; <a title=\"Steg 1 \u2013 L\u00e5t familjerna best\u00e4mma mer!\" href=\"http:\/\/wp.kristdemokraterna.se\/motala\/valet2010\/ett-manskligare-sverige\/steg-1\/\">Steg 1<\/a><br \/>\nF\u00f6r att Sverige ska fungera \u00e4r det n\u00f6dv\u00e4ndigt att familjerna fungerar. Vi vill g\u00f6ra det l\u00e4ttare f\u00f6r familjer att sj\u00e4lva planera sin vardag. Vi tror p\u00e5 f\u00e4rre pekpinnar och mer valfrihet. Vi vill att r\u00e4tt till v\u00e5rdnadsbidrag ska finnas i hela Sverige. Och att alla familjer ska f\u00e5 st\u00f6d i den utstr\u00e4ckning som beh\u00f6vs f\u00f6r att klara vardagen. Barn m\u00e5r bra av att vara med sina f\u00f6r\u00e4ldrar. En trygg uppv\u00e4xt \u00f6kar chanserna till ett bra liv.<\/p>\n<p>&gt; <a title=\"Steg 2 \u2013 Mer respekt f\u00f6r \u00e4ldre\" href=\"http:\/\/wp.kristdemokraterna.se\/motala\/valet2010\/ett-manskligare-sverige\/steg-2\/\">Steg 2<\/a><br \/>\nF\u00f6r att leva v\u00e4rdiga liv beh\u00f6ver \u00e4ldre m\u00e4nniskor bem\u00f6tas med respekt. Vi vill \u00f6ka valfriheten och inf\u00f6ra fler boendeformer. Mat och mediciner \u00e4r sj\u00e4lvklart viktigt, men en pratstund eller en promenad kan betyda enormt mycket. Pension\u00e4rerna m\u00e5ste f\u00e5 st\u00f6rre skattes\u00e4nkningar. Och den som vill trappa ner p\u00e5 jobbet lite tidigare, eller forts\u00e4tta jobba l\u00e4ngre, ska f\u00e5 g\u00f6ra det.<\/p>\n<p>&gt; <a title=\"Steg 3 \u2013 Tryggare v\u00e5rd utan k\u00f6er\" href=\"http:\/\/wp.kristdemokraterna.se\/motala\/valet2010\/ett-manskligare-sverige\/steg-3\/\">Steg 3<\/a><br \/>\nK\u00f6er h\u00f6r inte hemma i sjukv\u00e5rden. Kristdemokraterna har halverat v\u00e5rdk\u00f6erna, men vi n\u00f6jer oss inte med det. Vi kommer aldrig att kompromissa med s\u00e4kerheten eller kvaliteten inom v\u00e5rden. Den som beh\u00f6ver v\u00e5rd ska k\u00e4nna sig trygg och veta att v\u00e5rden betalas gemensamt. Men trygghet \u00e4r ocks\u00e5 att kunna v\u00e4lja var och av vem man ska v\u00e5rdas.<\/p>\n<p>&gt; <a title=\"Steg 4 \u2013 Alla som kan ska f\u00e5 jobba!\" href=\"http:\/\/wp.kristdemokraterna.se\/motala\/valet2010\/ett-manskligare-sverige\/steg-4\/\">Steg 4<\/a><br \/>\nAlla m\u00e5ste f\u00e5 k\u00e4nna sig beh\u00f6vda. Att s\u00e4nka arbetsl\u00f6sheten handlar inte bara om samh\u00e4llsekonomi, det \u00e4r lika mycket en fr\u00e5ga om en meningsfull tillvaro och egen f\u00f6rs\u00f6rjning. Vi vill ha ett samh\u00e4lle som tar vara p\u00e5 m\u00e4nniskors m\u00f6jligheter och inneboende f\u00f6rm\u00e5ga. Vi vill ha trygghetssystem som med r\u00e4tt insatser och st\u00f6d hj\u00e4lper fler att g\u00e5 fr\u00e5n arbetsl\u00f6shet till jobb. Den som saknar f\u00f6ruts\u00e4ttningar att jobba ska ges en trygg f\u00f6rs\u00f6rjning.<\/p>\n<p>&gt; <a title=\"Steg 5 \u2013 Fler f\u00f6retag ger fler jobb!\" href=\"http:\/\/wp.kristdemokraterna.se\/motala\/valet2010\/ett-manskligare-sverige\/steg-5\/\">Steg 5 <\/a><br \/>\nNya och v\u00e4xande f\u00f6retag skapar arbetstillf\u00e4llen, b\u00e4ttre ekonomi och mer v\u00e4lf\u00e4rd. D\u00e4rf\u00f6r vill vi att fler ska v\u00e5ga satsa p\u00e5 sina id\u00e9er och starta eget. Arbetsl\u00f6sheten kan bara bek\u00e4mpas med hj\u00e4lp av fler och v\u00e4xande f\u00f6retag. Vi har inf\u00f6rt RUT &#8211; och ROT -avdrag, s\u00e4nkt skatter och avgifter och f\u00f6renklat regler. Vi vill forts\u00e4tta att f\u00f6rb\u00e4ttra f\u00f6retagsklimatet s\u00e5 att Sverige ska kunna forts\u00e4tta utveckla v\u00e4lf\u00e4rden.<\/p>\n<p>&gt; <a title=\"Steg 6 \u2013 Ingen ska beh\u00f6va vara r\u00e4dd!\" href=\"http:\/\/wp.kristdemokraterna.se\/motala\/valet2010\/ett-manskligare-sverige\/steg-6\/\">Steg 6<\/a><br \/>\nEtt Sverige d\u00e4r folk k\u00e4nner sig trygga \u00e4r ett m\u00e4nskligare Sverige. Vi vill att folk griper in om n\u00e5got \u00e4r p\u00e5 v\u00e4g att g\u00e5 snett. Vi jobbar f\u00f6r att samh\u00e4llet ska bli b\u00e4ttre p\u00e5 att f\u00f6rebygga brott. D\u00e5 kr\u00e4vs ocks\u00e5 en familje- och skolpolitik som ser till att barn kan v\u00e4xa upp i trygghet. Brott ska f\u00e5 p\u00e5f\u00f6ljder, och samma regler ska g\u00e4lla f\u00f6r alla oavsett bakgrund. Vi vill ha fler n\u00e4rpolis er, och tidiga insatser f\u00f6r att f\u00e5nga upp ungdomar som \u00e4r p\u00e5 v\u00e4g att hamna fel.<\/p>\n<p>&gt; <a title=\"Steg 7 \u2013 Tryggare barn l\u00e4r sig mer!\" href=\"http:\/\/wp.kristdemokraterna.se\/motala\/valet2010\/ett-manskligare-sverige\/steg-7\/\">Steg 7<\/a><br \/>\nSkolan ska handla om kunskap. Det beh\u00f6vs tydliga m\u00e5l och undervisning som passar varje elev. Vi vet att barn \u00e4r olika och l\u00e4r sig p\u00e5 olika s\u00e4tt. D\u00e4rf\u00f6r m\u00e5ste skolan tidigt uppm\u00e4rksamma de barn som har behov av s\u00e4rskilt st\u00f6d. Skolan ska ha en tydlig v\u00e4rdegrund som baseras p\u00e5 respekt f\u00f6r att m\u00e4nniskor \u00e4r olika, men lika mycket v\u00e4rda. Barnen f\u00f6rtj\u00e4nar trivsamma lokaler, bra mat och l\u00e4rare som har tid f\u00f6r en pratstund. Och som tar krafttag mot mobbning.<\/p>\n<p>&gt; <a title=\"Steg 8 \u2013 Eget sparande \u00e4r ocks\u00e5 v\u00e4lf\u00e4rd!\" href=\"http:\/\/wp.kristdemokraterna.se\/motala\/valet2010\/ett-manskligare-sverige\/steg-8\/\">Steg 8<\/a><br \/>\nUtan en fungerande ekonomi \u00e4r det sv\u00e5rt att k\u00e4nna sig trygg. Bara den som aldrig har haft tomt i hush\u00e5llskassan skulle kunna h\u00e4vda n\u00e5got annat. Mindre pengar betyder mindre trygghet, d\u00e4rf\u00f6r s\u00e4ger vi nej till h\u00f6jd skatt. Vi vill att alla ska kunna spara en slant p\u00e5 banken. Tusen kronor extra kan avg\u00f6ra om man har n\u00e5got kvar i slutet av m\u00e5naden. Vi vill s\u00e4nka skatten f\u00f6r pension\u00e4rerna.<\/p>\n<p>&gt; <a title=\"Steg 9 \u2013 V\u00e4lkommen till Sverige!\" href=\"http:\/\/wp.kristdemokraterna.se\/motala\/valet2010\/ett-manskligare-sverige\/steg-9\/\">Steg 9<\/a><br \/>\nKristdemokraterna \u00e4r emot fr\u00e4mlingsfientlighet i alla former. Sverige ska vara ett \u00f6ppet land f\u00f6r m\u00e4nniskor som flyr fr\u00e5n f\u00f6rtryck och f\u00f6rf\u00f6ljelse. M\u00f6ten mellan m\u00e4nniskor med olika bakgrund g\u00f6r Sverige b\u00e4ttre. I ett m\u00e4nskligare Sverige har alla samma r\u00e4ttigheter, skyldigheter och m\u00f6jligheter. Jobb och spr\u00e5k \u00e4r nycklarna till integration. Vi vill att alla som kommer till Sverige ska f\u00e5 b\u00f6rja jobba direkt. Alla ska redan fr\u00e5n b\u00f6rjan ta ansvar f\u00f6r, och p\u00e5verka, sin vardag.<\/p>\n<p>&gt; <a title=\"Steg 10 \u2013 Samh\u00e4llet \u00e4r st\u00f6rre \u00e4n staten\" href=\"http:\/\/wp.kristdemokraterna.se\/motala\/valet2010\/ett-manskligare-sverige\/steg-10\/\">Steg 10<\/a><br \/>\nVarje m\u00e4nniska ing\u00e5r i flera olika gemenskaper. Den viktigaste \u00e4r familjen. Men livet vore fattigt utan v\u00e4nnerna, k\u00f6ren, fackf\u00f6reningen, idrottslaget, f\u00f6rsamlingen och pension\u00e4rsf\u00f6reningen. Vi vet hur viktiga ideella krafter \u00e4r f\u00f6r utvecklingen. De skapar ett m\u00e4nskligare Sverige d\u00e4r m\u00e4nniskor tar ansvar gemensamt. Vi vill \u00f6ka m\u00f6jligheterna f\u00f6r m\u00e4nniskor att engagera sig, bland annat genom att skattebefria g\u00e5vor till ideella organisationer.<\/p>\n<p>&gt; <a title=\"Steg 11 \u2013 Kultur \u00e4r livsviktigt!\" href=\"http:\/\/wp.kristdemokraterna.se\/motala\/valet2010\/ett-manskligare-sverige\/steg-11\/\">Steg 11<\/a><br \/>\nKultur \u00e4r opera och dokus\u00e5pa. H\u00e5rdrockskonserter och f\u00f6rfattartr\u00e4ffar. Elfriede Jelinek och Bananer i pyjamas. Underh\u00e5llande f\u00f6rstr\u00f6else och outh\u00e4rdliga provokationer. Ett m\u00e4nskligare Sverige kr\u00e4ver diskussioner om etik och om vad som \u00e4r r\u00e4tt och fel. S\u00e5dana samtal kr\u00e4ver ett sammanhang, utan kultur blir det om\u00f6jligt. Kultur \u00e4r en f\u00f6ruts\u00e4ttning f\u00f6r att vi ska kunna ha ett civiliserat samh\u00e4lle. D\u00e4rf\u00f6r vill vi se till att Sveriges kulturliv blomstrar.<\/p>\n<p>&gt; <a title=\"Steg 12 \u2013 En stark r\u00f6st i v\u00e4rlden\" href=\"http:\/\/wp.kristdemokraterna.se\/motala\/valet2010\/ett-manskligare-sverige\/steg-12\/\">Steg 12<\/a><br \/>\nSveriges bist\u00e5nd ska vara gener\u00f6st. Vi k\u00e4mpar f\u00f6r r\u00e4ttvis och h\u00e5llbar global utveckling, j\u00e4mst\u00e4lldhet och demokrati. Men att bek\u00e4mpa fattigdom handlar om mer \u00e4n bist\u00e5nd. Vi ska ha jordens fattiga, f\u00f6rf\u00f6ljda och f\u00f6rtryckta f\u00f6r \u00f6gonen n\u00e4r vi formar v\u00e5r politik p\u00e5 alla omr\u00e5den. Vi vill riva ner EU:s handelshinder. Vi ska arbeta f\u00f6r att EU blir en fredsskapande kraft, inte enbart i Europa utan globalt. Utvecklingspolitik och milj\u00f6politik ska g\u00e5 hand i hand.<\/p>\n<p>&gt; <a title=\"Steg 13 \u2013 T\u00e4nk p\u00e5 n\u00e4sta generation!\" href=\"http:\/\/wp.kristdemokraterna.se\/motala\/valet2010\/ett-manskligare-sverige\/steg-13\/\">Steg 13<\/a><br \/>\nVi m\u00e5ste minska p\u00e5verkan p\u00e5 klimatet och satsa p\u00e5 milj\u00f6n \u2013 f\u00f6r framtidens skull. Ekonomisk utveckling och milj\u00f6arbete m\u00e5ste g\u00e5 hand i hand. Det ska vara dyrt att f\u00f6rorena milj\u00f6n samtidigt som det ska finnas goda m\u00f6jligheter att leva, resa, tillverka och transportera p\u00e5 ett klimatsmart s\u00e4tt. S\u00e5 att det blir jobbigt att vara milj\u00f6ov\u00e4nlig, men enkelt att vara milj\u00f6v\u00e4n.<\/p>\n<hr \/>\n<p><strong>2010-08-09<\/strong><br \/>\n<em>Kristdemokraterna Riks<\/em> <a href=\"http:\/\/www4.kristdemokraterna.se\/~\/media\/Files\/VarPolitik\/Rapporter\/2010\/valmanifest2010.ashx\" target=\"_blank\"><img loading=\"lazy\" decoding=\"async\" class=\"alignright wp-image-639 size-full\" src=\"http:\/\/wp.kristdemokraterna.se\/motala\/files\/2010\/07\/valmanifest2010.jpg\" alt=\"Valmanifest 13 steg och 89 vall\u00f6ften f\u00f6r ett m\u00e4nskligare Sverige - valmanifest2010\" width=\"173\" height=\"245\" srcset=\"https:\/\/wp.kristdemokraterna.se\/motala\/files\/2010\/07\/valmanifest2010.jpg 173w, https:\/\/wp.kristdemokraterna.se\/motala\/files\/2010\/07\/valmanifest2010-79x112.jpg 79w\" sizes=\"auto, (max-width: 173px) 100vw, 173px\" \/><\/a><\/p>\n<p>Valmanifest 13 steg och 89 vall\u00f6ften<br \/>\nf\u00f6r ett m\u00e4nskligare Sverige<\/p>\n<p>Kristdemokraterna ser tre viktiga uppgifter under den kommande mandatperioden. En uppgift \u00e4r att efter finanskrisen bek\u00e4mpa arbetsl\u00f6sheten och se till att det skapas fler jobb. Detta kan bara g\u00f6ras genom ordning och reda i de offentliga finanserna och en politik som b\u00e5de uppmuntrar arbete och ansvarstagande samt \u00f6kar m\u00f6jligheterna f\u00f6r f\u00f6retag att v\u00e4xa och anst\u00e4lla.<\/p>\n<p>Ladda hem manifestet nedan<br \/>\n&gt;\u00a0<a href=\"http:\/\/wp.kristdemokraterna.se\/motala\/files\/2010\/07\/valmanifest2010.pdf\" target=\"_blank\">valmanifest2010<\/a> (pdf) &#8221;<em>2.97 kb<\/em>&#8221;<\/p>\n<p>(<em>K\u00e4lla: <a href=\"http:\/\/www.kristdemokraterna.se\/rapporter\/valmanifest2010\" target=\"_blank\">www.kristdemokraterna.se\/rapporter\/valmanifest2010<\/a><\/em> )<\/p>\n<hr \/>\n<p><strong>Best\u00e4lla boken<\/strong><br \/>\n<a href=\"http:\/\/www4.kristdemokraterna.se\/formular\/13steg\" target=\"_blank\"><img loading=\"lazy\" decoding=\"async\" class=\"alignnone wp-image-649 size-full\" src=\"http:\/\/wp.kristdemokraterna.se\/motala\/files\/2010\/07\/13stegbestallbok.jpg\" alt=\"Best\u00e4ll boken 13 steg till ett m\u00e4nskligare Sverige - 13stegbestallbok\" width=\"173\" height=\"87\" \/><\/a><br \/>\nBest\u00e4ll boken 13 steg till ett m\u00e4nskligare Sverige<br \/>\n&gt; <a href=\"http:\/\/www4.kristdemokraterna.se\/formular\/13steg\" target=\"_blank\">Best\u00e4ll h\u00e4r<\/a><\/p>\n<hr \/>\n<p><strong>Valmanifest 2010 p\u00e5 ljudfil<\/strong> <a href=\"http:\/\/www4.kristdemokraterna.se\/Val2010\" target=\"_blank\"><img loading=\"lazy\" decoding=\"async\" class=\"alignright wp-image-652 size-full\" src=\"http:\/\/wp.kristdemokraterna.se\/motala\/files\/2010\/07\/egen2.jpg\" alt=\"13 steg till ett m\u00e4nskligare Sverige - Egen2\" width=\"173\" height=\"169\" srcset=\"https:\/\/wp.kristdemokraterna.se\/motala\/files\/2010\/07\/egen2.jpg 173w, https:\/\/wp.kristdemokraterna.se\/motala\/files\/2010\/07\/egen2-115x112.jpg 115w\" sizes=\"auto, (max-width: 173px) 100vw, 173px\" \/><\/a><br \/>\n&gt; <a href=\"http:\/\/kristdemokraterna.sunnerberg.se\/valet2010\/valmanifest2010_del1.mp3\" target=\"_blank\">Valmanifest2010_del1<\/a> (mp3) &#8221;<em>3.40 mb<\/em>&#8221;<br \/>\n&gt; <a href=\"http:\/\/kristdemokraterna.sunnerberg.se\/valet2010\/valmanifest2010_del2.mp3\" target=\"_blank\">Valmanifest2010_del2<\/a> (mp3) &#8221;<em>10.9 mb<\/em>&#8221;<\/p>\n","protected":false},"excerpt":{"rendered":"<p>Vi kristdemokrater har de senaste fyra \u00e5ren \u00e5stadkommit mycket som vi \u00e4r stolta \u00f6ver. Den personliga friheten har \u00f6kat inom skola, v\u00e5rd och omsorg. V\u00e5rdk\u00f6erna har kortats kraftigt. L\u00f6ntagare, pension\u00e4rer och f\u00f6retagare har f\u00e5tt skattel\u00e4ttnader och st\u00f6rre ekonomiskt utrymme. Kvaliteten har \u00f6kat inom \u00e4ldreomsorgen. Familjerna har f\u00e5tt st\u00f6rre m\u00f6jlighet att styra \u00f6ver sin egen vardag. <a class=\"read-more-link\" href=\"https:\/\/wp.kristdemokraterna.se\/motala\/valet2010\/ett-manskligare-sverige\/\">Read More<\/a><\/p>\n","protected":false},"author":686,"featured_media":0,"parent":538,"menu_order":0,"comment_status":"closed","ping_status":"closed","template":"","meta":{"_acf_changed":false,"footnotes":""},"class_list":["post-634","page","type-page","status-publish","hentry"],"acf":[],"yoast_head":"<!-- This site is optimized with the Yoast SEO plugin v27.4 - https:\/\/yoast.com\/product\/yoast-seo-wordpress\/ -->\n<title>Valet 2010 - Ett m\u00e4nskligare Sverige - Kristdemokraterna i Motala<\/title>\n<meta name=\"robots\" content=\"index, follow, max-snippet:-1, max-image-preview:large, max-video-preview:-1\" \/>\n<link rel=\"canonical\" href=\"https:\/\/wp.kristdemokraterna.se\/motala\/valet2010\/ett-manskligare-sverige\/\" \/>\n<meta property=\"og:locale\" content=\"sv_SE\" \/>\n<meta property=\"og:type\" content=\"article\" \/>\n<meta property=\"og:title\" content=\"Valet 2010 - Ett m\u00e4nskligare Sverige - Kristdemokraterna i Motala\" \/>\n<meta property=\"og:description\" content=\"Vi kristdemokrater har de senaste fyra \u00e5ren \u00e5stadkommit mycket som vi \u00e4r stolta \u00f6ver. Den personliga friheten har \u00f6kat inom skola, v\u00e5rd och omsorg. V\u00e5rdk\u00f6erna har kortats kraftigt. L\u00f6ntagare, pension\u00e4rer och f\u00f6retagare har f\u00e5tt skattel\u00e4ttnader och st\u00f6rre ekonomiskt utrymme. Kvaliteten har \u00f6kat inom \u00e4ldreomsorgen. Familjerna har f\u00e5tt st\u00f6rre m\u00f6jlighet att styra \u00f6ver sin egen vardag. Read More\" \/>\n<meta property=\"og:url\" content=\"https:\/\/wp.kristdemokraterna.se\/motala\/valet2010\/ett-manskligare-sverige\/\" \/>\n<meta property=\"og:site_name\" content=\"Kristdemokraterna i Motala\" \/>\n<meta property=\"article:modified_time\" content=\"2015-03-16T16:00:12+00:00\" \/>\n<meta property=\"og:image\" content=\"http:\/\/wp.kristdemokraterna.se\/motala\/files\/2010\/07\/ghfargtoppbild400.jpg\" \/>\n<meta name=\"twitter:card\" content=\"summary_large_image\" \/>\n<meta name=\"twitter:label1\" content=\"Ber\u00e4knad l\u00e4stid\" \/>\n\t<meta name=\"twitter:data1\" content=\"8 minuter\" \/>\n<script type=\"application\/ld+json\" class=\"yoast-schema-graph\">{\"@context\":\"https:\\\/\\\/schema.org\",\"@graph\":[{\"@type\":\"WebPage\",\"@id\":\"https:\\\/\\\/wp.kristdemokraterna.se\\\/motala\\\/valet2010\\\/ett-manskligare-sverige\\\/\",\"url\":\"https:\\\/\\\/wp.kristdemokraterna.se\\\/motala\\\/valet2010\\\/ett-manskligare-sverige\\\/\",\"name\":\"Valet 2010 - Ett m\u00e4nskligare Sverige - Kristdemokraterna i Motala\",\"isPartOf\":{\"@id\":\"https:\\\/\\\/wp.kristdemokraterna.se\\\/motala\\\/#website\"},\"primaryImageOfPage\":{\"@id\":\"https:\\\/\\\/wp.kristdemokraterna.se\\\/motala\\\/valet2010\\\/ett-manskligare-sverige\\\/#primaryimage\"},\"image\":{\"@id\":\"https:\\\/\\\/wp.kristdemokraterna.se\\\/motala\\\/valet2010\\\/ett-manskligare-sverige\\\/#primaryimage\"},\"thumbnailUrl\":\"http:\\\/\\\/wp.kristdemokraterna.se\\\/motala\\\/files\\\/2010\\\/07\\\/ghfargtoppbild400.jpg\",\"datePublished\":\"2010-07-23T16:06:14+00:00\",\"dateModified\":\"2015-03-16T16:00:12+00:00\",\"breadcrumb\":{\"@id\":\"https:\\\/\\\/wp.kristdemokraterna.se\\\/motala\\\/valet2010\\\/ett-manskligare-sverige\\\/#breadcrumb\"},\"inLanguage\":\"sv-SE\",\"potentialAction\":[{\"@type\":\"ReadAction\",\"target\":[\"https:\\\/\\\/wp.kristdemokraterna.se\\\/motala\\\/valet2010\\\/ett-manskligare-sverige\\\/\"]}]},{\"@type\":\"ImageObject\",\"inLanguage\":\"sv-SE\",\"@id\":\"https:\\\/\\\/wp.kristdemokraterna.se\\\/motala\\\/valet2010\\\/ett-manskligare-sverige\\\/#primaryimage\",\"url\":\"https:\\\/\\\/wp.kristdemokraterna.se\\\/motala\\\/files\\\/2010\\\/07\\\/ghfargtoppbild400.jpg\",\"contentUrl\":\"https:\\\/\\\/wp.kristdemokraterna.se\\\/motala\\\/files\\\/2010\\\/07\\\/ghfargtoppbild400.jpg\",\"width\":400,\"height\":283},{\"@type\":\"BreadcrumbList\",\"@id\":\"https:\\\/\\\/wp.kristdemokraterna.se\\\/motala\\\/valet2010\\\/ett-manskligare-sverige\\\/#breadcrumb\",\"itemListElement\":[{\"@type\":\"ListItem\",\"position\":1,\"name\":\"Hem\",\"item\":\"https:\\\/\\\/wp.kristdemokraterna.se\\\/motala\\\/\"},{\"@type\":\"ListItem\",\"position\":2,\"name\":\"Valet 19 sept 2010\",\"item\":\"https:\\\/\\\/wp.kristdemokraterna.se\\\/motala\\\/valet2010\\\/\"},{\"@type\":\"ListItem\",\"position\":3,\"name\":\"Valet 2010 &#8211; Ett m\u00e4nskligare Sverige\"}]},{\"@type\":\"WebSite\",\"@id\":\"https:\\\/\\\/wp.kristdemokraterna.se\\\/motala\\\/#website\",\"url\":\"https:\\\/\\\/wp.kristdemokraterna.se\\\/motala\\\/\",\"name\":\"Kristdemokraterna i Motala\",\"description\":\"Kristdemokraterna\",\"inLanguage\":\"sv-SE\"}]}<\/script>\n<!-- \/ Yoast SEO plugin. -->","yoast_head_json":{"title":"Valet 2010 - Ett m\u00e4nskligare Sverige - Kristdemokraterna i Motala","robots":{"index":"index","follow":"follow","max-snippet":"max-snippet:-1","max-image-preview":"max-image-preview:large","max-video-preview":"max-video-preview:-1"},"canonical":"https:\/\/wp.kristdemokraterna.se\/motala\/valet2010\/ett-manskligare-sverige\/","og_locale":"sv_SE","og_type":"article","og_title":"Valet 2010 - Ett m\u00e4nskligare Sverige - Kristdemokraterna i Motala","og_description":"Vi kristdemokrater har de senaste fyra \u00e5ren \u00e5stadkommit mycket som vi \u00e4r stolta \u00f6ver. Den personliga friheten har \u00f6kat inom skola, v\u00e5rd och omsorg. V\u00e5rdk\u00f6erna har kortats kraftigt. L\u00f6ntagare, pension\u00e4rer och f\u00f6retagare har f\u00e5tt skattel\u00e4ttnader och st\u00f6rre ekonomiskt utrymme. Kvaliteten har \u00f6kat inom \u00e4ldreomsorgen. Familjerna har f\u00e5tt st\u00f6rre m\u00f6jlighet att styra \u00f6ver sin egen vardag. Read More","og_url":"https:\/\/wp.kristdemokraterna.se\/motala\/valet2010\/ett-manskligare-sverige\/","og_site_name":"Kristdemokraterna i Motala","article_modified_time":"2015-03-16T16:00:12+00:00","og_image":[{"url":"http:\/\/wp.kristdemokraterna.se\/motala\/files\/2010\/07\/ghfargtoppbild400.jpg","type":"","width":"","height":""}],"twitter_card":"summary_large_image","twitter_misc":{"Ber\u00e4knad l\u00e4stid":"8 minuter"},"schema":{"@context":"https:\/\/schema.org","@graph":[{"@type":"WebPage","@id":"https:\/\/wp.kristdemokraterna.se\/motala\/valet2010\/ett-manskligare-sverige\/","url":"https:\/\/wp.kristdemokraterna.se\/motala\/valet2010\/ett-manskligare-sverige\/","name":"Valet 2010 - Ett m\u00e4nskligare Sverige - Kristdemokraterna i Motala","isPartOf":{"@id":"https:\/\/wp.kristdemokraterna.se\/motala\/#website"},"primaryImageOfPage":{"@id":"https:\/\/wp.kristdemokraterna.se\/motala\/valet2010\/ett-manskligare-sverige\/#primaryimage"},"image":{"@id":"https:\/\/wp.kristdemokraterna.se\/motala\/valet2010\/ett-manskligare-sverige\/#primaryimage"},"thumbnailUrl":"http:\/\/wp.kristdemokraterna.se\/motala\/files\/2010\/07\/ghfargtoppbild400.jpg","datePublished":"2010-07-23T16:06:14+00:00","dateModified":"2015-03-16T16:00:12+00:00","breadcrumb":{"@id":"https:\/\/wp.kristdemokraterna.se\/motala\/valet2010\/ett-manskligare-sverige\/#breadcrumb"},"inLanguage":"sv-SE","potentialAction":[{"@type":"ReadAction","target":["https:\/\/wp.kristdemokraterna.se\/motala\/valet2010\/ett-manskligare-sverige\/"]}]},{"@type":"ImageObject","inLanguage":"sv-SE","@id":"https:\/\/wp.kristdemokraterna.se\/motala\/valet2010\/ett-manskligare-sverige\/#primaryimage","url":"https:\/\/wp.kristdemokraterna.se\/motala\/files\/2010\/07\/ghfargtoppbild400.jpg","contentUrl":"https:\/\/wp.kristdemokraterna.se\/motala\/files\/2010\/07\/ghfargtoppbild400.jpg","width":400,"height":283},{"@type":"BreadcrumbList","@id":"https:\/\/wp.kristdemokraterna.se\/motala\/valet2010\/ett-manskligare-sverige\/#breadcrumb","itemListElement":[{"@type":"ListItem","position":1,"name":"Hem","item":"https:\/\/wp.kristdemokraterna.se\/motala\/"},{"@type":"ListItem","position":2,"name":"Valet 19 sept 2010","item":"https:\/\/wp.kristdemokraterna.se\/motala\/valet2010\/"},{"@type":"ListItem","position":3,"name":"Valet 2010 &#8211; Ett m\u00e4nskligare Sverige"}]},{"@type":"WebSite","@id":"https:\/\/wp.kristdemokraterna.se\/motala\/#website","url":"https:\/\/wp.kristdemokraterna.se\/motala\/","name":"Kristdemokraterna i Motala","description":"Kristdemokraterna","inLanguage":"sv-SE"}]}},"_links":{"self":[{"href":"https:\/\/wp.kristdemokraterna.se\/motala\/wp-json\/wp\/v2\/pages\/634","targetHints":{"allow":["GET"]}}],"collection":[{"href":"https:\/\/wp.kristdemokraterna.se\/motala\/wp-json\/wp\/v2\/pages"}],"about":[{"href":"https:\/\/wp.kristdemokraterna.se\/motala\/wp-json\/wp\/v2\/types\/page"}],"author":[{"embeddable":true,"href":"https:\/\/wp.kristdemokraterna.se\/motala\/wp-json\/wp\/v2\/users\/686"}],"replies":[{"embeddable":true,"href":"https:\/\/wp.kristdemokraterna.se\/motala\/wp-json\/wp\/v2\/comments?post=634"}],"version-history":[{"count":28,"href":"https:\/\/wp.kristdemokraterna.se\/motala\/wp-json\/wp\/v2\/pages\/634\/revisions"}],"predecessor-version":[{"id":815,"href":"https:\/\/wp.kristdemokraterna.se\/motala\/wp-json\/wp\/v2\/pages\/634\/revisions\/815"}],"up":[{"embeddable":true,"href":"https:\/\/wp.kristdemokraterna.se\/motala\/wp-json\/wp\/v2\/pages\/538"}],"wp:attachment":[{"href":"https:\/\/wp.kristdemokraterna.se\/motala\/wp-json\/wp\/v2\/media?parent=634"}],"curies":[{"name":"wp","href":"https:\/\/api.w.org\/{rel}","templated":true}]}}