{"id":661,"date":"2010-07-23T18:09:22","date_gmt":"2010-07-23T16:09:22","guid":{"rendered":"http:\/\/wp.kristdemokraterna.se\/motala\/?page_id=661"},"modified":"2015-03-16T16:56:16","modified_gmt":"2015-03-16T15:56:16","slug":"steg-1","status":"publish","type":"page","link":"https:\/\/wp.kristdemokraterna.se\/motala\/valet2010\/ett-manskligare-sverige\/steg-1\/","title":{"rendered":"Steg 1 &#8211; L\u00e5t familjerna best\u00e4mma mer!"},"content":{"rendered":"<p><img loading=\"lazy\" decoding=\"async\" class=\"alignnone wp-image-664 size-full\" src=\"http:\/\/wp.kristdemokraterna.se\/motala\/files\/2010\/07\/steg1.jpg\" alt=\"Steg 1 L\u00e5t familjerna best\u00e4mma mer! - steg1\" width=\"420\" height=\"311\" srcset=\"https:\/\/wp.kristdemokraterna.se\/motala\/files\/2010\/07\/steg1.jpg 420w, https:\/\/wp.kristdemokraterna.se\/motala\/files\/2010\/07\/steg1-300x222.jpg 300w, https:\/\/wp.kristdemokraterna.se\/motala\/files\/2010\/07\/steg1-151x112.jpg 151w\" sizes=\"auto, (max-width: 420px) 100vw, 420px\" \/><br \/>\n<strong>F\u00f6r att Sverige ska fungera \u00e4r det n\u00f6dv\u00e4ndigt att familjerna fungerar. Vi vill g\u00f6ra det l\u00e4ttare f\u00f6r familjer att sj\u00e4lva planera sin vardag. Vi tror p\u00e5 f\u00e4rre pekpinnar och mer valfrihet. Vi vill att r\u00e4tt till v\u00e5rdnadsbidrag ska finnas i hela Sverige. Och att alla familjer ska f\u00e5 st\u00f6d i den utstr\u00e4ckning som beh\u00f6vs f\u00f6r att klara vardagen. Barn m\u00e5r bra av att vara med sina f\u00f6r\u00e4ldrar. En trygg uppv\u00e4xt \u00f6kar chanserna till ett bra liv.<\/strong><\/p>\n<p>Det \u00e4r i familjen vi kommer allra n\u00e4rmast varandra. I familjen f\u00e5r vi st\u00f6d och kan utvecklas som m\u00e4nniskor. I familjen kan vi k\u00e4nna oss trygga med att vi har ett v\u00e4rde bortom hur vi ser ut och vad vi \u00e5stadkommer. Alla familjer \u00e4r olika och alla barn \u00e4r olika. De allra flesta f\u00f6r\u00e4ldrar vet vad som \u00e4r b\u00e4st f\u00f6r deras barn. M\u00e4rkligt nog \u00e4r detta n\u00e5got<br \/>\nav det mest radikala som g\u00e5r att p\u00e5st\u00e5 i dagens Sverige. Det finns n\u00e4mligen m\u00e5nga politiker som menar att f\u00f6r\u00e4ldrar borde f\u00e5 mindre att s\u00e4ga till om, att de som politiker vet b\u00e4ttre \u00e4n familjerna. Att politiska beslut ska f\u00f6rhindra att familjer v\u00e4ljer \u201dfel\u201d. Det tycker inte Kristdemokraterna \u2013 vi vill ist\u00e4llet ge familjer mer utrymme och st\u00f6rre frihet att best\u00e4mma sj\u00e4lva. Det ska g\u00e5 att v\u00e4lja barnomsorg och skola.<\/p>\n<p>F\u00f6r\u00e4ldrar som vill vara hemma l\u00e4ngre med sina barn ska ha m\u00f6jlighet att vara det. De pappor och mammor som vill dela lika p\u00e5 f\u00f6r\u00e4ldraf\u00f6rs\u00e4kringen ska uppmuntras att g\u00f6ra det. De som inte vill dela lika ska f\u00e5 l\u00e5ta bli. Alla som vill vara hemma med sina sm\u00e5 barn ska ha tillg\u00e5ng till v\u00e5rdnadsbidrag. F\u00f6r kristdemokrater \u00e4r familjepolitik och frihet f\u00f6r familjer samma sak.<\/p>\n<p>Vi vill g\u00f6ra f\u00f6r\u00e4ldraf\u00f6rs\u00e4kringen mer flexibel. I dag kan f\u00f6r\u00e4ldrarna vara hemma tillsammans med sitt nyf\u00f6dda barn i tio dagar. Vi tycker att de som vill ska kunna vara hemma samtidigt under l\u00e4ngre tid. Vi vill h\u00f6ja l\u00e4gstaniv\u00e5n i f\u00f6r\u00e4ldraf\u00f6rs\u00e4kringen f\u00f6r att st\u00f6dja de f\u00f6r\u00e4ldrar som har de l\u00e4gsta inkomsterna. Den sjukpenninggrundade inkomsten ska skyddas under l\u00e4ngre tid \u00e4n idag s\u00e5 att inte ekonomin styr n\u00e4r man f\u00f6rs\u00f6ker bli med barn igen.<\/p>\n<p>Vi vill att f\u00f6r\u00e4ldraf\u00f6rs\u00e4kringen ska kunna anv\u00e4ndas under hela barndomen och inte som idag frysa inne n\u00e4r barnet fyller \u00e5tta \u00e5r. Barn beh\u00f6ver tid med sina f\u00f6r\u00e4ldrar under hela uppv\u00e4xten. M\u00e5nga ton\u00e5ringar och skolbarn m\u00e5r d\u00e5ligt. Depressioner, skolk och drogmissbruk inneb\u00e4r stora problem f\u00f6r m\u00e5nga. Att vuxna har tid och kraft att tidigt g\u00f6ra n\u00e5got \u00e5t situationen \u00e4r ofta helt avg\u00f6rande. Eftersom alla familjer \u00e4r olika ska familjepolitiken st\u00f6dja alla familjer. Det finns familjer med problem, och f\u00f6r\u00e4ldrar som fr\u00e5n tid till annan inte f\u00f6rm\u00e5r att ta sitt ansvar. Sj\u00e4lvklart har samh\u00e4llet ett ansvar att gripa in n\u00e4r barn far illa. Men det kan inte inneb\u00e4ra att familjer som s\u00e5dana ska d\u00f6mas ut. Ist\u00e4llet ska politiken utformas s\u00e5 att varje familj, oavsett hur den ser ut eller vilka sv\u00e5righeter den st\u00e5r inf\u00f6r, f\u00e5r det st\u00f6d den beh\u00f6ver.<\/p>\n","protected":false},"excerpt":{"rendered":"<p>F\u00f6r att Sverige ska fungera \u00e4r det n\u00f6dv\u00e4ndigt att familjerna fungerar. Vi vill g\u00f6ra det l\u00e4ttare f\u00f6r familjer att sj\u00e4lva planera sin vardag. Vi tror p\u00e5 f\u00e4rre pekpinnar och mer valfrihet. Vi vill att r\u00e4tt till v\u00e5rdnadsbidrag ska finnas i hela Sverige. Och att alla familjer ska f\u00e5 st\u00f6d i den utstr\u00e4ckning som beh\u00f6vs f\u00f6r <a class=\"read-more-link\" href=\"https:\/\/wp.kristdemokraterna.se\/motala\/valet2010\/ett-manskligare-sverige\/steg-1\/\">Read More<\/a><\/p>\n","protected":false},"author":686,"featured_media":0,"parent":634,"menu_order":1,"comment_status":"closed","ping_status":"closed","template":"","meta":{"_acf_changed":false,"footnotes":""},"class_list":["post-661","page","type-page","status-publish","hentry"],"acf":[],"yoast_head":"<!-- This site is optimized with the Yoast SEO plugin v27.4 - https:\/\/yoast.com\/product\/yoast-seo-wordpress\/ -->\n<title>Steg 1 - L\u00e5t familjerna best\u00e4mma mer! - Kristdemokraterna i Motala<\/title>\n<meta name=\"robots\" content=\"index, follow, max-snippet:-1, max-image-preview:large, max-video-preview:-1\" \/>\n<link rel=\"canonical\" href=\"https:\/\/wp.kristdemokraterna.se\/motala\/valet2010\/ett-manskligare-sverige\/steg-1\/\" \/>\n<meta property=\"og:locale\" content=\"sv_SE\" \/>\n<meta property=\"og:type\" content=\"article\" \/>\n<meta property=\"og:title\" content=\"Steg 1 - L\u00e5t familjerna best\u00e4mma mer! - Kristdemokraterna i Motala\" \/>\n<meta property=\"og:description\" content=\"F\u00f6r att Sverige ska fungera \u00e4r det n\u00f6dv\u00e4ndigt att familjerna fungerar. Vi vill g\u00f6ra det l\u00e4ttare f\u00f6r familjer att sj\u00e4lva planera sin vardag. Vi tror p\u00e5 f\u00e4rre pekpinnar och mer valfrihet. Vi vill att r\u00e4tt till v\u00e5rdnadsbidrag ska finnas i hela Sverige. Och att alla familjer ska f\u00e5 st\u00f6d i den utstr\u00e4ckning som beh\u00f6vs f\u00f6r Read More\" \/>\n<meta property=\"og:url\" content=\"https:\/\/wp.kristdemokraterna.se\/motala\/valet2010\/ett-manskligare-sverige\/steg-1\/\" \/>\n<meta property=\"og:site_name\" content=\"Kristdemokraterna i Motala\" \/>\n<meta property=\"article:modified_time\" content=\"2015-03-16T15:56:16+00:00\" \/>\n<meta property=\"og:image\" content=\"http:\/\/wp.kristdemokraterna.se\/motala\/files\/2010\/07\/steg1.jpg\" \/>\n<meta name=\"twitter:card\" content=\"summary_large_image\" \/>\n<meta name=\"twitter:label1\" content=\"Ber\u00e4knad l\u00e4stid\" \/>\n\t<meta name=\"twitter:data1\" content=\"3 minuter\" \/>\n<script type=\"application\/ld+json\" class=\"yoast-schema-graph\">{\"@context\":\"https:\\\/\\\/schema.org\",\"@graph\":[{\"@type\":\"WebPage\",\"@id\":\"https:\\\/\\\/wp.kristdemokraterna.se\\\/motala\\\/valet2010\\\/ett-manskligare-sverige\\\/steg-1\\\/\",\"url\":\"https:\\\/\\\/wp.kristdemokraterna.se\\\/motala\\\/valet2010\\\/ett-manskligare-sverige\\\/steg-1\\\/\",\"name\":\"Steg 1 - L\u00e5t familjerna best\u00e4mma mer! - Kristdemokraterna i Motala\",\"isPartOf\":{\"@id\":\"https:\\\/\\\/wp.kristdemokraterna.se\\\/motala\\\/#website\"},\"primaryImageOfPage\":{\"@id\":\"https:\\\/\\\/wp.kristdemokraterna.se\\\/motala\\\/valet2010\\\/ett-manskligare-sverige\\\/steg-1\\\/#primaryimage\"},\"image\":{\"@id\":\"https:\\\/\\\/wp.kristdemokraterna.se\\\/motala\\\/valet2010\\\/ett-manskligare-sverige\\\/steg-1\\\/#primaryimage\"},\"thumbnailUrl\":\"http:\\\/\\\/wp.kristdemokraterna.se\\\/motala\\\/files\\\/2010\\\/07\\\/steg1.jpg\",\"datePublished\":\"2010-07-23T16:09:22+00:00\",\"dateModified\":\"2015-03-16T15:56:16+00:00\",\"breadcrumb\":{\"@id\":\"https:\\\/\\\/wp.kristdemokraterna.se\\\/motala\\\/valet2010\\\/ett-manskligare-sverige\\\/steg-1\\\/#breadcrumb\"},\"inLanguage\":\"sv-SE\",\"potentialAction\":[{\"@type\":\"ReadAction\",\"target\":[\"https:\\\/\\\/wp.kristdemokraterna.se\\\/motala\\\/valet2010\\\/ett-manskligare-sverige\\\/steg-1\\\/\"]}]},{\"@type\":\"ImageObject\",\"inLanguage\":\"sv-SE\",\"@id\":\"https:\\\/\\\/wp.kristdemokraterna.se\\\/motala\\\/valet2010\\\/ett-manskligare-sverige\\\/steg-1\\\/#primaryimage\",\"url\":\"https:\\\/\\\/wp.kristdemokraterna.se\\\/motala\\\/files\\\/2010\\\/07\\\/steg1.jpg\",\"contentUrl\":\"https:\\\/\\\/wp.kristdemokraterna.se\\\/motala\\\/files\\\/2010\\\/07\\\/steg1.jpg\",\"width\":420,\"height\":311},{\"@type\":\"BreadcrumbList\",\"@id\":\"https:\\\/\\\/wp.kristdemokraterna.se\\\/motala\\\/valet2010\\\/ett-manskligare-sverige\\\/steg-1\\\/#breadcrumb\",\"itemListElement\":[{\"@type\":\"ListItem\",\"position\":1,\"name\":\"Hem\",\"item\":\"https:\\\/\\\/wp.kristdemokraterna.se\\\/motala\\\/\"},{\"@type\":\"ListItem\",\"position\":2,\"name\":\"Valet 19 sept 2010\",\"item\":\"https:\\\/\\\/wp.kristdemokraterna.se\\\/motala\\\/valet2010\\\/\"},{\"@type\":\"ListItem\",\"position\":3,\"name\":\"Valet 2010 &#8211; Ett m\u00e4nskligare Sverige\",\"item\":\"https:\\\/\\\/wp.kristdemokraterna.se\\\/motala\\\/valet2010\\\/ett-manskligare-sverige\\\/\"},{\"@type\":\"ListItem\",\"position\":4,\"name\":\"Steg 1 &#8211; L\u00e5t familjerna best\u00e4mma mer!\"}]},{\"@type\":\"WebSite\",\"@id\":\"https:\\\/\\\/wp.kristdemokraterna.se\\\/motala\\\/#website\",\"url\":\"https:\\\/\\\/wp.kristdemokraterna.se\\\/motala\\\/\",\"name\":\"Kristdemokraterna i Motala\",\"description\":\"Kristdemokraterna\",\"inLanguage\":\"sv-SE\"}]}<\/script>\n<!-- \/ Yoast SEO plugin. -->","yoast_head_json":{"title":"Steg 1 - L\u00e5t familjerna best\u00e4mma mer! - Kristdemokraterna i Motala","robots":{"index":"index","follow":"follow","max-snippet":"max-snippet:-1","max-image-preview":"max-image-preview:large","max-video-preview":"max-video-preview:-1"},"canonical":"https:\/\/wp.kristdemokraterna.se\/motala\/valet2010\/ett-manskligare-sverige\/steg-1\/","og_locale":"sv_SE","og_type":"article","og_title":"Steg 1 - L\u00e5t familjerna best\u00e4mma mer! - Kristdemokraterna i Motala","og_description":"F\u00f6r att Sverige ska fungera \u00e4r det n\u00f6dv\u00e4ndigt att familjerna fungerar. Vi vill g\u00f6ra det l\u00e4ttare f\u00f6r familjer att sj\u00e4lva planera sin vardag. Vi tror p\u00e5 f\u00e4rre pekpinnar och mer valfrihet. Vi vill att r\u00e4tt till v\u00e5rdnadsbidrag ska finnas i hela Sverige. Och att alla familjer ska f\u00e5 st\u00f6d i den utstr\u00e4ckning som beh\u00f6vs f\u00f6r Read More","og_url":"https:\/\/wp.kristdemokraterna.se\/motala\/valet2010\/ett-manskligare-sverige\/steg-1\/","og_site_name":"Kristdemokraterna i Motala","article_modified_time":"2015-03-16T15:56:16+00:00","og_image":[{"url":"http:\/\/wp.kristdemokraterna.se\/motala\/files\/2010\/07\/steg1.jpg","type":"","width":"","height":""}],"twitter_card":"summary_large_image","twitter_misc":{"Ber\u00e4knad l\u00e4stid":"3 minuter"},"schema":{"@context":"https:\/\/schema.org","@graph":[{"@type":"WebPage","@id":"https:\/\/wp.kristdemokraterna.se\/motala\/valet2010\/ett-manskligare-sverige\/steg-1\/","url":"https:\/\/wp.kristdemokraterna.se\/motala\/valet2010\/ett-manskligare-sverige\/steg-1\/","name":"Steg 1 - L\u00e5t familjerna best\u00e4mma mer! - Kristdemokraterna i Motala","isPartOf":{"@id":"https:\/\/wp.kristdemokraterna.se\/motala\/#website"},"primaryImageOfPage":{"@id":"https:\/\/wp.kristdemokraterna.se\/motala\/valet2010\/ett-manskligare-sverige\/steg-1\/#primaryimage"},"image":{"@id":"https:\/\/wp.kristdemokraterna.se\/motala\/valet2010\/ett-manskligare-sverige\/steg-1\/#primaryimage"},"thumbnailUrl":"http:\/\/wp.kristdemokraterna.se\/motala\/files\/2010\/07\/steg1.jpg","datePublished":"2010-07-23T16:09:22+00:00","dateModified":"2015-03-16T15:56:16+00:00","breadcrumb":{"@id":"https:\/\/wp.kristdemokraterna.se\/motala\/valet2010\/ett-manskligare-sverige\/steg-1\/#breadcrumb"},"inLanguage":"sv-SE","potentialAction":[{"@type":"ReadAction","target":["https:\/\/wp.kristdemokraterna.se\/motala\/valet2010\/ett-manskligare-sverige\/steg-1\/"]}]},{"@type":"ImageObject","inLanguage":"sv-SE","@id":"https:\/\/wp.kristdemokraterna.se\/motala\/valet2010\/ett-manskligare-sverige\/steg-1\/#primaryimage","url":"https:\/\/wp.kristdemokraterna.se\/motala\/files\/2010\/07\/steg1.jpg","contentUrl":"https:\/\/wp.kristdemokraterna.se\/motala\/files\/2010\/07\/steg1.jpg","width":420,"height":311},{"@type":"BreadcrumbList","@id":"https:\/\/wp.kristdemokraterna.se\/motala\/valet2010\/ett-manskligare-sverige\/steg-1\/#breadcrumb","itemListElement":[{"@type":"ListItem","position":1,"name":"Hem","item":"https:\/\/wp.kristdemokraterna.se\/motala\/"},{"@type":"ListItem","position":2,"name":"Valet 19 sept 2010","item":"https:\/\/wp.kristdemokraterna.se\/motala\/valet2010\/"},{"@type":"ListItem","position":3,"name":"Valet 2010 &#8211; Ett m\u00e4nskligare Sverige","item":"https:\/\/wp.kristdemokraterna.se\/motala\/valet2010\/ett-manskligare-sverige\/"},{"@type":"ListItem","position":4,"name":"Steg 1 &#8211; L\u00e5t familjerna best\u00e4mma mer!"}]},{"@type":"WebSite","@id":"https:\/\/wp.kristdemokraterna.se\/motala\/#website","url":"https:\/\/wp.kristdemokraterna.se\/motala\/","name":"Kristdemokraterna i Motala","description":"Kristdemokraterna","inLanguage":"sv-SE"}]}},"_links":{"self":[{"href":"https:\/\/wp.kristdemokraterna.se\/motala\/wp-json\/wp\/v2\/pages\/661","targetHints":{"allow":["GET"]}}],"collection":[{"href":"https:\/\/wp.kristdemokraterna.se\/motala\/wp-json\/wp\/v2\/pages"}],"about":[{"href":"https:\/\/wp.kristdemokraterna.se\/motala\/wp-json\/wp\/v2\/types\/page"}],"author":[{"embeddable":true,"href":"https:\/\/wp.kristdemokraterna.se\/motala\/wp-json\/wp\/v2\/users\/686"}],"replies":[{"embeddable":true,"href":"https:\/\/wp.kristdemokraterna.se\/motala\/wp-json\/wp\/v2\/comments?post=661"}],"version-history":[{"count":5,"href":"https:\/\/wp.kristdemokraterna.se\/motala\/wp-json\/wp\/v2\/pages\/661\/revisions"}],"predecessor-version":[{"id":667,"href":"https:\/\/wp.kristdemokraterna.se\/motala\/wp-json\/wp\/v2\/pages\/661\/revisions\/667"}],"up":[{"embeddable":true,"href":"https:\/\/wp.kristdemokraterna.se\/motala\/wp-json\/wp\/v2\/pages\/634"}],"wp:attachment":[{"href":"https:\/\/wp.kristdemokraterna.se\/motala\/wp-json\/wp\/v2\/media?parent=661"}],"curies":[{"name":"wp","href":"https:\/\/api.w.org\/{rel}","templated":true}]}}