{"id":671,"date":"2010-07-23T18:16:55","date_gmt":"2010-07-23T16:16:55","guid":{"rendered":"http:\/\/wp.kristdemokraterna.se\/motala\/?page_id=671"},"modified":"2015-03-16T16:56:22","modified_gmt":"2015-03-16T15:56:22","slug":"steg-2","status":"publish","type":"page","link":"https:\/\/wp.kristdemokraterna.se\/motala\/valet2010\/ett-manskligare-sverige\/steg-2\/","title":{"rendered":"Steg 2 &#8211; Mer respekt f\u00f6r \u00e4ldre"},"content":{"rendered":"<p><img loading=\"lazy\" decoding=\"async\" class=\"alignnone wp-image-673 size-full\" src=\"http:\/\/wp.kristdemokraterna.se\/motala\/files\/2010\/07\/steg2.jpg\" alt=\"Steg 2 Mer respekt f\u00f6r \u00e4ldre - steg2\" width=\"420\" height=\"287\" srcset=\"https:\/\/wp.kristdemokraterna.se\/motala\/files\/2010\/07\/steg2.jpg 420w, https:\/\/wp.kristdemokraterna.se\/motala\/files\/2010\/07\/steg2-300x205.jpg 300w, https:\/\/wp.kristdemokraterna.se\/motala\/files\/2010\/07\/steg2-164x112.jpg 164w\" sizes=\"auto, (max-width: 420px) 100vw, 420px\" \/><br \/>\n<strong>F\u00f6r att leva v\u00e4rdiga liv beh\u00f6ver \u00e4ldre m\u00e4nniskor bem\u00f6tas med respekt. Vi vill \u00f6ka valfriheten och inf\u00f6ra fler boendeformer. Mat och mediciner \u00e4r sj\u00e4lvklart viktigt, men en pratstund eller en promenad kan betyda enormt mycket. Pension\u00e4rerna m\u00e5ste f\u00e5 st\u00f6rre skattes\u00e4nkningar. Och den som vill trappa ner p\u00e5 jobbet lite tidigare, eller forts\u00e4tta jobba l\u00e4ngre, ska f\u00e5 g\u00f6ra det.<\/strong><\/p>\n<p>Kristdemokraterna har alltid k\u00e4mpat f\u00f6r de \u00e4ldre och deras villkor. Det handlar om r\u00e4tten att f\u00e5 den omsorg man vill ha och beh\u00f6ver, men ocks\u00e5 om allt annat som h\u00f6r \u00e5ldrandet till. Alla \u00e4ldre beh\u00f6ver inte v\u00e5rd \u2013 vi har fler friska och aktiva pension\u00e4rer i Sverige \u00e4n n\u00e5gonsin tidigare, och antalet kommer att forts\u00e4tta stiga. Det vore galenskap att inte f\u00f6rvalta den resurs som \u00e4ldres energi, erfarenheter och kompetens kan tillf\u00f6ra samh\u00e4llet. Vi tycker att Sveriges \u00e4ldre f\u00f6rtj\u00e4nar mer respekt.<\/p>\n<p>Tack vare Kristdemokraterna har pension\u00e4rer f\u00e5tt s\u00e4nkt skatt b\u00e5de 2009 och 2010. Beslut om s\u00e4nkt skatt har ocks\u00e5 fattats f\u00f6r 2011. S\u00e4rskilt pension\u00e4rer med l\u00e5ga pensioner har f\u00e5tt f\u00f6rb\u00e4ttringar. Vi vill forts\u00e4tta s\u00e4nka skatten f\u00f6r pension\u00e4rer. Det \u00e4r tryggt att veta att pengarna r\u00e4cker f\u00f6r ett inneh\u00e5llsrikt liv, \u00e4ven n\u00e4r man blir \u00e4ldre.<\/p>\n<p>Alla medborgare ska kunna \u00e5ldras med v\u00e4rdighet. Det inneb\u00e4r att service, v\u00e5rd och omsorg ska vara tillg\u00e4nglig och ges utifr\u00e5n en helhetssyn p\u00e5 den enskilde, d\u00e4r h\u00e4nsyn tas till sj\u00e4lsliga, andliga och materiella behov. \u00c4ldreomsorgen m\u00e5ste vara v\u00e4l utbyggd med hemtj\u00e4nst och hemsjukv\u00e5rd, olika former av dagverksamhet samt ett varierat utbud av boendeformer.<\/p>\n<p>V\u00e5rden och omsorgen av demenssjuka \u00e4r en oerh\u00f6rt angel\u00e4gen fr\u00e5ga. Antalet demenssjuka kommer att forts\u00e4tta att \u00f6ka under de n\u00e4rmaste \u00e5ren. Alla med misst\u00e4nkt demenssjukdom skall ha r\u00e4tt till utredning, diagnos och behandling.<\/p>\n<p>Vi vill inf\u00f6ra en lokal v\u00e4rdighetsgaranti f\u00f6r \u00e4ldreomsorgen. Varje kommun ska veta och kunna ber\u00e4tta f\u00f6r medborgarna vilken syn p\u00e5 \u00e4ldre som pr\u00e4glar omsorgen och vad de \u00e4ldre har r\u00e4tt till. \u00c4ldre ska k\u00e4nna v\u00e4lbefinnande och kunna p\u00e5verka sin situation. Kan kommunen inte leva upp till garantin s\u00e5 ska den betala ut en ers\u00e4ttning.<\/p>\n<p>V\u00e5r grundsyn p\u00e5 \u00e4ldreomsorgen \u00e4r att den m\u00e5ste vara s\u00e5 personligt anpassad som m\u00f6jlig. M\u00e4nniskor blir inte mer lika bara f\u00f6r att de blir \u00e4ldre. Det som k\u00e4nns som det b\u00e4sta alternativet f\u00f6r en person kan vara ot\u00e4nkbart f\u00f6r n\u00e5gon annan. F\u00f6r Kristdemokraterna \u00e4r det sj\u00e4lvklart att vi gemensamt ska betala f\u00f6r \u00e4ldreomsorgen via skatten, men lika sj\u00e4lvklart att du sj\u00e4lv ska f\u00e5 v\u00e4lja var du vill bo eller vem som ska hj\u00e4lpa dig hemma. \u00c4ldreomsorgen ska garantera en grundl\u00e4ggande trygghet, personlig omsorg och v\u00e4rdighet. Ingen ska beh\u00f6va vara r\u00e4dd f\u00f6r att inte f\u00e5 det boende eller den omsorg man beh\u00f6ver.<\/p>\n","protected":false},"excerpt":{"rendered":"<p>F\u00f6r att leva v\u00e4rdiga liv beh\u00f6ver \u00e4ldre m\u00e4nniskor bem\u00f6tas med respekt. Vi vill \u00f6ka valfriheten och inf\u00f6ra fler boendeformer. Mat och mediciner \u00e4r sj\u00e4lvklart viktigt, men en pratstund eller en promenad kan betyda enormt mycket. Pension\u00e4rerna m\u00e5ste f\u00e5 st\u00f6rre skattes\u00e4nkningar. Och den som vill trappa ner p\u00e5 jobbet lite tidigare, eller forts\u00e4tta jobba l\u00e4ngre, ska <a class=\"read-more-link\" href=\"https:\/\/wp.kristdemokraterna.se\/motala\/valet2010\/ett-manskligare-sverige\/steg-2\/\">Read More<\/a><\/p>\n","protected":false},"author":686,"featured_media":0,"parent":634,"menu_order":2,"comment_status":"closed","ping_status":"closed","template":"","meta":{"_acf_changed":false,"footnotes":""},"class_list":["post-671","page","type-page","status-publish","hentry"],"acf":[],"yoast_head":"<!-- This site is optimized with the Yoast SEO plugin v27.3 - https:\/\/yoast.com\/product\/yoast-seo-wordpress\/ -->\n<title>Steg 2 - Mer respekt f\u00f6r \u00e4ldre - Kristdemokraterna i Motala<\/title>\n<meta name=\"robots\" content=\"index, follow, max-snippet:-1, max-image-preview:large, max-video-preview:-1\" \/>\n<link rel=\"canonical\" href=\"https:\/\/wp.kristdemokraterna.se\/motala\/valet2010\/ett-manskligare-sverige\/steg-2\/\" \/>\n<meta property=\"og:locale\" content=\"sv_SE\" \/>\n<meta property=\"og:type\" content=\"article\" \/>\n<meta property=\"og:title\" content=\"Steg 2 - Mer respekt f\u00f6r \u00e4ldre - Kristdemokraterna i Motala\" \/>\n<meta property=\"og:description\" content=\"F\u00f6r att leva v\u00e4rdiga liv beh\u00f6ver \u00e4ldre m\u00e4nniskor bem\u00f6tas med respekt. Vi vill \u00f6ka valfriheten och inf\u00f6ra fler boendeformer. Mat och mediciner \u00e4r sj\u00e4lvklart viktigt, men en pratstund eller en promenad kan betyda enormt mycket. Pension\u00e4rerna m\u00e5ste f\u00e5 st\u00f6rre skattes\u00e4nkningar. Och den som vill trappa ner p\u00e5 jobbet lite tidigare, eller forts\u00e4tta jobba l\u00e4ngre, ska Read More\" \/>\n<meta property=\"og:url\" content=\"https:\/\/wp.kristdemokraterna.se\/motala\/valet2010\/ett-manskligare-sverige\/steg-2\/\" \/>\n<meta property=\"og:site_name\" content=\"Kristdemokraterna i Motala\" \/>\n<meta property=\"article:modified_time\" content=\"2015-03-16T15:56:22+00:00\" \/>\n<meta property=\"og:image\" content=\"http:\/\/wp.kristdemokraterna.se\/motala\/files\/2010\/07\/steg2.jpg\" \/>\n<meta name=\"twitter:card\" content=\"summary_large_image\" \/>\n<meta name=\"twitter:label1\" content=\"Ber\u00e4knad l\u00e4stid\" \/>\n\t<meta name=\"twitter:data1\" content=\"3 minuter\" \/>\n<script type=\"application\/ld+json\" class=\"yoast-schema-graph\">{\"@context\":\"https:\\\/\\\/schema.org\",\"@graph\":[{\"@type\":\"WebPage\",\"@id\":\"https:\\\/\\\/wp.kristdemokraterna.se\\\/motala\\\/valet2010\\\/ett-manskligare-sverige\\\/steg-2\\\/\",\"url\":\"https:\\\/\\\/wp.kristdemokraterna.se\\\/motala\\\/valet2010\\\/ett-manskligare-sverige\\\/steg-2\\\/\",\"name\":\"Steg 2 - Mer respekt f\u00f6r \u00e4ldre - Kristdemokraterna i Motala\",\"isPartOf\":{\"@id\":\"https:\\\/\\\/wp.kristdemokraterna.se\\\/motala\\\/#website\"},\"primaryImageOfPage\":{\"@id\":\"https:\\\/\\\/wp.kristdemokraterna.se\\\/motala\\\/valet2010\\\/ett-manskligare-sverige\\\/steg-2\\\/#primaryimage\"},\"image\":{\"@id\":\"https:\\\/\\\/wp.kristdemokraterna.se\\\/motala\\\/valet2010\\\/ett-manskligare-sverige\\\/steg-2\\\/#primaryimage\"},\"thumbnailUrl\":\"http:\\\/\\\/wp.kristdemokraterna.se\\\/motala\\\/files\\\/2010\\\/07\\\/steg2.jpg\",\"datePublished\":\"2010-07-23T16:16:55+00:00\",\"dateModified\":\"2015-03-16T15:56:22+00:00\",\"breadcrumb\":{\"@id\":\"https:\\\/\\\/wp.kristdemokraterna.se\\\/motala\\\/valet2010\\\/ett-manskligare-sverige\\\/steg-2\\\/#breadcrumb\"},\"inLanguage\":\"sv-SE\",\"potentialAction\":[{\"@type\":\"ReadAction\",\"target\":[\"https:\\\/\\\/wp.kristdemokraterna.se\\\/motala\\\/valet2010\\\/ett-manskligare-sverige\\\/steg-2\\\/\"]}]},{\"@type\":\"ImageObject\",\"inLanguage\":\"sv-SE\",\"@id\":\"https:\\\/\\\/wp.kristdemokraterna.se\\\/motala\\\/valet2010\\\/ett-manskligare-sverige\\\/steg-2\\\/#primaryimage\",\"url\":\"https:\\\/\\\/wp.kristdemokraterna.se\\\/motala\\\/files\\\/2010\\\/07\\\/steg2.jpg\",\"contentUrl\":\"https:\\\/\\\/wp.kristdemokraterna.se\\\/motala\\\/files\\\/2010\\\/07\\\/steg2.jpg\",\"width\":420,\"height\":287},{\"@type\":\"BreadcrumbList\",\"@id\":\"https:\\\/\\\/wp.kristdemokraterna.se\\\/motala\\\/valet2010\\\/ett-manskligare-sverige\\\/steg-2\\\/#breadcrumb\",\"itemListElement\":[{\"@type\":\"ListItem\",\"position\":1,\"name\":\"Hem\",\"item\":\"https:\\\/\\\/wp.kristdemokraterna.se\\\/motala\\\/\"},{\"@type\":\"ListItem\",\"position\":2,\"name\":\"Valet 19 sept 2010\",\"item\":\"https:\\\/\\\/wp.kristdemokraterna.se\\\/motala\\\/valet2010\\\/\"},{\"@type\":\"ListItem\",\"position\":3,\"name\":\"Valet 2010 &#8211; Ett m\u00e4nskligare Sverige\",\"item\":\"https:\\\/\\\/wp.kristdemokraterna.se\\\/motala\\\/valet2010\\\/ett-manskligare-sverige\\\/\"},{\"@type\":\"ListItem\",\"position\":4,\"name\":\"Steg 2 &#8211; Mer respekt f\u00f6r \u00e4ldre\"}]},{\"@type\":\"WebSite\",\"@id\":\"https:\\\/\\\/wp.kristdemokraterna.se\\\/motala\\\/#website\",\"url\":\"https:\\\/\\\/wp.kristdemokraterna.se\\\/motala\\\/\",\"name\":\"Kristdemokraterna i Motala\",\"description\":\"Kristdemokraterna\",\"inLanguage\":\"sv-SE\"}]}<\/script>\n<!-- \/ Yoast SEO plugin. -->","yoast_head_json":{"title":"Steg 2 - Mer respekt f\u00f6r \u00e4ldre - Kristdemokraterna i Motala","robots":{"index":"index","follow":"follow","max-snippet":"max-snippet:-1","max-image-preview":"max-image-preview:large","max-video-preview":"max-video-preview:-1"},"canonical":"https:\/\/wp.kristdemokraterna.se\/motala\/valet2010\/ett-manskligare-sverige\/steg-2\/","og_locale":"sv_SE","og_type":"article","og_title":"Steg 2 - Mer respekt f\u00f6r \u00e4ldre - Kristdemokraterna i Motala","og_description":"F\u00f6r att leva v\u00e4rdiga liv beh\u00f6ver \u00e4ldre m\u00e4nniskor bem\u00f6tas med respekt. Vi vill \u00f6ka valfriheten och inf\u00f6ra fler boendeformer. Mat och mediciner \u00e4r sj\u00e4lvklart viktigt, men en pratstund eller en promenad kan betyda enormt mycket. Pension\u00e4rerna m\u00e5ste f\u00e5 st\u00f6rre skattes\u00e4nkningar. Och den som vill trappa ner p\u00e5 jobbet lite tidigare, eller forts\u00e4tta jobba l\u00e4ngre, ska Read More","og_url":"https:\/\/wp.kristdemokraterna.se\/motala\/valet2010\/ett-manskligare-sverige\/steg-2\/","og_site_name":"Kristdemokraterna i Motala","article_modified_time":"2015-03-16T15:56:22+00:00","og_image":[{"url":"http:\/\/wp.kristdemokraterna.se\/motala\/files\/2010\/07\/steg2.jpg","type":"","width":"","height":""}],"twitter_card":"summary_large_image","twitter_misc":{"Ber\u00e4knad l\u00e4stid":"3 minuter"},"schema":{"@context":"https:\/\/schema.org","@graph":[{"@type":"WebPage","@id":"https:\/\/wp.kristdemokraterna.se\/motala\/valet2010\/ett-manskligare-sverige\/steg-2\/","url":"https:\/\/wp.kristdemokraterna.se\/motala\/valet2010\/ett-manskligare-sverige\/steg-2\/","name":"Steg 2 - Mer respekt f\u00f6r \u00e4ldre - Kristdemokraterna i Motala","isPartOf":{"@id":"https:\/\/wp.kristdemokraterna.se\/motala\/#website"},"primaryImageOfPage":{"@id":"https:\/\/wp.kristdemokraterna.se\/motala\/valet2010\/ett-manskligare-sverige\/steg-2\/#primaryimage"},"image":{"@id":"https:\/\/wp.kristdemokraterna.se\/motala\/valet2010\/ett-manskligare-sverige\/steg-2\/#primaryimage"},"thumbnailUrl":"http:\/\/wp.kristdemokraterna.se\/motala\/files\/2010\/07\/steg2.jpg","datePublished":"2010-07-23T16:16:55+00:00","dateModified":"2015-03-16T15:56:22+00:00","breadcrumb":{"@id":"https:\/\/wp.kristdemokraterna.se\/motala\/valet2010\/ett-manskligare-sverige\/steg-2\/#breadcrumb"},"inLanguage":"sv-SE","potentialAction":[{"@type":"ReadAction","target":["https:\/\/wp.kristdemokraterna.se\/motala\/valet2010\/ett-manskligare-sverige\/steg-2\/"]}]},{"@type":"ImageObject","inLanguage":"sv-SE","@id":"https:\/\/wp.kristdemokraterna.se\/motala\/valet2010\/ett-manskligare-sverige\/steg-2\/#primaryimage","url":"https:\/\/wp.kristdemokraterna.se\/motala\/files\/2010\/07\/steg2.jpg","contentUrl":"https:\/\/wp.kristdemokraterna.se\/motala\/files\/2010\/07\/steg2.jpg","width":420,"height":287},{"@type":"BreadcrumbList","@id":"https:\/\/wp.kristdemokraterna.se\/motala\/valet2010\/ett-manskligare-sverige\/steg-2\/#breadcrumb","itemListElement":[{"@type":"ListItem","position":1,"name":"Hem","item":"https:\/\/wp.kristdemokraterna.se\/motala\/"},{"@type":"ListItem","position":2,"name":"Valet 19 sept 2010","item":"https:\/\/wp.kristdemokraterna.se\/motala\/valet2010\/"},{"@type":"ListItem","position":3,"name":"Valet 2010 &#8211; Ett m\u00e4nskligare Sverige","item":"https:\/\/wp.kristdemokraterna.se\/motala\/valet2010\/ett-manskligare-sverige\/"},{"@type":"ListItem","position":4,"name":"Steg 2 &#8211; Mer respekt f\u00f6r \u00e4ldre"}]},{"@type":"WebSite","@id":"https:\/\/wp.kristdemokraterna.se\/motala\/#website","url":"https:\/\/wp.kristdemokraterna.se\/motala\/","name":"Kristdemokraterna i Motala","description":"Kristdemokraterna","inLanguage":"sv-SE"}]}},"_links":{"self":[{"href":"https:\/\/wp.kristdemokraterna.se\/motala\/wp-json\/wp\/v2\/pages\/671","targetHints":{"allow":["GET"]}}],"collection":[{"href":"https:\/\/wp.kristdemokraterna.se\/motala\/wp-json\/wp\/v2\/pages"}],"about":[{"href":"https:\/\/wp.kristdemokraterna.se\/motala\/wp-json\/wp\/v2\/types\/page"}],"author":[{"embeddable":true,"href":"https:\/\/wp.kristdemokraterna.se\/motala\/wp-json\/wp\/v2\/users\/686"}],"replies":[{"embeddable":true,"href":"https:\/\/wp.kristdemokraterna.se\/motala\/wp-json\/wp\/v2\/comments?post=671"}],"version-history":[{"count":4,"href":"https:\/\/wp.kristdemokraterna.se\/motala\/wp-json\/wp\/v2\/pages\/671\/revisions"}],"predecessor-version":[{"id":677,"href":"https:\/\/wp.kristdemokraterna.se\/motala\/wp-json\/wp\/v2\/pages\/671\/revisions\/677"}],"up":[{"embeddable":true,"href":"https:\/\/wp.kristdemokraterna.se\/motala\/wp-json\/wp\/v2\/pages\/634"}],"wp:attachment":[{"href":"https:\/\/wp.kristdemokraterna.se\/motala\/wp-json\/wp\/v2\/media?parent=671"}],"curies":[{"name":"wp","href":"https:\/\/api.w.org\/{rel}","templated":true}]}}