{"id":726,"date":"2010-07-23T18:34:11","date_gmt":"2010-07-23T16:34:11","guid":{"rendered":"http:\/\/wp.kristdemokraterna.se\/motala\/?page_id=726"},"modified":"2015-03-16T16:55:30","modified_gmt":"2015-03-16T15:55:30","slug":"steg-5","status":"publish","type":"page","link":"https:\/\/wp.kristdemokraterna.se\/motala\/valet2010\/ett-manskligare-sverige\/steg-5\/","title":{"rendered":"Steg 5 &#8211; Fler f\u00f6retag ger fler jobb!"},"content":{"rendered":"<p><img loading=\"lazy\" decoding=\"async\" class=\"alignnone size-full wp-image-728\" src=\"http:\/\/wp.kristdemokraterna.se\/motala\/files\/2010\/07\/steg5.jpg\" alt=\"steg5\" width=\"420\" height=\"269\" srcset=\"https:\/\/wp.kristdemokraterna.se\/motala\/files\/2010\/07\/steg5.jpg 420w, https:\/\/wp.kristdemokraterna.se\/motala\/files\/2010\/07\/steg5-300x192.jpg 300w, https:\/\/wp.kristdemokraterna.se\/motala\/files\/2010\/07\/steg5-175x112.jpg 175w\" sizes=\"auto, (max-width: 420px) 100vw, 420px\" \/><br \/>\n<strong>Nya och v\u00e4xande f\u00f6retag skapar arbetstillf\u00e4llen, b\u00e4ttre ekonomi och mer v\u00e4lf\u00e4rd. D\u00e4rf\u00f6r vill vi att fler ska v\u00e5ga satsa p\u00e5 sina id\u00e9er och starta eget. Arbetsl\u00f6sheten kan bara bek\u00e4mpas med hj\u00e4lp av fler och v\u00e4xande f\u00f6retag. Vi har inf\u00f6rt RUT &#8211; och ROT -avdrag, s\u00e4nkt skatter och avgifter och f\u00f6renklat regler. Vi vill forts\u00e4tta att f\u00f6rb\u00e4ttra f\u00f6retagsklimatet s\u00e5 att Sverige ska kunna forts\u00e4tta utveckla v\u00e4lf\u00e4rden.<\/strong><\/p>\n<p>Vad kan vara v\u00e4rre \u00e4n att v\u00e4ckarklockan ringer klockan halv sju en m\u00f6rk och regnig m\u00e5ndagsmorgon i november? Kanske att den inte g\u00f6r det. Arbetsl\u00f6shet \u00e4r ett sl\u00f6seri med m\u00e4nskliga resurser. Att ha ett arbete handlar om pengar, naturligtvis, men ocks\u00e5 om gemenskap, om v\u00e4nner, om att vara beh\u00f6vd, om tillfredst\u00e4llelsen i att g\u00f6ra ett bra jobb. D\u00e4rf\u00f6r m\u00e5ste arbetsl\u00f6sheten bek\u00e4mpas.<\/p>\n<p>Nya jobb kan inte kommenderas fram av politiker. Fler utbildningsplatser, pengar till kommunerna och b\u00e4ttre hj\u00e4lp med att hitta de jobb som finns \u00e4r ett viktigt st\u00f6d. Men det r\u00e4cker inte. P\u00e5 sikt kan arbetsl\u00f6sheten bara bek\u00e4mpas med hj\u00e4lp av fler och v\u00e4xande f\u00f6retag i hela landet. Det kr\u00e4ver m\u00e4nniskor som v\u00e5gar satsa p\u00e5 att f\u00f6rverkliga sina id\u00e9er. D\u00e5 kr\u00e4vs ocks\u00e5 en politik som f\u00f6rst\u00e5r sig p\u00e5 f\u00f6retagens f\u00f6ruts\u00e4ttningar. En politik som ger goda villkor till b\u00e5de sm\u00e5 och stora f\u00f6retag och som f\u00f6rst\u00e5r vikten av rimliga skatter och stabila, enkla regler. Beskattningen av f\u00f6retag m\u00e5ste forts\u00e4tta att minska.<\/p>\n<p>Det finns goda anledningar till att politiken ska fr\u00e4mja n\u00e4ringslivet. V\u00e4lf\u00e4rd och f\u00f6retagande h\u00e4nger ihop. G\u00e5r det d\u00e5ligt f\u00f6r f\u00f6retagen g\u00e5r det ocks\u00e5 d\u00e5ligt f\u00f6r Sverige, och d\u00e5 blir det sv\u00e5rare att f\u00e5 r\u00e5d med satsningar p\u00e5 skola, v\u00e5rd och omsorg. F\u00f6retagande handlar om jobben. Sveriges framtid h\u00e4nger p\u00e5 att vi lyckas uppr\u00e4tth\u00e5lla ett bra f\u00f6retagarklimat, s\u00e5 att entrepren\u00f6rer v\u00e5gar satsa l\u00e5ngsiktigt. Det \u00e4r viktigt att l\u00e4gga resurser p\u00e5 forskning och infrastruktur f\u00f6r att klara den internationella konkurrensen.<\/p>\n<p>De r\u00f6dgr\u00f6na v\u00e4nsterpartierna vill slopa rut- och rot-avdragen, trots att de underl\u00e4ttar m\u00e4nniskors vardag och \u00e4r helt n\u00f6dv\u00e4ndiga f\u00f6r m\u00e5nga mindre f\u00f6retag som ofta m\u00f6ter or\u00e4ttvis konkurrens fr\u00e5n den \u201dsvarta\u201d sektorn. F\u00f6r Kristdemokraterna \u00e4r det sj\u00e4lvklart att dessa skattl\u00e4ttnader ska beh\u00e5llas. En utvecklad tj\u00e4nstesektor har visat sig gynna kvinnors f\u00f6retagande och d\u00e4rmed \u00f6kat f\u00f6ruts\u00e4ttningarna f\u00f6r j\u00e4mst\u00e4lldhet. Lagen om valfrihetssystem inom \u00e4ldreomsorgen \u2013 lov \u2013 \u00e4r ett bra exempel p\u00e5 hur reformer som \u00f6kar v\u00e4lf\u00e4rden ocks\u00e5 kan stimulera m\u00e4nniskor inom traditionellt kvinnodominerade yrken att starta och driva egna f\u00f6retag.<\/p>\n<p>Ett l\u00e4rlingssystem och andra s\u00e4rskilda insatser beh\u00f6vs f\u00f6r att fler unga ska f\u00e5 en chans att etablera sig p\u00e5 arbetsmarknaden. Vi beh\u00f6ver ocks\u00e5 bli b\u00e4ttre p\u00e5 att ta till vara alla m\u00e4nniskors f\u00f6rm\u00e5ga, \u00e4ven de som st\u00e5r l\u00e4ngst fr\u00e5n ett jobb idag. En viktig del av detta arbete \u00e4r att bek\u00e4mpa den or\u00e4ttf\u00e4rdiga diskriminering som hindrar m\u00e5nga invandrare fr\u00e5n att f\u00e5 jobb.<\/p>\n","protected":false},"excerpt":{"rendered":"<p>Nya och v\u00e4xande f\u00f6retag skapar arbetstillf\u00e4llen, b\u00e4ttre ekonomi och mer v\u00e4lf\u00e4rd. D\u00e4rf\u00f6r vill vi att fler ska v\u00e5ga satsa p\u00e5 sina id\u00e9er och starta eget. Arbetsl\u00f6sheten kan bara bek\u00e4mpas med hj\u00e4lp av fler och v\u00e4xande f\u00f6retag. Vi har inf\u00f6rt RUT &#8211; och ROT -avdrag, s\u00e4nkt skatter och avgifter och f\u00f6renklat regler. Vi vill forts\u00e4tta att <a class=\"read-more-link\" href=\"https:\/\/wp.kristdemokraterna.se\/motala\/valet2010\/ett-manskligare-sverige\/steg-5\/\">Read More<\/a><\/p>\n","protected":false},"author":686,"featured_media":0,"parent":634,"menu_order":5,"comment_status":"closed","ping_status":"closed","template":"","meta":{"_acf_changed":false,"footnotes":""},"class_list":["post-726","page","type-page","status-publish","hentry"],"acf":[],"yoast_head":"<!-- This site is optimized with the Yoast SEO plugin v27.4 - https:\/\/yoast.com\/product\/yoast-seo-wordpress\/ -->\n<title>Steg 5 - Fler f\u00f6retag ger fler jobb! - Kristdemokraterna i Motala<\/title>\n<meta name=\"robots\" content=\"index, follow, max-snippet:-1, max-image-preview:large, max-video-preview:-1\" \/>\n<link rel=\"canonical\" href=\"https:\/\/wp.kristdemokraterna.se\/motala\/valet2010\/ett-manskligare-sverige\/steg-5\/\" \/>\n<meta property=\"og:locale\" content=\"sv_SE\" \/>\n<meta property=\"og:type\" content=\"article\" \/>\n<meta property=\"og:title\" content=\"Steg 5 - Fler f\u00f6retag ger fler jobb! - Kristdemokraterna i Motala\" \/>\n<meta property=\"og:description\" content=\"Nya och v\u00e4xande f\u00f6retag skapar arbetstillf\u00e4llen, b\u00e4ttre ekonomi och mer v\u00e4lf\u00e4rd. D\u00e4rf\u00f6r vill vi att fler ska v\u00e5ga satsa p\u00e5 sina id\u00e9er och starta eget. Arbetsl\u00f6sheten kan bara bek\u00e4mpas med hj\u00e4lp av fler och v\u00e4xande f\u00f6retag. Vi har inf\u00f6rt RUT &#8211; och ROT -avdrag, s\u00e4nkt skatter och avgifter och f\u00f6renklat regler. Vi vill forts\u00e4tta att Read More\" \/>\n<meta property=\"og:url\" content=\"https:\/\/wp.kristdemokraterna.se\/motala\/valet2010\/ett-manskligare-sverige\/steg-5\/\" \/>\n<meta property=\"og:site_name\" content=\"Kristdemokraterna i Motala\" \/>\n<meta property=\"article:modified_time\" content=\"2015-03-16T15:55:30+00:00\" \/>\n<meta property=\"og:image\" content=\"http:\/\/wp.kristdemokraterna.se\/motala\/files\/2010\/07\/steg5.jpg\" \/>\n<meta name=\"twitter:card\" content=\"summary_large_image\" \/>\n<meta name=\"twitter:label1\" content=\"Ber\u00e4knad l\u00e4stid\" \/>\n\t<meta name=\"twitter:data1\" content=\"3 minuter\" \/>\n<script type=\"application\/ld+json\" class=\"yoast-schema-graph\">{\"@context\":\"https:\\\/\\\/schema.org\",\"@graph\":[{\"@type\":\"WebPage\",\"@id\":\"https:\\\/\\\/wp.kristdemokraterna.se\\\/motala\\\/valet2010\\\/ett-manskligare-sverige\\\/steg-5\\\/\",\"url\":\"https:\\\/\\\/wp.kristdemokraterna.se\\\/motala\\\/valet2010\\\/ett-manskligare-sverige\\\/steg-5\\\/\",\"name\":\"Steg 5 - Fler f\u00f6retag ger fler jobb! - Kristdemokraterna i Motala\",\"isPartOf\":{\"@id\":\"https:\\\/\\\/wp.kristdemokraterna.se\\\/motala\\\/#website\"},\"primaryImageOfPage\":{\"@id\":\"https:\\\/\\\/wp.kristdemokraterna.se\\\/motala\\\/valet2010\\\/ett-manskligare-sverige\\\/steg-5\\\/#primaryimage\"},\"image\":{\"@id\":\"https:\\\/\\\/wp.kristdemokraterna.se\\\/motala\\\/valet2010\\\/ett-manskligare-sverige\\\/steg-5\\\/#primaryimage\"},\"thumbnailUrl\":\"http:\\\/\\\/wp.kristdemokraterna.se\\\/motala\\\/files\\\/2010\\\/07\\\/steg5.jpg\",\"datePublished\":\"2010-07-23T16:34:11+00:00\",\"dateModified\":\"2015-03-16T15:55:30+00:00\",\"breadcrumb\":{\"@id\":\"https:\\\/\\\/wp.kristdemokraterna.se\\\/motala\\\/valet2010\\\/ett-manskligare-sverige\\\/steg-5\\\/#breadcrumb\"},\"inLanguage\":\"sv-SE\",\"potentialAction\":[{\"@type\":\"ReadAction\",\"target\":[\"https:\\\/\\\/wp.kristdemokraterna.se\\\/motala\\\/valet2010\\\/ett-manskligare-sverige\\\/steg-5\\\/\"]}]},{\"@type\":\"ImageObject\",\"inLanguage\":\"sv-SE\",\"@id\":\"https:\\\/\\\/wp.kristdemokraterna.se\\\/motala\\\/valet2010\\\/ett-manskligare-sverige\\\/steg-5\\\/#primaryimage\",\"url\":\"https:\\\/\\\/wp.kristdemokraterna.se\\\/motala\\\/files\\\/2010\\\/07\\\/steg5.jpg\",\"contentUrl\":\"https:\\\/\\\/wp.kristdemokraterna.se\\\/motala\\\/files\\\/2010\\\/07\\\/steg5.jpg\",\"width\":420,\"height\":269},{\"@type\":\"BreadcrumbList\",\"@id\":\"https:\\\/\\\/wp.kristdemokraterna.se\\\/motala\\\/valet2010\\\/ett-manskligare-sverige\\\/steg-5\\\/#breadcrumb\",\"itemListElement\":[{\"@type\":\"ListItem\",\"position\":1,\"name\":\"Hem\",\"item\":\"https:\\\/\\\/wp.kristdemokraterna.se\\\/motala\\\/\"},{\"@type\":\"ListItem\",\"position\":2,\"name\":\"Valet 19 sept 2010\",\"item\":\"https:\\\/\\\/wp.kristdemokraterna.se\\\/motala\\\/valet2010\\\/\"},{\"@type\":\"ListItem\",\"position\":3,\"name\":\"Valet 2010 &#8211; Ett m\u00e4nskligare Sverige\",\"item\":\"https:\\\/\\\/wp.kristdemokraterna.se\\\/motala\\\/valet2010\\\/ett-manskligare-sverige\\\/\"},{\"@type\":\"ListItem\",\"position\":4,\"name\":\"Steg 5 &#8211; Fler f\u00f6retag ger fler jobb!\"}]},{\"@type\":\"WebSite\",\"@id\":\"https:\\\/\\\/wp.kristdemokraterna.se\\\/motala\\\/#website\",\"url\":\"https:\\\/\\\/wp.kristdemokraterna.se\\\/motala\\\/\",\"name\":\"Kristdemokraterna i Motala\",\"description\":\"Kristdemokraterna\",\"inLanguage\":\"sv-SE\"}]}<\/script>\n<!-- \/ Yoast SEO plugin. -->","yoast_head_json":{"title":"Steg 5 - Fler f\u00f6retag ger fler jobb! - Kristdemokraterna i Motala","robots":{"index":"index","follow":"follow","max-snippet":"max-snippet:-1","max-image-preview":"max-image-preview:large","max-video-preview":"max-video-preview:-1"},"canonical":"https:\/\/wp.kristdemokraterna.se\/motala\/valet2010\/ett-manskligare-sverige\/steg-5\/","og_locale":"sv_SE","og_type":"article","og_title":"Steg 5 - Fler f\u00f6retag ger fler jobb! - Kristdemokraterna i Motala","og_description":"Nya och v\u00e4xande f\u00f6retag skapar arbetstillf\u00e4llen, b\u00e4ttre ekonomi och mer v\u00e4lf\u00e4rd. D\u00e4rf\u00f6r vill vi att fler ska v\u00e5ga satsa p\u00e5 sina id\u00e9er och starta eget. Arbetsl\u00f6sheten kan bara bek\u00e4mpas med hj\u00e4lp av fler och v\u00e4xande f\u00f6retag. Vi har inf\u00f6rt RUT &#8211; och ROT -avdrag, s\u00e4nkt skatter och avgifter och f\u00f6renklat regler. Vi vill forts\u00e4tta att Read More","og_url":"https:\/\/wp.kristdemokraterna.se\/motala\/valet2010\/ett-manskligare-sverige\/steg-5\/","og_site_name":"Kristdemokraterna i Motala","article_modified_time":"2015-03-16T15:55:30+00:00","og_image":[{"url":"http:\/\/wp.kristdemokraterna.se\/motala\/files\/2010\/07\/steg5.jpg","type":"","width":"","height":""}],"twitter_card":"summary_large_image","twitter_misc":{"Ber\u00e4knad l\u00e4stid":"3 minuter"},"schema":{"@context":"https:\/\/schema.org","@graph":[{"@type":"WebPage","@id":"https:\/\/wp.kristdemokraterna.se\/motala\/valet2010\/ett-manskligare-sverige\/steg-5\/","url":"https:\/\/wp.kristdemokraterna.se\/motala\/valet2010\/ett-manskligare-sverige\/steg-5\/","name":"Steg 5 - Fler f\u00f6retag ger fler jobb! - Kristdemokraterna i Motala","isPartOf":{"@id":"https:\/\/wp.kristdemokraterna.se\/motala\/#website"},"primaryImageOfPage":{"@id":"https:\/\/wp.kristdemokraterna.se\/motala\/valet2010\/ett-manskligare-sverige\/steg-5\/#primaryimage"},"image":{"@id":"https:\/\/wp.kristdemokraterna.se\/motala\/valet2010\/ett-manskligare-sverige\/steg-5\/#primaryimage"},"thumbnailUrl":"http:\/\/wp.kristdemokraterna.se\/motala\/files\/2010\/07\/steg5.jpg","datePublished":"2010-07-23T16:34:11+00:00","dateModified":"2015-03-16T15:55:30+00:00","breadcrumb":{"@id":"https:\/\/wp.kristdemokraterna.se\/motala\/valet2010\/ett-manskligare-sverige\/steg-5\/#breadcrumb"},"inLanguage":"sv-SE","potentialAction":[{"@type":"ReadAction","target":["https:\/\/wp.kristdemokraterna.se\/motala\/valet2010\/ett-manskligare-sverige\/steg-5\/"]}]},{"@type":"ImageObject","inLanguage":"sv-SE","@id":"https:\/\/wp.kristdemokraterna.se\/motala\/valet2010\/ett-manskligare-sverige\/steg-5\/#primaryimage","url":"https:\/\/wp.kristdemokraterna.se\/motala\/files\/2010\/07\/steg5.jpg","contentUrl":"https:\/\/wp.kristdemokraterna.se\/motala\/files\/2010\/07\/steg5.jpg","width":420,"height":269},{"@type":"BreadcrumbList","@id":"https:\/\/wp.kristdemokraterna.se\/motala\/valet2010\/ett-manskligare-sverige\/steg-5\/#breadcrumb","itemListElement":[{"@type":"ListItem","position":1,"name":"Hem","item":"https:\/\/wp.kristdemokraterna.se\/motala\/"},{"@type":"ListItem","position":2,"name":"Valet 19 sept 2010","item":"https:\/\/wp.kristdemokraterna.se\/motala\/valet2010\/"},{"@type":"ListItem","position":3,"name":"Valet 2010 &#8211; Ett m\u00e4nskligare Sverige","item":"https:\/\/wp.kristdemokraterna.se\/motala\/valet2010\/ett-manskligare-sverige\/"},{"@type":"ListItem","position":4,"name":"Steg 5 &#8211; Fler f\u00f6retag ger fler jobb!"}]},{"@type":"WebSite","@id":"https:\/\/wp.kristdemokraterna.se\/motala\/#website","url":"https:\/\/wp.kristdemokraterna.se\/motala\/","name":"Kristdemokraterna i Motala","description":"Kristdemokraterna","inLanguage":"sv-SE"}]}},"_links":{"self":[{"href":"https:\/\/wp.kristdemokraterna.se\/motala\/wp-json\/wp\/v2\/pages\/726","targetHints":{"allow":["GET"]}}],"collection":[{"href":"https:\/\/wp.kristdemokraterna.se\/motala\/wp-json\/wp\/v2\/pages"}],"about":[{"href":"https:\/\/wp.kristdemokraterna.se\/motala\/wp-json\/wp\/v2\/types\/page"}],"author":[{"embeddable":true,"href":"https:\/\/wp.kristdemokraterna.se\/motala\/wp-json\/wp\/v2\/users\/686"}],"replies":[{"embeddable":true,"href":"https:\/\/wp.kristdemokraterna.se\/motala\/wp-json\/wp\/v2\/comments?post=726"}],"version-history":[{"count":4,"href":"https:\/\/wp.kristdemokraterna.se\/motala\/wp-json\/wp\/v2\/pages\/726\/revisions"}],"predecessor-version":[{"id":731,"href":"https:\/\/wp.kristdemokraterna.se\/motala\/wp-json\/wp\/v2\/pages\/726\/revisions\/731"}],"up":[{"embeddable":true,"href":"https:\/\/wp.kristdemokraterna.se\/motala\/wp-json\/wp\/v2\/pages\/634"}],"wp:attachment":[{"href":"https:\/\/wp.kristdemokraterna.se\/motala\/wp-json\/wp\/v2\/media?parent=726"}],"curies":[{"name":"wp","href":"https:\/\/api.w.org\/{rel}","templated":true}]}}