{"id":761,"date":"2010-07-23T18:41:12","date_gmt":"2010-07-23T16:41:12","guid":{"rendered":"http:\/\/wp.kristdemokraterna.se\/motala\/?page_id=761"},"modified":"2015-03-16T16:55:44","modified_gmt":"2015-03-16T15:55:44","slug":"steg-7","status":"publish","type":"page","link":"https:\/\/wp.kristdemokraterna.se\/motala\/valet2010\/ett-manskligare-sverige\/steg-7\/","title":{"rendered":"Steg 7 &#8211; Tryggare barn l\u00e4r sig mer!"},"content":{"rendered":"<p><img loading=\"lazy\" decoding=\"async\" class=\"alignnone size-full wp-image-762\" src=\"http:\/\/wp.kristdemokraterna.se\/motala\/files\/2015\/03\/steg7.jpg\" alt=\"steg7\" width=\"420\" height=\"298\" srcset=\"https:\/\/wp.kristdemokraterna.se\/motala\/files\/2015\/03\/steg7.jpg 420w, https:\/\/wp.kristdemokraterna.se\/motala\/files\/2015\/03\/steg7-300x213.jpg 300w, https:\/\/wp.kristdemokraterna.se\/motala\/files\/2015\/03\/steg7-158x112.jpg 158w\" sizes=\"auto, (max-width: 420px) 100vw, 420px\" \/><br \/>\n<strong>Skolan ska handla om kunskap. Det beh\u00f6vs tydliga m\u00e5l och undervisning som passar varje elev. Vi vet att barn \u00e4r olika och l\u00e4r sig p\u00e5 olika s\u00e4tt. D\u00e4rf\u00f6r m\u00e5ste skolan tidigt uppm\u00e4rksamma de barn som har behov av s\u00e4rskilt st\u00f6d. Skolan ska ha en tydlig v\u00e4rdegrund som baseras p\u00e5 respekt f\u00f6r att m\u00e4nniskor \u00e4r olika, men lika mycket v\u00e4rda. Barnen f\u00f6rtj\u00e4nar trivsamma lokaler, bra mat och l\u00e4rare som har tid f\u00f6r en pratstund. Och som tar krafttag mot mobbning.<\/strong><\/p>\n<p>Alldeles f\u00f6r m\u00e5nga barn g\u00e5r till skolan med en klump i magen varje morgon. F\u00f6r m\u00e5nga \u00e4r skolan en k\u00e4lla till oro, frustration och nervositet. S\u00e5 ska det inte vara. Vi kristdemokrater vill se till att skolmilj\u00f6n blir b\u00e4ttre, vi vill arbeta h\u00e5rdare mot mobbning, och vi vill hj\u00e4lpa varje barn att n\u00e5 de uppsatta m\u00e5len f\u00f6r utbildningen. Alla barn \u00e4r v\u00e4rda en bra skolg\u00e5ng.<\/p>\n<p>Kristdemokraterna vill att skolan ska handla om kunskap. Vi vill ha tydligare m\u00e5l, tidigare betyg och ordentlig uppf\u00f6ljning, s\u00e5 att fler elever n\u00e5r m\u00e5len. Skolan m\u00e5ste bli b\u00e4ttre p\u00e5 att tidigt uppm\u00e4rksamma vilka barn som beh\u00f6ver extra st\u00f6d f\u00f6r att inte halka efter.<\/p>\n<p>Men samtidigt som barnen l\u00e4r sig matematik eller geografi beh\u00f6vs tid f\u00f6r att prata om hur vi lever tillsammans. Vi tycker att skolan har ett ansvar att f\u00f6rmedla grundl\u00e4ggande etiska v\u00e4rden som m\u00e4nniskolivets okr\u00e4nkbarhet och solidaritet med den som \u00e4r svagare. Det kr\u00e4ver en tydlig v\u00e4rdegrund som baseras p\u00e5 respekt f\u00f6r att alla m\u00e4nniskor \u00e4r olika, men \u00e4nd\u00e5 har samma v\u00e4rde. Det kr\u00e4ver ocks\u00e5 att l\u00e4rare har tid att prata med sina elever. I det ing\u00e5r att arbeta aktivt mot mobbning och kr\u00e4nkande beteende. Det borde vara en sj\u00e4lvklarhet att alla elever ska kunna k\u00e4nna sig trygga och uppskattade men s\u00e5 \u00e4r det inte idag. K\u00f6nsdiskriminering och rasism i skolan m\u00e5ste bek\u00e4mpas.<\/p>\n<p>Sveriges elever f\u00f6rtj\u00e4nar trivsamma klassrum, matsalar som serverar god mat och toaletter som \u00e4r st\u00e4dade. En bra skolmilj\u00f6 skapar den trygghet som kr\u00e4vs f\u00f6r att barn ska kunna ta till sig kunskap. En elev som beter sig illa m\u00e5ste f\u00e5 ett tydligt besked om att hans eller hennes uppf\u00f6rande inte accepteras i skolan. En elev som anstr\u00e4nger sig, \u00e4r aktiv p\u00e5 lektionerna och omt\u00e4nksam ska uppmuntras i sitt beteende. Vi vill att skolk ska skrivas in i betyget och att ett skriftligt omd\u00f6me om elevens upptr\u00e4dande och engagemang i skolan ska bifogas till betyget.<\/p>\n<p>En f\u00f6ruts\u00e4ttning f\u00f6r att skolan ska bli tryggare \u00e4r att ha fler vuxna p\u00e5 plats, inte enbart l\u00e4rare utan \u00e4ven elevh\u00e4lsov\u00e5rd, kuratorer och annan personal. Dessutom \u00e4r det n\u00f6dv\u00e4ndigt med engagerade f\u00f6r\u00e4ldrar som st\u00f6ttar och uppmuntrar, skapar f\u00f6ruts\u00e4ttningar f\u00f6r att l\u00e4xorna blir gjorda och bryr sig om vad som h\u00e4nder i skolan.<\/p>\n","protected":false},"excerpt":{"rendered":"<p>Skolan ska handla om kunskap. Det beh\u00f6vs tydliga m\u00e5l och undervisning som passar varje elev. Vi vet att barn \u00e4r olika och l\u00e4r sig p\u00e5 olika s\u00e4tt. D\u00e4rf\u00f6r m\u00e5ste skolan tidigt uppm\u00e4rksamma de barn som har behov av s\u00e4rskilt st\u00f6d. Skolan ska ha en tydlig v\u00e4rdegrund som baseras p\u00e5 respekt f\u00f6r att m\u00e4nniskor \u00e4r olika, <a class=\"read-more-link\" href=\"https:\/\/wp.kristdemokraterna.se\/motala\/valet2010\/ett-manskligare-sverige\/steg-7\/\">Read More<\/a><\/p>\n","protected":false},"author":686,"featured_media":0,"parent":634,"menu_order":7,"comment_status":"closed","ping_status":"closed","template":"","meta":{"_acf_changed":false,"footnotes":""},"class_list":["post-761","page","type-page","status-publish","hentry"],"acf":[],"yoast_head":"<!-- This site is optimized with the Yoast SEO plugin v27.3 - https:\/\/yoast.com\/product\/yoast-seo-wordpress\/ -->\n<title>Steg 7 - Tryggare barn l\u00e4r sig mer! - Kristdemokraterna i Motala<\/title>\n<meta name=\"robots\" content=\"index, follow, max-snippet:-1, max-image-preview:large, max-video-preview:-1\" \/>\n<link rel=\"canonical\" href=\"https:\/\/wp.kristdemokraterna.se\/motala\/valet2010\/ett-manskligare-sverige\/steg-7\/\" \/>\n<meta property=\"og:locale\" content=\"sv_SE\" \/>\n<meta property=\"og:type\" content=\"article\" \/>\n<meta property=\"og:title\" content=\"Steg 7 - Tryggare barn l\u00e4r sig mer! - Kristdemokraterna i Motala\" \/>\n<meta property=\"og:description\" content=\"Skolan ska handla om kunskap. Det beh\u00f6vs tydliga m\u00e5l och undervisning som passar varje elev. Vi vet att barn \u00e4r olika och l\u00e4r sig p\u00e5 olika s\u00e4tt. D\u00e4rf\u00f6r m\u00e5ste skolan tidigt uppm\u00e4rksamma de barn som har behov av s\u00e4rskilt st\u00f6d. Skolan ska ha en tydlig v\u00e4rdegrund som baseras p\u00e5 respekt f\u00f6r att m\u00e4nniskor \u00e4r olika, Read More\" \/>\n<meta property=\"og:url\" content=\"https:\/\/wp.kristdemokraterna.se\/motala\/valet2010\/ett-manskligare-sverige\/steg-7\/\" \/>\n<meta property=\"og:site_name\" content=\"Kristdemokraterna i Motala\" \/>\n<meta property=\"article:modified_time\" content=\"2015-03-16T15:55:44+00:00\" \/>\n<meta property=\"og:image\" content=\"http:\/\/wp.kristdemokraterna.se\/motala\/files\/2015\/03\/steg7.jpg\" \/>\n<meta name=\"twitter:card\" content=\"summary_large_image\" \/>\n<meta name=\"twitter:label1\" content=\"Ber\u00e4knad l\u00e4stid\" \/>\n\t<meta name=\"twitter:data1\" content=\"3 minuter\" \/>\n<script type=\"application\/ld+json\" class=\"yoast-schema-graph\">{\"@context\":\"https:\\\/\\\/schema.org\",\"@graph\":[{\"@type\":\"WebPage\",\"@id\":\"https:\\\/\\\/wp.kristdemokraterna.se\\\/motala\\\/valet2010\\\/ett-manskligare-sverige\\\/steg-7\\\/\",\"url\":\"https:\\\/\\\/wp.kristdemokraterna.se\\\/motala\\\/valet2010\\\/ett-manskligare-sverige\\\/steg-7\\\/\",\"name\":\"Steg 7 - Tryggare barn l\u00e4r sig mer! - Kristdemokraterna i Motala\",\"isPartOf\":{\"@id\":\"https:\\\/\\\/wp.kristdemokraterna.se\\\/motala\\\/#website\"},\"primaryImageOfPage\":{\"@id\":\"https:\\\/\\\/wp.kristdemokraterna.se\\\/motala\\\/valet2010\\\/ett-manskligare-sverige\\\/steg-7\\\/#primaryimage\"},\"image\":{\"@id\":\"https:\\\/\\\/wp.kristdemokraterna.se\\\/motala\\\/valet2010\\\/ett-manskligare-sverige\\\/steg-7\\\/#primaryimage\"},\"thumbnailUrl\":\"http:\\\/\\\/wp.kristdemokraterna.se\\\/motala\\\/files\\\/2015\\\/03\\\/steg7.jpg\",\"datePublished\":\"2010-07-23T16:41:12+00:00\",\"dateModified\":\"2015-03-16T15:55:44+00:00\",\"breadcrumb\":{\"@id\":\"https:\\\/\\\/wp.kristdemokraterna.se\\\/motala\\\/valet2010\\\/ett-manskligare-sverige\\\/steg-7\\\/#breadcrumb\"},\"inLanguage\":\"sv-SE\",\"potentialAction\":[{\"@type\":\"ReadAction\",\"target\":[\"https:\\\/\\\/wp.kristdemokraterna.se\\\/motala\\\/valet2010\\\/ett-manskligare-sverige\\\/steg-7\\\/\"]}]},{\"@type\":\"ImageObject\",\"inLanguage\":\"sv-SE\",\"@id\":\"https:\\\/\\\/wp.kristdemokraterna.se\\\/motala\\\/valet2010\\\/ett-manskligare-sverige\\\/steg-7\\\/#primaryimage\",\"url\":\"https:\\\/\\\/wp.kristdemokraterna.se\\\/motala\\\/files\\\/2015\\\/03\\\/steg7.jpg\",\"contentUrl\":\"https:\\\/\\\/wp.kristdemokraterna.se\\\/motala\\\/files\\\/2015\\\/03\\\/steg7.jpg\",\"width\":420,\"height\":298},{\"@type\":\"BreadcrumbList\",\"@id\":\"https:\\\/\\\/wp.kristdemokraterna.se\\\/motala\\\/valet2010\\\/ett-manskligare-sverige\\\/steg-7\\\/#breadcrumb\",\"itemListElement\":[{\"@type\":\"ListItem\",\"position\":1,\"name\":\"Hem\",\"item\":\"https:\\\/\\\/wp.kristdemokraterna.se\\\/motala\\\/\"},{\"@type\":\"ListItem\",\"position\":2,\"name\":\"Valet 19 sept 2010\",\"item\":\"https:\\\/\\\/wp.kristdemokraterna.se\\\/motala\\\/valet2010\\\/\"},{\"@type\":\"ListItem\",\"position\":3,\"name\":\"Valet 2010 &#8211; Ett m\u00e4nskligare Sverige\",\"item\":\"https:\\\/\\\/wp.kristdemokraterna.se\\\/motala\\\/valet2010\\\/ett-manskligare-sverige\\\/\"},{\"@type\":\"ListItem\",\"position\":4,\"name\":\"Steg 7 &#8211; Tryggare barn l\u00e4r sig mer!\"}]},{\"@type\":\"WebSite\",\"@id\":\"https:\\\/\\\/wp.kristdemokraterna.se\\\/motala\\\/#website\",\"url\":\"https:\\\/\\\/wp.kristdemokraterna.se\\\/motala\\\/\",\"name\":\"Kristdemokraterna i Motala\",\"description\":\"Kristdemokraterna\",\"inLanguage\":\"sv-SE\"}]}<\/script>\n<!-- \/ Yoast SEO plugin. -->","yoast_head_json":{"title":"Steg 7 - Tryggare barn l\u00e4r sig mer! - Kristdemokraterna i Motala","robots":{"index":"index","follow":"follow","max-snippet":"max-snippet:-1","max-image-preview":"max-image-preview:large","max-video-preview":"max-video-preview:-1"},"canonical":"https:\/\/wp.kristdemokraterna.se\/motala\/valet2010\/ett-manskligare-sverige\/steg-7\/","og_locale":"sv_SE","og_type":"article","og_title":"Steg 7 - Tryggare barn l\u00e4r sig mer! - Kristdemokraterna i Motala","og_description":"Skolan ska handla om kunskap. Det beh\u00f6vs tydliga m\u00e5l och undervisning som passar varje elev. Vi vet att barn \u00e4r olika och l\u00e4r sig p\u00e5 olika s\u00e4tt. D\u00e4rf\u00f6r m\u00e5ste skolan tidigt uppm\u00e4rksamma de barn som har behov av s\u00e4rskilt st\u00f6d. Skolan ska ha en tydlig v\u00e4rdegrund som baseras p\u00e5 respekt f\u00f6r att m\u00e4nniskor \u00e4r olika, Read More","og_url":"https:\/\/wp.kristdemokraterna.se\/motala\/valet2010\/ett-manskligare-sverige\/steg-7\/","og_site_name":"Kristdemokraterna i Motala","article_modified_time":"2015-03-16T15:55:44+00:00","og_image":[{"url":"http:\/\/wp.kristdemokraterna.se\/motala\/files\/2015\/03\/steg7.jpg","type":"","width":"","height":""}],"twitter_card":"summary_large_image","twitter_misc":{"Ber\u00e4knad l\u00e4stid":"3 minuter"},"schema":{"@context":"https:\/\/schema.org","@graph":[{"@type":"WebPage","@id":"https:\/\/wp.kristdemokraterna.se\/motala\/valet2010\/ett-manskligare-sverige\/steg-7\/","url":"https:\/\/wp.kristdemokraterna.se\/motala\/valet2010\/ett-manskligare-sverige\/steg-7\/","name":"Steg 7 - Tryggare barn l\u00e4r sig mer! - Kristdemokraterna i Motala","isPartOf":{"@id":"https:\/\/wp.kristdemokraterna.se\/motala\/#website"},"primaryImageOfPage":{"@id":"https:\/\/wp.kristdemokraterna.se\/motala\/valet2010\/ett-manskligare-sverige\/steg-7\/#primaryimage"},"image":{"@id":"https:\/\/wp.kristdemokraterna.se\/motala\/valet2010\/ett-manskligare-sverige\/steg-7\/#primaryimage"},"thumbnailUrl":"http:\/\/wp.kristdemokraterna.se\/motala\/files\/2015\/03\/steg7.jpg","datePublished":"2010-07-23T16:41:12+00:00","dateModified":"2015-03-16T15:55:44+00:00","breadcrumb":{"@id":"https:\/\/wp.kristdemokraterna.se\/motala\/valet2010\/ett-manskligare-sverige\/steg-7\/#breadcrumb"},"inLanguage":"sv-SE","potentialAction":[{"@type":"ReadAction","target":["https:\/\/wp.kristdemokraterna.se\/motala\/valet2010\/ett-manskligare-sverige\/steg-7\/"]}]},{"@type":"ImageObject","inLanguage":"sv-SE","@id":"https:\/\/wp.kristdemokraterna.se\/motala\/valet2010\/ett-manskligare-sverige\/steg-7\/#primaryimage","url":"https:\/\/wp.kristdemokraterna.se\/motala\/files\/2015\/03\/steg7.jpg","contentUrl":"https:\/\/wp.kristdemokraterna.se\/motala\/files\/2015\/03\/steg7.jpg","width":420,"height":298},{"@type":"BreadcrumbList","@id":"https:\/\/wp.kristdemokraterna.se\/motala\/valet2010\/ett-manskligare-sverige\/steg-7\/#breadcrumb","itemListElement":[{"@type":"ListItem","position":1,"name":"Hem","item":"https:\/\/wp.kristdemokraterna.se\/motala\/"},{"@type":"ListItem","position":2,"name":"Valet 19 sept 2010","item":"https:\/\/wp.kristdemokraterna.se\/motala\/valet2010\/"},{"@type":"ListItem","position":3,"name":"Valet 2010 &#8211; Ett m\u00e4nskligare Sverige","item":"https:\/\/wp.kristdemokraterna.se\/motala\/valet2010\/ett-manskligare-sverige\/"},{"@type":"ListItem","position":4,"name":"Steg 7 &#8211; Tryggare barn l\u00e4r sig mer!"}]},{"@type":"WebSite","@id":"https:\/\/wp.kristdemokraterna.se\/motala\/#website","url":"https:\/\/wp.kristdemokraterna.se\/motala\/","name":"Kristdemokraterna i Motala","description":"Kristdemokraterna","inLanguage":"sv-SE"}]}},"_links":{"self":[{"href":"https:\/\/wp.kristdemokraterna.se\/motala\/wp-json\/wp\/v2\/pages\/761","targetHints":{"allow":["GET"]}}],"collection":[{"href":"https:\/\/wp.kristdemokraterna.se\/motala\/wp-json\/wp\/v2\/pages"}],"about":[{"href":"https:\/\/wp.kristdemokraterna.se\/motala\/wp-json\/wp\/v2\/types\/page"}],"author":[{"embeddable":true,"href":"https:\/\/wp.kristdemokraterna.se\/motala\/wp-json\/wp\/v2\/users\/686"}],"replies":[{"embeddable":true,"href":"https:\/\/wp.kristdemokraterna.se\/motala\/wp-json\/wp\/v2\/comments?post=761"}],"version-history":[{"count":1,"href":"https:\/\/wp.kristdemokraterna.se\/motala\/wp-json\/wp\/v2\/pages\/761\/revisions"}],"predecessor-version":[{"id":763,"href":"https:\/\/wp.kristdemokraterna.se\/motala\/wp-json\/wp\/v2\/pages\/761\/revisions\/763"}],"up":[{"embeddable":true,"href":"https:\/\/wp.kristdemokraterna.se\/motala\/wp-json\/wp\/v2\/pages\/634"}],"wp:attachment":[{"href":"https:\/\/wp.kristdemokraterna.se\/motala\/wp-json\/wp\/v2\/media?parent=761"}],"curies":[{"name":"wp","href":"https:\/\/api.w.org\/{rel}","templated":true}]}}