{"id":773,"date":"2010-07-23T18:47:20","date_gmt":"2010-07-23T16:47:20","guid":{"rendered":"http:\/\/wp.kristdemokraterna.se\/motala\/?page_id=773"},"modified":"2015-03-16T16:55:57","modified_gmt":"2015-03-16T15:55:57","slug":"steg-9","status":"publish","type":"page","link":"https:\/\/wp.kristdemokraterna.se\/motala\/valet2010\/ett-manskligare-sverige\/steg-9\/","title":{"rendered":"Steg 9 &#8211; V\u00e4lkommen till Sverige!"},"content":{"rendered":"<p><strong><img loading=\"lazy\" decoding=\"async\" class=\"alignnone size-full wp-image-782\" src=\"http:\/\/wp.kristdemokraterna.se\/motala\/files\/2010\/07\/steg9.jpg\" alt=\"steg9\" width=\"420\" height=\"298\" srcset=\"https:\/\/wp.kristdemokraterna.se\/motala\/files\/2010\/07\/steg9.jpg 420w, https:\/\/wp.kristdemokraterna.se\/motala\/files\/2010\/07\/steg9-300x213.jpg 300w, https:\/\/wp.kristdemokraterna.se\/motala\/files\/2010\/07\/steg9-158x112.jpg 158w\" sizes=\"auto, (max-width: 420px) 100vw, 420px\" \/><br \/>\nKristdemokraterna \u00e4r emot fr\u00e4mlingsfientlighet i alla former. Sverige ska vara ett \u00f6ppet land f\u00f6r m\u00e4nniskor som flyr fr\u00e5n f\u00f6rtryck och f\u00f6rf\u00f6ljelse. M\u00f6ten mellan m\u00e4nniskor med olika bakgrund g\u00f6r Sverige b\u00e4ttre. I ett m\u00e4nskligare Sverige har alla samma r\u00e4ttigheter, skyldigheter och m\u00f6jligheter. Jobb och spr\u00e5k \u00e4r nycklarna till integration. Vi vill att alla som kommer till Sverige ska f\u00e5 b\u00f6rja jobba direkt. Alla ska redan fr\u00e5n b\u00f6rjan ta ansvar f\u00f6r, och p\u00e5verka, sin vardag.<\/strong><\/p>\n<p>Kristdemokraterna \u00e4r emot fr\u00e4mlingsfientlighet i alla former. Sverige ska vara ett \u00f6ppet land f\u00f6r m\u00e4nniskor som flyr fr\u00e5n f\u00f6rtryck och f\u00f6rf\u00f6ljelse. M\u00f6ten mellan m\u00e4nniskor med olika bakgrund g\u00f6r Sverige b\u00e4ttre. I ett m\u00e4nskligare Sverige har alla samma r\u00e4ttigheter, skyldigheter och m\u00f6jligheter. Jobb och spr\u00e5k \u00e4r nycklarna till integration. Vi vill att alla som kommer till Sverige ska f\u00e5 b\u00f6rja jobba direkt. Alla ska redan fr\u00e5n b\u00f6rjan ta ansvar f\u00f6r, och p\u00e5verka, sin vardag.varje dag fattar m\u00e4nniskor v\u00e4rlden \u00f6ver det ofattbart sv\u00e5ra beslutet att fly. F\u00f6r att det inte g\u00e5r att vara kvar d\u00e4r hemma l\u00e4ngre.<\/p>\n<p>F\u00f6r att kriget och f\u00f6rtrycket g\u00e5tt f\u00f6r l\u00e5ngt. F\u00f6r att barnen inte \u00e4r s\u00e4kra. F\u00f6r att det har blivit om\u00f6jligt att ut\u00f6va sin religion, om\u00f6jligt att ha en politisk \u00e5sikt. De s\u00f6ker efter en m\u00f6jlighet att skapa trygghet f\u00f6r den egna familjen, att ta ansvar. En m\u00f6jlighet att f\u00f6rs\u00f6rja sig och \u00e4ta sig m\u00e4tta.<\/p>\n<p>M\u00e5nga av de problem som m\u00e4nniskor kopplar ihop med invandring handlar i sj\u00e4lva verket om bristande integration. Vi vill g\u00f6ra samh\u00e4llet mer integrerat, fr\u00e4mja en gemensam v\u00e4rdegrund och se till att m\u00e4nniskor med olika bakgrund och f\u00f6ruts\u00e4ttningar kan m\u00f6tas och ing\u00e5 i gemensamma sammanhang. En kraftfull \u00e5tg\u00e4rd f\u00f6r att motverka segregation \u00e4r att se till att alla bostadsomr\u00e5den har en blandad bebyggelse. F\u00f6r detta beh\u00f6vs fler bost\u00e4der, inte minst fler hyresr\u00e4tter. Tidigare socialdemokratiska regeringar har inte lyckats stimulera det byggande av hyresr\u00e4tter som kr\u00e4vs f\u00f6r en r\u00f6rlig bostadsmarknad. Skatter, regler och best\u00e4mmelser som hindrar byggf\u00f6retag att bygga nya bost\u00e4der till rimliga priser m\u00e5ste f\u00f6r\u00e4ndras.<\/p>\n<p>Det finns de som vill sluta leden och st\u00e4nga Sveriges gr\u00e4nser. Som tycker att vi \u00e4r oss sj\u00e4lva nog. Som p\u00e5st\u00e5r att Sverige inte har n\u00e5got att erbjuda alla dem som s\u00f6ker en b\u00e4ttre framtid. Som st\u00e4ller grupper mot varandra. Kristdemokraterna h\u00e5ller inte med \u2013 tv\u00e4rtom. F\u00f6r att g\u00f6ra Sverige m\u00e4nskligare m\u00e5ste vi s\u00e4ga att vi har f\u00e5tt nog av de krafter som f\u00f6rs\u00f6ker sprida r\u00e4dsla och otrygghet. Vi ska inte anpassa oss efter deras v\u00e4rldsbild. Fr\u00e4mlingsfientlighet ska inte ha n\u00e5gon plats i Sverige. Vi vill att Sverige ska vara ett \u00f6ppet och medm\u00e4nskligt land d\u00e4r folk k\u00e4nner sig v\u00e4lkomna.<\/p>\n","protected":false},"excerpt":{"rendered":"<p>Kristdemokraterna \u00e4r emot fr\u00e4mlingsfientlighet i alla former. Sverige ska vara ett \u00f6ppet land f\u00f6r m\u00e4nniskor som flyr fr\u00e5n f\u00f6rtryck och f\u00f6rf\u00f6ljelse. M\u00f6ten mellan m\u00e4nniskor med olika bakgrund g\u00f6r Sverige b\u00e4ttre. I ett m\u00e4nskligare Sverige har alla samma r\u00e4ttigheter, skyldigheter och m\u00f6jligheter. Jobb och spr\u00e5k \u00e4r nycklarna till integration. Vi vill att alla som kommer till <a class=\"read-more-link\" href=\"https:\/\/wp.kristdemokraterna.se\/motala\/valet2010\/ett-manskligare-sverige\/steg-9\/\">Read More<\/a><\/p>\n","protected":false},"author":686,"featured_media":0,"parent":634,"menu_order":9,"comment_status":"closed","ping_status":"closed","template":"","meta":{"_acf_changed":false,"footnotes":""},"class_list":["post-773","page","type-page","status-publish","hentry"],"acf":[],"yoast_head":"<!-- This site is optimized with the Yoast SEO plugin v27.4 - https:\/\/yoast.com\/product\/yoast-seo-wordpress\/ -->\n<title>Steg 9 - V\u00e4lkommen till Sverige! - Kristdemokraterna i Motala<\/title>\n<meta name=\"robots\" content=\"index, follow, max-snippet:-1, max-image-preview:large, max-video-preview:-1\" \/>\n<link rel=\"canonical\" href=\"https:\/\/wp.kristdemokraterna.se\/motala\/valet2010\/ett-manskligare-sverige\/steg-9\/\" \/>\n<meta property=\"og:locale\" content=\"sv_SE\" \/>\n<meta property=\"og:type\" content=\"article\" \/>\n<meta property=\"og:title\" content=\"Steg 9 - V\u00e4lkommen till Sverige! - Kristdemokraterna i Motala\" \/>\n<meta property=\"og:description\" content=\"Kristdemokraterna \u00e4r emot fr\u00e4mlingsfientlighet i alla former. Sverige ska vara ett \u00f6ppet land f\u00f6r m\u00e4nniskor som flyr fr\u00e5n f\u00f6rtryck och f\u00f6rf\u00f6ljelse. M\u00f6ten mellan m\u00e4nniskor med olika bakgrund g\u00f6r Sverige b\u00e4ttre. I ett m\u00e4nskligare Sverige har alla samma r\u00e4ttigheter, skyldigheter och m\u00f6jligheter. Jobb och spr\u00e5k \u00e4r nycklarna till integration. Vi vill att alla som kommer till Read More\" \/>\n<meta property=\"og:url\" content=\"https:\/\/wp.kristdemokraterna.se\/motala\/valet2010\/ett-manskligare-sverige\/steg-9\/\" \/>\n<meta property=\"og:site_name\" content=\"Kristdemokraterna i Motala\" \/>\n<meta property=\"article:modified_time\" content=\"2015-03-16T15:55:57+00:00\" \/>\n<meta property=\"og:image\" content=\"http:\/\/wp.kristdemokraterna.se\/motala\/files\/2010\/07\/steg9.jpg\" \/>\n<meta name=\"twitter:card\" content=\"summary_large_image\" \/>\n<meta name=\"twitter:label1\" content=\"Ber\u00e4knad l\u00e4stid\" \/>\n\t<meta name=\"twitter:data1\" content=\"3 minuter\" \/>\n<script type=\"application\/ld+json\" class=\"yoast-schema-graph\">{\"@context\":\"https:\\\/\\\/schema.org\",\"@graph\":[{\"@type\":\"WebPage\",\"@id\":\"https:\\\/\\\/wp.kristdemokraterna.se\\\/motala\\\/valet2010\\\/ett-manskligare-sverige\\\/steg-9\\\/\",\"url\":\"https:\\\/\\\/wp.kristdemokraterna.se\\\/motala\\\/valet2010\\\/ett-manskligare-sverige\\\/steg-9\\\/\",\"name\":\"Steg 9 - V\u00e4lkommen till Sverige! - Kristdemokraterna i Motala\",\"isPartOf\":{\"@id\":\"https:\\\/\\\/wp.kristdemokraterna.se\\\/motala\\\/#website\"},\"primaryImageOfPage\":{\"@id\":\"https:\\\/\\\/wp.kristdemokraterna.se\\\/motala\\\/valet2010\\\/ett-manskligare-sverige\\\/steg-9\\\/#primaryimage\"},\"image\":{\"@id\":\"https:\\\/\\\/wp.kristdemokraterna.se\\\/motala\\\/valet2010\\\/ett-manskligare-sverige\\\/steg-9\\\/#primaryimage\"},\"thumbnailUrl\":\"http:\\\/\\\/wp.kristdemokraterna.se\\\/motala\\\/files\\\/2010\\\/07\\\/steg9.jpg\",\"datePublished\":\"2010-07-23T16:47:20+00:00\",\"dateModified\":\"2015-03-16T15:55:57+00:00\",\"breadcrumb\":{\"@id\":\"https:\\\/\\\/wp.kristdemokraterna.se\\\/motala\\\/valet2010\\\/ett-manskligare-sverige\\\/steg-9\\\/#breadcrumb\"},\"inLanguage\":\"sv-SE\",\"potentialAction\":[{\"@type\":\"ReadAction\",\"target\":[\"https:\\\/\\\/wp.kristdemokraterna.se\\\/motala\\\/valet2010\\\/ett-manskligare-sverige\\\/steg-9\\\/\"]}]},{\"@type\":\"ImageObject\",\"inLanguage\":\"sv-SE\",\"@id\":\"https:\\\/\\\/wp.kristdemokraterna.se\\\/motala\\\/valet2010\\\/ett-manskligare-sverige\\\/steg-9\\\/#primaryimage\",\"url\":\"https:\\\/\\\/wp.kristdemokraterna.se\\\/motala\\\/files\\\/2010\\\/07\\\/steg9.jpg\",\"contentUrl\":\"https:\\\/\\\/wp.kristdemokraterna.se\\\/motala\\\/files\\\/2010\\\/07\\\/steg9.jpg\",\"width\":420,\"height\":298},{\"@type\":\"BreadcrumbList\",\"@id\":\"https:\\\/\\\/wp.kristdemokraterna.se\\\/motala\\\/valet2010\\\/ett-manskligare-sverige\\\/steg-9\\\/#breadcrumb\",\"itemListElement\":[{\"@type\":\"ListItem\",\"position\":1,\"name\":\"Hem\",\"item\":\"https:\\\/\\\/wp.kristdemokraterna.se\\\/motala\\\/\"},{\"@type\":\"ListItem\",\"position\":2,\"name\":\"Valet 19 sept 2010\",\"item\":\"https:\\\/\\\/wp.kristdemokraterna.se\\\/motala\\\/valet2010\\\/\"},{\"@type\":\"ListItem\",\"position\":3,\"name\":\"Valet 2010 &#8211; Ett m\u00e4nskligare Sverige\",\"item\":\"https:\\\/\\\/wp.kristdemokraterna.se\\\/motala\\\/valet2010\\\/ett-manskligare-sverige\\\/\"},{\"@type\":\"ListItem\",\"position\":4,\"name\":\"Steg 9 &#8211; V\u00e4lkommen till Sverige!\"}]},{\"@type\":\"WebSite\",\"@id\":\"https:\\\/\\\/wp.kristdemokraterna.se\\\/motala\\\/#website\",\"url\":\"https:\\\/\\\/wp.kristdemokraterna.se\\\/motala\\\/\",\"name\":\"Kristdemokraterna i Motala\",\"description\":\"Kristdemokraterna\",\"inLanguage\":\"sv-SE\"}]}<\/script>\n<!-- \/ Yoast SEO plugin. -->","yoast_head_json":{"title":"Steg 9 - V\u00e4lkommen till Sverige! - Kristdemokraterna i Motala","robots":{"index":"index","follow":"follow","max-snippet":"max-snippet:-1","max-image-preview":"max-image-preview:large","max-video-preview":"max-video-preview:-1"},"canonical":"https:\/\/wp.kristdemokraterna.se\/motala\/valet2010\/ett-manskligare-sverige\/steg-9\/","og_locale":"sv_SE","og_type":"article","og_title":"Steg 9 - V\u00e4lkommen till Sverige! - Kristdemokraterna i Motala","og_description":"Kristdemokraterna \u00e4r emot fr\u00e4mlingsfientlighet i alla former. Sverige ska vara ett \u00f6ppet land f\u00f6r m\u00e4nniskor som flyr fr\u00e5n f\u00f6rtryck och f\u00f6rf\u00f6ljelse. M\u00f6ten mellan m\u00e4nniskor med olika bakgrund g\u00f6r Sverige b\u00e4ttre. I ett m\u00e4nskligare Sverige har alla samma r\u00e4ttigheter, skyldigheter och m\u00f6jligheter. Jobb och spr\u00e5k \u00e4r nycklarna till integration. Vi vill att alla som kommer till Read More","og_url":"https:\/\/wp.kristdemokraterna.se\/motala\/valet2010\/ett-manskligare-sverige\/steg-9\/","og_site_name":"Kristdemokraterna i Motala","article_modified_time":"2015-03-16T15:55:57+00:00","og_image":[{"url":"http:\/\/wp.kristdemokraterna.se\/motala\/files\/2010\/07\/steg9.jpg","type":"","width":"","height":""}],"twitter_card":"summary_large_image","twitter_misc":{"Ber\u00e4knad l\u00e4stid":"3 minuter"},"schema":{"@context":"https:\/\/schema.org","@graph":[{"@type":"WebPage","@id":"https:\/\/wp.kristdemokraterna.se\/motala\/valet2010\/ett-manskligare-sverige\/steg-9\/","url":"https:\/\/wp.kristdemokraterna.se\/motala\/valet2010\/ett-manskligare-sverige\/steg-9\/","name":"Steg 9 - V\u00e4lkommen till Sverige! - Kristdemokraterna i Motala","isPartOf":{"@id":"https:\/\/wp.kristdemokraterna.se\/motala\/#website"},"primaryImageOfPage":{"@id":"https:\/\/wp.kristdemokraterna.se\/motala\/valet2010\/ett-manskligare-sverige\/steg-9\/#primaryimage"},"image":{"@id":"https:\/\/wp.kristdemokraterna.se\/motala\/valet2010\/ett-manskligare-sverige\/steg-9\/#primaryimage"},"thumbnailUrl":"http:\/\/wp.kristdemokraterna.se\/motala\/files\/2010\/07\/steg9.jpg","datePublished":"2010-07-23T16:47:20+00:00","dateModified":"2015-03-16T15:55:57+00:00","breadcrumb":{"@id":"https:\/\/wp.kristdemokraterna.se\/motala\/valet2010\/ett-manskligare-sverige\/steg-9\/#breadcrumb"},"inLanguage":"sv-SE","potentialAction":[{"@type":"ReadAction","target":["https:\/\/wp.kristdemokraterna.se\/motala\/valet2010\/ett-manskligare-sverige\/steg-9\/"]}]},{"@type":"ImageObject","inLanguage":"sv-SE","@id":"https:\/\/wp.kristdemokraterna.se\/motala\/valet2010\/ett-manskligare-sverige\/steg-9\/#primaryimage","url":"https:\/\/wp.kristdemokraterna.se\/motala\/files\/2010\/07\/steg9.jpg","contentUrl":"https:\/\/wp.kristdemokraterna.se\/motala\/files\/2010\/07\/steg9.jpg","width":420,"height":298},{"@type":"BreadcrumbList","@id":"https:\/\/wp.kristdemokraterna.se\/motala\/valet2010\/ett-manskligare-sverige\/steg-9\/#breadcrumb","itemListElement":[{"@type":"ListItem","position":1,"name":"Hem","item":"https:\/\/wp.kristdemokraterna.se\/motala\/"},{"@type":"ListItem","position":2,"name":"Valet 19 sept 2010","item":"https:\/\/wp.kristdemokraterna.se\/motala\/valet2010\/"},{"@type":"ListItem","position":3,"name":"Valet 2010 &#8211; Ett m\u00e4nskligare Sverige","item":"https:\/\/wp.kristdemokraterna.se\/motala\/valet2010\/ett-manskligare-sverige\/"},{"@type":"ListItem","position":4,"name":"Steg 9 &#8211; V\u00e4lkommen till Sverige!"}]},{"@type":"WebSite","@id":"https:\/\/wp.kristdemokraterna.se\/motala\/#website","url":"https:\/\/wp.kristdemokraterna.se\/motala\/","name":"Kristdemokraterna i Motala","description":"Kristdemokraterna","inLanguage":"sv-SE"}]}},"_links":{"self":[{"href":"https:\/\/wp.kristdemokraterna.se\/motala\/wp-json\/wp\/v2\/pages\/773","targetHints":{"allow":["GET"]}}],"collection":[{"href":"https:\/\/wp.kristdemokraterna.se\/motala\/wp-json\/wp\/v2\/pages"}],"about":[{"href":"https:\/\/wp.kristdemokraterna.se\/motala\/wp-json\/wp\/v2\/types\/page"}],"author":[{"embeddable":true,"href":"https:\/\/wp.kristdemokraterna.se\/motala\/wp-json\/wp\/v2\/users\/686"}],"replies":[{"embeddable":true,"href":"https:\/\/wp.kristdemokraterna.se\/motala\/wp-json\/wp\/v2\/comments?post=773"}],"version-history":[{"count":4,"href":"https:\/\/wp.kristdemokraterna.se\/motala\/wp-json\/wp\/v2\/pages\/773\/revisions"}],"predecessor-version":[{"id":784,"href":"https:\/\/wp.kristdemokraterna.se\/motala\/wp-json\/wp\/v2\/pages\/773\/revisions\/784"}],"up":[{"embeddable":true,"href":"https:\/\/wp.kristdemokraterna.se\/motala\/wp-json\/wp\/v2\/pages\/634"}],"wp:attachment":[{"href":"https:\/\/wp.kristdemokraterna.se\/motala\/wp-json\/wp\/v2\/media?parent=773"}],"curies":[{"name":"wp","href":"https:\/\/api.w.org\/{rel}","templated":true}]}}