{"id":785,"date":"2010-07-23T18:50:05","date_gmt":"2010-07-23T16:50:05","guid":{"rendered":"http:\/\/wp.kristdemokraterna.se\/motala\/?page_id=785"},"modified":"2015-03-16T16:56:27","modified_gmt":"2015-03-16T15:56:27","slug":"steg-10","status":"publish","type":"page","link":"https:\/\/wp.kristdemokraterna.se\/motala\/valet2010\/ett-manskligare-sverige\/steg-10\/","title":{"rendered":"Steg 10 &#8211; Samh\u00e4llet \u00e4r st\u00f6rre \u00e4n staten"},"content":{"rendered":"<p><strong><img loading=\"lazy\" decoding=\"async\" class=\"alignnone size-full wp-image-788\" src=\"http:\/\/wp.kristdemokraterna.se\/motala\/files\/2010\/07\/steg10.jpg\" alt=\"steg10\" width=\"420\" height=\"288\" srcset=\"https:\/\/wp.kristdemokraterna.se\/motala\/files\/2010\/07\/steg10.jpg 420w, https:\/\/wp.kristdemokraterna.se\/motala\/files\/2010\/07\/steg10-300x206.jpg 300w, https:\/\/wp.kristdemokraterna.se\/motala\/files\/2010\/07\/steg10-163x112.jpg 163w\" sizes=\"auto, (max-width: 420px) 100vw, 420px\" \/><br \/>\nVarje m\u00e4nniska ing\u00e5r i flera olika gemenskaper. Den viktigaste \u00e4r familjen. Men livet vore fattigt utan v\u00e4nnerna, k\u00f6ren, fackf\u00f6reningen, idrottslaget, f\u00f6rsamlingen och pension\u00e4rsf\u00f6reningen. Vi vet hur viktiga ideella krafter \u00e4r f\u00f6r utvecklingen. De skapar ett m\u00e4nskligare Sverige d\u00e4r m\u00e4nniskor tar ansvar gemensamt. Vi vill \u00f6ka m\u00f6jligheterna f\u00f6r m\u00e4nniskor att engagera sig, bland annat genom att skattebefria g\u00e5vor till ideella organisationer.<\/strong><\/p>\n<p>Samh\u00e4llet best\u00e5r av mycket mer \u00e4n staten. M\u00e5nga olika och starka gemenskaper skapar trygghet, m\u00e5ngfald och vitalitet. De skapar ett m\u00e4nskligare Sverige. Vi vill ge familjer mer vardagstid tillsammans. Vi vill uppmuntra m\u00e4nniskor att m\u00f6tas \u2013 \u00f6ver generationsgr\u00e4nser, oberoende av ursprung.<\/p>\n<p>Ett s\u00e5dant samh\u00e4lle kr\u00e4ver att m\u00e4nniskor f\u00e5r st\u00f6rre frihet och st\u00f6rre ansvar. Att vi s\u00e4tter en gr\u00e4ns f\u00f6r vad som beslutas av politiker. Det ligger i den m\u00e4nskliga naturen att bilda gemenskaper och sociala n\u00e4tverk f\u00f6r att str\u00e4va mot gemensamma m\u00e5l. Ett levande f\u00f6reningsliv \u00e4r ocks\u00e5 viktigt eftersom det engagemang som skapas inneb\u00e4r att demokratin st\u00e4rks. Dessutom \u00e4r f\u00f6reningslivet en m\u00f6tesplats d\u00e4r kontakter skapas och det leder till ett v\u00e4lst\u00e5nd i samh\u00e4llet. Vi tycker att ideell verksamhet ska g\u00e5 f\u00f6re kommersiella intressen vid utformningen av fritidspolitik. G\u00e5vor till ideella organisationer b\u00f6r vara avdragsgilla.<\/p>\n<p>Bist\u00e5ndsorganisationer, socialt engagerade f\u00f6reningar och trossamfund tillh\u00f6r det civila samh\u00e4llet och m\u00e5ste f\u00e5 utvecklas i frihet utan statlig styrning och i enlighet med sin s\u00e4rart. Det offentliga ska komplettera ist\u00e4llet f\u00f6r att konkurrera med denna verksamhet. Uppgiften f\u00f6r det offentliga \u00e4r s\u00e5ledes inte att ers\u00e4tta utan snarare att uppmuntra, samarbeta med och ta vara p\u00e5 till exempel det sociala arbete som m\u00e5nga f\u00f6reningar och samfund bedriver s\u00e5v\u00e4l inom som utom landets gr\u00e4nser.<\/p>\n<p>Idrottsr\u00f6relsen bidrar till god livskvalitet f\u00f6r m\u00e5nga m\u00e4nniskor. Elitidrotten \u00e4r en inspirationsk\u00e4lla f\u00f6r den breda idrottsverksamheten men grunden f\u00f6r idrotten som folkr\u00f6relse utg\u00f6rs av m\u00e5nga enskilda tr\u00e4nares och ledares ideella insatser f\u00f6r att skapa en bra fritid f\u00f6r barn och ungdomar. Barn- och ungdomsverksamhet m\u00e5ste f\u00e5 ett ordentligt st\u00f6d. Flickor och pojkar ska ha likv\u00e4rdiga f\u00f6ruts\u00e4ttningar f\u00f6r olika aktiviteter.<\/p>\n","protected":false},"excerpt":{"rendered":"<p>Varje m\u00e4nniska ing\u00e5r i flera olika gemenskaper. Den viktigaste \u00e4r familjen. Men livet vore fattigt utan v\u00e4nnerna, k\u00f6ren, fackf\u00f6reningen, idrottslaget, f\u00f6rsamlingen och pension\u00e4rsf\u00f6reningen. Vi vet hur viktiga ideella krafter \u00e4r f\u00f6r utvecklingen. De skapar ett m\u00e4nskligare Sverige d\u00e4r m\u00e4nniskor tar ansvar gemensamt. Vi vill \u00f6ka m\u00f6jligheterna f\u00f6r m\u00e4nniskor att engagera sig, bland annat genom att <a class=\"read-more-link\" href=\"https:\/\/wp.kristdemokraterna.se\/motala\/valet2010\/ett-manskligare-sverige\/steg-10\/\">Read More<\/a><\/p>\n","protected":false},"author":686,"featured_media":0,"parent":634,"menu_order":10,"comment_status":"closed","ping_status":"closed","template":"","meta":{"_acf_changed":false,"footnotes":""},"class_list":["post-785","page","type-page","status-publish","hentry"],"acf":[],"yoast_head":"<!-- This site is optimized with the Yoast SEO plugin v27.3 - https:\/\/yoast.com\/product\/yoast-seo-wordpress\/ -->\n<title>Steg 10 - Samh\u00e4llet \u00e4r st\u00f6rre \u00e4n staten - Kristdemokraterna i Motala<\/title>\n<meta name=\"robots\" content=\"index, follow, max-snippet:-1, max-image-preview:large, max-video-preview:-1\" \/>\n<link rel=\"canonical\" href=\"https:\/\/wp.kristdemokraterna.se\/motala\/valet2010\/ett-manskligare-sverige\/steg-10\/\" \/>\n<meta property=\"og:locale\" content=\"sv_SE\" \/>\n<meta property=\"og:type\" content=\"article\" \/>\n<meta property=\"og:title\" content=\"Steg 10 - Samh\u00e4llet \u00e4r st\u00f6rre \u00e4n staten - Kristdemokraterna i Motala\" \/>\n<meta property=\"og:description\" content=\"Varje m\u00e4nniska ing\u00e5r i flera olika gemenskaper. Den viktigaste \u00e4r familjen. Men livet vore fattigt utan v\u00e4nnerna, k\u00f6ren, fackf\u00f6reningen, idrottslaget, f\u00f6rsamlingen och pension\u00e4rsf\u00f6reningen. Vi vet hur viktiga ideella krafter \u00e4r f\u00f6r utvecklingen. De skapar ett m\u00e4nskligare Sverige d\u00e4r m\u00e4nniskor tar ansvar gemensamt. Vi vill \u00f6ka m\u00f6jligheterna f\u00f6r m\u00e4nniskor att engagera sig, bland annat genom att Read More\" \/>\n<meta property=\"og:url\" content=\"https:\/\/wp.kristdemokraterna.se\/motala\/valet2010\/ett-manskligare-sverige\/steg-10\/\" \/>\n<meta property=\"og:site_name\" content=\"Kristdemokraterna i Motala\" \/>\n<meta property=\"article:modified_time\" content=\"2015-03-16T15:56:27+00:00\" \/>\n<meta property=\"og:image\" content=\"http:\/\/wp.kristdemokraterna.se\/motala\/files\/2010\/07\/steg10.jpg\" \/>\n<meta name=\"twitter:card\" content=\"summary_large_image\" \/>\n<meta name=\"twitter:label1\" content=\"Ber\u00e4knad l\u00e4stid\" \/>\n\t<meta name=\"twitter:data1\" content=\"2 minuter\" \/>\n<script type=\"application\/ld+json\" class=\"yoast-schema-graph\">{\"@context\":\"https:\\\/\\\/schema.org\",\"@graph\":[{\"@type\":\"WebPage\",\"@id\":\"https:\\\/\\\/wp.kristdemokraterna.se\\\/motala\\\/valet2010\\\/ett-manskligare-sverige\\\/steg-10\\\/\",\"url\":\"https:\\\/\\\/wp.kristdemokraterna.se\\\/motala\\\/valet2010\\\/ett-manskligare-sverige\\\/steg-10\\\/\",\"name\":\"Steg 10 - Samh\u00e4llet \u00e4r st\u00f6rre \u00e4n staten - Kristdemokraterna i Motala\",\"isPartOf\":{\"@id\":\"https:\\\/\\\/wp.kristdemokraterna.se\\\/motala\\\/#website\"},\"primaryImageOfPage\":{\"@id\":\"https:\\\/\\\/wp.kristdemokraterna.se\\\/motala\\\/valet2010\\\/ett-manskligare-sverige\\\/steg-10\\\/#primaryimage\"},\"image\":{\"@id\":\"https:\\\/\\\/wp.kristdemokraterna.se\\\/motala\\\/valet2010\\\/ett-manskligare-sverige\\\/steg-10\\\/#primaryimage\"},\"thumbnailUrl\":\"http:\\\/\\\/wp.kristdemokraterna.se\\\/motala\\\/files\\\/2010\\\/07\\\/steg10.jpg\",\"datePublished\":\"2010-07-23T16:50:05+00:00\",\"dateModified\":\"2015-03-16T15:56:27+00:00\",\"breadcrumb\":{\"@id\":\"https:\\\/\\\/wp.kristdemokraterna.se\\\/motala\\\/valet2010\\\/ett-manskligare-sverige\\\/steg-10\\\/#breadcrumb\"},\"inLanguage\":\"sv-SE\",\"potentialAction\":[{\"@type\":\"ReadAction\",\"target\":[\"https:\\\/\\\/wp.kristdemokraterna.se\\\/motala\\\/valet2010\\\/ett-manskligare-sverige\\\/steg-10\\\/\"]}]},{\"@type\":\"ImageObject\",\"inLanguage\":\"sv-SE\",\"@id\":\"https:\\\/\\\/wp.kristdemokraterna.se\\\/motala\\\/valet2010\\\/ett-manskligare-sverige\\\/steg-10\\\/#primaryimage\",\"url\":\"https:\\\/\\\/wp.kristdemokraterna.se\\\/motala\\\/files\\\/2010\\\/07\\\/steg10.jpg\",\"contentUrl\":\"https:\\\/\\\/wp.kristdemokraterna.se\\\/motala\\\/files\\\/2010\\\/07\\\/steg10.jpg\",\"width\":420,\"height\":288},{\"@type\":\"BreadcrumbList\",\"@id\":\"https:\\\/\\\/wp.kristdemokraterna.se\\\/motala\\\/valet2010\\\/ett-manskligare-sverige\\\/steg-10\\\/#breadcrumb\",\"itemListElement\":[{\"@type\":\"ListItem\",\"position\":1,\"name\":\"Hem\",\"item\":\"https:\\\/\\\/wp.kristdemokraterna.se\\\/motala\\\/\"},{\"@type\":\"ListItem\",\"position\":2,\"name\":\"Valet 19 sept 2010\",\"item\":\"https:\\\/\\\/wp.kristdemokraterna.se\\\/motala\\\/valet2010\\\/\"},{\"@type\":\"ListItem\",\"position\":3,\"name\":\"Valet 2010 &#8211; Ett m\u00e4nskligare Sverige\",\"item\":\"https:\\\/\\\/wp.kristdemokraterna.se\\\/motala\\\/valet2010\\\/ett-manskligare-sverige\\\/\"},{\"@type\":\"ListItem\",\"position\":4,\"name\":\"Steg 10 &#8211; Samh\u00e4llet \u00e4r st\u00f6rre \u00e4n staten\"}]},{\"@type\":\"WebSite\",\"@id\":\"https:\\\/\\\/wp.kristdemokraterna.se\\\/motala\\\/#website\",\"url\":\"https:\\\/\\\/wp.kristdemokraterna.se\\\/motala\\\/\",\"name\":\"Kristdemokraterna i Motala\",\"description\":\"Kristdemokraterna\",\"inLanguage\":\"sv-SE\"}]}<\/script>\n<!-- \/ Yoast SEO plugin. -->","yoast_head_json":{"title":"Steg 10 - Samh\u00e4llet \u00e4r st\u00f6rre \u00e4n staten - Kristdemokraterna i Motala","robots":{"index":"index","follow":"follow","max-snippet":"max-snippet:-1","max-image-preview":"max-image-preview:large","max-video-preview":"max-video-preview:-1"},"canonical":"https:\/\/wp.kristdemokraterna.se\/motala\/valet2010\/ett-manskligare-sverige\/steg-10\/","og_locale":"sv_SE","og_type":"article","og_title":"Steg 10 - Samh\u00e4llet \u00e4r st\u00f6rre \u00e4n staten - Kristdemokraterna i Motala","og_description":"Varje m\u00e4nniska ing\u00e5r i flera olika gemenskaper. Den viktigaste \u00e4r familjen. Men livet vore fattigt utan v\u00e4nnerna, k\u00f6ren, fackf\u00f6reningen, idrottslaget, f\u00f6rsamlingen och pension\u00e4rsf\u00f6reningen. Vi vet hur viktiga ideella krafter \u00e4r f\u00f6r utvecklingen. De skapar ett m\u00e4nskligare Sverige d\u00e4r m\u00e4nniskor tar ansvar gemensamt. Vi vill \u00f6ka m\u00f6jligheterna f\u00f6r m\u00e4nniskor att engagera sig, bland annat genom att Read More","og_url":"https:\/\/wp.kristdemokraterna.se\/motala\/valet2010\/ett-manskligare-sverige\/steg-10\/","og_site_name":"Kristdemokraterna i Motala","article_modified_time":"2015-03-16T15:56:27+00:00","og_image":[{"url":"http:\/\/wp.kristdemokraterna.se\/motala\/files\/2010\/07\/steg10.jpg","type":"","width":"","height":""}],"twitter_card":"summary_large_image","twitter_misc":{"Ber\u00e4knad l\u00e4stid":"2 minuter"},"schema":{"@context":"https:\/\/schema.org","@graph":[{"@type":"WebPage","@id":"https:\/\/wp.kristdemokraterna.se\/motala\/valet2010\/ett-manskligare-sverige\/steg-10\/","url":"https:\/\/wp.kristdemokraterna.se\/motala\/valet2010\/ett-manskligare-sverige\/steg-10\/","name":"Steg 10 - Samh\u00e4llet \u00e4r st\u00f6rre \u00e4n staten - Kristdemokraterna i Motala","isPartOf":{"@id":"https:\/\/wp.kristdemokraterna.se\/motala\/#website"},"primaryImageOfPage":{"@id":"https:\/\/wp.kristdemokraterna.se\/motala\/valet2010\/ett-manskligare-sverige\/steg-10\/#primaryimage"},"image":{"@id":"https:\/\/wp.kristdemokraterna.se\/motala\/valet2010\/ett-manskligare-sverige\/steg-10\/#primaryimage"},"thumbnailUrl":"http:\/\/wp.kristdemokraterna.se\/motala\/files\/2010\/07\/steg10.jpg","datePublished":"2010-07-23T16:50:05+00:00","dateModified":"2015-03-16T15:56:27+00:00","breadcrumb":{"@id":"https:\/\/wp.kristdemokraterna.se\/motala\/valet2010\/ett-manskligare-sverige\/steg-10\/#breadcrumb"},"inLanguage":"sv-SE","potentialAction":[{"@type":"ReadAction","target":["https:\/\/wp.kristdemokraterna.se\/motala\/valet2010\/ett-manskligare-sverige\/steg-10\/"]}]},{"@type":"ImageObject","inLanguage":"sv-SE","@id":"https:\/\/wp.kristdemokraterna.se\/motala\/valet2010\/ett-manskligare-sverige\/steg-10\/#primaryimage","url":"https:\/\/wp.kristdemokraterna.se\/motala\/files\/2010\/07\/steg10.jpg","contentUrl":"https:\/\/wp.kristdemokraterna.se\/motala\/files\/2010\/07\/steg10.jpg","width":420,"height":288},{"@type":"BreadcrumbList","@id":"https:\/\/wp.kristdemokraterna.se\/motala\/valet2010\/ett-manskligare-sverige\/steg-10\/#breadcrumb","itemListElement":[{"@type":"ListItem","position":1,"name":"Hem","item":"https:\/\/wp.kristdemokraterna.se\/motala\/"},{"@type":"ListItem","position":2,"name":"Valet 19 sept 2010","item":"https:\/\/wp.kristdemokraterna.se\/motala\/valet2010\/"},{"@type":"ListItem","position":3,"name":"Valet 2010 &#8211; Ett m\u00e4nskligare Sverige","item":"https:\/\/wp.kristdemokraterna.se\/motala\/valet2010\/ett-manskligare-sverige\/"},{"@type":"ListItem","position":4,"name":"Steg 10 &#8211; Samh\u00e4llet \u00e4r st\u00f6rre \u00e4n staten"}]},{"@type":"WebSite","@id":"https:\/\/wp.kristdemokraterna.se\/motala\/#website","url":"https:\/\/wp.kristdemokraterna.se\/motala\/","name":"Kristdemokraterna i Motala","description":"Kristdemokraterna","inLanguage":"sv-SE"}]}},"_links":{"self":[{"href":"https:\/\/wp.kristdemokraterna.se\/motala\/wp-json\/wp\/v2\/pages\/785","targetHints":{"allow":["GET"]}}],"collection":[{"href":"https:\/\/wp.kristdemokraterna.se\/motala\/wp-json\/wp\/v2\/pages"}],"about":[{"href":"https:\/\/wp.kristdemokraterna.se\/motala\/wp-json\/wp\/v2\/types\/page"}],"author":[{"embeddable":true,"href":"https:\/\/wp.kristdemokraterna.se\/motala\/wp-json\/wp\/v2\/users\/686"}],"replies":[{"embeddable":true,"href":"https:\/\/wp.kristdemokraterna.se\/motala\/wp-json\/wp\/v2\/comments?post=785"}],"version-history":[{"count":4,"href":"https:\/\/wp.kristdemokraterna.se\/motala\/wp-json\/wp\/v2\/pages\/785\/revisions"}],"predecessor-version":[{"id":790,"href":"https:\/\/wp.kristdemokraterna.se\/motala\/wp-json\/wp\/v2\/pages\/785\/revisions\/790"}],"up":[{"embeddable":true,"href":"https:\/\/wp.kristdemokraterna.se\/motala\/wp-json\/wp\/v2\/pages\/634"}],"wp:attachment":[{"href":"https:\/\/wp.kristdemokraterna.se\/motala\/wp-json\/wp\/v2\/media?parent=785"}],"curies":[{"name":"wp","href":"https:\/\/api.w.org\/{rel}","templated":true}]}}