{"id":796,"date":"2010-07-23T18:53:21","date_gmt":"2010-07-23T16:53:21","guid":{"rendered":"http:\/\/wp.kristdemokraterna.se\/motala\/?page_id=796"},"modified":"2015-03-16T16:56:32","modified_gmt":"2015-03-16T15:56:32","slug":"steg-11","status":"publish","type":"page","link":"https:\/\/wp.kristdemokraterna.se\/motala\/valet2010\/ett-manskligare-sverige\/steg-11\/","title":{"rendered":"Steg 11 &#8211; Kultur \u00e4r livsviktigt!"},"content":{"rendered":"<p><img loading=\"lazy\" decoding=\"async\" class=\"alignnone size-full wp-image-798\" src=\"http:\/\/wp.kristdemokraterna.se\/motala\/files\/2010\/07\/steg11.jpg\" alt=\"steg11\" width=\"420\" height=\"309\" srcset=\"https:\/\/wp.kristdemokraterna.se\/motala\/files\/2010\/07\/steg11.jpg 420w, https:\/\/wp.kristdemokraterna.se\/motala\/files\/2010\/07\/steg11-300x221.jpg 300w, https:\/\/wp.kristdemokraterna.se\/motala\/files\/2010\/07\/steg11-152x112.jpg 152w\" sizes=\"auto, (max-width: 420px) 100vw, 420px\" \/><br \/>\n<strong>Kultur \u00e4r opera och dokus\u00e5pa. H\u00e5rdrockskonserter och f\u00f6rfattartr\u00e4ffar. Elfriede Jelinek och Bananer i pyjamas. Underh\u00e5llande f\u00f6rstr\u00f6else och outh\u00e4rdliga provokationer. Ett m\u00e4nskligare Sverige kr\u00e4ver diskussioner om etik och om vad som \u00e4r r\u00e4tt och fel. S\u00e5dana samtal kr\u00e4ver ett sammanhang, utan kultur blir det om\u00f6jligt. Kultur \u00e4r en f\u00f6ruts\u00e4ttning f\u00f6r att vi ska kunna ha ett civiliserat samh\u00e4lle. D\u00e4rf\u00f6r vill vi se till att Sveriges kulturliv blomstrar.<\/strong><\/p>\n<p>F\u00f6r att f\u00e5 ett tryggare och m\u00e4nskligare samh\u00e4lle beh\u00f6ver vi prata mer om hur vi lever tillsammans. S\u00e5dana samtal kr\u00e4ver en k\u00e4nsla av sammanhang, ett sammanhang som skapas och synligg\u00f6rs av olika sorters kultur. Kulturen ger oss en historisk f\u00f6rankring och verktyg f\u00f6r att m\u00f6ta livets sv\u00e5ra fr\u00e5gor och moraliska avv\u00e4gningar. Vi f\u00e5r ta del av andras livsvillkor och dr\u00f6mmar. Dessutom handlar kultur om kunskap och om bildning. Utan kultur \u00e4r ett samh\u00e4lle varken civiliserat, demokratiskt eller m\u00e4nskligt. Kultur skapar f\u00f6rst\u00e5else f\u00f6r att vi alla \u00e4r olika, men samtidigt ganska lika.<\/p>\n<p>Det finns de som h\u00e4vdar att vissa former av kultur \u00e4r v\u00e4rda mer \u00e4n andra. Att det som \u00e4r folkligt ocks\u00e5 \u00e4r banalt, att kultur m\u00e5ste vara experimentell och utmanande f\u00f6r att vara meningsfull. Vi tycker att det \u00e4r en snobbig syn p\u00e5 kultur. Kultur handlar inte bara om balett och konstmuseer. Det handlar ocks\u00e5 om popmusik, om fotboll, om tidningar, om film. Sj\u00e4lvklart ska kultur kunna vara b\u00e5de sv\u00e5rtillg\u00e4nglig och nyskapande, men \u00e4ven bred och popul\u00e4r underh\u00e5llning \u00e4r kultur. Vi tycker att det \u00e4r viktigt att l\u00e5ta alla komma till tals i debatten, och att det \u00e4r bra om s\u00e5 m\u00e5nga som m\u00f6jligt \u00e4r kulturkonsumenter.<\/p>\n<p>Kulturen frodas b\u00e4st bland de m\u00e4nniskor som utg\u00f6r dess k\u00e4rna. D\u00e4rf\u00f6r ska kulturen i mindre utstr\u00e4ckning styras av beslut uppifr\u00e5n. Politikens uppgift \u00e4r att ge kulturen m\u00f6jlighet att v\u00e4xa fritt \u2013 b\u00e5de p\u00e5 amat\u00f6rniv\u00e5 och p\u00e5 professionell niv\u00e5. Det handlar om att ge rimliga ekonomiska villkor och fria h\u00e4nder att anv\u00e4nda resurserna p\u00e5 b\u00e4sta s\u00e4tt.<\/p>\n<p>Det \u00e4r ocks\u00e5 n\u00f6dv\u00e4ndigt att vara l\u00e5ngsiktig. Kristdemokraterna vill f\u00f6rvalta arvet av tankar, v\u00e4rderingar och id\u00e9er som l\u00e4mnats till oss fr\u00e5n tidigare generationer. Religi\u00f6sa samfund \u00e4r viktiga b\u00e4rare av kultur och v\u00e4rderingar. H\u00e4r finns kulturella yttringar i m\u00e5nga olika former och historiska byggnader att v\u00e5rda. Arkiv, bibliotek och museer har ett s\u00e4rskilt ansvar f\u00f6r att bevara kulturarvet. De m\u00e5ste f\u00e5 tillr\u00e4ckligt med resurser f\u00f6r att klara denna uppgift.<\/p>\n<p>Vi vill ocks\u00e5 sl\u00e5 ett slag f\u00f6r barnkulturen. Kulturen m\u00e5ste f\u00e5 en plats i skolans vardag, den kan inte best\u00e5 av tillf\u00e4lliga evenemang utan koppling till den \u00f6vriga verksamheten. D\u00e4rf\u00f6r vill Kristdemokraterna att satsningen \u201dSkapande skola\u201d ska g\u00e4lla alla barn och elever i f\u00f6rskola och grundskola. Dessutom ska tillg\u00e5ng till skolbibliotek vara en sj\u00e4lvklarhet.<\/p>\n","protected":false},"excerpt":{"rendered":"<p>Kultur \u00e4r opera och dokus\u00e5pa. H\u00e5rdrockskonserter och f\u00f6rfattartr\u00e4ffar. Elfriede Jelinek och Bananer i pyjamas. Underh\u00e5llande f\u00f6rstr\u00f6else och outh\u00e4rdliga provokationer. Ett m\u00e4nskligare Sverige kr\u00e4ver diskussioner om etik och om vad som \u00e4r r\u00e4tt och fel. S\u00e5dana samtal kr\u00e4ver ett sammanhang, utan kultur blir det om\u00f6jligt. Kultur \u00e4r en f\u00f6ruts\u00e4ttning f\u00f6r att vi ska kunna ha ett <a class=\"read-more-link\" href=\"https:\/\/wp.kristdemokraterna.se\/motala\/valet2010\/ett-manskligare-sverige\/steg-11\/\">Read More<\/a><\/p>\n","protected":false},"author":686,"featured_media":0,"parent":634,"menu_order":11,"comment_status":"closed","ping_status":"closed","template":"","meta":{"_acf_changed":false,"footnotes":""},"class_list":["post-796","page","type-page","status-publish","hentry"],"acf":[],"yoast_head":"<!-- This site is optimized with the Yoast SEO plugin v27.4 - https:\/\/yoast.com\/product\/yoast-seo-wordpress\/ -->\n<title>Steg 11 - Kultur \u00e4r livsviktigt! - Kristdemokraterna i Motala<\/title>\n<meta name=\"robots\" content=\"index, follow, max-snippet:-1, max-image-preview:large, max-video-preview:-1\" \/>\n<link rel=\"canonical\" href=\"https:\/\/wp.kristdemokraterna.se\/motala\/valet2010\/ett-manskligare-sverige\/steg-11\/\" \/>\n<meta property=\"og:locale\" content=\"sv_SE\" \/>\n<meta property=\"og:type\" content=\"article\" \/>\n<meta property=\"og:title\" content=\"Steg 11 - Kultur \u00e4r livsviktigt! - Kristdemokraterna i Motala\" \/>\n<meta property=\"og:description\" content=\"Kultur \u00e4r opera och dokus\u00e5pa. H\u00e5rdrockskonserter och f\u00f6rfattartr\u00e4ffar. Elfriede Jelinek och Bananer i pyjamas. Underh\u00e5llande f\u00f6rstr\u00f6else och outh\u00e4rdliga provokationer. Ett m\u00e4nskligare Sverige kr\u00e4ver diskussioner om etik och om vad som \u00e4r r\u00e4tt och fel. S\u00e5dana samtal kr\u00e4ver ett sammanhang, utan kultur blir det om\u00f6jligt. Kultur \u00e4r en f\u00f6ruts\u00e4ttning f\u00f6r att vi ska kunna ha ett Read More\" \/>\n<meta property=\"og:url\" content=\"https:\/\/wp.kristdemokraterna.se\/motala\/valet2010\/ett-manskligare-sverige\/steg-11\/\" \/>\n<meta property=\"og:site_name\" content=\"Kristdemokraterna i Motala\" \/>\n<meta property=\"article:modified_time\" content=\"2015-03-16T15:56:32+00:00\" \/>\n<meta property=\"og:image\" content=\"http:\/\/wp.kristdemokraterna.se\/motala\/files\/2010\/07\/steg11.jpg\" \/>\n<meta name=\"twitter:card\" content=\"summary_large_image\" \/>\n<meta name=\"twitter:label1\" content=\"Ber\u00e4knad l\u00e4stid\" \/>\n\t<meta name=\"twitter:data1\" content=\"3 minuter\" \/>\n<script type=\"application\/ld+json\" class=\"yoast-schema-graph\">{\"@context\":\"https:\\\/\\\/schema.org\",\"@graph\":[{\"@type\":\"WebPage\",\"@id\":\"https:\\\/\\\/wp.kristdemokraterna.se\\\/motala\\\/valet2010\\\/ett-manskligare-sverige\\\/steg-11\\\/\",\"url\":\"https:\\\/\\\/wp.kristdemokraterna.se\\\/motala\\\/valet2010\\\/ett-manskligare-sverige\\\/steg-11\\\/\",\"name\":\"Steg 11 - Kultur \u00e4r livsviktigt! - Kristdemokraterna i Motala\",\"isPartOf\":{\"@id\":\"https:\\\/\\\/wp.kristdemokraterna.se\\\/motala\\\/#website\"},\"primaryImageOfPage\":{\"@id\":\"https:\\\/\\\/wp.kristdemokraterna.se\\\/motala\\\/valet2010\\\/ett-manskligare-sverige\\\/steg-11\\\/#primaryimage\"},\"image\":{\"@id\":\"https:\\\/\\\/wp.kristdemokraterna.se\\\/motala\\\/valet2010\\\/ett-manskligare-sverige\\\/steg-11\\\/#primaryimage\"},\"thumbnailUrl\":\"http:\\\/\\\/wp.kristdemokraterna.se\\\/motala\\\/files\\\/2010\\\/07\\\/steg11.jpg\",\"datePublished\":\"2010-07-23T16:53:21+00:00\",\"dateModified\":\"2015-03-16T15:56:32+00:00\",\"breadcrumb\":{\"@id\":\"https:\\\/\\\/wp.kristdemokraterna.se\\\/motala\\\/valet2010\\\/ett-manskligare-sverige\\\/steg-11\\\/#breadcrumb\"},\"inLanguage\":\"sv-SE\",\"potentialAction\":[{\"@type\":\"ReadAction\",\"target\":[\"https:\\\/\\\/wp.kristdemokraterna.se\\\/motala\\\/valet2010\\\/ett-manskligare-sverige\\\/steg-11\\\/\"]}]},{\"@type\":\"ImageObject\",\"inLanguage\":\"sv-SE\",\"@id\":\"https:\\\/\\\/wp.kristdemokraterna.se\\\/motala\\\/valet2010\\\/ett-manskligare-sverige\\\/steg-11\\\/#primaryimage\",\"url\":\"https:\\\/\\\/wp.kristdemokraterna.se\\\/motala\\\/files\\\/2010\\\/07\\\/steg11.jpg\",\"contentUrl\":\"https:\\\/\\\/wp.kristdemokraterna.se\\\/motala\\\/files\\\/2010\\\/07\\\/steg11.jpg\",\"width\":420,\"height\":309},{\"@type\":\"BreadcrumbList\",\"@id\":\"https:\\\/\\\/wp.kristdemokraterna.se\\\/motala\\\/valet2010\\\/ett-manskligare-sverige\\\/steg-11\\\/#breadcrumb\",\"itemListElement\":[{\"@type\":\"ListItem\",\"position\":1,\"name\":\"Hem\",\"item\":\"https:\\\/\\\/wp.kristdemokraterna.se\\\/motala\\\/\"},{\"@type\":\"ListItem\",\"position\":2,\"name\":\"Valet 19 sept 2010\",\"item\":\"https:\\\/\\\/wp.kristdemokraterna.se\\\/motala\\\/valet2010\\\/\"},{\"@type\":\"ListItem\",\"position\":3,\"name\":\"Valet 2010 &#8211; Ett m\u00e4nskligare Sverige\",\"item\":\"https:\\\/\\\/wp.kristdemokraterna.se\\\/motala\\\/valet2010\\\/ett-manskligare-sverige\\\/\"},{\"@type\":\"ListItem\",\"position\":4,\"name\":\"Steg 11 &#8211; Kultur \u00e4r livsviktigt!\"}]},{\"@type\":\"WebSite\",\"@id\":\"https:\\\/\\\/wp.kristdemokraterna.se\\\/motala\\\/#website\",\"url\":\"https:\\\/\\\/wp.kristdemokraterna.se\\\/motala\\\/\",\"name\":\"Kristdemokraterna i Motala\",\"description\":\"Kristdemokraterna\",\"inLanguage\":\"sv-SE\"}]}<\/script>\n<!-- \/ Yoast SEO plugin. -->","yoast_head_json":{"title":"Steg 11 - Kultur \u00e4r livsviktigt! - Kristdemokraterna i Motala","robots":{"index":"index","follow":"follow","max-snippet":"max-snippet:-1","max-image-preview":"max-image-preview:large","max-video-preview":"max-video-preview:-1"},"canonical":"https:\/\/wp.kristdemokraterna.se\/motala\/valet2010\/ett-manskligare-sverige\/steg-11\/","og_locale":"sv_SE","og_type":"article","og_title":"Steg 11 - Kultur \u00e4r livsviktigt! - Kristdemokraterna i Motala","og_description":"Kultur \u00e4r opera och dokus\u00e5pa. H\u00e5rdrockskonserter och f\u00f6rfattartr\u00e4ffar. Elfriede Jelinek och Bananer i pyjamas. Underh\u00e5llande f\u00f6rstr\u00f6else och outh\u00e4rdliga provokationer. Ett m\u00e4nskligare Sverige kr\u00e4ver diskussioner om etik och om vad som \u00e4r r\u00e4tt och fel. S\u00e5dana samtal kr\u00e4ver ett sammanhang, utan kultur blir det om\u00f6jligt. Kultur \u00e4r en f\u00f6ruts\u00e4ttning f\u00f6r att vi ska kunna ha ett Read More","og_url":"https:\/\/wp.kristdemokraterna.se\/motala\/valet2010\/ett-manskligare-sverige\/steg-11\/","og_site_name":"Kristdemokraterna i Motala","article_modified_time":"2015-03-16T15:56:32+00:00","og_image":[{"url":"http:\/\/wp.kristdemokraterna.se\/motala\/files\/2010\/07\/steg11.jpg","type":"","width":"","height":""}],"twitter_card":"summary_large_image","twitter_misc":{"Ber\u00e4knad l\u00e4stid":"3 minuter"},"schema":{"@context":"https:\/\/schema.org","@graph":[{"@type":"WebPage","@id":"https:\/\/wp.kristdemokraterna.se\/motala\/valet2010\/ett-manskligare-sverige\/steg-11\/","url":"https:\/\/wp.kristdemokraterna.se\/motala\/valet2010\/ett-manskligare-sverige\/steg-11\/","name":"Steg 11 - Kultur \u00e4r livsviktigt! - Kristdemokraterna i Motala","isPartOf":{"@id":"https:\/\/wp.kristdemokraterna.se\/motala\/#website"},"primaryImageOfPage":{"@id":"https:\/\/wp.kristdemokraterna.se\/motala\/valet2010\/ett-manskligare-sverige\/steg-11\/#primaryimage"},"image":{"@id":"https:\/\/wp.kristdemokraterna.se\/motala\/valet2010\/ett-manskligare-sverige\/steg-11\/#primaryimage"},"thumbnailUrl":"http:\/\/wp.kristdemokraterna.se\/motala\/files\/2010\/07\/steg11.jpg","datePublished":"2010-07-23T16:53:21+00:00","dateModified":"2015-03-16T15:56:32+00:00","breadcrumb":{"@id":"https:\/\/wp.kristdemokraterna.se\/motala\/valet2010\/ett-manskligare-sverige\/steg-11\/#breadcrumb"},"inLanguage":"sv-SE","potentialAction":[{"@type":"ReadAction","target":["https:\/\/wp.kristdemokraterna.se\/motala\/valet2010\/ett-manskligare-sverige\/steg-11\/"]}]},{"@type":"ImageObject","inLanguage":"sv-SE","@id":"https:\/\/wp.kristdemokraterna.se\/motala\/valet2010\/ett-manskligare-sverige\/steg-11\/#primaryimage","url":"https:\/\/wp.kristdemokraterna.se\/motala\/files\/2010\/07\/steg11.jpg","contentUrl":"https:\/\/wp.kristdemokraterna.se\/motala\/files\/2010\/07\/steg11.jpg","width":420,"height":309},{"@type":"BreadcrumbList","@id":"https:\/\/wp.kristdemokraterna.se\/motala\/valet2010\/ett-manskligare-sverige\/steg-11\/#breadcrumb","itemListElement":[{"@type":"ListItem","position":1,"name":"Hem","item":"https:\/\/wp.kristdemokraterna.se\/motala\/"},{"@type":"ListItem","position":2,"name":"Valet 19 sept 2010","item":"https:\/\/wp.kristdemokraterna.se\/motala\/valet2010\/"},{"@type":"ListItem","position":3,"name":"Valet 2010 &#8211; Ett m\u00e4nskligare Sverige","item":"https:\/\/wp.kristdemokraterna.se\/motala\/valet2010\/ett-manskligare-sverige\/"},{"@type":"ListItem","position":4,"name":"Steg 11 &#8211; Kultur \u00e4r livsviktigt!"}]},{"@type":"WebSite","@id":"https:\/\/wp.kristdemokraterna.se\/motala\/#website","url":"https:\/\/wp.kristdemokraterna.se\/motala\/","name":"Kristdemokraterna i Motala","description":"Kristdemokraterna","inLanguage":"sv-SE"}]}},"_links":{"self":[{"href":"https:\/\/wp.kristdemokraterna.se\/motala\/wp-json\/wp\/v2\/pages\/796","targetHints":{"allow":["GET"]}}],"collection":[{"href":"https:\/\/wp.kristdemokraterna.se\/motala\/wp-json\/wp\/v2\/pages"}],"about":[{"href":"https:\/\/wp.kristdemokraterna.se\/motala\/wp-json\/wp\/v2\/types\/page"}],"author":[{"embeddable":true,"href":"https:\/\/wp.kristdemokraterna.se\/motala\/wp-json\/wp\/v2\/users\/686"}],"replies":[{"embeddable":true,"href":"https:\/\/wp.kristdemokraterna.se\/motala\/wp-json\/wp\/v2\/comments?post=796"}],"version-history":[{"count":3,"href":"https:\/\/wp.kristdemokraterna.se\/motala\/wp-json\/wp\/v2\/pages\/796\/revisions"}],"predecessor-version":[{"id":800,"href":"https:\/\/wp.kristdemokraterna.se\/motala\/wp-json\/wp\/v2\/pages\/796\/revisions\/800"}],"up":[{"embeddable":true,"href":"https:\/\/wp.kristdemokraterna.se\/motala\/wp-json\/wp\/v2\/pages\/634"}],"wp:attachment":[{"href":"https:\/\/wp.kristdemokraterna.se\/motala\/wp-json\/wp\/v2\/media?parent=796"}],"curies":[{"name":"wp","href":"https:\/\/api.w.org\/{rel}","templated":true}]}}