{"id":801,"date":"2010-07-23T18:56:34","date_gmt":"2010-07-23T16:56:34","guid":{"rendered":"http:\/\/wp.kristdemokraterna.se\/motala\/?page_id=801"},"modified":"2015-03-16T16:56:37","modified_gmt":"2015-03-16T15:56:37","slug":"steg-12","status":"publish","type":"page","link":"https:\/\/wp.kristdemokraterna.se\/motala\/valet2010\/ett-manskligare-sverige\/steg-12\/","title":{"rendered":"Steg 12 &#8211; En stark r\u00f6st i v\u00e4rlden"},"content":{"rendered":"<p><img loading=\"lazy\" decoding=\"async\" class=\"alignnone size-full wp-image-804\" src=\"http:\/\/wp.kristdemokraterna.se\/motala\/files\/2010\/07\/steg12.jpg\" alt=\"steg12\" width=\"420\" height=\"352\" srcset=\"https:\/\/wp.kristdemokraterna.se\/motala\/files\/2010\/07\/steg12.jpg 420w, https:\/\/wp.kristdemokraterna.se\/motala\/files\/2010\/07\/steg12-300x251.jpg 300w, https:\/\/wp.kristdemokraterna.se\/motala\/files\/2010\/07\/steg12-413x346.jpg 413w, https:\/\/wp.kristdemokraterna.se\/motala\/files\/2010\/07\/steg12-134x112.jpg 134w\" sizes=\"auto, (max-width: 420px) 100vw, 420px\" \/><br \/>\n<strong>Sveriges bist\u00e5nd ska vara gener\u00f6st. Vi k\u00e4mpar f\u00f6r r\u00e4ttvis och h\u00e5llbar global utveckling, j\u00e4mst\u00e4lldhet och demokrati. Men att bek\u00e4mpa fattigdom handlar om mer \u00e4n bist\u00e5nd. Vi ska ha jordens fattiga, f\u00f6rf\u00f6ljda och f\u00f6rtryckta f\u00f6r \u00f6gonen n\u00e4r vi formar v\u00e5r politik p\u00e5 alla omr\u00e5den. Vi vill riva ner EU:s handelshinder. Vi ska arbeta f\u00f6r att EU blir en fredsskapande kraft, inte enbart i Europa utan globalt. Utvecklingspolitik och milj\u00f6politik ska g\u00e5 hand i hand.<\/strong><\/p>\n<p>Mer \u00e4n en miljard m\u00e4nniskor lever i yttersta fattigdom. M\u00e5nga saknar mat f\u00f6r dagen och har inte tillg\u00e5ng till rent vatten. De flesta lever l\u00e5ngt bort och vi k\u00e4nner dem inte. \u00c4nd\u00e5 tycker Kristdemokraterna att vi, som land och som enskilda personer, har ett ansvar. Vi m\u00e5ste v\u00e4lja medm\u00e4nsklighetens politik ist\u00e4llet f\u00f6r egoismens politik. Vi har ett ansvar att \u00f6ka v\u00e5ra anstr\u00e4ngningar f\u00f6r att tr\u00e4nga undan fattigdomen fr\u00e5n jordens yta. Fattigdom h\u00f6r inte hemma h\u00e4r.<\/p>\n<p>Sveriges bist\u00e5nd ska vara gener\u00f6st och anv\u00e4ndas till att fr\u00e4mja r\u00e4ttvis och h\u00e5llbar global utveckling, j\u00e4mst\u00e4lldhet, m\u00e4nskliga r\u00e4ttigheter och demokrati. Men att bek\u00e4mpa fattigdom handlar inte bara om bist\u00e5nd. Vi m\u00e5ste ha jordens fattiga i \u00e5tanke i allt arbete. V\u00e5rt agerande p\u00e5 alla plan och inom alla politikomr\u00e5den ska motverka fattigdom och fr\u00e4mja m\u00e4nskliga r\u00e4ttigheter.<\/p>\n<p>Sverige har en viktig uppgift att underl\u00e4tta f\u00f6r \u00f6kad handel och h\u00e5llbar ekonomisk tillv\u00e4xt som kommer fattiga l\u00e4nder och m\u00e4nniskor till del, inte minst genom att riva ner eu:s handelshinder. Milj\u00f6- och klimatpolitiken ska samverka med utvecklingspolitiken. Fattiga l\u00e4nder ska inte beh\u00f6va betala f\u00f6r att vi i den rika v\u00e4rlden smutsar ner. Vi ska driva p\u00e5 eu att bli en fredsskapande kraft, inte enbart i Europa utan globalt. F\u00f6r att beh\u00e5lla goda internationella kontakter m\u00e5ste Sverige finnas representerat p\u00e5 fler h\u00e5ll i v\u00e4rlden. F\u00f6r att fr\u00e4mja v\u00e4rldsfreden, minska de globala klyftorna och milj\u00f6f\u00f6rst\u00f6ringen kr\u00e4vs \u00f6kat internationellt samarbete bland annat i FN. Vi v\u00e4rnar enprocentsm\u00e5let f\u00f6r det svenska bist\u00e5ndet, ett gener\u00f6st bist\u00e5nd \u00e4r en moralisk skyldighet f\u00f6r oss i den<br \/>\nrika delen av v\u00e4rlden. Vi vill att l\u00e5ngsiktig fattigdomsbek\u00e4mpning ska prioriteras och att pengarna ska g\u00e5 till de fattigaste m\u00e4nniskorna och l\u00e4nderna, inte minst i Afrika. De ideella organisationerna ska spela en \u00f6kad roll i bist\u00e5ndet.<\/p>\n<p>Vi beh\u00f6ver bli b\u00e4ttre p\u00e5 att fokusera p\u00e5 m\u00e4nskliga r\u00e4ttigheter i utrikesarbetet. Vi kan aldrig tolerera kr\u00e4nkningar av de m\u00e4nskliga r\u00e4ttigheterna, var de \u00e4n sker. Vi har ett s\u00e4rskilt ansvar att verka mot f\u00f6rtryck i alla l\u00e4nder Sverige har politiska eller ekonomiska f\u00f6rbindelser med. Genom v\u00e5rt engagemang i internationella forum ska vi st\u00e5 upp f\u00f6r dem som f\u00f6rtrycks f\u00f6r sin str\u00e4van att n\u00e5 demokrati eller straffas f\u00f6r att de har en tro. D\u00f6dsstraffet m\u00e5ste avskaffas i hela v\u00e4rlden.<\/p>\n","protected":false},"excerpt":{"rendered":"<p>Sveriges bist\u00e5nd ska vara gener\u00f6st. Vi k\u00e4mpar f\u00f6r r\u00e4ttvis och h\u00e5llbar global utveckling, j\u00e4mst\u00e4lldhet och demokrati. Men att bek\u00e4mpa fattigdom handlar om mer \u00e4n bist\u00e5nd. Vi ska ha jordens fattiga, f\u00f6rf\u00f6ljda och f\u00f6rtryckta f\u00f6r \u00f6gonen n\u00e4r vi formar v\u00e5r politik p\u00e5 alla omr\u00e5den. Vi vill riva ner EU:s handelshinder. Vi ska arbeta f\u00f6r att EU <a class=\"read-more-link\" href=\"https:\/\/wp.kristdemokraterna.se\/motala\/valet2010\/ett-manskligare-sverige\/steg-12\/\">Read More<\/a><\/p>\n","protected":false},"author":686,"featured_media":0,"parent":634,"menu_order":12,"comment_status":"closed","ping_status":"closed","template":"","meta":{"_acf_changed":false,"footnotes":""},"class_list":["post-801","page","type-page","status-publish","hentry"],"acf":[],"yoast_head":"<!-- This site is optimized with the Yoast SEO plugin v27.3 - https:\/\/yoast.com\/product\/yoast-seo-wordpress\/ -->\n<title>Steg 12 - En stark r\u00f6st i v\u00e4rlden - Kristdemokraterna i Motala<\/title>\n<meta name=\"robots\" content=\"index, follow, max-snippet:-1, max-image-preview:large, max-video-preview:-1\" \/>\n<link rel=\"canonical\" href=\"https:\/\/wp.kristdemokraterna.se\/motala\/valet2010\/ett-manskligare-sverige\/steg-12\/\" \/>\n<meta property=\"og:locale\" content=\"sv_SE\" \/>\n<meta property=\"og:type\" content=\"article\" \/>\n<meta property=\"og:title\" content=\"Steg 12 - En stark r\u00f6st i v\u00e4rlden - Kristdemokraterna i Motala\" \/>\n<meta property=\"og:description\" content=\"Sveriges bist\u00e5nd ska vara gener\u00f6st. Vi k\u00e4mpar f\u00f6r r\u00e4ttvis och h\u00e5llbar global utveckling, j\u00e4mst\u00e4lldhet och demokrati. Men att bek\u00e4mpa fattigdom handlar om mer \u00e4n bist\u00e5nd. Vi ska ha jordens fattiga, f\u00f6rf\u00f6ljda och f\u00f6rtryckta f\u00f6r \u00f6gonen n\u00e4r vi formar v\u00e5r politik p\u00e5 alla omr\u00e5den. Vi vill riva ner EU:s handelshinder. Vi ska arbeta f\u00f6r att EU Read More\" \/>\n<meta property=\"og:url\" content=\"https:\/\/wp.kristdemokraterna.se\/motala\/valet2010\/ett-manskligare-sverige\/steg-12\/\" \/>\n<meta property=\"og:site_name\" content=\"Kristdemokraterna i Motala\" \/>\n<meta property=\"article:modified_time\" content=\"2015-03-16T15:56:37+00:00\" \/>\n<meta property=\"og:image\" content=\"http:\/\/wp.kristdemokraterna.se\/motala\/files\/2010\/07\/steg12.jpg\" \/>\n<meta name=\"twitter:card\" content=\"summary_large_image\" \/>\n<meta name=\"twitter:label1\" content=\"Ber\u00e4knad l\u00e4stid\" \/>\n\t<meta name=\"twitter:data1\" content=\"3 minuter\" \/>\n<script type=\"application\/ld+json\" class=\"yoast-schema-graph\">{\"@context\":\"https:\\\/\\\/schema.org\",\"@graph\":[{\"@type\":\"WebPage\",\"@id\":\"https:\\\/\\\/wp.kristdemokraterna.se\\\/motala\\\/valet2010\\\/ett-manskligare-sverige\\\/steg-12\\\/\",\"url\":\"https:\\\/\\\/wp.kristdemokraterna.se\\\/motala\\\/valet2010\\\/ett-manskligare-sverige\\\/steg-12\\\/\",\"name\":\"Steg 12 - En stark r\u00f6st i v\u00e4rlden - Kristdemokraterna i Motala\",\"isPartOf\":{\"@id\":\"https:\\\/\\\/wp.kristdemokraterna.se\\\/motala\\\/#website\"},\"primaryImageOfPage\":{\"@id\":\"https:\\\/\\\/wp.kristdemokraterna.se\\\/motala\\\/valet2010\\\/ett-manskligare-sverige\\\/steg-12\\\/#primaryimage\"},\"image\":{\"@id\":\"https:\\\/\\\/wp.kristdemokraterna.se\\\/motala\\\/valet2010\\\/ett-manskligare-sverige\\\/steg-12\\\/#primaryimage\"},\"thumbnailUrl\":\"http:\\\/\\\/wp.kristdemokraterna.se\\\/motala\\\/files\\\/2010\\\/07\\\/steg12.jpg\",\"datePublished\":\"2010-07-23T16:56:34+00:00\",\"dateModified\":\"2015-03-16T15:56:37+00:00\",\"breadcrumb\":{\"@id\":\"https:\\\/\\\/wp.kristdemokraterna.se\\\/motala\\\/valet2010\\\/ett-manskligare-sverige\\\/steg-12\\\/#breadcrumb\"},\"inLanguage\":\"sv-SE\",\"potentialAction\":[{\"@type\":\"ReadAction\",\"target\":[\"https:\\\/\\\/wp.kristdemokraterna.se\\\/motala\\\/valet2010\\\/ett-manskligare-sverige\\\/steg-12\\\/\"]}]},{\"@type\":\"ImageObject\",\"inLanguage\":\"sv-SE\",\"@id\":\"https:\\\/\\\/wp.kristdemokraterna.se\\\/motala\\\/valet2010\\\/ett-manskligare-sverige\\\/steg-12\\\/#primaryimage\",\"url\":\"https:\\\/\\\/wp.kristdemokraterna.se\\\/motala\\\/files\\\/2010\\\/07\\\/steg12.jpg\",\"contentUrl\":\"https:\\\/\\\/wp.kristdemokraterna.se\\\/motala\\\/files\\\/2010\\\/07\\\/steg12.jpg\",\"width\":420,\"height\":352},{\"@type\":\"BreadcrumbList\",\"@id\":\"https:\\\/\\\/wp.kristdemokraterna.se\\\/motala\\\/valet2010\\\/ett-manskligare-sverige\\\/steg-12\\\/#breadcrumb\",\"itemListElement\":[{\"@type\":\"ListItem\",\"position\":1,\"name\":\"Hem\",\"item\":\"https:\\\/\\\/wp.kristdemokraterna.se\\\/motala\\\/\"},{\"@type\":\"ListItem\",\"position\":2,\"name\":\"Valet 19 sept 2010\",\"item\":\"https:\\\/\\\/wp.kristdemokraterna.se\\\/motala\\\/valet2010\\\/\"},{\"@type\":\"ListItem\",\"position\":3,\"name\":\"Valet 2010 &#8211; Ett m\u00e4nskligare Sverige\",\"item\":\"https:\\\/\\\/wp.kristdemokraterna.se\\\/motala\\\/valet2010\\\/ett-manskligare-sverige\\\/\"},{\"@type\":\"ListItem\",\"position\":4,\"name\":\"Steg 12 &#8211; En stark r\u00f6st i v\u00e4rlden\"}]},{\"@type\":\"WebSite\",\"@id\":\"https:\\\/\\\/wp.kristdemokraterna.se\\\/motala\\\/#website\",\"url\":\"https:\\\/\\\/wp.kristdemokraterna.se\\\/motala\\\/\",\"name\":\"Kristdemokraterna i Motala\",\"description\":\"Kristdemokraterna\",\"inLanguage\":\"sv-SE\"}]}<\/script>\n<!-- \/ Yoast SEO plugin. -->","yoast_head_json":{"title":"Steg 12 - En stark r\u00f6st i v\u00e4rlden - Kristdemokraterna i Motala","robots":{"index":"index","follow":"follow","max-snippet":"max-snippet:-1","max-image-preview":"max-image-preview:large","max-video-preview":"max-video-preview:-1"},"canonical":"https:\/\/wp.kristdemokraterna.se\/motala\/valet2010\/ett-manskligare-sverige\/steg-12\/","og_locale":"sv_SE","og_type":"article","og_title":"Steg 12 - En stark r\u00f6st i v\u00e4rlden - Kristdemokraterna i Motala","og_description":"Sveriges bist\u00e5nd ska vara gener\u00f6st. Vi k\u00e4mpar f\u00f6r r\u00e4ttvis och h\u00e5llbar global utveckling, j\u00e4mst\u00e4lldhet och demokrati. Men att bek\u00e4mpa fattigdom handlar om mer \u00e4n bist\u00e5nd. Vi ska ha jordens fattiga, f\u00f6rf\u00f6ljda och f\u00f6rtryckta f\u00f6r \u00f6gonen n\u00e4r vi formar v\u00e5r politik p\u00e5 alla omr\u00e5den. Vi vill riva ner EU:s handelshinder. Vi ska arbeta f\u00f6r att EU Read More","og_url":"https:\/\/wp.kristdemokraterna.se\/motala\/valet2010\/ett-manskligare-sverige\/steg-12\/","og_site_name":"Kristdemokraterna i Motala","article_modified_time":"2015-03-16T15:56:37+00:00","og_image":[{"url":"http:\/\/wp.kristdemokraterna.se\/motala\/files\/2010\/07\/steg12.jpg","type":"","width":"","height":""}],"twitter_card":"summary_large_image","twitter_misc":{"Ber\u00e4knad l\u00e4stid":"3 minuter"},"schema":{"@context":"https:\/\/schema.org","@graph":[{"@type":"WebPage","@id":"https:\/\/wp.kristdemokraterna.se\/motala\/valet2010\/ett-manskligare-sverige\/steg-12\/","url":"https:\/\/wp.kristdemokraterna.se\/motala\/valet2010\/ett-manskligare-sverige\/steg-12\/","name":"Steg 12 - En stark r\u00f6st i v\u00e4rlden - Kristdemokraterna i Motala","isPartOf":{"@id":"https:\/\/wp.kristdemokraterna.se\/motala\/#website"},"primaryImageOfPage":{"@id":"https:\/\/wp.kristdemokraterna.se\/motala\/valet2010\/ett-manskligare-sverige\/steg-12\/#primaryimage"},"image":{"@id":"https:\/\/wp.kristdemokraterna.se\/motala\/valet2010\/ett-manskligare-sverige\/steg-12\/#primaryimage"},"thumbnailUrl":"http:\/\/wp.kristdemokraterna.se\/motala\/files\/2010\/07\/steg12.jpg","datePublished":"2010-07-23T16:56:34+00:00","dateModified":"2015-03-16T15:56:37+00:00","breadcrumb":{"@id":"https:\/\/wp.kristdemokraterna.se\/motala\/valet2010\/ett-manskligare-sverige\/steg-12\/#breadcrumb"},"inLanguage":"sv-SE","potentialAction":[{"@type":"ReadAction","target":["https:\/\/wp.kristdemokraterna.se\/motala\/valet2010\/ett-manskligare-sverige\/steg-12\/"]}]},{"@type":"ImageObject","inLanguage":"sv-SE","@id":"https:\/\/wp.kristdemokraterna.se\/motala\/valet2010\/ett-manskligare-sverige\/steg-12\/#primaryimage","url":"https:\/\/wp.kristdemokraterna.se\/motala\/files\/2010\/07\/steg12.jpg","contentUrl":"https:\/\/wp.kristdemokraterna.se\/motala\/files\/2010\/07\/steg12.jpg","width":420,"height":352},{"@type":"BreadcrumbList","@id":"https:\/\/wp.kristdemokraterna.se\/motala\/valet2010\/ett-manskligare-sverige\/steg-12\/#breadcrumb","itemListElement":[{"@type":"ListItem","position":1,"name":"Hem","item":"https:\/\/wp.kristdemokraterna.se\/motala\/"},{"@type":"ListItem","position":2,"name":"Valet 19 sept 2010","item":"https:\/\/wp.kristdemokraterna.se\/motala\/valet2010\/"},{"@type":"ListItem","position":3,"name":"Valet 2010 &#8211; Ett m\u00e4nskligare Sverige","item":"https:\/\/wp.kristdemokraterna.se\/motala\/valet2010\/ett-manskligare-sverige\/"},{"@type":"ListItem","position":4,"name":"Steg 12 &#8211; En stark r\u00f6st i v\u00e4rlden"}]},{"@type":"WebSite","@id":"https:\/\/wp.kristdemokraterna.se\/motala\/#website","url":"https:\/\/wp.kristdemokraterna.se\/motala\/","name":"Kristdemokraterna i Motala","description":"Kristdemokraterna","inLanguage":"sv-SE"}]}},"_links":{"self":[{"href":"https:\/\/wp.kristdemokraterna.se\/motala\/wp-json\/wp\/v2\/pages\/801","targetHints":{"allow":["GET"]}}],"collection":[{"href":"https:\/\/wp.kristdemokraterna.se\/motala\/wp-json\/wp\/v2\/pages"}],"about":[{"href":"https:\/\/wp.kristdemokraterna.se\/motala\/wp-json\/wp\/v2\/types\/page"}],"author":[{"embeddable":true,"href":"https:\/\/wp.kristdemokraterna.se\/motala\/wp-json\/wp\/v2\/users\/686"}],"replies":[{"embeddable":true,"href":"https:\/\/wp.kristdemokraterna.se\/motala\/wp-json\/wp\/v2\/comments?post=801"}],"version-history":[{"count":5,"href":"https:\/\/wp.kristdemokraterna.se\/motala\/wp-json\/wp\/v2\/pages\/801\/revisions"}],"predecessor-version":[{"id":807,"href":"https:\/\/wp.kristdemokraterna.se\/motala\/wp-json\/wp\/v2\/pages\/801\/revisions\/807"}],"up":[{"embeddable":true,"href":"https:\/\/wp.kristdemokraterna.se\/motala\/wp-json\/wp\/v2\/pages\/634"}],"wp:attachment":[{"href":"https:\/\/wp.kristdemokraterna.se\/motala\/wp-json\/wp\/v2\/media?parent=801"}],"curies":[{"name":"wp","href":"https:\/\/api.w.org\/{rel}","templated":true}]}}