{"id":808,"date":"2010-07-23T18:59:08","date_gmt":"2010-07-23T16:59:08","guid":{"rendered":"http:\/\/wp.kristdemokraterna.se\/motala\/?page_id=808"},"modified":"2015-03-16T16:57:47","modified_gmt":"2015-03-16T15:57:47","slug":"steg-13","status":"publish","type":"page","link":"https:\/\/wp.kristdemokraterna.se\/motala\/valet2010\/ett-manskligare-sverige\/steg-13\/","title":{"rendered":"Steg 13 &#8211; T\u00e4nk p\u00e5 n\u00e4sta generation!"},"content":{"rendered":"<p><img loading=\"lazy\" decoding=\"async\" class=\"alignnone size-full wp-image-810\" src=\"http:\/\/wp.kristdemokraterna.se\/motala\/files\/2010\/07\/steg13.jpg\" alt=\"steg13\" width=\"420\" height=\"293\" srcset=\"https:\/\/wp.kristdemokraterna.se\/motala\/files\/2010\/07\/steg13.jpg 420w, https:\/\/wp.kristdemokraterna.se\/motala\/files\/2010\/07\/steg13-300x209.jpg 300w, https:\/\/wp.kristdemokraterna.se\/motala\/files\/2010\/07\/steg13-161x112.jpg 161w\" sizes=\"auto, (max-width: 420px) 100vw, 420px\" \/><br \/>\n<strong>Vi m\u00e5ste minska p\u00e5verkan p\u00e5 klimatet och satsa p\u00e5 milj\u00f6n \u2013 f\u00f6r framtidens skull. Ekonomisk utveckling och milj\u00f6arbete m\u00e5ste g\u00e5 hand i hand. Det ska vara dyrt att f\u00f6rorena milj\u00f6n samtidigt som det ska finnas goda m\u00f6jligheter att leva, resa, tillverka och transportera p\u00e5 ett klimatsmart s\u00e4tt. S\u00e5 att det blir jobbigt att vara milj\u00f6ov\u00e4nlig, men enkelt att vara milj\u00f6v\u00e4n.<\/strong><\/p>\n<p>Alltf\u00f6r l\u00e4nge har vi utg\u00e5tt fr\u00e5n att jordens resurser \u00e4r o\u00e4ndliga. Att rent vatten och frisk luft inte kan ta slut. Att den biologiska m\u00e5ngfalden \u00e4r en sj\u00e4lvklarhet. Idag vet vi b\u00e4ttre. Kristdemokraternas milj\u00f6politik bygger p\u00e5 insikten om att vi har ett ansvar b\u00e5de f\u00f6r m\u00e4nniskor som lever i fattiga l\u00e4nder och f\u00f6r kommande generationer.<\/p>\n<p>Vi vill r\u00e4dda milj\u00f6n och \u00e4nd\u00e5 skapa tillv\u00e4xt. Det \u00e4r ingen om\u00f6jlighet. Utveckling och milj\u00f6arbete \u00e4r inte storheter som m\u00e5ste st\u00e4llas mot varandra. Saker kan produceras p\u00e5 ett mycket mer milj\u00f6v\u00e4nligt s\u00e4tt. Energi kan anv\u00e4ndas effektivare och dessutom komma fr\u00e5n annat \u00e4n kolkraft och olja. Mat m\u00e5ste odlas utan skadliga bek\u00e4mpningsmedel. Vi kan fundera \u00f6ver hur vi anv\u00e4nder v\u00e5ra resurser. \u00c4r det fler prylar vi vill ha, eller \u00e4r det tid med familjen, mer kultur och mer tid i l\u00f6psp\u00e5ret? Att l\u00e4gga resurser p\u00e5 annat \u00e4n energikr\u00e4vande konsumtion g\u00f6r v\u00e5r livsstil mer h\u00e5llbar.<\/p>\n<p>Milj\u00f6politiken var l\u00e4nge enbart en nationell angel\u00e4genhet. Men milj\u00f6problemen stannar inte vid nationsgr\u00e4nserna. Klimatf\u00f6r\u00e4ndring, luftf\u00f6roreningar, kemikalier och avloppsvatten \u00e4r internationella problem. Havens k\u00e4nsliga ekosystem belastas av m\u00e5nga olika l\u00e4nder. Det \u00e4r d\u00e4rf\u00f6r sj\u00e4lvklart att milj\u00f6fr\u00e5gorna ska hanteras internationellt. M\u00e5nga problem kan l\u00f6sas p\u00e5 EU-niv\u00e5 medan andra fr\u00e5gor kr\u00e4ver globala l\u00f6sningar. Klimatfr\u00e5gan kan bara l\u00f6sas genom internationellt samarbete. Vi arbetar f\u00f6r att eu- ska minska sina utsl\u00e4pp av v\u00e4xthusgaser med minst 30 procent till \u00e5r 2020. Men det \u00e4r viktigt att de internationella klimatf\u00f6rhandlingarna ocks\u00e5 har ett l\u00e4ngre perspektiv. F\u00f6r att begr\u00e4nsa den globala uppv\u00e4rmningen m\u00e5ste de industrialiserade l\u00e4ndernas utsl\u00e4pp minska med 80\u201395 procent under de n\u00e4rmsta fyrtio \u00e5ren, det \u00e4r en enorm utmaning! F\u00f6r att klara en s\u00e5 stor utsl\u00e4ppsminskning kr\u00e4vs att vi tar krafttag redan nu.<\/p>\n<p>Det g\u00e4ller att \u00e5stadkomma m\u00e5ngfald i energiproduktionen. Biobr\u00e4nsle, vindkraftverk, solenergi och sm\u00e5skalig vattenkraft m\u00e5ste utvecklas. Ist\u00e4llet f\u00f6r att avveckla vill vi kunna f\u00f6rnya k\u00e4rnkraften. Ny teknik f\u00f6r b\u00e5de sm\u00e5- och storskalig f\u00f6rnybar energiproduktion ska fr\u00e4mjas. Sverige beh\u00f6ver ett system f\u00f6r energiskatter och milj\u00f6avgifter som i h\u00f6gre grad stimulerar till ett mer milj\u00f6v\u00e4nligt beteende. Sj\u00e4lvklart m\u00e5ste det ske med h\u00e4nsyn till hush\u00e5llens och n\u00e4ringslivets f\u00f6ruts\u00e4ttningar. Vi \u00e4r f\u00f6r en gr\u00f6n skattev\u00e4xling som inneb\u00e4r att andra skatter s\u00e4nks.<\/p>\n","protected":false},"excerpt":{"rendered":"<p>Vi m\u00e5ste minska p\u00e5verkan p\u00e5 klimatet och satsa p\u00e5 milj\u00f6n \u2013 f\u00f6r framtidens skull. Ekonomisk utveckling och milj\u00f6arbete m\u00e5ste g\u00e5 hand i hand. Det ska vara dyrt att f\u00f6rorena milj\u00f6n samtidigt som det ska finnas goda m\u00f6jligheter att leva, resa, tillverka och transportera p\u00e5 ett klimatsmart s\u00e4tt. S\u00e5 att det blir jobbigt att vara milj\u00f6ov\u00e4nlig, <a class=\"read-more-link\" href=\"https:\/\/wp.kristdemokraterna.se\/motala\/valet2010\/ett-manskligare-sverige\/steg-13\/\">Read More<\/a><\/p>\n","protected":false},"author":686,"featured_media":0,"parent":634,"menu_order":13,"comment_status":"closed","ping_status":"closed","template":"","meta":{"_acf_changed":false,"footnotes":""},"class_list":["post-808","page","type-page","status-publish","hentry"],"acf":[],"yoast_head":"<!-- This site is optimized with the Yoast SEO plugin v27.4 - https:\/\/yoast.com\/product\/yoast-seo-wordpress\/ -->\n<title>Steg 13 - T\u00e4nk p\u00e5 n\u00e4sta generation! - Kristdemokraterna i Motala<\/title>\n<meta name=\"robots\" content=\"index, follow, max-snippet:-1, max-image-preview:large, max-video-preview:-1\" \/>\n<link rel=\"canonical\" href=\"https:\/\/wp.kristdemokraterna.se\/motala\/valet2010\/ett-manskligare-sverige\/steg-13\/\" \/>\n<meta property=\"og:locale\" content=\"sv_SE\" \/>\n<meta property=\"og:type\" content=\"article\" \/>\n<meta property=\"og:title\" content=\"Steg 13 - T\u00e4nk p\u00e5 n\u00e4sta generation! - Kristdemokraterna i Motala\" \/>\n<meta property=\"og:description\" content=\"Vi m\u00e5ste minska p\u00e5verkan p\u00e5 klimatet och satsa p\u00e5 milj\u00f6n \u2013 f\u00f6r framtidens skull. Ekonomisk utveckling och milj\u00f6arbete m\u00e5ste g\u00e5 hand i hand. Det ska vara dyrt att f\u00f6rorena milj\u00f6n samtidigt som det ska finnas goda m\u00f6jligheter att leva, resa, tillverka och transportera p\u00e5 ett klimatsmart s\u00e4tt. S\u00e5 att det blir jobbigt att vara milj\u00f6ov\u00e4nlig, Read More\" \/>\n<meta property=\"og:url\" content=\"https:\/\/wp.kristdemokraterna.se\/motala\/valet2010\/ett-manskligare-sverige\/steg-13\/\" \/>\n<meta property=\"og:site_name\" content=\"Kristdemokraterna i Motala\" \/>\n<meta property=\"article:modified_time\" content=\"2015-03-16T15:57:47+00:00\" \/>\n<meta property=\"og:image\" content=\"http:\/\/wp.kristdemokraterna.se\/motala\/files\/2010\/07\/steg13.jpg\" \/>\n<meta name=\"twitter:card\" content=\"summary_large_image\" \/>\n<meta name=\"twitter:label1\" content=\"Ber\u00e4knad l\u00e4stid\" \/>\n\t<meta name=\"twitter:data1\" content=\"3 minuter\" \/>\n<script type=\"application\/ld+json\" class=\"yoast-schema-graph\">{\"@context\":\"https:\\\/\\\/schema.org\",\"@graph\":[{\"@type\":\"WebPage\",\"@id\":\"https:\\\/\\\/wp.kristdemokraterna.se\\\/motala\\\/valet2010\\\/ett-manskligare-sverige\\\/steg-13\\\/\",\"url\":\"https:\\\/\\\/wp.kristdemokraterna.se\\\/motala\\\/valet2010\\\/ett-manskligare-sverige\\\/steg-13\\\/\",\"name\":\"Steg 13 - T\u00e4nk p\u00e5 n\u00e4sta generation! - Kristdemokraterna i Motala\",\"isPartOf\":{\"@id\":\"https:\\\/\\\/wp.kristdemokraterna.se\\\/motala\\\/#website\"},\"primaryImageOfPage\":{\"@id\":\"https:\\\/\\\/wp.kristdemokraterna.se\\\/motala\\\/valet2010\\\/ett-manskligare-sverige\\\/steg-13\\\/#primaryimage\"},\"image\":{\"@id\":\"https:\\\/\\\/wp.kristdemokraterna.se\\\/motala\\\/valet2010\\\/ett-manskligare-sverige\\\/steg-13\\\/#primaryimage\"},\"thumbnailUrl\":\"http:\\\/\\\/wp.kristdemokraterna.se\\\/motala\\\/files\\\/2010\\\/07\\\/steg13.jpg\",\"datePublished\":\"2010-07-23T16:59:08+00:00\",\"dateModified\":\"2015-03-16T15:57:47+00:00\",\"breadcrumb\":{\"@id\":\"https:\\\/\\\/wp.kristdemokraterna.se\\\/motala\\\/valet2010\\\/ett-manskligare-sverige\\\/steg-13\\\/#breadcrumb\"},\"inLanguage\":\"sv-SE\",\"potentialAction\":[{\"@type\":\"ReadAction\",\"target\":[\"https:\\\/\\\/wp.kristdemokraterna.se\\\/motala\\\/valet2010\\\/ett-manskligare-sverige\\\/steg-13\\\/\"]}]},{\"@type\":\"ImageObject\",\"inLanguage\":\"sv-SE\",\"@id\":\"https:\\\/\\\/wp.kristdemokraterna.se\\\/motala\\\/valet2010\\\/ett-manskligare-sverige\\\/steg-13\\\/#primaryimage\",\"url\":\"https:\\\/\\\/wp.kristdemokraterna.se\\\/motala\\\/files\\\/2010\\\/07\\\/steg13.jpg\",\"contentUrl\":\"https:\\\/\\\/wp.kristdemokraterna.se\\\/motala\\\/files\\\/2010\\\/07\\\/steg13.jpg\",\"width\":420,\"height\":293},{\"@type\":\"BreadcrumbList\",\"@id\":\"https:\\\/\\\/wp.kristdemokraterna.se\\\/motala\\\/valet2010\\\/ett-manskligare-sverige\\\/steg-13\\\/#breadcrumb\",\"itemListElement\":[{\"@type\":\"ListItem\",\"position\":1,\"name\":\"Hem\",\"item\":\"https:\\\/\\\/wp.kristdemokraterna.se\\\/motala\\\/\"},{\"@type\":\"ListItem\",\"position\":2,\"name\":\"Valet 19 sept 2010\",\"item\":\"https:\\\/\\\/wp.kristdemokraterna.se\\\/motala\\\/valet2010\\\/\"},{\"@type\":\"ListItem\",\"position\":3,\"name\":\"Valet 2010 &#8211; Ett m\u00e4nskligare Sverige\",\"item\":\"https:\\\/\\\/wp.kristdemokraterna.se\\\/motala\\\/valet2010\\\/ett-manskligare-sverige\\\/\"},{\"@type\":\"ListItem\",\"position\":4,\"name\":\"Steg 13 &#8211; T\u00e4nk p\u00e5 n\u00e4sta generation!\"}]},{\"@type\":\"WebSite\",\"@id\":\"https:\\\/\\\/wp.kristdemokraterna.se\\\/motala\\\/#website\",\"url\":\"https:\\\/\\\/wp.kristdemokraterna.se\\\/motala\\\/\",\"name\":\"Kristdemokraterna i Motala\",\"description\":\"Kristdemokraterna\",\"inLanguage\":\"sv-SE\"}]}<\/script>\n<!-- \/ Yoast SEO plugin. -->","yoast_head_json":{"title":"Steg 13 - T\u00e4nk p\u00e5 n\u00e4sta generation! - Kristdemokraterna i Motala","robots":{"index":"index","follow":"follow","max-snippet":"max-snippet:-1","max-image-preview":"max-image-preview:large","max-video-preview":"max-video-preview:-1"},"canonical":"https:\/\/wp.kristdemokraterna.se\/motala\/valet2010\/ett-manskligare-sverige\/steg-13\/","og_locale":"sv_SE","og_type":"article","og_title":"Steg 13 - T\u00e4nk p\u00e5 n\u00e4sta generation! - Kristdemokraterna i Motala","og_description":"Vi m\u00e5ste minska p\u00e5verkan p\u00e5 klimatet och satsa p\u00e5 milj\u00f6n \u2013 f\u00f6r framtidens skull. Ekonomisk utveckling och milj\u00f6arbete m\u00e5ste g\u00e5 hand i hand. Det ska vara dyrt att f\u00f6rorena milj\u00f6n samtidigt som det ska finnas goda m\u00f6jligheter att leva, resa, tillverka och transportera p\u00e5 ett klimatsmart s\u00e4tt. S\u00e5 att det blir jobbigt att vara milj\u00f6ov\u00e4nlig, Read More","og_url":"https:\/\/wp.kristdemokraterna.se\/motala\/valet2010\/ett-manskligare-sverige\/steg-13\/","og_site_name":"Kristdemokraterna i Motala","article_modified_time":"2015-03-16T15:57:47+00:00","og_image":[{"url":"http:\/\/wp.kristdemokraterna.se\/motala\/files\/2010\/07\/steg13.jpg","type":"","width":"","height":""}],"twitter_card":"summary_large_image","twitter_misc":{"Ber\u00e4knad l\u00e4stid":"3 minuter"},"schema":{"@context":"https:\/\/schema.org","@graph":[{"@type":"WebPage","@id":"https:\/\/wp.kristdemokraterna.se\/motala\/valet2010\/ett-manskligare-sverige\/steg-13\/","url":"https:\/\/wp.kristdemokraterna.se\/motala\/valet2010\/ett-manskligare-sverige\/steg-13\/","name":"Steg 13 - T\u00e4nk p\u00e5 n\u00e4sta generation! - Kristdemokraterna i Motala","isPartOf":{"@id":"https:\/\/wp.kristdemokraterna.se\/motala\/#website"},"primaryImageOfPage":{"@id":"https:\/\/wp.kristdemokraterna.se\/motala\/valet2010\/ett-manskligare-sverige\/steg-13\/#primaryimage"},"image":{"@id":"https:\/\/wp.kristdemokraterna.se\/motala\/valet2010\/ett-manskligare-sverige\/steg-13\/#primaryimage"},"thumbnailUrl":"http:\/\/wp.kristdemokraterna.se\/motala\/files\/2010\/07\/steg13.jpg","datePublished":"2010-07-23T16:59:08+00:00","dateModified":"2015-03-16T15:57:47+00:00","breadcrumb":{"@id":"https:\/\/wp.kristdemokraterna.se\/motala\/valet2010\/ett-manskligare-sverige\/steg-13\/#breadcrumb"},"inLanguage":"sv-SE","potentialAction":[{"@type":"ReadAction","target":["https:\/\/wp.kristdemokraterna.se\/motala\/valet2010\/ett-manskligare-sverige\/steg-13\/"]}]},{"@type":"ImageObject","inLanguage":"sv-SE","@id":"https:\/\/wp.kristdemokraterna.se\/motala\/valet2010\/ett-manskligare-sverige\/steg-13\/#primaryimage","url":"https:\/\/wp.kristdemokraterna.se\/motala\/files\/2010\/07\/steg13.jpg","contentUrl":"https:\/\/wp.kristdemokraterna.se\/motala\/files\/2010\/07\/steg13.jpg","width":420,"height":293},{"@type":"BreadcrumbList","@id":"https:\/\/wp.kristdemokraterna.se\/motala\/valet2010\/ett-manskligare-sverige\/steg-13\/#breadcrumb","itemListElement":[{"@type":"ListItem","position":1,"name":"Hem","item":"https:\/\/wp.kristdemokraterna.se\/motala\/"},{"@type":"ListItem","position":2,"name":"Valet 19 sept 2010","item":"https:\/\/wp.kristdemokraterna.se\/motala\/valet2010\/"},{"@type":"ListItem","position":3,"name":"Valet 2010 &#8211; Ett m\u00e4nskligare Sverige","item":"https:\/\/wp.kristdemokraterna.se\/motala\/valet2010\/ett-manskligare-sverige\/"},{"@type":"ListItem","position":4,"name":"Steg 13 &#8211; T\u00e4nk p\u00e5 n\u00e4sta generation!"}]},{"@type":"WebSite","@id":"https:\/\/wp.kristdemokraterna.se\/motala\/#website","url":"https:\/\/wp.kristdemokraterna.se\/motala\/","name":"Kristdemokraterna i Motala","description":"Kristdemokraterna","inLanguage":"sv-SE"}]}},"_links":{"self":[{"href":"https:\/\/wp.kristdemokraterna.se\/motala\/wp-json\/wp\/v2\/pages\/808","targetHints":{"allow":["GET"]}}],"collection":[{"href":"https:\/\/wp.kristdemokraterna.se\/motala\/wp-json\/wp\/v2\/pages"}],"about":[{"href":"https:\/\/wp.kristdemokraterna.se\/motala\/wp-json\/wp\/v2\/types\/page"}],"author":[{"embeddable":true,"href":"https:\/\/wp.kristdemokraterna.se\/motala\/wp-json\/wp\/v2\/users\/686"}],"replies":[{"embeddable":true,"href":"https:\/\/wp.kristdemokraterna.se\/motala\/wp-json\/wp\/v2\/comments?post=808"}],"version-history":[{"count":4,"href":"https:\/\/wp.kristdemokraterna.se\/motala\/wp-json\/wp\/v2\/pages\/808\/revisions"}],"predecessor-version":[{"id":813,"href":"https:\/\/wp.kristdemokraterna.se\/motala\/wp-json\/wp\/v2\/pages\/808\/revisions\/813"}],"up":[{"embeddable":true,"href":"https:\/\/wp.kristdemokraterna.se\/motala\/wp-json\/wp\/v2\/pages\/634"}],"wp:attachment":[{"href":"https:\/\/wp.kristdemokraterna.se\/motala\/wp-json\/wp\/v2\/media?parent=808"}],"curies":[{"name":"wp","href":"https:\/\/api.w.org\/{rel}","templated":true}]}}