{"id":31,"date":"2023-04-09T13:54:57","date_gmt":"2023-04-09T11:54:57","guid":{"rendered":"http:\/\/wp.kristdemokraterna.se\/munkedal\/?page_id=31"},"modified":"2026-01-28T17:45:53","modified_gmt":"2026-01-28T16:45:53","slug":"styrelsen","status":"publish","type":"page","link":"https:\/\/wp.kristdemokraterna.se\/munkedal\/styrelsen\/","title":{"rendered":"Om KD Munkedal"},"content":{"rendered":"<h3>Kristdemokraterna i Munkedals kommun 2025 &#8211; styrelse i lokalavdelningen:<\/h3>\n<blockquote>\n<div class=\"elementToProof\">Ordf\u00f6rande: Olle Olsson<\/div>\n<div class=\"elementToProof\">Vice ordf\u00f6rande: Sabina Fremark<\/div>\n<div class=\"elementToProof\">\u00d6vrig ledamot och kass\u00f6r: Nina Andersson<\/div>\n<div class=\"elementToProof\">Ers\u00e4ttare: Jeannette Carlson<\/div>\n<\/blockquote>\n","protected":false},"excerpt":{"rendered":"<p>Kristdemokraterna i Munkedals kommun 2025 &#8211; styrelse i lokalavdelningen: Ordf\u00f6rande: Olle Olsson Vice ordf\u00f6rande: Sabina Fremark \u00d6vrig ledamot och kass\u00f6r: Nina Andersson Ers\u00e4ttare: Jeannette Carlson<\/p>\n","protected":false},"author":801,"featured_media":0,"parent":0,"menu_order":9,"comment_status":"closed","ping_status":"closed","template":"","meta":{"_acf_changed":false,"footnotes":""},"class_list":["post-31","page","type-page","status-publish","hentry"],"acf":[],"yoast_head":"<!-- This site is optimized with the Yoast SEO plugin v27.4 - https:\/\/yoast.com\/product\/yoast-seo-wordpress\/ -->\n<title>Om KD Munkedal - Kristdemokraterna i Munkedal<\/title>\n<meta name=\"robots\" content=\"index, follow, max-snippet:-1, max-image-preview:large, max-video-preview:-1\" \/>\n<link rel=\"canonical\" href=\"https:\/\/wp.kristdemokraterna.se\/munkedal\/styrelsen\/\" \/>\n<meta property=\"og:locale\" content=\"sv_SE\" \/>\n<meta property=\"og:type\" content=\"article\" \/>\n<meta property=\"og:title\" content=\"Om KD Munkedal - Kristdemokraterna i Munkedal\" \/>\n<meta property=\"og:description\" content=\"Kristdemokraterna i Munkedals kommun 2025 &#8211; styrelse i lokalavdelningen: Ordf\u00f6rande: Olle Olsson Vice ordf\u00f6rande: Sabina Fremark \u00d6vrig ledamot och kass\u00f6r: Nina Andersson Ers\u00e4ttare: Jeannette Carlson\" \/>\n<meta property=\"og:url\" content=\"https:\/\/wp.kristdemokraterna.se\/munkedal\/styrelsen\/\" \/>\n<meta property=\"og:site_name\" content=\"Kristdemokraterna i Munkedal\" \/>\n<meta property=\"article:modified_time\" content=\"2026-01-28T16:45:53+00:00\" \/>\n<meta name=\"twitter:card\" content=\"summary_large_image\" \/>\n<meta name=\"twitter:label1\" content=\"Ber\u00e4knad l\u00e4stid\" \/>\n\t<meta name=\"twitter:data1\" content=\"1 minut\" \/>\n<script type=\"application\/ld+json\" class=\"yoast-schema-graph\">{\"@context\":\"https:\\\/\\\/schema.org\",\"@graph\":[{\"@type\":\"WebPage\",\"@id\":\"https:\\\/\\\/wp.kristdemokraterna.se\\\/munkedal\\\/styrelsen\\\/\",\"url\":\"https:\\\/\\\/wp.kristdemokraterna.se\\\/munkedal\\\/styrelsen\\\/\",\"name\":\"Om KD Munkedal - Kristdemokraterna i Munkedal\",\"isPartOf\":{\"@id\":\"https:\\\/\\\/wp.kristdemokraterna.se\\\/munkedal\\\/#website\"},\"datePublished\":\"2023-04-09T11:54:57+00:00\",\"dateModified\":\"2026-01-28T16:45:53+00:00\",\"breadcrumb\":{\"@id\":\"https:\\\/\\\/wp.kristdemokraterna.se\\\/munkedal\\\/styrelsen\\\/#breadcrumb\"},\"inLanguage\":\"sv-SE\",\"potentialAction\":[{\"@type\":\"ReadAction\",\"target\":[\"https:\\\/\\\/wp.kristdemokraterna.se\\\/munkedal\\\/styrelsen\\\/\"]}]},{\"@type\":\"BreadcrumbList\",\"@id\":\"https:\\\/\\\/wp.kristdemokraterna.se\\\/munkedal\\\/styrelsen\\\/#breadcrumb\",\"itemListElement\":[{\"@type\":\"ListItem\",\"position\":1,\"name\":\"Hem\",\"item\":\"https:\\\/\\\/wp.kristdemokraterna.se\\\/munkedal\\\/\"},{\"@type\":\"ListItem\",\"position\":2,\"name\":\"Om KD Munkedal\"}]},{\"@type\":\"WebSite\",\"@id\":\"https:\\\/\\\/wp.kristdemokraterna.se\\\/munkedal\\\/#website\",\"url\":\"https:\\\/\\\/wp.kristdemokraterna.se\\\/munkedal\\\/\",\"name\":\"Kristdemokraterna i Munkedal\",\"description\":\"Hand i hand f\u00f6r framtiden\",\"inLanguage\":\"sv-SE\"}]}<\/script>\n<!-- \/ Yoast SEO plugin. -->","yoast_head_json":{"title":"Om KD Munkedal - Kristdemokraterna i Munkedal","robots":{"index":"index","follow":"follow","max-snippet":"max-snippet:-1","max-image-preview":"max-image-preview:large","max-video-preview":"max-video-preview:-1"},"canonical":"https:\/\/wp.kristdemokraterna.se\/munkedal\/styrelsen\/","og_locale":"sv_SE","og_type":"article","og_title":"Om KD Munkedal - Kristdemokraterna i Munkedal","og_description":"Kristdemokraterna i Munkedals kommun 2025 &#8211; styrelse i lokalavdelningen: Ordf\u00f6rande: Olle Olsson Vice ordf\u00f6rande: Sabina Fremark \u00d6vrig ledamot och kass\u00f6r: Nina Andersson Ers\u00e4ttare: Jeannette Carlson","og_url":"https:\/\/wp.kristdemokraterna.se\/munkedal\/styrelsen\/","og_site_name":"Kristdemokraterna i Munkedal","article_modified_time":"2026-01-28T16:45:53+00:00","twitter_card":"summary_large_image","twitter_misc":{"Ber\u00e4knad l\u00e4stid":"1 minut"},"schema":{"@context":"https:\/\/schema.org","@graph":[{"@type":"WebPage","@id":"https:\/\/wp.kristdemokraterna.se\/munkedal\/styrelsen\/","url":"https:\/\/wp.kristdemokraterna.se\/munkedal\/styrelsen\/","name":"Om KD Munkedal - Kristdemokraterna i Munkedal","isPartOf":{"@id":"https:\/\/wp.kristdemokraterna.se\/munkedal\/#website"},"datePublished":"2023-04-09T11:54:57+00:00","dateModified":"2026-01-28T16:45:53+00:00","breadcrumb":{"@id":"https:\/\/wp.kristdemokraterna.se\/munkedal\/styrelsen\/#breadcrumb"},"inLanguage":"sv-SE","potentialAction":[{"@type":"ReadAction","target":["https:\/\/wp.kristdemokraterna.se\/munkedal\/styrelsen\/"]}]},{"@type":"BreadcrumbList","@id":"https:\/\/wp.kristdemokraterna.se\/munkedal\/styrelsen\/#breadcrumb","itemListElement":[{"@type":"ListItem","position":1,"name":"Hem","item":"https:\/\/wp.kristdemokraterna.se\/munkedal\/"},{"@type":"ListItem","position":2,"name":"Om KD Munkedal"}]},{"@type":"WebSite","@id":"https:\/\/wp.kristdemokraterna.se\/munkedal\/#website","url":"https:\/\/wp.kristdemokraterna.se\/munkedal\/","name":"Kristdemokraterna i Munkedal","description":"Hand i hand f\u00f6r framtiden","inLanguage":"sv-SE"}]}},"_links":{"self":[{"href":"https:\/\/wp.kristdemokraterna.se\/munkedal\/wp-json\/wp\/v2\/pages\/31","targetHints":{"allow":["GET"]}}],"collection":[{"href":"https:\/\/wp.kristdemokraterna.se\/munkedal\/wp-json\/wp\/v2\/pages"}],"about":[{"href":"https:\/\/wp.kristdemokraterna.se\/munkedal\/wp-json\/wp\/v2\/types\/page"}],"author":[{"embeddable":true,"href":"https:\/\/wp.kristdemokraterna.se\/munkedal\/wp-json\/wp\/v2\/users\/801"}],"replies":[{"embeddable":true,"href":"https:\/\/wp.kristdemokraterna.se\/munkedal\/wp-json\/wp\/v2\/comments?post=31"}],"version-history":[{"count":18,"href":"https:\/\/wp.kristdemokraterna.se\/munkedal\/wp-json\/wp\/v2\/pages\/31\/revisions"}],"predecessor-version":[{"id":824,"href":"https:\/\/wp.kristdemokraterna.se\/munkedal\/wp-json\/wp\/v2\/pages\/31\/revisions\/824"}],"wp:attachment":[{"href":"https:\/\/wp.kristdemokraterna.se\/munkedal\/wp-json\/wp\/v2\/media?parent=31"}],"curies":[{"name":"wp","href":"https:\/\/api.w.org\/{rel}","templated":true}]}}