{"id":34,"date":"2023-04-09T07:09:14","date_gmt":"2023-04-09T05:09:14","guid":{"rendered":"http:\/\/wp.kristdemokraterna.se\/munkedal\/?page_id=34"},"modified":"2026-01-28T18:10:08","modified_gmt":"2026-01-28T17:10:08","slug":"dina-politiker","status":"publish","type":"page","link":"https:\/\/wp.kristdemokraterna.se\/munkedal\/styrelsen\/dina-politiker\/","title":{"rendered":"Dina politiker"},"content":{"rendered":"<h2><strong>Olle Olsson<\/strong><\/h2>\n<p>Ordf\u00f6rande<\/p>\n<ul>\n<li>och gruppledare i KD Munkedal<\/li>\n<li>Kultur- och utbildningsn\u00e4mnden<\/li>\n<\/ul>\n<p>Ledamot<\/p>\n<ul>\n<li>kommunfullm\u00e4ktige<\/li>\n<li>valberedningen<\/li>\n<\/ul>\n<p>Ers\u00e4ttare<\/p>\n<ul>\n<li>kommunstyrelsen<\/li>\n<\/ul>\n<h2><\/h2>\n<h2>Nina Andersson<\/h2>\n<p>Ledamot<\/p>\n<ul>\n<li>arvodesberedningen<\/li>\n<\/ul>\n<p>Ers\u00e4ttare<\/p>\n<ul>\n<li>kommunfullm\u00e4ktige<\/li>\n<li>v\u00e4lf\u00e4rdsn\u00e4mnden<\/li>\n<li>valn\u00e4mnden<\/li>\n<li>j\u00e4vsn\u00e4mnden<\/li>\n<\/ul>\n<h2><\/h2>\n<h2><strong>Sabina Fremark<\/strong><\/h2>\n<p>Ledamot<\/p>\n<ul>\n<li>arvodesberedningen<\/li>\n<\/ul>\n<p>Ers\u00e4ttare<\/p>\n<ul>\n<li>kommunfullm\u00e4ktige<\/li>\n<li class=\"elementToProof\">v\u00e4lf\u00e4rdsn\u00e4mnden<\/li>\n<li class=\"elementToProof\">valn\u00e4mnden<\/li>\n<li class=\"elementToProof\">j\u00e4vsn\u00e4mnden<\/li>\n<\/ul>\n<h2 style=\"text-align: center\">Dina lokala politiker i Kristdemokraterna Munkedal<\/h2>\n<p><a href=\"http:\/\/wp.kristdemokraterna.se\/munkedal\/files\/2022\/03\/kd-gruppbild-e1647182308208.jpg\"><img loading=\"lazy\" decoding=\"async\" class=\"size-medium wp-image-528 aligncenter\" src=\"http:\/\/wp.kristdemokraterna.se\/munkedal\/files\/2022\/03\/kd-gruppbild-e1647182157130-300x163.jpg\" alt=\"\" width=\"300\" height=\"163\" \/><\/a><\/p>\n<p><strong>Fr\u00e5n v\u00e4nster:<\/strong> Olle Olsson, Nina Andersson, Katarina Furufalk, Sabina Fremark och Fredrik Olsson<\/p>\n<p>&nbsp;<\/p>\n","protected":false},"excerpt":{"rendered":"<p>Olle Olsson Ordf\u00f6rande och gruppledare i KD Munkedal Kultur- och utbildningsn\u00e4mnden Ledamot kommunfullm\u00e4ktige valberedningen Ers\u00e4ttare kommunstyrelsen Nina Andersson Ledamot arvodesberedningen Ers\u00e4ttare kommunfullm\u00e4ktige v\u00e4lf\u00e4rdsn\u00e4mnden valn\u00e4mnden j\u00e4vsn\u00e4mnden Sabina Fremark Ledamot arvodesberedningen Ers\u00e4ttare kommunfullm\u00e4ktige v\u00e4lf\u00e4rdsn\u00e4mnden valn\u00e4mnden j\u00e4vsn\u00e4mnden Dina lokala politiker i Kristdemokraterna Munkedal Fr\u00e5n v\u00e4nster: Olle Olsson, Nina Andersson, Katarina Furufalk, Sabina Fremark och Fredrik Olsson &nbsp;<\/p>\n","protected":false},"author":801,"featured_media":0,"parent":31,"menu_order":1,"comment_status":"closed","ping_status":"closed","template":"","meta":{"_acf_changed":false,"footnotes":""},"class_list":["post-34","page","type-page","status-publish","hentry"],"acf":[],"yoast_head":"<!-- This site is optimized with the Yoast SEO plugin v27.4 - https:\/\/yoast.com\/product\/yoast-seo-wordpress\/ -->\n<title>Dina politiker - Kristdemokraterna i Munkedal<\/title>\n<meta name=\"robots\" content=\"index, follow, max-snippet:-1, max-image-preview:large, max-video-preview:-1\" \/>\n<link rel=\"canonical\" href=\"https:\/\/wp.kristdemokraterna.se\/munkedal\/styrelsen\/dina-politiker\/\" \/>\n<meta property=\"og:locale\" content=\"sv_SE\" \/>\n<meta property=\"og:type\" content=\"article\" \/>\n<meta property=\"og:title\" content=\"Dina politiker - Kristdemokraterna i Munkedal\" \/>\n<meta property=\"og:description\" content=\"Olle Olsson Ordf\u00f6rande och gruppledare i KD Munkedal Kultur- och utbildningsn\u00e4mnden Ledamot kommunfullm\u00e4ktige valberedningen Ers\u00e4ttare kommunstyrelsen Nina Andersson Ledamot arvodesberedningen Ers\u00e4ttare kommunfullm\u00e4ktige v\u00e4lf\u00e4rdsn\u00e4mnden valn\u00e4mnden j\u00e4vsn\u00e4mnden Sabina Fremark Ledamot arvodesberedningen Ers\u00e4ttare kommunfullm\u00e4ktige v\u00e4lf\u00e4rdsn\u00e4mnden valn\u00e4mnden j\u00e4vsn\u00e4mnden Dina lokala politiker i Kristdemokraterna Munkedal Fr\u00e5n v\u00e4nster: Olle Olsson, Nina Andersson, Katarina Furufalk, Sabina Fremark och Fredrik Olsson &nbsp;\" \/>\n<meta property=\"og:url\" content=\"https:\/\/wp.kristdemokraterna.se\/munkedal\/styrelsen\/dina-politiker\/\" \/>\n<meta property=\"og:site_name\" content=\"Kristdemokraterna i Munkedal\" \/>\n<meta property=\"article:modified_time\" content=\"2026-01-28T17:10:08+00:00\" \/>\n<meta property=\"og:image\" content=\"https:\/\/wp.kristdemokraterna.se\/munkedal\/files\/2022\/03\/kd-gruppbild-e1647182308208.jpg\" \/>\n\t<meta property=\"og:image:width\" content=\"675\" \/>\n\t<meta property=\"og:image:height\" content=\"366\" \/>\n\t<meta property=\"og:image:type\" content=\"image\/jpeg\" \/>\n<meta name=\"twitter:card\" content=\"summary_large_image\" \/>\n<meta name=\"twitter:label1\" content=\"Ber\u00e4knad l\u00e4stid\" \/>\n\t<meta name=\"twitter:data1\" content=\"1 minut\" \/>\n<script type=\"application\/ld+json\" class=\"yoast-schema-graph\">{\"@context\":\"https:\\\/\\\/schema.org\",\"@graph\":[{\"@type\":\"WebPage\",\"@id\":\"https:\\\/\\\/wp.kristdemokraterna.se\\\/munkedal\\\/styrelsen\\\/dina-politiker\\\/\",\"url\":\"https:\\\/\\\/wp.kristdemokraterna.se\\\/munkedal\\\/styrelsen\\\/dina-politiker\\\/\",\"name\":\"Dina politiker - Kristdemokraterna i Munkedal\",\"isPartOf\":{\"@id\":\"https:\\\/\\\/wp.kristdemokraterna.se\\\/munkedal\\\/#website\"},\"primaryImageOfPage\":{\"@id\":\"https:\\\/\\\/wp.kristdemokraterna.se\\\/munkedal\\\/styrelsen\\\/dina-politiker\\\/#primaryimage\"},\"image\":{\"@id\":\"https:\\\/\\\/wp.kristdemokraterna.se\\\/munkedal\\\/styrelsen\\\/dina-politiker\\\/#primaryimage\"},\"thumbnailUrl\":\"http:\\\/\\\/wp.kristdemokraterna.se\\\/munkedal\\\/files\\\/2022\\\/03\\\/kd-gruppbild-e1647182157130-300x163.jpg\",\"datePublished\":\"2023-04-09T05:09:14+00:00\",\"dateModified\":\"2026-01-28T17:10:08+00:00\",\"breadcrumb\":{\"@id\":\"https:\\\/\\\/wp.kristdemokraterna.se\\\/munkedal\\\/styrelsen\\\/dina-politiker\\\/#breadcrumb\"},\"inLanguage\":\"sv-SE\",\"potentialAction\":[{\"@type\":\"ReadAction\",\"target\":[\"https:\\\/\\\/wp.kristdemokraterna.se\\\/munkedal\\\/styrelsen\\\/dina-politiker\\\/\"]}]},{\"@type\":\"ImageObject\",\"inLanguage\":\"sv-SE\",\"@id\":\"https:\\\/\\\/wp.kristdemokraterna.se\\\/munkedal\\\/styrelsen\\\/dina-politiker\\\/#primaryimage\",\"url\":\"http:\\\/\\\/wp.kristdemokraterna.se\\\/munkedal\\\/files\\\/2022\\\/03\\\/kd-gruppbild-e1647182157130-300x163.jpg\",\"contentUrl\":\"http:\\\/\\\/wp.kristdemokraterna.se\\\/munkedal\\\/files\\\/2022\\\/03\\\/kd-gruppbild-e1647182157130-300x163.jpg\"},{\"@type\":\"BreadcrumbList\",\"@id\":\"https:\\\/\\\/wp.kristdemokraterna.se\\\/munkedal\\\/styrelsen\\\/dina-politiker\\\/#breadcrumb\",\"itemListElement\":[{\"@type\":\"ListItem\",\"position\":1,\"name\":\"Hem\",\"item\":\"https:\\\/\\\/wp.kristdemokraterna.se\\\/munkedal\\\/\"},{\"@type\":\"ListItem\",\"position\":2,\"name\":\"Om KD Munkedal\",\"item\":\"https:\\\/\\\/wp.kristdemokraterna.se\\\/munkedal\\\/styrelsen\\\/\"},{\"@type\":\"ListItem\",\"position\":3,\"name\":\"Dina politiker\"}]},{\"@type\":\"WebSite\",\"@id\":\"https:\\\/\\\/wp.kristdemokraterna.se\\\/munkedal\\\/#website\",\"url\":\"https:\\\/\\\/wp.kristdemokraterna.se\\\/munkedal\\\/\",\"name\":\"Kristdemokraterna i Munkedal\",\"description\":\"Hand i hand f\u00f6r framtiden\",\"inLanguage\":\"sv-SE\"}]}<\/script>\n<!-- \/ Yoast SEO plugin. -->","yoast_head_json":{"title":"Dina politiker - Kristdemokraterna i Munkedal","robots":{"index":"index","follow":"follow","max-snippet":"max-snippet:-1","max-image-preview":"max-image-preview:large","max-video-preview":"max-video-preview:-1"},"canonical":"https:\/\/wp.kristdemokraterna.se\/munkedal\/styrelsen\/dina-politiker\/","og_locale":"sv_SE","og_type":"article","og_title":"Dina politiker - Kristdemokraterna i Munkedal","og_description":"Olle Olsson Ordf\u00f6rande och gruppledare i KD Munkedal Kultur- och utbildningsn\u00e4mnden Ledamot kommunfullm\u00e4ktige valberedningen Ers\u00e4ttare kommunstyrelsen Nina Andersson Ledamot arvodesberedningen Ers\u00e4ttare kommunfullm\u00e4ktige v\u00e4lf\u00e4rdsn\u00e4mnden valn\u00e4mnden j\u00e4vsn\u00e4mnden Sabina Fremark Ledamot arvodesberedningen Ers\u00e4ttare kommunfullm\u00e4ktige v\u00e4lf\u00e4rdsn\u00e4mnden valn\u00e4mnden j\u00e4vsn\u00e4mnden Dina lokala politiker i Kristdemokraterna Munkedal Fr\u00e5n v\u00e4nster: Olle Olsson, Nina Andersson, Katarina Furufalk, Sabina Fremark och Fredrik Olsson &nbsp;","og_url":"https:\/\/wp.kristdemokraterna.se\/munkedal\/styrelsen\/dina-politiker\/","og_site_name":"Kristdemokraterna i Munkedal","article_modified_time":"2026-01-28T17:10:08+00:00","og_image":[{"width":675,"height":366,"url":"https:\/\/wp.kristdemokraterna.se\/munkedal\/files\/2022\/03\/kd-gruppbild-e1647182308208.jpg","type":"image\/jpeg"}],"twitter_card":"summary_large_image","twitter_misc":{"Ber\u00e4knad l\u00e4stid":"1 minut"},"schema":{"@context":"https:\/\/schema.org","@graph":[{"@type":"WebPage","@id":"https:\/\/wp.kristdemokraterna.se\/munkedal\/styrelsen\/dina-politiker\/","url":"https:\/\/wp.kristdemokraterna.se\/munkedal\/styrelsen\/dina-politiker\/","name":"Dina politiker - Kristdemokraterna i Munkedal","isPartOf":{"@id":"https:\/\/wp.kristdemokraterna.se\/munkedal\/#website"},"primaryImageOfPage":{"@id":"https:\/\/wp.kristdemokraterna.se\/munkedal\/styrelsen\/dina-politiker\/#primaryimage"},"image":{"@id":"https:\/\/wp.kristdemokraterna.se\/munkedal\/styrelsen\/dina-politiker\/#primaryimage"},"thumbnailUrl":"http:\/\/wp.kristdemokraterna.se\/munkedal\/files\/2022\/03\/kd-gruppbild-e1647182157130-300x163.jpg","datePublished":"2023-04-09T05:09:14+00:00","dateModified":"2026-01-28T17:10:08+00:00","breadcrumb":{"@id":"https:\/\/wp.kristdemokraterna.se\/munkedal\/styrelsen\/dina-politiker\/#breadcrumb"},"inLanguage":"sv-SE","potentialAction":[{"@type":"ReadAction","target":["https:\/\/wp.kristdemokraterna.se\/munkedal\/styrelsen\/dina-politiker\/"]}]},{"@type":"ImageObject","inLanguage":"sv-SE","@id":"https:\/\/wp.kristdemokraterna.se\/munkedal\/styrelsen\/dina-politiker\/#primaryimage","url":"http:\/\/wp.kristdemokraterna.se\/munkedal\/files\/2022\/03\/kd-gruppbild-e1647182157130-300x163.jpg","contentUrl":"http:\/\/wp.kristdemokraterna.se\/munkedal\/files\/2022\/03\/kd-gruppbild-e1647182157130-300x163.jpg"},{"@type":"BreadcrumbList","@id":"https:\/\/wp.kristdemokraterna.se\/munkedal\/styrelsen\/dina-politiker\/#breadcrumb","itemListElement":[{"@type":"ListItem","position":1,"name":"Hem","item":"https:\/\/wp.kristdemokraterna.se\/munkedal\/"},{"@type":"ListItem","position":2,"name":"Om KD Munkedal","item":"https:\/\/wp.kristdemokraterna.se\/munkedal\/styrelsen\/"},{"@type":"ListItem","position":3,"name":"Dina politiker"}]},{"@type":"WebSite","@id":"https:\/\/wp.kristdemokraterna.se\/munkedal\/#website","url":"https:\/\/wp.kristdemokraterna.se\/munkedal\/","name":"Kristdemokraterna i Munkedal","description":"Hand i hand f\u00f6r framtiden","inLanguage":"sv-SE"}]}},"_links":{"self":[{"href":"https:\/\/wp.kristdemokraterna.se\/munkedal\/wp-json\/wp\/v2\/pages\/34","targetHints":{"allow":["GET"]}}],"collection":[{"href":"https:\/\/wp.kristdemokraterna.se\/munkedal\/wp-json\/wp\/v2\/pages"}],"about":[{"href":"https:\/\/wp.kristdemokraterna.se\/munkedal\/wp-json\/wp\/v2\/types\/page"}],"author":[{"embeddable":true,"href":"https:\/\/wp.kristdemokraterna.se\/munkedal\/wp-json\/wp\/v2\/users\/801"}],"replies":[{"embeddable":true,"href":"https:\/\/wp.kristdemokraterna.se\/munkedal\/wp-json\/wp\/v2\/comments?post=34"}],"version-history":[{"count":26,"href":"https:\/\/wp.kristdemokraterna.se\/munkedal\/wp-json\/wp\/v2\/pages\/34\/revisions"}],"predecessor-version":[{"id":829,"href":"https:\/\/wp.kristdemokraterna.se\/munkedal\/wp-json\/wp\/v2\/pages\/34\/revisions\/829"}],"up":[{"embeddable":true,"href":"https:\/\/wp.kristdemokraterna.se\/munkedal\/wp-json\/wp\/v2\/pages\/31"}],"wp:attachment":[{"href":"https:\/\/wp.kristdemokraterna.se\/munkedal\/wp-json\/wp\/v2\/media?parent=34"}],"curies":[{"name":"wp","href":"https:\/\/api.w.org\/{rel}","templated":true}]}}