{"id":40,"date":"2020-02-08T10:26:45","date_gmt":"2020-02-08T09:26:45","guid":{"rendered":"http:\/\/wp.kristdemokraterna.se\/munkedal\/?page_id=40"},"modified":"2026-01-20T19:56:09","modified_gmt":"2026-01-20T18:56:09","slug":"i-kommunen","status":"publish","type":"page","link":"https:\/\/wp.kristdemokraterna.se\/munkedal\/i-kommunen\/","title":{"rendered":"Kommunen"},"content":{"rendered":"<blockquote><p><strong>Kristdemokraterna i Munkedals kommun vill:<\/strong><\/p>\n<ul>\n<li>Ge samma m\u00f6jligheter till boende i hela kommunen<\/li>\n<li>Att hela kommunen ska leva<\/li>\n<\/ul>\n<p><strong>SKOLAN:<\/strong><\/p>\n<ul>\n<li>F\u00f6rb\u00e4ttra skolresultaten i hela kommunen genom t.ex. extraundervisning f\u00f6r elever som riskerar att inte klara m\u00e5len i \u00e5rskurs 9<\/li>\n<li>Ha en v\u00e4l fungerande skola i varje kommundel: Svarteborg, S\u00f6rbygden och Munkedal<\/li>\n<\/ul>\n<p><strong>V\u00e4lf\u00e4rd:<\/strong><\/p>\n<ul>\n<li>Att alla ska ha n\u00e4rhet till \u00e4ldreboende och trygghetsboende i varje kommundel: Svarteborg, S\u00f6rbygden och Munkedal med trygghet och bra service f\u00f6r \u00e4ldre<\/li>\n<li>Dela upp nuvarande hemtj\u00e4nst i tv\u00e5 delar: en del som utf\u00f6r v\u00e5rd och den andra som utf\u00f6r hemservice t.ex. tv\u00e4tt och st\u00e4dning. Dessa delar kr\u00e4ver olika kompetenser och b\u00f6r utf\u00f6ras av den som \u00e4r utbildad f\u00f6r uppdraget.<\/li>\n<\/ul>\n<p>Kristdemokraterna vill bedriva en politik som lyssnar p\u00e5 inv\u00e5narna, samarbetar kring sakfr\u00e5gor, f\u00f6r dialog med alla som vill utveckla kommunen och driva konstruktiva fr\u00e5gor som gynnar v\u00e5r kommun och v\u00e5ra inv\u00e5nare.<\/p>\n<p>Vad brinner ni f\u00f6r?<\/p><\/blockquote>\n<p>&nbsp;<\/p>\n","protected":false},"excerpt":{"rendered":"<p>Kristdemokraterna i Munkedals kommun vill: Ge samma m\u00f6jligheter till boende i hela kommunen Att hela kommunen ska leva SKOLAN: F\u00f6rb\u00e4ttra skolresultaten i hela kommunen genom t.ex. extraundervisning f\u00f6r elever som riskerar att inte klara m\u00e5len i \u00e5rskurs 9 Ha en v\u00e4l fungerande skola i varje kommundel: Svarteborg, S\u00f6rbygden och Munkedal V\u00e4lf\u00e4rd: Att alla ska ha <a class=\"read-more-link\" href=\"https:\/\/wp.kristdemokraterna.se\/munkedal\/i-kommunen\/\">Read More<\/a><\/p>\n","protected":false},"author":801,"featured_media":0,"parent":0,"menu_order":7,"comment_status":"closed","ping_status":"closed","template":"","meta":{"_acf_changed":false,"footnotes":""},"class_list":["post-40","page","type-page","status-publish","hentry"],"acf":[],"yoast_head":"<!-- This site is optimized with the Yoast SEO plugin v27.4 - https:\/\/yoast.com\/product\/yoast-seo-wordpress\/ -->\n<title>Kommunen - Kristdemokraterna i Munkedal<\/title>\n<meta name=\"robots\" content=\"index, follow, max-snippet:-1, max-image-preview:large, max-video-preview:-1\" \/>\n<link rel=\"canonical\" href=\"https:\/\/wp.kristdemokraterna.se\/munkedal\/i-kommunen\/\" \/>\n<meta property=\"og:locale\" content=\"sv_SE\" \/>\n<meta property=\"og:type\" content=\"article\" \/>\n<meta property=\"og:title\" content=\"Kommunen - Kristdemokraterna i Munkedal\" \/>\n<meta property=\"og:description\" content=\"Kristdemokraterna i Munkedals kommun vill: Ge samma m\u00f6jligheter till boende i hela kommunen Att hela kommunen ska leva SKOLAN: F\u00f6rb\u00e4ttra skolresultaten i hela kommunen genom t.ex. extraundervisning f\u00f6r elever som riskerar att inte klara m\u00e5len i \u00e5rskurs 9 Ha en v\u00e4l fungerande skola i varje kommundel: Svarteborg, S\u00f6rbygden och Munkedal V\u00e4lf\u00e4rd: Att alla ska ha Read More\" \/>\n<meta property=\"og:url\" content=\"https:\/\/wp.kristdemokraterna.se\/munkedal\/i-kommunen\/\" \/>\n<meta property=\"og:site_name\" content=\"Kristdemokraterna i Munkedal\" \/>\n<meta property=\"article:modified_time\" content=\"2026-01-20T18:56:09+00:00\" \/>\n<meta name=\"twitter:card\" content=\"summary_large_image\" \/>\n<script type=\"application\/ld+json\" class=\"yoast-schema-graph\">{\"@context\":\"https:\\\/\\\/schema.org\",\"@graph\":[{\"@type\":\"WebPage\",\"@id\":\"https:\\\/\\\/wp.kristdemokraterna.se\\\/munkedal\\\/i-kommunen\\\/\",\"url\":\"https:\\\/\\\/wp.kristdemokraterna.se\\\/munkedal\\\/i-kommunen\\\/\",\"name\":\"Kommunen - Kristdemokraterna i Munkedal\",\"isPartOf\":{\"@id\":\"https:\\\/\\\/wp.kristdemokraterna.se\\\/munkedal\\\/#website\"},\"datePublished\":\"2020-02-08T09:26:45+00:00\",\"dateModified\":\"2026-01-20T18:56:09+00:00\",\"breadcrumb\":{\"@id\":\"https:\\\/\\\/wp.kristdemokraterna.se\\\/munkedal\\\/i-kommunen\\\/#breadcrumb\"},\"inLanguage\":\"sv-SE\",\"potentialAction\":[{\"@type\":\"ReadAction\",\"target\":[\"https:\\\/\\\/wp.kristdemokraterna.se\\\/munkedal\\\/i-kommunen\\\/\"]}]},{\"@type\":\"BreadcrumbList\",\"@id\":\"https:\\\/\\\/wp.kristdemokraterna.se\\\/munkedal\\\/i-kommunen\\\/#breadcrumb\",\"itemListElement\":[{\"@type\":\"ListItem\",\"position\":1,\"name\":\"Hem\",\"item\":\"https:\\\/\\\/wp.kristdemokraterna.se\\\/munkedal\\\/\"},{\"@type\":\"ListItem\",\"position\":2,\"name\":\"Kommunen\"}]},{\"@type\":\"WebSite\",\"@id\":\"https:\\\/\\\/wp.kristdemokraterna.se\\\/munkedal\\\/#website\",\"url\":\"https:\\\/\\\/wp.kristdemokraterna.se\\\/munkedal\\\/\",\"name\":\"Kristdemokraterna i Munkedal\",\"description\":\"Hand i hand f\u00f6r framtiden\",\"inLanguage\":\"sv-SE\"}]}<\/script>\n<!-- \/ Yoast SEO plugin. -->","yoast_head_json":{"title":"Kommunen - Kristdemokraterna i Munkedal","robots":{"index":"index","follow":"follow","max-snippet":"max-snippet:-1","max-image-preview":"max-image-preview:large","max-video-preview":"max-video-preview:-1"},"canonical":"https:\/\/wp.kristdemokraterna.se\/munkedal\/i-kommunen\/","og_locale":"sv_SE","og_type":"article","og_title":"Kommunen - Kristdemokraterna i Munkedal","og_description":"Kristdemokraterna i Munkedals kommun vill: Ge samma m\u00f6jligheter till boende i hela kommunen Att hela kommunen ska leva SKOLAN: F\u00f6rb\u00e4ttra skolresultaten i hela kommunen genom t.ex. extraundervisning f\u00f6r elever som riskerar att inte klara m\u00e5len i \u00e5rskurs 9 Ha en v\u00e4l fungerande skola i varje kommundel: Svarteborg, S\u00f6rbygden och Munkedal V\u00e4lf\u00e4rd: Att alla ska ha Read More","og_url":"https:\/\/wp.kristdemokraterna.se\/munkedal\/i-kommunen\/","og_site_name":"Kristdemokraterna i Munkedal","article_modified_time":"2026-01-20T18:56:09+00:00","twitter_card":"summary_large_image","schema":{"@context":"https:\/\/schema.org","@graph":[{"@type":"WebPage","@id":"https:\/\/wp.kristdemokraterna.se\/munkedal\/i-kommunen\/","url":"https:\/\/wp.kristdemokraterna.se\/munkedal\/i-kommunen\/","name":"Kommunen - Kristdemokraterna i Munkedal","isPartOf":{"@id":"https:\/\/wp.kristdemokraterna.se\/munkedal\/#website"},"datePublished":"2020-02-08T09:26:45+00:00","dateModified":"2026-01-20T18:56:09+00:00","breadcrumb":{"@id":"https:\/\/wp.kristdemokraterna.se\/munkedal\/i-kommunen\/#breadcrumb"},"inLanguage":"sv-SE","potentialAction":[{"@type":"ReadAction","target":["https:\/\/wp.kristdemokraterna.se\/munkedal\/i-kommunen\/"]}]},{"@type":"BreadcrumbList","@id":"https:\/\/wp.kristdemokraterna.se\/munkedal\/i-kommunen\/#breadcrumb","itemListElement":[{"@type":"ListItem","position":1,"name":"Hem","item":"https:\/\/wp.kristdemokraterna.se\/munkedal\/"},{"@type":"ListItem","position":2,"name":"Kommunen"}]},{"@type":"WebSite","@id":"https:\/\/wp.kristdemokraterna.se\/munkedal\/#website","url":"https:\/\/wp.kristdemokraterna.se\/munkedal\/","name":"Kristdemokraterna i Munkedal","description":"Hand i hand f\u00f6r framtiden","inLanguage":"sv-SE"}]}},"_links":{"self":[{"href":"https:\/\/wp.kristdemokraterna.se\/munkedal\/wp-json\/wp\/v2\/pages\/40","targetHints":{"allow":["GET"]}}],"collection":[{"href":"https:\/\/wp.kristdemokraterna.se\/munkedal\/wp-json\/wp\/v2\/pages"}],"about":[{"href":"https:\/\/wp.kristdemokraterna.se\/munkedal\/wp-json\/wp\/v2\/types\/page"}],"author":[{"embeddable":true,"href":"https:\/\/wp.kristdemokraterna.se\/munkedal\/wp-json\/wp\/v2\/users\/801"}],"replies":[{"embeddable":true,"href":"https:\/\/wp.kristdemokraterna.se\/munkedal\/wp-json\/wp\/v2\/comments?post=40"}],"version-history":[{"count":9,"href":"https:\/\/wp.kristdemokraterna.se\/munkedal\/wp-json\/wp\/v2\/pages\/40\/revisions"}],"predecessor-version":[{"id":823,"href":"https:\/\/wp.kristdemokraterna.se\/munkedal\/wp-json\/wp\/v2\/pages\/40\/revisions\/823"}],"wp:attachment":[{"href":"https:\/\/wp.kristdemokraterna.se\/munkedal\/wp-json\/wp\/v2\/media?parent=40"}],"curies":[{"name":"wp","href":"https:\/\/api.w.org\/{rel}","templated":true}]}}