{"id":830,"date":"2026-01-28T18:18:17","date_gmt":"2026-01-28T17:18:17","guid":{"rendered":"https:\/\/wp.kristdemokraterna.se\/munkedal\/?page_id=830"},"modified":"2026-01-28T18:20:59","modified_gmt":"2026-01-28T17:20:59","slug":"skolan-i-munkedal","status":"publish","type":"page","link":"https:\/\/wp.kristdemokraterna.se\/munkedal\/i-kommunen\/skolan-i-munkedal\/","title":{"rendered":"Skolan i Munkedal"},"content":{"rendered":"<div class=\"elementToProof\">Det \u00e4r av st\u00f6rsta vikt att vi bygger <b>en <\/b>ny F-6 skola f\u00f6r centrala Munkedal s\u00e5 snart som m\u00f6jligt.<\/div>\n<ol>\n<li class=\"elementToProof\">All forskning visar att skolbyten inte \u00e4r bra f\u00f6r v\u00e5ra elever, d\u00e4rf\u00f6r \u00e4r det viktigt med en F-6 skola.<\/li>\n<li class=\"elementToProof\">F\u00f6r att i framtiden ha r\u00e5d att ha kvar v\u00e5ra sm\u00e5 skolor utanf\u00f6r t\u00e4torten beh\u00f6ver vi koncentrera till en F-6 skola i t\u00e4torten.<\/li>\n<li class=\"elementToProof\">B\u00e5de v\u00e5ra elever och pedagoger i t\u00e4torten \u00e4r v\u00e4rda b\u00e4ttre lokaler. En b\u00e4ttre utbildningsmilj\u00f6 skapar trygghet, minskar utanf\u00f6rskap och personalen f\u00e5r arbeta i mer \u00e4ndam\u00e5lsenliga lokaler med fokus p\u00e5 l\u00e4randet ist\u00e4llet f\u00f6r saker som st\u00f6r ut den pedagogiska id\u00e9n.<\/li>\n<\/ol>\n<p>&nbsp;<\/p>\n<p>&nbsp;<\/p>\n","protected":false},"excerpt":{"rendered":"<p>Det \u00e4r av st\u00f6rsta vikt att vi bygger en ny F-6 skola f\u00f6r centrala Munkedal s\u00e5 snart som m\u00f6jligt. All forskning visar att skolbyten inte \u00e4r bra f\u00f6r v\u00e5ra elever, d\u00e4rf\u00f6r \u00e4r det viktigt med en F-6 skola. F\u00f6r att i framtiden ha r\u00e5d att ha kvar v\u00e5ra sm\u00e5 skolor utanf\u00f6r t\u00e4torten beh\u00f6ver vi koncentrera <a class=\"read-more-link\" href=\"https:\/\/wp.kristdemokraterna.se\/munkedal\/i-kommunen\/skolan-i-munkedal\/\">Read More<\/a><\/p>\n","protected":false},"author":801,"featured_media":0,"parent":40,"menu_order":0,"comment_status":"closed","ping_status":"closed","template":"","meta":{"_acf_changed":false,"footnotes":""},"class_list":["post-830","page","type-page","status-publish","hentry"],"acf":[],"yoast_head":"<!-- This site is optimized with the Yoast SEO plugin v27.4 - https:\/\/yoast.com\/product\/yoast-seo-wordpress\/ -->\n<title>Skolan i Munkedal - Kristdemokraterna i Munkedal<\/title>\n<meta name=\"robots\" content=\"index, follow, max-snippet:-1, max-image-preview:large, max-video-preview:-1\" \/>\n<link rel=\"canonical\" href=\"https:\/\/wp.kristdemokraterna.se\/munkedal\/i-kommunen\/skolan-i-munkedal\/\" \/>\n<meta property=\"og:locale\" content=\"sv_SE\" \/>\n<meta property=\"og:type\" content=\"article\" \/>\n<meta property=\"og:title\" content=\"Skolan i Munkedal - Kristdemokraterna i Munkedal\" \/>\n<meta property=\"og:description\" content=\"Det \u00e4r av st\u00f6rsta vikt att vi bygger en ny F-6 skola f\u00f6r centrala Munkedal s\u00e5 snart som m\u00f6jligt. All forskning visar att skolbyten inte \u00e4r bra f\u00f6r v\u00e5ra elever, d\u00e4rf\u00f6r \u00e4r det viktigt med en F-6 skola. F\u00f6r att i framtiden ha r\u00e5d att ha kvar v\u00e5ra sm\u00e5 skolor utanf\u00f6r t\u00e4torten beh\u00f6ver vi koncentrera Read More\" \/>\n<meta property=\"og:url\" content=\"https:\/\/wp.kristdemokraterna.se\/munkedal\/i-kommunen\/skolan-i-munkedal\/\" \/>\n<meta property=\"og:site_name\" content=\"Kristdemokraterna i Munkedal\" \/>\n<meta property=\"article:modified_time\" content=\"2026-01-28T17:20:59+00:00\" \/>\n<meta name=\"twitter:card\" content=\"summary_large_image\" \/>\n<meta name=\"twitter:label1\" content=\"Ber\u00e4knad l\u00e4stid\" \/>\n\t<meta name=\"twitter:data1\" content=\"1 minut\" \/>\n<script type=\"application\/ld+json\" class=\"yoast-schema-graph\">{\"@context\":\"https:\\\/\\\/schema.org\",\"@graph\":[{\"@type\":\"WebPage\",\"@id\":\"https:\\\/\\\/wp.kristdemokraterna.se\\\/munkedal\\\/i-kommunen\\\/skolan-i-munkedal\\\/\",\"url\":\"https:\\\/\\\/wp.kristdemokraterna.se\\\/munkedal\\\/i-kommunen\\\/skolan-i-munkedal\\\/\",\"name\":\"Skolan i Munkedal - Kristdemokraterna i Munkedal\",\"isPartOf\":{\"@id\":\"https:\\\/\\\/wp.kristdemokraterna.se\\\/munkedal\\\/#website\"},\"datePublished\":\"2026-01-28T17:18:17+00:00\",\"dateModified\":\"2026-01-28T17:20:59+00:00\",\"breadcrumb\":{\"@id\":\"https:\\\/\\\/wp.kristdemokraterna.se\\\/munkedal\\\/i-kommunen\\\/skolan-i-munkedal\\\/#breadcrumb\"},\"inLanguage\":\"sv-SE\",\"potentialAction\":[{\"@type\":\"ReadAction\",\"target\":[\"https:\\\/\\\/wp.kristdemokraterna.se\\\/munkedal\\\/i-kommunen\\\/skolan-i-munkedal\\\/\"]}]},{\"@type\":\"BreadcrumbList\",\"@id\":\"https:\\\/\\\/wp.kristdemokraterna.se\\\/munkedal\\\/i-kommunen\\\/skolan-i-munkedal\\\/#breadcrumb\",\"itemListElement\":[{\"@type\":\"ListItem\",\"position\":1,\"name\":\"Hem\",\"item\":\"https:\\\/\\\/wp.kristdemokraterna.se\\\/munkedal\\\/\"},{\"@type\":\"ListItem\",\"position\":2,\"name\":\"Kommunen\",\"item\":\"https:\\\/\\\/wp.kristdemokraterna.se\\\/munkedal\\\/i-kommunen\\\/\"},{\"@type\":\"ListItem\",\"position\":3,\"name\":\"Skolan i Munkedal\"}]},{\"@type\":\"WebSite\",\"@id\":\"https:\\\/\\\/wp.kristdemokraterna.se\\\/munkedal\\\/#website\",\"url\":\"https:\\\/\\\/wp.kristdemokraterna.se\\\/munkedal\\\/\",\"name\":\"Kristdemokraterna i Munkedal\",\"description\":\"Hand i hand f\u00f6r framtiden\",\"inLanguage\":\"sv-SE\"}]}<\/script>\n<!-- \/ Yoast SEO plugin. -->","yoast_head_json":{"title":"Skolan i Munkedal - Kristdemokraterna i Munkedal","robots":{"index":"index","follow":"follow","max-snippet":"max-snippet:-1","max-image-preview":"max-image-preview:large","max-video-preview":"max-video-preview:-1"},"canonical":"https:\/\/wp.kristdemokraterna.se\/munkedal\/i-kommunen\/skolan-i-munkedal\/","og_locale":"sv_SE","og_type":"article","og_title":"Skolan i Munkedal - Kristdemokraterna i Munkedal","og_description":"Det \u00e4r av st\u00f6rsta vikt att vi bygger en ny F-6 skola f\u00f6r centrala Munkedal s\u00e5 snart som m\u00f6jligt. All forskning visar att skolbyten inte \u00e4r bra f\u00f6r v\u00e5ra elever, d\u00e4rf\u00f6r \u00e4r det viktigt med en F-6 skola. F\u00f6r att i framtiden ha r\u00e5d att ha kvar v\u00e5ra sm\u00e5 skolor utanf\u00f6r t\u00e4torten beh\u00f6ver vi koncentrera Read More","og_url":"https:\/\/wp.kristdemokraterna.se\/munkedal\/i-kommunen\/skolan-i-munkedal\/","og_site_name":"Kristdemokraterna i Munkedal","article_modified_time":"2026-01-28T17:20:59+00:00","twitter_card":"summary_large_image","twitter_misc":{"Ber\u00e4knad l\u00e4stid":"1 minut"},"schema":{"@context":"https:\/\/schema.org","@graph":[{"@type":"WebPage","@id":"https:\/\/wp.kristdemokraterna.se\/munkedal\/i-kommunen\/skolan-i-munkedal\/","url":"https:\/\/wp.kristdemokraterna.se\/munkedal\/i-kommunen\/skolan-i-munkedal\/","name":"Skolan i Munkedal - Kristdemokraterna i Munkedal","isPartOf":{"@id":"https:\/\/wp.kristdemokraterna.se\/munkedal\/#website"},"datePublished":"2026-01-28T17:18:17+00:00","dateModified":"2026-01-28T17:20:59+00:00","breadcrumb":{"@id":"https:\/\/wp.kristdemokraterna.se\/munkedal\/i-kommunen\/skolan-i-munkedal\/#breadcrumb"},"inLanguage":"sv-SE","potentialAction":[{"@type":"ReadAction","target":["https:\/\/wp.kristdemokraterna.se\/munkedal\/i-kommunen\/skolan-i-munkedal\/"]}]},{"@type":"BreadcrumbList","@id":"https:\/\/wp.kristdemokraterna.se\/munkedal\/i-kommunen\/skolan-i-munkedal\/#breadcrumb","itemListElement":[{"@type":"ListItem","position":1,"name":"Hem","item":"https:\/\/wp.kristdemokraterna.se\/munkedal\/"},{"@type":"ListItem","position":2,"name":"Kommunen","item":"https:\/\/wp.kristdemokraterna.se\/munkedal\/i-kommunen\/"},{"@type":"ListItem","position":3,"name":"Skolan i Munkedal"}]},{"@type":"WebSite","@id":"https:\/\/wp.kristdemokraterna.se\/munkedal\/#website","url":"https:\/\/wp.kristdemokraterna.se\/munkedal\/","name":"Kristdemokraterna i Munkedal","description":"Hand i hand f\u00f6r framtiden","inLanguage":"sv-SE"}]}},"_links":{"self":[{"href":"https:\/\/wp.kristdemokraterna.se\/munkedal\/wp-json\/wp\/v2\/pages\/830","targetHints":{"allow":["GET"]}}],"collection":[{"href":"https:\/\/wp.kristdemokraterna.se\/munkedal\/wp-json\/wp\/v2\/pages"}],"about":[{"href":"https:\/\/wp.kristdemokraterna.se\/munkedal\/wp-json\/wp\/v2\/types\/page"}],"author":[{"embeddable":true,"href":"https:\/\/wp.kristdemokraterna.se\/munkedal\/wp-json\/wp\/v2\/users\/801"}],"replies":[{"embeddable":true,"href":"https:\/\/wp.kristdemokraterna.se\/munkedal\/wp-json\/wp\/v2\/comments?post=830"}],"version-history":[{"count":5,"href":"https:\/\/wp.kristdemokraterna.se\/munkedal\/wp-json\/wp\/v2\/pages\/830\/revisions"}],"predecessor-version":[{"id":835,"href":"https:\/\/wp.kristdemokraterna.se\/munkedal\/wp-json\/wp\/v2\/pages\/830\/revisions\/835"}],"up":[{"embeddable":true,"href":"https:\/\/wp.kristdemokraterna.se\/munkedal\/wp-json\/wp\/v2\/pages\/40"}],"wp:attachment":[{"href":"https:\/\/wp.kristdemokraterna.se\/munkedal\/wp-json\/wp\/v2\/media?parent=830"}],"curies":[{"name":"wp","href":"https:\/\/api.w.org\/{rel}","templated":true}]}}