{"id":1390,"date":"2026-03-26T12:56:46","date_gmt":"2026-03-26T11:56:46","guid":{"rendered":"https:\/\/wp.kristdemokraterna.se\/nacka\/?page_id=1390"},"modified":"2026-03-26T14:05:48","modified_gmt":"2026-03-26T13:05:48","slug":"vara-hjartefragor","status":"publish","type":"page","link":"https:\/\/wp.kristdemokraterna.se\/nacka\/vara-hjartefragor\/","title":{"rendered":"Detta vill vi i Nacka"},"content":{"rendered":"<p><span style=\"font-weight: 400\"><strong>Kristdemokraterna tror p\u00e5 m\u00e4nniskan f\u00f6re systemet<\/strong>. N\u00e4r m\u00e4nniskor ges frihet och ansvar, n\u00e4r familjer st\u00e4rks och f\u00f6reningar blomstrar, d\u00e5 byggs ett samh\u00e4lle som h\u00e5ller ocks\u00e5 n\u00e4r det bl\u00e5ser.\u00a0<\/span><\/p>\n<p><span style=\"font-weight: 400\"><strong>Detta program handlar ytterst om vilket samh\u00e4lle vi vill leva i tillsammans.<\/strong> Om ett Nacka d\u00e4r m\u00e4nniskor inte bara bor, utan lever \u2013 d\u00e4r familjer f\u00e5r v\u00e4xa, d\u00e4r f\u00f6retag kan utvecklas, d\u00e4r f\u00f6reningslivet blomstrar och d\u00e4r \u00e4ldre m\u00f6ts med v\u00e4rdighet och respekt.<\/span><\/p>\n<p><span style=\"font-weight: 400\"><strong>Vi tror att ett starkt samh\u00e4lle inte byggs uppifr\u00e5n, utan underifr\u00e5n.<\/strong> N\u00e4r m\u00e4nniskor ges frihet och ansvar, n\u00e4r gemenskaper f\u00e5r v\u00e4xa och n\u00e4r politiken fokuserar p\u00e5 det som verkligen \u00e4r viktigt, d\u00e5 skapas ett Nacka som h\u00e5ller \u2013 b\u00e5de i vardagen och n\u00e4r det pr\u00f6vas.<\/span><\/p>\n<p><span style=\"font-weight: 400\"><strong>Det \u00e4r med den \u00f6vertygelsen vi vill leda Nacka fram\u00e5t.<\/strong> Med respekt f\u00f6r det som byggts upp, med ansvar f\u00f6r det som ska f\u00f6rvaltas och med en tydlig vilja att utveckla Nacka till en \u00e4nnu b\u00e4ttre kommun f\u00f6r alla som lever h\u00e4r.<\/span><\/p>\n<h3>H\u00e4r ser du vad vi vill inom f\u00f6ljande omr\u00e5den:<\/h3>\n<p><a href=\"https:\/\/wp.kristdemokraterna.se\/nacka\/en-familjeorienterad-politik\/\"><b>Familjen i centrum<\/b><\/a><\/p>\n<p><a href=\"https:\/\/wp.kristdemokraterna.se\/nacka\/insatser-mot-ensamhet-och-psykisk-ohalsa\/\"><b>Insatser mot ensamhet och psykisk oh\u00e4lsa<\/b><\/a><\/p>\n<p><a href=\"https:\/\/wp.kristdemokraterna.se\/nacka\/aldres-trygghet\/\"><strong>\u00c4ldres trygghet<\/strong><\/a><\/p>\n<p><a href=\"https:\/\/wp.kristdemokraterna.se\/nacka\/ett-nacka-for-alla-oavsett-funktionsformaga\/\"><strong>Ett Nacka f\u00f6r alla &#8211; oavsett funktionsf\u00f6rm\u00e5ga<\/strong><\/a><\/p>\n<p><a href=\"https:\/\/wp.kristdemokraterna.se\/nacka\/en-tillganglig-vard-for-alla\/\"><b>En tillg\u00e4nglig v\u00e5rd f\u00f6r alla<\/b><\/a><\/p>\n<p><a href=\"https:\/\/wp.kristdemokraterna.se\/nacka\/trygg-skola-med-ratt-stod\/\"><b>Trygg skola med r\u00e4tt st\u00f6d<\/b><\/a><\/p>\n<p><a href=\"https:\/\/wp.kristdemokraterna.se\/nacka\/idrott-och-fritid-for-ett-halsosammare-nacka\/\"><b>Idrott och fritid f\u00f6r ett h\u00e4lsosammare Nacka<\/b><\/a><\/p>\n<p><a href=\"https:\/\/wp.kristdemokraterna.se\/nacka\/smaskalig-stadsutveckling-och-smahus\/\"><b>Sm\u00e5skalig stadsutveckling och sm\u00e5hus<\/b><\/a><\/p>\n<p><a href=\"https:\/\/wp.kristdemokraterna.se\/nacka\/trafik-och-framkomlighet\/\"><b>Trafik och framkomlighet<\/b><\/a><\/p>\n<p><a href=\"https:\/\/wp.kristdemokraterna.se\/nacka\/bevara-vart-grona-nacka\/\"><b>Bevara v\u00e5rt gr\u00f6na Nacka<\/b><\/a><\/p>\n<p><a href=\"https:\/\/wp.kristdemokraterna.se\/nacka\/trygghet-vid-allvarliga-kriser\/\"><b>Trygghet vid allvarliga kriser<\/b><\/a><\/p>\n<p><a href=\"https:\/\/wp.kristdemokraterna.se\/nacka\/smaforetag-och-lokala-arbetsplatser\/\"><b>Sm\u00e5f\u00f6retag och lokala arbetsplatser<\/b><\/a><\/p>\n<p><a href=\"https:\/\/wp.kristdemokraterna.se\/nacka\/ekonomin-och-effekten-i-din-planbok\/\"><strong>Ekonomin och effekten i din pl\u00e5nbok<\/strong><\/a><\/p>\n<p>&nbsp;<\/p>\n<p>&nbsp;<\/p>\n","protected":false},"excerpt":{"rendered":"<p>Kristdemokraterna tror p\u00e5 m\u00e4nniskan f\u00f6re systemet. N\u00e4r m\u00e4nniskor ges frihet och ansvar, n\u00e4r familjer st\u00e4rks och f\u00f6reningar blomstrar, d\u00e5 byggs ett samh\u00e4lle som h\u00e5ller ocks\u00e5 n\u00e4r det bl\u00e5ser.\u00a0 Detta program handlar ytterst om vilket samh\u00e4lle vi vill leva i tillsammans. Om ett Nacka d\u00e4r m\u00e4nniskor inte bara bor, utan lever \u2013 d\u00e4r familjer f\u00e5r v\u00e4xa, <a class=\"read-more-link\" href=\"https:\/\/wp.kristdemokraterna.se\/nacka\/vara-hjartefragor\/\">L\u00e4s mer<\/a><\/p>\n","protected":false},"author":789,"featured_media":0,"parent":0,"menu_order":0,"comment_status":"closed","ping_status":"closed","template":"","meta":{"_acf_changed":false,"footnotes":""},"class_list":["post-1390","page","type-page","status-publish","hentry"],"acf":[],"yoast_head":"<!-- This site is optimized with the Yoast SEO plugin v27.4 - https:\/\/yoast.com\/product\/yoast-seo-wordpress\/ -->\n<title>Detta vill vi i Nacka - Kristdemokraterna i Nacka<\/title>\n<meta name=\"robots\" content=\"index, follow, max-snippet:-1, max-image-preview:large, max-video-preview:-1\" \/>\n<link rel=\"canonical\" href=\"https:\/\/wp.kristdemokraterna.se\/nacka\/vara-hjartefragor\/\" \/>\n<meta property=\"og:locale\" content=\"sv_SE\" \/>\n<meta property=\"og:type\" content=\"article\" \/>\n<meta property=\"og:title\" content=\"Detta vill vi i Nacka - Kristdemokraterna i Nacka\" \/>\n<meta property=\"og:description\" content=\"Kristdemokraterna tror p\u00e5 m\u00e4nniskan f\u00f6re systemet. N\u00e4r m\u00e4nniskor ges frihet och ansvar, n\u00e4r familjer st\u00e4rks och f\u00f6reningar blomstrar, d\u00e5 byggs ett samh\u00e4lle som h\u00e5ller ocks\u00e5 n\u00e4r det bl\u00e5ser.\u00a0 Detta program handlar ytterst om vilket samh\u00e4lle vi vill leva i tillsammans. Om ett Nacka d\u00e4r m\u00e4nniskor inte bara bor, utan lever \u2013 d\u00e4r familjer f\u00e5r v\u00e4xa, L\u00e4s mer\" \/>\n<meta property=\"og:url\" content=\"https:\/\/wp.kristdemokraterna.se\/nacka\/vara-hjartefragor\/\" \/>\n<meta property=\"og:site_name\" content=\"Kristdemokraterna i Nacka\" \/>\n<meta property=\"article:modified_time\" content=\"2026-03-26T13:05:48+00:00\" \/>\n<meta name=\"twitter:card\" content=\"summary_large_image\" \/>\n<meta name=\"twitter:label1\" content=\"Ber\u00e4knad l\u00e4stid\" \/>\n\t<meta name=\"twitter:data1\" content=\"2 minuter\" \/>\n<script type=\"application\/ld+json\" class=\"yoast-schema-graph\">{\"@context\":\"https:\\\/\\\/schema.org\",\"@graph\":[{\"@type\":\"WebPage\",\"@id\":\"https:\\\/\\\/wp.kristdemokraterna.se\\\/nacka\\\/vara-hjartefragor\\\/\",\"url\":\"https:\\\/\\\/wp.kristdemokraterna.se\\\/nacka\\\/vara-hjartefragor\\\/\",\"name\":\"Detta vill vi i Nacka - Kristdemokraterna i Nacka\",\"isPartOf\":{\"@id\":\"https:\\\/\\\/wp.kristdemokraterna.se\\\/nacka\\\/#website\"},\"datePublished\":\"2026-03-26T11:56:46+00:00\",\"dateModified\":\"2026-03-26T13:05:48+00:00\",\"breadcrumb\":{\"@id\":\"https:\\\/\\\/wp.kristdemokraterna.se\\\/nacka\\\/vara-hjartefragor\\\/#breadcrumb\"},\"inLanguage\":\"sv-SE\",\"potentialAction\":[{\"@type\":\"ReadAction\",\"target\":[\"https:\\\/\\\/wp.kristdemokraterna.se\\\/nacka\\\/vara-hjartefragor\\\/\"]}]},{\"@type\":\"BreadcrumbList\",\"@id\":\"https:\\\/\\\/wp.kristdemokraterna.se\\\/nacka\\\/vara-hjartefragor\\\/#breadcrumb\",\"itemListElement\":[{\"@type\":\"ListItem\",\"position\":1,\"name\":\"Hem\",\"item\":\"https:\\\/\\\/wp.kristdemokraterna.se\\\/nacka\\\/\"},{\"@type\":\"ListItem\",\"position\":2,\"name\":\"Detta vill vi i Nacka\"}]},{\"@type\":\"WebSite\",\"@id\":\"https:\\\/\\\/wp.kristdemokraterna.se\\\/nacka\\\/#website\",\"url\":\"https:\\\/\\\/wp.kristdemokraterna.se\\\/nacka\\\/\",\"name\":\"Kristdemokraterna i Nacka\",\"description\":\"Vi \u00e4r hj\u00e4rtat till h\u00f6ger\",\"inLanguage\":\"sv-SE\"}]}<\/script>\n<!-- \/ Yoast SEO plugin. -->","yoast_head_json":{"title":"Detta vill vi i Nacka - Kristdemokraterna i Nacka","robots":{"index":"index","follow":"follow","max-snippet":"max-snippet:-1","max-image-preview":"max-image-preview:large","max-video-preview":"max-video-preview:-1"},"canonical":"https:\/\/wp.kristdemokraterna.se\/nacka\/vara-hjartefragor\/","og_locale":"sv_SE","og_type":"article","og_title":"Detta vill vi i Nacka - Kristdemokraterna i Nacka","og_description":"Kristdemokraterna tror p\u00e5 m\u00e4nniskan f\u00f6re systemet. N\u00e4r m\u00e4nniskor ges frihet och ansvar, n\u00e4r familjer st\u00e4rks och f\u00f6reningar blomstrar, d\u00e5 byggs ett samh\u00e4lle som h\u00e5ller ocks\u00e5 n\u00e4r det bl\u00e5ser.\u00a0 Detta program handlar ytterst om vilket samh\u00e4lle vi vill leva i tillsammans. Om ett Nacka d\u00e4r m\u00e4nniskor inte bara bor, utan lever \u2013 d\u00e4r familjer f\u00e5r v\u00e4xa, L\u00e4s mer","og_url":"https:\/\/wp.kristdemokraterna.se\/nacka\/vara-hjartefragor\/","og_site_name":"Kristdemokraterna i Nacka","article_modified_time":"2026-03-26T13:05:48+00:00","twitter_card":"summary_large_image","twitter_misc":{"Ber\u00e4knad l\u00e4stid":"2 minuter"},"schema":{"@context":"https:\/\/schema.org","@graph":[{"@type":"WebPage","@id":"https:\/\/wp.kristdemokraterna.se\/nacka\/vara-hjartefragor\/","url":"https:\/\/wp.kristdemokraterna.se\/nacka\/vara-hjartefragor\/","name":"Detta vill vi i Nacka - Kristdemokraterna i Nacka","isPartOf":{"@id":"https:\/\/wp.kristdemokraterna.se\/nacka\/#website"},"datePublished":"2026-03-26T11:56:46+00:00","dateModified":"2026-03-26T13:05:48+00:00","breadcrumb":{"@id":"https:\/\/wp.kristdemokraterna.se\/nacka\/vara-hjartefragor\/#breadcrumb"},"inLanguage":"sv-SE","potentialAction":[{"@type":"ReadAction","target":["https:\/\/wp.kristdemokraterna.se\/nacka\/vara-hjartefragor\/"]}]},{"@type":"BreadcrumbList","@id":"https:\/\/wp.kristdemokraterna.se\/nacka\/vara-hjartefragor\/#breadcrumb","itemListElement":[{"@type":"ListItem","position":1,"name":"Hem","item":"https:\/\/wp.kristdemokraterna.se\/nacka\/"},{"@type":"ListItem","position":2,"name":"Detta vill vi i Nacka"}]},{"@type":"WebSite","@id":"https:\/\/wp.kristdemokraterna.se\/nacka\/#website","url":"https:\/\/wp.kristdemokraterna.se\/nacka\/","name":"Kristdemokraterna i Nacka","description":"Vi \u00e4r hj\u00e4rtat till h\u00f6ger","inLanguage":"sv-SE"}]}},"_links":{"self":[{"href":"https:\/\/wp.kristdemokraterna.se\/nacka\/wp-json\/wp\/v2\/pages\/1390","targetHints":{"allow":["GET"]}}],"collection":[{"href":"https:\/\/wp.kristdemokraterna.se\/nacka\/wp-json\/wp\/v2\/pages"}],"about":[{"href":"https:\/\/wp.kristdemokraterna.se\/nacka\/wp-json\/wp\/v2\/types\/page"}],"author":[{"embeddable":true,"href":"https:\/\/wp.kristdemokraterna.se\/nacka\/wp-json\/wp\/v2\/users\/789"}],"replies":[{"embeddable":true,"href":"https:\/\/wp.kristdemokraterna.se\/nacka\/wp-json\/wp\/v2\/comments?post=1390"}],"version-history":[{"count":10,"href":"https:\/\/wp.kristdemokraterna.se\/nacka\/wp-json\/wp\/v2\/pages\/1390\/revisions"}],"predecessor-version":[{"id":1443,"href":"https:\/\/wp.kristdemokraterna.se\/nacka\/wp-json\/wp\/v2\/pages\/1390\/revisions\/1443"}],"wp:attachment":[{"href":"https:\/\/wp.kristdemokraterna.se\/nacka\/wp-json\/wp\/v2\/media?parent=1390"}],"curies":[{"name":"wp","href":"https:\/\/api.w.org\/{rel}","templated":true}]}}