{"id":1400,"date":"2026-03-26T12:20:01","date_gmt":"2026-03-26T11:20:01","guid":{"rendered":"https:\/\/wp.kristdemokraterna.se\/nacka\/?page_id=1400"},"modified":"2026-05-05T19:19:18","modified_gmt":"2026-05-05T17:19:18","slug":"aldres-trygghet","status":"publish","type":"page","link":"https:\/\/wp.kristdemokraterna.se\/nacka\/aldres-trygghet\/","title":{"rendered":"En v\u00e4rdig \u00e5lderdom"},"content":{"rendered":"<p><span style=\"font-weight: 400\">Varje m\u00e4nniska f\u00f6rtj\u00e4nar en \u00e5lderdom pr\u00e4glad av v\u00e4rdighet, trygghet och sj\u00e4lvbest\u00e4mmande. Valfriheten ska v\u00e4rnas inom \u00e4ldreomsorgen och \u00e4ldre ska kunna leva ett tryggt, rikt och fritt liv i Nacka.<\/span><\/p>\n<ul>\n<li style=\"font-weight: 400\"><span style=\"font-weight: 400\">Vi ska sikta mot att inf\u00f6ra \u00e4ldreboendegaranti i Nacka f\u00f6r Nackabor.<\/span><\/li>\n<li style=\"font-weight: 400\"><span style=\"font-weight: 400\">Kontinuiteten i hemtj\u00e4nsten ska forts\u00e4tta st\u00e4rkas. Omsorgstagarna ska kunna lita p\u00e5 att de m\u00f6ter samma personal fr\u00e5n g\u00e5ng till g\u00e5ng s\u00e5 mycket som m\u00f6jligt. Den personliga relationen tar tid att utveckla, och \u00e4r ov\u00e4rderlig f\u00f6r v\u00e5rden.\u00a0<\/span><\/li>\n<li style=\"font-weight: 400\"><span style=\"font-weight: 400\">St\u00f6det till anh\u00f6rigv\u00e5rdare som g\u00f6r en ov\u00e4rderlig insats varje dag ska forts\u00e4tta utvecklas.\u00a0<\/span><\/li>\n<li style=\"font-weight: 400\"><span style=\"font-weight: 400\">Ensamhet bland \u00e4ldre \u00e4r ett v\u00e4xande problem som kommunen aktivt m\u00e5ste motverka, genom st\u00f6d till m\u00f6tesplatser och gemenskapsinitiativ d\u00e4r \u00e4ldre kan k\u00e4nna delaktighet och sammanhang.<\/span><\/li>\n<li style=\"font-weight: 400\"><span style=\"font-weight: 400\">Spr\u00e5kkrav f\u00f6r personalen i \u00e4ldreomsorgen<\/span><\/li>\n<li style=\"font-weight: 400\"><span style=\"font-weight: 400\">Personalen i \u00e4ldreomsorgen ska ha ett brottsregister fritt fr\u00e5n brott.<\/span><\/li>\n<li style=\"font-weight: 400\"><span style=\"font-weight: 400\">Vi ska ta krafttag mot bedr\u00e4gerier mot \u00e4ldre.<\/span><\/li>\n<li>Motverka psykisk oh\u00e4lsa hos \u00e4ldre.<\/li>\n<\/ul>\n","protected":false},"excerpt":{"rendered":"<p>Varje m\u00e4nniska f\u00f6rtj\u00e4nar en \u00e5lderdom pr\u00e4glad av v\u00e4rdighet, trygghet och sj\u00e4lvbest\u00e4mmande. Valfriheten ska v\u00e4rnas inom \u00e4ldreomsorgen och \u00e4ldre ska kunna leva ett tryggt, rikt och fritt liv i Nacka. Vi ska sikta mot att inf\u00f6ra \u00e4ldreboendegaranti i Nacka f\u00f6r Nackabor. Kontinuiteten i hemtj\u00e4nsten ska forts\u00e4tta st\u00e4rkas. Omsorgstagarna ska kunna lita p\u00e5 att de m\u00f6ter samma <a class=\"read-more-link\" href=\"https:\/\/wp.kristdemokraterna.se\/nacka\/aldres-trygghet\/\">L\u00e4s mer<\/a><\/p>\n","protected":false},"author":789,"featured_media":0,"parent":0,"menu_order":0,"comment_status":"closed","ping_status":"closed","template":"","meta":{"_acf_changed":false,"footnotes":""},"class_list":["post-1400","page","type-page","status-publish","hentry"],"acf":[],"yoast_head":"<!-- This site is optimized with the Yoast SEO plugin v27.5 - https:\/\/yoast.com\/product\/yoast-seo-wordpress\/ -->\n<title>En v\u00e4rdig \u00e5lderdom - Kristdemokraterna i Nacka<\/title>\n<meta name=\"robots\" content=\"index, follow, max-snippet:-1, max-image-preview:large, max-video-preview:-1\" \/>\n<link rel=\"canonical\" href=\"https:\/\/wp.kristdemokraterna.se\/nacka\/aldres-trygghet\/\" \/>\n<meta property=\"og:locale\" content=\"sv_SE\" \/>\n<meta property=\"og:type\" content=\"article\" \/>\n<meta property=\"og:title\" content=\"En v\u00e4rdig \u00e5lderdom - Kristdemokraterna i Nacka\" \/>\n<meta property=\"og:description\" content=\"Varje m\u00e4nniska f\u00f6rtj\u00e4nar en \u00e5lderdom pr\u00e4glad av v\u00e4rdighet, trygghet och sj\u00e4lvbest\u00e4mmande. Valfriheten ska v\u00e4rnas inom \u00e4ldreomsorgen och \u00e4ldre ska kunna leva ett tryggt, rikt och fritt liv i Nacka. Vi ska sikta mot att inf\u00f6ra \u00e4ldreboendegaranti i Nacka f\u00f6r Nackabor. Kontinuiteten i hemtj\u00e4nsten ska forts\u00e4tta st\u00e4rkas. Omsorgstagarna ska kunna lita p\u00e5 att de m\u00f6ter samma L\u00e4s mer\" \/>\n<meta property=\"og:url\" content=\"https:\/\/wp.kristdemokraterna.se\/nacka\/aldres-trygghet\/\" \/>\n<meta property=\"og:site_name\" content=\"Kristdemokraterna i Nacka\" \/>\n<meta property=\"article:modified_time\" content=\"2026-05-05T17:19:18+00:00\" \/>\n<meta name=\"twitter:card\" content=\"summary_large_image\" \/>\n<meta name=\"twitter:label1\" content=\"Ber\u00e4knad l\u00e4stid\" \/>\n\t<meta name=\"twitter:data1\" content=\"1 minut\" \/>\n<script type=\"application\/ld+json\" class=\"yoast-schema-graph\">{\"@context\":\"https:\\\/\\\/schema.org\",\"@graph\":[{\"@type\":\"WebPage\",\"@id\":\"https:\\\/\\\/wp.kristdemokraterna.se\\\/nacka\\\/aldres-trygghet\\\/\",\"url\":\"https:\\\/\\\/wp.kristdemokraterna.se\\\/nacka\\\/aldres-trygghet\\\/\",\"name\":\"En v\u00e4rdig \u00e5lderdom - Kristdemokraterna i Nacka\",\"isPartOf\":{\"@id\":\"https:\\\/\\\/wp.kristdemokraterna.se\\\/nacka\\\/#website\"},\"datePublished\":\"2026-03-26T11:20:01+00:00\",\"dateModified\":\"2026-05-05T17:19:18+00:00\",\"breadcrumb\":{\"@id\":\"https:\\\/\\\/wp.kristdemokraterna.se\\\/nacka\\\/aldres-trygghet\\\/#breadcrumb\"},\"inLanguage\":\"sv-SE\",\"potentialAction\":[{\"@type\":\"ReadAction\",\"target\":[\"https:\\\/\\\/wp.kristdemokraterna.se\\\/nacka\\\/aldres-trygghet\\\/\"]}]},{\"@type\":\"BreadcrumbList\",\"@id\":\"https:\\\/\\\/wp.kristdemokraterna.se\\\/nacka\\\/aldres-trygghet\\\/#breadcrumb\",\"itemListElement\":[{\"@type\":\"ListItem\",\"position\":1,\"name\":\"Hem\",\"item\":\"https:\\\/\\\/wp.kristdemokraterna.se\\\/nacka\\\/\"},{\"@type\":\"ListItem\",\"position\":2,\"name\":\"En v\u00e4rdig \u00e5lderdom\"}]},{\"@type\":\"WebSite\",\"@id\":\"https:\\\/\\\/wp.kristdemokraterna.se\\\/nacka\\\/#website\",\"url\":\"https:\\\/\\\/wp.kristdemokraterna.se\\\/nacka\\\/\",\"name\":\"Kristdemokraterna i Nacka\",\"description\":\"Vi \u00e4r hj\u00e4rtat till h\u00f6ger\",\"inLanguage\":\"sv-SE\"}]}<\/script>\n<!-- \/ Yoast SEO plugin. -->","yoast_head_json":{"title":"En v\u00e4rdig \u00e5lderdom - Kristdemokraterna i Nacka","robots":{"index":"index","follow":"follow","max-snippet":"max-snippet:-1","max-image-preview":"max-image-preview:large","max-video-preview":"max-video-preview:-1"},"canonical":"https:\/\/wp.kristdemokraterna.se\/nacka\/aldres-trygghet\/","og_locale":"sv_SE","og_type":"article","og_title":"En v\u00e4rdig \u00e5lderdom - Kristdemokraterna i Nacka","og_description":"Varje m\u00e4nniska f\u00f6rtj\u00e4nar en \u00e5lderdom pr\u00e4glad av v\u00e4rdighet, trygghet och sj\u00e4lvbest\u00e4mmande. Valfriheten ska v\u00e4rnas inom \u00e4ldreomsorgen och \u00e4ldre ska kunna leva ett tryggt, rikt och fritt liv i Nacka. Vi ska sikta mot att inf\u00f6ra \u00e4ldreboendegaranti i Nacka f\u00f6r Nackabor. Kontinuiteten i hemtj\u00e4nsten ska forts\u00e4tta st\u00e4rkas. Omsorgstagarna ska kunna lita p\u00e5 att de m\u00f6ter samma L\u00e4s mer","og_url":"https:\/\/wp.kristdemokraterna.se\/nacka\/aldres-trygghet\/","og_site_name":"Kristdemokraterna i Nacka","article_modified_time":"2026-05-05T17:19:18+00:00","twitter_card":"summary_large_image","twitter_misc":{"Ber\u00e4knad l\u00e4stid":"1 minut"},"schema":{"@context":"https:\/\/schema.org","@graph":[{"@type":"WebPage","@id":"https:\/\/wp.kristdemokraterna.se\/nacka\/aldres-trygghet\/","url":"https:\/\/wp.kristdemokraterna.se\/nacka\/aldres-trygghet\/","name":"En v\u00e4rdig \u00e5lderdom - Kristdemokraterna i Nacka","isPartOf":{"@id":"https:\/\/wp.kristdemokraterna.se\/nacka\/#website"},"datePublished":"2026-03-26T11:20:01+00:00","dateModified":"2026-05-05T17:19:18+00:00","breadcrumb":{"@id":"https:\/\/wp.kristdemokraterna.se\/nacka\/aldres-trygghet\/#breadcrumb"},"inLanguage":"sv-SE","potentialAction":[{"@type":"ReadAction","target":["https:\/\/wp.kristdemokraterna.se\/nacka\/aldres-trygghet\/"]}]},{"@type":"BreadcrumbList","@id":"https:\/\/wp.kristdemokraterna.se\/nacka\/aldres-trygghet\/#breadcrumb","itemListElement":[{"@type":"ListItem","position":1,"name":"Hem","item":"https:\/\/wp.kristdemokraterna.se\/nacka\/"},{"@type":"ListItem","position":2,"name":"En v\u00e4rdig \u00e5lderdom"}]},{"@type":"WebSite","@id":"https:\/\/wp.kristdemokraterna.se\/nacka\/#website","url":"https:\/\/wp.kristdemokraterna.se\/nacka\/","name":"Kristdemokraterna i Nacka","description":"Vi \u00e4r hj\u00e4rtat till h\u00f6ger","inLanguage":"sv-SE"}]}},"_links":{"self":[{"href":"https:\/\/wp.kristdemokraterna.se\/nacka\/wp-json\/wp\/v2\/pages\/1400","targetHints":{"allow":["GET"]}}],"collection":[{"href":"https:\/\/wp.kristdemokraterna.se\/nacka\/wp-json\/wp\/v2\/pages"}],"about":[{"href":"https:\/\/wp.kristdemokraterna.se\/nacka\/wp-json\/wp\/v2\/types\/page"}],"author":[{"embeddable":true,"href":"https:\/\/wp.kristdemokraterna.se\/nacka\/wp-json\/wp\/v2\/users\/789"}],"replies":[{"embeddable":true,"href":"https:\/\/wp.kristdemokraterna.se\/nacka\/wp-json\/wp\/v2\/comments?post=1400"}],"version-history":[{"count":5,"href":"https:\/\/wp.kristdemokraterna.se\/nacka\/wp-json\/wp\/v2\/pages\/1400\/revisions"}],"predecessor-version":[{"id":1536,"href":"https:\/\/wp.kristdemokraterna.se\/nacka\/wp-json\/wp\/v2\/pages\/1400\/revisions\/1536"}],"wp:attachment":[{"href":"https:\/\/wp.kristdemokraterna.se\/nacka\/wp-json\/wp\/v2\/media?parent=1400"}],"curies":[{"name":"wp","href":"https:\/\/api.w.org\/{rel}","templated":true}]}}