{"id":1404,"date":"2026-03-26T12:44:46","date_gmt":"2026-03-26T11:44:46","guid":{"rendered":"https:\/\/wp.kristdemokraterna.se\/nacka\/?page_id=1404"},"modified":"2026-05-05T19:18:03","modified_gmt":"2026-05-05T17:18:03","slug":"en-tillganglig-vard-for-alla","status":"publish","type":"page","link":"https:\/\/wp.kristdemokraterna.se\/nacka\/en-tillganglig-vard-for-alla\/","title":{"rendered":"En tillg\u00e4nglig v\u00e5rd f\u00f6r alla"},"content":{"rendered":"<p class=\"font-claude-response-body break-words whitespace-normal leading-[1.7]\">Tillg\u00e5ngen till kvalitativ och v\u00e4rdig v\u00e5rd \u00e4r en central del av det svenska samh\u00e4llskontraktet. Alla Nackabor ska kunna k\u00e4nna sig trygga i att ha tillg\u00e5ng till bra och snabb v\u00e5rd n\u00e4ra d\u00e4r de bor.<\/p>\n<p class=\"font-claude-response-body break-words whitespace-normal leading-[1.7]\">I regeringsst\u00e4llning tar KD ansvar. Sjukv\u00e5rdsk\u00f6erna har kortats med 30 procent, en nationell f\u00f6rlossningsplan har inf\u00f6rts s\u00e5 att v\u00e5rden \u00e4r likv\u00e4rdig oavsett var i landet du f\u00f6der barn, och den nationella cancerstrategin rullas nu ut. Det \u00e4r konkreta resultat av en politik som s\u00e4tter patienten f\u00f6re systemet.<\/p>\n<p class=\"font-claude-response-body break-words whitespace-normal leading-[1.7]\">P\u00e5 lokal niv\u00e5 vill vi se en uppgradering av Nackas n\u00e4rsjukv\u00e5rd, s\u00e5 att fler kan f\u00e5 hj\u00e4lp n\u00e4ra hemmet och trycket p\u00e5 de stora sjukhusen i l\u00e4net minskar. Kortare resv\u00e4g till v\u00e5rd \u00e4r inte en lyx, det \u00e4r en fr\u00e5ga om v\u00e4rdighet och tillg\u00e4nglighet f\u00f6r alla, inte minst f\u00f6r \u00e4ldre och familjer med barn.<\/p>\n<p class=\"font-claude-response-body break-words whitespace-normal leading-[1.7]\">Men sjukv\u00e5rden \u00e4r tyv\u00e4rr fortfarande regionernas ansvar, och det \u00e4r ett system som inte fungerar. K\u00f6erna \u00e4r f\u00f6r l\u00e5nga, pengarna anv\u00e4nds ineffektivt och v\u00e5rdens kvalitet varierar alldeles f\u00f6r mycket beroende p\u00e5 var du bor. Det \u00e4r den viktigaste orsaken till att vi vill avskaffa regionerna och inf\u00f6ra ett nationellt ansvar f\u00f6r sjukv\u00e5rden. Ditt postnummer ska inte avg\u00f6ra vilken v\u00e5rd du f\u00e5r.<\/p>\n","protected":false},"excerpt":{"rendered":"<p>Tillg\u00e5ngen till kvalitativ och v\u00e4rdig v\u00e5rd \u00e4r en central del av det svenska samh\u00e4llskontraktet. Alla Nackabor ska kunna k\u00e4nna sig trygga i att ha tillg\u00e5ng till bra och snabb v\u00e5rd n\u00e4ra d\u00e4r de bor. I regeringsst\u00e4llning tar KD ansvar. Sjukv\u00e5rdsk\u00f6erna har kortats med 30 procent, en nationell f\u00f6rlossningsplan har inf\u00f6rts s\u00e5 att v\u00e5rden \u00e4r likv\u00e4rdig <a class=\"read-more-link\" href=\"https:\/\/wp.kristdemokraterna.se\/nacka\/en-tillganglig-vard-for-alla\/\">L\u00e4s mer<\/a><\/p>\n","protected":false},"author":789,"featured_media":0,"parent":0,"menu_order":0,"comment_status":"closed","ping_status":"closed","template":"","meta":{"_acf_changed":false,"footnotes":""},"class_list":["post-1404","page","type-page","status-publish","hentry"],"acf":[],"yoast_head":"<!-- This site is optimized with the Yoast SEO plugin v27.5 - https:\/\/yoast.com\/product\/yoast-seo-wordpress\/ -->\n<title>En tillg\u00e4nglig v\u00e5rd f\u00f6r alla - Kristdemokraterna i Nacka<\/title>\n<meta name=\"robots\" content=\"index, follow, max-snippet:-1, max-image-preview:large, max-video-preview:-1\" \/>\n<link rel=\"canonical\" href=\"https:\/\/wp.kristdemokraterna.se\/nacka\/en-tillganglig-vard-for-alla\/\" \/>\n<meta property=\"og:locale\" content=\"sv_SE\" \/>\n<meta property=\"og:type\" content=\"article\" \/>\n<meta property=\"og:title\" content=\"En tillg\u00e4nglig v\u00e5rd f\u00f6r alla - Kristdemokraterna i Nacka\" \/>\n<meta property=\"og:description\" content=\"Tillg\u00e5ngen till kvalitativ och v\u00e4rdig v\u00e5rd \u00e4r en central del av det svenska samh\u00e4llskontraktet. Alla Nackabor ska kunna k\u00e4nna sig trygga i att ha tillg\u00e5ng till bra och snabb v\u00e5rd n\u00e4ra d\u00e4r de bor. I regeringsst\u00e4llning tar KD ansvar. Sjukv\u00e5rdsk\u00f6erna har kortats med 30 procent, en nationell f\u00f6rlossningsplan har inf\u00f6rts s\u00e5 att v\u00e5rden \u00e4r likv\u00e4rdig L\u00e4s mer\" \/>\n<meta property=\"og:url\" content=\"https:\/\/wp.kristdemokraterna.se\/nacka\/en-tillganglig-vard-for-alla\/\" \/>\n<meta property=\"og:site_name\" content=\"Kristdemokraterna i Nacka\" \/>\n<meta property=\"article:modified_time\" content=\"2026-05-05T17:18:03+00:00\" \/>\n<meta name=\"twitter:card\" content=\"summary_large_image\" \/>\n<meta name=\"twitter:label1\" content=\"Ber\u00e4knad l\u00e4stid\" \/>\n\t<meta name=\"twitter:data1\" content=\"1 minut\" \/>\n<script type=\"application\/ld+json\" class=\"yoast-schema-graph\">{\"@context\":\"https:\\\/\\\/schema.org\",\"@graph\":[{\"@type\":\"WebPage\",\"@id\":\"https:\\\/\\\/wp.kristdemokraterna.se\\\/nacka\\\/en-tillganglig-vard-for-alla\\\/\",\"url\":\"https:\\\/\\\/wp.kristdemokraterna.se\\\/nacka\\\/en-tillganglig-vard-for-alla\\\/\",\"name\":\"En tillg\u00e4nglig v\u00e5rd f\u00f6r alla - Kristdemokraterna i Nacka\",\"isPartOf\":{\"@id\":\"https:\\\/\\\/wp.kristdemokraterna.se\\\/nacka\\\/#website\"},\"datePublished\":\"2026-03-26T11:44:46+00:00\",\"dateModified\":\"2026-05-05T17:18:03+00:00\",\"breadcrumb\":{\"@id\":\"https:\\\/\\\/wp.kristdemokraterna.se\\\/nacka\\\/en-tillganglig-vard-for-alla\\\/#breadcrumb\"},\"inLanguage\":\"sv-SE\",\"potentialAction\":[{\"@type\":\"ReadAction\",\"target\":[\"https:\\\/\\\/wp.kristdemokraterna.se\\\/nacka\\\/en-tillganglig-vard-for-alla\\\/\"]}]},{\"@type\":\"BreadcrumbList\",\"@id\":\"https:\\\/\\\/wp.kristdemokraterna.se\\\/nacka\\\/en-tillganglig-vard-for-alla\\\/#breadcrumb\",\"itemListElement\":[{\"@type\":\"ListItem\",\"position\":1,\"name\":\"Hem\",\"item\":\"https:\\\/\\\/wp.kristdemokraterna.se\\\/nacka\\\/\"},{\"@type\":\"ListItem\",\"position\":2,\"name\":\"En tillg\u00e4nglig v\u00e5rd f\u00f6r alla\"}]},{\"@type\":\"WebSite\",\"@id\":\"https:\\\/\\\/wp.kristdemokraterna.se\\\/nacka\\\/#website\",\"url\":\"https:\\\/\\\/wp.kristdemokraterna.se\\\/nacka\\\/\",\"name\":\"Kristdemokraterna i Nacka\",\"description\":\"Vi \u00e4r hj\u00e4rtat till h\u00f6ger\",\"inLanguage\":\"sv-SE\"}]}<\/script>\n<!-- \/ Yoast SEO plugin. -->","yoast_head_json":{"title":"En tillg\u00e4nglig v\u00e5rd f\u00f6r alla - Kristdemokraterna i Nacka","robots":{"index":"index","follow":"follow","max-snippet":"max-snippet:-1","max-image-preview":"max-image-preview:large","max-video-preview":"max-video-preview:-1"},"canonical":"https:\/\/wp.kristdemokraterna.se\/nacka\/en-tillganglig-vard-for-alla\/","og_locale":"sv_SE","og_type":"article","og_title":"En tillg\u00e4nglig v\u00e5rd f\u00f6r alla - Kristdemokraterna i Nacka","og_description":"Tillg\u00e5ngen till kvalitativ och v\u00e4rdig v\u00e5rd \u00e4r en central del av det svenska samh\u00e4llskontraktet. Alla Nackabor ska kunna k\u00e4nna sig trygga i att ha tillg\u00e5ng till bra och snabb v\u00e5rd n\u00e4ra d\u00e4r de bor. I regeringsst\u00e4llning tar KD ansvar. Sjukv\u00e5rdsk\u00f6erna har kortats med 30 procent, en nationell f\u00f6rlossningsplan har inf\u00f6rts s\u00e5 att v\u00e5rden \u00e4r likv\u00e4rdig L\u00e4s mer","og_url":"https:\/\/wp.kristdemokraterna.se\/nacka\/en-tillganglig-vard-for-alla\/","og_site_name":"Kristdemokraterna i Nacka","article_modified_time":"2026-05-05T17:18:03+00:00","twitter_card":"summary_large_image","twitter_misc":{"Ber\u00e4knad l\u00e4stid":"1 minut"},"schema":{"@context":"https:\/\/schema.org","@graph":[{"@type":"WebPage","@id":"https:\/\/wp.kristdemokraterna.se\/nacka\/en-tillganglig-vard-for-alla\/","url":"https:\/\/wp.kristdemokraterna.se\/nacka\/en-tillganglig-vard-for-alla\/","name":"En tillg\u00e4nglig v\u00e5rd f\u00f6r alla - Kristdemokraterna i Nacka","isPartOf":{"@id":"https:\/\/wp.kristdemokraterna.se\/nacka\/#website"},"datePublished":"2026-03-26T11:44:46+00:00","dateModified":"2026-05-05T17:18:03+00:00","breadcrumb":{"@id":"https:\/\/wp.kristdemokraterna.se\/nacka\/en-tillganglig-vard-for-alla\/#breadcrumb"},"inLanguage":"sv-SE","potentialAction":[{"@type":"ReadAction","target":["https:\/\/wp.kristdemokraterna.se\/nacka\/en-tillganglig-vard-for-alla\/"]}]},{"@type":"BreadcrumbList","@id":"https:\/\/wp.kristdemokraterna.se\/nacka\/en-tillganglig-vard-for-alla\/#breadcrumb","itemListElement":[{"@type":"ListItem","position":1,"name":"Hem","item":"https:\/\/wp.kristdemokraterna.se\/nacka\/"},{"@type":"ListItem","position":2,"name":"En tillg\u00e4nglig v\u00e5rd f\u00f6r alla"}]},{"@type":"WebSite","@id":"https:\/\/wp.kristdemokraterna.se\/nacka\/#website","url":"https:\/\/wp.kristdemokraterna.se\/nacka\/","name":"Kristdemokraterna i Nacka","description":"Vi \u00e4r hj\u00e4rtat till h\u00f6ger","inLanguage":"sv-SE"}]}},"_links":{"self":[{"href":"https:\/\/wp.kristdemokraterna.se\/nacka\/wp-json\/wp\/v2\/pages\/1404","targetHints":{"allow":["GET"]}}],"collection":[{"href":"https:\/\/wp.kristdemokraterna.se\/nacka\/wp-json\/wp\/v2\/pages"}],"about":[{"href":"https:\/\/wp.kristdemokraterna.se\/nacka\/wp-json\/wp\/v2\/types\/page"}],"author":[{"embeddable":true,"href":"https:\/\/wp.kristdemokraterna.se\/nacka\/wp-json\/wp\/v2\/users\/789"}],"replies":[{"embeddable":true,"href":"https:\/\/wp.kristdemokraterna.se\/nacka\/wp-json\/wp\/v2\/comments?post=1404"}],"version-history":[{"count":4,"href":"https:\/\/wp.kristdemokraterna.se\/nacka\/wp-json\/wp\/v2\/pages\/1404\/revisions"}],"predecessor-version":[{"id":1535,"href":"https:\/\/wp.kristdemokraterna.se\/nacka\/wp-json\/wp\/v2\/pages\/1404\/revisions\/1535"}],"wp:attachment":[{"href":"https:\/\/wp.kristdemokraterna.se\/nacka\/wp-json\/wp\/v2\/media?parent=1404"}],"curies":[{"name":"wp","href":"https:\/\/api.w.org\/{rel}","templated":true}]}}