{"id":1408,"date":"2026-03-26T12:50:20","date_gmt":"2026-03-26T11:50:20","guid":{"rendered":"https:\/\/wp.kristdemokraterna.se\/nacka\/?page_id=1408"},"modified":"2026-03-26T12:50:20","modified_gmt":"2026-03-26T11:50:20","slug":"trygg-skola-med-ratt-stod","status":"publish","type":"page","link":"https:\/\/wp.kristdemokraterna.se\/nacka\/trygg-skola-med-ratt-stod\/","title":{"rendered":"Trygg skola med r\u00e4tt st\u00f6d"},"content":{"rendered":"<p><span style=\"font-weight: 400\">I Nacka \u00e4r vi med r\u00e4tta stolta \u00f6ver att v\u00e5ra skolor \u00e5r efter \u00e5r sk\u00f6rdar framg\u00e5ngar i form av elevernas resultat och kvalitetsutm\u00e4rkelser, men vi kan inte luta oss tillbaka och vila p\u00e5 lagrarna. Vi har ett fritt skolsystem d\u00e4r vi l\u00e4gger fokus p\u00e5 att alla skall kunna g\u00f6ra informerade val, att det ska finnas skolor som m\u00f6ter alla olika behov, och att s\u00e4kerst\u00e4lla en h\u00f6g kvalitet i alla skolor. <\/span><\/p>\n<p><span style=\"font-weight: 400\">Men skolornas f\u00f6ruts\u00e4ttningar \u00e4ndras alltid, och vi m\u00e5ste vara redo att st\u00e4ndigt f\u00f6rfina systemet, och inte backa f\u00f6r att finansiera det som beh\u00f6vs.\u00a0<\/span><\/p>\n<p><span style=\"font-weight: 400\">Kristdemokraterna tycker att det \u00e4r sj\u00e4lvklart att skolan ska ha ett n\u00e4ra samarbete med f\u00f6r\u00e4ldrarna, att det ska finnas skolmilj\u00f6er som passar alla. D\u00e4rf\u00f6r vill vi fokusera p\u00e5 bland annat att:<\/span><\/p>\n<ul>\n<li style=\"font-weight: 400\"><span style=\"font-weight: 400\">Inf\u00f6ra syskonf\u00f6rtur i Nackas skolor, s\u00e5 att syskon kan k\u00e4nna trygghet ihop och familjernas vardag kan f\u00f6renklas.<\/span><\/li>\n<li style=\"font-weight: 400\"><span style=\"font-weight: 400\">Ut\u00f6ka st\u00f6det till skolornas arbete med psykisk oh\u00e4lsa och ensamhet.<\/span><\/li>\n<li style=\"font-weight: 400\"><span style=\"font-weight: 400\">Premiera skolor som framg\u00e5ngsrikt arbetar med att st\u00e4rka k\u00e4rn\u00e4mnen<\/span><\/li>\n<li style=\"font-weight: 400\"><span style=\"font-weight: 400\">Undanr\u00f6ja alla hinder och sv\u00e5righeter som kan hindra skolor fr\u00e5n att ha bra, bemannade skolbibliotek.\u00a0<\/span><\/li>\n<li style=\"font-weight: 400\"><span style=\"font-weight: 400\">Se till att Nacka kan erbjuda skolformer och milj\u00f6er anpassade f\u00f6r alla med s\u00e4rskilda behov, vare sig det \u00e4r f\u00f6r barn med NPFer, s\u00e4rbeg\u00e5vning, eller helt andra behov.<\/span><\/li>\n<li style=\"font-weight: 400\"><span style=\"font-weight: 400\">St\u00e4rka arbetet f\u00f6r att st\u00f6dja hemmasittare, och vi \u00e4r \u00f6ppna f\u00f6r att pr\u00f6va alla l\u00f6sningar.<\/span><\/li>\n<li style=\"font-weight: 400\"><span style=\"font-weight: 400\">S\u00e4kerst\u00e4lla att yngre barn \u00e4ven i framtiden kan ha tillg\u00e5ng till den barnomsorg familjen \u00f6nskar. F\u00f6r det beh\u00f6ver den pedagogiska omsorgen s\u00e4kras och finansieras.<\/span><\/li>\n<\/ul>\n","protected":false},"excerpt":{"rendered":"<p>I Nacka \u00e4r vi med r\u00e4tta stolta \u00f6ver att v\u00e5ra skolor \u00e5r efter \u00e5r sk\u00f6rdar framg\u00e5ngar i form av elevernas resultat och kvalitetsutm\u00e4rkelser, men vi kan inte luta oss tillbaka och vila p\u00e5 lagrarna. Vi har ett fritt skolsystem d\u00e4r vi l\u00e4gger fokus p\u00e5 att alla skall kunna g\u00f6ra informerade val, att det ska finnas <a class=\"read-more-link\" href=\"https:\/\/wp.kristdemokraterna.se\/nacka\/trygg-skola-med-ratt-stod\/\">L\u00e4s mer<\/a><\/p>\n","protected":false},"author":789,"featured_media":0,"parent":0,"menu_order":0,"comment_status":"closed","ping_status":"closed","template":"","meta":{"_acf_changed":false,"footnotes":""},"class_list":["post-1408","page","type-page","status-publish","hentry"],"acf":[],"yoast_head":"<!-- This site is optimized with the Yoast SEO plugin v27.4 - https:\/\/yoast.com\/product\/yoast-seo-wordpress\/ -->\n<title>Trygg skola med r\u00e4tt st\u00f6d - Kristdemokraterna i Nacka<\/title>\n<meta name=\"robots\" content=\"index, follow, max-snippet:-1, max-image-preview:large, max-video-preview:-1\" \/>\n<link rel=\"canonical\" href=\"https:\/\/wp.kristdemokraterna.se\/nacka\/trygg-skola-med-ratt-stod\/\" \/>\n<meta property=\"og:locale\" content=\"sv_SE\" \/>\n<meta property=\"og:type\" content=\"article\" \/>\n<meta property=\"og:title\" content=\"Trygg skola med r\u00e4tt st\u00f6d - Kristdemokraterna i Nacka\" \/>\n<meta property=\"og:description\" content=\"I Nacka \u00e4r vi med r\u00e4tta stolta \u00f6ver att v\u00e5ra skolor \u00e5r efter \u00e5r sk\u00f6rdar framg\u00e5ngar i form av elevernas resultat och kvalitetsutm\u00e4rkelser, men vi kan inte luta oss tillbaka och vila p\u00e5 lagrarna. Vi har ett fritt skolsystem d\u00e4r vi l\u00e4gger fokus p\u00e5 att alla skall kunna g\u00f6ra informerade val, att det ska finnas L\u00e4s mer\" \/>\n<meta property=\"og:url\" content=\"https:\/\/wp.kristdemokraterna.se\/nacka\/trygg-skola-med-ratt-stod\/\" \/>\n<meta property=\"og:site_name\" content=\"Kristdemokraterna i Nacka\" \/>\n<meta name=\"twitter:card\" content=\"summary_large_image\" \/>\n<meta name=\"twitter:label1\" content=\"Ber\u00e4knad l\u00e4stid\" \/>\n\t<meta name=\"twitter:data1\" content=\"2 minuter\" \/>\n<script type=\"application\/ld+json\" class=\"yoast-schema-graph\">{\"@context\":\"https:\\\/\\\/schema.org\",\"@graph\":[{\"@type\":\"WebPage\",\"@id\":\"https:\\\/\\\/wp.kristdemokraterna.se\\\/nacka\\\/trygg-skola-med-ratt-stod\\\/\",\"url\":\"https:\\\/\\\/wp.kristdemokraterna.se\\\/nacka\\\/trygg-skola-med-ratt-stod\\\/\",\"name\":\"Trygg skola med r\u00e4tt st\u00f6d - Kristdemokraterna i Nacka\",\"isPartOf\":{\"@id\":\"https:\\\/\\\/wp.kristdemokraterna.se\\\/nacka\\\/#website\"},\"datePublished\":\"2026-03-26T11:50:20+00:00\",\"breadcrumb\":{\"@id\":\"https:\\\/\\\/wp.kristdemokraterna.se\\\/nacka\\\/trygg-skola-med-ratt-stod\\\/#breadcrumb\"},\"inLanguage\":\"sv-SE\",\"potentialAction\":[{\"@type\":\"ReadAction\",\"target\":[\"https:\\\/\\\/wp.kristdemokraterna.se\\\/nacka\\\/trygg-skola-med-ratt-stod\\\/\"]}]},{\"@type\":\"BreadcrumbList\",\"@id\":\"https:\\\/\\\/wp.kristdemokraterna.se\\\/nacka\\\/trygg-skola-med-ratt-stod\\\/#breadcrumb\",\"itemListElement\":[{\"@type\":\"ListItem\",\"position\":1,\"name\":\"Hem\",\"item\":\"https:\\\/\\\/wp.kristdemokraterna.se\\\/nacka\\\/\"},{\"@type\":\"ListItem\",\"position\":2,\"name\":\"Trygg skola med r\u00e4tt st\u00f6d\"}]},{\"@type\":\"WebSite\",\"@id\":\"https:\\\/\\\/wp.kristdemokraterna.se\\\/nacka\\\/#website\",\"url\":\"https:\\\/\\\/wp.kristdemokraterna.se\\\/nacka\\\/\",\"name\":\"Kristdemokraterna i Nacka\",\"description\":\"Vi \u00e4r hj\u00e4rtat till h\u00f6ger\",\"inLanguage\":\"sv-SE\"}]}<\/script>\n<!-- \/ Yoast SEO plugin. -->","yoast_head_json":{"title":"Trygg skola med r\u00e4tt st\u00f6d - Kristdemokraterna i Nacka","robots":{"index":"index","follow":"follow","max-snippet":"max-snippet:-1","max-image-preview":"max-image-preview:large","max-video-preview":"max-video-preview:-1"},"canonical":"https:\/\/wp.kristdemokraterna.se\/nacka\/trygg-skola-med-ratt-stod\/","og_locale":"sv_SE","og_type":"article","og_title":"Trygg skola med r\u00e4tt st\u00f6d - Kristdemokraterna i Nacka","og_description":"I Nacka \u00e4r vi med r\u00e4tta stolta \u00f6ver att v\u00e5ra skolor \u00e5r efter \u00e5r sk\u00f6rdar framg\u00e5ngar i form av elevernas resultat och kvalitetsutm\u00e4rkelser, men vi kan inte luta oss tillbaka och vila p\u00e5 lagrarna. Vi har ett fritt skolsystem d\u00e4r vi l\u00e4gger fokus p\u00e5 att alla skall kunna g\u00f6ra informerade val, att det ska finnas L\u00e4s mer","og_url":"https:\/\/wp.kristdemokraterna.se\/nacka\/trygg-skola-med-ratt-stod\/","og_site_name":"Kristdemokraterna i Nacka","twitter_card":"summary_large_image","twitter_misc":{"Ber\u00e4knad l\u00e4stid":"2 minuter"},"schema":{"@context":"https:\/\/schema.org","@graph":[{"@type":"WebPage","@id":"https:\/\/wp.kristdemokraterna.se\/nacka\/trygg-skola-med-ratt-stod\/","url":"https:\/\/wp.kristdemokraterna.se\/nacka\/trygg-skola-med-ratt-stod\/","name":"Trygg skola med r\u00e4tt st\u00f6d - Kristdemokraterna i Nacka","isPartOf":{"@id":"https:\/\/wp.kristdemokraterna.se\/nacka\/#website"},"datePublished":"2026-03-26T11:50:20+00:00","breadcrumb":{"@id":"https:\/\/wp.kristdemokraterna.se\/nacka\/trygg-skola-med-ratt-stod\/#breadcrumb"},"inLanguage":"sv-SE","potentialAction":[{"@type":"ReadAction","target":["https:\/\/wp.kristdemokraterna.se\/nacka\/trygg-skola-med-ratt-stod\/"]}]},{"@type":"BreadcrumbList","@id":"https:\/\/wp.kristdemokraterna.se\/nacka\/trygg-skola-med-ratt-stod\/#breadcrumb","itemListElement":[{"@type":"ListItem","position":1,"name":"Hem","item":"https:\/\/wp.kristdemokraterna.se\/nacka\/"},{"@type":"ListItem","position":2,"name":"Trygg skola med r\u00e4tt st\u00f6d"}]},{"@type":"WebSite","@id":"https:\/\/wp.kristdemokraterna.se\/nacka\/#website","url":"https:\/\/wp.kristdemokraterna.se\/nacka\/","name":"Kristdemokraterna i Nacka","description":"Vi \u00e4r hj\u00e4rtat till h\u00f6ger","inLanguage":"sv-SE"}]}},"_links":{"self":[{"href":"https:\/\/wp.kristdemokraterna.se\/nacka\/wp-json\/wp\/v2\/pages\/1408","targetHints":{"allow":["GET"]}}],"collection":[{"href":"https:\/\/wp.kristdemokraterna.se\/nacka\/wp-json\/wp\/v2\/pages"}],"about":[{"href":"https:\/\/wp.kristdemokraterna.se\/nacka\/wp-json\/wp\/v2\/types\/page"}],"author":[{"embeddable":true,"href":"https:\/\/wp.kristdemokraterna.se\/nacka\/wp-json\/wp\/v2\/users\/789"}],"replies":[{"embeddable":true,"href":"https:\/\/wp.kristdemokraterna.se\/nacka\/wp-json\/wp\/v2\/comments?post=1408"}],"version-history":[{"count":1,"href":"https:\/\/wp.kristdemokraterna.se\/nacka\/wp-json\/wp\/v2\/pages\/1408\/revisions"}],"predecessor-version":[{"id":1409,"href":"https:\/\/wp.kristdemokraterna.se\/nacka\/wp-json\/wp\/v2\/pages\/1408\/revisions\/1409"}],"wp:attachment":[{"href":"https:\/\/wp.kristdemokraterna.se\/nacka\/wp-json\/wp\/v2\/media?parent=1408"}],"curies":[{"name":"wp","href":"https:\/\/api.w.org\/{rel}","templated":true}]}}