{"id":1414,"date":"2026-03-26T12:54:33","date_gmt":"2026-03-26T11:54:33","guid":{"rendered":"https:\/\/wp.kristdemokraterna.se\/nacka\/?page_id=1414"},"modified":"2026-03-26T12:54:33","modified_gmt":"2026-03-26T11:54:33","slug":"trafik-och-framkomlighet","status":"publish","type":"page","link":"https:\/\/wp.kristdemokraterna.se\/nacka\/trafik-och-framkomlighet\/","title":{"rendered":"Trafik och framkomlighet"},"content":{"rendered":"<p><span style=\"font-weight: 400\">Hela Nacka ska vara tillg\u00e4ngligt, att bo i, att verka i och att r\u00f6ra sig genom. I vardagen beh\u00f6ver m\u00e4nniskor kunna ta sig till arbete, skola och fritidsaktiviteter p\u00e5 det s\u00e4tt som passar dem b\u00e4st. Politiken ska inte styra m\u00e4nniskors val genom att gynna eller missgynna vissa trafikslag.<\/span><\/p>\n<p><span style=\"font-weight: 400\">Idag finns flera trafikproppar strax utanf\u00f6r Nacka, till exempel vid S\u00f6dra l\u00e4nken och alla dess avfarter. Framkomligheten f\u00f6r Nackabors morgonpendling skulle f\u00f6rb\u00e4ttras avsev\u00e4rt om \u00d6stlig f\u00f6rbindelse byggdes, och vi vill att arbetet med den p\u00e5b\u00f6rjas under kommande mandatperiod.<\/span><\/p>\n<ul>\n<li style=\"font-weight: 400\"><span style=\"font-weight: 400\">Bil, kollektivtrafik, cykel och g\u00e5ng ska fungera tillsammans med god framkomlighet.\u00a0<\/span><\/li>\n<li style=\"font-weight: 400\"><span style=\"font-weight: 400\">Sj\u00f6trafiken mellan Nacka och centrala Stockholm ska vidareutvecklas som ett komplement till \u00f6vriga trafikslag.\u00a0<\/span><\/li>\n<li style=\"font-weight: 400\"><span style=\"font-weight: 400\">Vi s\u00e4ger nej till ideologiskt styrd trafikplanering som begr\u00e4nsar m\u00e4nniskors vardag.<\/span><\/li>\n<\/ul>\n","protected":false},"excerpt":{"rendered":"<p>Hela Nacka ska vara tillg\u00e4ngligt, att bo i, att verka i och att r\u00f6ra sig genom. I vardagen beh\u00f6ver m\u00e4nniskor kunna ta sig till arbete, skola och fritidsaktiviteter p\u00e5 det s\u00e4tt som passar dem b\u00e4st. Politiken ska inte styra m\u00e4nniskors val genom att gynna eller missgynna vissa trafikslag. Idag finns flera trafikproppar strax utanf\u00f6r Nacka, <a class=\"read-more-link\" href=\"https:\/\/wp.kristdemokraterna.se\/nacka\/trafik-och-framkomlighet\/\">L\u00e4s mer<\/a><\/p>\n","protected":false},"author":789,"featured_media":0,"parent":0,"menu_order":0,"comment_status":"closed","ping_status":"closed","template":"","meta":{"_acf_changed":false,"footnotes":""},"class_list":["post-1414","page","type-page","status-publish","hentry"],"acf":[],"yoast_head":"<!-- This site is optimized with the Yoast SEO plugin v27.4 - https:\/\/yoast.com\/product\/yoast-seo-wordpress\/ -->\n<title>Trafik och framkomlighet - Kristdemokraterna i Nacka<\/title>\n<meta name=\"robots\" content=\"index, follow, max-snippet:-1, max-image-preview:large, max-video-preview:-1\" \/>\n<link rel=\"canonical\" href=\"https:\/\/wp.kristdemokraterna.se\/nacka\/trafik-och-framkomlighet\/\" \/>\n<meta property=\"og:locale\" content=\"sv_SE\" \/>\n<meta property=\"og:type\" content=\"article\" \/>\n<meta property=\"og:title\" content=\"Trafik och framkomlighet - Kristdemokraterna i Nacka\" \/>\n<meta property=\"og:description\" content=\"Hela Nacka ska vara tillg\u00e4ngligt, att bo i, att verka i och att r\u00f6ra sig genom. I vardagen beh\u00f6ver m\u00e4nniskor kunna ta sig till arbete, skola och fritidsaktiviteter p\u00e5 det s\u00e4tt som passar dem b\u00e4st. Politiken ska inte styra m\u00e4nniskors val genom att gynna eller missgynna vissa trafikslag. Idag finns flera trafikproppar strax utanf\u00f6r Nacka, L\u00e4s mer\" \/>\n<meta property=\"og:url\" content=\"https:\/\/wp.kristdemokraterna.se\/nacka\/trafik-och-framkomlighet\/\" \/>\n<meta property=\"og:site_name\" content=\"Kristdemokraterna i Nacka\" \/>\n<meta name=\"twitter:card\" content=\"summary_large_image\" \/>\n<meta name=\"twitter:label1\" content=\"Ber\u00e4knad l\u00e4stid\" \/>\n\t<meta name=\"twitter:data1\" content=\"1 minut\" \/>\n<script type=\"application\/ld+json\" class=\"yoast-schema-graph\">{\"@context\":\"https:\\\/\\\/schema.org\",\"@graph\":[{\"@type\":\"WebPage\",\"@id\":\"https:\\\/\\\/wp.kristdemokraterna.se\\\/nacka\\\/trafik-och-framkomlighet\\\/\",\"url\":\"https:\\\/\\\/wp.kristdemokraterna.se\\\/nacka\\\/trafik-och-framkomlighet\\\/\",\"name\":\"Trafik och framkomlighet - Kristdemokraterna i Nacka\",\"isPartOf\":{\"@id\":\"https:\\\/\\\/wp.kristdemokraterna.se\\\/nacka\\\/#website\"},\"datePublished\":\"2026-03-26T11:54:33+00:00\",\"breadcrumb\":{\"@id\":\"https:\\\/\\\/wp.kristdemokraterna.se\\\/nacka\\\/trafik-och-framkomlighet\\\/#breadcrumb\"},\"inLanguage\":\"sv-SE\",\"potentialAction\":[{\"@type\":\"ReadAction\",\"target\":[\"https:\\\/\\\/wp.kristdemokraterna.se\\\/nacka\\\/trafik-och-framkomlighet\\\/\"]}]},{\"@type\":\"BreadcrumbList\",\"@id\":\"https:\\\/\\\/wp.kristdemokraterna.se\\\/nacka\\\/trafik-och-framkomlighet\\\/#breadcrumb\",\"itemListElement\":[{\"@type\":\"ListItem\",\"position\":1,\"name\":\"Hem\",\"item\":\"https:\\\/\\\/wp.kristdemokraterna.se\\\/nacka\\\/\"},{\"@type\":\"ListItem\",\"position\":2,\"name\":\"Trafik och framkomlighet\"}]},{\"@type\":\"WebSite\",\"@id\":\"https:\\\/\\\/wp.kristdemokraterna.se\\\/nacka\\\/#website\",\"url\":\"https:\\\/\\\/wp.kristdemokraterna.se\\\/nacka\\\/\",\"name\":\"Kristdemokraterna i Nacka\",\"description\":\"Vi \u00e4r hj\u00e4rtat till h\u00f6ger\",\"inLanguage\":\"sv-SE\"}]}<\/script>\n<!-- \/ Yoast SEO plugin. -->","yoast_head_json":{"title":"Trafik och framkomlighet - Kristdemokraterna i Nacka","robots":{"index":"index","follow":"follow","max-snippet":"max-snippet:-1","max-image-preview":"max-image-preview:large","max-video-preview":"max-video-preview:-1"},"canonical":"https:\/\/wp.kristdemokraterna.se\/nacka\/trafik-och-framkomlighet\/","og_locale":"sv_SE","og_type":"article","og_title":"Trafik och framkomlighet - Kristdemokraterna i Nacka","og_description":"Hela Nacka ska vara tillg\u00e4ngligt, att bo i, att verka i och att r\u00f6ra sig genom. I vardagen beh\u00f6ver m\u00e4nniskor kunna ta sig till arbete, skola och fritidsaktiviteter p\u00e5 det s\u00e4tt som passar dem b\u00e4st. Politiken ska inte styra m\u00e4nniskors val genom att gynna eller missgynna vissa trafikslag. Idag finns flera trafikproppar strax utanf\u00f6r Nacka, L\u00e4s mer","og_url":"https:\/\/wp.kristdemokraterna.se\/nacka\/trafik-och-framkomlighet\/","og_site_name":"Kristdemokraterna i Nacka","twitter_card":"summary_large_image","twitter_misc":{"Ber\u00e4knad l\u00e4stid":"1 minut"},"schema":{"@context":"https:\/\/schema.org","@graph":[{"@type":"WebPage","@id":"https:\/\/wp.kristdemokraterna.se\/nacka\/trafik-och-framkomlighet\/","url":"https:\/\/wp.kristdemokraterna.se\/nacka\/trafik-och-framkomlighet\/","name":"Trafik och framkomlighet - Kristdemokraterna i Nacka","isPartOf":{"@id":"https:\/\/wp.kristdemokraterna.se\/nacka\/#website"},"datePublished":"2026-03-26T11:54:33+00:00","breadcrumb":{"@id":"https:\/\/wp.kristdemokraterna.se\/nacka\/trafik-och-framkomlighet\/#breadcrumb"},"inLanguage":"sv-SE","potentialAction":[{"@type":"ReadAction","target":["https:\/\/wp.kristdemokraterna.se\/nacka\/trafik-och-framkomlighet\/"]}]},{"@type":"BreadcrumbList","@id":"https:\/\/wp.kristdemokraterna.se\/nacka\/trafik-och-framkomlighet\/#breadcrumb","itemListElement":[{"@type":"ListItem","position":1,"name":"Hem","item":"https:\/\/wp.kristdemokraterna.se\/nacka\/"},{"@type":"ListItem","position":2,"name":"Trafik och framkomlighet"}]},{"@type":"WebSite","@id":"https:\/\/wp.kristdemokraterna.se\/nacka\/#website","url":"https:\/\/wp.kristdemokraterna.se\/nacka\/","name":"Kristdemokraterna i Nacka","description":"Vi \u00e4r hj\u00e4rtat till h\u00f6ger","inLanguage":"sv-SE"}]}},"_links":{"self":[{"href":"https:\/\/wp.kristdemokraterna.se\/nacka\/wp-json\/wp\/v2\/pages\/1414","targetHints":{"allow":["GET"]}}],"collection":[{"href":"https:\/\/wp.kristdemokraterna.se\/nacka\/wp-json\/wp\/v2\/pages"}],"about":[{"href":"https:\/\/wp.kristdemokraterna.se\/nacka\/wp-json\/wp\/v2\/types\/page"}],"author":[{"embeddable":true,"href":"https:\/\/wp.kristdemokraterna.se\/nacka\/wp-json\/wp\/v2\/users\/789"}],"replies":[{"embeddable":true,"href":"https:\/\/wp.kristdemokraterna.se\/nacka\/wp-json\/wp\/v2\/comments?post=1414"}],"version-history":[{"count":1,"href":"https:\/\/wp.kristdemokraterna.se\/nacka\/wp-json\/wp\/v2\/pages\/1414\/revisions"}],"predecessor-version":[{"id":1415,"href":"https:\/\/wp.kristdemokraterna.se\/nacka\/wp-json\/wp\/v2\/pages\/1414\/revisions\/1415"}],"wp:attachment":[{"href":"https:\/\/wp.kristdemokraterna.se\/nacka\/wp-json\/wp\/v2\/media?parent=1414"}],"curies":[{"name":"wp","href":"https:\/\/api.w.org\/{rel}","templated":true}]}}