{"id":1416,"date":"2026-03-26T12:55:43","date_gmt":"2026-03-26T11:55:43","guid":{"rendered":"https:\/\/wp.kristdemokraterna.se\/nacka\/?page_id=1416"},"modified":"2026-03-26T12:55:43","modified_gmt":"2026-03-26T11:55:43","slug":"bevara-vart-grona-nacka","status":"publish","type":"page","link":"https:\/\/wp.kristdemokraterna.se\/nacka\/bevara-vart-grona-nacka\/","title":{"rendered":"Bevara v\u00e5rt gr\u00f6na Nacka"},"content":{"rendered":"<p><span style=\"font-weight: 400\">Nacka har en stor andel skyddad natur, rik p\u00e5 naturv\u00e4rden och fantastiska upplevelser. Det \u00e4r viktigt att dessa omr\u00e5den fortsatt \u00e4r f\u00f6rem\u00e5l f\u00f6r god naturv\u00e5rd, d\u00e4r invasiva v\u00e4xter och djur bek\u00e4mpas och naturv\u00e4rden f\u00e5r utvecklas. Det \u00e4r ocks\u00e5 angel\u00e4get att v\u00e5ra naturomr\u00e5den \u00e4r tillg\u00e4ngliga f\u00f6r alla. F\u00f6r det beh\u00f6vs busslinjer som g\u00e5r hit och parkeringsplatser dedikerade f\u00f6r bes\u00f6k.\u00a0<\/span><\/p>\n<ul>\n<li style=\"font-weight: 400\"><span style=\"font-weight: 400\">Vi vill genomf\u00f6ra riktade insatser f\u00f6r renare sj\u00f6ar och kustvatten.<\/span><\/li>\n<li style=\"font-weight: 400\"><span style=\"font-weight: 400\">Forts\u00e4tta utveckla vandringsleder och rastplatser.<\/span><\/li>\n<li style=\"font-weight: 400\"><span style=\"font-weight: 400\">St\u00f6dja initiativ f\u00f6r \u00e5terbruk av byggmaterial och resurser.<\/span><\/li>\n<\/ul>\n","protected":false},"excerpt":{"rendered":"<p>Nacka har en stor andel skyddad natur, rik p\u00e5 naturv\u00e4rden och fantastiska upplevelser. Det \u00e4r viktigt att dessa omr\u00e5den fortsatt \u00e4r f\u00f6rem\u00e5l f\u00f6r god naturv\u00e5rd, d\u00e4r invasiva v\u00e4xter och djur bek\u00e4mpas och naturv\u00e4rden f\u00e5r utvecklas. Det \u00e4r ocks\u00e5 angel\u00e4get att v\u00e5ra naturomr\u00e5den \u00e4r tillg\u00e4ngliga f\u00f6r alla. F\u00f6r det beh\u00f6vs busslinjer som g\u00e5r hit och parkeringsplatser <a class=\"read-more-link\" href=\"https:\/\/wp.kristdemokraterna.se\/nacka\/bevara-vart-grona-nacka\/\">L\u00e4s mer<\/a><\/p>\n","protected":false},"author":789,"featured_media":0,"parent":0,"menu_order":0,"comment_status":"closed","ping_status":"closed","template":"","meta":{"_acf_changed":false,"footnotes":""},"class_list":["post-1416","page","type-page","status-publish","hentry"],"acf":[],"yoast_head":"<!-- This site is optimized with the Yoast SEO plugin v27.4 - https:\/\/yoast.com\/product\/yoast-seo-wordpress\/ -->\n<title>Bevara v\u00e5rt gr\u00f6na Nacka - Kristdemokraterna i Nacka<\/title>\n<meta name=\"robots\" content=\"index, follow, max-snippet:-1, max-image-preview:large, max-video-preview:-1\" \/>\n<link rel=\"canonical\" href=\"https:\/\/wp.kristdemokraterna.se\/nacka\/bevara-vart-grona-nacka\/\" \/>\n<meta property=\"og:locale\" content=\"sv_SE\" \/>\n<meta property=\"og:type\" content=\"article\" \/>\n<meta property=\"og:title\" content=\"Bevara v\u00e5rt gr\u00f6na Nacka - Kristdemokraterna i Nacka\" \/>\n<meta property=\"og:description\" content=\"Nacka har en stor andel skyddad natur, rik p\u00e5 naturv\u00e4rden och fantastiska upplevelser. Det \u00e4r viktigt att dessa omr\u00e5den fortsatt \u00e4r f\u00f6rem\u00e5l f\u00f6r god naturv\u00e5rd, d\u00e4r invasiva v\u00e4xter och djur bek\u00e4mpas och naturv\u00e4rden f\u00e5r utvecklas. Det \u00e4r ocks\u00e5 angel\u00e4get att v\u00e5ra naturomr\u00e5den \u00e4r tillg\u00e4ngliga f\u00f6r alla. F\u00f6r det beh\u00f6vs busslinjer som g\u00e5r hit och parkeringsplatser L\u00e4s mer\" \/>\n<meta property=\"og:url\" content=\"https:\/\/wp.kristdemokraterna.se\/nacka\/bevara-vart-grona-nacka\/\" \/>\n<meta property=\"og:site_name\" content=\"Kristdemokraterna i Nacka\" \/>\n<meta name=\"twitter:card\" content=\"summary_large_image\" \/>\n<meta name=\"twitter:label1\" content=\"Ber\u00e4knad l\u00e4stid\" \/>\n\t<meta name=\"twitter:data1\" content=\"1 minut\" \/>\n<script type=\"application\/ld+json\" class=\"yoast-schema-graph\">{\"@context\":\"https:\\\/\\\/schema.org\",\"@graph\":[{\"@type\":\"WebPage\",\"@id\":\"https:\\\/\\\/wp.kristdemokraterna.se\\\/nacka\\\/bevara-vart-grona-nacka\\\/\",\"url\":\"https:\\\/\\\/wp.kristdemokraterna.se\\\/nacka\\\/bevara-vart-grona-nacka\\\/\",\"name\":\"Bevara v\u00e5rt gr\u00f6na Nacka - Kristdemokraterna i Nacka\",\"isPartOf\":{\"@id\":\"https:\\\/\\\/wp.kristdemokraterna.se\\\/nacka\\\/#website\"},\"datePublished\":\"2026-03-26T11:55:43+00:00\",\"breadcrumb\":{\"@id\":\"https:\\\/\\\/wp.kristdemokraterna.se\\\/nacka\\\/bevara-vart-grona-nacka\\\/#breadcrumb\"},\"inLanguage\":\"sv-SE\",\"potentialAction\":[{\"@type\":\"ReadAction\",\"target\":[\"https:\\\/\\\/wp.kristdemokraterna.se\\\/nacka\\\/bevara-vart-grona-nacka\\\/\"]}]},{\"@type\":\"BreadcrumbList\",\"@id\":\"https:\\\/\\\/wp.kristdemokraterna.se\\\/nacka\\\/bevara-vart-grona-nacka\\\/#breadcrumb\",\"itemListElement\":[{\"@type\":\"ListItem\",\"position\":1,\"name\":\"Hem\",\"item\":\"https:\\\/\\\/wp.kristdemokraterna.se\\\/nacka\\\/\"},{\"@type\":\"ListItem\",\"position\":2,\"name\":\"Bevara v\u00e5rt gr\u00f6na Nacka\"}]},{\"@type\":\"WebSite\",\"@id\":\"https:\\\/\\\/wp.kristdemokraterna.se\\\/nacka\\\/#website\",\"url\":\"https:\\\/\\\/wp.kristdemokraterna.se\\\/nacka\\\/\",\"name\":\"Kristdemokraterna i Nacka\",\"description\":\"Vi \u00e4r hj\u00e4rtat till h\u00f6ger\",\"inLanguage\":\"sv-SE\"}]}<\/script>\n<!-- \/ Yoast SEO plugin. -->","yoast_head_json":{"title":"Bevara v\u00e5rt gr\u00f6na Nacka - Kristdemokraterna i Nacka","robots":{"index":"index","follow":"follow","max-snippet":"max-snippet:-1","max-image-preview":"max-image-preview:large","max-video-preview":"max-video-preview:-1"},"canonical":"https:\/\/wp.kristdemokraterna.se\/nacka\/bevara-vart-grona-nacka\/","og_locale":"sv_SE","og_type":"article","og_title":"Bevara v\u00e5rt gr\u00f6na Nacka - Kristdemokraterna i Nacka","og_description":"Nacka har en stor andel skyddad natur, rik p\u00e5 naturv\u00e4rden och fantastiska upplevelser. Det \u00e4r viktigt att dessa omr\u00e5den fortsatt \u00e4r f\u00f6rem\u00e5l f\u00f6r god naturv\u00e5rd, d\u00e4r invasiva v\u00e4xter och djur bek\u00e4mpas och naturv\u00e4rden f\u00e5r utvecklas. Det \u00e4r ocks\u00e5 angel\u00e4get att v\u00e5ra naturomr\u00e5den \u00e4r tillg\u00e4ngliga f\u00f6r alla. F\u00f6r det beh\u00f6vs busslinjer som g\u00e5r hit och parkeringsplatser L\u00e4s mer","og_url":"https:\/\/wp.kristdemokraterna.se\/nacka\/bevara-vart-grona-nacka\/","og_site_name":"Kristdemokraterna i Nacka","twitter_card":"summary_large_image","twitter_misc":{"Ber\u00e4knad l\u00e4stid":"1 minut"},"schema":{"@context":"https:\/\/schema.org","@graph":[{"@type":"WebPage","@id":"https:\/\/wp.kristdemokraterna.se\/nacka\/bevara-vart-grona-nacka\/","url":"https:\/\/wp.kristdemokraterna.se\/nacka\/bevara-vart-grona-nacka\/","name":"Bevara v\u00e5rt gr\u00f6na Nacka - Kristdemokraterna i Nacka","isPartOf":{"@id":"https:\/\/wp.kristdemokraterna.se\/nacka\/#website"},"datePublished":"2026-03-26T11:55:43+00:00","breadcrumb":{"@id":"https:\/\/wp.kristdemokraterna.se\/nacka\/bevara-vart-grona-nacka\/#breadcrumb"},"inLanguage":"sv-SE","potentialAction":[{"@type":"ReadAction","target":["https:\/\/wp.kristdemokraterna.se\/nacka\/bevara-vart-grona-nacka\/"]}]},{"@type":"BreadcrumbList","@id":"https:\/\/wp.kristdemokraterna.se\/nacka\/bevara-vart-grona-nacka\/#breadcrumb","itemListElement":[{"@type":"ListItem","position":1,"name":"Hem","item":"https:\/\/wp.kristdemokraterna.se\/nacka\/"},{"@type":"ListItem","position":2,"name":"Bevara v\u00e5rt gr\u00f6na Nacka"}]},{"@type":"WebSite","@id":"https:\/\/wp.kristdemokraterna.se\/nacka\/#website","url":"https:\/\/wp.kristdemokraterna.se\/nacka\/","name":"Kristdemokraterna i Nacka","description":"Vi \u00e4r hj\u00e4rtat till h\u00f6ger","inLanguage":"sv-SE"}]}},"_links":{"self":[{"href":"https:\/\/wp.kristdemokraterna.se\/nacka\/wp-json\/wp\/v2\/pages\/1416","targetHints":{"allow":["GET"]}}],"collection":[{"href":"https:\/\/wp.kristdemokraterna.se\/nacka\/wp-json\/wp\/v2\/pages"}],"about":[{"href":"https:\/\/wp.kristdemokraterna.se\/nacka\/wp-json\/wp\/v2\/types\/page"}],"author":[{"embeddable":true,"href":"https:\/\/wp.kristdemokraterna.se\/nacka\/wp-json\/wp\/v2\/users\/789"}],"replies":[{"embeddable":true,"href":"https:\/\/wp.kristdemokraterna.se\/nacka\/wp-json\/wp\/v2\/comments?post=1416"}],"version-history":[{"count":1,"href":"https:\/\/wp.kristdemokraterna.se\/nacka\/wp-json\/wp\/v2\/pages\/1416\/revisions"}],"predecessor-version":[{"id":1417,"href":"https:\/\/wp.kristdemokraterna.se\/nacka\/wp-json\/wp\/v2\/pages\/1416\/revisions\/1417"}],"wp:attachment":[{"href":"https:\/\/wp.kristdemokraterna.se\/nacka\/wp-json\/wp\/v2\/media?parent=1416"}],"curies":[{"name":"wp","href":"https:\/\/api.w.org\/{rel}","templated":true}]}}