{"id":1419,"date":"2026-03-26T12:57:23","date_gmt":"2026-03-26T11:57:23","guid":{"rendered":"https:\/\/wp.kristdemokraterna.se\/nacka\/?page_id=1419"},"modified":"2026-03-26T12:57:23","modified_gmt":"2026-03-26T11:57:23","slug":"trygghet-vid-allvarliga-kriser","status":"publish","type":"page","link":"https:\/\/wp.kristdemokraterna.se\/nacka\/trygghet-vid-allvarliga-kriser\/","title":{"rendered":"Trygghet vid allvarliga kriser"},"content":{"rendered":"<p><span style=\"font-weight: 400\">Den senaste tidens kriser har visat hur viktigt det \u00e4r att samh\u00e4llet fungerar \u00e4ven under sv\u00e5ra f\u00f6rh\u00e5llanden. Kommuner har ett ansvar att bidra till ett robust och motst\u00e5ndskraftigt samh\u00e4lle. Nacka ligger l\u00e5ngt fram i arbetet med civil beredskap, men mycket \u00e5terst\u00e5r att g\u00f6ra. <\/span><\/p>\n<p><span style=\"font-weight: 400\">Den allt oroligare omv\u00e4rlden har f\u00e5tt de flesta att inse att faktisk funktionalitet \u00e4r viktigare \u00e4n h\u00f6gst\u00e4mda slagord. Att fordonsflottan, f\u00f6rs\u00f6rjningen av mat, vatten och energi fungerar n\u00e4r den beh\u00f6vs som mest m\u00e5ste s\u00e4kerst\u00e4llas, \u00e4ven om detta kr\u00e4ver obekv\u00e4ma beslut, kostnader, eller avsteg fr\u00e5n tidigare m\u00e5ls\u00e4ttningar p\u00e5 andra omr\u00e5den.<\/span><\/p>\n<ul>\n<li style=\"font-weight: 400\"><span style=\"font-weight: 400\">Kristdemokraterna vill forts\u00e4tta utveckla kommunens beredskap i n\u00e4ra samarbete med n\u00e4ringsliv, frivilligorganisationer och medborgare.\u00a0<\/span><\/li>\n<li style=\"font-weight: 400\"><span style=\"font-weight: 400\">Vi \u00e4r redo att betala f\u00f6r en utbyggnad av kommunens reservkraftskapacitet, med modern teknik och robust effektivitet.<\/span><\/li>\n<li style=\"font-weight: 400\"><span style=\"font-weight: 400\">F\u00f6rdjupa samarbetet med f\u00f6retag och frivilligorganisationer i krisberedskapen.<\/span><\/li>\n<li style=\"font-weight: 400\"><span style=\"font-weight: 400\">Ytterligare\u00a0 st\u00e4rka informationen till hush\u00e5llen om egenberedskap, med utbildningar och \u00f6vningar.<\/span><\/li>\n<\/ul>\n","protected":false},"excerpt":{"rendered":"<p>Den senaste tidens kriser har visat hur viktigt det \u00e4r att samh\u00e4llet fungerar \u00e4ven under sv\u00e5ra f\u00f6rh\u00e5llanden. Kommuner har ett ansvar att bidra till ett robust och motst\u00e5ndskraftigt samh\u00e4lle. Nacka ligger l\u00e5ngt fram i arbetet med civil beredskap, men mycket \u00e5terst\u00e5r att g\u00f6ra. Den allt oroligare omv\u00e4rlden har f\u00e5tt de flesta att inse att faktisk <a class=\"read-more-link\" href=\"https:\/\/wp.kristdemokraterna.se\/nacka\/trygghet-vid-allvarliga-kriser\/\">L\u00e4s mer<\/a><\/p>\n","protected":false},"author":789,"featured_media":0,"parent":0,"menu_order":0,"comment_status":"closed","ping_status":"closed","template":"","meta":{"_acf_changed":false,"footnotes":""},"class_list":["post-1419","page","type-page","status-publish","hentry"],"acf":[],"yoast_head":"<!-- This site is optimized with the Yoast SEO plugin v27.4 - https:\/\/yoast.com\/product\/yoast-seo-wordpress\/ -->\n<title>Trygghet vid allvarliga kriser - Kristdemokraterna i Nacka<\/title>\n<meta name=\"robots\" content=\"index, follow, max-snippet:-1, max-image-preview:large, max-video-preview:-1\" \/>\n<link rel=\"canonical\" href=\"https:\/\/wp.kristdemokraterna.se\/nacka\/trygghet-vid-allvarliga-kriser\/\" \/>\n<meta property=\"og:locale\" content=\"sv_SE\" \/>\n<meta property=\"og:type\" content=\"article\" \/>\n<meta property=\"og:title\" content=\"Trygghet vid allvarliga kriser - Kristdemokraterna i Nacka\" \/>\n<meta property=\"og:description\" content=\"Den senaste tidens kriser har visat hur viktigt det \u00e4r att samh\u00e4llet fungerar \u00e4ven under sv\u00e5ra f\u00f6rh\u00e5llanden. Kommuner har ett ansvar att bidra till ett robust och motst\u00e5ndskraftigt samh\u00e4lle. Nacka ligger l\u00e5ngt fram i arbetet med civil beredskap, men mycket \u00e5terst\u00e5r att g\u00f6ra. Den allt oroligare omv\u00e4rlden har f\u00e5tt de flesta att inse att faktisk L\u00e4s mer\" \/>\n<meta property=\"og:url\" content=\"https:\/\/wp.kristdemokraterna.se\/nacka\/trygghet-vid-allvarliga-kriser\/\" \/>\n<meta property=\"og:site_name\" content=\"Kristdemokraterna i Nacka\" \/>\n<meta name=\"twitter:card\" content=\"summary_large_image\" \/>\n<meta name=\"twitter:label1\" content=\"Ber\u00e4knad l\u00e4stid\" \/>\n\t<meta name=\"twitter:data1\" content=\"1 minut\" \/>\n<script type=\"application\/ld+json\" class=\"yoast-schema-graph\">{\"@context\":\"https:\\\/\\\/schema.org\",\"@graph\":[{\"@type\":\"WebPage\",\"@id\":\"https:\\\/\\\/wp.kristdemokraterna.se\\\/nacka\\\/trygghet-vid-allvarliga-kriser\\\/\",\"url\":\"https:\\\/\\\/wp.kristdemokraterna.se\\\/nacka\\\/trygghet-vid-allvarliga-kriser\\\/\",\"name\":\"Trygghet vid allvarliga kriser - Kristdemokraterna i Nacka\",\"isPartOf\":{\"@id\":\"https:\\\/\\\/wp.kristdemokraterna.se\\\/nacka\\\/#website\"},\"datePublished\":\"2026-03-26T11:57:23+00:00\",\"breadcrumb\":{\"@id\":\"https:\\\/\\\/wp.kristdemokraterna.se\\\/nacka\\\/trygghet-vid-allvarliga-kriser\\\/#breadcrumb\"},\"inLanguage\":\"sv-SE\",\"potentialAction\":[{\"@type\":\"ReadAction\",\"target\":[\"https:\\\/\\\/wp.kristdemokraterna.se\\\/nacka\\\/trygghet-vid-allvarliga-kriser\\\/\"]}]},{\"@type\":\"BreadcrumbList\",\"@id\":\"https:\\\/\\\/wp.kristdemokraterna.se\\\/nacka\\\/trygghet-vid-allvarliga-kriser\\\/#breadcrumb\",\"itemListElement\":[{\"@type\":\"ListItem\",\"position\":1,\"name\":\"Hem\",\"item\":\"https:\\\/\\\/wp.kristdemokraterna.se\\\/nacka\\\/\"},{\"@type\":\"ListItem\",\"position\":2,\"name\":\"Trygghet vid allvarliga kriser\"}]},{\"@type\":\"WebSite\",\"@id\":\"https:\\\/\\\/wp.kristdemokraterna.se\\\/nacka\\\/#website\",\"url\":\"https:\\\/\\\/wp.kristdemokraterna.se\\\/nacka\\\/\",\"name\":\"Kristdemokraterna i Nacka\",\"description\":\"Vi \u00e4r hj\u00e4rtat till h\u00f6ger\",\"inLanguage\":\"sv-SE\"}]}<\/script>\n<!-- \/ Yoast SEO plugin. -->","yoast_head_json":{"title":"Trygghet vid allvarliga kriser - Kristdemokraterna i Nacka","robots":{"index":"index","follow":"follow","max-snippet":"max-snippet:-1","max-image-preview":"max-image-preview:large","max-video-preview":"max-video-preview:-1"},"canonical":"https:\/\/wp.kristdemokraterna.se\/nacka\/trygghet-vid-allvarliga-kriser\/","og_locale":"sv_SE","og_type":"article","og_title":"Trygghet vid allvarliga kriser - Kristdemokraterna i Nacka","og_description":"Den senaste tidens kriser har visat hur viktigt det \u00e4r att samh\u00e4llet fungerar \u00e4ven under sv\u00e5ra f\u00f6rh\u00e5llanden. Kommuner har ett ansvar att bidra till ett robust och motst\u00e5ndskraftigt samh\u00e4lle. Nacka ligger l\u00e5ngt fram i arbetet med civil beredskap, men mycket \u00e5terst\u00e5r att g\u00f6ra. Den allt oroligare omv\u00e4rlden har f\u00e5tt de flesta att inse att faktisk L\u00e4s mer","og_url":"https:\/\/wp.kristdemokraterna.se\/nacka\/trygghet-vid-allvarliga-kriser\/","og_site_name":"Kristdemokraterna i Nacka","twitter_card":"summary_large_image","twitter_misc":{"Ber\u00e4knad l\u00e4stid":"1 minut"},"schema":{"@context":"https:\/\/schema.org","@graph":[{"@type":"WebPage","@id":"https:\/\/wp.kristdemokraterna.se\/nacka\/trygghet-vid-allvarliga-kriser\/","url":"https:\/\/wp.kristdemokraterna.se\/nacka\/trygghet-vid-allvarliga-kriser\/","name":"Trygghet vid allvarliga kriser - Kristdemokraterna i Nacka","isPartOf":{"@id":"https:\/\/wp.kristdemokraterna.se\/nacka\/#website"},"datePublished":"2026-03-26T11:57:23+00:00","breadcrumb":{"@id":"https:\/\/wp.kristdemokraterna.se\/nacka\/trygghet-vid-allvarliga-kriser\/#breadcrumb"},"inLanguage":"sv-SE","potentialAction":[{"@type":"ReadAction","target":["https:\/\/wp.kristdemokraterna.se\/nacka\/trygghet-vid-allvarliga-kriser\/"]}]},{"@type":"BreadcrumbList","@id":"https:\/\/wp.kristdemokraterna.se\/nacka\/trygghet-vid-allvarliga-kriser\/#breadcrumb","itemListElement":[{"@type":"ListItem","position":1,"name":"Hem","item":"https:\/\/wp.kristdemokraterna.se\/nacka\/"},{"@type":"ListItem","position":2,"name":"Trygghet vid allvarliga kriser"}]},{"@type":"WebSite","@id":"https:\/\/wp.kristdemokraterna.se\/nacka\/#website","url":"https:\/\/wp.kristdemokraterna.se\/nacka\/","name":"Kristdemokraterna i Nacka","description":"Vi \u00e4r hj\u00e4rtat till h\u00f6ger","inLanguage":"sv-SE"}]}},"_links":{"self":[{"href":"https:\/\/wp.kristdemokraterna.se\/nacka\/wp-json\/wp\/v2\/pages\/1419","targetHints":{"allow":["GET"]}}],"collection":[{"href":"https:\/\/wp.kristdemokraterna.se\/nacka\/wp-json\/wp\/v2\/pages"}],"about":[{"href":"https:\/\/wp.kristdemokraterna.se\/nacka\/wp-json\/wp\/v2\/types\/page"}],"author":[{"embeddable":true,"href":"https:\/\/wp.kristdemokraterna.se\/nacka\/wp-json\/wp\/v2\/users\/789"}],"replies":[{"embeddable":true,"href":"https:\/\/wp.kristdemokraterna.se\/nacka\/wp-json\/wp\/v2\/comments?post=1419"}],"version-history":[{"count":1,"href":"https:\/\/wp.kristdemokraterna.se\/nacka\/wp-json\/wp\/v2\/pages\/1419\/revisions"}],"predecessor-version":[{"id":1420,"href":"https:\/\/wp.kristdemokraterna.se\/nacka\/wp-json\/wp\/v2\/pages\/1419\/revisions\/1420"}],"wp:attachment":[{"href":"https:\/\/wp.kristdemokraterna.se\/nacka\/wp-json\/wp\/v2\/media?parent=1419"}],"curies":[{"name":"wp","href":"https:\/\/api.w.org\/{rel}","templated":true}]}}