{"id":1427,"date":"2026-03-26T13:01:55","date_gmt":"2026-03-26T12:01:55","guid":{"rendered":"https:\/\/wp.kristdemokraterna.se\/nacka\/?page_id=1427"},"modified":"2026-03-26T13:01:55","modified_gmt":"2026-03-26T12:01:55","slug":"ekonomin-och-effekten-i-din-planbok","status":"publish","type":"page","link":"https:\/\/wp.kristdemokraterna.se\/nacka\/ekonomin-och-effekten-i-din-planbok\/","title":{"rendered":"Ekonomin och effekten i din pl\u00e5nbok"},"content":{"rendered":"<p><span style=\"font-weight: 400\">Nacka \u00e4r en kommun med mycket goda f\u00f6ruts\u00e4ttningar f\u00f6r en solid ekonomi, och de f\u00f6ruts\u00e4ttningarna har vi hittills f\u00f6rvaltat. Men det \u00e4r ett arbete som aldrig f\u00e5r vila. Kristdemokraterna vill h\u00e5lla fast vid kommunens grundl\u00e4ggande principer, med valfrihet b\u00e5de f\u00f6r medborgare och f\u00f6retag, med en sund finansiering av v\u00e5r verksamhet, och med en \u00e5terh\u00e5llsamhet i spenderandet. <\/span><\/p>\n<p><span style=\"font-weight: 400\">Det finns m\u00e5nga saker som kan vara behj\u00e4rtansv\u00e4rda eller intressanta att spendera pengar p\u00e5, men om det inte \u00e4r saker som g\u00f6r kommunen b\u00e4ttre och dessutom l\u00f6ses b\u00e4st av just kommunen, s\u00e5 ska kommunen inte \u00e4gna sig \u00e5t dem. <\/span><\/p>\n<p><span style=\"font-weight: 400\">Att ha en l\u00e5g skatt \u00e4r givetvis bra &#8211; aldrig mer skatt \u00e4n vad som \u00e4r n\u00f6dv\u00e4ndigt. Men vi kan heller inte t\u00e4nka oss att sn\u00e5la p\u00e5 det som faktiskt \u00e4r n\u00f6dv\u00e4ndigt bara f\u00f6r att kunna s\u00e4nka skatten ytterligare lite. Skattes\u00e4nkningar ska vi ist\u00e4llet tj\u00e4na ihop till genom att vara en attraktiv kommun f\u00f6r medborgare och n\u00e4ringsliv, f\u00f6r att s\u00e4kra goda int\u00e4kter. <\/span><\/p>\n<p><span style=\"font-weight: 400\">Vi ser mycket positivt p\u00e5 att Nacka kan vara en f\u00f6rs\u00f6kskommun f\u00f6r innovativa l\u00f6sningar p\u00e5 m\u00e5nga omr\u00e5den som infrastruktur, f\u00f6retagande, stadsplanering och mycket annat.<\/span><\/p>\n<ul>\n<li style=\"font-weight: 400\"><span style=\"font-weight: 400\">S\u00e5 l\u00e5g skatt som m\u00f6jligt utan att hota kommunens k\u00e4rnuppgifter<\/span><\/li>\n<li style=\"font-weight: 400\"><span style=\"font-weight: 400\">Investera i innovativa l\u00f6sningar<\/span><\/li>\n<li style=\"font-weight: 400\"><span style=\"font-weight: 400\">Ta det gemensamma ansvaret genom att investera i resiliens\u00e5tg\u00e4rder- att skapa motst\u00e5ndskraft.<\/span><\/li>\n<\/ul>\n","protected":false},"excerpt":{"rendered":"<p>Nacka \u00e4r en kommun med mycket goda f\u00f6ruts\u00e4ttningar f\u00f6r en solid ekonomi, och de f\u00f6ruts\u00e4ttningarna har vi hittills f\u00f6rvaltat. Men det \u00e4r ett arbete som aldrig f\u00e5r vila. Kristdemokraterna vill h\u00e5lla fast vid kommunens grundl\u00e4ggande principer, med valfrihet b\u00e5de f\u00f6r medborgare och f\u00f6retag, med en sund finansiering av v\u00e5r verksamhet, och med en \u00e5terh\u00e5llsamhet i <a class=\"read-more-link\" href=\"https:\/\/wp.kristdemokraterna.se\/nacka\/ekonomin-och-effekten-i-din-planbok\/\">L\u00e4s mer<\/a><\/p>\n","protected":false},"author":789,"featured_media":0,"parent":0,"menu_order":0,"comment_status":"closed","ping_status":"closed","template":"","meta":{"_acf_changed":false,"footnotes":""},"class_list":["post-1427","page","type-page","status-publish","hentry"],"acf":[],"yoast_head":"<!-- This site is optimized with the Yoast SEO plugin v27.4 - https:\/\/yoast.com\/product\/yoast-seo-wordpress\/ -->\n<title>Ekonomin och effekten i din pl\u00e5nbok - Kristdemokraterna i Nacka<\/title>\n<meta name=\"robots\" content=\"index, follow, max-snippet:-1, max-image-preview:large, max-video-preview:-1\" \/>\n<link rel=\"canonical\" href=\"https:\/\/wp.kristdemokraterna.se\/nacka\/ekonomin-och-effekten-i-din-planbok\/\" \/>\n<meta property=\"og:locale\" content=\"sv_SE\" \/>\n<meta property=\"og:type\" content=\"article\" \/>\n<meta property=\"og:title\" content=\"Ekonomin och effekten i din pl\u00e5nbok - Kristdemokraterna i Nacka\" \/>\n<meta property=\"og:description\" content=\"Nacka \u00e4r en kommun med mycket goda f\u00f6ruts\u00e4ttningar f\u00f6r en solid ekonomi, och de f\u00f6ruts\u00e4ttningarna har vi hittills f\u00f6rvaltat. Men det \u00e4r ett arbete som aldrig f\u00e5r vila. Kristdemokraterna vill h\u00e5lla fast vid kommunens grundl\u00e4ggande principer, med valfrihet b\u00e5de f\u00f6r medborgare och f\u00f6retag, med en sund finansiering av v\u00e5r verksamhet, och med en \u00e5terh\u00e5llsamhet i L\u00e4s mer\" \/>\n<meta property=\"og:url\" content=\"https:\/\/wp.kristdemokraterna.se\/nacka\/ekonomin-och-effekten-i-din-planbok\/\" \/>\n<meta property=\"og:site_name\" content=\"Kristdemokraterna i Nacka\" \/>\n<meta name=\"twitter:card\" content=\"summary_large_image\" \/>\n<meta name=\"twitter:label1\" content=\"Ber\u00e4knad l\u00e4stid\" \/>\n\t<meta name=\"twitter:data1\" content=\"2 minuter\" \/>\n<script type=\"application\/ld+json\" class=\"yoast-schema-graph\">{\"@context\":\"https:\\\/\\\/schema.org\",\"@graph\":[{\"@type\":\"WebPage\",\"@id\":\"https:\\\/\\\/wp.kristdemokraterna.se\\\/nacka\\\/ekonomin-och-effekten-i-din-planbok\\\/\",\"url\":\"https:\\\/\\\/wp.kristdemokraterna.se\\\/nacka\\\/ekonomin-och-effekten-i-din-planbok\\\/\",\"name\":\"Ekonomin och effekten i din pl\u00e5nbok - Kristdemokraterna i Nacka\",\"isPartOf\":{\"@id\":\"https:\\\/\\\/wp.kristdemokraterna.se\\\/nacka\\\/#website\"},\"datePublished\":\"2026-03-26T12:01:55+00:00\",\"breadcrumb\":{\"@id\":\"https:\\\/\\\/wp.kristdemokraterna.se\\\/nacka\\\/ekonomin-och-effekten-i-din-planbok\\\/#breadcrumb\"},\"inLanguage\":\"sv-SE\",\"potentialAction\":[{\"@type\":\"ReadAction\",\"target\":[\"https:\\\/\\\/wp.kristdemokraterna.se\\\/nacka\\\/ekonomin-och-effekten-i-din-planbok\\\/\"]}]},{\"@type\":\"BreadcrumbList\",\"@id\":\"https:\\\/\\\/wp.kristdemokraterna.se\\\/nacka\\\/ekonomin-och-effekten-i-din-planbok\\\/#breadcrumb\",\"itemListElement\":[{\"@type\":\"ListItem\",\"position\":1,\"name\":\"Hem\",\"item\":\"https:\\\/\\\/wp.kristdemokraterna.se\\\/nacka\\\/\"},{\"@type\":\"ListItem\",\"position\":2,\"name\":\"Ekonomin och effekten i din pl\u00e5nbok\"}]},{\"@type\":\"WebSite\",\"@id\":\"https:\\\/\\\/wp.kristdemokraterna.se\\\/nacka\\\/#website\",\"url\":\"https:\\\/\\\/wp.kristdemokraterna.se\\\/nacka\\\/\",\"name\":\"Kristdemokraterna i Nacka\",\"description\":\"Vi \u00e4r hj\u00e4rtat till h\u00f6ger\",\"inLanguage\":\"sv-SE\"}]}<\/script>\n<!-- \/ Yoast SEO plugin. -->","yoast_head_json":{"title":"Ekonomin och effekten i din pl\u00e5nbok - Kristdemokraterna i Nacka","robots":{"index":"index","follow":"follow","max-snippet":"max-snippet:-1","max-image-preview":"max-image-preview:large","max-video-preview":"max-video-preview:-1"},"canonical":"https:\/\/wp.kristdemokraterna.se\/nacka\/ekonomin-och-effekten-i-din-planbok\/","og_locale":"sv_SE","og_type":"article","og_title":"Ekonomin och effekten i din pl\u00e5nbok - Kristdemokraterna i Nacka","og_description":"Nacka \u00e4r en kommun med mycket goda f\u00f6ruts\u00e4ttningar f\u00f6r en solid ekonomi, och de f\u00f6ruts\u00e4ttningarna har vi hittills f\u00f6rvaltat. Men det \u00e4r ett arbete som aldrig f\u00e5r vila. Kristdemokraterna vill h\u00e5lla fast vid kommunens grundl\u00e4ggande principer, med valfrihet b\u00e5de f\u00f6r medborgare och f\u00f6retag, med en sund finansiering av v\u00e5r verksamhet, och med en \u00e5terh\u00e5llsamhet i L\u00e4s mer","og_url":"https:\/\/wp.kristdemokraterna.se\/nacka\/ekonomin-och-effekten-i-din-planbok\/","og_site_name":"Kristdemokraterna i Nacka","twitter_card":"summary_large_image","twitter_misc":{"Ber\u00e4knad l\u00e4stid":"2 minuter"},"schema":{"@context":"https:\/\/schema.org","@graph":[{"@type":"WebPage","@id":"https:\/\/wp.kristdemokraterna.se\/nacka\/ekonomin-och-effekten-i-din-planbok\/","url":"https:\/\/wp.kristdemokraterna.se\/nacka\/ekonomin-och-effekten-i-din-planbok\/","name":"Ekonomin och effekten i din pl\u00e5nbok - Kristdemokraterna i Nacka","isPartOf":{"@id":"https:\/\/wp.kristdemokraterna.se\/nacka\/#website"},"datePublished":"2026-03-26T12:01:55+00:00","breadcrumb":{"@id":"https:\/\/wp.kristdemokraterna.se\/nacka\/ekonomin-och-effekten-i-din-planbok\/#breadcrumb"},"inLanguage":"sv-SE","potentialAction":[{"@type":"ReadAction","target":["https:\/\/wp.kristdemokraterna.se\/nacka\/ekonomin-och-effekten-i-din-planbok\/"]}]},{"@type":"BreadcrumbList","@id":"https:\/\/wp.kristdemokraterna.se\/nacka\/ekonomin-och-effekten-i-din-planbok\/#breadcrumb","itemListElement":[{"@type":"ListItem","position":1,"name":"Hem","item":"https:\/\/wp.kristdemokraterna.se\/nacka\/"},{"@type":"ListItem","position":2,"name":"Ekonomin och effekten i din pl\u00e5nbok"}]},{"@type":"WebSite","@id":"https:\/\/wp.kristdemokraterna.se\/nacka\/#website","url":"https:\/\/wp.kristdemokraterna.se\/nacka\/","name":"Kristdemokraterna i Nacka","description":"Vi \u00e4r hj\u00e4rtat till h\u00f6ger","inLanguage":"sv-SE"}]}},"_links":{"self":[{"href":"https:\/\/wp.kristdemokraterna.se\/nacka\/wp-json\/wp\/v2\/pages\/1427","targetHints":{"allow":["GET"]}}],"collection":[{"href":"https:\/\/wp.kristdemokraterna.se\/nacka\/wp-json\/wp\/v2\/pages"}],"about":[{"href":"https:\/\/wp.kristdemokraterna.se\/nacka\/wp-json\/wp\/v2\/types\/page"}],"author":[{"embeddable":true,"href":"https:\/\/wp.kristdemokraterna.se\/nacka\/wp-json\/wp\/v2\/users\/789"}],"replies":[{"embeddable":true,"href":"https:\/\/wp.kristdemokraterna.se\/nacka\/wp-json\/wp\/v2\/comments?post=1427"}],"version-history":[{"count":1,"href":"https:\/\/wp.kristdemokraterna.se\/nacka\/wp-json\/wp\/v2\/pages\/1427\/revisions"}],"predecessor-version":[{"id":1428,"href":"https:\/\/wp.kristdemokraterna.se\/nacka\/wp-json\/wp\/v2\/pages\/1427\/revisions\/1428"}],"wp:attachment":[{"href":"https:\/\/wp.kristdemokraterna.se\/nacka\/wp-json\/wp\/v2\/media?parent=1427"}],"curies":[{"name":"wp","href":"https:\/\/api.w.org\/{rel}","templated":true}]}}