{"id":1430,"date":"2026-03-26T13:08:26","date_gmt":"2026-03-26T12:08:26","guid":{"rendered":"https:\/\/wp.kristdemokraterna.se\/nacka\/?page_id=1430"},"modified":"2026-03-26T13:08:26","modified_gmt":"2026-03-26T12:08:26","slug":"ett-nacka-for-alla-oavsett-funktionsformaga","status":"publish","type":"page","link":"https:\/\/wp.kristdemokraterna.se\/nacka\/ett-nacka-for-alla-oavsett-funktionsformaga\/","title":{"rendered":"Ett Nacka f\u00f6r alla &#8211; oavsett funktionsf\u00f6rm\u00e5ga"},"content":{"rendered":"<p>Funktionsneds\u00e4ttning kan h\u00e4nda oss alla, f\u00f6re eller under f\u00f6delsen, genom sjukdom, olycksfall eller \u00e5lder. Du ska kunna leva ett fritt och rikt liv med din funktionsneds\u00e4ttning och ta del i samh\u00e4llet som andra. D\u00e4rf\u00f6r vill vi att det finns meningsfulla fritidsaktiviteter oavsett funktionsf\u00f6rm\u00e5ga.<\/p>\n<p>Du som lever med personlig assistans ska kunna k\u00e4nna dig trygg med att kontinuiteten s\u00e4kerst\u00e4lls, s\u00e5 att du f\u00e5r dina grundl\u00e4ggande behov tillfredsst\u00e4llda.<\/p>\n<ul>\n<li style=\"font-weight: 400\"><span style=\"font-weight: 400\">S\u00e4kerst\u00e4ll trygg och kontinuerlig personlig assistans.<\/span><\/li>\n<li style=\"font-weight: 400\"><span style=\"font-weight: 400\">Meningsfulla fritidsaktiviteter f\u00f6r alla.<\/span><\/li>\n<\/ul>\n","protected":false},"excerpt":{"rendered":"<p>Funktionsneds\u00e4ttning kan h\u00e4nda oss alla, f\u00f6re eller under f\u00f6delsen, genom sjukdom, olycksfall eller \u00e5lder. Du ska kunna leva ett fritt och rikt liv med din funktionsneds\u00e4ttning och ta del i samh\u00e4llet som andra. D\u00e4rf\u00f6r vill vi att det finns meningsfulla fritidsaktiviteter oavsett funktionsf\u00f6rm\u00e5ga. Du som lever med personlig assistans ska kunna k\u00e4nna dig trygg med <a class=\"read-more-link\" href=\"https:\/\/wp.kristdemokraterna.se\/nacka\/ett-nacka-for-alla-oavsett-funktionsformaga\/\">L\u00e4s mer<\/a><\/p>\n","protected":false},"author":789,"featured_media":0,"parent":0,"menu_order":0,"comment_status":"closed","ping_status":"closed","template":"","meta":{"_acf_changed":false,"footnotes":""},"class_list":["post-1430","page","type-page","status-publish","hentry"],"acf":[],"yoast_head":"<!-- This site is optimized with the Yoast SEO plugin v27.4 - https:\/\/yoast.com\/product\/yoast-seo-wordpress\/ -->\n<title>Ett Nacka f\u00f6r alla - oavsett funktionsf\u00f6rm\u00e5ga - Kristdemokraterna i Nacka<\/title>\n<meta name=\"robots\" content=\"index, follow, max-snippet:-1, max-image-preview:large, max-video-preview:-1\" \/>\n<link rel=\"canonical\" href=\"https:\/\/wp.kristdemokraterna.se\/nacka\/ett-nacka-for-alla-oavsett-funktionsformaga\/\" \/>\n<meta property=\"og:locale\" content=\"sv_SE\" \/>\n<meta property=\"og:type\" content=\"article\" \/>\n<meta property=\"og:title\" content=\"Ett Nacka f\u00f6r alla - oavsett funktionsf\u00f6rm\u00e5ga - Kristdemokraterna i Nacka\" \/>\n<meta property=\"og:description\" content=\"Funktionsneds\u00e4ttning kan h\u00e4nda oss alla, f\u00f6re eller under f\u00f6delsen, genom sjukdom, olycksfall eller \u00e5lder. Du ska kunna leva ett fritt och rikt liv med din funktionsneds\u00e4ttning och ta del i samh\u00e4llet som andra. D\u00e4rf\u00f6r vill vi att det finns meningsfulla fritidsaktiviteter oavsett funktionsf\u00f6rm\u00e5ga. Du som lever med personlig assistans ska kunna k\u00e4nna dig trygg med L\u00e4s mer\" \/>\n<meta property=\"og:url\" content=\"https:\/\/wp.kristdemokraterna.se\/nacka\/ett-nacka-for-alla-oavsett-funktionsformaga\/\" \/>\n<meta property=\"og:site_name\" content=\"Kristdemokraterna i Nacka\" \/>\n<meta name=\"twitter:card\" content=\"summary_large_image\" \/>\n<meta name=\"twitter:label1\" content=\"Ber\u00e4knad l\u00e4stid\" \/>\n\t<meta name=\"twitter:data1\" content=\"1 minut\" \/>\n<script type=\"application\/ld+json\" class=\"yoast-schema-graph\">{\"@context\":\"https:\\\/\\\/schema.org\",\"@graph\":[{\"@type\":\"WebPage\",\"@id\":\"https:\\\/\\\/wp.kristdemokraterna.se\\\/nacka\\\/ett-nacka-for-alla-oavsett-funktionsformaga\\\/\",\"url\":\"https:\\\/\\\/wp.kristdemokraterna.se\\\/nacka\\\/ett-nacka-for-alla-oavsett-funktionsformaga\\\/\",\"name\":\"Ett Nacka f\u00f6r alla - oavsett funktionsf\u00f6rm\u00e5ga - Kristdemokraterna i Nacka\",\"isPartOf\":{\"@id\":\"https:\\\/\\\/wp.kristdemokraterna.se\\\/nacka\\\/#website\"},\"datePublished\":\"2026-03-26T12:08:26+00:00\",\"breadcrumb\":{\"@id\":\"https:\\\/\\\/wp.kristdemokraterna.se\\\/nacka\\\/ett-nacka-for-alla-oavsett-funktionsformaga\\\/#breadcrumb\"},\"inLanguage\":\"sv-SE\",\"potentialAction\":[{\"@type\":\"ReadAction\",\"target\":[\"https:\\\/\\\/wp.kristdemokraterna.se\\\/nacka\\\/ett-nacka-for-alla-oavsett-funktionsformaga\\\/\"]}]},{\"@type\":\"BreadcrumbList\",\"@id\":\"https:\\\/\\\/wp.kristdemokraterna.se\\\/nacka\\\/ett-nacka-for-alla-oavsett-funktionsformaga\\\/#breadcrumb\",\"itemListElement\":[{\"@type\":\"ListItem\",\"position\":1,\"name\":\"Hem\",\"item\":\"https:\\\/\\\/wp.kristdemokraterna.se\\\/nacka\\\/\"},{\"@type\":\"ListItem\",\"position\":2,\"name\":\"Ett Nacka f\u00f6r alla &#8211; oavsett funktionsf\u00f6rm\u00e5ga\"}]},{\"@type\":\"WebSite\",\"@id\":\"https:\\\/\\\/wp.kristdemokraterna.se\\\/nacka\\\/#website\",\"url\":\"https:\\\/\\\/wp.kristdemokraterna.se\\\/nacka\\\/\",\"name\":\"Kristdemokraterna i Nacka\",\"description\":\"Vi \u00e4r hj\u00e4rtat till h\u00f6ger\",\"inLanguage\":\"sv-SE\"}]}<\/script>\n<!-- \/ Yoast SEO plugin. -->","yoast_head_json":{"title":"Ett Nacka f\u00f6r alla - oavsett funktionsf\u00f6rm\u00e5ga - Kristdemokraterna i Nacka","robots":{"index":"index","follow":"follow","max-snippet":"max-snippet:-1","max-image-preview":"max-image-preview:large","max-video-preview":"max-video-preview:-1"},"canonical":"https:\/\/wp.kristdemokraterna.se\/nacka\/ett-nacka-for-alla-oavsett-funktionsformaga\/","og_locale":"sv_SE","og_type":"article","og_title":"Ett Nacka f\u00f6r alla - oavsett funktionsf\u00f6rm\u00e5ga - Kristdemokraterna i Nacka","og_description":"Funktionsneds\u00e4ttning kan h\u00e4nda oss alla, f\u00f6re eller under f\u00f6delsen, genom sjukdom, olycksfall eller \u00e5lder. Du ska kunna leva ett fritt och rikt liv med din funktionsneds\u00e4ttning och ta del i samh\u00e4llet som andra. D\u00e4rf\u00f6r vill vi att det finns meningsfulla fritidsaktiviteter oavsett funktionsf\u00f6rm\u00e5ga. Du som lever med personlig assistans ska kunna k\u00e4nna dig trygg med L\u00e4s mer","og_url":"https:\/\/wp.kristdemokraterna.se\/nacka\/ett-nacka-for-alla-oavsett-funktionsformaga\/","og_site_name":"Kristdemokraterna i Nacka","twitter_card":"summary_large_image","twitter_misc":{"Ber\u00e4knad l\u00e4stid":"1 minut"},"schema":{"@context":"https:\/\/schema.org","@graph":[{"@type":"WebPage","@id":"https:\/\/wp.kristdemokraterna.se\/nacka\/ett-nacka-for-alla-oavsett-funktionsformaga\/","url":"https:\/\/wp.kristdemokraterna.se\/nacka\/ett-nacka-for-alla-oavsett-funktionsformaga\/","name":"Ett Nacka f\u00f6r alla - oavsett funktionsf\u00f6rm\u00e5ga - Kristdemokraterna i Nacka","isPartOf":{"@id":"https:\/\/wp.kristdemokraterna.se\/nacka\/#website"},"datePublished":"2026-03-26T12:08:26+00:00","breadcrumb":{"@id":"https:\/\/wp.kristdemokraterna.se\/nacka\/ett-nacka-for-alla-oavsett-funktionsformaga\/#breadcrumb"},"inLanguage":"sv-SE","potentialAction":[{"@type":"ReadAction","target":["https:\/\/wp.kristdemokraterna.se\/nacka\/ett-nacka-for-alla-oavsett-funktionsformaga\/"]}]},{"@type":"BreadcrumbList","@id":"https:\/\/wp.kristdemokraterna.se\/nacka\/ett-nacka-for-alla-oavsett-funktionsformaga\/#breadcrumb","itemListElement":[{"@type":"ListItem","position":1,"name":"Hem","item":"https:\/\/wp.kristdemokraterna.se\/nacka\/"},{"@type":"ListItem","position":2,"name":"Ett Nacka f\u00f6r alla &#8211; oavsett funktionsf\u00f6rm\u00e5ga"}]},{"@type":"WebSite","@id":"https:\/\/wp.kristdemokraterna.se\/nacka\/#website","url":"https:\/\/wp.kristdemokraterna.se\/nacka\/","name":"Kristdemokraterna i Nacka","description":"Vi \u00e4r hj\u00e4rtat till h\u00f6ger","inLanguage":"sv-SE"}]}},"_links":{"self":[{"href":"https:\/\/wp.kristdemokraterna.se\/nacka\/wp-json\/wp\/v2\/pages\/1430","targetHints":{"allow":["GET"]}}],"collection":[{"href":"https:\/\/wp.kristdemokraterna.se\/nacka\/wp-json\/wp\/v2\/pages"}],"about":[{"href":"https:\/\/wp.kristdemokraterna.se\/nacka\/wp-json\/wp\/v2\/types\/page"}],"author":[{"embeddable":true,"href":"https:\/\/wp.kristdemokraterna.se\/nacka\/wp-json\/wp\/v2\/users\/789"}],"replies":[{"embeddable":true,"href":"https:\/\/wp.kristdemokraterna.se\/nacka\/wp-json\/wp\/v2\/comments?post=1430"}],"version-history":[{"count":1,"href":"https:\/\/wp.kristdemokraterna.se\/nacka\/wp-json\/wp\/v2\/pages\/1430\/revisions"}],"predecessor-version":[{"id":1431,"href":"https:\/\/wp.kristdemokraterna.se\/nacka\/wp-json\/wp\/v2\/pages\/1430\/revisions\/1431"}],"wp:attachment":[{"href":"https:\/\/wp.kristdemokraterna.se\/nacka\/wp-json\/wp\/v2\/media?parent=1430"}],"curies":[{"name":"wp","href":"https:\/\/api.w.org\/{rel}","templated":true}]}}