{"id":1501,"date":"2026-04-21T15:06:10","date_gmt":"2026-04-21T13:06:10","guid":{"rendered":"https:\/\/wp.kristdemokraterna.se\/nacka\/?page_id=1501"},"modified":"2026-04-21T15:14:42","modified_gmt":"2026-04-21T13:14:42","slug":"kontakta-oss","status":"publish","type":"page","link":"https:\/\/wp.kristdemokraterna.se\/nacka\/kontakta-oss\/","title":{"rendered":"Kontakta oss"},"content":{"rendered":"<h2><strong>Kontakta oss<\/strong><\/h2>\n<p><a href=\"https:\/\/wp.kristdemokraterna.se\/nacka\/files\/2026\/04\/14c3faa5-376d-4851-a623-1981f3d24561-1.png\"><img loading=\"lazy\" decoding=\"async\" class=\"alignnone wp-image-1502 \" src=\"https:\/\/wp.kristdemokraterna.se\/nacka\/files\/2026\/04\/14c3faa5-376d-4851-a623-1981f3d24561-1.png\" alt=\"\" width=\"240\" height=\"340\" srcset=\"https:\/\/wp.kristdemokraterna.se\/nacka\/files\/2026\/04\/14c3faa5-376d-4851-a623-1981f3d24561-1.png 1706w, https:\/\/wp.kristdemokraterna.se\/nacka\/files\/2026\/04\/14c3faa5-376d-4851-a623-1981f3d24561-1-212x300.png 212w, https:\/\/wp.kristdemokraterna.se\/nacka\/files\/2026\/04\/14c3faa5-376d-4851-a623-1981f3d24561-1-723x1024.png 723w, https:\/\/wp.kristdemokraterna.se\/nacka\/files\/2026\/04\/14c3faa5-376d-4851-a623-1981f3d24561-1-768x1087.png 768w, https:\/\/wp.kristdemokraterna.se\/nacka\/files\/2026\/04\/14c3faa5-376d-4851-a623-1981f3d24561-1-1085x1536.png 1085w, https:\/\/wp.kristdemokraterna.se\/nacka\/files\/2026\/04\/14c3faa5-376d-4851-a623-1981f3d24561-1-1447x2048.png 1447w, https:\/\/wp.kristdemokraterna.se\/nacka\/files\/2026\/04\/14c3faa5-376d-4851-a623-1981f3d24561-1-141x200.png 141w, https:\/\/wp.kristdemokraterna.se\/nacka\/files\/2026\/04\/14c3faa5-376d-4851-a623-1981f3d24561-1-370x524.png 370w, https:\/\/wp.kristdemokraterna.se\/nacka\/files\/2026\/04\/14c3faa5-376d-4851-a623-1981f3d24561-1-770x1090.png 770w, https:\/\/wp.kristdemokraterna.se\/nacka\/files\/2026\/04\/14c3faa5-376d-4851-a623-1981f3d24561-1-450x637.png 450w, https:\/\/wp.kristdemokraterna.se\/nacka\/files\/2026\/04\/14c3faa5-376d-4851-a623-1981f3d24561-1-280x396.png 280w, https:\/\/wp.kristdemokraterna.se\/nacka\/files\/2026\/04\/14c3faa5-376d-4851-a623-1981f3d24561-1-340x481.png 340w, https:\/\/wp.kristdemokraterna.se\/nacka\/files\/2026\/04\/14c3faa5-376d-4851-a623-1981f3d24561-1-40x56.png 40w\" sizes=\"auto, (max-width: 240px) 100vw, 240px\" \/><\/a><\/p>\n<h3>Angelika Lang- Kommunalr\u00e5d<\/h3>\n<p><a href=\"mailto:angelika.lang@kristdemokraterna.se\">angelika.lang@kristdemokraterna.se<\/a><\/p>\n<p>&nbsp;<\/p>\n<p><a href=\"https:\/\/wp.kristdemokraterna.se\/nacka\/files\/2022\/08\/hfa4650-scaled.jpg\"><img loading=\"lazy\" decoding=\"async\" class=\"alignnone wp-image-937 size-medium\" src=\"https:\/\/wp.kristdemokraterna.se\/nacka\/files\/2022\/08\/hfa4650-scaled-e1660927686556-183x300.jpg\" alt=\"\" width=\"183\" height=\"300\" srcset=\"https:\/\/wp.kristdemokraterna.se\/nacka\/files\/2022\/08\/hfa4650-scaled-e1660927686556-183x300.jpg 183w, https:\/\/wp.kristdemokraterna.se\/nacka\/files\/2022\/08\/hfa4650-scaled-e1660927686556-625x1024.jpg 625w, https:\/\/wp.kristdemokraterna.se\/nacka\/files\/2022\/08\/hfa4650-scaled-e1660927686556-768x1258.jpg 768w, https:\/\/wp.kristdemokraterna.se\/nacka\/files\/2022\/08\/hfa4650-scaled-e1660927686556-937x1536.jpg 937w, https:\/\/wp.kristdemokraterna.se\/nacka\/files\/2022\/08\/hfa4650-scaled-e1660927686556-1250x2048.jpg 1250w, https:\/\/wp.kristdemokraterna.se\/nacka\/files\/2022\/08\/hfa4650-scaled-e1660927686556-122x200.jpg 122w, https:\/\/wp.kristdemokraterna.se\/nacka\/files\/2022\/08\/hfa4650-scaled-e1660927686556-370x606.jpg 370w, https:\/\/wp.kristdemokraterna.se\/nacka\/files\/2022\/08\/hfa4650-scaled-e1660927686556-770x1262.jpg 770w, https:\/\/wp.kristdemokraterna.se\/nacka\/files\/2022\/08\/hfa4650-scaled-e1660927686556-450x737.jpg 450w, https:\/\/wp.kristdemokraterna.se\/nacka\/files\/2022\/08\/hfa4650-scaled-e1660927686556-245x402.jpg 245w, https:\/\/wp.kristdemokraterna.se\/nacka\/files\/2022\/08\/hfa4650-scaled-e1660927686556-340x557.jpg 340w, https:\/\/wp.kristdemokraterna.se\/nacka\/files\/2022\/08\/hfa4650-scaled-e1660927686556-34x56.jpg 34w, https:\/\/wp.kristdemokraterna.se\/nacka\/files\/2022\/08\/hfa4650-scaled-e1660927686556.jpg 1433w\" sizes=\"auto, (max-width: 183px) 100vw, 183px\" \/><\/a><\/p>\n<h3>Anders Tiger &#8211; Gruppledare<\/h3>\n<p><a href=\"mailto:anders.tiger@kristdemokraterna.se\">anders.tiger@kristdemokraterna.se<\/a><\/p>\n<p>&nbsp;<\/p>\n<h3>Johan Sterner Sj\u00f6din &#8211; Ordf\u00f6rande<\/h3>\n<p><a href=\"mailto:johan.sternersjodin@nacka.se\">johan.sternersjodin@nacka.se<\/a><\/p>\n<p>&nbsp;<\/p>\n<p><a href=\"https:\/\/wp.kristdemokraterna.se\/nacka\/files\/2022\/08\/hfa4190-scaled.jpg\"><img loading=\"lazy\" decoding=\"async\" class=\"alignnone wp-image-939 size-medium\" src=\"https:\/\/wp.kristdemokraterna.se\/nacka\/files\/2022\/08\/hfa4190-scaled-e1660927901453-300x297.jpg\" alt=\"\" width=\"300\" height=\"297\" srcset=\"https:\/\/wp.kristdemokraterna.se\/nacka\/files\/2022\/08\/hfa4190-scaled-e1660927901453-300x297.jpg 300w, https:\/\/wp.kristdemokraterna.se\/nacka\/files\/2022\/08\/hfa4190-scaled-e1660927901453-1024x1015.jpg 1024w, https:\/\/wp.kristdemokraterna.se\/nacka\/files\/2022\/08\/hfa4190-scaled-e1660927901453-150x150.jpg 150w, https:\/\/wp.kristdemokraterna.se\/nacka\/files\/2022\/08\/hfa4190-scaled-e1660927901453-768x761.jpg 768w, https:\/\/wp.kristdemokraterna.se\/nacka\/files\/2022\/08\/hfa4190-scaled-e1660927901453-202x200.jpg 202w, https:\/\/wp.kristdemokraterna.se\/nacka\/files\/2022\/08\/hfa4190-scaled-e1660927901453-370x367.jpg 370w, https:\/\/wp.kristdemokraterna.se\/nacka\/files\/2022\/08\/hfa4190-scaled-e1660927901453-90x90.jpg 90w, https:\/\/wp.kristdemokraterna.se\/nacka\/files\/2022\/08\/hfa4190-scaled-e1660927901453-770x763.jpg 770w, https:\/\/wp.kristdemokraterna.se\/nacka\/files\/2022\/08\/hfa4190-scaled-e1660927901453-450x446.jpg 450w, https:\/\/wp.kristdemokraterna.se\/nacka\/files\/2022\/08\/hfa4190-scaled-e1660927901453-280x278.jpg 280w, https:\/\/wp.kristdemokraterna.se\/nacka\/files\/2022\/08\/hfa4190-scaled-e1660927901453-340x337.jpg 340w, https:\/\/wp.kristdemokraterna.se\/nacka\/files\/2022\/08\/hfa4190-scaled-e1660927901453-200x198.jpg 200w, https:\/\/wp.kristdemokraterna.se\/nacka\/files\/2022\/08\/hfa4190-scaled-e1660927901453-56x56.jpg 56w, https:\/\/wp.kristdemokraterna.se\/nacka\/files\/2022\/08\/hfa4190-scaled-e1660927901453.jpg 1523w\" sizes=\"auto, (max-width: 300px) 100vw, 300px\" \/><\/a><\/p>\n<h3>Martin Gunnesson &#8211; vice ordf\u00f6rande<\/h3>\n<p><a href=\"mailto:martin.gunnesson@kristdemokraterna.se\">martin.gunnesson@kristdemokraterna.se<\/a><\/p>\n<p>&nbsp;<\/p>\n<p><strong>Kristdemokraterna i Nacka<br \/>\n<\/strong>Box 4018<br \/>\n13104 Nacka<\/p>\n<p>&nbsp;<\/p>\n","protected":false},"excerpt":{"rendered":"<p>Kontakta oss Angelika Lang- Kommunalr\u00e5d angelika.lang@kristdemokraterna.se &nbsp; Anders Tiger &#8211; Gruppledare anders.tiger@kristdemokraterna.se &nbsp; Johan Sterner Sj\u00f6din &#8211; Ordf\u00f6rande johan.sternersjodin@nacka.se &nbsp; Martin Gunnesson &#8211; vice ordf\u00f6rande martin.gunnesson@kristdemokraterna.se &nbsp; Kristdemokraterna i Nacka Box 4018 13104 Nacka &nbsp;<\/p>\n","protected":false},"author":789,"featured_media":0,"parent":0,"menu_order":0,"comment_status":"closed","ping_status":"closed","template":"","meta":{"_acf_changed":false,"footnotes":""},"class_list":["post-1501","page","type-page","status-publish","hentry"],"acf":[],"yoast_head":"<!-- This site is optimized with the Yoast SEO plugin v27.4 - https:\/\/yoast.com\/product\/yoast-seo-wordpress\/ -->\n<title>Kontakta oss - Kristdemokraterna i Nacka<\/title>\n<meta name=\"robots\" content=\"index, follow, max-snippet:-1, max-image-preview:large, max-video-preview:-1\" \/>\n<link rel=\"canonical\" href=\"https:\/\/wp.kristdemokraterna.se\/nacka\/kontakta-oss\/\" \/>\n<meta property=\"og:locale\" content=\"sv_SE\" \/>\n<meta property=\"og:type\" content=\"article\" \/>\n<meta property=\"og:title\" content=\"Kontakta oss - Kristdemokraterna i Nacka\" \/>\n<meta property=\"og:description\" content=\"Kontakta oss Angelika Lang- Kommunalr\u00e5d angelika.lang@kristdemokraterna.se &nbsp; Anders Tiger &#8211; Gruppledare anders.tiger@kristdemokraterna.se &nbsp; Johan Sterner Sj\u00f6din &#8211; Ordf\u00f6rande johan.sternersjodin@nacka.se &nbsp; Martin Gunnesson &#8211; vice ordf\u00f6rande martin.gunnesson@kristdemokraterna.se &nbsp; Kristdemokraterna i Nacka Box 4018 13104 Nacka &nbsp;\" \/>\n<meta property=\"og:url\" content=\"https:\/\/wp.kristdemokraterna.se\/nacka\/kontakta-oss\/\" \/>\n<meta property=\"og:site_name\" content=\"Kristdemokraterna i Nacka\" \/>\n<meta property=\"article:modified_time\" content=\"2026-04-21T13:14:42+00:00\" \/>\n<meta property=\"og:image\" content=\"https:\/\/wp.kristdemokraterna.se\/nacka\/files\/2026\/04\/14c3faa5-376d-4851-a623-1981f3d24561-1-723x1024.png\" \/>\n\t<meta property=\"og:image:width\" content=\"723\" \/>\n\t<meta property=\"og:image:height\" content=\"1024\" \/>\n\t<meta property=\"og:image:type\" content=\"image\/png\" \/>\n<meta name=\"twitter:card\" content=\"summary_large_image\" \/>\n<meta name=\"twitter:label1\" content=\"Ber\u00e4knad l\u00e4stid\" \/>\n\t<meta name=\"twitter:data1\" content=\"1 minut\" \/>\n<script type=\"application\/ld+json\" class=\"yoast-schema-graph\">{\"@context\":\"https:\\\/\\\/schema.org\",\"@graph\":[{\"@type\":\"WebPage\",\"@id\":\"https:\\\/\\\/wp.kristdemokraterna.se\\\/nacka\\\/kontakta-oss\\\/\",\"url\":\"https:\\\/\\\/wp.kristdemokraterna.se\\\/nacka\\\/kontakta-oss\\\/\",\"name\":\"Kontakta oss - Kristdemokraterna i Nacka\",\"isPartOf\":{\"@id\":\"https:\\\/\\\/wp.kristdemokraterna.se\\\/nacka\\\/#website\"},\"primaryImageOfPage\":{\"@id\":\"https:\\\/\\\/wp.kristdemokraterna.se\\\/nacka\\\/kontakta-oss\\\/#primaryimage\"},\"image\":{\"@id\":\"https:\\\/\\\/wp.kristdemokraterna.se\\\/nacka\\\/kontakta-oss\\\/#primaryimage\"},\"thumbnailUrl\":\"https:\\\/\\\/wp.kristdemokraterna.se\\\/nacka\\\/files\\\/2026\\\/04\\\/14c3faa5-376d-4851-a623-1981f3d24561-1.png\",\"datePublished\":\"2026-04-21T13:06:10+00:00\",\"dateModified\":\"2026-04-21T13:14:42+00:00\",\"breadcrumb\":{\"@id\":\"https:\\\/\\\/wp.kristdemokraterna.se\\\/nacka\\\/kontakta-oss\\\/#breadcrumb\"},\"inLanguage\":\"sv-SE\",\"potentialAction\":[{\"@type\":\"ReadAction\",\"target\":[\"https:\\\/\\\/wp.kristdemokraterna.se\\\/nacka\\\/kontakta-oss\\\/\"]}]},{\"@type\":\"ImageObject\",\"inLanguage\":\"sv-SE\",\"@id\":\"https:\\\/\\\/wp.kristdemokraterna.se\\\/nacka\\\/kontakta-oss\\\/#primaryimage\",\"url\":\"https:\\\/\\\/wp.kristdemokraterna.se\\\/nacka\\\/files\\\/2026\\\/04\\\/14c3faa5-376d-4851-a623-1981f3d24561-1.png\",\"contentUrl\":\"https:\\\/\\\/wp.kristdemokraterna.se\\\/nacka\\\/files\\\/2026\\\/04\\\/14c3faa5-376d-4851-a623-1981f3d24561-1.png\"},{\"@type\":\"BreadcrumbList\",\"@id\":\"https:\\\/\\\/wp.kristdemokraterna.se\\\/nacka\\\/kontakta-oss\\\/#breadcrumb\",\"itemListElement\":[{\"@type\":\"ListItem\",\"position\":1,\"name\":\"Hem\",\"item\":\"https:\\\/\\\/wp.kristdemokraterna.se\\\/nacka\\\/\"},{\"@type\":\"ListItem\",\"position\":2,\"name\":\"Kontakta oss\"}]},{\"@type\":\"WebSite\",\"@id\":\"https:\\\/\\\/wp.kristdemokraterna.se\\\/nacka\\\/#website\",\"url\":\"https:\\\/\\\/wp.kristdemokraterna.se\\\/nacka\\\/\",\"name\":\"Kristdemokraterna i Nacka\",\"description\":\"Vi \u00e4r hj\u00e4rtat till h\u00f6ger\",\"inLanguage\":\"sv-SE\"}]}<\/script>\n<!-- \/ Yoast SEO plugin. -->","yoast_head_json":{"title":"Kontakta oss - Kristdemokraterna i Nacka","robots":{"index":"index","follow":"follow","max-snippet":"max-snippet:-1","max-image-preview":"max-image-preview:large","max-video-preview":"max-video-preview:-1"},"canonical":"https:\/\/wp.kristdemokraterna.se\/nacka\/kontakta-oss\/","og_locale":"sv_SE","og_type":"article","og_title":"Kontakta oss - Kristdemokraterna i Nacka","og_description":"Kontakta oss Angelika Lang- Kommunalr\u00e5d angelika.lang@kristdemokraterna.se &nbsp; Anders Tiger &#8211; Gruppledare anders.tiger@kristdemokraterna.se &nbsp; Johan Sterner Sj\u00f6din &#8211; Ordf\u00f6rande johan.sternersjodin@nacka.se &nbsp; Martin Gunnesson &#8211; vice ordf\u00f6rande martin.gunnesson@kristdemokraterna.se &nbsp; Kristdemokraterna i Nacka Box 4018 13104 Nacka &nbsp;","og_url":"https:\/\/wp.kristdemokraterna.se\/nacka\/kontakta-oss\/","og_site_name":"Kristdemokraterna i Nacka","article_modified_time":"2026-04-21T13:14:42+00:00","og_image":[{"width":723,"height":1024,"url":"https:\/\/wp.kristdemokraterna.se\/nacka\/files\/2026\/04\/14c3faa5-376d-4851-a623-1981f3d24561-1-723x1024.png","type":"image\/png"}],"twitter_card":"summary_large_image","twitter_misc":{"Ber\u00e4knad l\u00e4stid":"1 minut"},"schema":{"@context":"https:\/\/schema.org","@graph":[{"@type":"WebPage","@id":"https:\/\/wp.kristdemokraterna.se\/nacka\/kontakta-oss\/","url":"https:\/\/wp.kristdemokraterna.se\/nacka\/kontakta-oss\/","name":"Kontakta oss - Kristdemokraterna i Nacka","isPartOf":{"@id":"https:\/\/wp.kristdemokraterna.se\/nacka\/#website"},"primaryImageOfPage":{"@id":"https:\/\/wp.kristdemokraterna.se\/nacka\/kontakta-oss\/#primaryimage"},"image":{"@id":"https:\/\/wp.kristdemokraterna.se\/nacka\/kontakta-oss\/#primaryimage"},"thumbnailUrl":"https:\/\/wp.kristdemokraterna.se\/nacka\/files\/2026\/04\/14c3faa5-376d-4851-a623-1981f3d24561-1.png","datePublished":"2026-04-21T13:06:10+00:00","dateModified":"2026-04-21T13:14:42+00:00","breadcrumb":{"@id":"https:\/\/wp.kristdemokraterna.se\/nacka\/kontakta-oss\/#breadcrumb"},"inLanguage":"sv-SE","potentialAction":[{"@type":"ReadAction","target":["https:\/\/wp.kristdemokraterna.se\/nacka\/kontakta-oss\/"]}]},{"@type":"ImageObject","inLanguage":"sv-SE","@id":"https:\/\/wp.kristdemokraterna.se\/nacka\/kontakta-oss\/#primaryimage","url":"https:\/\/wp.kristdemokraterna.se\/nacka\/files\/2026\/04\/14c3faa5-376d-4851-a623-1981f3d24561-1.png","contentUrl":"https:\/\/wp.kristdemokraterna.se\/nacka\/files\/2026\/04\/14c3faa5-376d-4851-a623-1981f3d24561-1.png"},{"@type":"BreadcrumbList","@id":"https:\/\/wp.kristdemokraterna.se\/nacka\/kontakta-oss\/#breadcrumb","itemListElement":[{"@type":"ListItem","position":1,"name":"Hem","item":"https:\/\/wp.kristdemokraterna.se\/nacka\/"},{"@type":"ListItem","position":2,"name":"Kontakta oss"}]},{"@type":"WebSite","@id":"https:\/\/wp.kristdemokraterna.se\/nacka\/#website","url":"https:\/\/wp.kristdemokraterna.se\/nacka\/","name":"Kristdemokraterna i Nacka","description":"Vi \u00e4r hj\u00e4rtat till h\u00f6ger","inLanguage":"sv-SE"}]}},"_links":{"self":[{"href":"https:\/\/wp.kristdemokraterna.se\/nacka\/wp-json\/wp\/v2\/pages\/1501","targetHints":{"allow":["GET"]}}],"collection":[{"href":"https:\/\/wp.kristdemokraterna.se\/nacka\/wp-json\/wp\/v2\/pages"}],"about":[{"href":"https:\/\/wp.kristdemokraterna.se\/nacka\/wp-json\/wp\/v2\/types\/page"}],"author":[{"embeddable":true,"href":"https:\/\/wp.kristdemokraterna.se\/nacka\/wp-json\/wp\/v2\/users\/789"}],"replies":[{"embeddable":true,"href":"https:\/\/wp.kristdemokraterna.se\/nacka\/wp-json\/wp\/v2\/comments?post=1501"}],"version-history":[{"count":3,"href":"https:\/\/wp.kristdemokraterna.se\/nacka\/wp-json\/wp\/v2\/pages\/1501\/revisions"}],"predecessor-version":[{"id":1505,"href":"https:\/\/wp.kristdemokraterna.se\/nacka\/wp-json\/wp\/v2\/pages\/1501\/revisions\/1505"}],"wp:attachment":[{"href":"https:\/\/wp.kristdemokraterna.se\/nacka\/wp-json\/wp\/v2\/media?parent=1501"}],"curies":[{"name":"wp","href":"https:\/\/api.w.org\/{rel}","templated":true}]}}