{"id":269,"date":"2017-11-29T16:48:28","date_gmt":"2017-11-29T15:48:28","guid":{"rendered":"http:\/\/wp.kristdemokraterna.se\/nacka1\/?page_id=269"},"modified":"2026-03-31T09:17:21","modified_gmt":"2026-03-31T07:17:21","slug":"textsida-med-vanster-sidebar","status":"publish","type":"page","link":"https:\/\/wp.kristdemokraterna.se\/nacka\/textsida-med-vanster-sidebar\/","title":{"rendered":"V\u00e5ra f\u00f6retr\u00e4dare"},"content":{"rendered":"<h2><strong>Kontakta oss g\u00e4rna!<\/strong><\/h2>\n<p><a href=\"https:\/\/wp.kristdemokraterna.se\/nacka\/files\/2025\/05\/img_angelika_hemsidan_kontakt.png\"><img loading=\"lazy\" decoding=\"async\" class=\"alignnone size-medium wp-image-1234\" src=\"https:\/\/wp.kristdemokraterna.se\/nacka\/files\/2025\/05\/img_angelika_hemsidan_kontakt-240x300.png\" alt=\"Angelika Lang - ordf\u00f6rande \" width=\"240\" height=\"300\" srcset=\"https:\/\/wp.kristdemokraterna.se\/nacka\/files\/2025\/05\/img_angelika_hemsidan_kontakt-240x300.png 240w, https:\/\/wp.kristdemokraterna.se\/nacka\/files\/2025\/05\/img_angelika_hemsidan_kontakt-819x1024.png 819w, https:\/\/wp.kristdemokraterna.se\/nacka\/files\/2025\/05\/img_angelika_hemsidan_kontakt-768x960.png 768w, https:\/\/wp.kristdemokraterna.se\/nacka\/files\/2025\/05\/img_angelika_hemsidan_kontakt-160x200.png 160w, https:\/\/wp.kristdemokraterna.se\/nacka\/files\/2025\/05\/img_angelika_hemsidan_kontakt-370x463.png 370w, https:\/\/wp.kristdemokraterna.se\/nacka\/files\/2025\/05\/img_angelika_hemsidan_kontakt-770x963.png 770w, https:\/\/wp.kristdemokraterna.se\/nacka\/files\/2025\/05\/img_angelika_hemsidan_kontakt-450x563.png 450w, https:\/\/wp.kristdemokraterna.se\/nacka\/files\/2025\/05\/img_angelika_hemsidan_kontakt-280x350.png 280w, https:\/\/wp.kristdemokraterna.se\/nacka\/files\/2025\/05\/img_angelika_hemsidan_kontakt-340x425.png 340w, https:\/\/wp.kristdemokraterna.se\/nacka\/files\/2025\/05\/img_angelika_hemsidan_kontakt-45x56.png 45w, https:\/\/wp.kristdemokraterna.se\/nacka\/files\/2025\/05\/img_angelika_hemsidan_kontakt.png 1080w\" sizes=\"auto, (max-width: 240px) 100vw, 240px\" \/><\/a><\/p>\n<h3>Angelika Lang- Kommunalr\u00e5d<\/h3>\n<p><a href=\"mailto:angelika.lang@kristdemokraterna.se\">angelika.lang@kristdemokraterna.se<\/a><\/p>\n<p>&nbsp;<\/p>\n<p><a href=\"https:\/\/wp.kristdemokraterna.se\/nacka\/files\/2022\/08\/hfa4650-scaled.jpg\"><img loading=\"lazy\" decoding=\"async\" class=\"alignnone wp-image-937 size-medium\" src=\"https:\/\/wp.kristdemokraterna.se\/nacka\/files\/2022\/08\/hfa4650-scaled-e1660927686556-183x300.jpg\" alt=\"\" width=\"183\" height=\"300\" srcset=\"https:\/\/wp.kristdemokraterna.se\/nacka\/files\/2022\/08\/hfa4650-scaled-e1660927686556-183x300.jpg 183w, https:\/\/wp.kristdemokraterna.se\/nacka\/files\/2022\/08\/hfa4650-scaled-e1660927686556-625x1024.jpg 625w, https:\/\/wp.kristdemokraterna.se\/nacka\/files\/2022\/08\/hfa4650-scaled-e1660927686556-768x1258.jpg 768w, https:\/\/wp.kristdemokraterna.se\/nacka\/files\/2022\/08\/hfa4650-scaled-e1660927686556-937x1536.jpg 937w, https:\/\/wp.kristdemokraterna.se\/nacka\/files\/2022\/08\/hfa4650-scaled-e1660927686556-1250x2048.jpg 1250w, https:\/\/wp.kristdemokraterna.se\/nacka\/files\/2022\/08\/hfa4650-scaled-e1660927686556-122x200.jpg 122w, https:\/\/wp.kristdemokraterna.se\/nacka\/files\/2022\/08\/hfa4650-scaled-e1660927686556-370x606.jpg 370w, https:\/\/wp.kristdemokraterna.se\/nacka\/files\/2022\/08\/hfa4650-scaled-e1660927686556-770x1262.jpg 770w, https:\/\/wp.kristdemokraterna.se\/nacka\/files\/2022\/08\/hfa4650-scaled-e1660927686556-450x737.jpg 450w, https:\/\/wp.kristdemokraterna.se\/nacka\/files\/2022\/08\/hfa4650-scaled-e1660927686556-245x402.jpg 245w, https:\/\/wp.kristdemokraterna.se\/nacka\/files\/2022\/08\/hfa4650-scaled-e1660927686556-340x557.jpg 340w, https:\/\/wp.kristdemokraterna.se\/nacka\/files\/2022\/08\/hfa4650-scaled-e1660927686556-34x56.jpg 34w, https:\/\/wp.kristdemokraterna.se\/nacka\/files\/2022\/08\/hfa4650-scaled-e1660927686556.jpg 1433w\" sizes=\"auto, (max-width: 183px) 100vw, 183px\" \/><\/a><\/p>\n<h3>Anders Tiger &#8211; Gruppledare<\/h3>\n<p><a href=\"mailto:anders.tiger@kristdemokraterna.se\">anders.tiger@kristdemokraterna.se<\/a><\/p>\n<p>&nbsp;<\/p>\n<h3>Johan Sterner Sj\u00f6din &#8211; Ordf\u00f6rande<\/h3>\n<p><a href=\"mailto:johan.sternersjodin@nacka.se\">johan.sternersjodin@nacka.se<\/a><\/p>\n<p>&nbsp;<\/p>\n<p><a href=\"https:\/\/wp.kristdemokraterna.se\/nacka\/files\/2022\/08\/hfa4190-scaled.jpg\"><img loading=\"lazy\" decoding=\"async\" class=\"alignnone wp-image-939 size-medium\" src=\"https:\/\/wp.kristdemokraterna.se\/nacka\/files\/2022\/08\/hfa4190-scaled-e1660927901453-300x297.jpg\" alt=\"\" width=\"300\" height=\"297\" srcset=\"https:\/\/wp.kristdemokraterna.se\/nacka\/files\/2022\/08\/hfa4190-scaled-e1660927901453-300x297.jpg 300w, https:\/\/wp.kristdemokraterna.se\/nacka\/files\/2022\/08\/hfa4190-scaled-e1660927901453-1024x1015.jpg 1024w, https:\/\/wp.kristdemokraterna.se\/nacka\/files\/2022\/08\/hfa4190-scaled-e1660927901453-150x150.jpg 150w, https:\/\/wp.kristdemokraterna.se\/nacka\/files\/2022\/08\/hfa4190-scaled-e1660927901453-768x761.jpg 768w, https:\/\/wp.kristdemokraterna.se\/nacka\/files\/2022\/08\/hfa4190-scaled-e1660927901453-202x200.jpg 202w, https:\/\/wp.kristdemokraterna.se\/nacka\/files\/2022\/08\/hfa4190-scaled-e1660927901453-370x367.jpg 370w, https:\/\/wp.kristdemokraterna.se\/nacka\/files\/2022\/08\/hfa4190-scaled-e1660927901453-90x90.jpg 90w, https:\/\/wp.kristdemokraterna.se\/nacka\/files\/2022\/08\/hfa4190-scaled-e1660927901453-770x763.jpg 770w, https:\/\/wp.kristdemokraterna.se\/nacka\/files\/2022\/08\/hfa4190-scaled-e1660927901453-450x446.jpg 450w, https:\/\/wp.kristdemokraterna.se\/nacka\/files\/2022\/08\/hfa4190-scaled-e1660927901453-280x278.jpg 280w, https:\/\/wp.kristdemokraterna.se\/nacka\/files\/2022\/08\/hfa4190-scaled-e1660927901453-340x337.jpg 340w, https:\/\/wp.kristdemokraterna.se\/nacka\/files\/2022\/08\/hfa4190-scaled-e1660927901453-200x198.jpg 200w, https:\/\/wp.kristdemokraterna.se\/nacka\/files\/2022\/08\/hfa4190-scaled-e1660927901453-56x56.jpg 56w, https:\/\/wp.kristdemokraterna.se\/nacka\/files\/2022\/08\/hfa4190-scaled-e1660927901453.jpg 1523w\" sizes=\"auto, (max-width: 300px) 100vw, 300px\" \/><\/a><\/p>\n<h3>Martin Gunnesson &#8211; vice ordf\u00f6rande<\/h3>\n<p><a href=\"mailto:martin.gunnesson@kristdemokraterna.se\">martin.gunnesson@kristdemokraterna.se<\/a><\/p>\n<p>&nbsp;<\/p>\n<p><strong>Kristdemokraterna i Nacka<br \/>\n<\/strong>Box 4018<br \/>\n13104 Nacka<\/p>\n<p>&nbsp;<\/p>\n","protected":false},"excerpt":{"rendered":"<p>Kontakta oss g\u00e4rna! Angelika Lang- Kommunalr\u00e5d angelika.lang@kristdemokraterna.se &nbsp; Anders Tiger &#8211; Gruppledare anders.tiger@kristdemokraterna.se &nbsp; Johan Sterner Sj\u00f6din &#8211; Ordf\u00f6rande johan.sternersjodin@nacka.se &nbsp; Martin Gunnesson &#8211; vice ordf\u00f6rande martin.gunnesson@kristdemokraterna.se &nbsp; Kristdemokraterna i Nacka Box 4018 13104 Nacka &nbsp;<\/p>\n","protected":false},"author":789,"featured_media":0,"parent":0,"menu_order":5,"comment_status":"closed","ping_status":"closed","template":"page.php","meta":{"_acf_changed":false,"footnotes":""},"class_list":["post-269","page","type-page","status-publish","hentry"],"acf":[],"yoast_head":"<!-- This site is optimized with the Yoast SEO plugin v27.3 - https:\/\/yoast.com\/product\/yoast-seo-wordpress\/ -->\n<title>V\u00e5ra f\u00f6retr\u00e4dare - Kristdemokraterna i Nacka<\/title>\n<meta name=\"robots\" content=\"index, follow, max-snippet:-1, max-image-preview:large, max-video-preview:-1\" \/>\n<link rel=\"canonical\" href=\"https:\/\/wp.kristdemokraterna.se\/nacka\/textsida-med-vanster-sidebar\/\" \/>\n<meta property=\"og:locale\" content=\"sv_SE\" \/>\n<meta property=\"og:type\" content=\"article\" \/>\n<meta property=\"og:title\" content=\"V\u00e5ra f\u00f6retr\u00e4dare - Kristdemokraterna i Nacka\" \/>\n<meta property=\"og:description\" content=\"Kontakta oss g\u00e4rna! Angelika Lang- Kommunalr\u00e5d angelika.lang@kristdemokraterna.se &nbsp; Anders Tiger &#8211; Gruppledare anders.tiger@kristdemokraterna.se &nbsp; Johan Sterner Sj\u00f6din &#8211; Ordf\u00f6rande johan.sternersjodin@nacka.se &nbsp; Martin Gunnesson &#8211; vice ordf\u00f6rande martin.gunnesson@kristdemokraterna.se &nbsp; Kristdemokraterna i Nacka Box 4018 13104 Nacka &nbsp;\" \/>\n<meta property=\"og:url\" content=\"https:\/\/wp.kristdemokraterna.se\/nacka\/textsida-med-vanster-sidebar\/\" \/>\n<meta property=\"og:site_name\" content=\"Kristdemokraterna i Nacka\" \/>\n<meta property=\"article:modified_time\" content=\"2026-03-31T07:17:21+00:00\" \/>\n<meta property=\"og:image\" content=\"https:\/\/wp.kristdemokraterna.se\/nacka\/files\/2025\/05\/img_angelika_hemsidan_kontakt.png\" \/>\n\t<meta property=\"og:image:width\" content=\"1080\" \/>\n\t<meta property=\"og:image:height\" content=\"1350\" \/>\n\t<meta property=\"og:image:type\" content=\"image\/png\" \/>\n<meta name=\"twitter:card\" content=\"summary_large_image\" \/>\n<meta name=\"twitter:label1\" content=\"Ber\u00e4knad l\u00e4stid\" \/>\n\t<meta name=\"twitter:data1\" content=\"1 minut\" \/>\n<script type=\"application\/ld+json\" class=\"yoast-schema-graph\">{\"@context\":\"https:\\\/\\\/schema.org\",\"@graph\":[{\"@type\":\"WebPage\",\"@id\":\"https:\\\/\\\/wp.kristdemokraterna.se\\\/nacka\\\/textsida-med-vanster-sidebar\\\/\",\"url\":\"https:\\\/\\\/wp.kristdemokraterna.se\\\/nacka\\\/textsida-med-vanster-sidebar\\\/\",\"name\":\"V\u00e5ra f\u00f6retr\u00e4dare - Kristdemokraterna i Nacka\",\"isPartOf\":{\"@id\":\"https:\\\/\\\/wp.kristdemokraterna.se\\\/nacka\\\/#website\"},\"primaryImageOfPage\":{\"@id\":\"https:\\\/\\\/wp.kristdemokraterna.se\\\/nacka\\\/textsida-med-vanster-sidebar\\\/#primaryimage\"},\"image\":{\"@id\":\"https:\\\/\\\/wp.kristdemokraterna.se\\\/nacka\\\/textsida-med-vanster-sidebar\\\/#primaryimage\"},\"thumbnailUrl\":\"https:\\\/\\\/wp.kristdemokraterna.se\\\/nacka\\\/files\\\/2025\\\/05\\\/img_angelika_hemsidan_kontakt-240x300.png\",\"datePublished\":\"2017-11-29T15:48:28+00:00\",\"dateModified\":\"2026-03-31T07:17:21+00:00\",\"breadcrumb\":{\"@id\":\"https:\\\/\\\/wp.kristdemokraterna.se\\\/nacka\\\/textsida-med-vanster-sidebar\\\/#breadcrumb\"},\"inLanguage\":\"sv-SE\",\"potentialAction\":[{\"@type\":\"ReadAction\",\"target\":[\"https:\\\/\\\/wp.kristdemokraterna.se\\\/nacka\\\/textsida-med-vanster-sidebar\\\/\"]}]},{\"@type\":\"ImageObject\",\"inLanguage\":\"sv-SE\",\"@id\":\"https:\\\/\\\/wp.kristdemokraterna.se\\\/nacka\\\/textsida-med-vanster-sidebar\\\/#primaryimage\",\"url\":\"https:\\\/\\\/wp.kristdemokraterna.se\\\/nacka\\\/files\\\/2025\\\/05\\\/img_angelika_hemsidan_kontakt.png\",\"contentUrl\":\"https:\\\/\\\/wp.kristdemokraterna.se\\\/nacka\\\/files\\\/2025\\\/05\\\/img_angelika_hemsidan_kontakt.png\",\"width\":1080,\"height\":1350,\"caption\":\"Angelika Lang - ordf\u00f6rande\"},{\"@type\":\"BreadcrumbList\",\"@id\":\"https:\\\/\\\/wp.kristdemokraterna.se\\\/nacka\\\/textsida-med-vanster-sidebar\\\/#breadcrumb\",\"itemListElement\":[{\"@type\":\"ListItem\",\"position\":1,\"name\":\"Hem\",\"item\":\"https:\\\/\\\/wp.kristdemokraterna.se\\\/nacka\\\/\"},{\"@type\":\"ListItem\",\"position\":2,\"name\":\"V\u00e5ra f\u00f6retr\u00e4dare\"}]},{\"@type\":\"WebSite\",\"@id\":\"https:\\\/\\\/wp.kristdemokraterna.se\\\/nacka\\\/#website\",\"url\":\"https:\\\/\\\/wp.kristdemokraterna.se\\\/nacka\\\/\",\"name\":\"Kristdemokraterna i Nacka\",\"description\":\"Vi \u00e4r hj\u00e4rtat till h\u00f6ger\",\"inLanguage\":\"sv-SE\"}]}<\/script>\n<!-- \/ Yoast SEO plugin. -->","yoast_head_json":{"title":"V\u00e5ra f\u00f6retr\u00e4dare - Kristdemokraterna i Nacka","robots":{"index":"index","follow":"follow","max-snippet":"max-snippet:-1","max-image-preview":"max-image-preview:large","max-video-preview":"max-video-preview:-1"},"canonical":"https:\/\/wp.kristdemokraterna.se\/nacka\/textsida-med-vanster-sidebar\/","og_locale":"sv_SE","og_type":"article","og_title":"V\u00e5ra f\u00f6retr\u00e4dare - Kristdemokraterna i Nacka","og_description":"Kontakta oss g\u00e4rna! Angelika Lang- Kommunalr\u00e5d angelika.lang@kristdemokraterna.se &nbsp; Anders Tiger &#8211; Gruppledare anders.tiger@kristdemokraterna.se &nbsp; Johan Sterner Sj\u00f6din &#8211; Ordf\u00f6rande johan.sternersjodin@nacka.se &nbsp; Martin Gunnesson &#8211; vice ordf\u00f6rande martin.gunnesson@kristdemokraterna.se &nbsp; Kristdemokraterna i Nacka Box 4018 13104 Nacka &nbsp;","og_url":"https:\/\/wp.kristdemokraterna.se\/nacka\/textsida-med-vanster-sidebar\/","og_site_name":"Kristdemokraterna i Nacka","article_modified_time":"2026-03-31T07:17:21+00:00","og_image":[{"width":1080,"height":1350,"url":"https:\/\/wp.kristdemokraterna.se\/nacka\/files\/2025\/05\/img_angelika_hemsidan_kontakt.png","type":"image\/png"}],"twitter_card":"summary_large_image","twitter_misc":{"Ber\u00e4knad l\u00e4stid":"1 minut"},"schema":{"@context":"https:\/\/schema.org","@graph":[{"@type":"WebPage","@id":"https:\/\/wp.kristdemokraterna.se\/nacka\/textsida-med-vanster-sidebar\/","url":"https:\/\/wp.kristdemokraterna.se\/nacka\/textsida-med-vanster-sidebar\/","name":"V\u00e5ra f\u00f6retr\u00e4dare - Kristdemokraterna i Nacka","isPartOf":{"@id":"https:\/\/wp.kristdemokraterna.se\/nacka\/#website"},"primaryImageOfPage":{"@id":"https:\/\/wp.kristdemokraterna.se\/nacka\/textsida-med-vanster-sidebar\/#primaryimage"},"image":{"@id":"https:\/\/wp.kristdemokraterna.se\/nacka\/textsida-med-vanster-sidebar\/#primaryimage"},"thumbnailUrl":"https:\/\/wp.kristdemokraterna.se\/nacka\/files\/2025\/05\/img_angelika_hemsidan_kontakt-240x300.png","datePublished":"2017-11-29T15:48:28+00:00","dateModified":"2026-03-31T07:17:21+00:00","breadcrumb":{"@id":"https:\/\/wp.kristdemokraterna.se\/nacka\/textsida-med-vanster-sidebar\/#breadcrumb"},"inLanguage":"sv-SE","potentialAction":[{"@type":"ReadAction","target":["https:\/\/wp.kristdemokraterna.se\/nacka\/textsida-med-vanster-sidebar\/"]}]},{"@type":"ImageObject","inLanguage":"sv-SE","@id":"https:\/\/wp.kristdemokraterna.se\/nacka\/textsida-med-vanster-sidebar\/#primaryimage","url":"https:\/\/wp.kristdemokraterna.se\/nacka\/files\/2025\/05\/img_angelika_hemsidan_kontakt.png","contentUrl":"https:\/\/wp.kristdemokraterna.se\/nacka\/files\/2025\/05\/img_angelika_hemsidan_kontakt.png","width":1080,"height":1350,"caption":"Angelika Lang - ordf\u00f6rande"},{"@type":"BreadcrumbList","@id":"https:\/\/wp.kristdemokraterna.se\/nacka\/textsida-med-vanster-sidebar\/#breadcrumb","itemListElement":[{"@type":"ListItem","position":1,"name":"Hem","item":"https:\/\/wp.kristdemokraterna.se\/nacka\/"},{"@type":"ListItem","position":2,"name":"V\u00e5ra f\u00f6retr\u00e4dare"}]},{"@type":"WebSite","@id":"https:\/\/wp.kristdemokraterna.se\/nacka\/#website","url":"https:\/\/wp.kristdemokraterna.se\/nacka\/","name":"Kristdemokraterna i Nacka","description":"Vi \u00e4r hj\u00e4rtat till h\u00f6ger","inLanguage":"sv-SE"}]}},"_links":{"self":[{"href":"https:\/\/wp.kristdemokraterna.se\/nacka\/wp-json\/wp\/v2\/pages\/269","targetHints":{"allow":["GET"]}}],"collection":[{"href":"https:\/\/wp.kristdemokraterna.se\/nacka\/wp-json\/wp\/v2\/pages"}],"about":[{"href":"https:\/\/wp.kristdemokraterna.se\/nacka\/wp-json\/wp\/v2\/types\/page"}],"author":[{"embeddable":true,"href":"https:\/\/wp.kristdemokraterna.se\/nacka\/wp-json\/wp\/v2\/users\/789"}],"replies":[{"embeddable":true,"href":"https:\/\/wp.kristdemokraterna.se\/nacka\/wp-json\/wp\/v2\/comments?post=269"}],"version-history":[{"count":33,"href":"https:\/\/wp.kristdemokraterna.se\/nacka\/wp-json\/wp\/v2\/pages\/269\/revisions"}],"predecessor-version":[{"id":1492,"href":"https:\/\/wp.kristdemokraterna.se\/nacka\/wp-json\/wp\/v2\/pages\/269\/revisions\/1492"}],"wp:attachment":[{"href":"https:\/\/wp.kristdemokraterna.se\/nacka\/wp-json\/wp\/v2\/media?parent=269"}],"curies":[{"name":"wp","href":"https:\/\/api.w.org\/{rel}","templated":true}]}}