{"id":500,"date":"2019-03-18T23:35:51","date_gmt":"2019-03-18T22:35:51","guid":{"rendered":"http:\/\/wp.kristdemokraterna.se\/nacka\/?page_id=500"},"modified":"2026-04-13T16:07:12","modified_gmt":"2026-04-13T14:07:12","slug":"vara-fortroendevalda-politiker","status":"publish","type":"page","link":"https:\/\/wp.kristdemokraterna.se\/nacka\/textsida-med-vanster-sidebar\/vara-fortroendevalda-politiker\/","title":{"rendered":"V\u00e5ra f\u00f6rtroendevalda politiker"},"content":{"rendered":"<p><strong>KOMMUNFULLM\u00c4KTIGE<\/strong><br \/>\nAngelika Lang (kommunalr\u00e5d)<br \/>\nAnders Tiger (led och gruppledare)<br \/>\nMartin Gunnesson (ers)<br \/>\nJonathan Lindgren (ers)<\/p>\n<p><strong>KOMMUNSTYRELSEN<\/strong><br \/>\nAngelika Lang<br \/>\nAnders Tiger<\/p>\n<p><strong>N\u00c4MNDER<\/strong><\/p>\n<p><strong>Kommunstyrelsens utskott<\/strong><br \/>\nAngelika Lang (led)<\/p>\n<p><strong>Beredningen f\u00f6r beredskap<\/strong><br \/>\nMartin Gunnesson (ordf)<\/p>\n<p><strong>Fritidsn\u00e4mnden<\/strong><br \/>\nAngelika Lang (ordf)<\/p>\n<p><strong>Milj\u00f6- och stadsbyggnadsn\u00e4mnden<\/strong><br \/>\nAnders Tiger (led)<br \/>\nStefan Sarmes (ers)<\/p>\n<p><strong>Natur- och trafikn\u00e4mnden<\/strong><br \/>\nJonathan Lindgren (vice ordf)<\/p>\n<p><strong>Socialn\u00e4mnden<\/strong><br \/>\nRebecka Hellstr\u00f6m (led)<\/p>\n<p><strong>\u00c4ldren\u00e4mnden<\/strong><br \/>\nKristian Helbert (led)<br \/>\nJuliette Waldov (ers)<\/p>\n<p><strong>Utbildningsn\u00e4mnden<\/strong><br \/>\nGabriella Eckardt (led)<br \/>\nJohan Sterner Sj\u00f6din (ers)<\/p>\n<p><strong>Kulturn\u00e4mnden<\/strong><br \/>\nJan Huggare (ers)<\/p>\n<p><strong>N\u00e4mnden f\u00f6r arbete och f\u00f6rs\u00f6rjning<\/strong><br \/>\nYlva Jans (ers)<\/p>\n<p><strong>Val- och demokratin\u00e4mnden<\/strong><br \/>\nAnders Tiger (vice ordf)<\/p>\n<p><strong>\u00d6verf\u00f6rmyndarn\u00e4mnden<\/strong><br \/>\nMaximilian Walldov (ers)<\/p>\n<p><strong>Trygghetsr\u00e5det \u00c4lta<\/strong><br \/>\nCharlotte Wihk (led)<\/p>\n<p><strong>Tillg\u00e4nglighetsr\u00e5det<\/strong><br \/>\nAnders Tiger (ordf)<\/p>\n<p><strong>Nacka stadshus AB, Centrala Nacka AB<\/strong><br \/>\nAngelika Lang (led)<\/p>\n<p><strong>Nacka energi AB, Nacka energi f\u00f6rs\u00e4ljning AB<\/strong><br \/>\nJohan Sterner Sj\u00f6din (ers)<\/p>\n<p><strong>Nacka vatten och avfall AB<\/strong><br \/>\nLouise Drevingar (ers)<\/p>\n","protected":false},"excerpt":{"rendered":"<p>KOMMUNFULLM\u00c4KTIGE Angelika Lang (kommunalr\u00e5d) Anders Tiger (led och gruppledare) Martin Gunnesson (ers) Jonathan Lindgren (ers) KOMMUNSTYRELSEN Angelika Lang Anders Tiger N\u00c4MNDER Kommunstyrelsens utskott Angelika Lang (led) Beredningen f\u00f6r beredskap Martin Gunnesson (ordf) Fritidsn\u00e4mnden Angelika Lang (ordf) Milj\u00f6- och stadsbyggnadsn\u00e4mnden Anders Tiger (led) Stefan Sarmes (ers) Natur- och trafikn\u00e4mnden Jonathan Lindgren (vice ordf) Socialn\u00e4mnden Rebecka Hellstr\u00f6m <a class=\"read-more-link\" href=\"https:\/\/wp.kristdemokraterna.se\/nacka\/textsida-med-vanster-sidebar\/vara-fortroendevalda-politiker\/\">L\u00e4s mer<\/a><\/p>\n","protected":false},"author":820,"featured_media":0,"parent":269,"menu_order":1,"comment_status":"closed","ping_status":"closed","template":"","meta":{"_acf_changed":false,"footnotes":""},"class_list":["post-500","page","type-page","status-publish","hentry"],"acf":[],"yoast_head":"<!-- This site is optimized with the Yoast SEO plugin v27.3 - https:\/\/yoast.com\/product\/yoast-seo-wordpress\/ -->\n<title>V\u00e5ra f\u00f6rtroendevalda politiker - Kristdemokraterna i Nacka<\/title>\n<meta name=\"robots\" content=\"index, follow, max-snippet:-1, max-image-preview:large, max-video-preview:-1\" \/>\n<link rel=\"canonical\" href=\"https:\/\/wp.kristdemokraterna.se\/nacka\/textsida-med-vanster-sidebar\/vara-fortroendevalda-politiker\/\" \/>\n<meta property=\"og:locale\" content=\"sv_SE\" \/>\n<meta property=\"og:type\" content=\"article\" \/>\n<meta property=\"og:title\" content=\"V\u00e5ra f\u00f6rtroendevalda politiker - Kristdemokraterna i Nacka\" \/>\n<meta property=\"og:description\" content=\"KOMMUNFULLM\u00c4KTIGE Angelika Lang (kommunalr\u00e5d) Anders Tiger (led och gruppledare) Martin Gunnesson (ers) Jonathan Lindgren (ers) KOMMUNSTYRELSEN Angelika Lang Anders Tiger N\u00c4MNDER Kommunstyrelsens utskott Angelika Lang (led) Beredningen f\u00f6r beredskap Martin Gunnesson (ordf) Fritidsn\u00e4mnden Angelika Lang (ordf) Milj\u00f6- och stadsbyggnadsn\u00e4mnden Anders Tiger (led) Stefan Sarmes (ers) Natur- och trafikn\u00e4mnden Jonathan Lindgren (vice ordf) Socialn\u00e4mnden Rebecka Hellstr\u00f6m L\u00e4s mer\" \/>\n<meta property=\"og:url\" content=\"https:\/\/wp.kristdemokraterna.se\/nacka\/textsida-med-vanster-sidebar\/vara-fortroendevalda-politiker\/\" \/>\n<meta property=\"og:site_name\" content=\"Kristdemokraterna i Nacka\" \/>\n<meta property=\"article:modified_time\" content=\"2026-04-13T14:07:12+00:00\" \/>\n<meta name=\"twitter:card\" content=\"summary_large_image\" \/>\n<meta name=\"twitter:label1\" content=\"Ber\u00e4knad l\u00e4stid\" \/>\n\t<meta name=\"twitter:data1\" content=\"1 minut\" \/>\n<script type=\"application\/ld+json\" class=\"yoast-schema-graph\">{\"@context\":\"https:\\\/\\\/schema.org\",\"@graph\":[{\"@type\":\"WebPage\",\"@id\":\"https:\\\/\\\/wp.kristdemokraterna.se\\\/nacka\\\/textsida-med-vanster-sidebar\\\/vara-fortroendevalda-politiker\\\/\",\"url\":\"https:\\\/\\\/wp.kristdemokraterna.se\\\/nacka\\\/textsida-med-vanster-sidebar\\\/vara-fortroendevalda-politiker\\\/\",\"name\":\"V\u00e5ra f\u00f6rtroendevalda politiker - Kristdemokraterna i Nacka\",\"isPartOf\":{\"@id\":\"https:\\\/\\\/wp.kristdemokraterna.se\\\/nacka\\\/#website\"},\"datePublished\":\"2019-03-18T22:35:51+00:00\",\"dateModified\":\"2026-04-13T14:07:12+00:00\",\"breadcrumb\":{\"@id\":\"https:\\\/\\\/wp.kristdemokraterna.se\\\/nacka\\\/textsida-med-vanster-sidebar\\\/vara-fortroendevalda-politiker\\\/#breadcrumb\"},\"inLanguage\":\"sv-SE\",\"potentialAction\":[{\"@type\":\"ReadAction\",\"target\":[\"https:\\\/\\\/wp.kristdemokraterna.se\\\/nacka\\\/textsida-med-vanster-sidebar\\\/vara-fortroendevalda-politiker\\\/\"]}]},{\"@type\":\"BreadcrumbList\",\"@id\":\"https:\\\/\\\/wp.kristdemokraterna.se\\\/nacka\\\/textsida-med-vanster-sidebar\\\/vara-fortroendevalda-politiker\\\/#breadcrumb\",\"itemListElement\":[{\"@type\":\"ListItem\",\"position\":1,\"name\":\"Hem\",\"item\":\"https:\\\/\\\/wp.kristdemokraterna.se\\\/nacka\\\/\"},{\"@type\":\"ListItem\",\"position\":2,\"name\":\"V\u00e5ra f\u00f6retr\u00e4dare\",\"item\":\"https:\\\/\\\/wp.kristdemokraterna.se\\\/nacka\\\/textsida-med-vanster-sidebar\\\/\"},{\"@type\":\"ListItem\",\"position\":3,\"name\":\"V\u00e5ra f\u00f6rtroendevalda politiker\"}]},{\"@type\":\"WebSite\",\"@id\":\"https:\\\/\\\/wp.kristdemokraterna.se\\\/nacka\\\/#website\",\"url\":\"https:\\\/\\\/wp.kristdemokraterna.se\\\/nacka\\\/\",\"name\":\"Kristdemokraterna i Nacka\",\"description\":\"Vi \u00e4r hj\u00e4rtat till h\u00f6ger\",\"inLanguage\":\"sv-SE\"}]}<\/script>\n<!-- \/ Yoast SEO plugin. -->","yoast_head_json":{"title":"V\u00e5ra f\u00f6rtroendevalda politiker - Kristdemokraterna i Nacka","robots":{"index":"index","follow":"follow","max-snippet":"max-snippet:-1","max-image-preview":"max-image-preview:large","max-video-preview":"max-video-preview:-1"},"canonical":"https:\/\/wp.kristdemokraterna.se\/nacka\/textsida-med-vanster-sidebar\/vara-fortroendevalda-politiker\/","og_locale":"sv_SE","og_type":"article","og_title":"V\u00e5ra f\u00f6rtroendevalda politiker - Kristdemokraterna i Nacka","og_description":"KOMMUNFULLM\u00c4KTIGE Angelika Lang (kommunalr\u00e5d) Anders Tiger (led och gruppledare) Martin Gunnesson (ers) Jonathan Lindgren (ers) KOMMUNSTYRELSEN Angelika Lang Anders Tiger N\u00c4MNDER Kommunstyrelsens utskott Angelika Lang (led) Beredningen f\u00f6r beredskap Martin Gunnesson (ordf) Fritidsn\u00e4mnden Angelika Lang (ordf) Milj\u00f6- och stadsbyggnadsn\u00e4mnden Anders Tiger (led) Stefan Sarmes (ers) Natur- och trafikn\u00e4mnden Jonathan Lindgren (vice ordf) Socialn\u00e4mnden Rebecka Hellstr\u00f6m L\u00e4s mer","og_url":"https:\/\/wp.kristdemokraterna.se\/nacka\/textsida-med-vanster-sidebar\/vara-fortroendevalda-politiker\/","og_site_name":"Kristdemokraterna i Nacka","article_modified_time":"2026-04-13T14:07:12+00:00","twitter_card":"summary_large_image","twitter_misc":{"Ber\u00e4knad l\u00e4stid":"1 minut"},"schema":{"@context":"https:\/\/schema.org","@graph":[{"@type":"WebPage","@id":"https:\/\/wp.kristdemokraterna.se\/nacka\/textsida-med-vanster-sidebar\/vara-fortroendevalda-politiker\/","url":"https:\/\/wp.kristdemokraterna.se\/nacka\/textsida-med-vanster-sidebar\/vara-fortroendevalda-politiker\/","name":"V\u00e5ra f\u00f6rtroendevalda politiker - Kristdemokraterna i Nacka","isPartOf":{"@id":"https:\/\/wp.kristdemokraterna.se\/nacka\/#website"},"datePublished":"2019-03-18T22:35:51+00:00","dateModified":"2026-04-13T14:07:12+00:00","breadcrumb":{"@id":"https:\/\/wp.kristdemokraterna.se\/nacka\/textsida-med-vanster-sidebar\/vara-fortroendevalda-politiker\/#breadcrumb"},"inLanguage":"sv-SE","potentialAction":[{"@type":"ReadAction","target":["https:\/\/wp.kristdemokraterna.se\/nacka\/textsida-med-vanster-sidebar\/vara-fortroendevalda-politiker\/"]}]},{"@type":"BreadcrumbList","@id":"https:\/\/wp.kristdemokraterna.se\/nacka\/textsida-med-vanster-sidebar\/vara-fortroendevalda-politiker\/#breadcrumb","itemListElement":[{"@type":"ListItem","position":1,"name":"Hem","item":"https:\/\/wp.kristdemokraterna.se\/nacka\/"},{"@type":"ListItem","position":2,"name":"V\u00e5ra f\u00f6retr\u00e4dare","item":"https:\/\/wp.kristdemokraterna.se\/nacka\/textsida-med-vanster-sidebar\/"},{"@type":"ListItem","position":3,"name":"V\u00e5ra f\u00f6rtroendevalda politiker"}]},{"@type":"WebSite","@id":"https:\/\/wp.kristdemokraterna.se\/nacka\/#website","url":"https:\/\/wp.kristdemokraterna.se\/nacka\/","name":"Kristdemokraterna i Nacka","description":"Vi \u00e4r hj\u00e4rtat till h\u00f6ger","inLanguage":"sv-SE"}]}},"_links":{"self":[{"href":"https:\/\/wp.kristdemokraterna.se\/nacka\/wp-json\/wp\/v2\/pages\/500","targetHints":{"allow":["GET"]}}],"collection":[{"href":"https:\/\/wp.kristdemokraterna.se\/nacka\/wp-json\/wp\/v2\/pages"}],"about":[{"href":"https:\/\/wp.kristdemokraterna.se\/nacka\/wp-json\/wp\/v2\/types\/page"}],"author":[{"embeddable":true,"href":"https:\/\/wp.kristdemokraterna.se\/nacka\/wp-json\/wp\/v2\/users\/820"}],"replies":[{"embeddable":true,"href":"https:\/\/wp.kristdemokraterna.se\/nacka\/wp-json\/wp\/v2\/comments?post=500"}],"version-history":[{"count":23,"href":"https:\/\/wp.kristdemokraterna.se\/nacka\/wp-json\/wp\/v2\/pages\/500\/revisions"}],"predecessor-version":[{"id":1493,"href":"https:\/\/wp.kristdemokraterna.se\/nacka\/wp-json\/wp\/v2\/pages\/500\/revisions\/1493"}],"up":[{"embeddable":true,"href":"https:\/\/wp.kristdemokraterna.se\/nacka\/wp-json\/wp\/v2\/pages\/269"}],"wp:attachment":[{"href":"https:\/\/wp.kristdemokraterna.se\/nacka\/wp-json\/wp\/v2\/media?parent=500"}],"curies":[{"name":"wp","href":"https:\/\/api.w.org\/{rel}","templated":true}]}}