{"id":502,"date":"2019-03-18T23:13:05","date_gmt":"2019-03-18T22:13:05","guid":{"rendered":"http:\/\/wp.kristdemokraterna.se\/nacka\/?page_id=502"},"modified":"2026-03-27T10:07:47","modified_gmt":"2026-03-27T09:07:47","slug":"styrelsen","status":"publish","type":"page","link":"https:\/\/wp.kristdemokraterna.se\/nacka\/textsida-med-vanster-sidebar\/styrelsen\/","title":{"rendered":"Styrelsen"},"content":{"rendered":"<h2><strong>Lokalavdelningens styrelse<\/strong><\/h2>\n<p>&nbsp;<\/p>\n<h4>Johan Sterner Sj\u00f6din &#8211; Ordf\u00f6rande<br \/>\n<a href=\"mailto:johan.sternersjodin@nacka.se\">johan.sternersjodin@nacka.se<\/a><\/h4>\n<h4>Martin Gunnesson &#8211; Vice ordf\u00f6rande<br \/>\n<a href=\"mailto:martin.gunnesson@kristdemokraterna.se\">martin.gunnesson@kristdemokraterna.se<\/a><\/h4>\n<h4>Stefan Herczfeld &#8211; Kass\u00f6r<br \/>\n<a href=\"mailto:stefan.herczfeld@nacka.se\">stefan.herczfeld@nacka.se<\/a><\/h4>\n<h2>Ledam\u00f6ter<\/h2>\n<p><strong>Angelika Lang<\/strong><br \/>\n<a href=\"mailto:angelika.lang@nacka.se\">angelika.lang@nacka.se<\/a><\/p>\n<p><strong>Louise Drevinger<\/strong><br \/>\n<a href=\"mailto:louise.drevinger@kristdemokraterna.se\">louise.drevinger@kristdemokraterna.se<\/a><\/p>\n<p><strong>Karin Teljstedt<\/strong><br \/>\n<a href=\"mailto:karin.teljstedt@nacka.se\">karin.teljstedt@nacka.se<\/a><\/p>\n<p><strong>Rebecka Hellstr\u00f6m\u00a0<\/strong><br \/>\n<a href=\"mailto:rebecka.hellstrom@nacka.se\">rebecka.hellstrom@nacka.se<\/a><\/p>\n<p><strong>Gabriella Eckardt\u00a0<\/strong><br \/>\n<a href=\"mailto:gabriella.eckardt@kristdemokraterna.se\">gabriella.eckardt@kristdemokraterna.se<\/a><\/p>\n<h2>Ers\u00e4ttare<\/h2>\n<p><strong>Stefan Sarmes<\/strong><br \/>\n<a href=\"mailto:stefan.sarmes@kristdemokraterna.se\">stefan.sarmes@kristdemokraterna.se<\/a><\/p>\n<p><strong>Jonathan Lindgren<\/strong><br \/>\n<a href=\"mailto:jonathan.lindgren@nacka.se\">jonathan.lindgren@nacka.se<\/a><\/p>\n<p>&nbsp;<\/p>\n<p>&nbsp;<\/p>\n","protected":false},"excerpt":{"rendered":"<p>Lokalavdelningens styrelse &nbsp; Johan Sterner Sj\u00f6din &#8211; Ordf\u00f6rande johan.sternersjodin@nacka.se Martin Gunnesson &#8211; Vice ordf\u00f6rande martin.gunnesson@kristdemokraterna.se Stefan Herczfeld &#8211; Kass\u00f6r stefan.herczfeld@nacka.se Ledam\u00f6ter Angelika Lang angelika.lang@nacka.se Louise Drevinger louise.drevinger@kristdemokraterna.se Karin Teljstedt karin.teljstedt@nacka.se Rebecka Hellstr\u00f6m\u00a0 rebecka.hellstrom@nacka.se Gabriella Eckardt\u00a0 gabriella.eckardt@kristdemokraterna.se Ers\u00e4ttare Stefan Sarmes stefan.sarmes@kristdemokraterna.se Jonathan Lindgren jonathan.lindgren@nacka.se &nbsp; &nbsp;<\/p>\n","protected":false},"author":820,"featured_media":0,"parent":269,"menu_order":0,"comment_status":"closed","ping_status":"closed","template":"","meta":{"_acf_changed":false,"footnotes":""},"class_list":["post-502","page","type-page","status-publish","hentry"],"acf":[],"yoast_head":"<!-- This site is optimized with the Yoast SEO plugin v27.3 - https:\/\/yoast.com\/product\/yoast-seo-wordpress\/ -->\n<title>Styrelsen - Kristdemokraterna i Nacka<\/title>\n<meta name=\"robots\" content=\"index, follow, max-snippet:-1, max-image-preview:large, max-video-preview:-1\" \/>\n<link rel=\"canonical\" href=\"https:\/\/wp.kristdemokraterna.se\/nacka\/textsida-med-vanster-sidebar\/styrelsen\/\" \/>\n<meta property=\"og:locale\" content=\"sv_SE\" \/>\n<meta property=\"og:type\" content=\"article\" \/>\n<meta property=\"og:title\" content=\"Styrelsen - Kristdemokraterna i Nacka\" \/>\n<meta property=\"og:description\" content=\"Lokalavdelningens styrelse &nbsp; Johan Sterner Sj\u00f6din &#8211; Ordf\u00f6rande johan.sternersjodin@nacka.se Martin Gunnesson &#8211; Vice ordf\u00f6rande martin.gunnesson@kristdemokraterna.se Stefan Herczfeld &#8211; Kass\u00f6r stefan.herczfeld@nacka.se Ledam\u00f6ter Angelika Lang angelika.lang@nacka.se Louise Drevinger louise.drevinger@kristdemokraterna.se Karin Teljstedt karin.teljstedt@nacka.se Rebecka Hellstr\u00f6m\u00a0 rebecka.hellstrom@nacka.se Gabriella Eckardt\u00a0 gabriella.eckardt@kristdemokraterna.se Ers\u00e4ttare Stefan Sarmes stefan.sarmes@kristdemokraterna.se Jonathan Lindgren jonathan.lindgren@nacka.se &nbsp; &nbsp;\" \/>\n<meta property=\"og:url\" content=\"https:\/\/wp.kristdemokraterna.se\/nacka\/textsida-med-vanster-sidebar\/styrelsen\/\" \/>\n<meta property=\"og:site_name\" content=\"Kristdemokraterna i Nacka\" \/>\n<meta property=\"article:modified_time\" content=\"2026-03-27T09:07:47+00:00\" \/>\n<meta name=\"twitter:card\" content=\"summary_large_image\" \/>\n<meta name=\"twitter:label1\" content=\"Ber\u00e4knad l\u00e4stid\" \/>\n\t<meta name=\"twitter:data1\" content=\"1 minut\" \/>\n<script type=\"application\/ld+json\" class=\"yoast-schema-graph\">{\"@context\":\"https:\\\/\\\/schema.org\",\"@graph\":[{\"@type\":\"WebPage\",\"@id\":\"https:\\\/\\\/wp.kristdemokraterna.se\\\/nacka\\\/textsida-med-vanster-sidebar\\\/styrelsen\\\/\",\"url\":\"https:\\\/\\\/wp.kristdemokraterna.se\\\/nacka\\\/textsida-med-vanster-sidebar\\\/styrelsen\\\/\",\"name\":\"Styrelsen - Kristdemokraterna i Nacka\",\"isPartOf\":{\"@id\":\"https:\\\/\\\/wp.kristdemokraterna.se\\\/nacka\\\/#website\"},\"datePublished\":\"2019-03-18T22:13:05+00:00\",\"dateModified\":\"2026-03-27T09:07:47+00:00\",\"breadcrumb\":{\"@id\":\"https:\\\/\\\/wp.kristdemokraterna.se\\\/nacka\\\/textsida-med-vanster-sidebar\\\/styrelsen\\\/#breadcrumb\"},\"inLanguage\":\"sv-SE\",\"potentialAction\":[{\"@type\":\"ReadAction\",\"target\":[\"https:\\\/\\\/wp.kristdemokraterna.se\\\/nacka\\\/textsida-med-vanster-sidebar\\\/styrelsen\\\/\"]}]},{\"@type\":\"BreadcrumbList\",\"@id\":\"https:\\\/\\\/wp.kristdemokraterna.se\\\/nacka\\\/textsida-med-vanster-sidebar\\\/styrelsen\\\/#breadcrumb\",\"itemListElement\":[{\"@type\":\"ListItem\",\"position\":1,\"name\":\"Hem\",\"item\":\"https:\\\/\\\/wp.kristdemokraterna.se\\\/nacka\\\/\"},{\"@type\":\"ListItem\",\"position\":2,\"name\":\"V\u00e5ra f\u00f6retr\u00e4dare\",\"item\":\"https:\\\/\\\/wp.kristdemokraterna.se\\\/nacka\\\/textsida-med-vanster-sidebar\\\/\"},{\"@type\":\"ListItem\",\"position\":3,\"name\":\"Styrelsen\"}]},{\"@type\":\"WebSite\",\"@id\":\"https:\\\/\\\/wp.kristdemokraterna.se\\\/nacka\\\/#website\",\"url\":\"https:\\\/\\\/wp.kristdemokraterna.se\\\/nacka\\\/\",\"name\":\"Kristdemokraterna i Nacka\",\"description\":\"Vi \u00e4r hj\u00e4rtat till h\u00f6ger\",\"inLanguage\":\"sv-SE\"}]}<\/script>\n<!-- \/ Yoast SEO plugin. -->","yoast_head_json":{"title":"Styrelsen - Kristdemokraterna i Nacka","robots":{"index":"index","follow":"follow","max-snippet":"max-snippet:-1","max-image-preview":"max-image-preview:large","max-video-preview":"max-video-preview:-1"},"canonical":"https:\/\/wp.kristdemokraterna.se\/nacka\/textsida-med-vanster-sidebar\/styrelsen\/","og_locale":"sv_SE","og_type":"article","og_title":"Styrelsen - Kristdemokraterna i Nacka","og_description":"Lokalavdelningens styrelse &nbsp; Johan Sterner Sj\u00f6din &#8211; Ordf\u00f6rande johan.sternersjodin@nacka.se Martin Gunnesson &#8211; Vice ordf\u00f6rande martin.gunnesson@kristdemokraterna.se Stefan Herczfeld &#8211; Kass\u00f6r stefan.herczfeld@nacka.se Ledam\u00f6ter Angelika Lang angelika.lang@nacka.se Louise Drevinger louise.drevinger@kristdemokraterna.se Karin Teljstedt karin.teljstedt@nacka.se Rebecka Hellstr\u00f6m\u00a0 rebecka.hellstrom@nacka.se Gabriella Eckardt\u00a0 gabriella.eckardt@kristdemokraterna.se Ers\u00e4ttare Stefan Sarmes stefan.sarmes@kristdemokraterna.se Jonathan Lindgren jonathan.lindgren@nacka.se &nbsp; &nbsp;","og_url":"https:\/\/wp.kristdemokraterna.se\/nacka\/textsida-med-vanster-sidebar\/styrelsen\/","og_site_name":"Kristdemokraterna i Nacka","article_modified_time":"2026-03-27T09:07:47+00:00","twitter_card":"summary_large_image","twitter_misc":{"Ber\u00e4knad l\u00e4stid":"1 minut"},"schema":{"@context":"https:\/\/schema.org","@graph":[{"@type":"WebPage","@id":"https:\/\/wp.kristdemokraterna.se\/nacka\/textsida-med-vanster-sidebar\/styrelsen\/","url":"https:\/\/wp.kristdemokraterna.se\/nacka\/textsida-med-vanster-sidebar\/styrelsen\/","name":"Styrelsen - Kristdemokraterna i Nacka","isPartOf":{"@id":"https:\/\/wp.kristdemokraterna.se\/nacka\/#website"},"datePublished":"2019-03-18T22:13:05+00:00","dateModified":"2026-03-27T09:07:47+00:00","breadcrumb":{"@id":"https:\/\/wp.kristdemokraterna.se\/nacka\/textsida-med-vanster-sidebar\/styrelsen\/#breadcrumb"},"inLanguage":"sv-SE","potentialAction":[{"@type":"ReadAction","target":["https:\/\/wp.kristdemokraterna.se\/nacka\/textsida-med-vanster-sidebar\/styrelsen\/"]}]},{"@type":"BreadcrumbList","@id":"https:\/\/wp.kristdemokraterna.se\/nacka\/textsida-med-vanster-sidebar\/styrelsen\/#breadcrumb","itemListElement":[{"@type":"ListItem","position":1,"name":"Hem","item":"https:\/\/wp.kristdemokraterna.se\/nacka\/"},{"@type":"ListItem","position":2,"name":"V\u00e5ra f\u00f6retr\u00e4dare","item":"https:\/\/wp.kristdemokraterna.se\/nacka\/textsida-med-vanster-sidebar\/"},{"@type":"ListItem","position":3,"name":"Styrelsen"}]},{"@type":"WebSite","@id":"https:\/\/wp.kristdemokraterna.se\/nacka\/#website","url":"https:\/\/wp.kristdemokraterna.se\/nacka\/","name":"Kristdemokraterna i Nacka","description":"Vi \u00e4r hj\u00e4rtat till h\u00f6ger","inLanguage":"sv-SE"}]}},"_links":{"self":[{"href":"https:\/\/wp.kristdemokraterna.se\/nacka\/wp-json\/wp\/v2\/pages\/502","targetHints":{"allow":["GET"]}}],"collection":[{"href":"https:\/\/wp.kristdemokraterna.se\/nacka\/wp-json\/wp\/v2\/pages"}],"about":[{"href":"https:\/\/wp.kristdemokraterna.se\/nacka\/wp-json\/wp\/v2\/types\/page"}],"author":[{"embeddable":true,"href":"https:\/\/wp.kristdemokraterna.se\/nacka\/wp-json\/wp\/v2\/users\/820"}],"replies":[{"embeddable":true,"href":"https:\/\/wp.kristdemokraterna.se\/nacka\/wp-json\/wp\/v2\/comments?post=502"}],"version-history":[{"count":31,"href":"https:\/\/wp.kristdemokraterna.se\/nacka\/wp-json\/wp\/v2\/pages\/502\/revisions"}],"predecessor-version":[{"id":1485,"href":"https:\/\/wp.kristdemokraterna.se\/nacka\/wp-json\/wp\/v2\/pages\/502\/revisions\/1485"}],"up":[{"embeddable":true,"href":"https:\/\/wp.kristdemokraterna.se\/nacka\/wp-json\/wp\/v2\/pages\/269"}],"wp:attachment":[{"href":"https:\/\/wp.kristdemokraterna.se\/nacka\/wp-json\/wp\/v2\/media?parent=502"}],"curies":[{"name":"wp","href":"https:\/\/api.w.org\/{rel}","templated":true}]}}