{"id":265,"date":"2017-11-29T16:47:40","date_gmt":"2017-11-29T15:47:40","guid":{"rendered":"http:\/\/wp.kristdemokraterna.se\/nassjo\/?page_id=265"},"modified":"2025-03-31T08:34:08","modified_gmt":"2025-03-31T06:34:08","slug":"startsida","status":"publish","type":"page","link":"https:\/\/wp.kristdemokraterna.se\/nassjo\/","title":{"rendered":"V\u00e4lkomna!"},"content":{"rendered":"<p><b>V\u00e4lkomna till Kristdemokraterna i N\u00e4ssj\u00f6!<\/b><\/p>\n<p>V\u00e4lkommen att h\u00f6ra av dig om du \u00e4r nyfiken p\u00e5 oss och v\u00e5ra tankar f\u00f6r att g\u00f6ra allt s\u00e5 bar som m\u00f6jligt f\u00f6r hela N\u00e4ssj\u00f6 Kommun! Du hittar kontaktuppgifter under &#8221;kontakt&#8221;.<\/p>\n<p>F\u00f6lj oss g\u00e4rna p\u00e5 <a class=\"x1i10hfl xjbqb8w x1ejq31n xd10rxx x1sy0etr x17r0tee x972fbf xcfux6l x1qhh985 xm0m39n x9f619 x1ypdohk xt0psk2 xe8uvvx xdj266r x11i5rnm xat24cr x1mh8g0r xexx8yu x4uap5 x18d9i69 xkhd6sd x16tdsg8 x1hl2dhg xggy1nq x1a2a7pz x1heor9g xkrqix3 x1sur9pj x1pd3egz xq9mrsl\" role=\"link\" href=\"https:\/\/www.facebook.com\/KDNassjo\" aria-label=\"Kristdemokraterna i N\u00e4ssj\u00f6\">Kristdemokraterna i N\u00e4ssj\u00f6<\/a> p\u00e5 Facebook!<\/p>\n","protected":false},"excerpt":{"rendered":"<p>V\u00e4lkomna till Kristdemokraterna i N\u00e4ssj\u00f6! V\u00e4lkommen att h\u00f6ra av dig om du \u00e4r nyfiken p\u00e5 oss och v\u00e5ra tankar f\u00f6r att g\u00f6ra allt s\u00e5 bar som m\u00f6jligt f\u00f6r hela N\u00e4ssj\u00f6 Kommun! Du hittar kontaktuppgifter under &#8221;kontakt&#8221;. F\u00f6lj oss g\u00e4rna p\u00e5 Kristdemokraterna i N\u00e4ssj\u00f6 p\u00e5 Facebook!<\/p>\n","protected":false},"author":403,"featured_media":0,"parent":0,"menu_order":0,"comment_status":"closed","ping_status":"closed","template":"","meta":{"_acf_changed":false,"footnotes":""},"class_list":["post-265","page","type-page","status-publish","hentry"],"acf":[],"yoast_head":"<!-- This site is optimized with the Yoast SEO plugin v27.4 - https:\/\/yoast.com\/product\/yoast-seo-wordpress\/ -->\n<title>V\u00e4lkomna! - Kristdemokraterna | N\u00e4ssj\u00f6<\/title>\n<meta name=\"robots\" content=\"index, follow, max-snippet:-1, max-image-preview:large, max-video-preview:-1\" \/>\n<link rel=\"canonical\" href=\"https:\/\/wp.kristdemokraterna.se\/nassjo\/\" \/>\n<meta property=\"og:locale\" content=\"sv_SE\" \/>\n<meta property=\"og:type\" content=\"article\" \/>\n<meta property=\"og:title\" content=\"V\u00e4lkomna! - Kristdemokraterna | N\u00e4ssj\u00f6\" \/>\n<meta property=\"og:description\" content=\"V\u00e4lkomna till Kristdemokraterna i N\u00e4ssj\u00f6! V\u00e4lkommen att h\u00f6ra av dig om du \u00e4r nyfiken p\u00e5 oss och v\u00e5ra tankar f\u00f6r att g\u00f6ra allt s\u00e5 bar som m\u00f6jligt f\u00f6r hela N\u00e4ssj\u00f6 Kommun! Du hittar kontaktuppgifter under &#8221;kontakt&#8221;. F\u00f6lj oss g\u00e4rna p\u00e5 Kristdemokraterna i N\u00e4ssj\u00f6 p\u00e5 Facebook!\" \/>\n<meta property=\"og:url\" content=\"https:\/\/wp.kristdemokraterna.se\/nassjo\/\" \/>\n<meta property=\"og:site_name\" content=\"Kristdemokraterna | N\u00e4ssj\u00f6\" \/>\n<meta property=\"article:modified_time\" content=\"2025-03-31T06:34:08+00:00\" \/>\n<meta name=\"twitter:card\" content=\"summary_large_image\" \/>\n<meta name=\"twitter:label1\" content=\"Ber\u00e4knad l\u00e4stid\" \/>\n\t<meta name=\"twitter:data1\" content=\"1 minut\" \/>\n<script type=\"application\/ld+json\" class=\"yoast-schema-graph\">{\"@context\":\"https:\\\/\\\/schema.org\",\"@graph\":[{\"@type\":\"WebPage\",\"@id\":\"https:\\\/\\\/wp.kristdemokraterna.se\\\/nassjo\\\/\",\"url\":\"https:\\\/\\\/wp.kristdemokraterna.se\\\/nassjo\\\/\",\"name\":\"V\u00e4lkomna! - Kristdemokraterna | N\u00e4ssj\u00f6\",\"isPartOf\":{\"@id\":\"https:\\\/\\\/wp.kristdemokraterna.se\\\/nassjo\\\/#website\"},\"datePublished\":\"2017-11-29T15:47:40+00:00\",\"dateModified\":\"2025-03-31T06:34:08+00:00\",\"breadcrumb\":{\"@id\":\"https:\\\/\\\/wp.kristdemokraterna.se\\\/nassjo\\\/#breadcrumb\"},\"inLanguage\":\"sv-SE\",\"potentialAction\":[{\"@type\":\"ReadAction\",\"target\":[\"https:\\\/\\\/wp.kristdemokraterna.se\\\/nassjo\\\/\"]}]},{\"@type\":\"BreadcrumbList\",\"@id\":\"https:\\\/\\\/wp.kristdemokraterna.se\\\/nassjo\\\/#breadcrumb\",\"itemListElement\":[{\"@type\":\"ListItem\",\"position\":1,\"name\":\"Hem\",\"item\":\"https:\\\/\\\/wp.kristdemokraterna.se\\\/nassjo\\\/\"},{\"@type\":\"ListItem\",\"position\":2,\"name\":\"V\u00e4lkomna!\"}]},{\"@type\":\"WebSite\",\"@id\":\"https:\\\/\\\/wp.kristdemokraterna.se\\\/nassjo\\\/#website\",\"url\":\"https:\\\/\\\/wp.kristdemokraterna.se\\\/nassjo\\\/\",\"name\":\"Kristdemokraterna | N\u00e4ssj\u00f6\",\"description\":\"En till Kristdemokraterna webbplats\",\"inLanguage\":\"sv-SE\"}]}<\/script>\n<!-- \/ Yoast SEO plugin. -->","yoast_head_json":{"title":"V\u00e4lkomna! - Kristdemokraterna | N\u00e4ssj\u00f6","robots":{"index":"index","follow":"follow","max-snippet":"max-snippet:-1","max-image-preview":"max-image-preview:large","max-video-preview":"max-video-preview:-1"},"canonical":"https:\/\/wp.kristdemokraterna.se\/nassjo\/","og_locale":"sv_SE","og_type":"article","og_title":"V\u00e4lkomna! - Kristdemokraterna | N\u00e4ssj\u00f6","og_description":"V\u00e4lkomna till Kristdemokraterna i N\u00e4ssj\u00f6! V\u00e4lkommen att h\u00f6ra av dig om du \u00e4r nyfiken p\u00e5 oss och v\u00e5ra tankar f\u00f6r att g\u00f6ra allt s\u00e5 bar som m\u00f6jligt f\u00f6r hela N\u00e4ssj\u00f6 Kommun! Du hittar kontaktuppgifter under &#8221;kontakt&#8221;. F\u00f6lj oss g\u00e4rna p\u00e5 Kristdemokraterna i N\u00e4ssj\u00f6 p\u00e5 Facebook!","og_url":"https:\/\/wp.kristdemokraterna.se\/nassjo\/","og_site_name":"Kristdemokraterna | N\u00e4ssj\u00f6","article_modified_time":"2025-03-31T06:34:08+00:00","twitter_card":"summary_large_image","twitter_misc":{"Ber\u00e4knad l\u00e4stid":"1 minut"},"schema":{"@context":"https:\/\/schema.org","@graph":[{"@type":"WebPage","@id":"https:\/\/wp.kristdemokraterna.se\/nassjo\/","url":"https:\/\/wp.kristdemokraterna.se\/nassjo\/","name":"V\u00e4lkomna! - Kristdemokraterna | N\u00e4ssj\u00f6","isPartOf":{"@id":"https:\/\/wp.kristdemokraterna.se\/nassjo\/#website"},"datePublished":"2017-11-29T15:47:40+00:00","dateModified":"2025-03-31T06:34:08+00:00","breadcrumb":{"@id":"https:\/\/wp.kristdemokraterna.se\/nassjo\/#breadcrumb"},"inLanguage":"sv-SE","potentialAction":[{"@type":"ReadAction","target":["https:\/\/wp.kristdemokraterna.se\/nassjo\/"]}]},{"@type":"BreadcrumbList","@id":"https:\/\/wp.kristdemokraterna.se\/nassjo\/#breadcrumb","itemListElement":[{"@type":"ListItem","position":1,"name":"Hem","item":"https:\/\/wp.kristdemokraterna.se\/nassjo\/"},{"@type":"ListItem","position":2,"name":"V\u00e4lkomna!"}]},{"@type":"WebSite","@id":"https:\/\/wp.kristdemokraterna.se\/nassjo\/#website","url":"https:\/\/wp.kristdemokraterna.se\/nassjo\/","name":"Kristdemokraterna | N\u00e4ssj\u00f6","description":"En till Kristdemokraterna webbplats","inLanguage":"sv-SE"}]}},"_links":{"self":[{"href":"https:\/\/wp.kristdemokraterna.se\/nassjo\/wp-json\/wp\/v2\/pages\/265","targetHints":{"allow":["GET"]}}],"collection":[{"href":"https:\/\/wp.kristdemokraterna.se\/nassjo\/wp-json\/wp\/v2\/pages"}],"about":[{"href":"https:\/\/wp.kristdemokraterna.se\/nassjo\/wp-json\/wp\/v2\/types\/page"}],"author":[{"embeddable":true,"href":"https:\/\/wp.kristdemokraterna.se\/nassjo\/wp-json\/wp\/v2\/users\/403"}],"replies":[{"embeddable":true,"href":"https:\/\/wp.kristdemokraterna.se\/nassjo\/wp-json\/wp\/v2\/comments?post=265"}],"version-history":[{"count":69,"href":"https:\/\/wp.kristdemokraterna.se\/nassjo\/wp-json\/wp\/v2\/pages\/265\/revisions"}],"predecessor-version":[{"id":613,"href":"https:\/\/wp.kristdemokraterna.se\/nassjo\/wp-json\/wp\/v2\/pages\/265\/revisions\/613"}],"wp:attachment":[{"href":"https:\/\/wp.kristdemokraterna.se\/nassjo\/wp-json\/wp\/v2\/media?parent=265"}],"curies":[{"name":"wp","href":"https:\/\/api.w.org\/{rel}","templated":true}]}}