{"id":342,"date":"2017-11-30T15:21:10","date_gmt":"2017-11-30T14:21:10","guid":{"rendered":"http:\/\/wp.kristdemokraterna.se\/nassjo\/?page_id=342"},"modified":"2023-10-06T12:33:29","modified_gmt":"2023-10-06T10:33:29","slug":"i-var-kommun","status":"publish","type":"page","link":"https:\/\/wp.kristdemokraterna.se\/nassjo\/i-var-kommun\/","title":{"rendered":"Vad vill vi i v\u00e5r kommun"},"content":{"rendered":"<h3>F\u00f6reningsliv &amp; civilsamh\u00e4lle<\/h3>\n<p>Dagligen sker enorma insatser i v\u00e5r kommuns fantastiska f\u00f6reningsliv och civilsamh\u00e4lle. Vi har m\u00e5nga m\u00e4nniskor som engagerar sig p\u00e5 fritiden f\u00f6r att g\u00f6ra livet mer meningsfullt f\u00f6r andra m\u00e4nniskor &#8211; inte minst barn och unga. Civilsamh\u00e4llets krafter st\u00e5r f\u00f6r insatser som offentligheten inte kan ers\u00e4tta. I takt med att f\u00f6reningsengagemanget minskar, framf\u00f6rallt bland ton\u00e5ringar, s\u00e5 beh\u00f6ver f\u00f6reningarna st\u00f6ttning. Vi vill medverka till gynnsammare villkor f\u00f6r f\u00f6reningarna och hitta nya forum d\u00e4r st\u00f6ttning och kunskapsutbyte kan ske. Vi \u00e4r i full g\u00e5ng med att hitta nya former f\u00f6r att m\u00f6ta barn och ungdomar p\u00e5 &#8221;deras arena&#8221; bland annat med samverkan med f\u00f6reningarna. <strong>Vi vill n\u00e5 alla ungdomar &#8211; i hela kommunen!<\/strong><\/p>\n<h3>Stad, kransort &amp; landsbygd<\/h3>\n<p>N\u00e4ssj\u00f6 kommun utg\u00f6rs av N\u00e4ssj\u00f6 stad tillsammans med t\u00e4torter och landsbygd. F\u00f6r oss kristdemokrater \u00e4r det viktigt att det finns m\u00f6jlighet f\u00f6r <strong>goda livsvillkor i hela kommunen<\/strong>. Idag finns antagna dokument om stadsk\u00e4rneutveckling i N\u00e4ssj\u00f6, vi vill \u00e4ven att ett liknande dokument tas fram f\u00f6r resten av kommunen &#8211; en strategi f\u00f6r kransort och landsbygd. Vi vill l\u00e5ngsiktigt \u00f6ka attraktivitet, tillv\u00e4xt och levnadsstandard i hela kommunen och d\u00e4rf\u00f6r vill vi l\u00e5ngsiktigt planera hur detta ska ske s\u00e5 att alla beslut som fattas kring kransort och landsbygd sker i enlighet med utvecklingsstrategin. <strong>Vi vill v\u00e4xa h\u00e5llbart!<\/strong><\/p>\n<h3>Skatten &amp; Ekonomin<\/h3>\n<p>N\u00e4r Kristdemokraterna tog \u00f6ver makten 2018 s\u00e5 hade N\u00e4ssj\u00f6 kommun precis gjort ett rekordstort underskott om 65 miljoner kronor som enligt lagstiftning m\u00e5ste \u00e5terst\u00e4llas inom tre \u00e5r. Efter tv\u00e5 \u00e5r av ekonomiskt fokus s\u00e5 kunde vi 2020 konstatera att underskottet var inh\u00e4mtat. Fortsatt har kommunen en anstr\u00e4ngd ekonomi och tyv\u00e4rr har vi idag J\u00f6nk\u00f6pings l\u00e4ns h\u00f6gsta kommunalskatt. Vi har en l\u00e5ngsiktig ambition att kunna justera den n\u00e4r utrymme ges.<\/p>\n<h3>Trygghet<\/h3>\n<p>N\u00e4ssj\u00f6 har de senaste \u00e5ren pr\u00e4glats av en allt h\u00f6gre upplevd otrygghet, n\u00e5got vi \u00e4r ytterst obekv\u00e4ma med. Vi drev h\u00e5rt fr\u00e5gan om att hitta sk\u00e4len till detta, vilket resulterade i en stor enk\u00e4t 2022. Denna p\u00e5visar att otryggheten har f\u00f6rflyttats, fr\u00e5n bland annat Runneryd, till att g\u00e4lla de mer centrala delarna av N\u00e4ssj\u00f6. H\u00e4r s\u00e4tter vi in \u00e5tg\u00e4rder tillsammans med polis och r\u00e4ddningstj\u00e4nst, allt f\u00f6r att \u00f6ka den upplevda tryggheten. Politiken har ansvaret att trygga sina inv\u00e5nare och m\u00e5nga av v\u00e5ra svar finner vi p\u00e5 riksdagsniv\u00e5 d\u00e4r v\u00e5rt parti driver fr\u00e5gor om str\u00e4ngare straff och fler poliser. F\u00f6r KD i N\u00e4ssj\u00f6 \u00e4r det viktigt att politiken g\u00f6r det den kan i f\u00f6rebyggande syfte, men ocks\u00e5 \u00e5tg\u00e4rder n\u00e4r n\u00e5got g\u00e5tt fel. Vi vill ocks\u00e5 st\u00f6tta f\u00f6reningsliv och civilsamh\u00e4lle, och genom skapandet av &#8221;Enhet Ungdom&#8221; 2022 skapar vi en relation med m\u00e5nga ungdomar i f\u00f6rebyggande syfte. Kan vi samtidigt erbjuda fler en meningsfull fritid har vi mycket vunnet fram\u00f6ver! <strong>Vi tror p\u00e5 v\u00e5ra ungdomar, de \u00e4r v\u00e5r framtid!<\/strong><\/p>\n","protected":false},"excerpt":{"rendered":"<p>F\u00f6reningsliv &amp; civilsamh\u00e4lle Dagligen sker enorma insatser i v\u00e5r kommuns fantastiska f\u00f6reningsliv och civilsamh\u00e4lle. Vi har m\u00e5nga m\u00e4nniskor som engagerar sig p\u00e5 fritiden f\u00f6r att g\u00f6ra livet mer meningsfullt f\u00f6r andra m\u00e4nniskor &#8211; inte minst barn och unga. Civilsamh\u00e4llets krafter st\u00e5r f\u00f6r insatser som offentligheten inte kan ers\u00e4tta. I takt med att f\u00f6reningsengagemanget minskar, framf\u00f6rallt <a class=\"read-more-link\" href=\"https:\/\/wp.kristdemokraterna.se\/nassjo\/i-var-kommun\/\">L\u00e4s mer<\/a><\/p>\n","protected":false},"author":403,"featured_media":0,"parent":0,"menu_order":0,"comment_status":"closed","ping_status":"closed","template":"page.php","meta":{"_acf_changed":false,"footnotes":""},"class_list":["post-342","page","type-page","status-publish","hentry"],"acf":[],"yoast_head":"<!-- This site is optimized with the Yoast SEO plugin v27.3 - https:\/\/yoast.com\/product\/yoast-seo-wordpress\/ -->\n<title>Vad vill vi i v\u00e5r kommun - Kristdemokraterna | N\u00e4ssj\u00f6<\/title>\n<meta name=\"robots\" content=\"index, follow, max-snippet:-1, max-image-preview:large, max-video-preview:-1\" \/>\n<link rel=\"canonical\" href=\"https:\/\/wp.kristdemokraterna.se\/nassjo\/i-var-kommun\/\" \/>\n<meta property=\"og:locale\" content=\"sv_SE\" \/>\n<meta property=\"og:type\" content=\"article\" \/>\n<meta property=\"og:title\" content=\"Vad vill vi i v\u00e5r kommun - Kristdemokraterna | N\u00e4ssj\u00f6\" \/>\n<meta property=\"og:description\" content=\"F\u00f6reningsliv &amp; civilsamh\u00e4lle Dagligen sker enorma insatser i v\u00e5r kommuns fantastiska f\u00f6reningsliv och civilsamh\u00e4lle. Vi har m\u00e5nga m\u00e4nniskor som engagerar sig p\u00e5 fritiden f\u00f6r att g\u00f6ra livet mer meningsfullt f\u00f6r andra m\u00e4nniskor &#8211; inte minst barn och unga. Civilsamh\u00e4llets krafter st\u00e5r f\u00f6r insatser som offentligheten inte kan ers\u00e4tta. I takt med att f\u00f6reningsengagemanget minskar, framf\u00f6rallt L\u00e4s mer\" \/>\n<meta property=\"og:url\" content=\"https:\/\/wp.kristdemokraterna.se\/nassjo\/i-var-kommun\/\" \/>\n<meta property=\"og:site_name\" content=\"Kristdemokraterna | N\u00e4ssj\u00f6\" \/>\n<meta property=\"article:modified_time\" content=\"2023-10-06T10:33:29+00:00\" \/>\n<meta name=\"twitter:card\" content=\"summary_large_image\" \/>\n<meta name=\"twitter:label1\" content=\"Ber\u00e4knad l\u00e4stid\" \/>\n\t<meta name=\"twitter:data1\" content=\"3 minuter\" \/>\n<script type=\"application\/ld+json\" class=\"yoast-schema-graph\">{\"@context\":\"https:\\\/\\\/schema.org\",\"@graph\":[{\"@type\":\"WebPage\",\"@id\":\"https:\\\/\\\/wp.kristdemokraterna.se\\\/nassjo\\\/i-var-kommun\\\/\",\"url\":\"https:\\\/\\\/wp.kristdemokraterna.se\\\/nassjo\\\/i-var-kommun\\\/\",\"name\":\"Vad vill vi i v\u00e5r kommun - Kristdemokraterna | N\u00e4ssj\u00f6\",\"isPartOf\":{\"@id\":\"https:\\\/\\\/wp.kristdemokraterna.se\\\/nassjo\\\/#website\"},\"datePublished\":\"2017-11-30T14:21:10+00:00\",\"dateModified\":\"2023-10-06T10:33:29+00:00\",\"breadcrumb\":{\"@id\":\"https:\\\/\\\/wp.kristdemokraterna.se\\\/nassjo\\\/i-var-kommun\\\/#breadcrumb\"},\"inLanguage\":\"sv-SE\",\"potentialAction\":[{\"@type\":\"ReadAction\",\"target\":[\"https:\\\/\\\/wp.kristdemokraterna.se\\\/nassjo\\\/i-var-kommun\\\/\"]}]},{\"@type\":\"BreadcrumbList\",\"@id\":\"https:\\\/\\\/wp.kristdemokraterna.se\\\/nassjo\\\/i-var-kommun\\\/#breadcrumb\",\"itemListElement\":[{\"@type\":\"ListItem\",\"position\":1,\"name\":\"Hem\",\"item\":\"https:\\\/\\\/wp.kristdemokraterna.se\\\/nassjo\\\/\"},{\"@type\":\"ListItem\",\"position\":2,\"name\":\"Vad vill vi i v\u00e5r kommun\"}]},{\"@type\":\"WebSite\",\"@id\":\"https:\\\/\\\/wp.kristdemokraterna.se\\\/nassjo\\\/#website\",\"url\":\"https:\\\/\\\/wp.kristdemokraterna.se\\\/nassjo\\\/\",\"name\":\"Kristdemokraterna | N\u00e4ssj\u00f6\",\"description\":\"En till Kristdemokraterna webbplats\",\"inLanguage\":\"sv-SE\"}]}<\/script>\n<!-- \/ Yoast SEO plugin. -->","yoast_head_json":{"title":"Vad vill vi i v\u00e5r kommun - Kristdemokraterna | N\u00e4ssj\u00f6","robots":{"index":"index","follow":"follow","max-snippet":"max-snippet:-1","max-image-preview":"max-image-preview:large","max-video-preview":"max-video-preview:-1"},"canonical":"https:\/\/wp.kristdemokraterna.se\/nassjo\/i-var-kommun\/","og_locale":"sv_SE","og_type":"article","og_title":"Vad vill vi i v\u00e5r kommun - Kristdemokraterna | N\u00e4ssj\u00f6","og_description":"F\u00f6reningsliv &amp; civilsamh\u00e4lle Dagligen sker enorma insatser i v\u00e5r kommuns fantastiska f\u00f6reningsliv och civilsamh\u00e4lle. Vi har m\u00e5nga m\u00e4nniskor som engagerar sig p\u00e5 fritiden f\u00f6r att g\u00f6ra livet mer meningsfullt f\u00f6r andra m\u00e4nniskor &#8211; inte minst barn och unga. Civilsamh\u00e4llets krafter st\u00e5r f\u00f6r insatser som offentligheten inte kan ers\u00e4tta. I takt med att f\u00f6reningsengagemanget minskar, framf\u00f6rallt L\u00e4s mer","og_url":"https:\/\/wp.kristdemokraterna.se\/nassjo\/i-var-kommun\/","og_site_name":"Kristdemokraterna | N\u00e4ssj\u00f6","article_modified_time":"2023-10-06T10:33:29+00:00","twitter_card":"summary_large_image","twitter_misc":{"Ber\u00e4knad l\u00e4stid":"3 minuter"},"schema":{"@context":"https:\/\/schema.org","@graph":[{"@type":"WebPage","@id":"https:\/\/wp.kristdemokraterna.se\/nassjo\/i-var-kommun\/","url":"https:\/\/wp.kristdemokraterna.se\/nassjo\/i-var-kommun\/","name":"Vad vill vi i v\u00e5r kommun - Kristdemokraterna | N\u00e4ssj\u00f6","isPartOf":{"@id":"https:\/\/wp.kristdemokraterna.se\/nassjo\/#website"},"datePublished":"2017-11-30T14:21:10+00:00","dateModified":"2023-10-06T10:33:29+00:00","breadcrumb":{"@id":"https:\/\/wp.kristdemokraterna.se\/nassjo\/i-var-kommun\/#breadcrumb"},"inLanguage":"sv-SE","potentialAction":[{"@type":"ReadAction","target":["https:\/\/wp.kristdemokraterna.se\/nassjo\/i-var-kommun\/"]}]},{"@type":"BreadcrumbList","@id":"https:\/\/wp.kristdemokraterna.se\/nassjo\/i-var-kommun\/#breadcrumb","itemListElement":[{"@type":"ListItem","position":1,"name":"Hem","item":"https:\/\/wp.kristdemokraterna.se\/nassjo\/"},{"@type":"ListItem","position":2,"name":"Vad vill vi i v\u00e5r kommun"}]},{"@type":"WebSite","@id":"https:\/\/wp.kristdemokraterna.se\/nassjo\/#website","url":"https:\/\/wp.kristdemokraterna.se\/nassjo\/","name":"Kristdemokraterna | N\u00e4ssj\u00f6","description":"En till Kristdemokraterna webbplats","inLanguage":"sv-SE"}]}},"_links":{"self":[{"href":"https:\/\/wp.kristdemokraterna.se\/nassjo\/wp-json\/wp\/v2\/pages\/342","targetHints":{"allow":["GET"]}}],"collection":[{"href":"https:\/\/wp.kristdemokraterna.se\/nassjo\/wp-json\/wp\/v2\/pages"}],"about":[{"href":"https:\/\/wp.kristdemokraterna.se\/nassjo\/wp-json\/wp\/v2\/types\/page"}],"author":[{"embeddable":true,"href":"https:\/\/wp.kristdemokraterna.se\/nassjo\/wp-json\/wp\/v2\/users\/403"}],"replies":[{"embeddable":true,"href":"https:\/\/wp.kristdemokraterna.se\/nassjo\/wp-json\/wp\/v2\/comments?post=342"}],"version-history":[{"count":5,"href":"https:\/\/wp.kristdemokraterna.se\/nassjo\/wp-json\/wp\/v2\/pages\/342\/revisions"}],"predecessor-version":[{"id":581,"href":"https:\/\/wp.kristdemokraterna.se\/nassjo\/wp-json\/wp\/v2\/pages\/342\/revisions\/581"}],"wp:attachment":[{"href":"https:\/\/wp.kristdemokraterna.se\/nassjo\/wp-json\/wp\/v2\/media?parent=342"}],"curies":[{"name":"wp","href":"https:\/\/api.w.org\/{rel}","templated":true}]}}