{"id":352,"date":"2017-12-01T09:56:02","date_gmt":"2017-12-01T08:56:02","guid":{"rendered":"http:\/\/wp.kristdemokraterna.se\/nassjo\/?page_id=352"},"modified":"2025-09-29T11:53:40","modified_gmt":"2025-09-29T09:53:40","slug":"kontakta-oss","status":"publish","type":"page","link":"https:\/\/wp.kristdemokraterna.se\/nassjo\/kontakta-oss\/","title":{"rendered":"Kontakt"},"content":{"rendered":"<p><strong>Fr\u00e5gor g\u00e4llande v\u00e5r politik i N\u00e4ssj\u00f6? Tveka inte att kontakta oss!<\/strong><\/p>\n<p><strong>Ordf\u00f6rande KD N\u00e4ssj\u00f6 kommun<\/strong><br \/>\nPernilla Ivarsson<br \/>\npernilla.ivarsson@nassjo.se<\/p>\n<p><strong>Kommunalr\u00e5d KD N\u00e4ssj\u00f6 kommun<\/strong><br \/>\nKent Karlsson<br \/>\nKent.Karlsson@nassjo.se<\/p>\n<p><em>Vill du komma i kontakt med Kristdemokraterna p\u00e5 distriktsniv\u00e5?<br \/>\n<\/em>jonkopingslan@kristdemokraterna.se<br \/>\n036-346430<\/p>\n","protected":false},"excerpt":{"rendered":"<p>Fr\u00e5gor g\u00e4llande v\u00e5r politik i N\u00e4ssj\u00f6? Tveka inte att kontakta oss! Ordf\u00f6rande KD N\u00e4ssj\u00f6 kommun Pernilla Ivarsson pernilla.ivarsson@nassjo.se Kommunalr\u00e5d KD N\u00e4ssj\u00f6 kommun Kent Karlsson Kent.Karlsson@nassjo.se Vill du komma i kontakt med Kristdemokraterna p\u00e5 distriktsniv\u00e5? jonkopingslan@kristdemokraterna.se 036-346430<\/p>\n","protected":false},"author":403,"featured_media":0,"parent":0,"menu_order":0,"comment_status":"closed","ping_status":"closed","template":"","meta":{"_acf_changed":false,"footnotes":""},"class_list":["post-352","page","type-page","status-publish","hentry"],"acf":[],"yoast_head":"<!-- This site is optimized with the Yoast SEO plugin v27.3 - https:\/\/yoast.com\/product\/yoast-seo-wordpress\/ -->\n<title>Kontakt - Kristdemokraterna | N\u00e4ssj\u00f6<\/title>\n<meta name=\"robots\" content=\"index, follow, max-snippet:-1, max-image-preview:large, max-video-preview:-1\" \/>\n<link rel=\"canonical\" href=\"https:\/\/wp.kristdemokraterna.se\/nassjo\/kontakta-oss\/\" \/>\n<meta property=\"og:locale\" content=\"sv_SE\" \/>\n<meta property=\"og:type\" content=\"article\" \/>\n<meta property=\"og:title\" content=\"Kontakt - Kristdemokraterna | N\u00e4ssj\u00f6\" \/>\n<meta property=\"og:description\" content=\"Fr\u00e5gor g\u00e4llande v\u00e5r politik i N\u00e4ssj\u00f6? Tveka inte att kontakta oss! Ordf\u00f6rande KD N\u00e4ssj\u00f6 kommun Pernilla Ivarsson pernilla.ivarsson@nassjo.se Kommunalr\u00e5d KD N\u00e4ssj\u00f6 kommun Kent Karlsson Kent.Karlsson@nassjo.se Vill du komma i kontakt med Kristdemokraterna p\u00e5 distriktsniv\u00e5? jonkopingslan@kristdemokraterna.se 036-346430\" \/>\n<meta property=\"og:url\" content=\"https:\/\/wp.kristdemokraterna.se\/nassjo\/kontakta-oss\/\" \/>\n<meta property=\"og:site_name\" content=\"Kristdemokraterna | N\u00e4ssj\u00f6\" \/>\n<meta property=\"article:modified_time\" content=\"2025-09-29T09:53:40+00:00\" \/>\n<meta name=\"twitter:card\" content=\"summary_large_image\" \/>\n<meta name=\"twitter:label1\" content=\"Ber\u00e4knad l\u00e4stid\" \/>\n\t<meta name=\"twitter:data1\" content=\"1 minut\" \/>\n<script type=\"application\/ld+json\" class=\"yoast-schema-graph\">{\"@context\":\"https:\\\/\\\/schema.org\",\"@graph\":[{\"@type\":\"WebPage\",\"@id\":\"https:\\\/\\\/wp.kristdemokraterna.se\\\/nassjo\\\/kontakta-oss\\\/\",\"url\":\"https:\\\/\\\/wp.kristdemokraterna.se\\\/nassjo\\\/kontakta-oss\\\/\",\"name\":\"Kontakt - Kristdemokraterna | N\u00e4ssj\u00f6\",\"isPartOf\":{\"@id\":\"https:\\\/\\\/wp.kristdemokraterna.se\\\/nassjo\\\/#website\"},\"datePublished\":\"2017-12-01T08:56:02+00:00\",\"dateModified\":\"2025-09-29T09:53:40+00:00\",\"breadcrumb\":{\"@id\":\"https:\\\/\\\/wp.kristdemokraterna.se\\\/nassjo\\\/kontakta-oss\\\/#breadcrumb\"},\"inLanguage\":\"sv-SE\",\"potentialAction\":[{\"@type\":\"ReadAction\",\"target\":[\"https:\\\/\\\/wp.kristdemokraterna.se\\\/nassjo\\\/kontakta-oss\\\/\"]}]},{\"@type\":\"BreadcrumbList\",\"@id\":\"https:\\\/\\\/wp.kristdemokraterna.se\\\/nassjo\\\/kontakta-oss\\\/#breadcrumb\",\"itemListElement\":[{\"@type\":\"ListItem\",\"position\":1,\"name\":\"Hem\",\"item\":\"https:\\\/\\\/wp.kristdemokraterna.se\\\/nassjo\\\/\"},{\"@type\":\"ListItem\",\"position\":2,\"name\":\"Kontakt\"}]},{\"@type\":\"WebSite\",\"@id\":\"https:\\\/\\\/wp.kristdemokraterna.se\\\/nassjo\\\/#website\",\"url\":\"https:\\\/\\\/wp.kristdemokraterna.se\\\/nassjo\\\/\",\"name\":\"Kristdemokraterna | N\u00e4ssj\u00f6\",\"description\":\"En till Kristdemokraterna webbplats\",\"inLanguage\":\"sv-SE\"}]}<\/script>\n<!-- \/ Yoast SEO plugin. -->","yoast_head_json":{"title":"Kontakt - Kristdemokraterna | N\u00e4ssj\u00f6","robots":{"index":"index","follow":"follow","max-snippet":"max-snippet:-1","max-image-preview":"max-image-preview:large","max-video-preview":"max-video-preview:-1"},"canonical":"https:\/\/wp.kristdemokraterna.se\/nassjo\/kontakta-oss\/","og_locale":"sv_SE","og_type":"article","og_title":"Kontakt - Kristdemokraterna | N\u00e4ssj\u00f6","og_description":"Fr\u00e5gor g\u00e4llande v\u00e5r politik i N\u00e4ssj\u00f6? Tveka inte att kontakta oss! Ordf\u00f6rande KD N\u00e4ssj\u00f6 kommun Pernilla Ivarsson pernilla.ivarsson@nassjo.se Kommunalr\u00e5d KD N\u00e4ssj\u00f6 kommun Kent Karlsson Kent.Karlsson@nassjo.se Vill du komma i kontakt med Kristdemokraterna p\u00e5 distriktsniv\u00e5? jonkopingslan@kristdemokraterna.se 036-346430","og_url":"https:\/\/wp.kristdemokraterna.se\/nassjo\/kontakta-oss\/","og_site_name":"Kristdemokraterna | N\u00e4ssj\u00f6","article_modified_time":"2025-09-29T09:53:40+00:00","twitter_card":"summary_large_image","twitter_misc":{"Ber\u00e4knad l\u00e4stid":"1 minut"},"schema":{"@context":"https:\/\/schema.org","@graph":[{"@type":"WebPage","@id":"https:\/\/wp.kristdemokraterna.se\/nassjo\/kontakta-oss\/","url":"https:\/\/wp.kristdemokraterna.se\/nassjo\/kontakta-oss\/","name":"Kontakt - Kristdemokraterna | N\u00e4ssj\u00f6","isPartOf":{"@id":"https:\/\/wp.kristdemokraterna.se\/nassjo\/#website"},"datePublished":"2017-12-01T08:56:02+00:00","dateModified":"2025-09-29T09:53:40+00:00","breadcrumb":{"@id":"https:\/\/wp.kristdemokraterna.se\/nassjo\/kontakta-oss\/#breadcrumb"},"inLanguage":"sv-SE","potentialAction":[{"@type":"ReadAction","target":["https:\/\/wp.kristdemokraterna.se\/nassjo\/kontakta-oss\/"]}]},{"@type":"BreadcrumbList","@id":"https:\/\/wp.kristdemokraterna.se\/nassjo\/kontakta-oss\/#breadcrumb","itemListElement":[{"@type":"ListItem","position":1,"name":"Hem","item":"https:\/\/wp.kristdemokraterna.se\/nassjo\/"},{"@type":"ListItem","position":2,"name":"Kontakt"}]},{"@type":"WebSite","@id":"https:\/\/wp.kristdemokraterna.se\/nassjo\/#website","url":"https:\/\/wp.kristdemokraterna.se\/nassjo\/","name":"Kristdemokraterna | N\u00e4ssj\u00f6","description":"En till Kristdemokraterna webbplats","inLanguage":"sv-SE"}]}},"_links":{"self":[{"href":"https:\/\/wp.kristdemokraterna.se\/nassjo\/wp-json\/wp\/v2\/pages\/352","targetHints":{"allow":["GET"]}}],"collection":[{"href":"https:\/\/wp.kristdemokraterna.se\/nassjo\/wp-json\/wp\/v2\/pages"}],"about":[{"href":"https:\/\/wp.kristdemokraterna.se\/nassjo\/wp-json\/wp\/v2\/types\/page"}],"author":[{"embeddable":true,"href":"https:\/\/wp.kristdemokraterna.se\/nassjo\/wp-json\/wp\/v2\/users\/403"}],"replies":[{"embeddable":true,"href":"https:\/\/wp.kristdemokraterna.se\/nassjo\/wp-json\/wp\/v2\/comments?post=352"}],"version-history":[{"count":13,"href":"https:\/\/wp.kristdemokraterna.se\/nassjo\/wp-json\/wp\/v2\/pages\/352\/revisions"}],"predecessor-version":[{"id":622,"href":"https:\/\/wp.kristdemokraterna.se\/nassjo\/wp-json\/wp\/v2\/pages\/352\/revisions\/622"}],"wp:attachment":[{"href":"https:\/\/wp.kristdemokraterna.se\/nassjo\/wp-json\/wp\/v2\/media?parent=352"}],"curies":[{"name":"wp","href":"https:\/\/api.w.org\/{rel}","templated":true}]}}