{"id":368,"date":"2017-12-04T16:44:15","date_gmt":"2017-12-04T15:44:15","guid":{"rendered":"http:\/\/wp.kristdemokraterna.se\/nassjo\/?page_id=368"},"modified":"2021-05-31T15:56:03","modified_gmt":"2021-05-31T13:56:03","slug":"om-kristdemokraterna","status":"publish","type":"page","link":"https:\/\/wp.kristdemokraterna.se\/nassjo\/textsida-fullbredd\/om-kristdemokraterna\/","title":{"rendered":"Om Kristdemokraterna"},"content":{"rendered":"<p>Kristdemokraterna bildades 1964 som en folkr\u00f6relse n\u00e4r politiken i \u00f6vrigt f\u00f6rs\u00f6kte sudda ut tidigare generationers goda v\u00e4rderingar som under l\u00e5ng tid byggt upp Sverige. Kristdemokraterna arbetade h\u00e5rt f\u00f6r att komma in i riksdagen, det blev en l\u00e5ng kamp men 1991 tog sig partiet in riksdagen och har varit ett av Sveriges riksdagspartier sedan dess. Vi \u00e4r ett borgerligt parti som s\u00e4tter familjen och de sm\u00e5 gemenskaperna i fokus.<\/p>\n<p><a href=\"https:\/\/kristdemokraterna.se\/om-oss\/historia\/\">Mer om Kristdemokraternas historia finner du h\u00e4r<\/a><\/p>\n<p><a href=\"https:\/\/kristdemokraterna.se\/var-politik\/\">Mer om Kristdemokraternas politik finner du h\u00e4r<\/a><\/p>\n<p>I N\u00e4ssj\u00f6 kommunfullm\u00e4ktige tog Kristdemokraterna plats redan i valet 1970 med 2 av 57 mandat. Sedan dess har partiet vuxit sig allt st\u00f6rre i N\u00e4ssj\u00f6 kommun och i valet 2018 blev vi kommunens tredje st\u00f6rsta parti med 13,83% av r\u00f6sterna och 8 av 57 mandat i kommunfullm\u00e4ktige. Under \u00e5ren 1994 &#8211; 2018 har Kristdemokraterna verkat aktivt i opposition. Sedan 2018 styr Kristdemokraterna i N\u00e4ssj\u00f6 kommun tillsammans med Socialdemokraterna och Centerpartiet i koalitionen som f\u00e5tt namnet <em>Samverkan f\u00f6r N\u00e4ssj\u00f6 kommun.<\/em><\/p>\n","protected":false},"excerpt":{"rendered":"<p>Kristdemokraterna bildades 1964 som en folkr\u00f6relse n\u00e4r politiken i \u00f6vrigt f\u00f6rs\u00f6kte sudda ut tidigare generationers goda v\u00e4rderingar som under l\u00e5ng tid byggt upp Sverige. Kristdemokraterna arbetade h\u00e5rt f\u00f6r att komma in i riksdagen, det blev en l\u00e5ng kamp men 1991 tog sig partiet in riksdagen och har varit ett av Sveriges riksdagspartier sedan dess. Vi <a class=\"read-more-link\" href=\"https:\/\/wp.kristdemokraterna.se\/nassjo\/textsida-fullbredd\/om-kristdemokraterna\/\">L\u00e4s mer<\/a><\/p>\n","protected":false},"author":403,"featured_media":0,"parent":272,"menu_order":0,"comment_status":"closed","ping_status":"closed","template":"page.php","meta":{"_acf_changed":false,"footnotes":""},"class_list":["post-368","page","type-page","status-publish","hentry"],"acf":[],"yoast_head":"<!-- This site is optimized with the Yoast SEO plugin v27.4 - https:\/\/yoast.com\/product\/yoast-seo-wordpress\/ -->\n<title>Om Kristdemokraterna - Kristdemokraterna | N\u00e4ssj\u00f6<\/title>\n<meta name=\"robots\" content=\"index, follow, max-snippet:-1, max-image-preview:large, max-video-preview:-1\" \/>\n<link rel=\"canonical\" href=\"https:\/\/wp.kristdemokraterna.se\/nassjo\/textsida-fullbredd\/om-kristdemokraterna\/\" \/>\n<meta property=\"og:locale\" content=\"sv_SE\" \/>\n<meta property=\"og:type\" content=\"article\" \/>\n<meta property=\"og:title\" content=\"Om Kristdemokraterna - Kristdemokraterna | N\u00e4ssj\u00f6\" \/>\n<meta property=\"og:description\" content=\"Kristdemokraterna bildades 1964 som en folkr\u00f6relse n\u00e4r politiken i \u00f6vrigt f\u00f6rs\u00f6kte sudda ut tidigare generationers goda v\u00e4rderingar som under l\u00e5ng tid byggt upp Sverige. Kristdemokraterna arbetade h\u00e5rt f\u00f6r att komma in i riksdagen, det blev en l\u00e5ng kamp men 1991 tog sig partiet in riksdagen och har varit ett av Sveriges riksdagspartier sedan dess. Vi L\u00e4s mer\" \/>\n<meta property=\"og:url\" content=\"https:\/\/wp.kristdemokraterna.se\/nassjo\/textsida-fullbredd\/om-kristdemokraterna\/\" \/>\n<meta property=\"og:site_name\" content=\"Kristdemokraterna | N\u00e4ssj\u00f6\" \/>\n<meta property=\"article:modified_time\" content=\"2021-05-31T13:56:03+00:00\" \/>\n<meta name=\"twitter:card\" content=\"summary_large_image\" \/>\n<meta name=\"twitter:label1\" content=\"Ber\u00e4knad l\u00e4stid\" \/>\n\t<meta name=\"twitter:data1\" content=\"1 minut\" \/>\n<script type=\"application\/ld+json\" class=\"yoast-schema-graph\">{\"@context\":\"https:\\\/\\\/schema.org\",\"@graph\":[{\"@type\":\"WebPage\",\"@id\":\"https:\\\/\\\/wp.kristdemokraterna.se\\\/nassjo\\\/textsida-fullbredd\\\/om-kristdemokraterna\\\/\",\"url\":\"https:\\\/\\\/wp.kristdemokraterna.se\\\/nassjo\\\/textsida-fullbredd\\\/om-kristdemokraterna\\\/\",\"name\":\"Om Kristdemokraterna - Kristdemokraterna | N\u00e4ssj\u00f6\",\"isPartOf\":{\"@id\":\"https:\\\/\\\/wp.kristdemokraterna.se\\\/nassjo\\\/#website\"},\"datePublished\":\"2017-12-04T15:44:15+00:00\",\"dateModified\":\"2021-05-31T13:56:03+00:00\",\"breadcrumb\":{\"@id\":\"https:\\\/\\\/wp.kristdemokraterna.se\\\/nassjo\\\/textsida-fullbredd\\\/om-kristdemokraterna\\\/#breadcrumb\"},\"inLanguage\":\"sv-SE\",\"potentialAction\":[{\"@type\":\"ReadAction\",\"target\":[\"https:\\\/\\\/wp.kristdemokraterna.se\\\/nassjo\\\/textsida-fullbredd\\\/om-kristdemokraterna\\\/\"]}]},{\"@type\":\"BreadcrumbList\",\"@id\":\"https:\\\/\\\/wp.kristdemokraterna.se\\\/nassjo\\\/textsida-fullbredd\\\/om-kristdemokraterna\\\/#breadcrumb\",\"itemListElement\":[{\"@type\":\"ListItem\",\"position\":1,\"name\":\"Hem\",\"item\":\"https:\\\/\\\/wp.kristdemokraterna.se\\\/nassjo\\\/\"},{\"@type\":\"ListItem\",\"position\":2,\"name\":\"Vad vi st\u00e5r f\u00f6r!\",\"item\":\"https:\\\/\\\/wp.kristdemokraterna.se\\\/nassjo\\\/textsida-fullbredd\\\/\"},{\"@type\":\"ListItem\",\"position\":3,\"name\":\"Om Kristdemokraterna\"}]},{\"@type\":\"WebSite\",\"@id\":\"https:\\\/\\\/wp.kristdemokraterna.se\\\/nassjo\\\/#website\",\"url\":\"https:\\\/\\\/wp.kristdemokraterna.se\\\/nassjo\\\/\",\"name\":\"Kristdemokraterna | N\u00e4ssj\u00f6\",\"description\":\"En till Kristdemokraterna webbplats\",\"inLanguage\":\"sv-SE\"}]}<\/script>\n<!-- \/ Yoast SEO plugin. -->","yoast_head_json":{"title":"Om Kristdemokraterna - Kristdemokraterna | N\u00e4ssj\u00f6","robots":{"index":"index","follow":"follow","max-snippet":"max-snippet:-1","max-image-preview":"max-image-preview:large","max-video-preview":"max-video-preview:-1"},"canonical":"https:\/\/wp.kristdemokraterna.se\/nassjo\/textsida-fullbredd\/om-kristdemokraterna\/","og_locale":"sv_SE","og_type":"article","og_title":"Om Kristdemokraterna - Kristdemokraterna | N\u00e4ssj\u00f6","og_description":"Kristdemokraterna bildades 1964 som en folkr\u00f6relse n\u00e4r politiken i \u00f6vrigt f\u00f6rs\u00f6kte sudda ut tidigare generationers goda v\u00e4rderingar som under l\u00e5ng tid byggt upp Sverige. Kristdemokraterna arbetade h\u00e5rt f\u00f6r att komma in i riksdagen, det blev en l\u00e5ng kamp men 1991 tog sig partiet in riksdagen och har varit ett av Sveriges riksdagspartier sedan dess. Vi L\u00e4s mer","og_url":"https:\/\/wp.kristdemokraterna.se\/nassjo\/textsida-fullbredd\/om-kristdemokraterna\/","og_site_name":"Kristdemokraterna | N\u00e4ssj\u00f6","article_modified_time":"2021-05-31T13:56:03+00:00","twitter_card":"summary_large_image","twitter_misc":{"Ber\u00e4knad l\u00e4stid":"1 minut"},"schema":{"@context":"https:\/\/schema.org","@graph":[{"@type":"WebPage","@id":"https:\/\/wp.kristdemokraterna.se\/nassjo\/textsida-fullbredd\/om-kristdemokraterna\/","url":"https:\/\/wp.kristdemokraterna.se\/nassjo\/textsida-fullbredd\/om-kristdemokraterna\/","name":"Om Kristdemokraterna - Kristdemokraterna | N\u00e4ssj\u00f6","isPartOf":{"@id":"https:\/\/wp.kristdemokraterna.se\/nassjo\/#website"},"datePublished":"2017-12-04T15:44:15+00:00","dateModified":"2021-05-31T13:56:03+00:00","breadcrumb":{"@id":"https:\/\/wp.kristdemokraterna.se\/nassjo\/textsida-fullbredd\/om-kristdemokraterna\/#breadcrumb"},"inLanguage":"sv-SE","potentialAction":[{"@type":"ReadAction","target":["https:\/\/wp.kristdemokraterna.se\/nassjo\/textsida-fullbredd\/om-kristdemokraterna\/"]}]},{"@type":"BreadcrumbList","@id":"https:\/\/wp.kristdemokraterna.se\/nassjo\/textsida-fullbredd\/om-kristdemokraterna\/#breadcrumb","itemListElement":[{"@type":"ListItem","position":1,"name":"Hem","item":"https:\/\/wp.kristdemokraterna.se\/nassjo\/"},{"@type":"ListItem","position":2,"name":"Vad vi st\u00e5r f\u00f6r!","item":"https:\/\/wp.kristdemokraterna.se\/nassjo\/textsida-fullbredd\/"},{"@type":"ListItem","position":3,"name":"Om Kristdemokraterna"}]},{"@type":"WebSite","@id":"https:\/\/wp.kristdemokraterna.se\/nassjo\/#website","url":"https:\/\/wp.kristdemokraterna.se\/nassjo\/","name":"Kristdemokraterna | N\u00e4ssj\u00f6","description":"En till Kristdemokraterna webbplats","inLanguage":"sv-SE"}]}},"_links":{"self":[{"href":"https:\/\/wp.kristdemokraterna.se\/nassjo\/wp-json\/wp\/v2\/pages\/368","targetHints":{"allow":["GET"]}}],"collection":[{"href":"https:\/\/wp.kristdemokraterna.se\/nassjo\/wp-json\/wp\/v2\/pages"}],"about":[{"href":"https:\/\/wp.kristdemokraterna.se\/nassjo\/wp-json\/wp\/v2\/types\/page"}],"author":[{"embeddable":true,"href":"https:\/\/wp.kristdemokraterna.se\/nassjo\/wp-json\/wp\/v2\/users\/403"}],"replies":[{"embeddable":true,"href":"https:\/\/wp.kristdemokraterna.se\/nassjo\/wp-json\/wp\/v2\/comments?post=368"}],"version-history":[{"count":8,"href":"https:\/\/wp.kristdemokraterna.se\/nassjo\/wp-json\/wp\/v2\/pages\/368\/revisions"}],"predecessor-version":[{"id":570,"href":"https:\/\/wp.kristdemokraterna.se\/nassjo\/wp-json\/wp\/v2\/pages\/368\/revisions\/570"}],"up":[{"embeddable":true,"href":"https:\/\/wp.kristdemokraterna.se\/nassjo\/wp-json\/wp\/v2\/pages\/272"}],"wp:attachment":[{"href":"https:\/\/wp.kristdemokraterna.se\/nassjo\/wp-json\/wp\/v2\/media?parent=368"}],"curies":[{"name":"wp","href":"https:\/\/api.w.org\/{rel}","templated":true}]}}