{"id":544,"date":"2020-08-27T13:34:07","date_gmt":"2020-08-27T11:34:07","guid":{"rendered":"http:\/\/wp.kristdemokraterna.se\/nassjo\/?page_id=544"},"modified":"2025-09-29T12:54:56","modified_gmt":"2025-09-29T10:54:56","slug":"vara-politiker-i-nassjo","status":"publish","type":"page","link":"https:\/\/wp.kristdemokraterna.se\/nassjo\/vara-politiker-i-nassjo\/","title":{"rendered":"V\u00e5ra politiker i N\u00e4ssj\u00f6"},"content":{"rendered":"<p>Kommunfullm\u00e4ktige \u00e4r N\u00e4ssj\u00f6 kommuns h\u00f6gst beslutande organ och av kommunfullm\u00e4ktiges 57 mandat besitter Kristdemokraterna 6.\u00a0 Ut\u00f6ver kommunfullm\u00e4ktige finns det flera kommunala n\u00e4mnder och kommunala bolag med olika ansvarsomr\u00e5den d\u00e4r vi som parti finns representerade med flera ledam\u00f6ter.<\/p>\n<p>P\u00e5 N\u00e4ssj\u00f6 kommuns hemsida finner du Kristdemokraternas samtliga f\u00f6rtroendevalda, vilka uppdrag vi har och kontaktuppgifter.<\/p>\n<p><a href=\"https:\/\/www.netpublicator.com\/elected\/registry\/gwH89a8xU8NMNdCwKXnTKwPn5ZEPvuku\/party\/ad972bb3-d349-11e6-b52e-5e7cc79ceeb8\" target=\"_blank\" rel=\"noopener\">Klicka h\u00e4r f\u00f6r att komma till Kristdemokraternas f\u00f6rtroendevalda!<\/a><\/p>\n<p><a href=\"http:\/\/wp.kristdemokraterna.se\/nassjo\/files\/2025\/09\/kd.jpg\"><img loading=\"lazy\" decoding=\"async\" class=\"alignnone wp-image-623 size-medium\" src=\"http:\/\/wp.kristdemokraterna.se\/nassjo\/files\/2025\/09\/kd-e1759143273561-300x281.jpg\" alt=\"\" width=\"300\" height=\"281\" srcset=\"https:\/\/wp.kristdemokraterna.se\/nassjo\/files\/2025\/09\/kd-e1759143273561-300x281.jpg 300w, https:\/\/wp.kristdemokraterna.se\/nassjo\/files\/2025\/09\/kd-e1759143273561-1024x960.jpg 1024w, https:\/\/wp.kristdemokraterna.se\/nassjo\/files\/2025\/09\/kd-e1759143273561-768x720.jpg 768w, https:\/\/wp.kristdemokraterna.se\/nassjo\/files\/2025\/09\/kd-e1759143273561-1536x1440.jpg 1536w, https:\/\/wp.kristdemokraterna.se\/nassjo\/files\/2025\/09\/kd-e1759143273561-369x346.jpg 369w, https:\/\/wp.kristdemokraterna.se\/nassjo\/files\/2025\/09\/kd-e1759143273561-119x112.jpg 119w, https:\/\/wp.kristdemokraterna.se\/nassjo\/files\/2025\/09\/kd-e1759143273561.jpg 1560w\" sizes=\"auto, (max-width: 300px) 100vw, 300px\" \/><\/a><\/p>\n<p>Delar av N\u00e4ssj\u00f6gruppen, samt Jakob Forssmed.<\/p>\n","protected":false},"excerpt":{"rendered":"<p>Kommunfullm\u00e4ktige \u00e4r N\u00e4ssj\u00f6 kommuns h\u00f6gst beslutande organ och av kommunfullm\u00e4ktiges 57 mandat besitter Kristdemokraterna 6.\u00a0 Ut\u00f6ver kommunfullm\u00e4ktige finns det flera kommunala n\u00e4mnder och kommunala bolag med olika ansvarsomr\u00e5den d\u00e4r vi som parti finns representerade med flera ledam\u00f6ter. P\u00e5 N\u00e4ssj\u00f6 kommuns hemsida finner du Kristdemokraternas samtliga f\u00f6rtroendevalda, vilka uppdrag vi har och kontaktuppgifter. Klicka h\u00e4r f\u00f6r <a class=\"read-more-link\" href=\"https:\/\/wp.kristdemokraterna.se\/nassjo\/vara-politiker-i-nassjo\/\">L\u00e4s mer<\/a><\/p>\n","protected":false},"author":403,"featured_media":0,"parent":0,"menu_order":0,"comment_status":"closed","ping_status":"closed","template":"","meta":{"_acf_changed":false,"footnotes":""},"class_list":["post-544","page","type-page","status-publish","hentry"],"acf":[],"yoast_head":"<!-- This site is optimized with the Yoast SEO plugin v27.3 - https:\/\/yoast.com\/product\/yoast-seo-wordpress\/ -->\n<title>V\u00e5ra politiker i N\u00e4ssj\u00f6 - Kristdemokraterna | N\u00e4ssj\u00f6<\/title>\n<meta name=\"robots\" content=\"index, follow, max-snippet:-1, max-image-preview:large, max-video-preview:-1\" \/>\n<link rel=\"canonical\" href=\"https:\/\/wp.kristdemokraterna.se\/nassjo\/vara-politiker-i-nassjo\/\" \/>\n<meta property=\"og:locale\" content=\"sv_SE\" \/>\n<meta property=\"og:type\" content=\"article\" \/>\n<meta property=\"og:title\" content=\"V\u00e5ra politiker i N\u00e4ssj\u00f6 - Kristdemokraterna | N\u00e4ssj\u00f6\" \/>\n<meta property=\"og:description\" content=\"Kommunfullm\u00e4ktige \u00e4r N\u00e4ssj\u00f6 kommuns h\u00f6gst beslutande organ och av kommunfullm\u00e4ktiges 57 mandat besitter Kristdemokraterna 6.\u00a0 Ut\u00f6ver kommunfullm\u00e4ktige finns det flera kommunala n\u00e4mnder och kommunala bolag med olika ansvarsomr\u00e5den d\u00e4r vi som parti finns representerade med flera ledam\u00f6ter. P\u00e5 N\u00e4ssj\u00f6 kommuns hemsida finner du Kristdemokraternas samtliga f\u00f6rtroendevalda, vilka uppdrag vi har och kontaktuppgifter. Klicka h\u00e4r f\u00f6r L\u00e4s mer\" \/>\n<meta property=\"og:url\" content=\"https:\/\/wp.kristdemokraterna.se\/nassjo\/vara-politiker-i-nassjo\/\" \/>\n<meta property=\"og:site_name\" content=\"Kristdemokraterna | N\u00e4ssj\u00f6\" \/>\n<meta property=\"article:modified_time\" content=\"2025-09-29T10:54:56+00:00\" \/>\n<meta property=\"og:image\" content=\"https:\/\/wp.kristdemokraterna.se\/nassjo\/files\/2025\/09\/kd-e1759143273561.jpg\" \/>\n\t<meta property=\"og:image:width\" content=\"1560\" \/>\n\t<meta property=\"og:image:height\" content=\"1463\" \/>\n\t<meta property=\"og:image:type\" content=\"image\/jpeg\" \/>\n<meta name=\"twitter:card\" content=\"summary_large_image\" \/>\n<meta name=\"twitter:label1\" content=\"Ber\u00e4knad l\u00e4stid\" \/>\n\t<meta name=\"twitter:data1\" content=\"1 minut\" \/>\n<script type=\"application\/ld+json\" class=\"yoast-schema-graph\">{\"@context\":\"https:\\\/\\\/schema.org\",\"@graph\":[{\"@type\":\"WebPage\",\"@id\":\"https:\\\/\\\/wp.kristdemokraterna.se\\\/nassjo\\\/vara-politiker-i-nassjo\\\/\",\"url\":\"https:\\\/\\\/wp.kristdemokraterna.se\\\/nassjo\\\/vara-politiker-i-nassjo\\\/\",\"name\":\"V\u00e5ra politiker i N\u00e4ssj\u00f6 - Kristdemokraterna | N\u00e4ssj\u00f6\",\"isPartOf\":{\"@id\":\"https:\\\/\\\/wp.kristdemokraterna.se\\\/nassjo\\\/#website\"},\"primaryImageOfPage\":{\"@id\":\"https:\\\/\\\/wp.kristdemokraterna.se\\\/nassjo\\\/vara-politiker-i-nassjo\\\/#primaryimage\"},\"image\":{\"@id\":\"https:\\\/\\\/wp.kristdemokraterna.se\\\/nassjo\\\/vara-politiker-i-nassjo\\\/#primaryimage\"},\"thumbnailUrl\":\"http:\\\/\\\/wp.kristdemokraterna.se\\\/nassjo\\\/files\\\/2025\\\/09\\\/kd-e1759143273561-300x281.jpg\",\"datePublished\":\"2020-08-27T11:34:07+00:00\",\"dateModified\":\"2025-09-29T10:54:56+00:00\",\"breadcrumb\":{\"@id\":\"https:\\\/\\\/wp.kristdemokraterna.se\\\/nassjo\\\/vara-politiker-i-nassjo\\\/#breadcrumb\"},\"inLanguage\":\"sv-SE\",\"potentialAction\":[{\"@type\":\"ReadAction\",\"target\":[\"https:\\\/\\\/wp.kristdemokraterna.se\\\/nassjo\\\/vara-politiker-i-nassjo\\\/\"]}]},{\"@type\":\"ImageObject\",\"inLanguage\":\"sv-SE\",\"@id\":\"https:\\\/\\\/wp.kristdemokraterna.se\\\/nassjo\\\/vara-politiker-i-nassjo\\\/#primaryimage\",\"url\":\"https:\\\/\\\/wp.kristdemokraterna.se\\\/nassjo\\\/files\\\/2025\\\/09\\\/kd-e1759143273561.jpg\",\"contentUrl\":\"https:\\\/\\\/wp.kristdemokraterna.se\\\/nassjo\\\/files\\\/2025\\\/09\\\/kd-e1759143273561.jpg\",\"width\":1560,\"height\":1463},{\"@type\":\"BreadcrumbList\",\"@id\":\"https:\\\/\\\/wp.kristdemokraterna.se\\\/nassjo\\\/vara-politiker-i-nassjo\\\/#breadcrumb\",\"itemListElement\":[{\"@type\":\"ListItem\",\"position\":1,\"name\":\"Hem\",\"item\":\"https:\\\/\\\/wp.kristdemokraterna.se\\\/nassjo\\\/\"},{\"@type\":\"ListItem\",\"position\":2,\"name\":\"V\u00e5ra politiker i N\u00e4ssj\u00f6\"}]},{\"@type\":\"WebSite\",\"@id\":\"https:\\\/\\\/wp.kristdemokraterna.se\\\/nassjo\\\/#website\",\"url\":\"https:\\\/\\\/wp.kristdemokraterna.se\\\/nassjo\\\/\",\"name\":\"Kristdemokraterna | N\u00e4ssj\u00f6\",\"description\":\"En till Kristdemokraterna webbplats\",\"inLanguage\":\"sv-SE\"}]}<\/script>\n<!-- \/ Yoast SEO plugin. -->","yoast_head_json":{"title":"V\u00e5ra politiker i N\u00e4ssj\u00f6 - Kristdemokraterna | N\u00e4ssj\u00f6","robots":{"index":"index","follow":"follow","max-snippet":"max-snippet:-1","max-image-preview":"max-image-preview:large","max-video-preview":"max-video-preview:-1"},"canonical":"https:\/\/wp.kristdemokraterna.se\/nassjo\/vara-politiker-i-nassjo\/","og_locale":"sv_SE","og_type":"article","og_title":"V\u00e5ra politiker i N\u00e4ssj\u00f6 - Kristdemokraterna | N\u00e4ssj\u00f6","og_description":"Kommunfullm\u00e4ktige \u00e4r N\u00e4ssj\u00f6 kommuns h\u00f6gst beslutande organ och av kommunfullm\u00e4ktiges 57 mandat besitter Kristdemokraterna 6.\u00a0 Ut\u00f6ver kommunfullm\u00e4ktige finns det flera kommunala n\u00e4mnder och kommunala bolag med olika ansvarsomr\u00e5den d\u00e4r vi som parti finns representerade med flera ledam\u00f6ter. P\u00e5 N\u00e4ssj\u00f6 kommuns hemsida finner du Kristdemokraternas samtliga f\u00f6rtroendevalda, vilka uppdrag vi har och kontaktuppgifter. Klicka h\u00e4r f\u00f6r L\u00e4s mer","og_url":"https:\/\/wp.kristdemokraterna.se\/nassjo\/vara-politiker-i-nassjo\/","og_site_name":"Kristdemokraterna | N\u00e4ssj\u00f6","article_modified_time":"2025-09-29T10:54:56+00:00","og_image":[{"width":1560,"height":1463,"url":"https:\/\/wp.kristdemokraterna.se\/nassjo\/files\/2025\/09\/kd-e1759143273561.jpg","type":"image\/jpeg"}],"twitter_card":"summary_large_image","twitter_misc":{"Ber\u00e4knad l\u00e4stid":"1 minut"},"schema":{"@context":"https:\/\/schema.org","@graph":[{"@type":"WebPage","@id":"https:\/\/wp.kristdemokraterna.se\/nassjo\/vara-politiker-i-nassjo\/","url":"https:\/\/wp.kristdemokraterna.se\/nassjo\/vara-politiker-i-nassjo\/","name":"V\u00e5ra politiker i N\u00e4ssj\u00f6 - Kristdemokraterna | N\u00e4ssj\u00f6","isPartOf":{"@id":"https:\/\/wp.kristdemokraterna.se\/nassjo\/#website"},"primaryImageOfPage":{"@id":"https:\/\/wp.kristdemokraterna.se\/nassjo\/vara-politiker-i-nassjo\/#primaryimage"},"image":{"@id":"https:\/\/wp.kristdemokraterna.se\/nassjo\/vara-politiker-i-nassjo\/#primaryimage"},"thumbnailUrl":"http:\/\/wp.kristdemokraterna.se\/nassjo\/files\/2025\/09\/kd-e1759143273561-300x281.jpg","datePublished":"2020-08-27T11:34:07+00:00","dateModified":"2025-09-29T10:54:56+00:00","breadcrumb":{"@id":"https:\/\/wp.kristdemokraterna.se\/nassjo\/vara-politiker-i-nassjo\/#breadcrumb"},"inLanguage":"sv-SE","potentialAction":[{"@type":"ReadAction","target":["https:\/\/wp.kristdemokraterna.se\/nassjo\/vara-politiker-i-nassjo\/"]}]},{"@type":"ImageObject","inLanguage":"sv-SE","@id":"https:\/\/wp.kristdemokraterna.se\/nassjo\/vara-politiker-i-nassjo\/#primaryimage","url":"https:\/\/wp.kristdemokraterna.se\/nassjo\/files\/2025\/09\/kd-e1759143273561.jpg","contentUrl":"https:\/\/wp.kristdemokraterna.se\/nassjo\/files\/2025\/09\/kd-e1759143273561.jpg","width":1560,"height":1463},{"@type":"BreadcrumbList","@id":"https:\/\/wp.kristdemokraterna.se\/nassjo\/vara-politiker-i-nassjo\/#breadcrumb","itemListElement":[{"@type":"ListItem","position":1,"name":"Hem","item":"https:\/\/wp.kristdemokraterna.se\/nassjo\/"},{"@type":"ListItem","position":2,"name":"V\u00e5ra politiker i N\u00e4ssj\u00f6"}]},{"@type":"WebSite","@id":"https:\/\/wp.kristdemokraterna.se\/nassjo\/#website","url":"https:\/\/wp.kristdemokraterna.se\/nassjo\/","name":"Kristdemokraterna | N\u00e4ssj\u00f6","description":"En till Kristdemokraterna webbplats","inLanguage":"sv-SE"}]}},"_links":{"self":[{"href":"https:\/\/wp.kristdemokraterna.se\/nassjo\/wp-json\/wp\/v2\/pages\/544","targetHints":{"allow":["GET"]}}],"collection":[{"href":"https:\/\/wp.kristdemokraterna.se\/nassjo\/wp-json\/wp\/v2\/pages"}],"about":[{"href":"https:\/\/wp.kristdemokraterna.se\/nassjo\/wp-json\/wp\/v2\/types\/page"}],"author":[{"embeddable":true,"href":"https:\/\/wp.kristdemokraterna.se\/nassjo\/wp-json\/wp\/v2\/users\/403"}],"replies":[{"embeddable":true,"href":"https:\/\/wp.kristdemokraterna.se\/nassjo\/wp-json\/wp\/v2\/comments?post=544"}],"version-history":[{"count":13,"href":"https:\/\/wp.kristdemokraterna.se\/nassjo\/wp-json\/wp\/v2\/pages\/544\/revisions"}],"predecessor-version":[{"id":626,"href":"https:\/\/wp.kristdemokraterna.se\/nassjo\/wp-json\/wp\/v2\/pages\/544\/revisions\/626"}],"wp:attachment":[{"href":"https:\/\/wp.kristdemokraterna.se\/nassjo\/wp-json\/wp\/v2\/media?parent=544"}],"curies":[{"name":"wp","href":"https:\/\/api.w.org\/{rel}","templated":true}]}}