{"id":548,"date":"2020-08-27T13:46:53","date_gmt":"2020-08-27T11:46:53","guid":{"rendered":"http:\/\/wp.kristdemokraterna.se\/nassjo\/?page_id=548"},"modified":"2025-03-31T09:40:01","modified_gmt":"2025-03-31T07:40:01","slug":"styrelsen-kd-nassjo","status":"publish","type":"page","link":"https:\/\/wp.kristdemokraterna.se\/nassjo\/styrelsen-kd-nassjo\/","title":{"rendered":"Styrelsen KD N\u00e4ssj\u00f6 kommun"},"content":{"rendered":"<p><strong>Partiavdelningsordf\u00f6rande<\/strong><\/p>\n<p>Pernilla Ivarsson, Stensj\u00f6n<\/p>\n<p>&nbsp;<\/p>\n<p><strong>Vice partiavdelningsordf\u00f6rande<\/strong><\/p>\n<p>Annika Karlsson, Flisby<\/p>\n<p>&nbsp;<\/p>\n<p><strong>Ledam\u00f6ter<\/strong><\/p>\n<p>Jane Mainwaring, N\u00e4ssj\u00f6<\/p>\n<p>Ann-Christin Simonsson, N\u00e4ssj\u00f6<\/p>\n<p>Kent Karlsson, N\u00e4ssj\u00f6<\/p>\n<p>Magnus Torby, Havsvik<\/p>\n<p>Siw Damberg, Forserum<\/p>\n<p>Jessica Hafstr\u00f6m, N\u00e4ssj\u00f6<\/p>\n<p>Andreas Hj\u00e4lmqvist, Malmb\u00e4ck<\/p>\n<p>Mikael Hultberg, Ormaryd<\/p>\n<p>Lotta Kilebrand, Flisby<\/p>\n","protected":false},"excerpt":{"rendered":"<p>Partiavdelningsordf\u00f6rande Pernilla Ivarsson, Stensj\u00f6n &nbsp; Vice partiavdelningsordf\u00f6rande Annika Karlsson, Flisby &nbsp; Ledam\u00f6ter Jane Mainwaring, N\u00e4ssj\u00f6 Ann-Christin Simonsson, N\u00e4ssj\u00f6 Kent Karlsson, N\u00e4ssj\u00f6 Magnus Torby, Havsvik Siw Damberg, Forserum Jessica Hafstr\u00f6m, N\u00e4ssj\u00f6 Andreas Hj\u00e4lmqvist, Malmb\u00e4ck Mikael Hultberg, Ormaryd Lotta Kilebrand, Flisby<\/p>\n","protected":false},"author":403,"featured_media":0,"parent":0,"menu_order":0,"comment_status":"closed","ping_status":"closed","template":"","meta":{"_acf_changed":false,"footnotes":""},"class_list":["post-548","page","type-page","status-publish","hentry"],"acf":[],"yoast_head":"<!-- This site is optimized with the Yoast SEO plugin v27.3 - https:\/\/yoast.com\/product\/yoast-seo-wordpress\/ -->\n<title>Styrelsen KD N\u00e4ssj\u00f6 kommun - Kristdemokraterna | N\u00e4ssj\u00f6<\/title>\n<meta name=\"robots\" content=\"index, follow, max-snippet:-1, max-image-preview:large, max-video-preview:-1\" \/>\n<link rel=\"canonical\" href=\"https:\/\/wp.kristdemokraterna.se\/nassjo\/styrelsen-kd-nassjo\/\" \/>\n<meta property=\"og:locale\" content=\"sv_SE\" \/>\n<meta property=\"og:type\" content=\"article\" \/>\n<meta property=\"og:title\" content=\"Styrelsen KD N\u00e4ssj\u00f6 kommun - Kristdemokraterna | N\u00e4ssj\u00f6\" \/>\n<meta property=\"og:description\" content=\"Partiavdelningsordf\u00f6rande Pernilla Ivarsson, Stensj\u00f6n &nbsp; Vice partiavdelningsordf\u00f6rande Annika Karlsson, Flisby &nbsp; Ledam\u00f6ter Jane Mainwaring, N\u00e4ssj\u00f6 Ann-Christin Simonsson, N\u00e4ssj\u00f6 Kent Karlsson, N\u00e4ssj\u00f6 Magnus Torby, Havsvik Siw Damberg, Forserum Jessica Hafstr\u00f6m, N\u00e4ssj\u00f6 Andreas Hj\u00e4lmqvist, Malmb\u00e4ck Mikael Hultberg, Ormaryd Lotta Kilebrand, Flisby\" \/>\n<meta property=\"og:url\" content=\"https:\/\/wp.kristdemokraterna.se\/nassjo\/styrelsen-kd-nassjo\/\" \/>\n<meta property=\"og:site_name\" content=\"Kristdemokraterna | N\u00e4ssj\u00f6\" \/>\n<meta property=\"article:modified_time\" content=\"2025-03-31T07:40:01+00:00\" \/>\n<meta name=\"twitter:card\" content=\"summary_large_image\" \/>\n<meta name=\"twitter:label1\" content=\"Ber\u00e4knad l\u00e4stid\" \/>\n\t<meta name=\"twitter:data1\" content=\"1 minut\" \/>\n<script type=\"application\/ld+json\" class=\"yoast-schema-graph\">{\"@context\":\"https:\\\/\\\/schema.org\",\"@graph\":[{\"@type\":\"WebPage\",\"@id\":\"https:\\\/\\\/wp.kristdemokraterna.se\\\/nassjo\\\/styrelsen-kd-nassjo\\\/\",\"url\":\"https:\\\/\\\/wp.kristdemokraterna.se\\\/nassjo\\\/styrelsen-kd-nassjo\\\/\",\"name\":\"Styrelsen KD N\u00e4ssj\u00f6 kommun - Kristdemokraterna | N\u00e4ssj\u00f6\",\"isPartOf\":{\"@id\":\"https:\\\/\\\/wp.kristdemokraterna.se\\\/nassjo\\\/#website\"},\"datePublished\":\"2020-08-27T11:46:53+00:00\",\"dateModified\":\"2025-03-31T07:40:01+00:00\",\"breadcrumb\":{\"@id\":\"https:\\\/\\\/wp.kristdemokraterna.se\\\/nassjo\\\/styrelsen-kd-nassjo\\\/#breadcrumb\"},\"inLanguage\":\"sv-SE\",\"potentialAction\":[{\"@type\":\"ReadAction\",\"target\":[\"https:\\\/\\\/wp.kristdemokraterna.se\\\/nassjo\\\/styrelsen-kd-nassjo\\\/\"]}]},{\"@type\":\"BreadcrumbList\",\"@id\":\"https:\\\/\\\/wp.kristdemokraterna.se\\\/nassjo\\\/styrelsen-kd-nassjo\\\/#breadcrumb\",\"itemListElement\":[{\"@type\":\"ListItem\",\"position\":1,\"name\":\"Hem\",\"item\":\"https:\\\/\\\/wp.kristdemokraterna.se\\\/nassjo\\\/\"},{\"@type\":\"ListItem\",\"position\":2,\"name\":\"Styrelsen KD N\u00e4ssj\u00f6 kommun\"}]},{\"@type\":\"WebSite\",\"@id\":\"https:\\\/\\\/wp.kristdemokraterna.se\\\/nassjo\\\/#website\",\"url\":\"https:\\\/\\\/wp.kristdemokraterna.se\\\/nassjo\\\/\",\"name\":\"Kristdemokraterna | N\u00e4ssj\u00f6\",\"description\":\"En till Kristdemokraterna webbplats\",\"inLanguage\":\"sv-SE\"}]}<\/script>\n<!-- \/ Yoast SEO plugin. -->","yoast_head_json":{"title":"Styrelsen KD N\u00e4ssj\u00f6 kommun - Kristdemokraterna | N\u00e4ssj\u00f6","robots":{"index":"index","follow":"follow","max-snippet":"max-snippet:-1","max-image-preview":"max-image-preview:large","max-video-preview":"max-video-preview:-1"},"canonical":"https:\/\/wp.kristdemokraterna.se\/nassjo\/styrelsen-kd-nassjo\/","og_locale":"sv_SE","og_type":"article","og_title":"Styrelsen KD N\u00e4ssj\u00f6 kommun - Kristdemokraterna | N\u00e4ssj\u00f6","og_description":"Partiavdelningsordf\u00f6rande Pernilla Ivarsson, Stensj\u00f6n &nbsp; Vice partiavdelningsordf\u00f6rande Annika Karlsson, Flisby &nbsp; Ledam\u00f6ter Jane Mainwaring, N\u00e4ssj\u00f6 Ann-Christin Simonsson, N\u00e4ssj\u00f6 Kent Karlsson, N\u00e4ssj\u00f6 Magnus Torby, Havsvik Siw Damberg, Forserum Jessica Hafstr\u00f6m, N\u00e4ssj\u00f6 Andreas Hj\u00e4lmqvist, Malmb\u00e4ck Mikael Hultberg, Ormaryd Lotta Kilebrand, Flisby","og_url":"https:\/\/wp.kristdemokraterna.se\/nassjo\/styrelsen-kd-nassjo\/","og_site_name":"Kristdemokraterna | N\u00e4ssj\u00f6","article_modified_time":"2025-03-31T07:40:01+00:00","twitter_card":"summary_large_image","twitter_misc":{"Ber\u00e4knad l\u00e4stid":"1 minut"},"schema":{"@context":"https:\/\/schema.org","@graph":[{"@type":"WebPage","@id":"https:\/\/wp.kristdemokraterna.se\/nassjo\/styrelsen-kd-nassjo\/","url":"https:\/\/wp.kristdemokraterna.se\/nassjo\/styrelsen-kd-nassjo\/","name":"Styrelsen KD N\u00e4ssj\u00f6 kommun - Kristdemokraterna | N\u00e4ssj\u00f6","isPartOf":{"@id":"https:\/\/wp.kristdemokraterna.se\/nassjo\/#website"},"datePublished":"2020-08-27T11:46:53+00:00","dateModified":"2025-03-31T07:40:01+00:00","breadcrumb":{"@id":"https:\/\/wp.kristdemokraterna.se\/nassjo\/styrelsen-kd-nassjo\/#breadcrumb"},"inLanguage":"sv-SE","potentialAction":[{"@type":"ReadAction","target":["https:\/\/wp.kristdemokraterna.se\/nassjo\/styrelsen-kd-nassjo\/"]}]},{"@type":"BreadcrumbList","@id":"https:\/\/wp.kristdemokraterna.se\/nassjo\/styrelsen-kd-nassjo\/#breadcrumb","itemListElement":[{"@type":"ListItem","position":1,"name":"Hem","item":"https:\/\/wp.kristdemokraterna.se\/nassjo\/"},{"@type":"ListItem","position":2,"name":"Styrelsen KD N\u00e4ssj\u00f6 kommun"}]},{"@type":"WebSite","@id":"https:\/\/wp.kristdemokraterna.se\/nassjo\/#website","url":"https:\/\/wp.kristdemokraterna.se\/nassjo\/","name":"Kristdemokraterna | N\u00e4ssj\u00f6","description":"En till Kristdemokraterna webbplats","inLanguage":"sv-SE"}]}},"_links":{"self":[{"href":"https:\/\/wp.kristdemokraterna.se\/nassjo\/wp-json\/wp\/v2\/pages\/548","targetHints":{"allow":["GET"]}}],"collection":[{"href":"https:\/\/wp.kristdemokraterna.se\/nassjo\/wp-json\/wp\/v2\/pages"}],"about":[{"href":"https:\/\/wp.kristdemokraterna.se\/nassjo\/wp-json\/wp\/v2\/types\/page"}],"author":[{"embeddable":true,"href":"https:\/\/wp.kristdemokraterna.se\/nassjo\/wp-json\/wp\/v2\/users\/403"}],"replies":[{"embeddable":true,"href":"https:\/\/wp.kristdemokraterna.se\/nassjo\/wp-json\/wp\/v2\/comments?post=548"}],"version-history":[{"count":11,"href":"https:\/\/wp.kristdemokraterna.se\/nassjo\/wp-json\/wp\/v2\/pages\/548\/revisions"}],"predecessor-version":[{"id":618,"href":"https:\/\/wp.kristdemokraterna.se\/nassjo\/wp-json\/wp\/v2\/pages\/548\/revisions\/618"}],"wp:attachment":[{"href":"https:\/\/wp.kristdemokraterna.se\/nassjo\/wp-json\/wp\/v2\/media?parent=548"}],"curies":[{"name":"wp","href":"https:\/\/api.w.org\/{rel}","templated":true}]}}