{"id":373,"date":"2017-12-04T16:47:18","date_gmt":"2017-12-04T15:47:18","guid":{"rendered":"http:\/\/wp.kristdemokraterna.se\/nordanstig\/?page_id=373"},"modified":"2018-08-14T23:08:07","modified_gmt":"2018-08-14T21:08:07","slug":"var-politik-i-kommunen","status":"publish","type":"page","link":"https:\/\/wp.kristdemokraterna.se\/nordanstig\/textsida-fullbredd\/var-politik-i-kommunen\/","title":{"rendered":"V\u00e5r politik i kommunen"},"content":{"rendered":"<p><strong>B\u00e4ttre f\u00f6r barn och familjer<\/strong><br \/>\nTrygga familjer ger barn goda f\u00f6ruts\u00e4ttningar att klara livets olika utmaningar. Vi vill familjes\u00e4kra politiken, att alla politiska beslut ska analyseras utifr\u00e5n vilka konsekvenser de f\u00e5r f\u00f6r familjer och n\u00e4ra relationer.<\/p>\n<p>Vi vill:<br \/>\n\u2022 F\u00f6rb\u00e4ttra f\u00f6r barn och familjer genom att minska barngruppernas storlek i f\u00f6rskolan och p\u00e5 fritids och \u00f6ka familjers valfrihet att v\u00e4lja barnomsorg.<br \/>\n\u2022 Inf\u00f6ra en barnomsorgspeng \u00e4ven f\u00f6r f\u00f6r\u00e4ldrar som sj\u00e4lva har hand om omsorgen f\u00f6r sina barn.<br \/>\n\u2022\u00a0Inf\u00f6ra en flexiblare f\u00f6r\u00e4ldraf\u00f6rs\u00e4kring s\u00e5 att barnen f\u00e5r mer tid med sina f\u00f6r\u00e4ldrar och f\u00f6rb\u00e4ttra st\u00f6det till ton\u00e5rsf\u00f6r\u00e4ldrar. Vi s\u00e4ger nej till kvotering.<\/p>\n<p>&nbsp;<\/p>\n<p><b>Samling f\u00f6r Nordanstig<br \/>\n<\/b><i><span style=\"font-weight: 400\">Den samlade oppositionens investeringsplan f\u00f6r ett framtida Nordanstig<\/span><\/i><\/p>\n<p><span style=\"font-weight: 400\">Nordanstig st\u00e5r nu inf\u00f6r m\u00e5nga utmaningar. Ekonomin \u00e4r i botten, antalet inv\u00e5nare blir allt f\u00e4rre och framtiden k\u00e4nns f\u00f6r m\u00e5nga v\u00e4ldigt os\u00e4ker. I detta l\u00e4ge kr\u00e4vs handling, allts\u00e5 tydliga och konkreta satsningar som kan lyfta oss Nordanstigare ur avgrunden och ge oss de livsf\u00f6rh\u00e5llanden som vi vill ha och \u00e4r v\u00e4rda.<\/span><\/p>\n<p><span style=\"font-weight: 400\">Vi i oppositionen har en plan f\u00f6r Nordanstigs utveckling. V\u00e5ra satsningar g\u00f6r att hela kommunen kan g\u00e5 fram\u00e5t och att verkligheten blir ljusare. F\u00f6lj med oss i <\/span><i><span style=\"font-weight: 400\">Samling f\u00f6r Nordanstig<\/span><\/i><span style=\"font-weight: 400\"> \u2013 lyssna p\u00e5 oppositionen!<\/span><\/p>\n<p><span style=\"font-weight: 400\">Nedanst\u00e5ende investeringar \u00e4r de satsningar som vi planerar att genomf\u00f6ra. Detta ska ske under en period av fem \u00e5r. <\/span><\/p>\n<p><b>Hassela<br \/>\n<\/b><span style=\"font-weight: 400\">Kommunala satsningar p\u00e5 Hassela Ski f\u00f6r att s\u00e4kerst\u00e4lla att kommunens st\u00f6rsta turist- och fritidsanl\u00e4ggning ska finnas kvar och utvecklas. Dessutom en samordning av f\u00f6rskola och skola s\u00e5 att Arthur Engbergs fortlevnad kan tryggas l\u00e5ngsiktigt. (Satsningar p\u00e5 ca 53 miljoner kr)<\/span><\/p>\n<p><b>Ilsbo<br \/>\n<\/b><span style=\"font-weight: 400\">Upprustning av skola och skolg\u00e5rd s\u00e5 att elever och l\u00e4rare f\u00e5r en arbetsmilj\u00f6 d\u00e4r de trivs och utvecklas. (ca 14 miljoner kr)<\/span><\/p>\n<p><b>Stocka och Str\u00f6msbruk<br \/>\n<\/b><span style=\"font-weight: 400\">F\u00f6rberedelse f\u00f6r en utbyggnad av f\u00f6rskoleverksamheten f\u00f6r att h\u00f6ja attraktiviteten och \u00f6ka m\u00f6jligheterna f\u00f6r inflyttning. (ej kostnadsber\u00e4knat)<\/span><\/p>\n<p><b>J\u00e4ttendal<br \/>\n<\/b><span style=\"font-weight: 400\">En kommunal satsning p\u00e5 att st\u00e4lla om Fr\u00f6stunas skola till ett f\u00f6retagshotell eller ett f\u00f6retagarcentrum. Vidare vill vi skapa f\u00f6ruts\u00e4ttningar f\u00f6r etablerandet av en Gr\u00f6n mack l\u00e4ngs E4:n, projektera f\u00f6r pendlingsn\u00e4ra bost\u00e4der samt forts\u00e4tta satsningarna p\u00e5 turistn\u00e4ringen i Mellanfj\u00e4rden. (ej kostnadsber\u00e4knat) <\/span><\/p>\n<p><b>Harm\u00e5nger<br \/>\n<\/b><span style=\"font-weight: 400\">En helt ny Bringsta-skola med utrymme f\u00f6r en ungdomsg\u00e5rd, samt ett trygghetsboende i toppklass. (ca 33 miljoner kr.)<\/span><\/p>\n<p><b>Gnarp<br \/>\n<\/b><span style=\"font-weight: 400\">En ny f\u00f6rskola, en ishockeyhall, studentl\u00e4genheter samt trygghetsboende i toppklass. (44 miljoner kr)<\/span><\/p>\n<p><b>Bergsj\u00f6<br \/>\n<\/b><span style=\"font-weight: 400\">Nytt s\u00e4rskilt boende, allaktivitetshall, ny skolbyggnad, upprustning av Bergsj\u00f6g\u00e5rden och trygghetsboende i toppklass (75 miljoner)<\/span><\/p>\n<p><span style=\"font-weight: 400\">Men, kan en d\u00e5 fr\u00e5ga sig, har vi r\u00e5d? Kommunen \u00e4r ju som bekant p\u00e5 ruinens brant, och nuvarande majoritet sparar redan p\u00e5 f\u00f6reningsbidrag, st\u00e4dning och badplatser; hur kan det d\u00e5 finnas utrymme f\u00f6r satsningar p\u00e5 \u00f6ver 200 miljoner kronor?<\/span><\/p>\n<p><span style=\"font-weight: 400\">Jo, ungef\u00e4r s\u00e5 h\u00e4r \u00e4r det. De rivningar och f\u00f6rs\u00e4ljningar som kommunen nu genomf\u00f6r, skapar en grundpl\u00e5t och ett utrymme f\u00f6r att bygga nytt f\u00f6r drygt 100 miljoner (fr\u00e4mst genom besparingar i underh\u00e5ll och drift). Ut\u00f6ver detta t\u00e4nker vi oss en l\u00e5nefinansiering p\u00e5 200 miljoner. Sammantaget ger det en investeringsplan med ordentliga muskler, tillr\u00e4cklig \u00e4ven f\u00f6r nya satsningar, eftersom hela 81 miljoner \u00e4nnu inte \u00e4r \u00f6ronm\u00e4rkta.<\/span><\/p>\n<p><span style=\"font-weight: 400\">Alla dessa investeringar, med undantag f\u00f6r satsningen p\u00e5 Hassela Ski, ska i f\u00f6rl\u00e4ngningen betala sig sj\u00e4lva genom minskade drifts- och underh\u00e5llskostnader. Satsningen p\u00e5 Hassela Ski \u00e4r en investering i form av l\u00e5n som ska \u00e5terbetalas \u00f6ver 10 \u00e5r. De pengarna kan sedan anv\u00e4ndas till nya satsningar i kommunen.<\/span><\/p>\n<p><span style=\"font-weight: 400\">Vi i oppositionen har allts\u00e5 en positiv plan f\u00f6r framtiden. Vi \u00e4r \u00f6vertygade om att kommunen m\u00e5ste satsa f\u00f6r att kunna spara och investera f\u00f6r att kunna g\u00e5 fram\u00e5t. F\u00f6lj med oss i <\/span><i><span style=\"font-weight: 400\">Samling f\u00f6r Nordanstig<\/span><\/i><span style=\"font-weight: 400\"> \u2013 r\u00f6sta p\u00e5 oppositionen!<\/span><\/p>\n<p><span style=\"font-weight: 400\">Samling f\u00f6r Nordanstig best\u00e5r av\u00a0<\/span>Kristdemokraterna, Moderaterna, Liberalerna och V\u00e4nsterpartiet.<\/p>\n<p>&nbsp;<\/p>\n","protected":false},"excerpt":{"rendered":"<p>B\u00e4ttre f\u00f6r barn och familjer Trygga familjer ger barn goda f\u00f6ruts\u00e4ttningar att klara livets olika utmaningar. Vi vill familjes\u00e4kra politiken, att alla politiska beslut ska analyseras utifr\u00e5n vilka konsekvenser de f\u00e5r f\u00f6r familjer och n\u00e4ra relationer. Vi vill: \u2022 F\u00f6rb\u00e4ttra f\u00f6r barn och familjer genom att minska barngruppernas storlek i f\u00f6rskolan och p\u00e5 fritids och <a class=\"read-more-link\" href=\"https:\/\/wp.kristdemokraterna.se\/nordanstig\/textsida-fullbredd\/var-politik-i-kommunen\/\">L\u00e4s mer<\/a><\/p>\n","protected":false},"author":800,"featured_media":0,"parent":272,"menu_order":0,"comment_status":"closed","ping_status":"closed","template":"page.php","meta":{"_acf_changed":false,"footnotes":""},"class_list":["post-373","page","type-page","status-publish","hentry"],"acf":[],"yoast_head":"<!-- This site is optimized with the Yoast SEO plugin v27.4 - https:\/\/yoast.com\/product\/yoast-seo-wordpress\/ -->\n<title>V\u00e5r politik i kommunen - Kristdemokraterna i Nordanstig<\/title>\n<meta name=\"robots\" content=\"index, follow, max-snippet:-1, max-image-preview:large, max-video-preview:-1\" \/>\n<link rel=\"canonical\" href=\"https:\/\/wp.kristdemokraterna.se\/nordanstig\/textsida-fullbredd\/var-politik-i-kommunen\/\" \/>\n<meta property=\"og:locale\" content=\"sv_SE\" \/>\n<meta property=\"og:type\" content=\"article\" \/>\n<meta property=\"og:title\" content=\"V\u00e5r politik i kommunen - Kristdemokraterna i Nordanstig\" \/>\n<meta property=\"og:description\" content=\"B\u00e4ttre f\u00f6r barn och familjer Trygga familjer ger barn goda f\u00f6ruts\u00e4ttningar att klara livets olika utmaningar. Vi vill familjes\u00e4kra politiken, att alla politiska beslut ska analyseras utifr\u00e5n vilka konsekvenser de f\u00e5r f\u00f6r familjer och n\u00e4ra relationer. Vi vill: \u2022 F\u00f6rb\u00e4ttra f\u00f6r barn och familjer genom att minska barngruppernas storlek i f\u00f6rskolan och p\u00e5 fritids och L\u00e4s mer\" \/>\n<meta property=\"og:url\" content=\"https:\/\/wp.kristdemokraterna.se\/nordanstig\/textsida-fullbredd\/var-politik-i-kommunen\/\" \/>\n<meta property=\"og:site_name\" content=\"Kristdemokraterna i Nordanstig\" \/>\n<meta property=\"article:modified_time\" content=\"2018-08-14T21:08:07+00:00\" \/>\n<meta name=\"twitter:card\" content=\"summary_large_image\" \/>\n<meta name=\"twitter:label1\" content=\"Ber\u00e4knad l\u00e4stid\" \/>\n\t<meta name=\"twitter:data1\" content=\"4 minuter\" \/>\n<script type=\"application\/ld+json\" class=\"yoast-schema-graph\">{\"@context\":\"https:\\\/\\\/schema.org\",\"@graph\":[{\"@type\":\"WebPage\",\"@id\":\"https:\\\/\\\/wp.kristdemokraterna.se\\\/nordanstig\\\/textsida-fullbredd\\\/var-politik-i-kommunen\\\/\",\"url\":\"https:\\\/\\\/wp.kristdemokraterna.se\\\/nordanstig\\\/textsida-fullbredd\\\/var-politik-i-kommunen\\\/\",\"name\":\"V\u00e5r politik i kommunen - Kristdemokraterna i Nordanstig\",\"isPartOf\":{\"@id\":\"https:\\\/\\\/wp.kristdemokraterna.se\\\/nordanstig\\\/#website\"},\"datePublished\":\"2017-12-04T15:47:18+00:00\",\"dateModified\":\"2018-08-14T21:08:07+00:00\",\"breadcrumb\":{\"@id\":\"https:\\\/\\\/wp.kristdemokraterna.se\\\/nordanstig\\\/textsida-fullbredd\\\/var-politik-i-kommunen\\\/#breadcrumb\"},\"inLanguage\":\"sv-SE\",\"potentialAction\":[{\"@type\":\"ReadAction\",\"target\":[\"https:\\\/\\\/wp.kristdemokraterna.se\\\/nordanstig\\\/textsida-fullbredd\\\/var-politik-i-kommunen\\\/\"]}]},{\"@type\":\"BreadcrumbList\",\"@id\":\"https:\\\/\\\/wp.kristdemokraterna.se\\\/nordanstig\\\/textsida-fullbredd\\\/var-politik-i-kommunen\\\/#breadcrumb\",\"itemListElement\":[{\"@type\":\"ListItem\",\"position\":1,\"name\":\"Hem\",\"item\":\"https:\\\/\\\/wp.kristdemokraterna.se\\\/nordanstig\\\/\"},{\"@type\":\"ListItem\",\"position\":2,\"name\":\"Vad vi st\u00e5r f\u00f6r!\",\"item\":\"https:\\\/\\\/wp.kristdemokraterna.se\\\/nordanstig\\\/textsida-fullbredd\\\/\"},{\"@type\":\"ListItem\",\"position\":3,\"name\":\"V\u00e5r politik i kommunen\"}]},{\"@type\":\"WebSite\",\"@id\":\"https:\\\/\\\/wp.kristdemokraterna.se\\\/nordanstig\\\/#website\",\"url\":\"https:\\\/\\\/wp.kristdemokraterna.se\\\/nordanstig\\\/\",\"name\":\"Kristdemokraterna i Nordanstig\",\"description\":\"En till Kristdemokraterna webbplats\",\"inLanguage\":\"sv-SE\"}]}<\/script>\n<!-- \/ Yoast SEO plugin. -->","yoast_head_json":{"title":"V\u00e5r politik i kommunen - Kristdemokraterna i Nordanstig","robots":{"index":"index","follow":"follow","max-snippet":"max-snippet:-1","max-image-preview":"max-image-preview:large","max-video-preview":"max-video-preview:-1"},"canonical":"https:\/\/wp.kristdemokraterna.se\/nordanstig\/textsida-fullbredd\/var-politik-i-kommunen\/","og_locale":"sv_SE","og_type":"article","og_title":"V\u00e5r politik i kommunen - Kristdemokraterna i Nordanstig","og_description":"B\u00e4ttre f\u00f6r barn och familjer Trygga familjer ger barn goda f\u00f6ruts\u00e4ttningar att klara livets olika utmaningar. Vi vill familjes\u00e4kra politiken, att alla politiska beslut ska analyseras utifr\u00e5n vilka konsekvenser de f\u00e5r f\u00f6r familjer och n\u00e4ra relationer. Vi vill: \u2022 F\u00f6rb\u00e4ttra f\u00f6r barn och familjer genom att minska barngruppernas storlek i f\u00f6rskolan och p\u00e5 fritids och L\u00e4s mer","og_url":"https:\/\/wp.kristdemokraterna.se\/nordanstig\/textsida-fullbredd\/var-politik-i-kommunen\/","og_site_name":"Kristdemokraterna i Nordanstig","article_modified_time":"2018-08-14T21:08:07+00:00","twitter_card":"summary_large_image","twitter_misc":{"Ber\u00e4knad l\u00e4stid":"4 minuter"},"schema":{"@context":"https:\/\/schema.org","@graph":[{"@type":"WebPage","@id":"https:\/\/wp.kristdemokraterna.se\/nordanstig\/textsida-fullbredd\/var-politik-i-kommunen\/","url":"https:\/\/wp.kristdemokraterna.se\/nordanstig\/textsida-fullbredd\/var-politik-i-kommunen\/","name":"V\u00e5r politik i kommunen - Kristdemokraterna i Nordanstig","isPartOf":{"@id":"https:\/\/wp.kristdemokraterna.se\/nordanstig\/#website"},"datePublished":"2017-12-04T15:47:18+00:00","dateModified":"2018-08-14T21:08:07+00:00","breadcrumb":{"@id":"https:\/\/wp.kristdemokraterna.se\/nordanstig\/textsida-fullbredd\/var-politik-i-kommunen\/#breadcrumb"},"inLanguage":"sv-SE","potentialAction":[{"@type":"ReadAction","target":["https:\/\/wp.kristdemokraterna.se\/nordanstig\/textsida-fullbredd\/var-politik-i-kommunen\/"]}]},{"@type":"BreadcrumbList","@id":"https:\/\/wp.kristdemokraterna.se\/nordanstig\/textsida-fullbredd\/var-politik-i-kommunen\/#breadcrumb","itemListElement":[{"@type":"ListItem","position":1,"name":"Hem","item":"https:\/\/wp.kristdemokraterna.se\/nordanstig\/"},{"@type":"ListItem","position":2,"name":"Vad vi st\u00e5r f\u00f6r!","item":"https:\/\/wp.kristdemokraterna.se\/nordanstig\/textsida-fullbredd\/"},{"@type":"ListItem","position":3,"name":"V\u00e5r politik i kommunen"}]},{"@type":"WebSite","@id":"https:\/\/wp.kristdemokraterna.se\/nordanstig\/#website","url":"https:\/\/wp.kristdemokraterna.se\/nordanstig\/","name":"Kristdemokraterna i Nordanstig","description":"En till Kristdemokraterna webbplats","inLanguage":"sv-SE"}]}},"_links":{"self":[{"href":"https:\/\/wp.kristdemokraterna.se\/nordanstig\/wp-json\/wp\/v2\/pages\/373","targetHints":{"allow":["GET"]}}],"collection":[{"href":"https:\/\/wp.kristdemokraterna.se\/nordanstig\/wp-json\/wp\/v2\/pages"}],"about":[{"href":"https:\/\/wp.kristdemokraterna.se\/nordanstig\/wp-json\/wp\/v2\/types\/page"}],"author":[{"embeddable":true,"href":"https:\/\/wp.kristdemokraterna.se\/nordanstig\/wp-json\/wp\/v2\/users\/800"}],"replies":[{"embeddable":true,"href":"https:\/\/wp.kristdemokraterna.se\/nordanstig\/wp-json\/wp\/v2\/comments?post=373"}],"version-history":[{"count":3,"href":"https:\/\/wp.kristdemokraterna.se\/nordanstig\/wp-json\/wp\/v2\/pages\/373\/revisions"}],"predecessor-version":[{"id":506,"href":"https:\/\/wp.kristdemokraterna.se\/nordanstig\/wp-json\/wp\/v2\/pages\/373\/revisions\/506"}],"up":[{"embeddable":true,"href":"https:\/\/wp.kristdemokraterna.se\/nordanstig\/wp-json\/wp\/v2\/pages\/272"}],"wp:attachment":[{"href":"https:\/\/wp.kristdemokraterna.se\/nordanstig\/wp-json\/wp\/v2\/media?parent=373"}],"curies":[{"name":"wp","href":"https:\/\/api.w.org\/{rel}","templated":true}]}}