{"id":2,"date":"2014-04-04T11:34:08","date_gmt":"2014-04-04T11:34:08","guid":{"rendered":"http:\/\/wp.kristdemokraterna.se\/lokalavdelningsmall20140404\/?page_id=2"},"modified":"2014-04-04T11:34:08","modified_gmt":"2014-04-04T11:34:08","slug":"exempelsida","status":"publish","type":"page","link":"https:\/\/wp.kristdemokraterna.se\/norduppland\/exempelsida\/","title":{"rendered":"Exempelsida"},"content":{"rendered":"<p>Testsida<\/p>\n","protected":false},"excerpt":{"rendered":"<p>Testsida<\/p>\n","protected":false},"author":731,"featured_media":0,"parent":0,"menu_order":0,"comment_status":"open","ping_status":"open","template":"","meta":{"_acf_changed":false,"footnotes":""},"class_list":["post-2","page","type-page","status-publish","hentry"],"acf":[],"yoast_head":"<!-- This site is optimized with the Yoast SEO plugin v27.3 - https:\/\/yoast.com\/product\/yoast-seo-wordpress\/ -->\n<title>Exempelsida - Norduppland<\/title>\n<meta name=\"robots\" content=\"index, follow, max-snippet:-1, max-image-preview:large, max-video-preview:-1\" \/>\n<link rel=\"canonical\" href=\"https:\/\/wp.kristdemokraterna.se\/norduppland\/exempelsida\/\" \/>\n<meta property=\"og:locale\" content=\"sv_SE\" \/>\n<meta property=\"og:type\" content=\"article\" \/>\n<meta property=\"og:title\" content=\"Exempelsida - Norduppland\" \/>\n<meta property=\"og:description\" content=\"Testsida\" \/>\n<meta property=\"og:url\" content=\"https:\/\/wp.kristdemokraterna.se\/norduppland\/exempelsida\/\" \/>\n<meta property=\"og:site_name\" content=\"Norduppland\" \/>\n<meta name=\"twitter:card\" content=\"summary_large_image\" \/>\n<script type=\"application\/ld+json\" class=\"yoast-schema-graph\">{\"@context\":\"https:\\\/\\\/schema.org\",\"@graph\":[{\"@type\":\"WebPage\",\"@id\":\"https:\\\/\\\/wp.kristdemokraterna.se\\\/norduppland\\\/exempelsida\\\/\",\"url\":\"https:\\\/\\\/wp.kristdemokraterna.se\\\/norduppland\\\/exempelsida\\\/\",\"name\":\"Exempelsida - Norduppland\",\"isPartOf\":{\"@id\":\"https:\\\/\\\/wp.kristdemokraterna.se\\\/norduppland\\\/#website\"},\"datePublished\":\"2014-04-04T11:34:08+00:00\",\"breadcrumb\":{\"@id\":\"https:\\\/\\\/wp.kristdemokraterna.se\\\/norduppland\\\/exempelsida\\\/#breadcrumb\"},\"inLanguage\":\"sv-SE\",\"potentialAction\":[{\"@type\":\"ReadAction\",\"target\":[\"https:\\\/\\\/wp.kristdemokraterna.se\\\/norduppland\\\/exempelsida\\\/\"]}]},{\"@type\":\"BreadcrumbList\",\"@id\":\"https:\\\/\\\/wp.kristdemokraterna.se\\\/norduppland\\\/exempelsida\\\/#breadcrumb\",\"itemListElement\":[{\"@type\":\"ListItem\",\"position\":1,\"name\":\"Hem\",\"item\":\"https:\\\/\\\/wp.kristdemokraterna.se\\\/norduppland\\\/\"},{\"@type\":\"ListItem\",\"position\":2,\"name\":\"Exempelsida\"}]},{\"@type\":\"WebSite\",\"@id\":\"https:\\\/\\\/wp.kristdemokraterna.se\\\/norduppland\\\/#website\",\"url\":\"https:\\\/\\\/wp.kristdemokraterna.se\\\/norduppland\\\/\",\"name\":\"Norduppland\",\"description\":\"F\u00f6r familjerna, f\u00f6retagen och f\u00f6rsvaret\",\"inLanguage\":\"sv-SE\"}]}<\/script>\n<!-- \/ Yoast SEO plugin. -->","yoast_head_json":{"title":"Exempelsida - Norduppland","robots":{"index":"index","follow":"follow","max-snippet":"max-snippet:-1","max-image-preview":"max-image-preview:large","max-video-preview":"max-video-preview:-1"},"canonical":"https:\/\/wp.kristdemokraterna.se\/norduppland\/exempelsida\/","og_locale":"sv_SE","og_type":"article","og_title":"Exempelsida - Norduppland","og_description":"Testsida","og_url":"https:\/\/wp.kristdemokraterna.se\/norduppland\/exempelsida\/","og_site_name":"Norduppland","twitter_card":"summary_large_image","schema":{"@context":"https:\/\/schema.org","@graph":[{"@type":"WebPage","@id":"https:\/\/wp.kristdemokraterna.se\/norduppland\/exempelsida\/","url":"https:\/\/wp.kristdemokraterna.se\/norduppland\/exempelsida\/","name":"Exempelsida - Norduppland","isPartOf":{"@id":"https:\/\/wp.kristdemokraterna.se\/norduppland\/#website"},"datePublished":"2014-04-04T11:34:08+00:00","breadcrumb":{"@id":"https:\/\/wp.kristdemokraterna.se\/norduppland\/exempelsida\/#breadcrumb"},"inLanguage":"sv-SE","potentialAction":[{"@type":"ReadAction","target":["https:\/\/wp.kristdemokraterna.se\/norduppland\/exempelsida\/"]}]},{"@type":"BreadcrumbList","@id":"https:\/\/wp.kristdemokraterna.se\/norduppland\/exempelsida\/#breadcrumb","itemListElement":[{"@type":"ListItem","position":1,"name":"Hem","item":"https:\/\/wp.kristdemokraterna.se\/norduppland\/"},{"@type":"ListItem","position":2,"name":"Exempelsida"}]},{"@type":"WebSite","@id":"https:\/\/wp.kristdemokraterna.se\/norduppland\/#website","url":"https:\/\/wp.kristdemokraterna.se\/norduppland\/","name":"Norduppland","description":"F\u00f6r familjerna, f\u00f6retagen och f\u00f6rsvaret","inLanguage":"sv-SE"}]}},"_links":{"self":[{"href":"https:\/\/wp.kristdemokraterna.se\/norduppland\/wp-json\/wp\/v2\/pages\/2","targetHints":{"allow":["GET"]}}],"collection":[{"href":"https:\/\/wp.kristdemokraterna.se\/norduppland\/wp-json\/wp\/v2\/pages"}],"about":[{"href":"https:\/\/wp.kristdemokraterna.se\/norduppland\/wp-json\/wp\/v2\/types\/page"}],"author":[{"embeddable":true,"href":"https:\/\/wp.kristdemokraterna.se\/norduppland\/wp-json\/wp\/v2\/users\/731"}],"replies":[{"embeddable":true,"href":"https:\/\/wp.kristdemokraterna.se\/norduppland\/wp-json\/wp\/v2\/comments?post=2"}],"version-history":[{"count":0,"href":"https:\/\/wp.kristdemokraterna.se\/norduppland\/wp-json\/wp\/v2\/pages\/2\/revisions"}],"wp:attachment":[{"href":"https:\/\/wp.kristdemokraterna.se\/norduppland\/wp-json\/wp\/v2\/media?parent=2"}],"curies":[{"name":"wp","href":"https:\/\/api.w.org\/{rel}","templated":true}]}}