{"id":48,"date":"2019-03-04T12:35:33","date_gmt":"2019-03-04T11:35:33","guid":{"rendered":"http:\/\/wp.kristdemokraterna.se\/norduppland\/startsida-2\/"},"modified":"2026-04-26T08:05:48","modified_gmt":"2026-04-26T06:05:48","slug":"startsida-2","status":"publish","type":"page","link":"https:\/\/wp.kristdemokraterna.se\/norduppland\/","title":{"rendered":"Startsida"},"content":{"rendered":"<p>Bli medlem i Kristdemokraterna Norduppland! Du blir automatiskt tilldelad r\u00e4tt partiavdelning utifr\u00e5n vilken kommun du bor i.<\/p>\n<hr \/>\n<p>Distriktsordf\u00f6rande Mikael Oscarsson<\/p>\n<p>&nbsp;<\/p>\n<h3><\/h3>\n<h1><\/h1>\n<p><strong>\u00a0<\/strong><\/p>\n","protected":false},"excerpt":{"rendered":"<p>Bli medlem i Kristdemokraterna Norduppland! Du blir automatiskt tilldelad r\u00e4tt partiavdelning utifr\u00e5n vilken kommun du bor i. Distriktsordf\u00f6rande Mikael Oscarsson &nbsp; \u00a0<\/p>\n","protected":false},"author":444,"featured_media":0,"parent":0,"menu_order":0,"comment_status":"closed","ping_status":"closed","template":"index.php","meta":{"_acf_changed":false,"footnotes":""},"class_list":["post-48","page","type-page","status-publish","hentry"],"acf":[],"yoast_head":"<!-- This site is optimized with the Yoast SEO plugin v27.4 - https:\/\/yoast.com\/product\/yoast-seo-wordpress\/ -->\n<title>Startsida - Norduppland<\/title>\n<meta name=\"robots\" content=\"index, follow, max-snippet:-1, max-image-preview:large, max-video-preview:-1\" \/>\n<link rel=\"canonical\" href=\"https:\/\/wp.kristdemokraterna.se\/norduppland\/\" \/>\n<meta property=\"og:locale\" content=\"sv_SE\" \/>\n<meta property=\"og:type\" content=\"article\" \/>\n<meta property=\"og:title\" content=\"Startsida - Norduppland\" \/>\n<meta property=\"og:description\" content=\"Bli medlem i Kristdemokraterna Norduppland! Du blir automatiskt tilldelad r\u00e4tt partiavdelning utifr\u00e5n vilken kommun du bor i. Distriktsordf\u00f6rande Mikael Oscarsson &nbsp; \u00a0\" \/>\n<meta property=\"og:url\" content=\"https:\/\/wp.kristdemokraterna.se\/norduppland\/\" \/>\n<meta property=\"og:site_name\" content=\"Norduppland\" \/>\n<meta property=\"article:modified_time\" content=\"2026-04-26T06:05:48+00:00\" \/>\n<meta name=\"twitter:card\" content=\"summary_large_image\" \/>\n<meta name=\"twitter:label1\" content=\"Ber\u00e4knad l\u00e4stid\" \/>\n\t<meta name=\"twitter:data1\" content=\"1 minut\" \/>\n<script type=\"application\/ld+json\" class=\"yoast-schema-graph\">{\"@context\":\"https:\\\/\\\/schema.org\",\"@graph\":[{\"@type\":\"WebPage\",\"@id\":\"https:\\\/\\\/wp.kristdemokraterna.se\\\/norduppland\\\/\",\"url\":\"https:\\\/\\\/wp.kristdemokraterna.se\\\/norduppland\\\/\",\"name\":\"Startsida - Norduppland\",\"isPartOf\":{\"@id\":\"https:\\\/\\\/wp.kristdemokraterna.se\\\/norduppland\\\/#website\"},\"datePublished\":\"2019-03-04T11:35:33+00:00\",\"dateModified\":\"2026-04-26T06:05:48+00:00\",\"breadcrumb\":{\"@id\":\"https:\\\/\\\/wp.kristdemokraterna.se\\\/norduppland\\\/#breadcrumb\"},\"inLanguage\":\"sv-SE\",\"potentialAction\":[{\"@type\":\"ReadAction\",\"target\":[\"https:\\\/\\\/wp.kristdemokraterna.se\\\/norduppland\\\/\"]}]},{\"@type\":\"BreadcrumbList\",\"@id\":\"https:\\\/\\\/wp.kristdemokraterna.se\\\/norduppland\\\/#breadcrumb\",\"itemListElement\":[{\"@type\":\"ListItem\",\"position\":1,\"name\":\"Hem\",\"item\":\"https:\\\/\\\/wp.kristdemokraterna.se\\\/norduppland\\\/\"},{\"@type\":\"ListItem\",\"position\":2,\"name\":\"Startsida\"}]},{\"@type\":\"WebSite\",\"@id\":\"https:\\\/\\\/wp.kristdemokraterna.se\\\/norduppland\\\/#website\",\"url\":\"https:\\\/\\\/wp.kristdemokraterna.se\\\/norduppland\\\/\",\"name\":\"Norduppland\",\"description\":\"F\u00f6r familjerna, f\u00f6retagen och f\u00f6rsvaret\",\"inLanguage\":\"sv-SE\"}]}<\/script>\n<!-- \/ Yoast SEO plugin. -->","yoast_head_json":{"title":"Startsida - Norduppland","robots":{"index":"index","follow":"follow","max-snippet":"max-snippet:-1","max-image-preview":"max-image-preview:large","max-video-preview":"max-video-preview:-1"},"canonical":"https:\/\/wp.kristdemokraterna.se\/norduppland\/","og_locale":"sv_SE","og_type":"article","og_title":"Startsida - Norduppland","og_description":"Bli medlem i Kristdemokraterna Norduppland! Du blir automatiskt tilldelad r\u00e4tt partiavdelning utifr\u00e5n vilken kommun du bor i. Distriktsordf\u00f6rande Mikael Oscarsson &nbsp; \u00a0","og_url":"https:\/\/wp.kristdemokraterna.se\/norduppland\/","og_site_name":"Norduppland","article_modified_time":"2026-04-26T06:05:48+00:00","twitter_card":"summary_large_image","twitter_misc":{"Ber\u00e4knad l\u00e4stid":"1 minut"},"schema":{"@context":"https:\/\/schema.org","@graph":[{"@type":"WebPage","@id":"https:\/\/wp.kristdemokraterna.se\/norduppland\/","url":"https:\/\/wp.kristdemokraterna.se\/norduppland\/","name":"Startsida - Norduppland","isPartOf":{"@id":"https:\/\/wp.kristdemokraterna.se\/norduppland\/#website"},"datePublished":"2019-03-04T11:35:33+00:00","dateModified":"2026-04-26T06:05:48+00:00","breadcrumb":{"@id":"https:\/\/wp.kristdemokraterna.se\/norduppland\/#breadcrumb"},"inLanguage":"sv-SE","potentialAction":[{"@type":"ReadAction","target":["https:\/\/wp.kristdemokraterna.se\/norduppland\/"]}]},{"@type":"BreadcrumbList","@id":"https:\/\/wp.kristdemokraterna.se\/norduppland\/#breadcrumb","itemListElement":[{"@type":"ListItem","position":1,"name":"Hem","item":"https:\/\/wp.kristdemokraterna.se\/norduppland\/"},{"@type":"ListItem","position":2,"name":"Startsida"}]},{"@type":"WebSite","@id":"https:\/\/wp.kristdemokraterna.se\/norduppland\/#website","url":"https:\/\/wp.kristdemokraterna.se\/norduppland\/","name":"Norduppland","description":"F\u00f6r familjerna, f\u00f6retagen och f\u00f6rsvaret","inLanguage":"sv-SE"}]}},"_links":{"self":[{"href":"https:\/\/wp.kristdemokraterna.se\/norduppland\/wp-json\/wp\/v2\/pages\/48","targetHints":{"allow":["GET"]}}],"collection":[{"href":"https:\/\/wp.kristdemokraterna.se\/norduppland\/wp-json\/wp\/v2\/pages"}],"about":[{"href":"https:\/\/wp.kristdemokraterna.se\/norduppland\/wp-json\/wp\/v2\/types\/page"}],"author":[{"embeddable":true,"href":"https:\/\/wp.kristdemokraterna.se\/norduppland\/wp-json\/wp\/v2\/users\/444"}],"replies":[{"embeddable":true,"href":"https:\/\/wp.kristdemokraterna.se\/norduppland\/wp-json\/wp\/v2\/comments?post=48"}],"version-history":[{"count":56,"href":"https:\/\/wp.kristdemokraterna.se\/norduppland\/wp-json\/wp\/v2\/pages\/48\/revisions"}],"predecessor-version":[{"id":394,"href":"https:\/\/wp.kristdemokraterna.se\/norduppland\/wp-json\/wp\/v2\/pages\/48\/revisions\/394"}],"wp:attachment":[{"href":"https:\/\/wp.kristdemokraterna.se\/norduppland\/wp-json\/wp\/v2\/media?parent=48"}],"curies":[{"name":"wp","href":"https:\/\/api.w.org\/{rel}","templated":true}]}}