{"id":1715,"date":"2014-09-23T10:39:35","date_gmt":"2014-09-23T08:39:35","guid":{"rendered":"http:\/\/wp.kristdemokraterna.se\/norrkoping\/?page_id=1715"},"modified":"2018-05-04T08:35:29","modified_gmt":"2018-05-04T06:35:29","slug":"blimedlem","status":"publish","type":"page","link":"https:\/\/wp.kristdemokraterna.se\/norrkoping\/blimedlem\/","title":{"rendered":"Bli medlem i KD"},"content":{"rendered":"<p><a href=\"https:\/\/www.kristdemokraterna.se\/Engagera-Dig\/blimedlem\/\"><img loading=\"lazy\" decoding=\"async\" class=\"aligncenter wp-image-1716 size-full\" src=\"http:\/\/wp.kristdemokraterna.se\/norrkoping\/files\/2014\/09\/brinnerdu_2014.png\" alt=\"brinnerdu_2014\" width=\"570\" height=\"197\" srcset=\"https:\/\/wp.kristdemokraterna.se\/norrkoping\/files\/2014\/09\/brinnerdu_2014.png 570w, https:\/\/wp.kristdemokraterna.se\/norrkoping\/files\/2014\/09\/brinnerdu_2014-300x103.png 300w, https:\/\/wp.kristdemokraterna.se\/norrkoping\/files\/2014\/09\/brinnerdu_2014-186x64.png 186w\" sizes=\"auto, (max-width: 570px) 100vw, 570px\" \/><\/a><\/p>\n<table id=\"id_matrix\" style=\"height: 165px\" width=\"588\">\n<tbody>\n<tr>\n<td valign=\"top\">Ny medlem? Medlemsavgiften f\u00f6r f\u00f6rsta \u00e5ret \u00e4r 150 kr.<\/p>\n<p>I ditt v\u00e4lkomstpaket, som du f\u00e5r hemskickat n\u00e5gon vecka efter att du ans\u00f6kt om medlemskap, s\u00e5 finns information om hur du kan betala avgiften. Varmt v\u00e4lkommen med din medlemsans\u00f6kan.<\/td>\n<\/tr>\n<\/tbody>\n<\/table>\n<p>Gammal medlem? Medlemsavgift i Norrk\u00f6ping: 150 kr\/\u00e5r<\/p>\n<p>Inbetalningsavi skickas ut med post i januari\/februari varje \u00e5r och inbetalas till bankgiro 5610-1322. Fr\u00e5gor? Kontakta ordf\u00f6rande Niclas Clar\u00e9n: <a href=\"mailto:niclas.claren@kristdemokraterna.se\">Maila Niclas<\/a><\/p>\n<p>&nbsp;<\/p>\n","protected":false},"excerpt":{"rendered":"<p>Ny medlem? Medlemsavgiften f\u00f6r f\u00f6rsta \u00e5ret \u00e4r 150 kr. I ditt v\u00e4lkomstpaket, som du f\u00e5r hemskickat n\u00e5gon vecka efter att du ans\u00f6kt om medlemskap, s\u00e5 finns information om hur du kan betala avgiften. Varmt v\u00e4lkommen med din medlemsans\u00f6kan. Gammal medlem? Medlemsavgift i Norrk\u00f6ping: 150 kr\/\u00e5r Inbetalningsavi skickas ut med post i januari\/februari varje \u00e5r och <a class=\"read-more-link\" href=\"https:\/\/wp.kristdemokraterna.se\/norrkoping\/blimedlem\/\">Read More<\/a><\/p>\n","protected":false},"author":45,"featured_media":0,"parent":0,"menu_order":6,"comment_status":"closed","ping_status":"closed","template":"","meta":{"_acf_changed":false,"footnotes":""},"class_list":["post-1715","page","type-page","status-publish","hentry"],"acf":[],"yoast_head":"<!-- This site is optimized with the Yoast SEO plugin v27.5 - https:\/\/yoast.com\/product\/yoast-seo-wordpress\/ -->\n<title>Bli medlem i KD - Norrk\u00f6ping<\/title>\n<meta name=\"robots\" content=\"index, follow, max-snippet:-1, max-image-preview:large, max-video-preview:-1\" \/>\n<link rel=\"canonical\" href=\"https:\/\/wp.kristdemokraterna.se\/norrkoping\/blimedlem\/\" \/>\n<meta property=\"og:locale\" content=\"sv_SE\" \/>\n<meta property=\"og:type\" content=\"article\" \/>\n<meta property=\"og:title\" content=\"Bli medlem i KD - Norrk\u00f6ping\" \/>\n<meta property=\"og:description\" content=\"Ny medlem? Medlemsavgiften f\u00f6r f\u00f6rsta \u00e5ret \u00e4r 150 kr. I ditt v\u00e4lkomstpaket, som du f\u00e5r hemskickat n\u00e5gon vecka efter att du ans\u00f6kt om medlemskap, s\u00e5 finns information om hur du kan betala avgiften. Varmt v\u00e4lkommen med din medlemsans\u00f6kan. Gammal medlem? Medlemsavgift i Norrk\u00f6ping: 150 kr\/\u00e5r Inbetalningsavi skickas ut med post i januari\/februari varje \u00e5r och Read More\" \/>\n<meta property=\"og:url\" content=\"https:\/\/wp.kristdemokraterna.se\/norrkoping\/blimedlem\/\" \/>\n<meta property=\"og:site_name\" content=\"Norrk\u00f6ping\" \/>\n<meta property=\"article:publisher\" content=\"https:\/\/www.facebook.com\/kdnorrkoping\/\" \/>\n<meta property=\"article:modified_time\" content=\"2018-05-04T06:35:29+00:00\" \/>\n<meta property=\"og:image\" content=\"http:\/\/wp.kristdemokraterna.se\/norrkoping\/files\/2014\/09\/brinnerdu_2014.png\" \/>\n<meta name=\"twitter:card\" content=\"summary_large_image\" \/>\n<script type=\"application\/ld+json\" class=\"yoast-schema-graph\">{\"@context\":\"https:\\\/\\\/schema.org\",\"@graph\":[{\"@type\":\"WebPage\",\"@id\":\"https:\\\/\\\/wp.kristdemokraterna.se\\\/norrkoping\\\/blimedlem\\\/\",\"url\":\"https:\\\/\\\/wp.kristdemokraterna.se\\\/norrkoping\\\/blimedlem\\\/\",\"name\":\"Bli medlem i KD - Norrk\u00f6ping\",\"isPartOf\":{\"@id\":\"https:\\\/\\\/wp.kristdemokraterna.se\\\/norrkoping\\\/#website\"},\"primaryImageOfPage\":{\"@id\":\"https:\\\/\\\/wp.kristdemokraterna.se\\\/norrkoping\\\/blimedlem\\\/#primaryimage\"},\"image\":{\"@id\":\"https:\\\/\\\/wp.kristdemokraterna.se\\\/norrkoping\\\/blimedlem\\\/#primaryimage\"},\"thumbnailUrl\":\"http:\\\/\\\/wp.kristdemokraterna.se\\\/norrkoping\\\/files\\\/2014\\\/09\\\/brinnerdu_2014.png\",\"datePublished\":\"2014-09-23T08:39:35+00:00\",\"dateModified\":\"2018-05-04T06:35:29+00:00\",\"breadcrumb\":{\"@id\":\"https:\\\/\\\/wp.kristdemokraterna.se\\\/norrkoping\\\/blimedlem\\\/#breadcrumb\"},\"inLanguage\":\"sv-SE\",\"potentialAction\":[{\"@type\":\"ReadAction\",\"target\":[\"https:\\\/\\\/wp.kristdemokraterna.se\\\/norrkoping\\\/blimedlem\\\/\"]}]},{\"@type\":\"ImageObject\",\"inLanguage\":\"sv-SE\",\"@id\":\"https:\\\/\\\/wp.kristdemokraterna.se\\\/norrkoping\\\/blimedlem\\\/#primaryimage\",\"url\":\"https:\\\/\\\/wp.kristdemokraterna.se\\\/norrkoping\\\/files\\\/2014\\\/09\\\/brinnerdu_2014.png\",\"contentUrl\":\"https:\\\/\\\/wp.kristdemokraterna.se\\\/norrkoping\\\/files\\\/2014\\\/09\\\/brinnerdu_2014.png\",\"width\":570,\"height\":197},{\"@type\":\"BreadcrumbList\",\"@id\":\"https:\\\/\\\/wp.kristdemokraterna.se\\\/norrkoping\\\/blimedlem\\\/#breadcrumb\",\"itemListElement\":[{\"@type\":\"ListItem\",\"position\":1,\"name\":\"Hem\",\"item\":\"https:\\\/\\\/wp.kristdemokraterna.se\\\/norrkoping\\\/\"},{\"@type\":\"ListItem\",\"position\":2,\"name\":\"Bli medlem i KD\"}]},{\"@type\":\"WebSite\",\"@id\":\"https:\\\/\\\/wp.kristdemokraterna.se\\\/norrkoping\\\/#website\",\"url\":\"https:\\\/\\\/wp.kristdemokraterna.se\\\/norrkoping\\\/\",\"name\":\"Norrk\u00f6ping\",\"description\":\"Kristdemokraterna\",\"inLanguage\":\"sv-SE\"}]}<\/script>\n<!-- \/ Yoast SEO plugin. -->","yoast_head_json":{"title":"Bli medlem i KD - Norrk\u00f6ping","robots":{"index":"index","follow":"follow","max-snippet":"max-snippet:-1","max-image-preview":"max-image-preview:large","max-video-preview":"max-video-preview:-1"},"canonical":"https:\/\/wp.kristdemokraterna.se\/norrkoping\/blimedlem\/","og_locale":"sv_SE","og_type":"article","og_title":"Bli medlem i KD - Norrk\u00f6ping","og_description":"Ny medlem? Medlemsavgiften f\u00f6r f\u00f6rsta \u00e5ret \u00e4r 150 kr. I ditt v\u00e4lkomstpaket, som du f\u00e5r hemskickat n\u00e5gon vecka efter att du ans\u00f6kt om medlemskap, s\u00e5 finns information om hur du kan betala avgiften. Varmt v\u00e4lkommen med din medlemsans\u00f6kan. Gammal medlem? Medlemsavgift i Norrk\u00f6ping: 150 kr\/\u00e5r Inbetalningsavi skickas ut med post i januari\/februari varje \u00e5r och Read More","og_url":"https:\/\/wp.kristdemokraterna.se\/norrkoping\/blimedlem\/","og_site_name":"Norrk\u00f6ping","article_publisher":"https:\/\/www.facebook.com\/kdnorrkoping\/","article_modified_time":"2018-05-04T06:35:29+00:00","og_image":[{"url":"http:\/\/wp.kristdemokraterna.se\/norrkoping\/files\/2014\/09\/brinnerdu_2014.png","type":"","width":"","height":""}],"twitter_card":"summary_large_image","schema":{"@context":"https:\/\/schema.org","@graph":[{"@type":"WebPage","@id":"https:\/\/wp.kristdemokraterna.se\/norrkoping\/blimedlem\/","url":"https:\/\/wp.kristdemokraterna.se\/norrkoping\/blimedlem\/","name":"Bli medlem i KD - Norrk\u00f6ping","isPartOf":{"@id":"https:\/\/wp.kristdemokraterna.se\/norrkoping\/#website"},"primaryImageOfPage":{"@id":"https:\/\/wp.kristdemokraterna.se\/norrkoping\/blimedlem\/#primaryimage"},"image":{"@id":"https:\/\/wp.kristdemokraterna.se\/norrkoping\/blimedlem\/#primaryimage"},"thumbnailUrl":"http:\/\/wp.kristdemokraterna.se\/norrkoping\/files\/2014\/09\/brinnerdu_2014.png","datePublished":"2014-09-23T08:39:35+00:00","dateModified":"2018-05-04T06:35:29+00:00","breadcrumb":{"@id":"https:\/\/wp.kristdemokraterna.se\/norrkoping\/blimedlem\/#breadcrumb"},"inLanguage":"sv-SE","potentialAction":[{"@type":"ReadAction","target":["https:\/\/wp.kristdemokraterna.se\/norrkoping\/blimedlem\/"]}]},{"@type":"ImageObject","inLanguage":"sv-SE","@id":"https:\/\/wp.kristdemokraterna.se\/norrkoping\/blimedlem\/#primaryimage","url":"https:\/\/wp.kristdemokraterna.se\/norrkoping\/files\/2014\/09\/brinnerdu_2014.png","contentUrl":"https:\/\/wp.kristdemokraterna.se\/norrkoping\/files\/2014\/09\/brinnerdu_2014.png","width":570,"height":197},{"@type":"BreadcrumbList","@id":"https:\/\/wp.kristdemokraterna.se\/norrkoping\/blimedlem\/#breadcrumb","itemListElement":[{"@type":"ListItem","position":1,"name":"Hem","item":"https:\/\/wp.kristdemokraterna.se\/norrkoping\/"},{"@type":"ListItem","position":2,"name":"Bli medlem i KD"}]},{"@type":"WebSite","@id":"https:\/\/wp.kristdemokraterna.se\/norrkoping\/#website","url":"https:\/\/wp.kristdemokraterna.se\/norrkoping\/","name":"Norrk\u00f6ping","description":"Kristdemokraterna","inLanguage":"sv-SE"}]}},"_links":{"self":[{"href":"https:\/\/wp.kristdemokraterna.se\/norrkoping\/wp-json\/wp\/v2\/pages\/1715","targetHints":{"allow":["GET"]}}],"collection":[{"href":"https:\/\/wp.kristdemokraterna.se\/norrkoping\/wp-json\/wp\/v2\/pages"}],"about":[{"href":"https:\/\/wp.kristdemokraterna.se\/norrkoping\/wp-json\/wp\/v2\/types\/page"}],"author":[{"embeddable":true,"href":"https:\/\/wp.kristdemokraterna.se\/norrkoping\/wp-json\/wp\/v2\/users\/45"}],"replies":[{"embeddable":true,"href":"https:\/\/wp.kristdemokraterna.se\/norrkoping\/wp-json\/wp\/v2\/comments?post=1715"}],"version-history":[{"count":14,"href":"https:\/\/wp.kristdemokraterna.se\/norrkoping\/wp-json\/wp\/v2\/pages\/1715\/revisions"}],"predecessor-version":[{"id":2519,"href":"https:\/\/wp.kristdemokraterna.se\/norrkoping\/wp-json\/wp\/v2\/pages\/1715\/revisions\/2519"}],"wp:attachment":[{"href":"https:\/\/wp.kristdemokraterna.se\/norrkoping\/wp-json\/wp\/v2\/media?parent=1715"}],"curies":[{"name":"wp","href":"https:\/\/api.w.org\/{rel}","templated":true}]}}