{"id":2339,"date":"2017-03-04T16:27:37","date_gmt":"2017-03-04T15:27:37","guid":{"rendered":"http:\/\/wp.kristdemokraterna.se\/norrkoping\/?page_id=2339"},"modified":"2018-05-04T08:35:36","modified_gmt":"2018-05-04T06:35:36","slug":"bli-medlem-kdu","status":"publish","type":"page","link":"https:\/\/wp.kristdemokraterna.se\/norrkoping\/blimedlem\/bli-medlem-kdu\/","title":{"rendered":"Bli medlem i KDU"},"content":{"rendered":"<p><a href=\"http:\/\/kdu.se\/bli-medlem\/\">Klicka h\u00e4r f\u00f6r att bli medlem i KDU<\/a><\/p>\n","protected":false},"excerpt":{"rendered":"<p>Klicka h\u00e4r f\u00f6r att bli medlem i KDU<\/p>\n","protected":false},"author":45,"featured_media":0,"parent":1715,"menu_order":1,"comment_status":"closed","ping_status":"closed","template":"","meta":{"_acf_changed":false,"footnotes":""},"class_list":["post-2339","page","type-page","status-publish","hentry"],"acf":[],"yoast_head":"<!-- This site is optimized with the Yoast SEO plugin v27.5 - https:\/\/yoast.com\/product\/yoast-seo-wordpress\/ -->\n<title>Bli medlem i KDU - Norrk\u00f6ping<\/title>\n<meta name=\"robots\" content=\"index, follow, max-snippet:-1, max-image-preview:large, max-video-preview:-1\" \/>\n<link rel=\"canonical\" href=\"https:\/\/wp.kristdemokraterna.se\/norrkoping\/blimedlem\/bli-medlem-kdu\/\" \/>\n<meta property=\"og:locale\" content=\"sv_SE\" \/>\n<meta property=\"og:type\" content=\"article\" \/>\n<meta property=\"og:title\" content=\"Bli medlem i KDU - Norrk\u00f6ping\" \/>\n<meta property=\"og:description\" content=\"Klicka h\u00e4r f\u00f6r att bli medlem i KDU\" \/>\n<meta property=\"og:url\" content=\"https:\/\/wp.kristdemokraterna.se\/norrkoping\/blimedlem\/bli-medlem-kdu\/\" \/>\n<meta property=\"og:site_name\" content=\"Norrk\u00f6ping\" \/>\n<meta property=\"article:publisher\" content=\"https:\/\/www.facebook.com\/kdnorrkoping\/\" \/>\n<meta property=\"article:modified_time\" content=\"2018-05-04T06:35:36+00:00\" \/>\n<meta name=\"twitter:card\" content=\"summary_large_image\" \/>\n<script type=\"application\/ld+json\" class=\"yoast-schema-graph\">{\"@context\":\"https:\\\/\\\/schema.org\",\"@graph\":[{\"@type\":\"WebPage\",\"@id\":\"https:\\\/\\\/wp.kristdemokraterna.se\\\/norrkoping\\\/blimedlem\\\/bli-medlem-kdu\\\/\",\"url\":\"https:\\\/\\\/wp.kristdemokraterna.se\\\/norrkoping\\\/blimedlem\\\/bli-medlem-kdu\\\/\",\"name\":\"Bli medlem i KDU - Norrk\u00f6ping\",\"isPartOf\":{\"@id\":\"https:\\\/\\\/wp.kristdemokraterna.se\\\/norrkoping\\\/#website\"},\"datePublished\":\"2017-03-04T15:27:37+00:00\",\"dateModified\":\"2018-05-04T06:35:36+00:00\",\"breadcrumb\":{\"@id\":\"https:\\\/\\\/wp.kristdemokraterna.se\\\/norrkoping\\\/blimedlem\\\/bli-medlem-kdu\\\/#breadcrumb\"},\"inLanguage\":\"sv-SE\",\"potentialAction\":[{\"@type\":\"ReadAction\",\"target\":[\"https:\\\/\\\/wp.kristdemokraterna.se\\\/norrkoping\\\/blimedlem\\\/bli-medlem-kdu\\\/\"]}]},{\"@type\":\"BreadcrumbList\",\"@id\":\"https:\\\/\\\/wp.kristdemokraterna.se\\\/norrkoping\\\/blimedlem\\\/bli-medlem-kdu\\\/#breadcrumb\",\"itemListElement\":[{\"@type\":\"ListItem\",\"position\":1,\"name\":\"Hem\",\"item\":\"https:\\\/\\\/wp.kristdemokraterna.se\\\/norrkoping\\\/\"},{\"@type\":\"ListItem\",\"position\":2,\"name\":\"Bli medlem i KD\",\"item\":\"https:\\\/\\\/wp.kristdemokraterna.se\\\/norrkoping\\\/blimedlem\\\/\"},{\"@type\":\"ListItem\",\"position\":3,\"name\":\"Bli medlem i KDU\"}]},{\"@type\":\"WebSite\",\"@id\":\"https:\\\/\\\/wp.kristdemokraterna.se\\\/norrkoping\\\/#website\",\"url\":\"https:\\\/\\\/wp.kristdemokraterna.se\\\/norrkoping\\\/\",\"name\":\"Norrk\u00f6ping\",\"description\":\"Kristdemokraterna\",\"inLanguage\":\"sv-SE\"}]}<\/script>\n<!-- \/ Yoast SEO plugin. -->","yoast_head_json":{"title":"Bli medlem i KDU - Norrk\u00f6ping","robots":{"index":"index","follow":"follow","max-snippet":"max-snippet:-1","max-image-preview":"max-image-preview:large","max-video-preview":"max-video-preview:-1"},"canonical":"https:\/\/wp.kristdemokraterna.se\/norrkoping\/blimedlem\/bli-medlem-kdu\/","og_locale":"sv_SE","og_type":"article","og_title":"Bli medlem i KDU - Norrk\u00f6ping","og_description":"Klicka h\u00e4r f\u00f6r att bli medlem i KDU","og_url":"https:\/\/wp.kristdemokraterna.se\/norrkoping\/blimedlem\/bli-medlem-kdu\/","og_site_name":"Norrk\u00f6ping","article_publisher":"https:\/\/www.facebook.com\/kdnorrkoping\/","article_modified_time":"2018-05-04T06:35:36+00:00","twitter_card":"summary_large_image","schema":{"@context":"https:\/\/schema.org","@graph":[{"@type":"WebPage","@id":"https:\/\/wp.kristdemokraterna.se\/norrkoping\/blimedlem\/bli-medlem-kdu\/","url":"https:\/\/wp.kristdemokraterna.se\/norrkoping\/blimedlem\/bli-medlem-kdu\/","name":"Bli medlem i KDU - Norrk\u00f6ping","isPartOf":{"@id":"https:\/\/wp.kristdemokraterna.se\/norrkoping\/#website"},"datePublished":"2017-03-04T15:27:37+00:00","dateModified":"2018-05-04T06:35:36+00:00","breadcrumb":{"@id":"https:\/\/wp.kristdemokraterna.se\/norrkoping\/blimedlem\/bli-medlem-kdu\/#breadcrumb"},"inLanguage":"sv-SE","potentialAction":[{"@type":"ReadAction","target":["https:\/\/wp.kristdemokraterna.se\/norrkoping\/blimedlem\/bli-medlem-kdu\/"]}]},{"@type":"BreadcrumbList","@id":"https:\/\/wp.kristdemokraterna.se\/norrkoping\/blimedlem\/bli-medlem-kdu\/#breadcrumb","itemListElement":[{"@type":"ListItem","position":1,"name":"Hem","item":"https:\/\/wp.kristdemokraterna.se\/norrkoping\/"},{"@type":"ListItem","position":2,"name":"Bli medlem i KD","item":"https:\/\/wp.kristdemokraterna.se\/norrkoping\/blimedlem\/"},{"@type":"ListItem","position":3,"name":"Bli medlem i KDU"}]},{"@type":"WebSite","@id":"https:\/\/wp.kristdemokraterna.se\/norrkoping\/#website","url":"https:\/\/wp.kristdemokraterna.se\/norrkoping\/","name":"Norrk\u00f6ping","description":"Kristdemokraterna","inLanguage":"sv-SE"}]}},"_links":{"self":[{"href":"https:\/\/wp.kristdemokraterna.se\/norrkoping\/wp-json\/wp\/v2\/pages\/2339","targetHints":{"allow":["GET"]}}],"collection":[{"href":"https:\/\/wp.kristdemokraterna.se\/norrkoping\/wp-json\/wp\/v2\/pages"}],"about":[{"href":"https:\/\/wp.kristdemokraterna.se\/norrkoping\/wp-json\/wp\/v2\/types\/page"}],"author":[{"embeddable":true,"href":"https:\/\/wp.kristdemokraterna.se\/norrkoping\/wp-json\/wp\/v2\/users\/45"}],"replies":[{"embeddable":true,"href":"https:\/\/wp.kristdemokraterna.se\/norrkoping\/wp-json\/wp\/v2\/comments?post=2339"}],"version-history":[{"count":3,"href":"https:\/\/wp.kristdemokraterna.se\/norrkoping\/wp-json\/wp\/v2\/pages\/2339\/revisions"}],"predecessor-version":[{"id":2520,"href":"https:\/\/wp.kristdemokraterna.se\/norrkoping\/wp-json\/wp\/v2\/pages\/2339\/revisions\/2520"}],"up":[{"embeddable":true,"href":"https:\/\/wp.kristdemokraterna.se\/norrkoping\/wp-json\/wp\/v2\/pages\/1715"}],"wp:attachment":[{"href":"https:\/\/wp.kristdemokraterna.se\/norrkoping\/wp-json\/wp\/v2\/media?parent=2339"}],"curies":[{"name":"wp","href":"https:\/\/api.w.org\/{rel}","templated":true}]}}