{"id":2585,"date":"2018-11-12T09:39:19","date_gmt":"2018-11-12T08:39:19","guid":{"rendered":"http:\/\/wp.kristdemokraterna.se\/norrkoping\/?page_id=2585"},"modified":"2026-02-25T15:17:54","modified_gmt":"2026-02-25T14:17:54","slug":"kommunfullmaktigegruppen-2018-2022","status":"publish","type":"page","link":"https:\/\/wp.kristdemokraterna.se\/norrkoping\/om-oss\/kommunfullmaktigegruppen-2018-2022\/","title":{"rendered":"Kommunfullm\u00e4ktigegruppen 2022-2026"},"content":{"rendered":"<p><a href=\"http:\/\/wp.kristdemokraterna.se\/norrkoping\/files\/2022\/10\/dsc6108-scaled.jpg\" rel=\"attachment wp-att-2588\"><img loading=\"lazy\" decoding=\"async\" class=\"alignleft wp-image-2908 \" src=\"http:\/\/wp.kristdemokraterna.se\/norrkoping\/files\/2022\/10\/dsc6108-scaled.jpg\" alt=\"\" width=\"273\" height=\"409\" srcset=\"https:\/\/wp.kristdemokraterna.se\/norrkoping\/files\/2022\/10\/dsc6108-scaled.jpg 1707w, https:\/\/wp.kristdemokraterna.se\/norrkoping\/files\/2022\/10\/dsc6108-200x300.jpg 200w, https:\/\/wp.kristdemokraterna.se\/norrkoping\/files\/2022\/10\/dsc6108-683x1024.jpg 683w, https:\/\/wp.kristdemokraterna.se\/norrkoping\/files\/2022\/10\/dsc6108-768x1152.jpg 768w, https:\/\/wp.kristdemokraterna.se\/norrkoping\/files\/2022\/10\/dsc6108-1024x1536.jpg 1024w, https:\/\/wp.kristdemokraterna.se\/norrkoping\/files\/2022\/10\/dsc6108-1365x2048.jpg 1365w, https:\/\/wp.kristdemokraterna.se\/norrkoping\/files\/2022\/10\/dsc6108-133x200.jpg 133w, https:\/\/wp.kristdemokraterna.se\/norrkoping\/files\/2022\/10\/dsc6108-370x555.jpg 370w, https:\/\/wp.kristdemokraterna.se\/norrkoping\/files\/2022\/10\/dsc6108-770x1155.jpg 770w, https:\/\/wp.kristdemokraterna.se\/norrkoping\/files\/2022\/10\/dsc6108-450x675.jpg 450w, https:\/\/wp.kristdemokraterna.se\/norrkoping\/files\/2022\/10\/dsc6108-268x402.jpg 268w, https:\/\/wp.kristdemokraterna.se\/norrkoping\/files\/2022\/10\/dsc6108-340x510.jpg 340w, https:\/\/wp.kristdemokraterna.se\/norrkoping\/files\/2022\/10\/dsc6108-37x56.jpg 37w\" sizes=\"auto, (max-width: 273px) 100vw, 273px\" \/><\/a><\/p>\n<p>&nbsp;<\/p>\n<p><strong>EVA-BRITT SJ\u00d6BERG<\/strong><\/p>\n<hr \/>\n<p>1:e vice ordf\u00f6rande i kommunfullm\u00e4ktige<\/p>\n<p>Ansvarig f\u00f6r internationella fr\u00e5gor<\/p>\n<p>&nbsp;<\/p>\n<p>&nbsp;<\/p>\n<p>&nbsp;<\/p>\n<p>&nbsp;<\/p>\n<p>&nbsp;<\/p>\n<p>&nbsp;<\/p>\n<p>&nbsp;<\/p>\n<p>&nbsp;<\/p>\n<p><b>\u00a0 \u00a0 \u00a0 \u00a0 \u00a0 \u00a0 \u00a0 \u00a0 \u00a0 \u00a0 \u00a0 \u00a0 \u00a0 \u00a0 \u00a0 \u00a0 \u00a0 \u00a0 \u00a0 \u00a0 \u00a0 \u00a0 \u00a0 \u00a0 \u00a0 \u00a0 \u00a0 \u00a0 \u00a0 \u00a0 \u00a0 \u00a0 \u00a0 \u00a0 \u00a0<\/b><\/p>\n<p><img loading=\"lazy\" decoding=\"async\" class=\"alignleft wp-image-2903\" src=\"http:\/\/wp.kristdemokraterna.se\/norrkoping\/files\/2022\/10\/tomas-flyer2.png\" alt=\"\" width=\"269\" height=\"404\" srcset=\"https:\/\/wp.kristdemokraterna.se\/norrkoping\/files\/2022\/10\/tomas-flyer2.png 4000w, https:\/\/wp.kristdemokraterna.se\/norrkoping\/files\/2022\/10\/tomas-flyer2-200x300.png 200w, https:\/\/wp.kristdemokraterna.se\/norrkoping\/files\/2022\/10\/tomas-flyer2-683x1024.png 683w, https:\/\/wp.kristdemokraterna.se\/norrkoping\/files\/2022\/10\/tomas-flyer2-768x1152.png 768w, https:\/\/wp.kristdemokraterna.se\/norrkoping\/files\/2022\/10\/tomas-flyer2-1024x1536.png 1024w, https:\/\/wp.kristdemokraterna.se\/norrkoping\/files\/2022\/10\/tomas-flyer2-1365x2048.png 1365w, https:\/\/wp.kristdemokraterna.se\/norrkoping\/files\/2022\/10\/tomas-flyer2-133x200.png 133w, https:\/\/wp.kristdemokraterna.se\/norrkoping\/files\/2022\/10\/tomas-flyer2-370x555.png 370w, https:\/\/wp.kristdemokraterna.se\/norrkoping\/files\/2022\/10\/tomas-flyer2-770x1155.png 770w, https:\/\/wp.kristdemokraterna.se\/norrkoping\/files\/2022\/10\/tomas-flyer2-450x675.png 450w, https:\/\/wp.kristdemokraterna.se\/norrkoping\/files\/2022\/10\/tomas-flyer2-268x402.png 268w, https:\/\/wp.kristdemokraterna.se\/norrkoping\/files\/2022\/10\/tomas-flyer2-340x510.png 340w, https:\/\/wp.kristdemokraterna.se\/norrkoping\/files\/2022\/10\/tomas-flyer2-37x56.png 37w\" sizes=\"auto, (max-width: 269px) 100vw, 269px\" \/><\/p>\n<p>&nbsp;<\/p>\n<p><b>TOMAS TEKMEN<\/b><\/p>\n<hr \/>\n<p>Gruppledare<\/p>\n<p>Kommunalr\u00e5d<\/p>\n<p>Ordf\u00f6rande i samh\u00e4llsplaneringsn\u00e4mnden<\/p>\n<p>Ledamot av Kommunfullm\u00e4ktige<\/p>\n<p>&nbsp;<\/p>\n<p>&nbsp;<\/p>\n<p>&nbsp;<\/p>\n<p>&nbsp;<\/p>\n<p><strong>\u00a0 \u00a0 \u00a0 \u00a0 \u00a0 \u00a0 \u00a0 \u00a0 \u00a0 \u00a0 \u00a0 \u00a0 \u00a0 \u00a0 \u00a0 \u00a0 \u00a0 \u00a0 \u00a0 \u00a0 \u00a0 \u00a0 \u00a0 \u00a0\u00a0<\/strong><\/p>\n<p>&nbsp;<\/p>\n<p>&nbsp;<\/p>\n<p><strong>JENNY <a href=\"http:\/\/wp.kristdemokraterna.se\/norrkoping\/files\/2022\/10\/dsc6185-scaled.jpg\"><img loading=\"lazy\" decoding=\"async\" class=\"alignleft wp-image-2907\" src=\"http:\/\/wp.kristdemokraterna.se\/norrkoping\/files\/2022\/10\/dsc6185-scaled.jpg\" alt=\"\" width=\"268\" height=\"402\" srcset=\"https:\/\/wp.kristdemokraterna.se\/norrkoping\/files\/2022\/10\/dsc6185-scaled.jpg 1707w, https:\/\/wp.kristdemokraterna.se\/norrkoping\/files\/2022\/10\/dsc6185-200x300.jpg 200w, https:\/\/wp.kristdemokraterna.se\/norrkoping\/files\/2022\/10\/dsc6185-683x1024.jpg 683w, https:\/\/wp.kristdemokraterna.se\/norrkoping\/files\/2022\/10\/dsc6185-768x1152.jpg 768w, https:\/\/wp.kristdemokraterna.se\/norrkoping\/files\/2022\/10\/dsc6185-1024x1536.jpg 1024w, https:\/\/wp.kristdemokraterna.se\/norrkoping\/files\/2022\/10\/dsc6185-1365x2048.jpg 1365w, https:\/\/wp.kristdemokraterna.se\/norrkoping\/files\/2022\/10\/dsc6185-133x200.jpg 133w, https:\/\/wp.kristdemokraterna.se\/norrkoping\/files\/2022\/10\/dsc6185-370x555.jpg 370w, https:\/\/wp.kristdemokraterna.se\/norrkoping\/files\/2022\/10\/dsc6185-770x1155.jpg 770w, https:\/\/wp.kristdemokraterna.se\/norrkoping\/files\/2022\/10\/dsc6185-450x675.jpg 450w, https:\/\/wp.kristdemokraterna.se\/norrkoping\/files\/2022\/10\/dsc6185-268x402.jpg 268w, https:\/\/wp.kristdemokraterna.se\/norrkoping\/files\/2022\/10\/dsc6185-340x510.jpg 340w, https:\/\/wp.kristdemokraterna.se\/norrkoping\/files\/2022\/10\/dsc6185-37x56.jpg 37w\" sizes=\"auto, (max-width: 268px) 100vw, 268px\" \/><\/a>LISIDERIUS<\/strong><\/p>\n<hr \/>\n<p>1:e vice ordf\u00f6rande i v\u00e5rd- och omsorgsn\u00e4mnden<\/p>\n<p>Ledamot av Kommunfullm\u00e4ktige<\/p>\n<p>&nbsp;<\/p>\n<p>&nbsp;<\/p>\n<p>&nbsp;<\/p>\n<p>&nbsp;<\/p>\n<p>&nbsp;<\/p>\n<p>&nbsp;<\/p>\n<p>&nbsp;<\/p>\n<p>&nbsp;<\/p>\n<p>&nbsp;<\/p>\n<p>&nbsp;<\/p>\n<p><img loading=\"lazy\" decoding=\"async\" class=\"alignleft wp-image-2594\" style=\"color: #0000ee\" src=\"http:\/\/wp.kristdemokraterna.se\/norrkoping\/files\/2018\/11\/niclas_claren.jpg\" alt=\"\" width=\"294\" height=\"441\" srcset=\"https:\/\/wp.kristdemokraterna.se\/norrkoping\/files\/2018\/11\/niclas_claren.jpg 2730w, https:\/\/wp.kristdemokraterna.se\/norrkoping\/files\/2018\/11\/niclas_claren-200x300.jpg 200w, https:\/\/wp.kristdemokraterna.se\/norrkoping\/files\/2018\/11\/niclas_claren-768x1152.jpg 768w, https:\/\/wp.kristdemokraterna.se\/norrkoping\/files\/2018\/11\/niclas_claren-683x1024.jpg 683w, https:\/\/wp.kristdemokraterna.se\/norrkoping\/files\/2018\/11\/niclas_claren-231x346.jpg 231w, https:\/\/wp.kristdemokraterna.se\/norrkoping\/files\/2018\/11\/niclas_claren-75x112.jpg 75w\" sizes=\"auto, (max-width: 294px) 100vw, 294px\" \/><b><br \/>\nNICLAS CLAR\u00c8N<\/b><\/p>\n<hr \/>\n<p>1:e vice ordf\u00f6rande i kultur- och fritidsn\u00e4mnden<\/p>\n<p>Ledamot av Kommunfullm\u00e4ktige<\/p>\n<p>&nbsp;<\/p>\n<p>&nbsp;<\/p>\n<p>&nbsp;<\/p>\n<p>&nbsp;<\/p>\n<p>&nbsp;<\/p>\n<p>&nbsp;<\/p>\n<p>&nbsp;<\/p>\n<p>&nbsp;<\/p>\n<p>&nbsp;<\/p>\n<p><a href=\"http:\/\/wp.kristdemokraterna.se\/norrkoping\/files\/2026\/02\/dsc0122-scaled.jpg\"><img loading=\"lazy\" decoding=\"async\" class=\"alignleft wp-image-3054 \" src=\"http:\/\/wp.kristdemokraterna.se\/norrkoping\/files\/2026\/02\/dsc0122-scaled.jpg\" alt=\"\" width=\"301\" height=\"453\" srcset=\"https:\/\/wp.kristdemokraterna.se\/norrkoping\/files\/2026\/02\/dsc0122-scaled.jpg 1702w, https:\/\/wp.kristdemokraterna.se\/norrkoping\/files\/2026\/02\/dsc0122-199x300.jpg 199w, https:\/\/wp.kristdemokraterna.se\/norrkoping\/files\/2026\/02\/dsc0122-681x1024.jpg 681w, https:\/\/wp.kristdemokraterna.se\/norrkoping\/files\/2026\/02\/dsc0122-768x1155.jpg 768w, https:\/\/wp.kristdemokraterna.se\/norrkoping\/files\/2026\/02\/dsc0122-1021x1536.jpg 1021w, https:\/\/wp.kristdemokraterna.se\/norrkoping\/files\/2026\/02\/dsc0122-1362x2048.jpg 1362w, https:\/\/wp.kristdemokraterna.se\/norrkoping\/files\/2026\/02\/dsc0122-133x200.jpg 133w, https:\/\/wp.kristdemokraterna.se\/norrkoping\/files\/2026\/02\/dsc0122-370x556.jpg 370w, https:\/\/wp.kristdemokraterna.se\/norrkoping\/files\/2026\/02\/dsc0122-770x1158.jpg 770w, https:\/\/wp.kristdemokraterna.se\/norrkoping\/files\/2026\/02\/dsc0122-450x677.jpg 450w, https:\/\/wp.kristdemokraterna.se\/norrkoping\/files\/2026\/02\/dsc0122-267x402.jpg 267w, https:\/\/wp.kristdemokraterna.se\/norrkoping\/files\/2026\/02\/dsc0122-340x511.jpg 340w, https:\/\/wp.kristdemokraterna.se\/norrkoping\/files\/2026\/02\/dsc0122-37x56.jpg 37w\" sizes=\"auto, (max-width: 301px) 100vw, 301px\" \/><\/a><\/p>\n<p>&nbsp;<\/p>\n<p><strong>ULLA LUNDSTR\u00d6M<\/strong><\/p>\n<hr \/>\n<p>Ledamot i socialn\u00e4mnden<\/p>\n<p>Ledamot av Kommunfullm\u00e4ktige<\/p>\n<p>&nbsp;<\/p>\n<p>&nbsp;<\/p>\n<div><\/div>\n<p>&nbsp;<\/p>\n<p>&nbsp;<\/p>\n<p>&nbsp;<\/p>\n<p>&nbsp;<\/p>\n<p>&nbsp;<\/p>\n<p>&nbsp;<\/p>\n<p><strong>CLAES NILSSON<\/strong><\/p>\n<hr \/>\n<p>Ledamot i utbildningsn\u00e4mnden<\/p>\n<p>Ers\u00e4ttare av Kommunfullm\u00e4ktige<\/p>\n<p>&nbsp;<\/p>\n<p><strong>ANNA B\u00c4CK<\/strong><\/p>\n<hr \/>\n<p>Ers\u00e4ttare i socialn\u00e4mnden<\/p>\n<p>Ers\u00e4ttare av kommunfullm\u00e4ktige<\/p>\n<p>&nbsp;<\/p>\n<p><strong>JAN ROSMAN<\/strong><\/p>\n<hr \/>\n<p>Ers\u00e4ttare av kommunfullm\u00e4ktige<\/p>\n<p>&nbsp;<\/p>\n<p>&nbsp;<\/p>\n<p>&nbsp;<\/p>\n<p>&nbsp;<\/p>\n<p>&nbsp;<\/p>\n<p>&nbsp;<\/p>\n<p>&nbsp;<\/p>\n<p>&nbsp;<\/p>\n","protected":false},"excerpt":{"rendered":"<p>&nbsp; EVA-BRITT SJ\u00d6BERG 1:e vice ordf\u00f6rande i kommunfullm\u00e4ktige Ansvarig f\u00f6r internationella fr\u00e5gor &nbsp; &nbsp; &nbsp; &nbsp; &nbsp; &nbsp; &nbsp; &nbsp; \u00a0 \u00a0 \u00a0 \u00a0 \u00a0 \u00a0 \u00a0 \u00a0 \u00a0 \u00a0 \u00a0 \u00a0 \u00a0 \u00a0 \u00a0 \u00a0 \u00a0 \u00a0 \u00a0 \u00a0 \u00a0 \u00a0 \u00a0 \u00a0 \u00a0 \u00a0 \u00a0 \u00a0 \u00a0 \u00a0 \u00a0 \u00a0 \u00a0 \u00a0 \u00a0 <a class=\"read-more-link\" href=\"https:\/\/wp.kristdemokraterna.se\/norrkoping\/om-oss\/kommunfullmaktigegruppen-2018-2022\/\">Read More<\/a><\/p>\n","protected":false},"author":45,"featured_media":0,"parent":93,"menu_order":2,"comment_status":"closed","ping_status":"closed","template":"","meta":{"_acf_changed":false,"footnotes":""},"class_list":["post-2585","page","type-page","status-publish","hentry"],"acf":[],"yoast_head":"<!-- This site is optimized with the Yoast SEO plugin v27.4 - https:\/\/yoast.com\/product\/yoast-seo-wordpress\/ -->\n<title>Kommunfullm\u00e4ktigegruppen 2022-2026 - Norrk\u00f6ping<\/title>\n<meta name=\"robots\" content=\"index, follow, max-snippet:-1, max-image-preview:large, max-video-preview:-1\" \/>\n<link rel=\"canonical\" href=\"https:\/\/wp.kristdemokraterna.se\/norrkoping\/om-oss\/kommunfullmaktigegruppen-2018-2022\/\" \/>\n<meta property=\"og:locale\" content=\"sv_SE\" \/>\n<meta property=\"og:type\" content=\"article\" \/>\n<meta property=\"og:title\" content=\"Kommunfullm\u00e4ktigegruppen 2022-2026 - Norrk\u00f6ping\" \/>\n<meta property=\"og:description\" content=\"&nbsp; EVA-BRITT SJ\u00d6BERG 1:e vice ordf\u00f6rande i kommunfullm\u00e4ktige Ansvarig f\u00f6r internationella fr\u00e5gor &nbsp; &nbsp; &nbsp; &nbsp; &nbsp; &nbsp; &nbsp; &nbsp; \u00a0 \u00a0 \u00a0 \u00a0 \u00a0 \u00a0 \u00a0 \u00a0 \u00a0 \u00a0 \u00a0 \u00a0 \u00a0 \u00a0 \u00a0 \u00a0 \u00a0 \u00a0 \u00a0 \u00a0 \u00a0 \u00a0 \u00a0 \u00a0 \u00a0 \u00a0 \u00a0 \u00a0 \u00a0 \u00a0 \u00a0 \u00a0 \u00a0 \u00a0 \u00a0 Read More\" \/>\n<meta property=\"og:url\" content=\"https:\/\/wp.kristdemokraterna.se\/norrkoping\/om-oss\/kommunfullmaktigegruppen-2018-2022\/\" \/>\n<meta property=\"og:site_name\" content=\"Norrk\u00f6ping\" \/>\n<meta property=\"article:publisher\" content=\"https:\/\/www.facebook.com\/kdnorrkoping\/\" \/>\n<meta property=\"article:modified_time\" content=\"2026-02-25T14:17:54+00:00\" \/>\n<meta property=\"og:image\" content=\"https:\/\/wp.kristdemokraterna.se\/norrkoping\/files\/2022\/10\/dsc6108-scaled.jpg\" \/>\n\t<meta property=\"og:image:width\" content=\"1707\" \/>\n\t<meta property=\"og:image:height\" content=\"2560\" \/>\n\t<meta property=\"og:image:type\" content=\"image\/jpeg\" \/>\n<meta name=\"twitter:card\" content=\"summary_large_image\" \/>\n<meta name=\"twitter:label1\" content=\"Ber\u00e4knad l\u00e4stid\" \/>\n\t<meta name=\"twitter:data1\" content=\"2 minuter\" \/>\n<script type=\"application\/ld+json\" class=\"yoast-schema-graph\">{\"@context\":\"https:\\\/\\\/schema.org\",\"@graph\":[{\"@type\":\"WebPage\",\"@id\":\"https:\\\/\\\/wp.kristdemokraterna.se\\\/norrkoping\\\/om-oss\\\/kommunfullmaktigegruppen-2018-2022\\\/\",\"url\":\"https:\\\/\\\/wp.kristdemokraterna.se\\\/norrkoping\\\/om-oss\\\/kommunfullmaktigegruppen-2018-2022\\\/\",\"name\":\"Kommunfullm\u00e4ktigegruppen 2022-2026 - Norrk\u00f6ping\",\"isPartOf\":{\"@id\":\"https:\\\/\\\/wp.kristdemokraterna.se\\\/norrkoping\\\/#website\"},\"primaryImageOfPage\":{\"@id\":\"https:\\\/\\\/wp.kristdemokraterna.se\\\/norrkoping\\\/om-oss\\\/kommunfullmaktigegruppen-2018-2022\\\/#primaryimage\"},\"image\":{\"@id\":\"https:\\\/\\\/wp.kristdemokraterna.se\\\/norrkoping\\\/om-oss\\\/kommunfullmaktigegruppen-2018-2022\\\/#primaryimage\"},\"thumbnailUrl\":\"http:\\\/\\\/wp.kristdemokraterna.se\\\/norrkoping\\\/files\\\/2022\\\/10\\\/dsc6108-scaled.jpg\",\"datePublished\":\"2018-11-12T08:39:19+00:00\",\"dateModified\":\"2026-02-25T14:17:54+00:00\",\"breadcrumb\":{\"@id\":\"https:\\\/\\\/wp.kristdemokraterna.se\\\/norrkoping\\\/om-oss\\\/kommunfullmaktigegruppen-2018-2022\\\/#breadcrumb\"},\"inLanguage\":\"sv-SE\",\"potentialAction\":[{\"@type\":\"ReadAction\",\"target\":[\"https:\\\/\\\/wp.kristdemokraterna.se\\\/norrkoping\\\/om-oss\\\/kommunfullmaktigegruppen-2018-2022\\\/\"]}]},{\"@type\":\"ImageObject\",\"inLanguage\":\"sv-SE\",\"@id\":\"https:\\\/\\\/wp.kristdemokraterna.se\\\/norrkoping\\\/om-oss\\\/kommunfullmaktigegruppen-2018-2022\\\/#primaryimage\",\"url\":\"http:\\\/\\\/wp.kristdemokraterna.se\\\/norrkoping\\\/files\\\/2022\\\/10\\\/dsc6108-scaled.jpg\",\"contentUrl\":\"http:\\\/\\\/wp.kristdemokraterna.se\\\/norrkoping\\\/files\\\/2022\\\/10\\\/dsc6108-scaled.jpg\"},{\"@type\":\"BreadcrumbList\",\"@id\":\"https:\\\/\\\/wp.kristdemokraterna.se\\\/norrkoping\\\/om-oss\\\/kommunfullmaktigegruppen-2018-2022\\\/#breadcrumb\",\"itemListElement\":[{\"@type\":\"ListItem\",\"position\":1,\"name\":\"Hem\",\"item\":\"https:\\\/\\\/wp.kristdemokraterna.se\\\/norrkoping\\\/\"},{\"@type\":\"ListItem\",\"position\":2,\"name\":\"V\u00e5rt parti\",\"item\":\"https:\\\/\\\/wp.kristdemokraterna.se\\\/norrkoping\\\/om-oss\\\/\"},{\"@type\":\"ListItem\",\"position\":3,\"name\":\"Kommunfullm\u00e4ktigegruppen 2022-2026\"}]},{\"@type\":\"WebSite\",\"@id\":\"https:\\\/\\\/wp.kristdemokraterna.se\\\/norrkoping\\\/#website\",\"url\":\"https:\\\/\\\/wp.kristdemokraterna.se\\\/norrkoping\\\/\",\"name\":\"Norrk\u00f6ping\",\"description\":\"Kristdemokraterna\",\"inLanguage\":\"sv-SE\"}]}<\/script>\n<!-- \/ Yoast SEO plugin. -->","yoast_head_json":{"title":"Kommunfullm\u00e4ktigegruppen 2022-2026 - Norrk\u00f6ping","robots":{"index":"index","follow":"follow","max-snippet":"max-snippet:-1","max-image-preview":"max-image-preview:large","max-video-preview":"max-video-preview:-1"},"canonical":"https:\/\/wp.kristdemokraterna.se\/norrkoping\/om-oss\/kommunfullmaktigegruppen-2018-2022\/","og_locale":"sv_SE","og_type":"article","og_title":"Kommunfullm\u00e4ktigegruppen 2022-2026 - Norrk\u00f6ping","og_description":"&nbsp; EVA-BRITT SJ\u00d6BERG 1:e vice ordf\u00f6rande i kommunfullm\u00e4ktige Ansvarig f\u00f6r internationella fr\u00e5gor &nbsp; &nbsp; &nbsp; &nbsp; &nbsp; &nbsp; &nbsp; &nbsp; \u00a0 \u00a0 \u00a0 \u00a0 \u00a0 \u00a0 \u00a0 \u00a0 \u00a0 \u00a0 \u00a0 \u00a0 \u00a0 \u00a0 \u00a0 \u00a0 \u00a0 \u00a0 \u00a0 \u00a0 \u00a0 \u00a0 \u00a0 \u00a0 \u00a0 \u00a0 \u00a0 \u00a0 \u00a0 \u00a0 \u00a0 \u00a0 \u00a0 \u00a0 \u00a0 Read More","og_url":"https:\/\/wp.kristdemokraterna.se\/norrkoping\/om-oss\/kommunfullmaktigegruppen-2018-2022\/","og_site_name":"Norrk\u00f6ping","article_publisher":"https:\/\/www.facebook.com\/kdnorrkoping\/","article_modified_time":"2026-02-25T14:17:54+00:00","og_image":[{"width":1707,"height":2560,"url":"https:\/\/wp.kristdemokraterna.se\/norrkoping\/files\/2022\/10\/dsc6108-scaled.jpg","type":"image\/jpeg"}],"twitter_card":"summary_large_image","twitter_misc":{"Ber\u00e4knad l\u00e4stid":"2 minuter"},"schema":{"@context":"https:\/\/schema.org","@graph":[{"@type":"WebPage","@id":"https:\/\/wp.kristdemokraterna.se\/norrkoping\/om-oss\/kommunfullmaktigegruppen-2018-2022\/","url":"https:\/\/wp.kristdemokraterna.se\/norrkoping\/om-oss\/kommunfullmaktigegruppen-2018-2022\/","name":"Kommunfullm\u00e4ktigegruppen 2022-2026 - Norrk\u00f6ping","isPartOf":{"@id":"https:\/\/wp.kristdemokraterna.se\/norrkoping\/#website"},"primaryImageOfPage":{"@id":"https:\/\/wp.kristdemokraterna.se\/norrkoping\/om-oss\/kommunfullmaktigegruppen-2018-2022\/#primaryimage"},"image":{"@id":"https:\/\/wp.kristdemokraterna.se\/norrkoping\/om-oss\/kommunfullmaktigegruppen-2018-2022\/#primaryimage"},"thumbnailUrl":"http:\/\/wp.kristdemokraterna.se\/norrkoping\/files\/2022\/10\/dsc6108-scaled.jpg","datePublished":"2018-11-12T08:39:19+00:00","dateModified":"2026-02-25T14:17:54+00:00","breadcrumb":{"@id":"https:\/\/wp.kristdemokraterna.se\/norrkoping\/om-oss\/kommunfullmaktigegruppen-2018-2022\/#breadcrumb"},"inLanguage":"sv-SE","potentialAction":[{"@type":"ReadAction","target":["https:\/\/wp.kristdemokraterna.se\/norrkoping\/om-oss\/kommunfullmaktigegruppen-2018-2022\/"]}]},{"@type":"ImageObject","inLanguage":"sv-SE","@id":"https:\/\/wp.kristdemokraterna.se\/norrkoping\/om-oss\/kommunfullmaktigegruppen-2018-2022\/#primaryimage","url":"http:\/\/wp.kristdemokraterna.se\/norrkoping\/files\/2022\/10\/dsc6108-scaled.jpg","contentUrl":"http:\/\/wp.kristdemokraterna.se\/norrkoping\/files\/2022\/10\/dsc6108-scaled.jpg"},{"@type":"BreadcrumbList","@id":"https:\/\/wp.kristdemokraterna.se\/norrkoping\/om-oss\/kommunfullmaktigegruppen-2018-2022\/#breadcrumb","itemListElement":[{"@type":"ListItem","position":1,"name":"Hem","item":"https:\/\/wp.kristdemokraterna.se\/norrkoping\/"},{"@type":"ListItem","position":2,"name":"V\u00e5rt parti","item":"https:\/\/wp.kristdemokraterna.se\/norrkoping\/om-oss\/"},{"@type":"ListItem","position":3,"name":"Kommunfullm\u00e4ktigegruppen 2022-2026"}]},{"@type":"WebSite","@id":"https:\/\/wp.kristdemokraterna.se\/norrkoping\/#website","url":"https:\/\/wp.kristdemokraterna.se\/norrkoping\/","name":"Norrk\u00f6ping","description":"Kristdemokraterna","inLanguage":"sv-SE"}]}},"_links":{"self":[{"href":"https:\/\/wp.kristdemokraterna.se\/norrkoping\/wp-json\/wp\/v2\/pages\/2585","targetHints":{"allow":["GET"]}}],"collection":[{"href":"https:\/\/wp.kristdemokraterna.se\/norrkoping\/wp-json\/wp\/v2\/pages"}],"about":[{"href":"https:\/\/wp.kristdemokraterna.se\/norrkoping\/wp-json\/wp\/v2\/types\/page"}],"author":[{"embeddable":true,"href":"https:\/\/wp.kristdemokraterna.se\/norrkoping\/wp-json\/wp\/v2\/users\/45"}],"replies":[{"embeddable":true,"href":"https:\/\/wp.kristdemokraterna.se\/norrkoping\/wp-json\/wp\/v2\/comments?post=2585"}],"version-history":[{"count":15,"href":"https:\/\/wp.kristdemokraterna.se\/norrkoping\/wp-json\/wp\/v2\/pages\/2585\/revisions"}],"predecessor-version":[{"id":3056,"href":"https:\/\/wp.kristdemokraterna.se\/norrkoping\/wp-json\/wp\/v2\/pages\/2585\/revisions\/3056"}],"up":[{"embeddable":true,"href":"https:\/\/wp.kristdemokraterna.se\/norrkoping\/wp-json\/wp\/v2\/pages\/93"}],"wp:attachment":[{"href":"https:\/\/wp.kristdemokraterna.se\/norrkoping\/wp-json\/wp\/v2\/media?parent=2585"}],"curies":[{"name":"wp","href":"https:\/\/api.w.org\/{rel}","templated":true}]}}