{"id":2617,"date":"2019-02-19T12:24:50","date_gmt":"2019-02-19T11:24:50","guid":{"rendered":"http:\/\/wp.kristdemokraterna.se\/norrkoping\/?page_id=2617"},"modified":"2026-02-25T14:32:31","modified_gmt":"2026-02-25T13:32:31","slug":"startsida","status":"publish","type":"page","link":"https:\/\/wp.kristdemokraterna.se\/norrkoping\/","title":{"rendered":"Startsida"},"content":{"rendered":"<p><b><a href=\"http:\/\/wp.kristdemokraterna.se\/norrkoping\/files\/2019\/09\/fallback_pa.jpg\"><img loading=\"lazy\" decoding=\"async\" class=\"alignleft size-full wp-image-2671\" src=\"http:\/\/wp.kristdemokraterna.se\/norrkoping\/files\/2019\/09\/fallback_pa.jpg\" alt=\"\" width=\"1200\" height=\"630\" srcset=\"https:\/\/wp.kristdemokraterna.se\/norrkoping\/files\/2019\/09\/fallback_pa.jpg 1200w, https:\/\/wp.kristdemokraterna.se\/norrkoping\/files\/2019\/09\/fallback_pa-300x158.jpg 300w, https:\/\/wp.kristdemokraterna.se\/norrkoping\/files\/2019\/09\/fallback_pa-768x403.jpg 768w, https:\/\/wp.kristdemokraterna.se\/norrkoping\/files\/2019\/09\/fallback_pa-1024x538.jpg 1024w, https:\/\/wp.kristdemokraterna.se\/norrkoping\/files\/2019\/09\/fallback_pa-370x194.jpg 370w, https:\/\/wp.kristdemokraterna.se\/norrkoping\/files\/2019\/09\/fallback_pa-770x404.jpg 770w, https:\/\/wp.kristdemokraterna.se\/norrkoping\/files\/2019\/09\/fallback_pa-450x236.jpg 450w, https:\/\/wp.kristdemokraterna.se\/norrkoping\/files\/2019\/09\/fallback_pa-280x147.jpg 280w, https:\/\/wp.kristdemokraterna.se\/norrkoping\/files\/2019\/09\/fallback_pa-340x179.jpg 340w, https:\/\/wp.kristdemokraterna.se\/norrkoping\/files\/2019\/09\/fallback_pa-200x105.jpg 200w, https:\/\/wp.kristdemokraterna.se\/norrkoping\/files\/2019\/09\/fallback_pa-107x56.jpg 107w\" sizes=\"auto, (max-width: 1200px) 100vw, 1200px\" \/><\/a>P\u00e5 v\u00e5ralokala sociala medier, Instagram och Facebook, f\u00f6r KD Norrk\u00f6ping kan du f\u00f6lja med oss\u2026<\/b><br \/>\nF\u00f6r att se vad vi har f\u00f6r olika KD aktiviteter och vad som h\u00e4nder i politiken p\u00e5 riksplanet eller vid den lokala niv\u00e5n i Norrk\u00f6pings kommun.<\/p>\n<p>Facebook: facebook.com\/kdnorrkoping<\/p>\n<p>Instagram: @kdnkpg<\/p>\n<p>Twitter: @kdriks, @BuschEbba<\/p>\n<p><strong>\/\/V\u00e5rt m\u00e5l \u00e4r ett samh\u00e4lle d\u00e4r friheten att forma sitt eget liv g\u00e5r hand i hand med ansvaret f\u00f6r sin medm\u00e4nniska. Vi vill bygga ett samh\u00e4lle som h\u00e5ller samman. Ingen ska h\u00e5llas tillbaka och ingen ska l\u00e4mnas efter.\/\/<\/strong><\/p>\n","protected":false},"excerpt":{"rendered":"<p>P\u00e5 v\u00e5ralokala sociala medier, Instagram och Facebook, f\u00f6r KD Norrk\u00f6ping kan du f\u00f6lja med oss\u2026 F\u00f6r att se vad vi har f\u00f6r olika KD aktiviteter och vad som h\u00e4nder i politiken p\u00e5 riksplanet eller vid den lokala niv\u00e5n i Norrk\u00f6pings kommun. Facebook: facebook.com\/kdnorrkoping Instagram: @kdnkpg Twitter: @kdriks, @BuschEbba \/\/V\u00e5rt m\u00e5l \u00e4r ett samh\u00e4lle d\u00e4r friheten <a class=\"read-more-link\" href=\"https:\/\/wp.kristdemokraterna.se\/norrkoping\/\">Read More<\/a><\/p>\n","protected":false},"author":45,"featured_media":0,"parent":0,"menu_order":1,"comment_status":"closed","ping_status":"closed","template":"index.php","meta":{"_acf_changed":false,"footnotes":""},"class_list":["post-2617","page","type-page","status-publish","hentry"],"acf":[],"yoast_head":"<!-- This site is optimized with the Yoast SEO plugin v27.3 - https:\/\/yoast.com\/product\/yoast-seo-wordpress\/ -->\n<title>Startsida - Norrk\u00f6ping<\/title>\n<meta name=\"description\" content=\"Kristdemokraterna i Norrk\u00f6ping k\u00e4mpar f\u00f6r ett b\u00e4ttre samh\u00e4lle d\u00e4r individen och familjerna har f\u00f6ruts\u00e4ttningar och valfrihet att sj\u00e4lva forma sitt liv utan att det offentliga toppstyr. Samh\u00e4llet ska ge f\u00f6ruts\u00e4ttningar men valet \u00e4r fortfarande ditt!\" \/>\n<meta name=\"robots\" content=\"index, follow, max-snippet:-1, max-image-preview:large, max-video-preview:-1\" \/>\n<link rel=\"canonical\" href=\"https:\/\/wp.kristdemokraterna.se\/norrkoping\/\" \/>\n<meta property=\"og:locale\" content=\"sv_SE\" \/>\n<meta property=\"og:type\" content=\"article\" \/>\n<meta property=\"og:title\" content=\"Startsida - Norrk\u00f6ping\" \/>\n<meta property=\"og:description\" content=\"Kristdemokraterna i Norrk\u00f6ping k\u00e4mpar f\u00f6r ett b\u00e4ttre samh\u00e4lle d\u00e4r individen och familjerna har f\u00f6ruts\u00e4ttningar och valfrihet att sj\u00e4lva forma sitt liv utan att det offentliga toppstyr. Samh\u00e4llet ska ge f\u00f6ruts\u00e4ttningar men valet \u00e4r fortfarande ditt!\" \/>\n<meta property=\"og:url\" content=\"https:\/\/wp.kristdemokraterna.se\/norrkoping\/\" \/>\n<meta property=\"og:site_name\" content=\"Norrk\u00f6ping\" \/>\n<meta property=\"article:publisher\" content=\"https:\/\/www.facebook.com\/kdnorrkoping\/\" \/>\n<meta property=\"article:modified_time\" content=\"2026-02-25T13:32:31+00:00\" \/>\n<meta property=\"og:image\" content=\"https:\/\/wp.kristdemokraterna.se\/norrkoping\/files\/2019\/09\/fallback_pa.jpg\" \/>\n\t<meta property=\"og:image:width\" content=\"1200\" \/>\n\t<meta property=\"og:image:height\" content=\"630\" \/>\n\t<meta property=\"og:image:type\" content=\"image\/jpeg\" \/>\n<meta name=\"twitter:card\" content=\"summary_large_image\" \/>\n<meta name=\"twitter:label1\" content=\"Ber\u00e4knad l\u00e4stid\" \/>\n\t<meta name=\"twitter:data1\" content=\"1 minut\" \/>\n<script type=\"application\/ld+json\" class=\"yoast-schema-graph\">{\"@context\":\"https:\\\/\\\/schema.org\",\"@graph\":[{\"@type\":\"WebPage\",\"@id\":\"https:\\\/\\\/wp.kristdemokraterna.se\\\/norrkoping\\\/\",\"url\":\"https:\\\/\\\/wp.kristdemokraterna.se\\\/norrkoping\\\/\",\"name\":\"Startsida - Norrk\u00f6ping\",\"isPartOf\":{\"@id\":\"https:\\\/\\\/wp.kristdemokraterna.se\\\/norrkoping\\\/#website\"},\"primaryImageOfPage\":{\"@id\":\"https:\\\/\\\/wp.kristdemokraterna.se\\\/norrkoping\\\/#primaryimage\"},\"image\":{\"@id\":\"https:\\\/\\\/wp.kristdemokraterna.se\\\/norrkoping\\\/#primaryimage\"},\"thumbnailUrl\":\"http:\\\/\\\/wp.kristdemokraterna.se\\\/norrkoping\\\/files\\\/2019\\\/09\\\/fallback_pa.jpg\",\"datePublished\":\"2019-02-19T11:24:50+00:00\",\"dateModified\":\"2026-02-25T13:32:31+00:00\",\"description\":\"Kristdemokraterna i Norrk\u00f6ping k\u00e4mpar f\u00f6r ett b\u00e4ttre samh\u00e4lle d\u00e4r individen och familjerna har f\u00f6ruts\u00e4ttningar och valfrihet att sj\u00e4lva forma sitt liv utan att det offentliga toppstyr. Samh\u00e4llet ska ge f\u00f6ruts\u00e4ttningar men valet \u00e4r fortfarande ditt!\",\"breadcrumb\":{\"@id\":\"https:\\\/\\\/wp.kristdemokraterna.se\\\/norrkoping\\\/#breadcrumb\"},\"inLanguage\":\"sv-SE\",\"potentialAction\":[{\"@type\":\"ReadAction\",\"target\":[\"https:\\\/\\\/wp.kristdemokraterna.se\\\/norrkoping\\\/\"]}]},{\"@type\":\"ImageObject\",\"inLanguage\":\"sv-SE\",\"@id\":\"https:\\\/\\\/wp.kristdemokraterna.se\\\/norrkoping\\\/#primaryimage\",\"url\":\"http:\\\/\\\/wp.kristdemokraterna.se\\\/norrkoping\\\/files\\\/2019\\\/09\\\/fallback_pa.jpg\",\"contentUrl\":\"http:\\\/\\\/wp.kristdemokraterna.se\\\/norrkoping\\\/files\\\/2019\\\/09\\\/fallback_pa.jpg\"},{\"@type\":\"BreadcrumbList\",\"@id\":\"https:\\\/\\\/wp.kristdemokraterna.se\\\/norrkoping\\\/#breadcrumb\",\"itemListElement\":[{\"@type\":\"ListItem\",\"position\":1,\"name\":\"Hem\",\"item\":\"https:\\\/\\\/wp.kristdemokraterna.se\\\/norrkoping\\\/\"},{\"@type\":\"ListItem\",\"position\":2,\"name\":\"Startsida\"}]},{\"@type\":\"WebSite\",\"@id\":\"https:\\\/\\\/wp.kristdemokraterna.se\\\/norrkoping\\\/#website\",\"url\":\"https:\\\/\\\/wp.kristdemokraterna.se\\\/norrkoping\\\/\",\"name\":\"Norrk\u00f6ping\",\"description\":\"Kristdemokraterna\",\"inLanguage\":\"sv-SE\"}]}<\/script>\n<!-- \/ Yoast SEO plugin. -->","yoast_head_json":{"title":"Startsida - Norrk\u00f6ping","description":"Kristdemokraterna i Norrk\u00f6ping k\u00e4mpar f\u00f6r ett b\u00e4ttre samh\u00e4lle d\u00e4r individen och familjerna har f\u00f6ruts\u00e4ttningar och valfrihet att sj\u00e4lva forma sitt liv utan att det offentliga toppstyr. Samh\u00e4llet ska ge f\u00f6ruts\u00e4ttningar men valet \u00e4r fortfarande ditt!","robots":{"index":"index","follow":"follow","max-snippet":"max-snippet:-1","max-image-preview":"max-image-preview:large","max-video-preview":"max-video-preview:-1"},"canonical":"https:\/\/wp.kristdemokraterna.se\/norrkoping\/","og_locale":"sv_SE","og_type":"article","og_title":"Startsida - Norrk\u00f6ping","og_description":"Kristdemokraterna i Norrk\u00f6ping k\u00e4mpar f\u00f6r ett b\u00e4ttre samh\u00e4lle d\u00e4r individen och familjerna har f\u00f6ruts\u00e4ttningar och valfrihet att sj\u00e4lva forma sitt liv utan att det offentliga toppstyr. Samh\u00e4llet ska ge f\u00f6ruts\u00e4ttningar men valet \u00e4r fortfarande ditt!","og_url":"https:\/\/wp.kristdemokraterna.se\/norrkoping\/","og_site_name":"Norrk\u00f6ping","article_publisher":"https:\/\/www.facebook.com\/kdnorrkoping\/","article_modified_time":"2026-02-25T13:32:31+00:00","og_image":[{"width":1200,"height":630,"url":"https:\/\/wp.kristdemokraterna.se\/norrkoping\/files\/2019\/09\/fallback_pa.jpg","type":"image\/jpeg"}],"twitter_card":"summary_large_image","twitter_misc":{"Ber\u00e4knad l\u00e4stid":"1 minut"},"schema":{"@context":"https:\/\/schema.org","@graph":[{"@type":"WebPage","@id":"https:\/\/wp.kristdemokraterna.se\/norrkoping\/","url":"https:\/\/wp.kristdemokraterna.se\/norrkoping\/","name":"Startsida - Norrk\u00f6ping","isPartOf":{"@id":"https:\/\/wp.kristdemokraterna.se\/norrkoping\/#website"},"primaryImageOfPage":{"@id":"https:\/\/wp.kristdemokraterna.se\/norrkoping\/#primaryimage"},"image":{"@id":"https:\/\/wp.kristdemokraterna.se\/norrkoping\/#primaryimage"},"thumbnailUrl":"http:\/\/wp.kristdemokraterna.se\/norrkoping\/files\/2019\/09\/fallback_pa.jpg","datePublished":"2019-02-19T11:24:50+00:00","dateModified":"2026-02-25T13:32:31+00:00","description":"Kristdemokraterna i Norrk\u00f6ping k\u00e4mpar f\u00f6r ett b\u00e4ttre samh\u00e4lle d\u00e4r individen och familjerna har f\u00f6ruts\u00e4ttningar och valfrihet att sj\u00e4lva forma sitt liv utan att det offentliga toppstyr. Samh\u00e4llet ska ge f\u00f6ruts\u00e4ttningar men valet \u00e4r fortfarande ditt!","breadcrumb":{"@id":"https:\/\/wp.kristdemokraterna.se\/norrkoping\/#breadcrumb"},"inLanguage":"sv-SE","potentialAction":[{"@type":"ReadAction","target":["https:\/\/wp.kristdemokraterna.se\/norrkoping\/"]}]},{"@type":"ImageObject","inLanguage":"sv-SE","@id":"https:\/\/wp.kristdemokraterna.se\/norrkoping\/#primaryimage","url":"http:\/\/wp.kristdemokraterna.se\/norrkoping\/files\/2019\/09\/fallback_pa.jpg","contentUrl":"http:\/\/wp.kristdemokraterna.se\/norrkoping\/files\/2019\/09\/fallback_pa.jpg"},{"@type":"BreadcrumbList","@id":"https:\/\/wp.kristdemokraterna.se\/norrkoping\/#breadcrumb","itemListElement":[{"@type":"ListItem","position":1,"name":"Hem","item":"https:\/\/wp.kristdemokraterna.se\/norrkoping\/"},{"@type":"ListItem","position":2,"name":"Startsida"}]},{"@type":"WebSite","@id":"https:\/\/wp.kristdemokraterna.se\/norrkoping\/#website","url":"https:\/\/wp.kristdemokraterna.se\/norrkoping\/","name":"Norrk\u00f6ping","description":"Kristdemokraterna","inLanguage":"sv-SE"}]}},"_links":{"self":[{"href":"https:\/\/wp.kristdemokraterna.se\/norrkoping\/wp-json\/wp\/v2\/pages\/2617","targetHints":{"allow":["GET"]}}],"collection":[{"href":"https:\/\/wp.kristdemokraterna.se\/norrkoping\/wp-json\/wp\/v2\/pages"}],"about":[{"href":"https:\/\/wp.kristdemokraterna.se\/norrkoping\/wp-json\/wp\/v2\/types\/page"}],"author":[{"embeddable":true,"href":"https:\/\/wp.kristdemokraterna.se\/norrkoping\/wp-json\/wp\/v2\/users\/45"}],"replies":[{"embeddable":true,"href":"https:\/\/wp.kristdemokraterna.se\/norrkoping\/wp-json\/wp\/v2\/comments?post=2617"}],"version-history":[{"count":82,"href":"https:\/\/wp.kristdemokraterna.se\/norrkoping\/wp-json\/wp\/v2\/pages\/2617\/revisions"}],"predecessor-version":[{"id":3051,"href":"https:\/\/wp.kristdemokraterna.se\/norrkoping\/wp-json\/wp\/v2\/pages\/2617\/revisions\/3051"}],"wp:attachment":[{"href":"https:\/\/wp.kristdemokraterna.se\/norrkoping\/wp-json\/wp\/v2\/media?parent=2617"}],"curies":[{"name":"wp","href":"https:\/\/api.w.org\/{rel}","templated":true}]}}