{"id":27,"date":"2012-09-26T14:51:19","date_gmt":"2012-09-26T12:51:19","guid":{"rendered":"http:\/\/wp.kristdemokraterna.se\/norrkoping\/?page_id=27"},"modified":"2025-04-01T11:06:05","modified_gmt":"2025-04-01T09:06:05","slug":"kontakter","status":"publish","type":"page","link":"https:\/\/wp.kristdemokraterna.se\/norrkoping\/om-oss\/kontakter\/","title":{"rendered":"Kontakt"},"content":{"rendered":"<p>Kristdemokraterna i Norrk\u00f6ping<br \/>\nKristinaplatsen 3<br \/>\n602 34 Norrk\u00f6ping<\/p>\n<p><strong>Ordf\u00f6rande<\/strong>: Claes Nilsson<\/p>\n<p>telefon: 0708-616457<\/p>\n<p>e-post:\u00a0<a href=\"mailto:claes.g.nilsson54@gmail.com\">Maila Claes<\/a><\/p>\n<p><strong>Kommunalr\u00e5d:\u00a0<\/strong>Tomas Tekmen<\/p>\n<p>e-post:\u00a0<a href=\"mailto:tomas.tekmen@kristdemokraterna.se\">Maila Tomas<\/a><\/p>\n<p><strong>1:e vice ordf\u00f6rande i kommunfullm\u00e4ktige<\/strong>: Eva-Britt Sj\u00f6berg<\/p>\n<p>e-post: <a href=\"mailto:eva-britt.sjoberg@kristdemokraterna.se\">Maila Eva-Britt<\/a><\/p>\n<p><strong>Politisk Sekreterare<\/strong>: Amanda Gecer<\/p>\n<p>e-post: <a href=\"mailto:amanda.gecer@kristdemokraterna.se\">Maila Amanda<\/a><\/p>\n<p><strong>Kass\u00f6r<\/strong> Niclas Clar\u00e9n<\/p>\n<p>e-post:\u00a0<a href=\"mailto:niclas.claren@renstrommen.se\">Maila Niclas<\/a><\/p>\n<p>Faktureringsadress:<br \/>\nKD Norrk\u00f6ping<br \/>\nKarlshovsv\u00e4gen 60<br \/>\n602 13 \u2013 Norrk\u00f6ping<\/p>\n<p>Faktura skickas med f\u00f6rdel via mail:<br \/>\nE-post: norrkoping@kristdemokraterna.se<br \/>\nBankgiro: 5610-1322.\u00a0Org-nr:\u00a0825003-7580<\/p>\n","protected":false},"excerpt":{"rendered":"<p>Kristdemokraterna i Norrk\u00f6ping Kristinaplatsen 3 602 34 Norrk\u00f6ping Ordf\u00f6rande: Claes Nilsson telefon: 0708-616457 e-post:\u00a0Maila Claes Kommunalr\u00e5d:\u00a0Tomas Tekmen e-post:\u00a0Maila Tomas 1:e vice ordf\u00f6rande i kommunfullm\u00e4ktige: Eva-Britt Sj\u00f6berg e-post: Maila Eva-Britt Politisk Sekreterare: Amanda Gecer e-post: Maila Amanda Kass\u00f6r Niclas Clar\u00e9n e-post:\u00a0Maila Niclas Faktureringsadress: KD Norrk\u00f6ping Karlshovsv\u00e4gen 60 602 13 \u2013 Norrk\u00f6ping Faktura skickas med f\u00f6rdel via <a class=\"read-more-link\" href=\"https:\/\/wp.kristdemokraterna.se\/norrkoping\/om-oss\/kontakter\/\">Read More<\/a><\/p>\n","protected":false},"author":45,"featured_media":0,"parent":93,"menu_order":5,"comment_status":"closed","ping_status":"closed","template":"","meta":{"_acf_changed":false,"footnotes":""},"class_list":["post-27","page","type-page","status-publish","hentry"],"acf":[],"yoast_head":"<!-- This site is optimized with the Yoast SEO plugin v27.4 - https:\/\/yoast.com\/product\/yoast-seo-wordpress\/ -->\n<title>Kontakt - Norrk\u00f6ping<\/title>\n<meta name=\"description\" content=\"Kontaktuppgifter Kristdemokraterna Norrk\u00f6ping\" \/>\n<meta name=\"robots\" content=\"index, follow, max-snippet:-1, max-image-preview:large, max-video-preview:-1\" \/>\n<link rel=\"canonical\" href=\"https:\/\/wp.kristdemokraterna.se\/norrkoping\/om-oss\/kontakter\/\" \/>\n<meta property=\"og:locale\" content=\"sv_SE\" \/>\n<meta property=\"og:type\" content=\"article\" \/>\n<meta property=\"og:title\" content=\"Kontakt - Norrk\u00f6ping\" \/>\n<meta property=\"og:description\" content=\"Kontaktuppgifter Kristdemokraterna Norrk\u00f6ping\" \/>\n<meta property=\"og:url\" content=\"https:\/\/wp.kristdemokraterna.se\/norrkoping\/om-oss\/kontakter\/\" \/>\n<meta property=\"og:site_name\" content=\"Norrk\u00f6ping\" \/>\n<meta property=\"article:publisher\" content=\"https:\/\/www.facebook.com\/kdnorrkoping\/\" \/>\n<meta property=\"article:modified_time\" content=\"2025-04-01T09:06:05+00:00\" \/>\n<meta name=\"twitter:card\" content=\"summary_large_image\" \/>\n<meta name=\"twitter:label1\" content=\"Ber\u00e4knad l\u00e4stid\" \/>\n\t<meta name=\"twitter:data1\" content=\"1 minut\" \/>\n<script type=\"application\/ld+json\" class=\"yoast-schema-graph\">{\"@context\":\"https:\\\/\\\/schema.org\",\"@graph\":[{\"@type\":\"WebPage\",\"@id\":\"https:\\\/\\\/wp.kristdemokraterna.se\\\/norrkoping\\\/om-oss\\\/kontakter\\\/\",\"url\":\"https:\\\/\\\/wp.kristdemokraterna.se\\\/norrkoping\\\/om-oss\\\/kontakter\\\/\",\"name\":\"Kontakt - Norrk\u00f6ping\",\"isPartOf\":{\"@id\":\"https:\\\/\\\/wp.kristdemokraterna.se\\\/norrkoping\\\/#website\"},\"datePublished\":\"2012-09-26T12:51:19+00:00\",\"dateModified\":\"2025-04-01T09:06:05+00:00\",\"description\":\"Kontaktuppgifter Kristdemokraterna Norrk\u00f6ping\",\"breadcrumb\":{\"@id\":\"https:\\\/\\\/wp.kristdemokraterna.se\\\/norrkoping\\\/om-oss\\\/kontakter\\\/#breadcrumb\"},\"inLanguage\":\"sv-SE\",\"potentialAction\":[{\"@type\":\"ReadAction\",\"target\":[\"https:\\\/\\\/wp.kristdemokraterna.se\\\/norrkoping\\\/om-oss\\\/kontakter\\\/\"]}]},{\"@type\":\"BreadcrumbList\",\"@id\":\"https:\\\/\\\/wp.kristdemokraterna.se\\\/norrkoping\\\/om-oss\\\/kontakter\\\/#breadcrumb\",\"itemListElement\":[{\"@type\":\"ListItem\",\"position\":1,\"name\":\"Hem\",\"item\":\"https:\\\/\\\/wp.kristdemokraterna.se\\\/norrkoping\\\/\"},{\"@type\":\"ListItem\",\"position\":2,\"name\":\"V\u00e5rt parti\",\"item\":\"https:\\\/\\\/wp.kristdemokraterna.se\\\/norrkoping\\\/om-oss\\\/\"},{\"@type\":\"ListItem\",\"position\":3,\"name\":\"Kontakt\"}]},{\"@type\":\"WebSite\",\"@id\":\"https:\\\/\\\/wp.kristdemokraterna.se\\\/norrkoping\\\/#website\",\"url\":\"https:\\\/\\\/wp.kristdemokraterna.se\\\/norrkoping\\\/\",\"name\":\"Norrk\u00f6ping\",\"description\":\"Kristdemokraterna\",\"inLanguage\":\"sv-SE\"}]}<\/script>\n<!-- \/ Yoast SEO plugin. -->","yoast_head_json":{"title":"Kontakt - Norrk\u00f6ping","description":"Kontaktuppgifter Kristdemokraterna Norrk\u00f6ping","robots":{"index":"index","follow":"follow","max-snippet":"max-snippet:-1","max-image-preview":"max-image-preview:large","max-video-preview":"max-video-preview:-1"},"canonical":"https:\/\/wp.kristdemokraterna.se\/norrkoping\/om-oss\/kontakter\/","og_locale":"sv_SE","og_type":"article","og_title":"Kontakt - Norrk\u00f6ping","og_description":"Kontaktuppgifter Kristdemokraterna Norrk\u00f6ping","og_url":"https:\/\/wp.kristdemokraterna.se\/norrkoping\/om-oss\/kontakter\/","og_site_name":"Norrk\u00f6ping","article_publisher":"https:\/\/www.facebook.com\/kdnorrkoping\/","article_modified_time":"2025-04-01T09:06:05+00:00","twitter_card":"summary_large_image","twitter_misc":{"Ber\u00e4knad l\u00e4stid":"1 minut"},"schema":{"@context":"https:\/\/schema.org","@graph":[{"@type":"WebPage","@id":"https:\/\/wp.kristdemokraterna.se\/norrkoping\/om-oss\/kontakter\/","url":"https:\/\/wp.kristdemokraterna.se\/norrkoping\/om-oss\/kontakter\/","name":"Kontakt - Norrk\u00f6ping","isPartOf":{"@id":"https:\/\/wp.kristdemokraterna.se\/norrkoping\/#website"},"datePublished":"2012-09-26T12:51:19+00:00","dateModified":"2025-04-01T09:06:05+00:00","description":"Kontaktuppgifter Kristdemokraterna Norrk\u00f6ping","breadcrumb":{"@id":"https:\/\/wp.kristdemokraterna.se\/norrkoping\/om-oss\/kontakter\/#breadcrumb"},"inLanguage":"sv-SE","potentialAction":[{"@type":"ReadAction","target":["https:\/\/wp.kristdemokraterna.se\/norrkoping\/om-oss\/kontakter\/"]}]},{"@type":"BreadcrumbList","@id":"https:\/\/wp.kristdemokraterna.se\/norrkoping\/om-oss\/kontakter\/#breadcrumb","itemListElement":[{"@type":"ListItem","position":1,"name":"Hem","item":"https:\/\/wp.kristdemokraterna.se\/norrkoping\/"},{"@type":"ListItem","position":2,"name":"V\u00e5rt parti","item":"https:\/\/wp.kristdemokraterna.se\/norrkoping\/om-oss\/"},{"@type":"ListItem","position":3,"name":"Kontakt"}]},{"@type":"WebSite","@id":"https:\/\/wp.kristdemokraterna.se\/norrkoping\/#website","url":"https:\/\/wp.kristdemokraterna.se\/norrkoping\/","name":"Norrk\u00f6ping","description":"Kristdemokraterna","inLanguage":"sv-SE"}]}},"_links":{"self":[{"href":"https:\/\/wp.kristdemokraterna.se\/norrkoping\/wp-json\/wp\/v2\/pages\/27","targetHints":{"allow":["GET"]}}],"collection":[{"href":"https:\/\/wp.kristdemokraterna.se\/norrkoping\/wp-json\/wp\/v2\/pages"}],"about":[{"href":"https:\/\/wp.kristdemokraterna.se\/norrkoping\/wp-json\/wp\/v2\/types\/page"}],"author":[{"embeddable":true,"href":"https:\/\/wp.kristdemokraterna.se\/norrkoping\/wp-json\/wp\/v2\/users\/45"}],"replies":[{"embeddable":true,"href":"https:\/\/wp.kristdemokraterna.se\/norrkoping\/wp-json\/wp\/v2\/comments?post=27"}],"version-history":[{"count":41,"href":"https:\/\/wp.kristdemokraterna.se\/norrkoping\/wp-json\/wp\/v2\/pages\/27\/revisions"}],"predecessor-version":[{"id":3035,"href":"https:\/\/wp.kristdemokraterna.se\/norrkoping\/wp-json\/wp\/v2\/pages\/27\/revisions\/3035"}],"up":[{"embeddable":true,"href":"https:\/\/wp.kristdemokraterna.se\/norrkoping\/wp-json\/wp\/v2\/pages\/93"}],"wp:attachment":[{"href":"https:\/\/wp.kristdemokraterna.se\/norrkoping\/wp-json\/wp\/v2\/media?parent=27"}],"curies":[{"name":"wp","href":"https:\/\/api.w.org\/{rel}","templated":true}]}}